{"id":15418,"date":"1970-01-01T00:00:00","date_gmt":"1970-01-01T00:00:00","guid":{"rendered":"https:\/\/elfsight.com\/es\/?page_id=15418"},"modified":"2025-02-06T15:29:02","modified_gmt":"2025-02-06T15:29:02","slug":"opencart","status":"publish","type":"page","link":"https:\/\/elfsight.com\/es\/store-locator-widget\/opencart\/","title":{"rendered":"Store Locator &#8211; OpenCart"},"content":{"rendered":"<div class=\"application-platform-content-item-description application-platform-content-item\" id=\"description\" data-nav-section=\"description\"> <h2>Incorpore el localizador de tiendas en OpenCart con una extensi\u00f3n de Elfsight<\/h2> <p>El localizador de tiendas de Elfsight para OpenCart es un widget din\u00e1mico y flexible creado para mejorar la conveniencia de su sitio web y la participaci\u00f3n del cliente al hacer que sea m\u00e1s f\u00e1cil que nunca para sus clientes visitar sus tiendas. Con un conjunto de excelentes funciones introducidas para brindar utilidad y rendimiento, este widget es su mejor soluci\u00f3n para demostrar las ubicaciones de sus tiendas f\u00edsicas de una manera interactiva y conveniente. \u00a1Pru\u00e9belo ahora y vea c\u00f3mo convierte su sitio web en un poderoso buscador de tiendas!<\/p> <p>Al incorporar el widget, aumentar\u00e1 su confiabilidad entre los visitantes al compartir informaci\u00f3n detallada sobre las ubicaciones f\u00edsicas de su negocio, asegurando a todos su presencia establecida. Esto puede resultar en una mejor toma de decisiones y una mejor experiencia de compra entre los clientes. <\/p><p><b>Instale el incre\u00edble buscador de tiendas para demostrar su ubicaci\u00f3n y datos operativos importantes. Muestre su direcci\u00f3n actual y la informaci\u00f3n requerida para recibir clientes adicionales en la tienda. <\/b><\/p><\/div> <div class=\"application-platform-content-item-features application-platform-content-item\" id=\"features\" data-nav-section=\"features\"> <h2>Aqu\u00ed est\u00e1 la lista de las mejores caracter\u00edsticas:<\/h2> <ul><li>Elecci\u00f3n clara de direcci\u00f3n<\/li><li>Opciones de mapa interactivo<\/li><li>Botones de CTA de ubicaci\u00f3n que admiten integraciones <\/li><li>Ventana emergente de ubicaci\u00f3n sencilla al hacer clic en el marcador<\/li><li>Horario comercial de ubicaci\u00f3n y horario de atenci\u00f3n estado de actividad<\/li><\/ul><p><a href=\"#demo\">Puedes explorar la funcionalidad completa del widget en la demostraci\u00f3n aqu\u00ed mismo<\/a><\/p><\/div> <div class=\"application-platform-content-item-installation application-platform-content-item\" id=\"installation\" data-nav-section=\"installation\"> <h2>\u00bfC\u00f3mo incrustar Store Locator en mis p\u00e1ginas OpenCart?<\/h2> <p>Simplemente sigue las siguientes pautas para incrustar el widget. <\/p> <ol><li><b>Abre nuestro editor gratuito y comienza a darle forma a tu instrumento personalizado. <\/b><br>Elija la forma seleccionada y las especificaciones del widget y guarde las modificaciones. <\/li> <li><b>Reciba el c\u00f3digo individual revelado en la ventana de Elfsight Apps. <\/b><br> Cuando se complete el establecimiento de su herramienta, copie el c\u00f3digo personal en la ventana emergente que aparece y gu\u00e1rdelo para futuras necesidades. <\/li> <li><b>Inicie la aplicaci\u00f3n del complemento en su sitio OpenCart. <\/b><br>Coloque el c\u00f3digo copiado anteriormente en su sitio web y guarde las ediciones. <\/li> <li><b>\u00a1Listo! La integraci\u00f3n se logra con \u00e9xito. <\/b><br> Visite su p\u00e1gina para examinar c\u00f3mo funciona la herramienta. <\/li><\/ol> <p>A condici\u00f3n de afrontar consultas o enfrentar cualquier obst\u00e1culo, no tema comunicarse con nuestro equipo de soporte. Nuestros especialistas estar\u00e1n encantados de ayudarte con todas las dudas que puedas tener sobre la herramienta. <\/p> <\/div>","protected":false},"excerpt":{"rendered":"","protected":false},"author":9,"featured_media":0,"parent":17029,"menu_order":0,"comment_status":"closed","ping_status":"closed","template":"templates\/template-application-platform.php","meta":{"publish_to_discourse":"","publish_post_category":"","wpdc_auto_publish_overridden":"","wpdc_topic_tags":"","wpdc_pin_topic":"","wpdc_pin_until":"","discourse_post_id":"","discourse_permalink":"","wpdc_publishing_response":"","wpdc_publishing_error":"","footnotes":""},"class_list":["post-15418","page","type-page","status-publish","hentry"],"yoast_head":"<!-- This site is optimized with the Yoast SEO plugin v25.3.1 - https:\/\/yoast.com\/wordpress\/plugins\/seo\/ -->\n<title>Agregar localizador de tiendas a Opencart - Ubicaci\u00f3n comercial de exhibici\u00f3n<\/title>\n<meta name=\"description\" content=\"Incorpore el Localizador de tiendas en sus p\u00e1ginas OpenCart para mejorar la experiencia de compra. Pruebe una pr\u00e1ctica demostraci\u00f3n de Elfsight para crear el potente widget.\" \/>\n<meta name=\"robots\" content=\"index, follow, max-snippet:-1, max-image-preview:large, max-video-preview:-1\" \/>\n<link rel=\"canonical\" href=\"https:\/\/elfsight.com\/es\/store-locator-widget\/opencart\/\" \/>\n<meta property=\"og:locale\" content=\"es_ES\" \/>\n<meta property=\"og:type\" content=\"article\" \/>\n<meta property=\"og:title\" content=\"Agregar localizador de tiendas a Opencart - Ubicaci\u00f3n comercial de exhibici\u00f3n\" \/>\n<meta property=\"og:description\" content=\"Incorpore el Localizador de tiendas en sus p\u00e1ginas OpenCart para mejorar la experiencia de compra. Pruebe una pr\u00e1ctica demostraci\u00f3n de Elfsight para crear el potente widget.\" \/>\n<meta property=\"og:url\" content=\"https:\/\/elfsight.com\/es\/store-locator-widget\/opencart\/\" \/>\n<meta property=\"og:site_name\" content=\"Elfsight ES\" \/>\n<meta property=\"article:modified_time\" content=\"2025-02-06T15:29:02+00:00\" \/>\n<meta name=\"twitter:card\" content=\"summary_large_image\" \/>\n<meta name=\"twitter:label1\" content=\"Tiempo de lectura\" \/>\n\t<meta name=\"twitter:data1\" content=\"2 minutos\" \/>\n<!-- \/ Yoast SEO plugin. -->","yoast_head_json":{"title":"Agregar localizador de tiendas a Opencart - Ubicaci\u00f3n comercial de exhibici\u00f3n","description":"Incorpore el Localizador de tiendas en sus p\u00e1ginas OpenCart para mejorar la experiencia de compra. Pruebe una pr\u00e1ctica demostraci\u00f3n de Elfsight para crear el potente widget.","robots":{"index":"index","follow":"follow","max-snippet":"max-snippet:-1","max-image-preview":"max-image-preview:large","max-video-preview":"max-video-preview:-1"},"canonical":"https:\/\/elfsight.com\/es\/store-locator-widget\/opencart\/","og_locale":"es_ES","og_type":"article","og_title":"Agregar localizador de tiendas a Opencart - Ubicaci\u00f3n comercial de exhibici\u00f3n","og_description":"Incorpore el Localizador de tiendas en sus p\u00e1ginas OpenCart para mejorar la experiencia de compra. Pruebe una pr\u00e1ctica demostraci\u00f3n de Elfsight para crear el potente widget.","og_url":"https:\/\/elfsight.com\/es\/store-locator-widget\/opencart\/","og_site_name":"Elfsight ES","article_modified_time":"2025-02-06T15:29:02+00:00","twitter_card":"summary_large_image","twitter_misc":{"Tiempo de lectura":"2 minutos"},"schema":{"@context":"https:\/\/schema.org","@graph":[{"@type":"WebPage","@id":"https:\/\/elfsight.com\/es\/store-locator-widget\/opencart\/","url":"https:\/\/elfsight.com\/es\/store-locator-widget\/opencart\/","name":"Agregar localizador de tiendas a Opencart - Ubicaci\u00f3n comercial de exhibici\u00f3n","isPartOf":{"@id":"https:\/\/elfsight.com\/es\/#website"},"datePublished":"1970-01-01T00:00:00+00:00","dateModified":"2025-02-06T15:29:02+00:00","description":"Incorpore el Localizador de tiendas en sus p\u00e1ginas OpenCart para mejorar la experiencia de compra. Pruebe una pr\u00e1ctica demostraci\u00f3n de Elfsight para crear el potente widget.","breadcrumb":{"@id":"https:\/\/elfsight.com\/es\/store-locator-widget\/opencart\/#breadcrumb"},"inLanguage":"es","potentialAction":[{"@type":"ReadAction","target":["https:\/\/elfsight.com\/es\/store-locator-widget\/opencart\/"]}]},{"@type":"BreadcrumbList","@id":"https:\/\/elfsight.com\/es\/store-locator-widget\/opencart\/#breadcrumb","itemListElement":[{"@type":"ListItem","position":1,"name":"Home","item":"https:\/\/elfsight.com\/es\/"},{"@type":"ListItem","position":2,"name":"Store Locator","item":"https:\/\/elfsight.com\/es\/store-locator-widget\/"},{"@type":"ListItem","position":3,"name":"Store Locator &#8211; OpenCart"}]},{"@type":"WebSite","@id":"https:\/\/elfsight.com\/es\/#website","url":"https:\/\/elfsight.com\/es\/","name":"Elfsight ES","description":"Just another Elfsight Sites site","potentialAction":[{"@type":"SearchAction","target":{"@type":"EntryPoint","urlTemplate":"https:\/\/elfsight.com\/es\/?s={search_term_string}"},"query-input":{"@type":"PropertyValueSpecification","valueRequired":true,"valueName":"search_term_string"}}],"inLanguage":"es"}]}},"meta_box":{"industry":"","seo_heading":"","heading":"","description":"","cta_heading":"","cta_description":"","application":"5118","h1":"Extensi\u00f3n del localizador de tiendas OpenCart","h1_caption":"Aumente la credibilidad y reciba m\u00e1s clientes f\u00edsicos","application_category":[],"applications_title":"","applications_request_title":"","applications_request_button_text":"","hero_text":"","hero_video":"","hero_video_schema_markup":"","selling_points_title":"","selling_points_caption":"","selling_points":[],"selling_points_cta_text":"","features_title":"","features":"","ed_cta_examples_text":"","ed_cta_examples_hidden":"","ed_cta_demo_text":"","ed_cta_demo_hidden":"","why_caption":"","why_editor_title":"","why_editor_text":"","why_team_title":"","why_team_text":"","why_service_title":"","why_service_text":"","template_catalog_visible":"","template_catalog_title":"","template_catalog_text":"","template_catalog_categories_visible":"","demo_title":"Crea tu extensi\u00f3n de localizador de tiendas","demo_caption":"\u00a1Configure su localizador de tiendas y agr\u00e9guelo a su sitio web OpenCart gratis!","default_faq_hidden":"","app_template_category":[],"platform":"88","template_public_id":"","codecanyon_url":"","codecanyon_item_id":"","codecanyon_price":"","pricing_caption":"","pricing_elfsight_apps_hide_column":"","pricing_elfsight_apps_url":"","pricing_codecanyon_price_caption":"","integration_category":[],"integration_request_title":"","integration_request_cta":"","integration_platform":"","integrations":[],"platform_category":[],"video_schema_markup":"","price":"desde $0 \/ mes","trial":"","benefits":[{"text":"Ayuda de instalaci\u00f3n gratuita"},{"text":"Servicio al cliente profesional"},{"text":"Garant\u00eda de devoluci\u00f3n de dinero de 14 d\u00edas"},{"text":"Actualizaciones de por vida"}],"button_url":"#demo","button_target_blank":"","button_nofollow":"","attributes":[{"name":"Instalaciones","content":"10,000 - 100,000"},{"name":"Sensible","content":"S\u00ed"},{"name":"Navegadores compatibles","content":"Firefox, Safari, Opera, Chrome, Edge"}],"tags":[],"tags_disable_links":"","hide_more_platforms":"","video_object":"","demo_hide_cta":"","demo_hide_cloud_options":"","pricing_title":"","pricing":[{"pricing_icon":"platform","pricing_title":"Elfsight Apps","pricing_title_caption":"Software multiplataforma","pricing_price":"desde $0 \/ mes","pricing_price_caption":"comienza con un plan gratuito","pricing_benefits":[{"text":"desde $0 \/ mes"},{"text":"Soporte 24 horas al d\u00eda, 7 d\u00edas a la semana, puntual y bien documentado."},{"text":"Servicio de instalaci\u00f3n gratuito"},{"text":"Totalmente personalizable"}],"pricing_button_text":"A\u00f1adir al sitio web","pricing_button_url":"#demo"}],"related_apps_title":"","related_apps_hidden":"","author":"","image":[],"title":"","job":"","social_networks":[]},"_links":{"self":[{"href":"https:\/\/elfsight.com\/es\/wp-json\/wp\/v2\/pages\/15418","targetHints":{"allow":["GET"]}}],"collection":[{"href":"https:\/\/elfsight.com\/es\/wp-json\/wp\/v2\/pages"}],"about":[{"href":"https:\/\/elfsight.com\/es\/wp-json\/wp\/v2\/types\/page"}],"author":[{"embeddable":true,"href":"https:\/\/elfsight.com\/es\/wp-json\/wp\/v2\/users\/9"}],"replies":[{"embeddable":true,"href":"https:\/\/elfsight.com\/es\/wp-json\/wp\/v2\/comments?post=15418"}],"version-history":[{"count":3,"href":"https:\/\/elfsight.com\/es\/wp-json\/wp\/v2\/pages\/15418\/revisions"}],"predecessor-version":[{"id":18359,"href":"https:\/\/elfsight.com\/es\/wp-json\/wp\/v2\/pages\/15418\/revisions\/18359"}],"up":[{"embeddable":true,"href":"https:\/\/elfsight.com\/es\/wp-json\/wp\/v2\/pages\/17029"}],"wp:attachment":[{"href":"https:\/\/elfsight.com\/es\/wp-json\/wp\/v2\/media?parent=15418"}],"curies":[{"name":"wp","href":"https:\/\/api.w.org\/{rel}","templated":true}]}}