{"id":15416,"date":"2024-05-03T06:49:10","date_gmt":"2024-05-03T06:49:10","guid":{"rendered":"https:\/\/elfsight.com\/es\/?page_id=15416"},"modified":"2025-02-06T14:59:09","modified_gmt":"2025-02-06T14:59:09","slug":"magento","status":"publish","type":"page","link":"https:\/\/elfsight.com\/es\/store-locator-widget\/magento\/","title":{"rendered":"Store Locator &#8211; Magento"},"content":{"rendered":"<div class=\"application-platform-content-item-description application-platform-content-item\" id=\"description\" data-nav-section=\"description\"><h2>Incorporar Localizador de Tiendas en Magento con la extensi\u00f3n de Elfsight<\/h2> <p>El Localizador de Tiendas Elfsight para Magento es un widget poderoso y ajustable dise\u00f1ado para mejorar la comodidad de tu sitio web y la satisfacci\u00f3n del cliente, facilitando que tus clientes encuentren la direcci\u00f3n de tu negocio. Con una serie de caracter\u00edsticas excelentes para utilidad y rendimiento, este widget es tu mejor soluci\u00f3n para mostrar las ubicaciones de tus tiendas f\u00edsicas de manera comprensible y f\u00e1cil de usar. \u00a1A\u00f1\u00e1delo ahora y ver\u00e1s c\u00f3mo transforma tu sitio web en un localizador de tiendas orientado al usuario!<\/p> <p>Al usar este widget, aumentar\u00e1s tu credibilidad entre los clientes, proporcionando informaci\u00f3n detallada sobre las ubicaciones f\u00edsicas de tu negocio, asegurando a todos tu presencia real. Esto resultar\u00e1 en una toma de decisiones m\u00e1s r\u00e1pida y una experiencia de compra s\u00f3lida para los clientes.<\/p><p><b>Incorpora el extraordinario localizador de tiendas para mostrar tu ubicaci\u00f3n y datos operativos \u00fatiles. Muestra tu direcci\u00f3n f\u00edsica e informaci\u00f3n relevante para atraer nuevos clientes en la tienda.<\/b><\/p> <\/div> <div class=\"application-platform-content-item-features application-platform-content-item\" id=\"features\" data-nav-section=\"features\"> <h2>Aqu\u00ed tienes la lista de las caracter\u00edsticas m\u00e1s importantes:<\/h2> <ul><li>Indicaci\u00f3n clara de la ubicaci\u00f3n<\/li><li>Opciones interactivas de mapa<\/li><li>Botones de acci\u00f3n de ubicaci\u00f3n con integraciones<\/li><li>Tarjeta de ubicaci\u00f3n sencilla al hacer clic en el marcador<\/li><li>Horario de atenci\u00f3n y estado actual de la ubicaci\u00f3n<\/li><\/ul><p><a href=\"#demo\">Puedes probar todas las capacidades del widget en la demostraci\u00f3n de esta p\u00e1gina<\/a><\/p><\/div> <div class=\"application-platform-content-item-installation application-platform-content-item\" id=\"installation\" data-nav-section=\"installation\"> <h2>\u00bfC\u00f3mo incorporar el Localizador de Tiendas en mi sitio Magento?<\/h2> <p>Sigue las siguientes instrucciones para empezar a usar el plugin.<\/p> <ol><li><b>Administra nuestro editor gratuito y comienza a crear tu widget personalizado.<\/b><br> Determina el dise\u00f1o y las caracter\u00edsticas preferidas del plugin y aplica las modificaciones.<\/li>  <li><b>Obt\u00e9n el c\u00f3digo personal que aparece en la ventana de Elfsight Apps.<\/b><br> Tan pronto como completes la personalizaci\u00f3n de tu herramienta, copia el c\u00f3digo personal del popup que aparece y gu\u00e1rdalo para futuras necesidades.<\/li>  <li><b>Comienza a utilizar la herramienta en tu p\u00e1gina de Magento.<\/b><br> Implementa el c\u00f3digo que copiaste recientemente en tu p\u00e1gina y guarda los cambios.<\/li>  <li><b>\u00a1Listo! La integraci\u00f3n se ha realizado correctamente.<\/b><br> Visita tu p\u00e1gina para ver c\u00f3mo funciona el plugin.<\/li><\/ol> <p>Si tienes preguntas o encuentras dificultades, no dudes en contactar a nuestro equipo de atenci\u00f3n al cliente. Nuestros consultores estar\u00e1n encantados de ayudarte con cualquier problema que puedas tener con el plugin.<\/p> <\/div>","protected":false},"excerpt":{"rendered":"","protected":false},"author":9,"featured_media":0,"parent":17029,"menu_order":0,"comment_status":"closed","ping_status":"closed","template":"templates\/template-application-platform.php","meta":{"publish_to_discourse":"","publish_post_category":"","wpdc_auto_publish_overridden":"","wpdc_topic_tags":"","wpdc_pin_topic":"","wpdc_pin_until":"","discourse_post_id":"","discourse_permalink":"","wpdc_publishing_response":"","wpdc_publishing_error":"","footnotes":""},"class_list":["post-15416","page","type-page","status-publish","hentry"],"yoast_head":"<!-- This site is optimized with the Yoast SEO plugin v25.3.1 - https:\/\/yoast.com\/wordpress\/plugins\/seo\/ -->\n<title>Insertar localizador de tiendas para Magento: agregue un pr\u00e1ctico buscador de tiendas<\/title>\n<meta name=\"description\" content=\"Agregue el localizador de tiendas a las p\u00e1ginas de Magento para mejorar la credibilidad. Utilice la pr\u00e1ctica demostraci\u00f3n de Elfsight para crear un atractivo widget en tan solo unos minutos.\" \/>\n<meta name=\"robots\" content=\"index, follow, max-snippet:-1, max-image-preview:large, max-video-preview:-1\" \/>\n<link rel=\"canonical\" href=\"https:\/\/elfsight.com\/es\/store-locator-widget\/magento\/\" \/>\n<meta property=\"og:locale\" content=\"es_ES\" \/>\n<meta property=\"og:type\" content=\"article\" \/>\n<meta property=\"og:title\" content=\"Insertar localizador de tiendas para Magento: agregue un pr\u00e1ctico buscador de tiendas\" \/>\n<meta property=\"og:description\" content=\"Agregue el localizador de tiendas a las p\u00e1ginas de Magento para mejorar la credibilidad. Utilice la pr\u00e1ctica demostraci\u00f3n de Elfsight para crear un atractivo widget en tan solo unos minutos.\" \/>\n<meta property=\"og:url\" content=\"https:\/\/elfsight.com\/es\/store-locator-widget\/magento\/\" \/>\n<meta property=\"og:site_name\" content=\"Elfsight ES\" \/>\n<meta property=\"article:modified_time\" content=\"2025-02-06T14:59:09+00:00\" \/>\n<meta name=\"twitter:card\" content=\"summary_large_image\" \/>\n<meta name=\"twitter:label1\" content=\"Tiempo de lectura\" \/>\n\t<meta name=\"twitter:data1\" content=\"2 minutos\" \/>\n<!-- \/ Yoast SEO plugin. -->","yoast_head_json":{"title":"Insertar localizador de tiendas para Magento: agregue un pr\u00e1ctico buscador de tiendas","description":"Agregue el localizador de tiendas a las p\u00e1ginas de Magento para mejorar la credibilidad. Utilice la pr\u00e1ctica demostraci\u00f3n de Elfsight para crear un atractivo widget en tan solo unos minutos.","robots":{"index":"index","follow":"follow","max-snippet":"max-snippet:-1","max-image-preview":"max-image-preview:large","max-video-preview":"max-video-preview:-1"},"canonical":"https:\/\/elfsight.com\/es\/store-locator-widget\/magento\/","og_locale":"es_ES","og_type":"article","og_title":"Insertar localizador de tiendas para Magento: agregue un pr\u00e1ctico buscador de tiendas","og_description":"Agregue el localizador de tiendas a las p\u00e1ginas de Magento para mejorar la credibilidad. Utilice la pr\u00e1ctica demostraci\u00f3n de Elfsight para crear un atractivo widget en tan solo unos minutos.","og_url":"https:\/\/elfsight.com\/es\/store-locator-widget\/magento\/","og_site_name":"Elfsight ES","article_modified_time":"2025-02-06T14:59:09+00:00","twitter_card":"summary_large_image","twitter_misc":{"Tiempo de lectura":"2 minutos"},"schema":{"@context":"https:\/\/schema.org","@graph":[{"@type":"WebPage","@id":"https:\/\/elfsight.com\/es\/store-locator-widget\/magento\/","url":"https:\/\/elfsight.com\/es\/store-locator-widget\/magento\/","name":"Insertar localizador de tiendas para Magento: agregue un pr\u00e1ctico buscador de tiendas","isPartOf":{"@id":"https:\/\/elfsight.com\/es\/#website"},"datePublished":"2024-05-03T06:49:10+00:00","dateModified":"2025-02-06T14:59:09+00:00","description":"Agregue el localizador de tiendas a las p\u00e1ginas de Magento para mejorar la credibilidad. Utilice la pr\u00e1ctica demostraci\u00f3n de Elfsight para crear un atractivo widget en tan solo unos minutos.","breadcrumb":{"@id":"https:\/\/elfsight.com\/es\/store-locator-widget\/magento\/#breadcrumb"},"inLanguage":"es","potentialAction":[{"@type":"ReadAction","target":["https:\/\/elfsight.com\/es\/store-locator-widget\/magento\/"]}]},{"@type":"BreadcrumbList","@id":"https:\/\/elfsight.com\/es\/store-locator-widget\/magento\/#breadcrumb","itemListElement":[{"@type":"ListItem","position":1,"name":"Home","item":"https:\/\/elfsight.com\/es\/"},{"@type":"ListItem","position":2,"name":"Store Locator","item":"https:\/\/elfsight.com\/es\/store-locator-widget\/"},{"@type":"ListItem","position":3,"name":"Store Locator &#8211; Magento"}]},{"@type":"WebSite","@id":"https:\/\/elfsight.com\/es\/#website","url":"https:\/\/elfsight.com\/es\/","name":"Elfsight ES","description":"Just another Elfsight Sites site","potentialAction":[{"@type":"SearchAction","target":{"@type":"EntryPoint","urlTemplate":"https:\/\/elfsight.com\/es\/?s={search_term_string}"},"query-input":{"@type":"PropertyValueSpecification","valueRequired":true,"valueName":"search_term_string"}}],"inLanguage":"es"}]}},"meta_box":{"industry":"","seo_heading":"","heading":"","description":"","cta_heading":"","cta_description":"","application":"5118","h1":"Extensi\u00f3n del localizador de tiendas Magento","h1_caption":"Mejore la credibilidad e inspire a m\u00e1s clientes f\u00edsicos","application_category":[],"applications_title":"","applications_request_title":"","applications_request_button_text":"","hero_text":"","hero_video":"","hero_video_schema_markup":"","selling_points_title":"","selling_points_caption":"","selling_points":[],"selling_points_cta_text":"","features_title":"","features":"","ed_cta_examples_text":"","ed_cta_examples_hidden":"","ed_cta_demo_text":"","ed_cta_demo_hidden":"","why_caption":"","why_editor_title":"","why_editor_text":"","why_team_title":"","why_team_text":"","why_service_title":"","why_service_text":"","template_catalog_visible":"","template_catalog_title":"","template_catalog_text":"","template_catalog_categories_visible":"","demo_title":"Crea tu extensi\u00f3n de localizador de tiendas","demo_caption":"\u00a1Configure su localizador de tiendas y agr\u00e9guelo a su sitio web Magento gratis!","default_faq_hidden":"","app_template_category":[],"platform":"82","template_public_id":"","codecanyon_url":"","codecanyon_item_id":"","codecanyon_price":"","pricing_caption":"","pricing_elfsight_apps_hide_column":"","pricing_elfsight_apps_url":"","pricing_codecanyon_price_caption":"","integration_category":[],"integration_request_title":"","integration_request_cta":"","integration_platform":"","integrations":[],"platform_category":[],"video_schema_markup":"","price":"desde $0 \/ mes","trial":"","benefits":[{"text":"Ayuda de instalaci\u00f3n gratuita"},{"text":"Soporte premium"},{"text":"Garant\u00eda de devoluci\u00f3n de dinero de 14 d\u00edas"},{"text":"Futuras actualizaciones gratuitas"}],"button_url":"#demo","button_target_blank":"","button_nofollow":"","attributes":[{"name":"Instalaciones","content":"10,000 - 100,000"},{"name":"Sensible","content":"S\u00ed"},{"name":"Navegadores compatibles","content":"Firefox, Safari, Opera, Chrome, Edge"}],"tags":[],"tags_disable_links":"","hide_more_platforms":"","video_object":"","demo_hide_cta":"","demo_hide_cloud_options":"","pricing_title":"","pricing":[{"pricing_icon":"platform","pricing_title":"Elfsight Apps","pricing_title_caption":"Soluci\u00f3n independiente de la plataforma","pricing_price":"desde $0 \/ mes","pricing_price_caption":"comienza con un plan gratuito","pricing_benefits":[{"text":"Dominios ilimitados"},{"text":"Atenci\u00f3n al cliente gratuita"},{"text":"Soporte de instalaci\u00f3n gratuito"},{"text":"100% personalizable"}],"pricing_button_text":"A\u00f1adir al sitio web","pricing_button_url":"#demo"}],"related_apps_title":"","related_apps_hidden":"","author":"","image":[],"title":"","job":"","social_networks":[]},"_links":{"self":[{"href":"https:\/\/elfsight.com\/es\/wp-json\/wp\/v2\/pages\/15416","targetHints":{"allow":["GET"]}}],"collection":[{"href":"https:\/\/elfsight.com\/es\/wp-json\/wp\/v2\/pages"}],"about":[{"href":"https:\/\/elfsight.com\/es\/wp-json\/wp\/v2\/types\/page"}],"author":[{"embeddable":true,"href":"https:\/\/elfsight.com\/es\/wp-json\/wp\/v2\/users\/9"}],"replies":[{"embeddable":true,"href":"https:\/\/elfsight.com\/es\/wp-json\/wp\/v2\/comments?post=15416"}],"version-history":[{"count":3,"href":"https:\/\/elfsight.com\/es\/wp-json\/wp\/v2\/pages\/15416\/revisions"}],"predecessor-version":[{"id":17737,"href":"https:\/\/elfsight.com\/es\/wp-json\/wp\/v2\/pages\/15416\/revisions\/17737"}],"up":[{"embeddable":true,"href":"https:\/\/elfsight.com\/es\/wp-json\/wp\/v2\/pages\/17029"}],"wp:attachment":[{"href":"https:\/\/elfsight.com\/es\/wp-json\/wp\/v2\/media?parent=15416"}],"curies":[{"name":"wp","href":"https:\/\/api.w.org\/{rel}","templated":true}]}}