{"id":15415,"date":"1970-01-01T00:00:00","date_gmt":"1970-01-01T00:00:00","guid":{"rendered":"https:\/\/elfsight.com\/es\/?page_id=15415"},"modified":"2025-02-06T15:29:11","modified_gmt":"2025-02-06T15:29:11","slug":"jquery","status":"publish","type":"page","link":"https:\/\/elfsight.com\/es\/store-locator-widget\/jquery\/","title":{"rendered":"Store Locator &#8211; jQuery"},"content":{"rendered":"<div class=\"application-platform-content-item-description application-platform-content-item\" id=\"description\" data-nav-section=\"description\"> <h2>Incorpore el localizador de tiendas en jQuery con un complemento de Elfsight<\/h2> <p>El localizador de tiendas de Elfsight para jQuery es un widget potente y personalizable dise\u00f1ado para mejorar la usabilidad de su sitio web y la participaci\u00f3n del cliente, haciendo que sea m\u00e1s f\u00e1cil que nunca para sus clientes visitar sus tiendas. Con una gama de excelentes funciones inventadas para brindar eficiencia y rendimiento, este widget es su mejor soluci\u00f3n para mostrar las ubicaciones de sus tiendas f\u00edsicas de una manera clara y f\u00e1cil de usar. \u00a1Compru\u00e9belo ahora y observe c\u00f3mo convierte su sitio web en un maravilloso buscador de tiendas!<\/p> <p>Al incorporar el widget, mejorar\u00e1 su credibilidad entre los clientes al compartir informaci\u00f3n detallada sobre las ubicaciones f\u00edsicas de su negocio, asegurando a todos su s\u00f3lida presencia. Esto podr\u00eda resultar en una mejor toma de decisiones y una mejor experiencia de compra entre los clientes. <\/p><p><b>Integre el brillante buscador de tiendas para compartir su ubicaci\u00f3n y datos operativos \u00fatiles. Resalte su direcci\u00f3n actual e informaci\u00f3n \u00fatil para recibir m\u00e1s visitantes en la tienda. <\/b><\/p><\/div> <div class=\"application-platform-content-item-features application-platform-content-item\" id=\"features\" data-nav-section=\"features\"> <h2>Estas son solo algunas de las potentes funciones del widget:<\/h2> <ul><li>Selecci\u00f3n din\u00e1mica de ubicaci\u00f3n<\/li><li>Funciones de mapas orientadas al usuario<\/li><li>Botones de acci\u00f3n de ubicaci\u00f3n que admiten integraciones <\/li><li>Tarjeta de ubicaci\u00f3n detallada al seleccionar el marcador<\/li><li>Horario de trabajo de ubicaci\u00f3n &amp; estado de actividad<\/li><\/ul><p><a href=\"#demo\">Pruebe todas las opciones de personalizaci\u00f3n en una demostraci\u00f3n con todas las funciones<\/a><\/p> <\/div> <div class=\"application-platform-content-item-installation application-platform-content-item\" id=\"installation\" data-nav-section=\"installation\"> <h2>\u00bfC\u00f3mo integrar Store Locator en mi sitio jQuery?<\/h2> <p>Simplemente aplique las instrucciones a continuaci\u00f3n para insertar el widget. <\/p> <ol><li><b>Abre nuestro editor gratuito y comienza a darle forma a tu complemento \u00fanico. <\/b><br> Especifique el dise\u00f1o y la funcionalidad deseados de la herramienta y guarde las modificaciones. <\/li> <li><b>Copia el c\u00f3digo personal que aparece en la ventana de Elfsight Apps. <\/b><br> Cuando finalice la personalizaci\u00f3n de su widget, copie el c\u00f3digo exclusivo del cuadro que aparece y gu\u00e1rdelo para ocasiones posteriores. <\/li> <li><b>Comience a usar el widget en su p\u00e1gina de inicio de jQuery. <\/b><br>Incrusta el c\u00f3digo que has guardado antes en tu p\u00e1gina y aplica las modificaciones. <\/li> <li><b>La instalaci\u00f3n ha finalizado por completo. <\/b><br> Vaya a su sitio para ver c\u00f3mo funciona el widget. <\/li><\/ol> <p>En caso de enfrentar preguntas o enfrentar algunas dificultades, no dude en solicitar nuestro equipo de soporte. Nuestra gente est\u00e1 ansiosa por ayudarte con todas las dificultades que puedas tener con el producto. <\/p><\/div>","protected":false},"excerpt":{"rendered":"","protected":false},"author":9,"featured_media":0,"parent":17029,"menu_order":0,"comment_status":"closed","ping_status":"closed","template":"templates\/template-application-platform.php","meta":{"publish_to_discourse":"","publish_post_category":"","wpdc_auto_publish_overridden":"","wpdc_topic_tags":"","wpdc_pin_topic":"","wpdc_pin_until":"","discourse_post_id":"","discourse_permalink":"","wpdc_publishing_response":"","wpdc_publishing_error":"","footnotes":""},"class_list":["post-15415","page","type-page","status-publish","hentry"],"yoast_head":"<!-- This site is optimized with the Yoast SEO plugin v25.3.1 - https:\/\/yoast.com\/wordpress\/plugins\/seo\/ -->\n<title>Insertar localizador de tiendas para jQuery: agregue ubicaciones de tiendas con claridad<\/title>\n<meta name=\"description\" content=\"Agregue un localizador de tiendas f\u00e1cil de usar al sitio web jQuery para lograr la satisfacci\u00f3n del cliente. Pruebe la demostraci\u00f3n clara de Elfsight para generar un potente widget.\" \/>\n<meta name=\"robots\" content=\"index, follow, max-snippet:-1, max-image-preview:large, max-video-preview:-1\" \/>\n<link rel=\"canonical\" href=\"https:\/\/elfsight.com\/es\/store-locator-widget\/jquery\/\" \/>\n<meta property=\"og:locale\" content=\"es_ES\" \/>\n<meta property=\"og:type\" content=\"article\" \/>\n<meta property=\"og:title\" content=\"Insertar localizador de tiendas para jQuery: agregue ubicaciones de tiendas con claridad\" \/>\n<meta property=\"og:description\" content=\"Agregue un localizador de tiendas f\u00e1cil de usar al sitio web jQuery para lograr la satisfacci\u00f3n del cliente. Pruebe la demostraci\u00f3n clara de Elfsight para generar un potente widget.\" \/>\n<meta property=\"og:url\" content=\"https:\/\/elfsight.com\/es\/store-locator-widget\/jquery\/\" \/>\n<meta property=\"og:site_name\" content=\"Elfsight ES\" \/>\n<meta property=\"article:modified_time\" content=\"2025-02-06T15:29:11+00:00\" \/>\n<meta name=\"twitter:card\" content=\"summary_large_image\" \/>\n<meta name=\"twitter:label1\" content=\"Tiempo de lectura\" \/>\n\t<meta name=\"twitter:data1\" content=\"2 minutos\" \/>\n<!-- \/ Yoast SEO plugin. -->","yoast_head_json":{"title":"Insertar localizador de tiendas para jQuery: agregue ubicaciones de tiendas con claridad","description":"Agregue un localizador de tiendas f\u00e1cil de usar al sitio web jQuery para lograr la satisfacci\u00f3n del cliente. Pruebe la demostraci\u00f3n clara de Elfsight para generar un potente widget.","robots":{"index":"index","follow":"follow","max-snippet":"max-snippet:-1","max-image-preview":"max-image-preview:large","max-video-preview":"max-video-preview:-1"},"canonical":"https:\/\/elfsight.com\/es\/store-locator-widget\/jquery\/","og_locale":"es_ES","og_type":"article","og_title":"Insertar localizador de tiendas para jQuery: agregue ubicaciones de tiendas con claridad","og_description":"Agregue un localizador de tiendas f\u00e1cil de usar al sitio web jQuery para lograr la satisfacci\u00f3n del cliente. Pruebe la demostraci\u00f3n clara de Elfsight para generar un potente widget.","og_url":"https:\/\/elfsight.com\/es\/store-locator-widget\/jquery\/","og_site_name":"Elfsight ES","article_modified_time":"2025-02-06T15:29:11+00:00","twitter_card":"summary_large_image","twitter_misc":{"Tiempo de lectura":"2 minutos"},"schema":{"@context":"https:\/\/schema.org","@graph":[{"@type":"WebPage","@id":"https:\/\/elfsight.com\/es\/store-locator-widget\/jquery\/","url":"https:\/\/elfsight.com\/es\/store-locator-widget\/jquery\/","name":"Insertar localizador de tiendas para jQuery: agregue ubicaciones de tiendas con claridad","isPartOf":{"@id":"https:\/\/elfsight.com\/es\/#website"},"datePublished":"1970-01-01T00:00:00+00:00","dateModified":"2025-02-06T15:29:11+00:00","description":"Agregue un localizador de tiendas f\u00e1cil de usar al sitio web jQuery para lograr la satisfacci\u00f3n del cliente. Pruebe la demostraci\u00f3n clara de Elfsight para generar un potente widget.","breadcrumb":{"@id":"https:\/\/elfsight.com\/es\/store-locator-widget\/jquery\/#breadcrumb"},"inLanguage":"es","potentialAction":[{"@type":"ReadAction","target":["https:\/\/elfsight.com\/es\/store-locator-widget\/jquery\/"]}]},{"@type":"BreadcrumbList","@id":"https:\/\/elfsight.com\/es\/store-locator-widget\/jquery\/#breadcrumb","itemListElement":[{"@type":"ListItem","position":1,"name":"Home","item":"https:\/\/elfsight.com\/es\/"},{"@type":"ListItem","position":2,"name":"Store Locator","item":"https:\/\/elfsight.com\/es\/store-locator-widget\/"},{"@type":"ListItem","position":3,"name":"Store Locator &#8211; jQuery"}]},{"@type":"WebSite","@id":"https:\/\/elfsight.com\/es\/#website","url":"https:\/\/elfsight.com\/es\/","name":"Elfsight ES","description":"Just another Elfsight Sites site","potentialAction":[{"@type":"SearchAction","target":{"@type":"EntryPoint","urlTemplate":"https:\/\/elfsight.com\/es\/?s={search_term_string}"},"query-input":{"@type":"PropertyValueSpecification","valueRequired":true,"valueName":"search_term_string"}}],"inLanguage":"es"}]}},"meta_box":{"industry":"","seo_heading":"","heading":"","description":"","cta_heading":"","cta_description":"","application":"5118","h1":"Complemento de localizaci\u00f3n de tiendas jQuery","h1_caption":"Lograr una mayor fidelidad proporcionando una mejor navegaci\u00f3n del cliente","application_category":[],"applications_title":"","applications_request_title":"","applications_request_button_text":"","hero_text":"","hero_video":"","hero_video_schema_markup":"","selling_points_title":"","selling_points_caption":"","selling_points":[],"selling_points_cta_text":"","features_title":"","features":"","ed_cta_examples_text":"","ed_cta_examples_hidden":"","ed_cta_demo_text":"","ed_cta_demo_hidden":"","why_caption":"","why_editor_title":"","why_editor_text":"","why_team_title":"","why_team_text":"","why_service_title":"","why_service_text":"","template_catalog_visible":"","template_catalog_title":"","template_catalog_text":"","template_catalog_categories_visible":"","demo_title":"Crea tu complemento de localizaci\u00f3n de tiendas","demo_caption":"\u00a1Configure su localizador de tiendas y agr\u00e9guelo a su sitio web jQuery gratis!","default_faq_hidden":"","app_template_category":[],"platform":"76","template_public_id":"","codecanyon_url":"","codecanyon_item_id":"","codecanyon_price":"","pricing_caption":"","pricing_elfsight_apps_hide_column":"","pricing_elfsight_apps_url":"","pricing_codecanyon_price_caption":"","integration_category":[],"integration_request_title":"","integration_request_cta":"","integration_platform":"","integrations":[],"platform_category":[],"video_schema_markup":"","price":"desde $0 \/ mes","trial":"","benefits":[{"text":"Dominios ilimitados"},{"text":"Atenci\u00f3n al cliente profesional"},{"text":"Ayuda de instalaci\u00f3n gratuita"},{"text":"Totalmente personalizable"}],"button_url":"#demo","button_target_blank":"","button_nofollow":"","attributes":[{"name":"Instalaciones","content":"10,000 - 100,000"},{"name":"Sensible","content":"S\u00ed"},{"name":"Navegadores compatibles","content":"Firefox, Safari, Opera, Chrome, Edge"}],"tags":[],"tags_disable_links":"","hide_more_platforms":"","video_object":"","demo_hide_cta":"","demo_hide_cloud_options":"","pricing_title":"","pricing":[{"pricing_icon":"platform","pricing_title":"Elfsight Apps","pricing_title_caption":"Versi\u00f3n multiplataforma que se adapta a cualquier sitio web.","pricing_price":"desde $0 \/ mes","pricing_price_caption":"comienza con un plan gratuito","pricing_benefits":[{"text":"Dominios ilimitados"},{"text":"Atenci\u00f3n al cliente profesional"},{"text":"Ayuda de instalaci\u00f3n gratuita"},{"text":"Totalmente personalizable"}],"pricing_button_text":"A\u00f1adir al sitio web","pricing_button_url":"#demo"}],"related_apps_title":"","related_apps_hidden":"","author":"","image":[],"title":"","job":"","social_networks":[]},"_links":{"self":[{"href":"https:\/\/elfsight.com\/es\/wp-json\/wp\/v2\/pages\/15415","targetHints":{"allow":["GET"]}}],"collection":[{"href":"https:\/\/elfsight.com\/es\/wp-json\/wp\/v2\/pages"}],"about":[{"href":"https:\/\/elfsight.com\/es\/wp-json\/wp\/v2\/types\/page"}],"author":[{"embeddable":true,"href":"https:\/\/elfsight.com\/es\/wp-json\/wp\/v2\/users\/9"}],"replies":[{"embeddable":true,"href":"https:\/\/elfsight.com\/es\/wp-json\/wp\/v2\/comments?post=15415"}],"version-history":[{"count":3,"href":"https:\/\/elfsight.com\/es\/wp-json\/wp\/v2\/pages\/15415\/revisions"}],"predecessor-version":[{"id":18361,"href":"https:\/\/elfsight.com\/es\/wp-json\/wp\/v2\/pages\/15415\/revisions\/18361"}],"up":[{"embeddable":true,"href":"https:\/\/elfsight.com\/es\/wp-json\/wp\/v2\/pages\/17029"}],"wp:attachment":[{"href":"https:\/\/elfsight.com\/es\/wp-json\/wp\/v2\/media?parent=15415"}],"curies":[{"name":"wp","href":"https:\/\/api.w.org\/{rel}","templated":true}]}}