{"id":15409,"date":"1970-01-01T00:00:00","date_gmt":"1970-01-01T00:00:00","guid":{"rendered":"https:\/\/elfsight.com\/es\/?page_id=15409"},"modified":"2025-02-06T15:29:11","modified_gmt":"2025-02-06T15:29:11","slug":"jimdo","status":"publish","type":"page","link":"https:\/\/elfsight.com\/es\/store-locator-widget\/jimdo\/","title":{"rendered":"Store Locator &#8211; Jimdo"},"content":{"rendered":"<div class=\"application-platform-content-item-description application-platform-content-item\" id=\"description\" data-nav-section=\"description\"> <h2>Integrar el localizador de tiendas en Jimdo con un widget de Elfsight<\/h2> <p>El localizador de tiendas de Elfsight para Jimdo es un widget din\u00e1mico y ajustable dise\u00f1ado para mejorar la usabilidad de su sitio web y la participaci\u00f3n del cliente, haciendo que sea m\u00e1s f\u00e1cil que nunca para sus clientes encontrar su ubicaci\u00f3n. Con un conjunto de excelentes funciones dise\u00f1adas para la utilidad y el rendimiento, este widget es la soluci\u00f3n perfecta para mostrar las ubicaciones de sus tiendas f\u00edsicas de una manera clara y conveniente. \u00a1Pru\u00e9belo ahora mismo y observe c\u00f3mo convierte su sitio web en un buscador de tiendas orientado al usuario!<\/p> <p>Al integrar el widget, aumentar\u00e1 su credibilidad entre los clientes al brindarles informaci\u00f3n detallada sobre las ubicaciones f\u00edsicas de su negocio, asegur\u00e1ndoles su presencia real. Esto puede resultar en una toma de decisiones m\u00e1s r\u00e1pida y una mejor experiencia de compra entre los clientes. <\/p><p><b>Utilice el brillante buscador de tiendas para mostrar su ubicaci\u00f3n y detalles comerciales \u00fatiles. Proporcione su direcci\u00f3n f\u00edsica y la informaci\u00f3n requerida para atraer visitantes adicionales a la tienda. <\/b><\/p><\/div> <div class=\"application-platform-content-item-features application-platform-content-item\" id=\"features\" data-nav-section=\"features\"> <h2>El widget incluye funciones potentes y sencillas, vea algunas de ellas:<\/h2> <ul><li>Selecci\u00f3n din\u00e1mica de direcci\u00f3n<\/li><li>Caracter\u00edsticas del mapa orientadas al usuario<\/li><li>Botones de acci\u00f3n de ubicaci\u00f3n habilitados con integraciones <\/li><li>Ventana emergente de ubicaci\u00f3n detallada en la selecci\u00f3n de marcador<\/li><li>Ubicaci\u00f3n Horario comercial y estado abierto<\/li><\/ul><p><a href=\"#demo\">Puedes probar todas las capacidades del widget en la demostraci\u00f3n de esta p\u00e1gina<\/a><\/p> <\/div> <div class=\"application-platform-content-item-installation application-platform-content-item\" id=\"installation\" data-nav-section=\"installation\"> <h2>\u00bfC\u00f3mo integro Store Locator en mi p\u00e1gina web Jimdo?<\/h2> <p>Simplemente sigue los pasos que se presentan a continuaci\u00f3n para activar la herramienta. <\/p> <ol><li><b>Inicie nuestro configurador gratuito y comience a crear su complemento personalizado. <\/b><br> Elija la interfaz adecuada y las caracter\u00edsticas funcionales de la herramienta y guarde las modificaciones. <\/li> <li><b>Reciba su c\u00f3digo individual revelado en el cuadro de Elfsight Apps. <\/b><br> Tan pronto como finalice la personalizaci\u00f3n de su complemento personal, copie el c\u00f3digo exclusivo en la ventana emergente que aparece y gu\u00e1rdelo para usarlo m\u00e1s adelante. <\/li> <li><b>Entra en el uso del widget en el sitio de Jimdo. <\/b><br> Pega el c\u00f3digo guardado recientemente en tu sitio web y aplica las mejoras. <\/li> <li><b>\u00a1Listo! La integraci\u00f3n se realiza por completo. <\/b><br>Visite su p\u00e1gina web para ver c\u00f3mo funciona el widget. <\/li><\/ol> <p>Si tiene alguna pregunta o encuentra alg\u00fan obst\u00e1culo, no dude en ponerse en contacto con nuestro personal de soporte. Nuestros especialistas estar\u00e1n encantados de ayudarle con todas las dificultades que pueda tener con el widget. <\/p> <\/div>","protected":false},"excerpt":{"rendered":"","protected":false},"author":9,"featured_media":0,"parent":17029,"menu_order":0,"comment_status":"closed","ping_status":"closed","template":"templates\/template-application-platform.php","meta":{"publish_to_discourse":"","publish_post_category":"","wpdc_auto_publish_overridden":"","wpdc_topic_tags":"","wpdc_pin_topic":"","wpdc_pin_until":"","discourse_post_id":"","discourse_permalink":"","wpdc_publishing_response":"","wpdc_publishing_error":"","footnotes":""},"class_list":["post-15409","page","type-page","status-publish","hentry"],"yoast_head":"<!-- This site is optimized with the Yoast SEO plugin v25.3.1 - https:\/\/yoast.com\/wordpress\/plugins\/seo\/ -->\n<title>Agregar localizador de tiendas para Jimdo: incruste ubicaciones de tiendas f\u00e1cilmente<\/title>\n<meta name=\"description\" content=\"Integra un localizador de tiendas f\u00e1cil de usar en el sitio web de Jimdo para lograr la fidelidad. Benef\u00edciese de la pr\u00e1ctica demostraci\u00f3n de Elfsight para crear el widget.\" \/>\n<meta name=\"robots\" content=\"index, follow, max-snippet:-1, max-image-preview:large, max-video-preview:-1\" \/>\n<link rel=\"canonical\" href=\"https:\/\/elfsight.com\/es\/store-locator-widget\/jimdo\/\" \/>\n<meta property=\"og:locale\" content=\"es_ES\" \/>\n<meta property=\"og:type\" content=\"article\" \/>\n<meta property=\"og:title\" content=\"Agregar localizador de tiendas para Jimdo: incruste ubicaciones de tiendas f\u00e1cilmente\" \/>\n<meta property=\"og:description\" content=\"Integra un localizador de tiendas f\u00e1cil de usar en el sitio web de Jimdo para lograr la fidelidad. Benef\u00edciese de la pr\u00e1ctica demostraci\u00f3n de Elfsight para crear el widget.\" \/>\n<meta property=\"og:url\" content=\"https:\/\/elfsight.com\/es\/store-locator-widget\/jimdo\/\" \/>\n<meta property=\"og:site_name\" content=\"Elfsight ES\" \/>\n<meta property=\"article:modified_time\" content=\"2025-02-06T15:29:11+00:00\" \/>\n<meta name=\"twitter:card\" content=\"summary_large_image\" \/>\n<meta name=\"twitter:label1\" content=\"Tiempo de lectura\" \/>\n\t<meta name=\"twitter:data1\" content=\"2 minutos\" \/>\n<!-- \/ Yoast SEO plugin. -->","yoast_head_json":{"title":"Agregar localizador de tiendas para Jimdo: incruste ubicaciones de tiendas f\u00e1cilmente","description":"Integra un localizador de tiendas f\u00e1cil de usar en el sitio web de Jimdo para lograr la fidelidad. Benef\u00edciese de la pr\u00e1ctica demostraci\u00f3n de Elfsight para crear el widget.","robots":{"index":"index","follow":"follow","max-snippet":"max-snippet:-1","max-image-preview":"max-image-preview:large","max-video-preview":"max-video-preview:-1"},"canonical":"https:\/\/elfsight.com\/es\/store-locator-widget\/jimdo\/","og_locale":"es_ES","og_type":"article","og_title":"Agregar localizador de tiendas para Jimdo: incruste ubicaciones de tiendas f\u00e1cilmente","og_description":"Integra un localizador de tiendas f\u00e1cil de usar en el sitio web de Jimdo para lograr la fidelidad. Benef\u00edciese de la pr\u00e1ctica demostraci\u00f3n de Elfsight para crear el widget.","og_url":"https:\/\/elfsight.com\/es\/store-locator-widget\/jimdo\/","og_site_name":"Elfsight ES","article_modified_time":"2025-02-06T15:29:11+00:00","twitter_card":"summary_large_image","twitter_misc":{"Tiempo de lectura":"2 minutos"},"schema":{"@context":"https:\/\/schema.org","@graph":[{"@type":"WebPage","@id":"https:\/\/elfsight.com\/es\/store-locator-widget\/jimdo\/","url":"https:\/\/elfsight.com\/es\/store-locator-widget\/jimdo\/","name":"Agregar localizador de tiendas para Jimdo: incruste ubicaciones de tiendas f\u00e1cilmente","isPartOf":{"@id":"https:\/\/elfsight.com\/es\/#website"},"datePublished":"1970-01-01T00:00:00+00:00","dateModified":"2025-02-06T15:29:11+00:00","description":"Integra un localizador de tiendas f\u00e1cil de usar en el sitio web de Jimdo para lograr la fidelidad. Benef\u00edciese de la pr\u00e1ctica demostraci\u00f3n de Elfsight para crear el widget.","breadcrumb":{"@id":"https:\/\/elfsight.com\/es\/store-locator-widget\/jimdo\/#breadcrumb"},"inLanguage":"es","potentialAction":[{"@type":"ReadAction","target":["https:\/\/elfsight.com\/es\/store-locator-widget\/jimdo\/"]}]},{"@type":"BreadcrumbList","@id":"https:\/\/elfsight.com\/es\/store-locator-widget\/jimdo\/#breadcrumb","itemListElement":[{"@type":"ListItem","position":1,"name":"Home","item":"https:\/\/elfsight.com\/es\/"},{"@type":"ListItem","position":2,"name":"Store Locator","item":"https:\/\/elfsight.com\/es\/store-locator-widget\/"},{"@type":"ListItem","position":3,"name":"Store Locator &#8211; Jimdo"}]},{"@type":"WebSite","@id":"https:\/\/elfsight.com\/es\/#website","url":"https:\/\/elfsight.com\/es\/","name":"Elfsight ES","description":"Just another Elfsight Sites site","potentialAction":[{"@type":"SearchAction","target":{"@type":"EntryPoint","urlTemplate":"https:\/\/elfsight.com\/es\/?s={search_term_string}"},"query-input":{"@type":"PropertyValueSpecification","valueRequired":true,"valueName":"search_term_string"}}],"inLanguage":"es"}]}},"meta_box":{"industry":"","seo_heading":"","heading":"","description":"","cta_heading":"","cta_description":"","application":"5118","h1":"Widget de localizaci\u00f3n de tiendas Jimdo","h1_caption":"Aumente su credibilidad y reciba m\u00e1s clientes en la tienda","application_category":[],"applications_title":"","applications_request_title":"","applications_request_button_text":"","hero_text":"","hero_video":"","hero_video_schema_markup":"","selling_points_title":"","selling_points_caption":"","selling_points":[],"selling_points_cta_text":"","features_title":"","features":"","ed_cta_examples_text":"","ed_cta_examples_hidden":"","ed_cta_demo_text":"","ed_cta_demo_hidden":"","why_caption":"","why_editor_title":"","why_editor_text":"","why_team_title":"","why_team_text":"","why_service_title":"","why_service_text":"","template_catalog_visible":"","template_catalog_title":"","template_catalog_text":"","template_catalog_categories_visible":"","demo_title":"Crea tu widget de localizador de tiendas","demo_caption":"\u00a1Configura tu Localizador de Tiendas y a\u00f1\u00e1delo a tu sitio web Jimdo gratis!","default_faq_hidden":"","app_template_category":[],"platform":"2198","template_public_id":"","codecanyon_url":"","codecanyon_item_id":"","codecanyon_price":"","pricing_caption":"","pricing_elfsight_apps_hide_column":"","pricing_elfsight_apps_url":"","pricing_codecanyon_price_caption":"","integration_category":[],"integration_request_title":"","integration_request_cta":"","integration_platform":"","integrations":[],"platform_category":[],"video_schema_markup":"","price":"desde $0 \/ mes","trial":"","benefits":[{"text":"Asistencia de instalaci\u00f3n gratuita"},{"text":"Soporte excepcional"},{"text":"Garant\u00eda de reembolso de 14 d\u00edas"},{"text":"Actualizaciones gratuitas continuas"}],"button_url":"#demo","button_target_blank":"","button_nofollow":"","attributes":[{"name":"Instalaciones","content":"10,000 - 100,000"},{"name":"Sensible","content":"S\u00ed"},{"name":"Navegadores compatibles","content":"Firefox, Safari, Opera, Chrome, Edge"}],"tags":[],"tags_disable_links":"","hide_more_platforms":"","video_object":"","demo_hide_cta":"","demo_hide_cloud_options":"","pricing_title":"","pricing":[{"pricing_icon":"platform","pricing_title":"Elfsight Apps","pricing_title_caption":"Software multiplataforma que funciona en cualquier sitio","pricing_price":"desde $0 \/ mes","pricing_price_caption":"comienza con un plan gratuito","pricing_benefits":[{"text":"Dominios ilimitados"},{"text":"Soporte 24 horas al d\u00eda, 7 d\u00edas a la semana"},{"text":"Servicio de instalaci\u00f3n gratuito"},{"text":"100% personalizable"}],"pricing_button_text":"A\u00f1adir al sitio web","pricing_button_url":"#demo"}],"related_apps_title":"","related_apps_hidden":"","author":"","image":[],"title":"","job":"","social_networks":[]},"_links":{"self":[{"href":"https:\/\/elfsight.com\/es\/wp-json\/wp\/v2\/pages\/15409","targetHints":{"allow":["GET"]}}],"collection":[{"href":"https:\/\/elfsight.com\/es\/wp-json\/wp\/v2\/pages"}],"about":[{"href":"https:\/\/elfsight.com\/es\/wp-json\/wp\/v2\/types\/page"}],"author":[{"embeddable":true,"href":"https:\/\/elfsight.com\/es\/wp-json\/wp\/v2\/users\/9"}],"replies":[{"embeddable":true,"href":"https:\/\/elfsight.com\/es\/wp-json\/wp\/v2\/comments?post=15409"}],"version-history":[{"count":3,"href":"https:\/\/elfsight.com\/es\/wp-json\/wp\/v2\/pages\/15409\/revisions"}],"predecessor-version":[{"id":18363,"href":"https:\/\/elfsight.com\/es\/wp-json\/wp\/v2\/pages\/15409\/revisions\/18363"}],"up":[{"embeddable":true,"href":"https:\/\/elfsight.com\/es\/wp-json\/wp\/v2\/pages\/17029"}],"wp:attachment":[{"href":"https:\/\/elfsight.com\/es\/wp-json\/wp\/v2\/media?parent=15409"}],"curies":[{"name":"wp","href":"https:\/\/api.w.org\/{rel}","templated":true}]}}