{"id":15408,"date":"1970-01-01T00:00:00","date_gmt":"1970-01-01T00:00:00","guid":{"rendered":"https:\/\/elfsight.com\/es\/?page_id=15408"},"modified":"2025-02-06T15:29:11","modified_gmt":"2025-02-06T15:29:11","slug":"iframe","status":"publish","type":"page","link":"https:\/\/elfsight.com\/es\/store-locator-widget\/iframe\/","title":{"rendered":"Store Locator &#8211; iFrame"},"content":{"rendered":"<div class=\"application-platform-content-item-description application-platform-content-item\" id=\"description\" data-nav-section=\"description\"> <h2>Incorpore el localizador de tiendas en iFrame con un widget de Elfsight<\/h2> <p>El localizador de tiendas de Elfsight para iFrame es un widget din\u00e1mico y ajustable dise\u00f1ado para aumentar la utilidad de su sitio web y la participaci\u00f3n del cliente al hacer que sea m\u00e1s f\u00e1cil que nunca para sus clientes encontrar el camino a la direcci\u00f3n de su empresa. Con un conjunto de funciones \u00fatiles dise\u00f1adas para la eficiencia y el rendimiento, este widget es su soluci\u00f3n clave para anunciar la ubicaci\u00f3n de sus tiendas f\u00edsicas de una manera comprensible y conveniente. \u00a1Agr\u00e9guelo ahora y observe c\u00f3mo transforma su sitio web en un poderoso buscador de tiendas!<\/p> <p>Al incorporar el widget, aumentar\u00e1 su confiabilidad entre los clientes al brindar informaci\u00f3n detallada sobre las ubicaciones f\u00edsicas de su negocio, asegurando a todos su s\u00f3lida presencia. Esto puede resultar en una toma de decisiones m\u00e1s r\u00e1pida y una mejor experiencia de compra entre los clientes. <\/p><p><b>Utilice el impresionante buscador de tiendas para mostrar su ubicaci\u00f3n y datos comerciales importantes. Resalte su direcci\u00f3n f\u00edsica y la informaci\u00f3n requerida para atraer clientes adicionales en la tienda. <\/b><\/p><\/div> <div class=\"application-platform-content-item-features application-platform-content-item\" id=\"features\" data-nav-section=\"features\"> <h2>Las caracter\u00edsticas fundamentales del widget ofrecen<\/h2> <ul><li>Indicaci\u00f3n de ubicaci\u00f3n clara<\/li><li>Funciones de mapas interactivos<\/li><li>Botones de interacci\u00f3n de ubicaci\u00f3n con integraciones <\/li><li>Ventana emergente de ubicaci\u00f3n sencilla al hacer clic en el marcador<\/li><li>Programaci\u00f3n y horario comercial de ubicaci\u00f3n; estado de actividad<\/li><\/ul><p><a href=\"#demo\">Explore todas las opciones de personalizaci\u00f3n en una demostraci\u00f3n 100% funcional<\/a><\/p><\/div> <div class=\"application-platform-content-item-installation application-platform-content-item\" id=\"installation\" data-nav-section=\"installation\"> <h2>\u00bfC\u00f3mo puedo integrar Store Locator en mi p\u00e1gina web iFrame?<\/h2> <p>Simplemente siga las instrucciones a continuaci\u00f3n para comenzar a usar el complemento. <\/p> <ol><li><b>Utiliza nuestro configurador gratuito y comienza a crear tu widget \u00fanico. <\/b><br> Encuentre el dise\u00f1o deseable y los rasgos funcionales de la herramienta y aplique las modificaciones. <\/li> <li><b>Obtenga el c\u00f3digo individual que se muestra en el cuadro de Elfsight Apps. <\/b><br> Inmediatamente despu\u00e9s de configurar su herramienta personal, copie el c\u00f3digo exclusivo en la ventana que aparece y gu\u00e1rdelo para usarlo m\u00e1s adelante. <\/li> <li><b>Inicie el uso del complemento en su p\u00e1gina de inicio de iFrame. <\/b><br>Integre el c\u00f3digo guardado anteriormente en su p\u00e1gina de inicio y aplique los ajustes. <\/li> <li><b>\u00a1Ya terminaste! La configuraci\u00f3n finaliz\u00f3 exitosamente. <\/b><br>Visite su p\u00e1gina web para revisar c\u00f3mo se ejecuta el complemento. <\/li><\/ol> <p>En caso de que encuentre alguna dificultad, no dude en recurrir a nuestro equipo de soporte. Nuestros consultores estar\u00e1n encantados de resolver todas las dudas que puedas tener con el producto.<\/p><\/div>","protected":false},"excerpt":{"rendered":"","protected":false},"author":9,"featured_media":0,"parent":17029,"menu_order":0,"comment_status":"closed","ping_status":"closed","template":"templates\/template-application-platform.php","meta":{"publish_to_discourse":"","publish_post_category":"","wpdc_auto_publish_overridden":"","wpdc_topic_tags":"","wpdc_pin_topic":"","wpdc_pin_until":"","discourse_post_id":"","discourse_permalink":"","wpdc_publishing_response":"","wpdc_publishing_error":"","footnotes":""},"class_list":["post-15408","page","type-page","status-publish","hentry"],"yoast_head":"<!-- This site is optimized with the Yoast SEO plugin v25.3.1 - https:\/\/yoast.com\/wordpress\/plugins\/seo\/ -->\n<title>Incrustar el localizador de tiendas en iFrame: agregar un buscador de tiendas sin c\u00f3digo<\/title>\n<meta name=\"description\" content=\"Integre el localizador de tiendas personalizable en el sitio web iFrame para una mayor confianza. Utilice la pr\u00e1ctica demostraci\u00f3n de Elfsight para crear f\u00e1cilmente un widget vers\u00e1til.\" \/>\n<meta name=\"robots\" content=\"index, follow, max-snippet:-1, max-image-preview:large, max-video-preview:-1\" \/>\n<link rel=\"canonical\" href=\"https:\/\/elfsight.com\/es\/store-locator-widget\/iframe\/\" \/>\n<meta property=\"og:locale\" content=\"es_ES\" \/>\n<meta property=\"og:type\" content=\"article\" \/>\n<meta property=\"og:title\" content=\"Incrustar el localizador de tiendas en iFrame: agregar un buscador de tiendas sin c\u00f3digo\" \/>\n<meta property=\"og:description\" content=\"Integre el localizador de tiendas personalizable en el sitio web iFrame para una mayor confianza. Utilice la pr\u00e1ctica demostraci\u00f3n de Elfsight para crear f\u00e1cilmente un widget vers\u00e1til.\" \/>\n<meta property=\"og:url\" content=\"https:\/\/elfsight.com\/es\/store-locator-widget\/iframe\/\" \/>\n<meta property=\"og:site_name\" content=\"Elfsight ES\" \/>\n<meta property=\"article:modified_time\" content=\"2025-02-06T15:29:11+00:00\" \/>\n<meta name=\"twitter:card\" content=\"summary_large_image\" \/>\n<meta name=\"twitter:label1\" content=\"Tiempo de lectura\" \/>\n\t<meta name=\"twitter:data1\" content=\"2 minutos\" \/>\n<!-- \/ Yoast SEO plugin. -->","yoast_head_json":{"title":"Incrustar el localizador de tiendas en iFrame: agregar un buscador de tiendas sin c\u00f3digo","description":"Integre el localizador de tiendas personalizable en el sitio web iFrame para una mayor confianza. Utilice la pr\u00e1ctica demostraci\u00f3n de Elfsight para crear f\u00e1cilmente un widget vers\u00e1til.","robots":{"index":"index","follow":"follow","max-snippet":"max-snippet:-1","max-image-preview":"max-image-preview:large","max-video-preview":"max-video-preview:-1"},"canonical":"https:\/\/elfsight.com\/es\/store-locator-widget\/iframe\/","og_locale":"es_ES","og_type":"article","og_title":"Incrustar el localizador de tiendas en iFrame: agregar un buscador de tiendas sin c\u00f3digo","og_description":"Integre el localizador de tiendas personalizable en el sitio web iFrame para una mayor confianza. Utilice la pr\u00e1ctica demostraci\u00f3n de Elfsight para crear f\u00e1cilmente un widget vers\u00e1til.","og_url":"https:\/\/elfsight.com\/es\/store-locator-widget\/iframe\/","og_site_name":"Elfsight ES","article_modified_time":"2025-02-06T15:29:11+00:00","twitter_card":"summary_large_image","twitter_misc":{"Tiempo de lectura":"2 minutos"},"schema":{"@context":"https:\/\/schema.org","@graph":[{"@type":"WebPage","@id":"https:\/\/elfsight.com\/es\/store-locator-widget\/iframe\/","url":"https:\/\/elfsight.com\/es\/store-locator-widget\/iframe\/","name":"Incrustar el localizador de tiendas en iFrame: agregar un buscador de tiendas sin c\u00f3digo","isPartOf":{"@id":"https:\/\/elfsight.com\/es\/#website"},"datePublished":"1970-01-01T00:00:00+00:00","dateModified":"2025-02-06T15:29:11+00:00","description":"Integre el localizador de tiendas personalizable en el sitio web iFrame para una mayor confianza. Utilice la pr\u00e1ctica demostraci\u00f3n de Elfsight para crear f\u00e1cilmente un widget vers\u00e1til.","breadcrumb":{"@id":"https:\/\/elfsight.com\/es\/store-locator-widget\/iframe\/#breadcrumb"},"inLanguage":"es","potentialAction":[{"@type":"ReadAction","target":["https:\/\/elfsight.com\/es\/store-locator-widget\/iframe\/"]}]},{"@type":"BreadcrumbList","@id":"https:\/\/elfsight.com\/es\/store-locator-widget\/iframe\/#breadcrumb","itemListElement":[{"@type":"ListItem","position":1,"name":"Home","item":"https:\/\/elfsight.com\/es\/"},{"@type":"ListItem","position":2,"name":"Store Locator","item":"https:\/\/elfsight.com\/es\/store-locator-widget\/"},{"@type":"ListItem","position":3,"name":"Store Locator &#8211; iFrame"}]},{"@type":"WebSite","@id":"https:\/\/elfsight.com\/es\/#website","url":"https:\/\/elfsight.com\/es\/","name":"Elfsight ES","description":"Just another Elfsight Sites site","potentialAction":[{"@type":"SearchAction","target":{"@type":"EntryPoint","urlTemplate":"https:\/\/elfsight.com\/es\/?s={search_term_string}"},"query-input":{"@type":"PropertyValueSpecification","valueRequired":true,"valueName":"search_term_string"}}],"inLanguage":"es"}]}},"meta_box":{"industry":"","seo_heading":"","heading":"","description":"","cta_heading":"","cta_description":"","application":"5118","h1":"Widget de localizaci\u00f3n de tiendas iFrame","h1_caption":"Aumente la credibilidad y genere m\u00e1s visitas a la tienda","application_category":[],"applications_title":"","applications_request_title":"","applications_request_button_text":"","hero_text":"","hero_video":"","hero_video_schema_markup":"","selling_points_title":"","selling_points_caption":"","selling_points":[],"selling_points_cta_text":"","features_title":"","features":"","ed_cta_examples_text":"","ed_cta_examples_hidden":"","ed_cta_demo_text":"","ed_cta_demo_hidden":"","why_caption":"","why_editor_title":"","why_editor_text":"","why_team_title":"","why_team_text":"","why_service_title":"","why_service_text":"","template_catalog_visible":"","template_catalog_title":"","template_catalog_text":"","template_catalog_categories_visible":"","demo_title":"Crea tu widget de localizador de tiendas","demo_caption":"\u00a1Configure su localizador de tiendas y agr\u00e9guelo a su sitio web iFrame gratis!","default_faq_hidden":"","app_template_category":[],"platform":"2192","template_public_id":"","codecanyon_url":"","codecanyon_item_id":"","codecanyon_price":"","pricing_caption":"","pricing_elfsight_apps_hide_column":"","pricing_elfsight_apps_url":"","pricing_codecanyon_price_caption":"","integration_category":[],"integration_request_title":"","integration_request_cta":"","integration_platform":"","integrations":[],"platform_category":[],"video_schema_markup":"","price":"desde $0 \/ mes","trial":"","benefits":[{"text":"Ayuda de instalaci\u00f3n gratuita"},{"text":"Servicio al cliente eficaz"},{"text":"Garant\u00eda de devoluci\u00f3n de dinero de 14 d\u00edas"},{"text":"Futuras mejoras gratuitas"}],"button_url":"#demo","button_target_blank":"","button_nofollow":"","attributes":[{"name":"Instalaciones","content":"10,000 - 100,000"},{"name":"Sensible","content":"S\u00ed"},{"name":"Navegadores compatibles","content":"Firefox, Safari, Opera, Chrome, Edge"}],"tags":[],"tags_disable_links":"","hide_more_platforms":"","video_object":"","demo_hide_cta":"","demo_hide_cloud_options":"","pricing_title":"","pricing":[{"pricing_icon":"platform","pricing_title":"Elfsight Apps","pricing_title_caption":"Soluci\u00f3n multiplataforma","pricing_price":"desde $0 \/ mes","pricing_price_caption":"comienza con un plan gratuito","pricing_benefits":[{"text":"Dominios ilimitados"},{"text":"Soporte profesional de la empresa"},{"text":"Soporte de instalaci\u00f3n gratuito"},{"text":"Dise\u00f1o flexible"}],"pricing_button_text":"A\u00f1adir al sitio web","pricing_button_url":"#demo"}],"related_apps_title":"","related_apps_hidden":"","author":"","image":[],"title":"","job":"","social_networks":[]},"_links":{"self":[{"href":"https:\/\/elfsight.com\/es\/wp-json\/wp\/v2\/pages\/15408","targetHints":{"allow":["GET"]}}],"collection":[{"href":"https:\/\/elfsight.com\/es\/wp-json\/wp\/v2\/pages"}],"about":[{"href":"https:\/\/elfsight.com\/es\/wp-json\/wp\/v2\/types\/page"}],"author":[{"embeddable":true,"href":"https:\/\/elfsight.com\/es\/wp-json\/wp\/v2\/users\/9"}],"replies":[{"embeddable":true,"href":"https:\/\/elfsight.com\/es\/wp-json\/wp\/v2\/comments?post=15408"}],"version-history":[{"count":3,"href":"https:\/\/elfsight.com\/es\/wp-json\/wp\/v2\/pages\/15408\/revisions"}],"predecessor-version":[{"id":18364,"href":"https:\/\/elfsight.com\/es\/wp-json\/wp\/v2\/pages\/15408\/revisions\/18364"}],"up":[{"embeddable":true,"href":"https:\/\/elfsight.com\/es\/wp-json\/wp\/v2\/pages\/17029"}],"wp:attachment":[{"href":"https:\/\/elfsight.com\/es\/wp-json\/wp\/v2\/media?parent=15408"}],"curies":[{"name":"wp","href":"https:\/\/api.w.org\/{rel}","templated":true}]}}