{"id":15402,"date":"1970-01-01T00:00:00","date_gmt":"1970-01-01T00:00:00","guid":{"rendered":"https:\/\/elfsight.com\/es\/?page_id=15402"},"modified":"2025-02-06T15:29:20","modified_gmt":"2025-02-06T15:29:20","slug":"google-sites","status":"publish","type":"page","link":"https:\/\/elfsight.com\/es\/store-locator-widget\/google-sites\/","title":{"rendered":"Store Locator &#8211; Google Sites"},"content":{"rendered":"<div class=\"application-platform-content-item-description application-platform-content-item\" id=\"description\" data-nav-section=\"description\"> <h2>Incorpore el localizador de tiendas en Google Sites con un complemento de Elfsight<\/h2> <p>El localizador de tiendas de Elfsight para Google Sites es un widget din\u00e1mico y flexible dise\u00f1ado para elevar la utilidad de su sitio web y la participaci\u00f3n del cliente al hacer que sea m\u00e1s f\u00e1cil que nunca para sus clientes encontrar el camino a su ubicaci\u00f3n. Con un conjunto de potentes funciones dise\u00f1adas para la utilidad y el rendimiento, este widget es la soluci\u00f3n perfecta para mostrar las ubicaciones f\u00edsicas de su empresa de una manera clara y conveniente. \u00a1Compru\u00e9belo ahora y observe c\u00f3mo convierte su sitio web en un maravilloso buscador de tiendas!<\/p> <p>Al utilizar el widget, aumentar\u00e1 su confiabilidad entre los clientes al brindarles informaci\u00f3n detallada sobre las ubicaciones f\u00edsicas de su negocio, asegur\u00e1ndoles su presencia establecida. Esto podr\u00eda resultar en una toma de decisiones m\u00e1s r\u00e1pida y una mejor experiencia de compra entre los visitantes. <\/p><p><b>Pruebe el incre\u00edble buscador de tiendas para compartir su ubicaci\u00f3n y datos comerciales \u00fatiles. Proporcione su direcci\u00f3n actual e informaci\u00f3n relevante para atraer nuevos visitantes a la tienda. <\/b><\/p> <\/div> <div class=\"application-platform-content-item-features application-platform-content-item\" id=\"features\" data-nav-section=\"features\"> <h2>Ofrecemos funciones valiosas y r\u00e1pidas, vea algunas de ellas:<\/h2> <ul><li>Selecci\u00f3n din\u00e1mica de ubicaci\u00f3n<\/li><li>Opciones de mapa interactivo<\/li><li>Botones de acci\u00f3n de ubicaci\u00f3n que admiten integraciones <\/li><li>Tarjeta de ubicaci\u00f3n detallada al hacer clic en el marcador<\/li><li>Tiempo y tiempo de operaci\u00f3n de la ubicaci\u00f3n estado de actividad<\/li><\/ul><p><a href=\"#demo\">Simplemente pruebe esta demostraci\u00f3n para ver c\u00f3mo funciona<\/a><\/p><\/div> <div class=\"application-platform-content-item-installation application-platform-content-item\" id=\"installation\" data-nav-section=\"installation\"> <h2>\u00bfC\u00f3mo integro Store Locator en mi p\u00e1gina web de Google Sites?<\/h2> <p>Simplemente aplique las instrucciones a continuaci\u00f3n para insertar el complemento. <\/p> <ol><li><b>Inicie nuestro editor gratuito y comience a crear su widget personalizado. <\/b><br> Determine el dise\u00f1o personalizado y los par\u00e1metros del complemento y guarde las ediciones. <\/li> <li><b>Reciba su c\u00f3digo \u00fanico que se muestra en el cuadro de Elfsight Apps. <\/b><br> Una vez realizada la personalizaci\u00f3n de su complemento personal, copie el c\u00f3digo exclusivo en la ventana que aparece y gu\u00e1rdelo para usarlo en el futuro. <\/li> <li><b>Comience a utilizar la herramienta en la p\u00e1gina web de Google Sites. <\/b><br> Inserta el c\u00f3digo que has guardado anteriormente en tu p\u00e1gina web y guarda las modificaciones. <\/li> <li><b>\u00a1Listo! La configuraci\u00f3n finaliz\u00f3 exitosamente. <\/b><br>Visita su p\u00e1gina web para inspeccionar el funcionamiento de la herramienta. <\/li><\/ol> <p>Si tiene alguna consulta o tiene alguna dificultad, p\u00f3ngase en contacto con nuestro equipo de soporte. Nuestra gente est\u00e1 ansiosa por resolver todos los problemas que pueda tener con el producto. <\/p> <\/div>","protected":false},"excerpt":{"rendered":"","protected":false},"author":9,"featured_media":0,"parent":17029,"menu_order":0,"comment_status":"closed","ping_status":"closed","template":"templates\/template-application-platform.php","meta":{"publish_to_discourse":"","publish_post_category":"","wpdc_auto_publish_overridden":"","wpdc_topic_tags":"","wpdc_pin_topic":"","wpdc_pin_until":"","discourse_post_id":"","discourse_permalink":"","wpdc_publishing_response":"","wpdc_publishing_error":"","footnotes":""},"class_list":["post-15402","page","type-page","status-publish","hentry"],"yoast_head":"<!-- This site is optimized with the Yoast SEO plugin v25.3.1 - https:\/\/yoast.com\/wordpress\/plugins\/seo\/ -->\n<title>Agregue el localizador de tiendas a Google Sites para presentar sus tiendas f\u00edsicas<\/title>\n<meta name=\"description\" content=\"Integre Store Locator en el sitio web de Google Sites para lograr la satisfacci\u00f3n del cliente. Utilice una demostraci\u00f3n sencilla de Elfsight para crear un widget atractivo.\" \/>\n<meta name=\"robots\" content=\"index, follow, max-snippet:-1, max-image-preview:large, max-video-preview:-1\" \/>\n<link rel=\"canonical\" href=\"https:\/\/elfsight.com\/es\/store-locator-widget\/google-sites\/\" \/>\n<meta property=\"og:locale\" content=\"es_ES\" \/>\n<meta property=\"og:type\" content=\"article\" \/>\n<meta property=\"og:title\" content=\"Agregue el localizador de tiendas a Google Sites para presentar sus tiendas f\u00edsicas\" \/>\n<meta property=\"og:description\" content=\"Integre Store Locator en el sitio web de Google Sites para lograr la satisfacci\u00f3n del cliente. Utilice una demostraci\u00f3n sencilla de Elfsight para crear un widget atractivo.\" \/>\n<meta property=\"og:url\" content=\"https:\/\/elfsight.com\/es\/store-locator-widget\/google-sites\/\" \/>\n<meta property=\"og:site_name\" content=\"Elfsight ES\" \/>\n<meta property=\"article:modified_time\" content=\"2025-02-06T15:29:20+00:00\" \/>\n<meta name=\"twitter:card\" content=\"summary_large_image\" \/>\n<meta name=\"twitter:label1\" content=\"Tiempo de lectura\" \/>\n\t<meta name=\"twitter:data1\" content=\"2 minutos\" \/>\n<!-- \/ Yoast SEO plugin. -->","yoast_head_json":{"title":"Agregue el localizador de tiendas a Google Sites para presentar sus tiendas f\u00edsicas","description":"Integre Store Locator en el sitio web de Google Sites para lograr la satisfacci\u00f3n del cliente. Utilice una demostraci\u00f3n sencilla de Elfsight para crear un widget atractivo.","robots":{"index":"index","follow":"follow","max-snippet":"max-snippet:-1","max-image-preview":"max-image-preview:large","max-video-preview":"max-video-preview:-1"},"canonical":"https:\/\/elfsight.com\/es\/store-locator-widget\/google-sites\/","og_locale":"es_ES","og_type":"article","og_title":"Agregue el localizador de tiendas a Google Sites para presentar sus tiendas f\u00edsicas","og_description":"Integre Store Locator en el sitio web de Google Sites para lograr la satisfacci\u00f3n del cliente. Utilice una demostraci\u00f3n sencilla de Elfsight para crear un widget atractivo.","og_url":"https:\/\/elfsight.com\/es\/store-locator-widget\/google-sites\/","og_site_name":"Elfsight ES","article_modified_time":"2025-02-06T15:29:20+00:00","twitter_card":"summary_large_image","twitter_misc":{"Tiempo de lectura":"2 minutos"},"schema":{"@context":"https:\/\/schema.org","@graph":[{"@type":"WebPage","@id":"https:\/\/elfsight.com\/es\/store-locator-widget\/google-sites\/","url":"https:\/\/elfsight.com\/es\/store-locator-widget\/google-sites\/","name":"Agregue el localizador de tiendas a Google Sites para presentar sus tiendas f\u00edsicas","isPartOf":{"@id":"https:\/\/elfsight.com\/es\/#website"},"datePublished":"1970-01-01T00:00:00+00:00","dateModified":"2025-02-06T15:29:20+00:00","description":"Integre Store Locator en el sitio web de Google Sites para lograr la satisfacci\u00f3n del cliente. Utilice una demostraci\u00f3n sencilla de Elfsight para crear un widget atractivo.","breadcrumb":{"@id":"https:\/\/elfsight.com\/es\/store-locator-widget\/google-sites\/#breadcrumb"},"inLanguage":"es","potentialAction":[{"@type":"ReadAction","target":["https:\/\/elfsight.com\/es\/store-locator-widget\/google-sites\/"]}]},{"@type":"BreadcrumbList","@id":"https:\/\/elfsight.com\/es\/store-locator-widget\/google-sites\/#breadcrumb","itemListElement":[{"@type":"ListItem","position":1,"name":"Home","item":"https:\/\/elfsight.com\/es\/"},{"@type":"ListItem","position":2,"name":"Store Locator","item":"https:\/\/elfsight.com\/es\/store-locator-widget\/"},{"@type":"ListItem","position":3,"name":"Store Locator &#8211; Google Sites"}]},{"@type":"WebSite","@id":"https:\/\/elfsight.com\/es\/#website","url":"https:\/\/elfsight.com\/es\/","name":"Elfsight ES","description":"Just another Elfsight Sites site","potentialAction":[{"@type":"SearchAction","target":{"@type":"EntryPoint","urlTemplate":"https:\/\/elfsight.com\/es\/?s={search_term_string}"},"query-input":{"@type":"PropertyValueSpecification","valueRequired":true,"valueName":"search_term_string"}}],"inLanguage":"es"}]}},"meta_box":{"industry":"","seo_heading":"","heading":"","description":"","cta_heading":"","cta_description":"","application":"5118","h1":"Complemento de localizaci\u00f3n de tiendas de Google Sites","h1_caption":"Aumente la fidelidad y obtenga m\u00e1s visitas a la tienda","application_category":[],"applications_title":"","applications_request_title":"","applications_request_button_text":"","hero_text":"","hero_video":"","hero_video_schema_markup":"","selling_points_title":"","selling_points_caption":"","selling_points":[],"selling_points_cta_text":"","features_title":"","features":"","ed_cta_examples_text":"","ed_cta_examples_hidden":"","ed_cta_demo_text":"","ed_cta_demo_hidden":"","why_caption":"","why_editor_title":"","why_editor_text":"","why_team_title":"","why_team_text":"","why_service_title":"","why_service_text":"","template_catalog_visible":"","template_catalog_title":"","template_catalog_text":"","template_catalog_categories_visible":"","demo_title":"Crea tu widget de localizador de tiendas","demo_caption":"\u00a1Configure su localizador de tiendas y agr\u00e9guelo a su sitio web de Google Sites de forma gratuita!","default_faq_hidden":"","app_template_category":[],"platform":"67","template_public_id":"","codecanyon_url":"","codecanyon_item_id":"","codecanyon_price":"","pricing_caption":"","pricing_elfsight_apps_hide_column":"","pricing_elfsight_apps_url":"","pricing_codecanyon_price_caption":"","integration_category":[],"integration_request_title":"","integration_request_cta":"","integration_platform":"","integrations":[],"platform_category":[],"video_schema_markup":"","price":"desde $0 \/ mes","trial":"","benefits":[{"text":"Servicio de instalaci\u00f3n gratuito"},{"text":"Servicio al cliente competente"},{"text":"Garant\u00eda de reembolso de 14 d\u00edas"},{"text":"Desarrollo continuo"}],"button_url":"#demo","button_target_blank":"","button_nofollow":"","attributes":[{"name":"Instalaciones","content":"10,000 - 100,000"},{"name":"Sensible","content":"S\u00ed"},{"name":"Navegadores compatibles","content":"Firefox, Safari, Opera, Chrome, Edge"}],"tags":[],"tags_disable_links":"","hide_more_platforms":"","video_object":"","demo_hide_cta":"","demo_hide_cloud_options":"","pricing_title":"","pricing":[{"pricing_icon":"platform","pricing_title":"Elfsight Apps","pricing_title_caption":"Soluci\u00f3n digital multiplataforma que se adapta a cualquier sitio.","pricing_price":"desde $0 \/ mes","pricing_price_caption":"comienza con un plan gratuito","pricing_benefits":[{"text":"Dominios ilimitados"},{"text":"Soporte r\u00e1pido y bien documentado."},{"text":"Asistencia de instalaci\u00f3n gratuita"},{"text":"Totalmente personalizable"}],"pricing_button_text":"A\u00f1adir al sitio web","pricing_button_url":"#demo"}],"related_apps_title":"","related_apps_hidden":"","author":"","image":[],"title":"","job":"","social_networks":[]},"_links":{"self":[{"href":"https:\/\/elfsight.com\/es\/wp-json\/wp\/v2\/pages\/15402","targetHints":{"allow":["GET"]}}],"collection":[{"href":"https:\/\/elfsight.com\/es\/wp-json\/wp\/v2\/pages"}],"about":[{"href":"https:\/\/elfsight.com\/es\/wp-json\/wp\/v2\/types\/page"}],"author":[{"embeddable":true,"href":"https:\/\/elfsight.com\/es\/wp-json\/wp\/v2\/users\/9"}],"replies":[{"embeddable":true,"href":"https:\/\/elfsight.com\/es\/wp-json\/wp\/v2\/comments?post=15402"}],"version-history":[{"count":3,"href":"https:\/\/elfsight.com\/es\/wp-json\/wp\/v2\/pages\/15402\/revisions"}],"predecessor-version":[{"id":18366,"href":"https:\/\/elfsight.com\/es\/wp-json\/wp\/v2\/pages\/15402\/revisions\/18366"}],"up":[{"embeddable":true,"href":"https:\/\/elfsight.com\/es\/wp-json\/wp\/v2\/pages\/17029"}],"wp:attachment":[{"href":"https:\/\/elfsight.com\/es\/wp-json\/wp\/v2\/media?parent=15402"}],"curies":[{"name":"wp","href":"https:\/\/api.w.org\/{rel}","templated":true}]}}