{"id":15401,"date":"1970-01-01T00:00:00","date_gmt":"1970-01-01T00:00:00","guid":{"rendered":"https:\/\/elfsight.com\/es\/?page_id=15401"},"modified":"2025-02-06T15:29:20","modified_gmt":"2025-02-06T15:29:20","slug":"godaddy","status":"publish","type":"page","link":"https:\/\/elfsight.com\/es\/store-locator-widget\/godaddy\/","title":{"rendered":"Store Locator &#8211; GoDaddy"},"content":{"rendered":"<div class=\"application-platform-content-item-description application-platform-content-item\" id=\"description\" data-nav-section=\"description\"> <h2>Incorpore el localizador de tiendas en GoDaddy con un complemento de Elfsight<\/h2> <p>El localizador de tiendas de Elfsight para GoDaddy es un widget din\u00e1mico y personalizable creado para elevar la usabilidad de su sitio web y la satisfacci\u00f3n del cliente al hacer que sea m\u00e1s f\u00e1cil que nunca para sus clientes encontrar la direcci\u00f3n de su empresa. Con un conjunto de funciones \u00fatiles inventadas para brindar utilidad y rendimiento, este widget es su soluci\u00f3n clave para mostrar las ubicaciones f\u00edsicas de su empresa de una manera clara y conveniente. \u00a1Agr\u00e9guelo ahora y vea c\u00f3mo transforma su sitio web en un \u00fatil buscador de tiendas!<\/p> <p>Al incorporar el widget, mejorar\u00e1 su confiabilidad entre los clientes al brindar informaci\u00f3n detallada sobre las ubicaciones f\u00edsicas de su empresa, asegurando a todos su presencia real. Esto puede resultar en una toma de decisiones m\u00e1s r\u00e1pida y una mejor experiencia de compra entre los clientes. <\/p><p><b>Integre el magn\u00edfico buscador de tiendas para mostrar su ubicaci\u00f3n y datos de operaci\u00f3n importantes. Muestre su direcci\u00f3n f\u00edsica e informaci\u00f3n relevante invitando a clientes adicionales en la tienda. <\/b><\/p><\/div> <div class=\"application-platform-content-item-features application-platform-content-item\" id=\"features\" data-nav-section=\"features\"> <h2>Estas son solo algunas de las muchas funciones del widget:<\/h2> <ul><li>Elecci\u00f3n clara de direcci\u00f3n<\/li><li>Funciones de mapas interactivos<\/li><li>Botones de interacci\u00f3n de ubicaci\u00f3n que admiten integraciones <\/li><li>Tarjeta de ubicaci\u00f3n sencilla al seleccionar el marcador<\/li><li>Horario comercial y horario de atenci\u00f3n de la ubicaci\u00f3n estado abierto<\/li><\/ul><p><a href=\"#demo\">Pruebe todas las opciones de personalizaci\u00f3n en una demostraci\u00f3n con todas las funciones<\/a><\/p><\/div> <div class=\"application-platform-content-item-installation application-platform-content-item\" id=\"installation\" data-nav-section=\"installation\"> <h2>\u00bfC\u00f3mo incorporo Store Locator en mi sitio web de GoDaddy?<\/h2> <p>Simplemente siga las instrucciones a continuaci\u00f3n para integrar la herramienta. <\/p> <ol><li><b>Utilice nuestro editor gratuito y comience a crear su complemento personalizado. <\/b><br> Especifique el dise\u00f1o y los aspectos preferidos de la herramienta y guarde las correcciones. <\/li> <li><b>Obtenga el c\u00f3digo \u00fanico que aparece en el cuadro de Elfsight Apps. <\/b><br> Tan pronto como finalice la configuraci\u00f3n de su complemento personal, copie el c\u00f3digo personal de la ventana emergente que aparece y gu\u00e1rdelo para ocasiones posteriores. <\/li> <li><b>Comience a usar la herramienta en su sitio GoDaddy. <\/b><br> Pega el c\u00f3digo que has copiado recientemente en tu sitio web y aplica los ajustes. <\/li> <li><b>La configuraci\u00f3n se realiz\u00f3 exitosamente. <\/b><br> Visite su sitio para examinar el funcionamiento del widget. <\/li><\/ol> <p>A condici\u00f3n de resolver dudas o afrontar algunos problemas, no dude en buscar ayuda de nuestro personal de atenci\u00f3n al cliente. Nuestra gente estar\u00e1 encantada de resolver todos los problemas que pueda tener con el complemento. <\/p><\/div>","protected":false},"excerpt":{"rendered":"","protected":false},"author":9,"featured_media":0,"parent":17029,"menu_order":0,"comment_status":"closed","ping_status":"closed","template":"templates\/template-application-platform.php","meta":{"publish_to_discourse":"","publish_post_category":"","wpdc_auto_publish_overridden":"","wpdc_topic_tags":"","wpdc_pin_topic":"","wpdc_pin_until":"","discourse_post_id":"","discourse_permalink":"","wpdc_publishing_response":"","wpdc_publishing_error":"","footnotes":""},"class_list":["post-15401","page","type-page","status-publish","hentry"],"yoast_head":"<!-- This site is optimized with the Yoast SEO plugin v25.3.1 - https:\/\/yoast.com\/wordpress\/plugins\/seo\/ -->\n<title>Agregue el localizador de tiendas a GoDaddy: use el buscador de tiendas gratuito en los sitios<\/title>\n<meta name=\"description\" content=\"Integre el localizador de tiendas personalizable en el sitio web de GoDaddy para mejorar la satisfacci\u00f3n del cliente. Utilice una demostraci\u00f3n sencilla de Elfsight para crear el widget.\" \/>\n<meta name=\"robots\" content=\"index, follow, max-snippet:-1, max-image-preview:large, max-video-preview:-1\" \/>\n<link rel=\"canonical\" href=\"https:\/\/elfsight.com\/es\/store-locator-widget\/godaddy\/\" \/>\n<meta property=\"og:locale\" content=\"es_ES\" \/>\n<meta property=\"og:type\" content=\"article\" \/>\n<meta property=\"og:title\" content=\"Agregue el localizador de tiendas a GoDaddy: use el buscador de tiendas gratuito en los sitios\" \/>\n<meta property=\"og:description\" content=\"Integre el localizador de tiendas personalizable en el sitio web de GoDaddy para mejorar la satisfacci\u00f3n del cliente. Utilice una demostraci\u00f3n sencilla de Elfsight para crear el widget.\" \/>\n<meta property=\"og:url\" content=\"https:\/\/elfsight.com\/es\/store-locator-widget\/godaddy\/\" \/>\n<meta property=\"og:site_name\" content=\"Elfsight ES\" \/>\n<meta property=\"article:modified_time\" content=\"2025-02-06T15:29:20+00:00\" \/>\n<meta name=\"twitter:card\" content=\"summary_large_image\" \/>\n<meta name=\"twitter:label1\" content=\"Tiempo de lectura\" \/>\n\t<meta name=\"twitter:data1\" content=\"2 minutos\" \/>\n<!-- \/ Yoast SEO plugin. -->","yoast_head_json":{"title":"Agregue el localizador de tiendas a GoDaddy: use el buscador de tiendas gratuito en los sitios","description":"Integre el localizador de tiendas personalizable en el sitio web de GoDaddy para mejorar la satisfacci\u00f3n del cliente. Utilice una demostraci\u00f3n sencilla de Elfsight para crear el widget.","robots":{"index":"index","follow":"follow","max-snippet":"max-snippet:-1","max-image-preview":"max-image-preview:large","max-video-preview":"max-video-preview:-1"},"canonical":"https:\/\/elfsight.com\/es\/store-locator-widget\/godaddy\/","og_locale":"es_ES","og_type":"article","og_title":"Agregue el localizador de tiendas a GoDaddy: use el buscador de tiendas gratuito en los sitios","og_description":"Integre el localizador de tiendas personalizable en el sitio web de GoDaddy para mejorar la satisfacci\u00f3n del cliente. Utilice una demostraci\u00f3n sencilla de Elfsight para crear el widget.","og_url":"https:\/\/elfsight.com\/es\/store-locator-widget\/godaddy\/","og_site_name":"Elfsight ES","article_modified_time":"2025-02-06T15:29:20+00:00","twitter_card":"summary_large_image","twitter_misc":{"Tiempo de lectura":"2 minutos"},"schema":{"@context":"https:\/\/schema.org","@graph":[{"@type":"WebPage","@id":"https:\/\/elfsight.com\/es\/store-locator-widget\/godaddy\/","url":"https:\/\/elfsight.com\/es\/store-locator-widget\/godaddy\/","name":"Agregue el localizador de tiendas a GoDaddy: use el buscador de tiendas gratuito en los sitios","isPartOf":{"@id":"https:\/\/elfsight.com\/es\/#website"},"datePublished":"1970-01-01T00:00:00+00:00","dateModified":"2025-02-06T15:29:20+00:00","description":"Integre el localizador de tiendas personalizable en el sitio web de GoDaddy para mejorar la satisfacci\u00f3n del cliente. Utilice una demostraci\u00f3n sencilla de Elfsight para crear el widget.","breadcrumb":{"@id":"https:\/\/elfsight.com\/es\/store-locator-widget\/godaddy\/#breadcrumb"},"inLanguage":"es","potentialAction":[{"@type":"ReadAction","target":["https:\/\/elfsight.com\/es\/store-locator-widget\/godaddy\/"]}]},{"@type":"BreadcrumbList","@id":"https:\/\/elfsight.com\/es\/store-locator-widget\/godaddy\/#breadcrumb","itemListElement":[{"@type":"ListItem","position":1,"name":"Home","item":"https:\/\/elfsight.com\/es\/"},{"@type":"ListItem","position":2,"name":"Store Locator","item":"https:\/\/elfsight.com\/es\/store-locator-widget\/"},{"@type":"ListItem","position":3,"name":"Store Locator &#8211; GoDaddy"}]},{"@type":"WebSite","@id":"https:\/\/elfsight.com\/es\/#website","url":"https:\/\/elfsight.com\/es\/","name":"Elfsight ES","description":"Just another Elfsight Sites site","potentialAction":[{"@type":"SearchAction","target":{"@type":"EntryPoint","urlTemplate":"https:\/\/elfsight.com\/es\/?s={search_term_string}"},"query-input":{"@type":"PropertyValueSpecification","valueRequired":true,"valueName":"search_term_string"}}],"inLanguage":"es"}]}},"meta_box":{"industry":"","seo_heading":"","heading":"","description":"","cta_heading":"","cta_description":"","application":"5118","h1":"Complemento de localizaci\u00f3n de tiendas GoDaddy","h1_caption":"Logre una mayor credibilidad y obtenga m\u00e1s visitas f\u00edsicas","application_category":[],"applications_title":"","applications_request_title":"","applications_request_button_text":"","hero_text":"","hero_video":"","hero_video_schema_markup":"","selling_points_title":"","selling_points_caption":"","selling_points":[],"selling_points_cta_text":"","features_title":"","features":"","ed_cta_examples_text":"","ed_cta_examples_hidden":"","ed_cta_demo_text":"","ed_cta_demo_hidden":"","why_caption":"","why_editor_title":"","why_editor_text":"","why_team_title":"","why_team_text":"","why_service_title":"","why_service_text":"","template_catalog_visible":"","template_catalog_title":"","template_catalog_text":"","template_catalog_categories_visible":"","demo_title":"Crea tu complemento de localizaci\u00f3n de tiendas","demo_caption":"\u00a1Configura tu localizador de tiendas y agr\u00e9galo a tu sitio web de GoDaddy gratis!","default_faq_hidden":"","app_template_category":[],"platform":"2183","template_public_id":"","codecanyon_url":"","codecanyon_item_id":"","codecanyon_price":"","pricing_caption":"","pricing_elfsight_apps_hide_column":"","pricing_elfsight_apps_url":"","pricing_codecanyon_price_caption":"","integration_category":[],"integration_request_title":"","integration_request_cta":"","integration_platform":"","integrations":[],"platform_category":[],"video_schema_markup":"","price":"desde $0 \/ mes","trial":"","benefits":[{"text":"Ayuda de instalaci\u00f3n gratuita"},{"text":"Servicio al cliente eficaz"},{"text":"Garant\u00eda de reembolso de 14 d\u00edas"},{"text":"Actualizaciones gratuitas continuas"}],"button_url":"#demo","button_target_blank":"","button_nofollow":"","attributes":[{"name":"Instalaciones","content":"10,000 - 100,000"},{"name":"Sensible","content":"S\u00ed"},{"name":"Navegadores compatibles","content":"Firefox, Safari, Opera, Chrome, Edge"}],"tags":[],"tags_disable_links":"","hide_more_platforms":"","video_object":"","demo_hide_cta":"","demo_hide_cloud_options":"","pricing_title":"","pricing":[{"pricing_icon":"platform","pricing_title":"Elfsight Apps","pricing_title_caption":"Versi\u00f3n multiplataforma","pricing_price":"desde $0 \/ mes","pricing_price_caption":"comienza con un plan gratuito","pricing_benefits":[{"text":"Dominios ilimitados"},{"text":"Soporte profesional, puntual y bien documentado."},{"text":"Ayuda de instalaci\u00f3n gratuita"},{"text":"Dise\u00f1o flexible"}],"pricing_button_text":"A\u00f1adir al sitio web","pricing_button_url":"#demo"}],"related_apps_title":"","related_apps_hidden":"","author":"","image":[],"title":"","job":"","social_networks":[]},"_links":{"self":[{"href":"https:\/\/elfsight.com\/es\/wp-json\/wp\/v2\/pages\/15401","targetHints":{"allow":["GET"]}}],"collection":[{"href":"https:\/\/elfsight.com\/es\/wp-json\/wp\/v2\/pages"}],"about":[{"href":"https:\/\/elfsight.com\/es\/wp-json\/wp\/v2\/types\/page"}],"author":[{"embeddable":true,"href":"https:\/\/elfsight.com\/es\/wp-json\/wp\/v2\/users\/9"}],"replies":[{"embeddable":true,"href":"https:\/\/elfsight.com\/es\/wp-json\/wp\/v2\/comments?post=15401"}],"version-history":[{"count":3,"href":"https:\/\/elfsight.com\/es\/wp-json\/wp\/v2\/pages\/15401\/revisions"}],"predecessor-version":[{"id":18367,"href":"https:\/\/elfsight.com\/es\/wp-json\/wp\/v2\/pages\/15401\/revisions\/18367"}],"up":[{"embeddable":true,"href":"https:\/\/elfsight.com\/es\/wp-json\/wp\/v2\/pages\/17029"}],"wp:attachment":[{"href":"https:\/\/elfsight.com\/es\/wp-json\/wp\/v2\/media?parent=15401"}],"curies":[{"name":"wp","href":"https:\/\/api.w.org\/{rel}","templated":true}]}}