{"id":15399,"date":"1970-01-01T00:00:00","date_gmt":"1970-01-01T00:00:00","guid":{"rendered":"https:\/\/elfsight.com\/es\/?page_id=15399"},"modified":"2025-02-06T15:29:29","modified_gmt":"2025-02-06T15:29:29","slug":"elementor","status":"publish","type":"page","link":"https:\/\/elfsight.com\/es\/store-locator-widget\/elementor\/","title":{"rendered":"Store Locator &#8211; Elementor"},"content":{"rendered":"<div class=\"application-platform-content-item-description application-platform-content-item\" id=\"description\" data-nav-section=\"description\"> <h2>Incorpore el localizador de tiendas en Elementor con un widget de Elfsight<\/h2> <p>El localizador de tiendas de Elfsight para Elementor es un widget din\u00e1mico y flexible dise\u00f1ado para elevar la utilidad de su sitio web y la participaci\u00f3n del cliente al hacer que sea m\u00e1s f\u00e1cil que nunca para sus clientes encontrar sus tiendas. Con un conjunto de excelentes funciones dise\u00f1adas para la utilidad y el rendimiento, este widget es su mejor soluci\u00f3n para mostrar las ubicaciones de sus tiendas f\u00edsicas de una manera comprensible y f\u00e1cil de usar. \u00a1Pru\u00e9belo ahora y observe c\u00f3mo convierte su sitio web en un \u00fatil buscador de tiendas!<\/p> <p>Al agregar el widget, aumentar\u00e1 su confiabilidad entre los visitantes al brindar informaci\u00f3n detallada sobre las ubicaciones f\u00edsicas de su empresa, asegurando a todos su presencia establecida. Esto dar\u00e1 como resultado una toma de decisiones m\u00e1s r\u00e1pida y una experiencia de compra s\u00f3lida entre los visitantes. <\/p><p><b>Agregue el brillante buscador de tiendas para mostrar su ubicaci\u00f3n y datos \u00fatiles de la empresa. Resalte su direcci\u00f3n f\u00edsica e informaci\u00f3n relevante que atraiga clientes adicionales en la tienda. <\/b><\/p><\/div> <div class=\"application-platform-content-item-features application-platform-content-item\" id=\"features\" data-nav-section=\"features\"> <h2>Encuentre las siguientes caracter\u00edsticas centrales del widget:<\/h2> <ul><li>Selecci\u00f3n din\u00e1mica de direcciones<\/li><li>Caracter\u00edsticas \u00fatiles del mapa<\/li><li>Botones de acci\u00f3n de ubicaci\u00f3n con integraciones <\/li><li>Ventana emergente detallada de ubicaci\u00f3n en la selecci\u00f3n de marcadores<\/li><li>Hora comercial de ubicaci\u00f3n y fecha estado abierto<\/li><\/ul><p><a href=\"#demo\">Puedes comprobar cu\u00e1nto vale el widget usando la demostraci\u00f3n<\/a><\/p><\/div> <div class=\"application-platform-content-item-installation application-platform-content-item\" id=\"installation\" data-nav-section=\"installation\"> <h2>\u00bfC\u00f3mo incorporo Store Locator en mi p\u00e1gina web de Elementor?<\/h2> <p>Simplemente sigue las siguientes pautas para integrar el complemento. <\/p> <ol><li><b>Inicie nuestra demostraci\u00f3n gratuita y comience a formar su propio instrumento. <\/b><br> Especifique la forma y opciones adecuadas de la herramienta y aplique las correcciones. <\/li> <li><b>Obtenga su c\u00f3digo individual que aparece en la ventana de Elfsight Apps. <\/b><br> Tan pronto como finalice el establecimiento de su widget personal, copie el c\u00f3digo exclusivo en la ventana que aparece y gu\u00e1rdelo para usarlo en el futuro. <\/li> <li><b>Ingrese al uso de la herramienta en su sitio Elementor. <\/b><br> Agregue el c\u00f3digo copiado anteriormente en su p\u00e1gina y guarde las ediciones. <\/li> <li><b>\u00a1Ya terminaste! La incrustaci\u00f3n se realiza con \u00e9xito. <\/b><br> Vaya a su p\u00e1gina para comprobar el rendimiento del widget. <\/li><\/ol> <p>En caso de tener preguntas o enfrentar algunas complicaciones, busque ayuda de nuestro personal de atenci\u00f3n al cliente. Nuestros consultores estar\u00e1n encantados de resolver todos los problemas que pueda tener con el producto. <\/p><\/div>","protected":false},"excerpt":{"rendered":"","protected":false},"author":9,"featured_media":0,"parent":17029,"menu_order":0,"comment_status":"closed","ping_status":"closed","template":"templates\/template-application-platform.php","meta":{"publish_to_discourse":"","publish_post_category":"","wpdc_auto_publish_overridden":"","wpdc_topic_tags":"","wpdc_pin_topic":"","wpdc_pin_until":"","discourse_post_id":"","discourse_permalink":"","wpdc_publishing_response":"","wpdc_publishing_error":"","footnotes":""},"class_list":["post-15399","page","type-page","status-publish","hentry"],"yoast_head":"<!-- This site is optimized with the Yoast SEO plugin v25.3.1 - https:\/\/yoast.com\/wordpress\/plugins\/seo\/ -->\n<title>Agregue un localizador de tiendas a Elementor: atraiga a m\u00e1s clientes en la tienda<\/title>\n<meta name=\"description\" content=\"Incorpore un \u00fatil localizador de tiendas en su sitio web de Elementor. Benef\u00edciese de la sencilla demostraci\u00f3n de Elfsight para generar el potente widget.\" \/>\n<meta name=\"robots\" content=\"index, follow, max-snippet:-1, max-image-preview:large, max-video-preview:-1\" \/>\n<link rel=\"canonical\" href=\"https:\/\/elfsight.com\/es\/store-locator-widget\/elementor\/\" \/>\n<meta property=\"og:locale\" content=\"es_ES\" \/>\n<meta property=\"og:type\" content=\"article\" \/>\n<meta property=\"og:title\" content=\"Agregue un localizador de tiendas a Elementor: atraiga a m\u00e1s clientes en la tienda\" \/>\n<meta property=\"og:description\" content=\"Incorpore un \u00fatil localizador de tiendas en su sitio web de Elementor. Benef\u00edciese de la sencilla demostraci\u00f3n de Elfsight para generar el potente widget.\" \/>\n<meta property=\"og:url\" content=\"https:\/\/elfsight.com\/es\/store-locator-widget\/elementor\/\" \/>\n<meta property=\"og:site_name\" content=\"Elfsight ES\" \/>\n<meta property=\"article:modified_time\" content=\"2025-02-06T15:29:29+00:00\" \/>\n<meta name=\"twitter:card\" content=\"summary_large_image\" \/>\n<meta name=\"twitter:label1\" content=\"Tiempo de lectura\" \/>\n\t<meta name=\"twitter:data1\" content=\"2 minutos\" \/>\n<!-- \/ Yoast SEO plugin. -->","yoast_head_json":{"title":"Agregue un localizador de tiendas a Elementor: atraiga a m\u00e1s clientes en la tienda","description":"Incorpore un \u00fatil localizador de tiendas en su sitio web de Elementor. Benef\u00edciese de la sencilla demostraci\u00f3n de Elfsight para generar el potente widget.","robots":{"index":"index","follow":"follow","max-snippet":"max-snippet:-1","max-image-preview":"max-image-preview:large","max-video-preview":"max-video-preview:-1"},"canonical":"https:\/\/elfsight.com\/es\/store-locator-widget\/elementor\/","og_locale":"es_ES","og_type":"article","og_title":"Agregue un localizador de tiendas a Elementor: atraiga a m\u00e1s clientes en la tienda","og_description":"Incorpore un \u00fatil localizador de tiendas en su sitio web de Elementor. Benef\u00edciese de la sencilla demostraci\u00f3n de Elfsight para generar el potente widget.","og_url":"https:\/\/elfsight.com\/es\/store-locator-widget\/elementor\/","og_site_name":"Elfsight ES","article_modified_time":"2025-02-06T15:29:29+00:00","twitter_card":"summary_large_image","twitter_misc":{"Tiempo de lectura":"2 minutos"},"schema":{"@context":"https:\/\/schema.org","@graph":[{"@type":"WebPage","@id":"https:\/\/elfsight.com\/es\/store-locator-widget\/elementor\/","url":"https:\/\/elfsight.com\/es\/store-locator-widget\/elementor\/","name":"Agregue un localizador de tiendas a Elementor: atraiga a m\u00e1s clientes en la tienda","isPartOf":{"@id":"https:\/\/elfsight.com\/es\/#website"},"datePublished":"1970-01-01T00:00:00+00:00","dateModified":"2025-02-06T15:29:29+00:00","description":"Incorpore un \u00fatil localizador de tiendas en su sitio web de Elementor. Benef\u00edciese de la sencilla demostraci\u00f3n de Elfsight para generar el potente widget.","breadcrumb":{"@id":"https:\/\/elfsight.com\/es\/store-locator-widget\/elementor\/#breadcrumb"},"inLanguage":"es","potentialAction":[{"@type":"ReadAction","target":["https:\/\/elfsight.com\/es\/store-locator-widget\/elementor\/"]}]},{"@type":"BreadcrumbList","@id":"https:\/\/elfsight.com\/es\/store-locator-widget\/elementor\/#breadcrumb","itemListElement":[{"@type":"ListItem","position":1,"name":"Home","item":"https:\/\/elfsight.com\/es\/"},{"@type":"ListItem","position":2,"name":"Store Locator","item":"https:\/\/elfsight.com\/es\/store-locator-widget\/"},{"@type":"ListItem","position":3,"name":"Store Locator &#8211; Elementor"}]},{"@type":"WebSite","@id":"https:\/\/elfsight.com\/es\/#website","url":"https:\/\/elfsight.com\/es\/","name":"Elfsight ES","description":"Just another Elfsight Sites site","potentialAction":[{"@type":"SearchAction","target":{"@type":"EntryPoint","urlTemplate":"https:\/\/elfsight.com\/es\/?s={search_term_string}"},"query-input":{"@type":"PropertyValueSpecification","valueRequired":true,"valueName":"search_term_string"}}],"inLanguage":"es"}]}},"meta_box":{"industry":"","seo_heading":"","heading":"","description":"","cta_heading":"","cta_description":"","application":"5118","h1":"Widget de localizaci\u00f3n de tiendas de Elementor","h1_caption":"Logre una mejor lealtad creando un recorrido s\u00f3lido para el cliente","application_category":[],"applications_title":"","applications_request_title":"","applications_request_button_text":"","hero_text":"","hero_video":"","hero_video_schema_markup":"","selling_points_title":"","selling_points_caption":"","selling_points":[],"selling_points_cta_text":"","features_title":"","features":"","ed_cta_examples_text":"","ed_cta_examples_hidden":"","ed_cta_demo_text":"","ed_cta_demo_hidden":"","why_caption":"","why_editor_title":"","why_editor_text":"","why_team_title":"","why_team_text":"","why_service_title":"","why_service_text":"","template_catalog_visible":"","template_catalog_title":"","template_catalog_text":"","template_catalog_categories_visible":"","demo_title":"Crea tu widget de localizador de tiendas","demo_caption":"\u00a1Configure su localizador de tiendas y agr\u00e9guelo a su sitio web de Elementor gratis!","default_faq_hidden":"","app_template_category":[],"platform":"58","template_public_id":"","codecanyon_url":"","codecanyon_item_id":"","codecanyon_price":"","pricing_caption":"","pricing_elfsight_apps_hide_column":"","pricing_elfsight_apps_url":"","pricing_codecanyon_price_caption":"","integration_category":[],"integration_request_title":"","integration_request_cta":"","integration_platform":"","integrations":[],"platform_category":[],"video_schema_markup":"","price":"desde $0 \/ mes","trial":"","benefits":[{"text":"Asistencia de instalaci\u00f3n gratuita"},{"text":"Servicio al cliente eficaz"},{"text":"Garant\u00eda de devoluci\u00f3n de dinero de 14 d\u00edas"},{"text":"Actualizaciones continuas"}],"button_url":"#demo","button_target_blank":"","button_nofollow":"","attributes":[{"name":"Instalaciones","content":"10,000 - 100,000"},{"name":"Sensible","content":"S\u00ed"},{"name":"Navegadores compatibles","content":"Firefox, Safari, Opera, Chrome, Edge"}],"tags":[],"tags_disable_links":"","hide_more_platforms":"","video_object":"","demo_hide_cta":"","demo_hide_cloud_options":"","pricing_title":"","pricing":[{"pricing_icon":"platform","pricing_title":"Elfsight Apps","pricing_title_caption":"Soluci\u00f3n multiplataforma","pricing_price":"desde $0 \/ mes","pricing_price_caption":"comienza con un plan gratuito","pricing_benefits":[{"text":"Uso ilimitado en m\u00faltiples dominios"},{"text":"Soporte gratuito 24 horas al d\u00eda, 7 d\u00edas a la semana"},{"text":"Soporte gratuito de instalaci\u00f3n y configuraci\u00f3n"},{"text":"Totalmente personalizable para satisfacer sus necesidades"}],"pricing_button_text":"A\u00f1adir al sitio web","pricing_button_url":"#demo"}],"related_apps_title":"","related_apps_hidden":"","author":"","image":[],"title":"","job":"","social_networks":[]},"_links":{"self":[{"href":"https:\/\/elfsight.com\/es\/wp-json\/wp\/v2\/pages\/15399","targetHints":{"allow":["GET"]}}],"collection":[{"href":"https:\/\/elfsight.com\/es\/wp-json\/wp\/v2\/pages"}],"about":[{"href":"https:\/\/elfsight.com\/es\/wp-json\/wp\/v2\/types\/page"}],"author":[{"embeddable":true,"href":"https:\/\/elfsight.com\/es\/wp-json\/wp\/v2\/users\/9"}],"replies":[{"embeddable":true,"href":"https:\/\/elfsight.com\/es\/wp-json\/wp\/v2\/comments?post=15399"}],"version-history":[{"count":3,"href":"https:\/\/elfsight.com\/es\/wp-json\/wp\/v2\/pages\/15399\/revisions"}],"predecessor-version":[{"id":18369,"href":"https:\/\/elfsight.com\/es\/wp-json\/wp\/v2\/pages\/15399\/revisions\/18369"}],"up":[{"embeddable":true,"href":"https:\/\/elfsight.com\/es\/wp-json\/wp\/v2\/pages\/17029"}],"wp:attachment":[{"href":"https:\/\/elfsight.com\/es\/wp-json\/wp\/v2\/media?parent=15399"}],"curies":[{"name":"wp","href":"https:\/\/api.w.org\/{rel}","templated":true}]}}