{"id":15392,"date":"1970-01-01T00:00:00","date_gmt":"1970-01-01T00:00:00","guid":{"rendered":"https:\/\/elfsight.com\/es\/?page_id=15392"},"modified":"2025-02-06T15:29:29","modified_gmt":"2025-02-06T15:29:29","slug":"bigcommerce","status":"publish","type":"page","link":"https:\/\/elfsight.com\/es\/store-locator-widget\/bigcommerce\/","title":{"rendered":"Store Locator &#8211; BigCommerce"},"content":{"rendered":"<div class=\"application-platform-content-item-description application-platform-content-item\" id=\"description\" data-nav-section=\"description\"> <h2>Incorpore el localizador de tiendas en BigCommerce con una aplicaci\u00f3n de Elfsight<\/h2> <p>El localizador de tiendas de Elfsight para BigCommerce es un widget potente y flexible dise\u00f1ado para mejorar la usabilidad de su sitio web y la participaci\u00f3n del cliente, haciendo que sea m\u00e1s f\u00e1cil que nunca para sus clientes encontrar el camino a su direcci\u00f3n comercial. Con una serie de funciones \u00fatiles inventadas para brindar utilidad y rendimiento, este widget es su mejor soluci\u00f3n para demostrar las ubicaciones de sus tiendas f\u00edsicas de una manera clara y conveniente. \u00a1A\u00f1\u00e1delo ahora mismo y observa c\u00f3mo transforma tu sitio web en un maravilloso buscador de tiendas!<\/p> <p>Al incorporar el widget, aumentar\u00e1s tu credibilidad entre los clientes al proporcionar informaci\u00f3n detallada sobre las ubicaciones f\u00edsicas de tu negocio, asegurando a todos tu s\u00f3lida presencia. Esto podr\u00eda resultar en una toma de decisiones m\u00e1s r\u00e1pida y una mejor experiencia de compra entre los visitantes. <\/p><p><b>Benef\u00edciese del excelente buscador de tiendas para presentar su ubicaci\u00f3n y datos importantes de la empresa. Muestre su direcci\u00f3n f\u00edsica y la informaci\u00f3n requerida para atraer m\u00e1s visitantes a la tienda. <\/b><\/p><\/div> <div class=\"application-platform-content-item-features application-platform-content-item\" id=\"features\" data-nav-section=\"features\"> <h2>Estas son las caracter\u00edsticas centrales del widget:<\/h2> <ul><li>Elecci\u00f3n de direcci\u00f3n sin esfuerzo<\/li><li>Caracter\u00edsticas del mapa interactivo<\/li><li>Botones CTA de ubicaci\u00f3n habilitados con integraciones <\/li><li>Ventana emergente de ubicaci\u00f3n detallada al hacer clic en el marcador<\/li><li>Tiempo y tiempo de operaci\u00f3n de la ubicaci\u00f3n; estado actual<\/li><\/ul><p><a href=\"#demo\">Puedes probar todas las capacidades del widget en la demostraci\u00f3n aqu\u00ed mismo<\/a><\/p><\/div> <div class=\"application-platform-content-item-installation application-platform-content-item\" id=\"installation\" data-nav-section=\"installation\"> <h2>\u00bfC\u00f3mo puedo incrustar Store Locator en mis p\u00e1ginas de BigCommerce?<\/h2> <p>Simplemente siga las instrucciones a continuaci\u00f3n para insertar el complemento. <\/p> <ol><li><b>Inicie nuestro configurador gratuito y comience a darle forma a su widget personalizado. <\/b><br> Elija la forma y los aspectos preferidos del widget y aplique las correcciones. <\/li> <li><b>Reciba el c\u00f3digo \u00fanico que aparece en el cuadro de Elfsight Apps. <\/b><br> Inmediatamente despu\u00e9s de crear su widget personal, copie el c\u00f3digo personal en la ventana emergente que aparece y gu\u00e1rdelo para futuras necesidades. <\/li> <li><b>Comience a utilizar el complemento en el sitio de BigCommerce. <\/b><br> Pega el c\u00f3digo que has copiado recientemente en tu sitio web y aplica los ajustes. <\/li> <li><b>La configuraci\u00f3n se realiz\u00f3 correctamente. <\/b><br>Vaya a su p\u00e1gina web para revisar el funcionamiento del complemento. <\/li><\/ol> <p>Si tiene algunas dificultades, no dude en ponerse en contacto con nuestro equipo de atenci\u00f3n al cliente. Nuestra gente est\u00e1 deseando resolver todas las dudas que puedas tener con el producto. <\/p> <\/div>","protected":false},"excerpt":{"rendered":"","protected":false},"author":9,"featured_media":0,"parent":17029,"menu_order":0,"comment_status":"closed","ping_status":"closed","template":"templates\/template-application-platform.php","meta":{"publish_to_discourse":"","publish_post_category":"","wpdc_auto_publish_overridden":"","wpdc_topic_tags":"","wpdc_pin_topic":"","wpdc_pin_until":"","discourse_post_id":"","discourse_permalink":"","wpdc_publishing_response":"","wpdc_publishing_error":"","footnotes":""},"class_list":["post-15392","page","type-page","status-publish","hentry"],"yoast_head":"<!-- This site is optimized with the Yoast SEO plugin v25.3.1 - https:\/\/yoast.com\/wordpress\/plugins\/seo\/ -->\n<title>Agregar localizador de tiendas BigCommerce - Insertar indicador de tienda sin c\u00f3digo<\/title>\n<meta name=\"description\" content=\"Incorpore un localizador de tiendas f\u00e1cil de usar en el sitio web de BigCommerce para aumentar la credibilidad. Explore la pr\u00e1ctica demostraci\u00f3n de Elfsight para crear un widget r\u00e1pidamente.\" \/>\n<meta name=\"robots\" content=\"index, follow, max-snippet:-1, max-image-preview:large, max-video-preview:-1\" \/>\n<link rel=\"canonical\" href=\"https:\/\/elfsight.com\/es\/store-locator-widget\/bigcommerce\/\" \/>\n<meta property=\"og:locale\" content=\"es_ES\" \/>\n<meta property=\"og:type\" content=\"article\" \/>\n<meta property=\"og:title\" content=\"Agregar localizador de tiendas BigCommerce - Insertar indicador de tienda sin c\u00f3digo\" \/>\n<meta property=\"og:description\" content=\"Incorpore un localizador de tiendas f\u00e1cil de usar en el sitio web de BigCommerce para aumentar la credibilidad. Explore la pr\u00e1ctica demostraci\u00f3n de Elfsight para crear un widget r\u00e1pidamente.\" \/>\n<meta property=\"og:url\" content=\"https:\/\/elfsight.com\/es\/store-locator-widget\/bigcommerce\/\" \/>\n<meta property=\"og:site_name\" content=\"Elfsight ES\" \/>\n<meta property=\"article:modified_time\" content=\"2025-02-06T15:29:29+00:00\" \/>\n<meta name=\"twitter:card\" content=\"summary_large_image\" \/>\n<meta name=\"twitter:label1\" content=\"Tiempo de lectura\" \/>\n\t<meta name=\"twitter:data1\" content=\"2 minutos\" \/>\n<!-- \/ Yoast SEO plugin. -->","yoast_head_json":{"title":"Agregar localizador de tiendas BigCommerce - Insertar indicador de tienda sin c\u00f3digo","description":"Incorpore un localizador de tiendas f\u00e1cil de usar en el sitio web de BigCommerce para aumentar la credibilidad. Explore la pr\u00e1ctica demostraci\u00f3n de Elfsight para crear un widget r\u00e1pidamente.","robots":{"index":"index","follow":"follow","max-snippet":"max-snippet:-1","max-image-preview":"max-image-preview:large","max-video-preview":"max-video-preview:-1"},"canonical":"https:\/\/elfsight.com\/es\/store-locator-widget\/bigcommerce\/","og_locale":"es_ES","og_type":"article","og_title":"Agregar localizador de tiendas BigCommerce - Insertar indicador de tienda sin c\u00f3digo","og_description":"Incorpore un localizador de tiendas f\u00e1cil de usar en el sitio web de BigCommerce para aumentar la credibilidad. Explore la pr\u00e1ctica demostraci\u00f3n de Elfsight para crear un widget r\u00e1pidamente.","og_url":"https:\/\/elfsight.com\/es\/store-locator-widget\/bigcommerce\/","og_site_name":"Elfsight ES","article_modified_time":"2025-02-06T15:29:29+00:00","twitter_card":"summary_large_image","twitter_misc":{"Tiempo de lectura":"2 minutos"},"schema":{"@context":"https:\/\/schema.org","@graph":[{"@type":"WebPage","@id":"https:\/\/elfsight.com\/es\/store-locator-widget\/bigcommerce\/","url":"https:\/\/elfsight.com\/es\/store-locator-widget\/bigcommerce\/","name":"Agregar localizador de tiendas BigCommerce - Insertar indicador de tienda sin c\u00f3digo","isPartOf":{"@id":"https:\/\/elfsight.com\/es\/#website"},"datePublished":"1970-01-01T00:00:00+00:00","dateModified":"2025-02-06T15:29:29+00:00","description":"Incorpore un localizador de tiendas f\u00e1cil de usar en el sitio web de BigCommerce para aumentar la credibilidad. Explore la pr\u00e1ctica demostraci\u00f3n de Elfsight para crear un widget r\u00e1pidamente.","breadcrumb":{"@id":"https:\/\/elfsight.com\/es\/store-locator-widget\/bigcommerce\/#breadcrumb"},"inLanguage":"es","potentialAction":[{"@type":"ReadAction","target":["https:\/\/elfsight.com\/es\/store-locator-widget\/bigcommerce\/"]}]},{"@type":"BreadcrumbList","@id":"https:\/\/elfsight.com\/es\/store-locator-widget\/bigcommerce\/#breadcrumb","itemListElement":[{"@type":"ListItem","position":1,"name":"Home","item":"https:\/\/elfsight.com\/es\/"},{"@type":"ListItem","position":2,"name":"Store Locator","item":"https:\/\/elfsight.com\/es\/store-locator-widget\/"},{"@type":"ListItem","position":3,"name":"Store Locator &#8211; BigCommerce"}]},{"@type":"WebSite","@id":"https:\/\/elfsight.com\/es\/#website","url":"https:\/\/elfsight.com\/es\/","name":"Elfsight ES","description":"Just another Elfsight Sites site","potentialAction":[{"@type":"SearchAction","target":{"@type":"EntryPoint","urlTemplate":"https:\/\/elfsight.com\/es\/?s={search_term_string}"},"query-input":{"@type":"PropertyValueSpecification","valueRequired":true,"valueName":"search_term_string"}}],"inLanguage":"es"}]}},"meta_box":{"industry":"","seo_heading":"","heading":"","description":"","cta_heading":"","cta_description":"","application":"5118","h1":"Aplicaci\u00f3n Localizador de tiendas BigCommerce","h1_caption":"Aumente la credibilidad y atraiga m\u00e1s clientes en la tienda","application_category":[],"applications_title":"","applications_request_title":"","applications_request_button_text":"","hero_text":"","hero_video":"","hero_video_schema_markup":"","selling_points_title":"","selling_points_caption":"","selling_points":[],"selling_points_cta_text":"","features_title":"","features":"","ed_cta_examples_text":"","ed_cta_examples_hidden":"","ed_cta_demo_text":"","ed_cta_demo_hidden":"","why_caption":"","why_editor_title":"","why_editor_text":"","why_team_title":"","why_team_text":"","why_service_title":"","why_service_text":"","template_catalog_visible":"","template_catalog_title":"","template_catalog_text":"","template_catalog_categories_visible":"","demo_title":"Crea tu aplicaci\u00f3n de localizaci\u00f3n de tiendas","demo_caption":"\u00a1Configure su localizador de tiendas y agr\u00e9guelo a su sitio web de BigCommerce gratis!","default_faq_hidden":"","app_template_category":[],"platform":"33","template_public_id":"","codecanyon_url":"","codecanyon_item_id":"","codecanyon_price":"","pricing_caption":"","pricing_elfsight_apps_hide_column":"","pricing_elfsight_apps_url":"","pricing_codecanyon_price_caption":"","integration_category":[],"integration_request_title":"","integration_request_cta":"","integration_platform":"","integrations":[],"platform_category":[],"video_schema_markup":"","price":"desde $0 \/ mes","trial":"","benefits":[{"text":"Asistencia de instalaci\u00f3n gratuita"},{"text":"Soporte premium"},{"text":"Garant\u00eda de devoluci\u00f3n de dinero de 14 d\u00edas"},{"text":"Actualizaciones de por vida"}],"button_url":"#demo","button_target_blank":"","button_nofollow":"","attributes":[{"name":"Instalaciones","content":"10,000 - 100,000"},{"name":"Sensible","content":"S\u00ed"},{"name":"Navegadores compatibles","content":"Firefox, Safari, Opera, Chrome, Edge"}],"tags":[],"tags_disable_links":"","hide_more_platforms":"","video_object":"","demo_hide_cta":"","demo_hide_cloud_options":"","pricing_title":"","pricing":[{"pricing_icon":"platform","pricing_title":"Elfsight Apps","pricing_title_caption":"Versi\u00f3n multiplataforma que funciona en cualquier sitio web","pricing_price":"desde $0 \/ mes","pricing_price_caption":"comienza con un plan gratuito","pricing_benefits":[{"text":"Sitios web ilimitados"},{"text":"Soporte premium y puntual"},{"text":"Ayuda de instalaci\u00f3n gratuita"},{"text":"Dise\u00f1o flexible"}],"pricing_button_text":"A\u00f1adir al sitio web","pricing_button_url":"#demo"}],"related_apps_title":"","related_apps_hidden":"","author":"","image":[],"title":"","job":"","social_networks":[]},"_links":{"self":[{"href":"https:\/\/elfsight.com\/es\/wp-json\/wp\/v2\/pages\/15392","targetHints":{"allow":["GET"]}}],"collection":[{"href":"https:\/\/elfsight.com\/es\/wp-json\/wp\/v2\/pages"}],"about":[{"href":"https:\/\/elfsight.com\/es\/wp-json\/wp\/v2\/types\/page"}],"author":[{"embeddable":true,"href":"https:\/\/elfsight.com\/es\/wp-json\/wp\/v2\/users\/9"}],"replies":[{"embeddable":true,"href":"https:\/\/elfsight.com\/es\/wp-json\/wp\/v2\/comments?post=15392"}],"version-history":[{"count":3,"href":"https:\/\/elfsight.com\/es\/wp-json\/wp\/v2\/pages\/15392\/revisions"}],"predecessor-version":[{"id":18371,"href":"https:\/\/elfsight.com\/es\/wp-json\/wp\/v2\/pages\/15392\/revisions\/18371"}],"up":[{"embeddable":true,"href":"https:\/\/elfsight.com\/es\/wp-json\/wp\/v2\/pages\/17029"}],"wp:attachment":[{"href":"https:\/\/elfsight.com\/es\/wp-json\/wp\/v2\/media?parent=15392"}],"curies":[{"name":"wp","href":"https:\/\/api.w.org\/{rel}","templated":true}]}}