{"id":10,"date":"2021-04-19T07:56:44","date_gmt":"2021-04-19T07:56:44","guid":{"rendered":"https:\/\/elfsight.com\/es\/?page_id=10"},"modified":"2021-04-19T07:57:04","modified_gmt":"2021-04-19T07:57:04","slug":"widgets","status":"publish","type":"page","link":"https:\/\/elfsight.com\/es\/widgets\/","title":{"rendered":"Applications"},"content":{"rendered":"\n<h2>Widgets Elfsight<\/h2>\n<p>Ofrecemos los mejores plugins (gratuitos y premium) que le ayudar\u00e1n a incrementar sus ventas y captar un mejor y mayor n\u00famero de clientes:<\/p>\n<div class=\"col-row\">\n<div class=\"col-m-12 col-4\">\n<ul>\n<li>Widgets de redes sociales.<\/li>\n<li>Widgets para tiendas en l\u00ednea o e-commerce.<\/li>\n<li>Plugins para incrementar seguidores.<\/li>\n<\/ul>\n<\/div>\n<div class=\"col-m-12 col-4\">\n<ul>\n<li>Widgets para formularios<\/li>\n<li>Widgets de soporte t\u00e9cnico<\/li>\n<li>Plugins para incrementar el n\u00famero de ventas<\/li>\n<\/ul>\n<\/div>\n<div class=\"col-m-12 col-4\">\n<ul>\n<li>Widgets para negocios<\/li>\n<li>Widgets de contenido<\/li>\n<li>Plugins para redes sociales.<\/li>\n<\/ul>\n<\/div>\n<\/div>\n<p>Pruebe los mejores plugins para mejorar su sitio web. Cree sus propias herramientas para actualizar su sitio sin necesidad de c\u00f3digo.<\/p>\n\n<div class=\"faq\" data-component=\"FAQ\">\n<div class=\"faq-item\">\r\n\t\t\t\t\t<div class=\"faq-item-question\">\r\n\t\t\t\t\t\t<h3 class=\"faq-item-question-text\">\u00bfCon qu\u00e9 plataformas (CMS y desarrolladoras web) funcionan los widgets Elfsight?<\/h3>\r\n\r\n\t\t\t\t\t\t<div class=\"faq-item-question-icon\"><\/div>\r\n\t\t\t\t\t<\/div>\r\n\r\n\t\t\t\t\t<div class=\"faq-item-answer\">\r\n\t\t\t\t\t\t<div class=\"faq-item-answer-text\">\n<p>Todos nuestros widgets funcionan en las principales plataformas web: \n<a href=\"https:\/\/elfsight.com\/adobe-muse-widgets\/\" target=\"_blank\" rel=\"noopener noreferrer\">Adobe Muse<\/a>, \n<a href=\"https:\/\/elfsight.com\/bigcommerce-apps\/\" target=\"_blank\" rel=\"noopener noreferrer\">BigCommerce<\/a>, \n<a href=\"https:\/\/elfsight.com\/blogger-widgets\/\" target=\"_blank\" rel=\"noopener noreferrer\">Blogger<\/a>, \n<a href=\"https:\/\/elfsight.com\/drupal-modules\/\" target=\"_blank\" rel=\"noopener noreferrer\">Drupal<\/a>, \n<a href=\"https:\/\/elfsight.com\/joomla-extensions\/\" target=\"_blank\" rel=\"noopener noreferrer\">Joomla<\/a>, \n<a href=\"https:\/\/elfsight.com\/jquery-plugins\/\" target=\"_blank\" rel=\"noopener noreferrer\">jQuery<\/a>, \n<a href=\"https:\/\/elfsight.com\/magento-extensions\/\" target=\"_blank\" rel=\"noopener noreferrer\">Magento<\/a>, \n<a href=\"https:\/\/elfsight.com\/modx-plugins\/\" target=\"_blank\" rel=\"noopener noreferrer\">ModX<\/a>, \n<a href=\"https:\/\/elfsight.com\/html-widgets\/\" target=\"_blank\" rel=\"noopener noreferrer\">HTML<\/a>, \n<a href=\"https:\/\/elfsight.com\/opencart-extensions\/\" target=\"_blank\" rel=\"noopener noreferrer\">OpenCart<\/a>, \n<a href=\"https:\/\/elfsight.com\/shopify-apps\/\" target=\"_blank\" rel=\"noopener noreferrer\">Shopify<\/a>, \n<a href=\"https:\/\/elfsight.com\/squarespace-plugins\/\" target=\"_blank\" rel=\"noopener noreferrer\">Squarespace<\/a>, \n<a href=\"https:\/\/elfsight.com\/webflow-integrations\/\" target=\"_blank\" rel=\"noopener noreferrer\">Webflow<\/a>, \n<a href=\"https:\/\/elfsight.com\/webnode-plugins\/\" target=\"_blank\" rel=\"noopener noreferrer\">Webnode<\/a>, \n<a href=\"https:\/\/elfsight.com\/weebly-apps\/\" target=\"_blank\" rel=\"noopener noreferrer\">Weebly<\/a>, \n<a href=\"https:\/\/elfsight.com\/wix-apps\/\" target=\"_blank\" rel=\"noopener noreferrer\">Wix<\/a>, \n<a href=\"https:\/\/elfsight.com\/wordpress-plugins\/\" target=\"_blank\" rel=\"noopener noreferrer\">WordPress<\/a>, \n<a href=\"https:\/\/elfsight.com\/3dcart-apps\/\" target=\"_blank\" rel=\"noopener noreferrer\">3dCart<\/a>, \n<a href=\"https:\/\/elfsight.com\/blogspot-widgets\/\" target=\"_blank\" rel=\"noopener noreferrer\">Blogspot<\/a>,  \n<a href=\"https:\/\/elfsight.com\/lightspeed-plugins\/\" target=\"_blank\" rel=\"noopener noreferrer\">Lightspeed<\/a>, \n<a href=\"https:\/\/elfsight.com\/jimdo-widgets\/\" target=\"_blank\" rel=\"noopener noreferrer\">Jimdo<\/a>, \n<a href=\"https:\/\/elfsight.com\/iframe-widgets\/\" target=\"_blank\" rel=\"noopener noreferrer\">iFrame<\/a>, \n<a href=\"https:\/\/elfsight.com\/godaddy-plugins\/\" target=\"_blank\" rel=\"noopener noreferrer\">GoDaddy<\/a>, \n<a href=\"https:\/\/elfsight.com\/ecwid-widgets\/\" target=\"_blank\" rel=\"noopener noreferrer\">Ecwid<\/a>, \n<a href=\"https:\/\/elfsight.com\/duda-widgets\/\" target=\"_blank\" rel=\"noopener noreferrer\">Duda<\/a>, \n<a href=\"https:\/\/elfsight.com\/bigcartel-plugins\/\" target=\"_blank\" rel=\"noopener noreferrer\">BigCartel<\/a>, \n<a href=\"https:\/\/elfsight.com\/tumblr-widgets\/\" target=\"_blank\" rel=\"noopener noreferrer\">Tumblr<\/a>, \n<a href=\"https:\/\/elfsight.com\/elementor-widgets\/\" target=\"_blank\" rel=\"noopener noreferrer\">Elementor<\/a>, \n<a href=\"https:\/\/elfsight.com\/macaw-plugins\/\" target=\"_blank\" rel=\"noopener noreferrer\">Macaw<\/a>, \n<a href=\"https:\/\/elfsight.com\/cratejoy-apps\/\" target=\"_blank\" rel=\"noopener noreferrer\">CrateJoy<\/a>, \n<a href=\"https:\/\/elfsight.com\/lightcms-plugins\/\" target=\"_blank\" rel=\"noopener noreferrer\">LightCMS<\/a>, \n<a href=\"https:\/\/elfsight.com\/mobirise-extensions\/\" target=\"_blank\" rel=\"noopener noreferrer\">Mobrise<\/a>, \n<a href=\"https:\/\/elfsight.com\/dle-modules\/\" target=\"_blank\" rel=\"noopener noreferrer\">DLE<\/a>, \n<a href=\"https:\/\/elfsight.com\/cs-cart-addons\/\" target=\"_blank\" rel=\"noopener noreferrer\">CS Cart<\/a>, \n<a href=\"https:\/\/elfsight.com\/expressionengine-plugins\/\" target=\"_blank\" rel=\"noopener noreferrer\">Expression Engine<\/a>, \n<a href=\"https:\/\/elfsight.com\/bootstrap-plugins\/\" target=\"_blank\" rel=\"noopener noreferrer\">Bootstrap<\/a>, \n<a href=\"https:\/\/elfsight.com\/bitrix-apps\/\" target=\"_blank\" rel=\"noopener noreferrer\">Bitrix<\/a>, \n<a href=\"https:\/\/elfsight.com\/volusion-apps\/\" target=\"_blank\" rel=\"noopener noreferrer\">Volusion<\/a>, \n<a href=\"https:\/\/elfsight.com\/visual-composer-widgets\/\" target=\"_blank\" rel=\"noopener noreferrer\">Visual Composer<\/a>, \n<a href=\"https:\/\/elfsight.com\/strikingly-apps\/\" target=\"_blank\" rel=\"noopener noreferrer\">Strikingly<\/a>, \n<a href=\"https:\/\/elfsight.com\/ucoz-widgets\/\" target=\"_blank\" rel=\"noopener noreferrer\">Ucoz<\/a>, \n<a href=\"https:\/\/elfsight.com\/sitebuilder-modules\/\" target=\"_blank\" rel=\"noopener noreferrer\">Sitebuilder<\/a>, \n<a href=\"https:\/\/elfsight.com\/splash-extensions\/\" target=\"_blank\" rel=\"noopener noreferrer\">Splash<\/a>, \n<a href=\"https:\/\/elfsight.com\/pivot-plugins\/\" target=\"_blank\" rel=\"noopener noreferrer\">Pivot<\/a>, \n<a href=\"https:\/\/elfsight.com\/pinegrow-plugins\/\" target=\"_blank\" rel=\"noopener noreferrer\">Pinegrow<\/a>, \n<a href=\"https:\/\/elfsight.com\/optimizepress-plugins\/\" target=\"_blank\" rel=\"noopener noreferrer\">Optimizepress<\/a>, \n<a href=\"https:\/\/elfsight.com\/tilda-widgets\/\" target=\"_blank\" rel=\"noopener noreferrer\">Tilda<\/a>, <a href=\"https:\/\/elfsight.com\/facebook-page-widgets\/\" target=\"_blank\" rel=\"noopener noreferrer\">Facebook page<\/a>, <a href=\"https:\/\/elfsight.com\/woocommerce-plugins\/\" target=\"_blank\" rel=\"noopener noreferrer\">WooCommerce<\/a>, <a href=\"https:\/\/elfsight.com\/epages-apps\/\" target=\"_blank\" rel=\"noopener noreferrer\">ePages<\/a>, \n<a href=\"https:\/\/elfsight.com\/yola-apps\/\" target=\"_blank\" rel=\"noopener noreferrer\">Yola<\/a>, \n<a href=\"https:\/\/elfsight.com\/clickfunnels-integrations\/\" target=\"_blank\" rel=\"noopener noreferrer\">ClickFunnels<\/a>, \n<a href=\"https:\/\/elfsight.com\/weblium-widgets\/\" target=\"_blank\" rel=\"noopener noreferrer\">Weblium<\/a>,\n <a href=\"https:\/\/elfsight.com\/rocketspark-widgets\/\" target=\"_blank\" rel=\"noopener noreferrer\">Rocketspark<\/a>, \n<a href=\"https:\/\/elfsight.com\/zyro-widgets\/\" target=\"_blank\" rel=\"noopener noreferrer\">Zyro<\/a>,\n <a href=\"https:\/\/elfsight.com\/pinnaclecart-widgets\/\" target=\"_blank\" rel=\"noopener noreferrer\">PinnacleCart<\/a>, \n<a href=\"https:\/\/elfsight.com\/wpbakery-plugins\/\" target=\"_blank\" rel=\"noopener noreferrer\">WPBakery<\/a>,\n <a href=\"https:\/\/elfsight.com\/siteorigin-widgets\/\" target=\"_blank\" rel=\"noopener noreferrer\">SiteOrigin<\/a>,\n <a href=\"https:\/\/elfsight.com\/divi-plugins\/\" target=\"_blank\" rel=\"noopener noreferrer\">Divi<\/a>,\n <a href=\"https:\/\/elfsight.com\/beaver-builder-plugins\/\" target=\"_blank\" rel=\"noopener noreferrer\">Beaver Builder<\/a>,\n <a href=\"https:\/\/elfsight.com\/fusion-plugins\/\" target=\"_blank\" rel=\"noopener noreferrer\">Fusion<\/a>, \n<a href=\"https:\/\/elfsight.com\/cornerstone-plugins\/\" target=\"_blank\" rel=\"noopener noreferrer\">Cornerstone<\/a>,\n <a href=\"https:\/\/elfsight.com\/thrive-architect-widgets\/\" target=\"_blank\" rel=\"noopener noreferrer\">Thrive Architect<\/a>,\n <a href=\"https:\/\/elfsight.com\/wordpress-page-builder-plugins\/\" target=\"_blank\" rel=\"noopener noreferrer\">WordPress Page Builder<\/a>,\n <a href=\"https:\/\/elfsight.com\/oxygen-builder-plugins\/\" target=\"_blank\" rel=\"noopener noreferrer\">Oxygen Builder<\/a>,\n <a href=\"https:\/\/elfsight.com\/gutenberg-plugins\/\" target=\"_blank\" rel=\"noopener noreferrer\">Gutenberg<\/a>,\n <a href=\"https:\/\/elfsight.com\/sp-page-builder-addons\/\" target=\"_blank\" rel=\"noopener noreferrer\">SP Page Builder<\/a>, \n<a href=\"https:\/\/elfsight.com\/google-sites-plugins\/\" target=\"_blank\" rel=\"noopener noreferrer\">Google Sites<\/a>,\n <a href=\"https:\/\/elfsight.com\/hubspot-plugins\/\" target=\"_blank\" rel=\"noopener noreferrer\">HubSpot<\/a>,\n <a href=\"https:\/\/elfsight.com\/instapage-widgets\/\" target=\"_blank\" rel=\"noopener noreferrer\">Instapage<\/a>,\n <a href=\"https:\/\/elfsight.com\/unbounce-integrations\/\" target=\"_blank\" rel=\"noopener noreferrer\">Unbounce<\/a>,\n <a href=\"https:\/\/elfsight.com\/wishpond-integrations\/\" target=\"_blank\" rel=\"noopener noreferrer\">Wishpond<\/a>,\n <a href=\"https:\/\/elfsight.com\/mailchimp-plugins\/\" target=\"_blank\" rel=\"noopener noreferrer\">Mailchimp<\/a>,\n <a href=\"https:\/\/elfsight.com\/getresponse-integrations\/\" target=\"_blank\" rel=\"noopener noreferrer\">GetResponse<\/a>,\n <a href=\"https:\/\/elfsight.com\/landingi-integrations\/\" target=\"_blank\" rel=\"noopener noreferrer\">Landingi<\/a>,\n <a href=\"https:\/\/elfsight.com\/sendinblue-integrations\/\" target=\"_blank\" rel=\"noopener noreferrer\">Sendinblue<\/a>,\n <a href=\"https:\/\/elfsight.com\/carrd-integrations\/\" target=\"_blank\" rel=\"noopener noreferrer\">Carrd<\/a>,\n <a href=\"https:\/\/elfsight.com\/templatetoaster-widgets\/\" target=\"_blank\" rel=\"noopener noreferrer\">TemplateToaster<\/a>,\n <a href=\"https:\/\/elfsight.com\/webself-widgets\/\" target=\"_blank\" rel=\"noopener noreferrer\">Webself<\/a>,\n <a href=\"https:\/\/elfsight.com\/americommerce-apps\/\" target=\"_blank\" rel=\"noopener noreferrer\">AmeriCommerce<\/a>,\n <a href=\"https:\/\/elfsight.com\/wp-engine-plugins\/\" target=\"_blank\" rel=\"noopener noreferrer\">WP Engine<\/a>,\n <a href=\"https:\/\/elfsight.com\/leadpages-integrations\/\" target=\"_blank\" rel=\"noopener noreferrer\">Leadpages<\/a>,\n<a href=\"https:\/\/elfsight.com\/pagecloud-apps\/\" target=\"_blank\" rel=\"noopener noreferrer\">Pagecloud<\/a>,\n<a href=\"https:\/\/elfsight.com\/jumpseller-apps\/\" target=\"_blank\" rel=\"noopener noreferrer\">Jumpseller<\/a>,\n<a href=\"https:\/\/elfsight.com\/zoho-apps\/\" target=\"_blank\" rel=\"noopener noreferrer\">Zoho<\/a>,\n<a href=\"https:\/\/elfsight.com\/ghost-cms-plugins\/\" target=\"_blank\" rel=\"noopener noreferrer\">Ghost<\/a>,\n<a href=\"https:\/\/elfsight.com\/netlify-widgets\/\" target=\"_blank\" rel=\"noopener noreferrer\">Netlify<\/a> y otras.<\/p>\n<\/div>\r\n\t\t\t\t\t<\/div>\r\n\t\t\t\t<\/div>\n\n<div class=\"faq-item\">\r\n\t\t\t\t\t<div class=\"faq-item-question\">\r\n\t\t\t\t\t\t<h3 class=\"faq-item-question-text\">\u00bfC\u00f3mo consigo un widget para mi sitio web?<\/h3>\r\n\r\n\t\t\t\t\t\t<div class=\"faq-item-question-icon\"><\/div>\r\n\t\t\t\t\t<\/div>\r\n\r\n\t\t\t\t\t<div class=\"faq-item-answer\">\r\n\t\t\t\t\t\t<div class=\"faq-item-answer-text\">\n<p>\u00bfBusca un widget para su sitio web?\nElfsight le ofrece una amplia variedad de widgets cual sea su objetivo.\nTodo lo que necesita hacer para recibir el c\u00f3digo del widget es crear un widget personalizado y registrarse en nuestro servicio.<\/p><\/div>\r\n\t\t\t\t\t<\/div>\r\n\t\t\t\t<\/div>\n\n<div class=\"faq-item\">\r\n\t\t\t\t\t<div class=\"faq-item-question\">\r\n\t\t\t\t\t\t<h3 class=\"faq-item-question-text\">\u00bfC\u00f3mo agregar sus widgets a su p\u00e1gina web?<\/h3>\r\n\r\n\t\t\t\t\t\t<div class=\"faq-item-question-icon\"><\/div>\r\n\t\t\t\t\t<\/div>\r\n\r\n\t\t\t\t\t<div class=\"faq-item-answer\">\r\n\t\t\t\t\t\t<div class=\"faq-item-answer-text\">\n<p>Agregar un widget de Elfsight a su web no es una tarea complicada.\n\nA continuaci\u00f3n, explicaremos las dos formas de instalaci\u00f3n m\u00e1s populares (las cuales representan el 99% de los casos).<\/p>\n\n<h4>Agregando un widget a una plantilla web (cabecera, pie de p\u00e1gina, barra lateral, etc.).<\/h4>\n\n<p>Insertar un widget a un elemento de la plantilla en el editor de plantillas, le permitir\u00e1 mostrar el widget en cualquier parte de su sitio web.<\/p>\n<ol>\n<li>Ingrese al panel de administraci\u00f3n de su sitio web;<\/li>\n<li>Dir\u00edjase al editor de temas o plantillas;<\/li>\n<li>Localice el elemento a editar ( cabecera, pie de p\u00e1gina, barra lateral, etc) e inserte el c\u00f3digo del widget all\u00ed;<\/li>\n<li>Guarde los cambios.<\/li>\n<\/ol>\n<h4>Agregando un widget a una p\u00e1gina (inicio, pagina principal, blog, etc).<\/h4>\n<p>Insertar un widget a una p\u00e1gina de su sitio es tan simple como pegar el c\u00f3digo del widget en el \u00e1rea deseada mediante el editor de p\u00e1gina.<\/p>\n<ol>\n<li>Entre al panel de administraci\u00f3n de su sitio;<\/li>\n<li>Dir\u00edjase a la p\u00e1gina donde insertar\u00e1 el widget;<\/li>\n<li> Cambie su p\u00e1gina al modo HTML (si es necesario) e inserte el c\u00f3digo del widget;<\/li>\n<li>Guarde los cambios.<\/li>\n<\/ol>\n<p>\u00bfNo sabe d\u00f3nde comenzar?\n\u00bfProblemas para elegir?\nTodos nuestros clientes cuentan con asesor\u00eda de instalaci\u00f3n y ajustes de forma gratuita. Simplemente no dude en contactarnos.<\/p>\n<\/div>\r\n\t\t\t\t\t<\/div>\r\n\t\t\t\t<\/div>\n\n<div class=\"faq-item\">\r\n\t\t\t\t\t<div class=\"faq-item-question\">\r\n\t\t\t\t\t\t<h3 class=\"faq-item-question-text\">\u00bfComo eliminar un widget de su sitio o p\u00e1gina web?<\/h3>\r\n\r\n\t\t\t\t\t\t<div class=\"faq-item-question-icon\"><\/div>\r\n\t\t\t\t\t<\/div>\r\n\r\n\t\t\t\t\t<div class=\"faq-item-answer\">\r\n\t\t\t\t\t\t<div class=\"faq-item-answer-text\">\n<p>Si necesita eliminar o mover un widget a otra parte del sitio web, siga las siguientes instrucciones (esto dependiendo de la ubicaci\u00f3n del widget):<\/p>\n\n<ol>\n<li>Abra la p\u00e1gina o plantilla en el editor;<\/li>\n<li>Localice el script del widget en el c\u00f3digo y elim\u00ednelo;<\/li>\n<li> Guarde los cambios<\/li>\n<\/ol>\n<p>El widget habr\u00e1 sido eliminado exitosamente de la p\u00e1gina.<\/p>\n<\/div>\r\n\t\t\t\t\t<\/div>\r\n\t\t\t\t<\/div>\n\n<div class=\"faq-item\">\r\n\t\t\t\t\t<div class=\"faq-item-question\">\r\n\t\t\t\t\t\t<h3 class=\"faq-item-question-text\">Widgets gratuitos y premium.<\/h3>\r\n\r\n\t\t\t\t\t\t<div class=\"faq-item-question-icon\"><\/div>\r\n\t\t\t\t\t<\/div>\r\n\r\n\t\t\t\t\t<div class=\"faq-item-answer\">\r\n\t\t\t\t\t\t<div class=\"faq-item-answer-text\">\n<p>Ofrecemos una amplia gama de tarifas, desde lo gratuito hasta los planes m\u00e1s completos.\nLos planes gratuitos pueden tener l\u00edmites de visualizaci\u00f3n los cuales pueden optimizarse al contratar un plan premium.\n<\/p><\/div>\r\n\t\t\t\t\t<\/div>\r\n\t\t\t\t<\/div>\n\n<div class=\"faq-item\">\r\n\t\t\t\t\t<div class=\"faq-item-question\">\r\n\t\t\t\t\t\t<h3 class=\"faq-item-question-text\">\u00bfQui\u00e9nes son nuestro p\u00fablico objetivo?<\/h3>\r\n\r\n\t\t\t\t\t\t<div class=\"faq-item-question-icon\"><\/div>\r\n\t\t\t\t\t<\/div>\r\n\r\n\t\t\t\t\t<div class=\"faq-item-answer\">\r\n\t\t\t\t\t\t<div class=\"faq-item-answer-text\">\n<p>Entre algunos de nuestros principales clientes encontrar\u00e1 tiendas en l\u00ednea, m\u00fasicos, atletas, entrenadores, artistas, dise\u00f1adores, desarrolladores, vendedores de productos artesanales, entre otros.\nOfrecemos la oportunidad de utilizar las mejores herramientas para e-commerce, contenido digital, formularios y plugins para redes sociales, las cuales ayudan a mejorar sus sitios web y negocios.\n<\/p><\/div>\r\n\t\t\t\t\t<\/div>\r\n\t\t\t\t<\/div>\n\n<div class=\"faq-item\">\r\n\t\t\t\t\t<div class=\"faq-item-question\">\r\n\t\t\t\t\t\t<h3 class=\"faq-item-question-text\">\u00bfQu\u00e9 son los plugins de Elfsight para sitios web?<\/h3>\r\n\r\n\t\t\t\t\t\t<div class=\"faq-item-question-icon\"><\/div>\r\n\t\t\t\t\t<\/div>\r\n\r\n\t\t\t\t\t<div class=\"faq-item-answer\">\r\n\t\t\t\t\t\t<div class=\"faq-item-answer-text\">\n<p>Elfsight ofrece soluciones en la nube para actualizar su sitio web sin necesidad de c\u00f3digo.\nPuede probar los mejores widgets y plugins para incrementar sus visitas y ventas.\nSolo reg\u00edstrese, elija su widget y obtenga el c\u00f3digo para agregarlo.\n<\/p><\/div>\r\n\t\t\t\t\t<\/div>\r\n\t\t\t\t<\/div>\n\n<div class=\"faq-item\">\r\n\t\t\t\t\t<div class=\"faq-item-question\">\r\n\t\t\t\t\t\t<h3 class=\"faq-item-question-text\">\u00bfCu\u00e1les ser\u00e1n los pr\u00f3ximos widgets y novedades?<\/h3>\r\n\r\n\t\t\t\t\t\t<div class=\"faq-item-question-icon\"><\/div>\r\n\t\t\t\t\t<\/div>\r\n\r\n\t\t\t\t\t<div class=\"faq-item-answer\">\r\n\t\t\t\t\t\t<div class=\"faq-item-answer-text\">\n<p>Mant\u00e9ngase actualizado sobre los pr\u00f3ximos lanzamientos de Elfsight con <a href=\"https:\/\/elfsight.com\/coming-soon-widgets\/\" target=\"_blank\" rel=\"noopener noreferrer\">nuestra lista<\/a> de lanzamientos.\n\nExplore los que m\u00e1s le interesen y aprenda de sus funciones y dise\u00f1o.<\/p><\/div>\r\n\t\t\t\t\t<\/div>\r\n\t\t\t\t<\/div>\n<\/div>\n\n<p>\u00bfNo encontr\u00f3 informaci\u00f3n sobre c\u00f3mo agregar o adaptar el widget? \u00a1Cont\u00e1ctenos!<\/p>\n","protected":false},"excerpt":{"rendered":"Widgets Elfsight Ofrecemos los mejores plugins (gratuitos y premium) que le ayudar\u00e1n a incrementar sus ventas y captar un mejor y mayor n\u00famero de clientes: Widgets de redes sociales. Widgets para tiendas en l\u00ednea o e-commerce. Plugins para incrementar seguidores. Widgets para formularios Widgets de soporte t\u00e9cnico Plugins para incrementar&#8230;","protected":false},"author":13,"featured_media":0,"parent":0,"menu_order":0,"comment_status":"closed","ping_status":"closed","template":"templates\/template-applications.php","meta":{"publish_to_discourse":"","publish_post_category":"","wpdc_auto_publish_overridden":"","wpdc_topic_tags":"","wpdc_pin_topic":"","wpdc_pin_until":"","discourse_post_id":"","discourse_permalink":"","wpdc_publishing_response":"","wpdc_publishing_error":"","footnotes":""},"class_list":["post-10","page","type-page","status-publish","hentry"],"yoast_head":"<!-- This site is optimized with the Yoast SEO plugin v25.3.1 - https:\/\/yoast.com\/wordpress\/plugins\/seo\/ -->\n<title>\u00a1Los mejores Widgets y Plugins gratuitos para su sitio Web! (2025)<\/title>\n<meta name=\"description\" content=\"Widgets Premium \u00a1una experiencia libre de errores! Soporte ilimitado con asesor\u00eda e instalaci\u00f3n gratuita. Plugins funcionales para su web.\" \/>\n<meta name=\"robots\" content=\"index, follow, max-snippet:-1, max-image-preview:large, max-video-preview:-1\" \/>\n<link rel=\"canonical\" href=\"https:\/\/elfsight.com\/es\/widgets\/\" \/>\n<meta property=\"og:locale\" content=\"es_ES\" \/>\n<meta property=\"og:type\" content=\"article\" \/>\n<meta property=\"og:title\" content=\"\u00a1Los mejores Widgets y Plugins gratuitos para su sitio Web! (2025)\" \/>\n<meta property=\"og:description\" content=\"Widgets Premium \u00a1una experiencia libre de errores! Soporte ilimitado con asesor\u00eda e instalaci\u00f3n gratuita. Plugins funcionales para su web.\" \/>\n<meta property=\"og:url\" content=\"https:\/\/elfsight.com\/es\/widgets\/\" \/>\n<meta property=\"og:site_name\" content=\"Elfsight ES\" \/>\n<meta property=\"article:modified_time\" content=\"2021-04-19T07:57:04+00:00\" \/>\n<meta name=\"twitter:card\" content=\"summary_large_image\" \/>\n<meta name=\"twitter:label1\" content=\"Tiempo de lectura\" \/>\n\t<meta name=\"twitter:data1\" content=\"4 minutos\" \/>\n<!-- \/ Yoast SEO plugin. -->","yoast_head_json":{"title":"\u00a1Los mejores Widgets y Plugins gratuitos para su sitio Web! (2025)","description":"Widgets Premium \u00a1una experiencia libre de errores! Soporte ilimitado con asesor\u00eda e instalaci\u00f3n gratuita. Plugins funcionales para su web.","robots":{"index":"index","follow":"follow","max-snippet":"max-snippet:-1","max-image-preview":"max-image-preview:large","max-video-preview":"max-video-preview:-1"},"canonical":"https:\/\/elfsight.com\/es\/widgets\/","og_locale":"es_ES","og_type":"article","og_title":"\u00a1Los mejores Widgets y Plugins gratuitos para su sitio Web! (2025)","og_description":"Widgets Premium \u00a1una experiencia libre de errores! Soporte ilimitado con asesor\u00eda e instalaci\u00f3n gratuita. Plugins funcionales para su web.","og_url":"https:\/\/elfsight.com\/es\/widgets\/","og_site_name":"Elfsight ES","article_modified_time":"2021-04-19T07:57:04+00:00","twitter_card":"summary_large_image","twitter_misc":{"Tiempo de lectura":"4 minutos"},"schema":{"@context":"https:\/\/schema.org","@graph":[{"@type":"WebPage","@id":"https:\/\/elfsight.com\/es\/widgets\/","url":"https:\/\/elfsight.com\/es\/widgets\/","name":"\u00a1Los mejores Widgets y Plugins gratuitos para su sitio Web! (2025)","isPartOf":{"@id":"https:\/\/elfsight.com\/es\/#website"},"datePublished":"2021-04-19T07:56:44+00:00","dateModified":"2021-04-19T07:57:04+00:00","description":"Widgets Premium \u00a1una experiencia libre de errores! Soporte ilimitado con asesor\u00eda e instalaci\u00f3n gratuita. Plugins funcionales para su web.","breadcrumb":{"@id":"https:\/\/elfsight.com\/es\/widgets\/#breadcrumb"},"inLanguage":"es","potentialAction":[{"@type":"ReadAction","target":["https:\/\/elfsight.com\/es\/widgets\/"]}]},{"@type":"BreadcrumbList","@id":"https:\/\/elfsight.com\/es\/widgets\/#breadcrumb","itemListElement":[{"@type":"ListItem","position":1,"name":"Home","item":"https:\/\/elfsight.com\/es\/"},{"@type":"ListItem","position":2,"name":"Applications"}]},{"@type":"WebSite","@id":"https:\/\/elfsight.com\/es\/#website","url":"https:\/\/elfsight.com\/es\/","name":"Elfsight ES","description":"Just another Elfsight Sites site","potentialAction":[{"@type":"SearchAction","target":{"@type":"EntryPoint","urlTemplate":"https:\/\/elfsight.com\/es\/?s={search_term_string}"},"query-input":{"@type":"PropertyValueSpecification","valueRequired":true,"valueName":"search_term_string"}}],"inLanguage":"es"}]}},"meta_box":{"industry":"","seo_heading":"","heading":"","description":"","cta_heading":"","cta_description":"","application":"","h1":"\u00a1Los mejores Widgets para sitios Web!","h1_caption":"Planes gratuitos o Premium: E-commerce (tiendas en l\u00ednea), formularios, contenido digital y plugins de redes sociales \u00a1Todo para su sitio web!","application_category":[],"applications_title":"Explore nuestros widgets","applications_request_title":"","applications_request_button_text":"","hero_text":"","hero_video":"","hero_video_schema_markup":"","selling_points_title":"","selling_points_caption":"","selling_points":[],"selling_points_cta_text":"","features_title":"","features":"","ed_cta_examples_text":"","ed_cta_examples_hidden":"","ed_cta_demo_text":"","ed_cta_demo_hidden":"","why_caption":"","why_editor_title":"","why_editor_text":"","why_team_title":"","why_team_text":"","why_service_title":"","why_service_text":"","template_catalog_visible":"","template_catalog_title":"","template_catalog_text":"","template_catalog_categories_visible":"","demo_title":"","demo_caption":"","default_faq_hidden":"","app_template_category":[],"platform":"","template_public_id":"","codecanyon_url":"","codecanyon_item_id":"","codecanyon_price":"","pricing_caption":"","pricing_elfsight_apps_hide_column":"","pricing_elfsight_apps_url":"","pricing_codecanyon_price_caption":"","integration_category":[],"integration_request_title":"","integration_request_cta":"","integration_platform":"","integrations":[],"platform_category":[],"video_schema_markup":"","price":"","trial":"","benefits":[],"button_url":"","button_target_blank":"","button_nofollow":"","attributes":[],"tags":[],"tags_disable_links":"","hide_more_platforms":"","video_object":"","demo_hide_cta":"","demo_hide_cloud_options":"","pricing_title":"","pricing":[],"related_apps_title":"","related_apps_hidden":"","author":"","image":[],"title":"","job":"","social_networks":[]},"_links":{"self":[{"href":"https:\/\/elfsight.com\/es\/wp-json\/wp\/v2\/pages\/10","targetHints":{"allow":["GET"]}}],"collection":[{"href":"https:\/\/elfsight.com\/es\/wp-json\/wp\/v2\/pages"}],"about":[{"href":"https:\/\/elfsight.com\/es\/wp-json\/wp\/v2\/types\/page"}],"author":[{"embeddable":true,"href":"https:\/\/elfsight.com\/es\/wp-json\/wp\/v2\/users\/13"}],"replies":[{"embeddable":true,"href":"https:\/\/elfsight.com\/es\/wp-json\/wp\/v2\/comments?post=10"}],"version-history":[{"count":17,"href":"https:\/\/elfsight.com\/es\/wp-json\/wp\/v2\/pages\/10\/revisions"}],"predecessor-version":[{"id":27,"href":"https:\/\/elfsight.com\/es\/wp-json\/wp\/v2\/pages\/10\/revisions\/27"}],"wp:attachment":[{"href":"https:\/\/elfsight.com\/es\/wp-json\/wp\/v2\/media?parent=10"}],"curies":[{"name":"wp","href":"https:\/\/api.w.org\/{rel}","templated":true}]}}