{"id":9996,"date":"1970-01-01T00:00:00","date_gmt":"1970-01-01T00:00:00","guid":{"rendered":"https:\/\/elfsight.com\/de\/?page_id=9996"},"modified":"2025-02-24T11:18:24","modified_gmt":"2025-02-24T11:18:24","slug":"joomla","status":"publish","type":"page","link":"https:\/\/elfsight.com\/de\/restaurant-menu-widget\/joomla\/","title":{"rendered":"Restaurant Menu &#8211; Joomla"},"content":{"rendered":"\n<div class=\"application-platform-content-item-description application-platform-content-item\" id=\"description\" data-nav-section=\"description\"> <h2>Beschreibung<\/h2><p>Elfsight Restaurant Menu ist ein \u00fcberschaubares Tool zur Pr\u00e4sentation Ihrer Vielfalt an Speisen und Getr\u00e4nken direkt auf Ihrer Website. Die Erweiterung ist absolut benutzerspezifisch. Dar\u00fcber k\u00f6nnen Sie eine ganze Reihe von Men\u00fcs mit zahlreichen Abschnitten und Artikeln ausw\u00e4hlen oder einfach eine kurze Liste der von Ihnen servierten Produkte erstellen. W\u00e4hlen Sie ein helles oder dunkles Schema oder passen Sie alles an, was Ihnen gef\u00e4llt, und f\u00e4rben Sie alle Elemente neu. Keine statischen Men\u00fcs mehr, die Sie von Anfang an erstellen sollten. Die gr\u00f6\u00dfte Chance der Restaurantkarte besteht darin, immer auf dem neuesten Stand zu bleiben: Sie k\u00f6nnen Preise, eine Artikelliste, neue Getr\u00e4nke oder sogar Men\u00fcs in wenigen Sekunden \u00e4ndern! Beginnen Sie gleich jetzt mit der Erstellung Ihres wunderbaren Men\u00fcs! <\/p><p><b>F\u00fcgen Sie eine Restaurantkarte ein, um mit weniger Aufwand gesch\u00e4ftliche H\u00f6hepunkte zu erreichen! Mithilfe der Erweiterung k\u00f6nnen Sie mehr potenzielle Kunden gewinnen und eine schnellere Gesch\u00e4ftsentwicklung starten. Probieren Sie jetzt Restaurant Menu von Elfsight aus!<\/b><\/p> <\/div> <div class=\"application-platform-content-item-features application-platform-content-item\" id=\"features\" data-nav-section=\"features\"> <h2>Grundlegende Funktionen der Erweiterung finden Sie unten: <\/h2> <ul><li>Einfach &#8211; Auch f\u00fcr technisch nicht versierte Benutzer zu verwalten<\/li><li>Benutzerdefinierte Anzahl von Men\u00fcs, Abschnitten oder Elementen, organisiert mit Tab-, Listen- oder Mauerwerkslayouts <\/li><li>Einfache Aktualisierung des Men\u00fcs und aller seiner Komponenten, wo auch immer Sie sind Wunsch: Rabatte, saisonale Gerichte und Getr\u00e4nke usw. <\/li><li>Demonstrieren Sie eine detaillierte Beschreibung der Artikel, einschlie\u00dflich Symbolen, N\u00e4hrwertangaben und Abzeichen.<\/li><li>F\u00fcgen Sie verlockende Fotos der Artikel hinzu und zeigen Sie sie sogar in Popup-Ansicht <\/li><li>\u00c4ndern und neu zeichnen aller Elemente: Text, Farbschema und Symbole <\/li><\/ul><p><a href=\"#demo\">Erkunden Sie alle Einstellungen in der Demo mit vollem Funktionsumfang <\/a><\/p> <\/div> <div class=\"application-platform-content-item-installation application-platform-content-item\" id=\"installation\" data-nav-section=\"installation\"> <h2>Wie bette ich das Restaurantmen\u00fc in meine Joomla-Website ein? <\/h2> <div class=\"video-container\"><iframe width=\"560\" height=\"315\" src=\"https:\/\/www.youtube.com\/embed\/pLYU5eR9As8?si=fCK22d3YeEF61Mj6\" frameborder=\"0\" allow=\"accelerometer; autoplay; clipboard-write; encrypted-media; gyroscope; picture-in-picture; web-share\" allowfullscreen><\/iframe><\/div><p>Befolgen Sie einfach die nachstehenden Anweisungen, um das Tool einzuf\u00fcgen: <\/p> <ol><li><b>Starten Sie unsere kostenlose Demo und beginnen Sie mit der Erstellung Ihrer benutzerdefinierten Erweiterung. <\/b><br> Geben Sie die bevorzugte Anordnung und Aspekte der Erweiterung an und \u00fcbernehmen Sie alle \u00c4nderungen. <\/li> <li><b>Erhalten Sie Ihren individuellen Code im speziellen Formular auf Elfsight Apps. <\/b><br> Sobald die Konfiguration Ihrer Erweiterung abgeschlossen ist, kopieren Sie den individuellen Code aus dem erscheinenden Feld und bewahren Sie ihn f\u00fcr sp\u00e4tere Gelegenheiten auf. <\/li> <li><b>Beginnen Sie mit der Verwendung der Erweiterung auf der Joomla-Site. <\/b><br> Implementieren Sie den Code, den Sie k\u00fcrzlich kopiert haben, in Ihre Website und speichern Sie die Verbesserungen. <\/li> <li><b>Die Installation wurde erfolgreich abgeschlossen. <\/b><br> Besuchen Sie Ihre Webseite, um zu sehen, wie die Erweiterung funktioniert. <\/li><\/ol><p>Wenn Sie irgendwelche Schwierigkeiten haben, scheuen Sie sich nicht, unser Support-Team zu kontaktieren. Unsere Berater beantworten gerne alle Fragen, die Sie zum Produkt haben. <\/p> <div class=\"faq\" data-component=\"FAQ\"><div class=\"faq-item\">\r\n\t\t\t\t\t<div class=\"faq-item-question\">\r\n\t\t\t\t\t\t<h3 class=\"faq-item-question-text\">Wie bette ich ein Restaurantmen\u00fc ohne Programmierkenntnisse in meine Joomla-Website ein?<\/h3>\r\n\r\n\t\t\t\t\t\t<div class=\"faq-item-question-icon\"><\/div>\r\n\t\t\t\t\t<\/div>\r\n\r\n\t\t\t\t\t<div class=\"faq-item-answer\">\r\n\t\t\t\t\t\t<div class=\"faq-item-answer-text\"> <p>Das Unternehmen Elfsight bietet eine Cloud-L\u00f6sung an, mit der Sie selbst einen Restaurantmen\u00fcabschnitt erstellen k\u00f6nnen. Erfahren Sie, wie einfach es ist Schritte: Gehen Sie zur Online-Demo, um ein Restaurantmen\u00fc-Widget zu erstellen, das Sie auf der Joomla-Webseite integrieren m\u00f6chten. W\u00e4hlen Sie eine der vorgefertigten Vorlagen aus und passen Sie die Restaurantmen\u00fc-Einstellungen an, f\u00fcgen Sie Ihre Inhalte hinzu, \u00e4ndern Sie das Layout und die Farbe der Elemente, ohne dass Sie \u00fcber Programmierkenntnisse verf\u00fcgen m\u00fcssen. Klicken Sie, um das Restaurantmen\u00fc zu speichern und den Code zum Einbetten zu kopieren, der problemlos in die Joomla-Website eingebunden werden kann, ohne ein kostenpflichtiges Abonnement zu kaufen. Mit unserem intuitiven Konfigurator kann jeder Internetnutzer online einen Restaurantmen\u00fc-Bereich erstellen und ihn in die Joomla-Website einf\u00fcgen. Sie m\u00fcssen weder bezahlen noch Ihre Kartendaten eingeben, um auf den Elfsight-Dienst zuzugreifen. Sollten bei irgendeinem Schritt Probleme auftreten, wenden Sie sich bitte an unseren Kundensupport.<\/p> <\/div>\r\n\t\t\t\t\t<\/div>\r\n\t\t\t\t<\/div> <\/div><\/div>\n","protected":false},"excerpt":{"rendered":"","protected":false},"author":9,"featured_media":0,"parent":2702,"menu_order":0,"comment_status":"closed","ping_status":"closed","template":"templates\/template-application-platform.php","meta":{"publish_to_discourse":"","publish_post_category":"","wpdc_auto_publish_overridden":"","wpdc_topic_tags":"","wpdc_pin_topic":"","wpdc_pin_until":"","discourse_post_id":"","discourse_permalink":"","wpdc_publishing_response":"","wpdc_publishing_error":"","footnotes":""},"class_list":["post-9996","page","type-page","status-publish","hentry"],"yoast_head":"<!-- This site is optimized with the Yoast SEO plugin v25.3.1 - https:\/\/yoast.com\/wordpress\/plugins\/seo\/ -->\n<title>Restaurant-Men\u00fc f\u00fcr die Joomla-Website \u2013 stilvoll und kostenlos<\/title>\n<meta name=\"description\" content=\"F\u00fcgen Sie Ihrer Joomla-Site ein einfach zu verwaltendes Restaurantmen\u00fc hinzu. Nutzen Sie die praktische Elfsight-Demo und erstellen Sie Ihre wundersch\u00f6ne Erweiterung in nur wenigen Minuten\" \/>\n<meta name=\"robots\" content=\"index, follow, max-snippet:-1, max-image-preview:large, max-video-preview:-1\" \/>\n<link rel=\"canonical\" href=\"https:\/\/elfsight.com\/de\/restaurant-menu-widget\/joomla\/\" \/>\n<meta property=\"og:locale\" content=\"de_DE\" \/>\n<meta property=\"og:type\" content=\"article\" \/>\n<meta property=\"og:title\" content=\"Restaurant-Men\u00fc f\u00fcr die Joomla-Website \u2013 stilvoll und kostenlos\" \/>\n<meta property=\"og:description\" content=\"F\u00fcgen Sie Ihrer Joomla-Site ein einfach zu verwaltendes Restaurantmen\u00fc hinzu. Nutzen Sie die praktische Elfsight-Demo und erstellen Sie Ihre wundersch\u00f6ne Erweiterung in nur wenigen Minuten\" \/>\n<meta property=\"og:url\" content=\"https:\/\/elfsight.com\/de\/restaurant-menu-widget\/joomla\/\" \/>\n<meta property=\"og:site_name\" content=\"Elfsight DE\" \/>\n<meta property=\"article:modified_time\" content=\"2025-02-24T11:18:24+00:00\" \/>\n<meta name=\"twitter:card\" content=\"summary_large_image\" \/>\n<meta name=\"twitter:label1\" content=\"Gesch\u00e4tzte Lesezeit\" \/>\n\t<meta name=\"twitter:data1\" content=\"4\u00a0Minuten\" \/>\n<!-- \/ Yoast SEO plugin. -->","yoast_head_json":{"title":"Restaurant-Men\u00fc f\u00fcr die Joomla-Website \u2013 stilvoll und kostenlos","description":"F\u00fcgen Sie Ihrer Joomla-Site ein einfach zu verwaltendes Restaurantmen\u00fc hinzu. Nutzen Sie die praktische Elfsight-Demo und erstellen Sie Ihre wundersch\u00f6ne Erweiterung in nur wenigen Minuten","robots":{"index":"index","follow":"follow","max-snippet":"max-snippet:-1","max-image-preview":"max-image-preview:large","max-video-preview":"max-video-preview:-1"},"canonical":"https:\/\/elfsight.com\/de\/restaurant-menu-widget\/joomla\/","og_locale":"de_DE","og_type":"article","og_title":"Restaurant-Men\u00fc f\u00fcr die Joomla-Website \u2013 stilvoll und kostenlos","og_description":"F\u00fcgen Sie Ihrer Joomla-Site ein einfach zu verwaltendes Restaurantmen\u00fc hinzu. Nutzen Sie die praktische Elfsight-Demo und erstellen Sie Ihre wundersch\u00f6ne Erweiterung in nur wenigen Minuten","og_url":"https:\/\/elfsight.com\/de\/restaurant-menu-widget\/joomla\/","og_site_name":"Elfsight DE","article_modified_time":"2025-02-24T11:18:24+00:00","twitter_card":"summary_large_image","twitter_misc":{"Gesch\u00e4tzte Lesezeit":"4\u00a0Minuten"},"schema":{"@context":"https:\/\/schema.org","@graph":[{"@type":"WebPage","@id":"https:\/\/elfsight.com\/de\/restaurant-menu-widget\/joomla\/","url":"https:\/\/elfsight.com\/de\/restaurant-menu-widget\/joomla\/","name":"Restaurant-Men\u00fc f\u00fcr die Joomla-Website \u2013 stilvoll und kostenlos","isPartOf":{"@id":"https:\/\/elfsight.com\/de\/#website"},"datePublished":"1970-01-01T00:00:00+00:00","dateModified":"2025-02-24T11:18:24+00:00","description":"F\u00fcgen Sie Ihrer Joomla-Site ein einfach zu verwaltendes Restaurantmen\u00fc hinzu. Nutzen Sie die praktische Elfsight-Demo und erstellen Sie Ihre wundersch\u00f6ne Erweiterung in nur wenigen Minuten","breadcrumb":{"@id":"https:\/\/elfsight.com\/de\/restaurant-menu-widget\/joomla\/#breadcrumb"},"inLanguage":"de","potentialAction":[{"@type":"ReadAction","target":["https:\/\/elfsight.com\/de\/restaurant-menu-widget\/joomla\/"]}]},{"@type":"BreadcrumbList","@id":"https:\/\/elfsight.com\/de\/restaurant-menu-widget\/joomla\/#breadcrumb","itemListElement":[{"@type":"ListItem","position":1,"name":"Home","item":"https:\/\/elfsight.com\/de\/"},{"@type":"ListItem","position":2,"name":"Restaurant Menu","item":"https:\/\/elfsight.com\/de\/restaurant-menu-widget\/"},{"@type":"ListItem","position":3,"name":"Restaurant Menu &#8211; Joomla"}]},{"@type":"WebSite","@id":"https:\/\/elfsight.com\/de\/#website","url":"https:\/\/elfsight.com\/de\/","name":"Elfsight DE","description":"Just another Elfsight Sites site","potentialAction":[{"@type":"SearchAction","target":{"@type":"EntryPoint","urlTemplate":"https:\/\/elfsight.com\/de\/?s={search_term_string}"},"query-input":{"@type":"PropertyValueSpecification","valueRequired":true,"valueName":"search_term_string"}}],"inLanguage":"de"}]}},"meta_box":{"industry":"","seo_heading":"","heading":"","description":"","cta_heading":"","cta_description":"","application":"514","h1":"Joomla Restaurant-Men\u00fcerweiterung","h1_caption":"Pr\u00e4sentieren Sie die Speisekarte Ihres Restaurants in einem optisch ansprechenden Format, das einfach zu aktualisieren und benutzerfreundlich ist und m\u00fchelos in Ihre Joomla-Website integriert werden kann.","application_category":[],"applications_title":"","applications_request_title":"","applications_request_button_text":"","hero_text":"","hero_video":"","hero_video_schema_markup":"","selling_points_title":"","selling_points_caption":"","selling_points":[],"selling_points_cta_text":"","features_title":"","features":"","ed_cta_examples_text":"","ed_cta_examples_hidden":"","ed_cta_demo_text":"","ed_cta_demo_hidden":"","why_caption":"","why_editor_title":"","why_editor_text":"","why_team_title":"","why_team_text":"","why_service_title":"","why_service_text":"","template_catalog_visible":"0","template_catalog_title":"","template_catalog_text":"","template_catalog_categories_visible":"","demo_title":"Erstellen Sie Ihr Restaurantmen\u00fc-Plugin","demo_caption":"Konfigurieren Sie Ihr Restaurantmen\u00fc und f\u00fcgen Sie es kostenlos Ihrer Joomla-Website hinzu!","default_faq_hidden":"","app_template_category":[],"platform":"259","template_public_id":"","codecanyon_url":"","codecanyon_item_id":"","codecanyon_price":"","pricing_caption":"","pricing_elfsight_apps_hide_column":"","pricing_elfsight_apps_url":"","pricing_codecanyon_price_caption":"","integration_category":[],"integration_request_title":"","integration_request_cta":"","integration_platform":"","integrations":[],"platform_category":[],"video_schema_markup":"","price":"ab 0 $ \/ Monat","trial":"","benefits":[{"text":"Kostenlose Installationsunterst\u00fctzung"},{"text":"Erfahrener Kundensupport"},{"text":"14-t\u00e4gige R\u00fcckerstattungsgarantie"},{"text":"Laufende Verbesserungen"}],"button_url":"#demo","button_target_blank":"0","button_nofollow":"0","attributes":[{"name":"Installiert","content":"10,000 - 100,000"},{"name":"Reaktionsfreudig","content":"Ja"},{"name":"Kompatible Browser","content":"Firefox, Safari, Opera, Chrome, Edge"}],"tags":[],"tags_disable_links":"0","hide_more_platforms":"0","video_object":"","demo_hide_cta":"0","demo_hide_cloud_options":"0","pricing_title":"","pricing":[{"pricing_icon":"platform","pricing_title":"Elfsight Apps","pricing_title_caption":"Multiplattform-L\u00f6sung, die auf jeder Website funktioniert","pricing_price":"ab 0 $ \/ Monat","pricing_price_caption":"Beginnen Sie mit einem kostenlosen Plan","pricing_benefits":[{"text":"Unbegrenzte Domains"},{"text":"Kostenloser Kundensupport"},{"text":"Kostenloser Installationssupport"},{"text":"Sonderangebot f\u00fcr mehrere Apps"}],"pricing_button_text":"Zur Website hinzuf\u00fcgen","pricing_button_url":"#demo"}],"related_apps_title":"","related_apps_hidden":"0","author":"","image":[],"title":"","job":"","social_networks":[]},"_links":{"self":[{"href":"https:\/\/elfsight.com\/de\/wp-json\/wp\/v2\/pages\/9996","targetHints":{"allow":["GET"]}}],"collection":[{"href":"https:\/\/elfsight.com\/de\/wp-json\/wp\/v2\/pages"}],"about":[{"href":"https:\/\/elfsight.com\/de\/wp-json\/wp\/v2\/types\/page"}],"author":[{"embeddable":true,"href":"https:\/\/elfsight.com\/de\/wp-json\/wp\/v2\/users\/9"}],"replies":[{"embeddable":true,"href":"https:\/\/elfsight.com\/de\/wp-json\/wp\/v2\/comments?post=9996"}],"version-history":[{"count":3,"href":"https:\/\/elfsight.com\/de\/wp-json\/wp\/v2\/pages\/9996\/revisions"}],"predecessor-version":[{"id":24802,"href":"https:\/\/elfsight.com\/de\/wp-json\/wp\/v2\/pages\/9996\/revisions\/24802"}],"up":[{"embeddable":true,"href":"https:\/\/elfsight.com\/de\/wp-json\/wp\/v2\/pages\/2702"}],"wp:attachment":[{"href":"https:\/\/elfsight.com\/de\/wp-json\/wp\/v2\/media?parent=9996"}],"curies":[{"name":"wp","href":"https:\/\/api.w.org\/{rel}","templated":true}]}}