{"id":9995,"date":"1970-01-01T00:00:00","date_gmt":"1970-01-01T00:00:00","guid":{"rendered":"https:\/\/elfsight.com\/de\/?page_id=9995"},"modified":"2025-07-10T08:14:16","modified_gmt":"2025-07-10T08:14:16","slug":"jquery","status":"publish","type":"page","link":"https:\/\/elfsight.com\/de\/restaurant-menu-widget\/jquery\/","title":{"rendered":"Restaurant Menu &#8211; jQuery"},"content":{"rendered":"<div class=\"application-platform-content-item-description application-platform-content-item\" id=\"description\" data-nav-section=\"description\"> <h2>Beschreibung<\/h2><p>Elfsight Restaurant Menu ist eine einfache M\u00f6glichkeit, Ihre Vielfalt darzustellen, ein originelles Konzept zu vermitteln und G\u00e4ste mit ansprechendem Design anzuziehen Bilder von Gerichten. Das Tool ist absolut benutzerorientiert. Dadurch k\u00f6nnen Sie eine endlose Auswahl an Men\u00fcs mit einer gro\u00dfen Menge an Speisen zusammenstellen oder einfach eine kurze Liste der Spezialit\u00e4ten erstellen, die Sie servieren. Sie k\u00f6nnen nach Belieben ein helles oder dunkles Schema w\u00e4hlen oder die Einstellungen \u00e4ndern und alle Elemente neu einf\u00e4rben. Au\u00dferdem kann das Plugin immer auf dem neuesten Stand sein: Korrekte Preise, eine Artikelliste, das Hinzuf\u00fcgen neuer Gerichte oder sogar saisonaler Men\u00fcs in wenigen Sekunden! Keine statischen Men\u00fcs mehr, die Sie gleich zu Beginn erstellen sollten. Beginnen Sie gleich jetzt mit der Erstellung Ihres faszinierenden Men\u00fcs! <\/p> <p><b>Mit dem Restaurantmen\u00fc-Plugin auf Ihrer Website kann Ihr Unternehmen mehr G\u00e4ste haben und eine solide Gesch\u00e4ftsentwicklung erzielen!<\/b><\/p> <\/div> <div class=\"application-platform-content-item-features application-platform-content-item\" id=\"features\" data-nav-section=\"features\"> <h2>Dies sind nur einige der zahlreichen Plugin-Funktionen: <\/h2> <ul><li>Einfache Verwaltung auch f\u00fcr technisch nicht versierte Benutzer <\/li><li>Unbegrenzte Anzahl von Men\u00fcs, Abschnitten oder Elementen , organisiert durch stilvolle Layouts <\/li><li>Einfach zu \u00e4nderndes Men\u00fc und alle seine Einstellungen, wann immer Sie m\u00f6chten: Rabatte, saisonale Sonderangebote usw. <\/li><li> Schreiben Sie detaillierte Zusatzinformationen f\u00fcr die Artikel, sogar Symbole , Ern\u00e4hrungselemente und Abzeichen <\/li><li>Laden Sie appetitliche Fotos f\u00fcr die Artikel hoch und pr\u00e4sentieren Sie sie sogar im Popup-Modus <\/li><li>Passen Sie alle Elemente an und lackieren Sie sie neu: Text, Farbschema und Symbole <\/li><\/ul><p><a href=\"#demo\">Probieren Sie alle Anpassungsoptionen in der Demo mit vollem Funktionsumfang aus<\/a><\/p> <\/div> <div class=\"application-platform-content-item-installation application-platform-content-item\" id=\"installation\" data-nav-section=\"installation\"> <h2>Wie kann ich Restaurantmen\u00fc zu meiner jQuery-Webseite hinzuf\u00fcgen? <\/h2> <p>Befolgen Sie einfach die unten beschriebenen Schritte, um das Plugin zu aktivieren: <\/p> <ol><li><b>\u00d6ffnen Sie unseren kostenlosen Editor und beginnen Sie mit der Erstellung Ihres ma\u00dfgeschneiderten Plugins. <\/b><br> Geben Sie das gew\u00fcnschte Layout und die Spezifikationen des Restaurantmen\u00fcs an und speichern Sie die \u00c4nderungen. <\/li> <li><b>Kopieren Sie Ihren individuellen Code, der in der speziellen Form auf Elfsight Apps angezeigt wird. <\/b><br> Sobald die Einrichtung Ihres pers\u00f6nlichen Tools abgeschlossen ist, kopieren Sie den exklusiven Code aus dem angezeigten Fenster und bewahren Sie ihn f\u00fcr die zuk\u00fcnftige Verwendung auf. <\/li> <li><b>Erste Schritte mit der Verwendung des Widgets auf der jQuery-Site. <\/b><br> F\u00fcgen Sie den Code, den Sie zuvor gespeichert haben, in Ihre Webseite ein und wenden Sie die Verbesserungen an. <\/li> <li><b>Fertig! Die Integration ist erfolgreich abgeschlossen. <\/b><br> Besuchen Sie Ihre Website, um einen Blick auf die Leistung des Plugins zu werfen. <\/li><\/ol> <p>Wenn Sie Fragen bearbeiten oder auf Komplikationen sto\u00dfen, z\u00f6gern Sie nicht, sich an unser Kundendienstteam zu wenden. Das Elfsight-Team hilft Ihnen gerne bei allen Fragen, die Sie zum Plugin haben. <\/p> <div class=\"faq\" data-component=\"FAQ\"><div class=\"faq-item\">\r\n\t\t\t\t\t<div class=\"faq-item-question\">\r\n\t\t\t\t\t\t<h3 class=\"faq-item-question-text\">Gibt es eine Methode, Restaurant Menu ohne Programmiererfahrung zu meiner jQuery-Homepage hinzuzuf\u00fcgen?<\/h3>\r\n\r\n\t\t\t\t\t\t<div class=\"faq-item-question-icon\"><\/div>\r\n\t\t\t\t\t<\/div>\r\n\r\n\t\t\t\t\t<div class=\"faq-item-answer\">\r\n\t\t\t\t\t\t<div class=\"faq-item-answer-text\"> <p>Elfsight stellt eine SaaS-L\u00f6sung vor, die es Websitebesitzern erm\u00f6glicht, selbst ein Restaurant Menu-Widget zu erstellen. Entdecken Sie die einfachen Anweisungen: Gehen Sie zum Live-Editor, um ein Restaurantmen\u00fc-Widget zu erstellen, das Sie in Ihre jQuery-Website einbetten m\u00f6chten. W\u00e4hlen Sie eine unserer vorgefertigten Vorlagen und \u00e4ndern Sie die Restaurantmen\u00fceinstellungen, \u00e4ndern Sie das Layout und die Farben und f\u00fcgen Sie Ihre Inhalte hinzu, ohne Programmierkenntnisse. Klicken Sie, um das Restaurantmen\u00fc zu speichern und den Installationscode zu kopieren, den Sie problemlos auf jeder jQuery-Site hinzuf\u00fcgen k\u00f6nnen, ohne eine kostenpflichtige Version kaufen zu m\u00fcssen. Mit Hilfe unseres unkomplizierten Editors kann jeder Internetnutzer online ein Restaurantmen\u00fc-Widget erstellen und es einfach in die jQuery-Website einbetten. Es ist nicht erforderlich, zu bezahlen oder Ihre Kartendaten einzureichen, um den Elfsight-Dienst zu nutzen. Sollten bei irgendeinem Schritt Probleme auftreten, z\u00f6gern Sie nicht, sich an unseren technischen Kundensupport zu wenden.<\/p> <\/div>\r\n\t\t\t\t\t<\/div>\r\n\t\t\t\t<\/div> <\/div><\/div>","protected":false},"excerpt":{"rendered":"","protected":false},"author":9,"featured_media":0,"parent":2702,"menu_order":0,"comment_status":"closed","ping_status":"closed","template":"templates\/template-application-platform.php","meta":{"publish_to_discourse":"","publish_post_category":"","wpdc_auto_publish_overridden":"","wpdc_topic_tags":"","wpdc_pin_topic":"","wpdc_pin_until":"","discourse_post_id":"","discourse_permalink":"","wpdc_publishing_response":"","wpdc_publishing_error":"","footnotes":""},"class_list":["post-9995","page","type-page","status-publish","hentry"],"yoast_head":"<!-- This site is optimized with the Yoast SEO plugin v25.3.1 - https:\/\/yoast.com\/wordpress\/plugins\/seo\/ -->\n<title>Restaurantmen\u00fc f\u00fcr Ihre jQuery-Website \u2013 schnell und kostenlos<\/title>\n<meta name=\"description\" content=\"Betten Sie ein mobilfreundliches Restaurantmen\u00fc-Plugin in Ihre jQuery-Seite ein. Probieren Sie die praktische Demo von Elfsight aus und \u00e4ndern Sie Ihr wundersch\u00f6nes Plugin mit nur wenigen Klicks\" \/>\n<meta name=\"robots\" content=\"index, follow, max-snippet:-1, max-image-preview:large, max-video-preview:-1\" \/>\n<link rel=\"canonical\" href=\"https:\/\/elfsight.com\/de\/restaurant-menu-widget\/jquery\/\" \/>\n<meta property=\"og:locale\" content=\"de_DE\" \/>\n<meta property=\"og:type\" content=\"article\" \/>\n<meta property=\"og:title\" content=\"Restaurantmen\u00fc f\u00fcr Ihre jQuery-Website \u2013 schnell und kostenlos\" \/>\n<meta property=\"og:description\" content=\"Betten Sie ein mobilfreundliches Restaurantmen\u00fc-Plugin in Ihre jQuery-Seite ein. Probieren Sie die praktische Demo von Elfsight aus und \u00e4ndern Sie Ihr wundersch\u00f6nes Plugin mit nur wenigen Klicks\" \/>\n<meta property=\"og:url\" content=\"https:\/\/elfsight.com\/de\/restaurant-menu-widget\/jquery\/\" \/>\n<meta property=\"og:site_name\" content=\"Elfsight DE\" \/>\n<meta property=\"article:modified_time\" content=\"2025-07-10T08:14:16+00:00\" \/>\n<meta name=\"twitter:card\" content=\"summary_large_image\" \/>\n<meta name=\"twitter:label1\" content=\"Gesch\u00e4tzte Lesezeit\" \/>\n\t<meta name=\"twitter:data1\" content=\"3\u00a0Minuten\" \/>\n<!-- \/ Yoast SEO plugin. -->","yoast_head_json":{"title":"Restaurantmen\u00fc f\u00fcr Ihre jQuery-Website \u2013 schnell und kostenlos","description":"Betten Sie ein mobilfreundliches Restaurantmen\u00fc-Plugin in Ihre jQuery-Seite ein. Probieren Sie die praktische Demo von Elfsight aus und \u00e4ndern Sie Ihr wundersch\u00f6nes Plugin mit nur wenigen Klicks","robots":{"index":"index","follow":"follow","max-snippet":"max-snippet:-1","max-image-preview":"max-image-preview:large","max-video-preview":"max-video-preview:-1"},"canonical":"https:\/\/elfsight.com\/de\/restaurant-menu-widget\/jquery\/","og_locale":"de_DE","og_type":"article","og_title":"Restaurantmen\u00fc f\u00fcr Ihre jQuery-Website \u2013 schnell und kostenlos","og_description":"Betten Sie ein mobilfreundliches Restaurantmen\u00fc-Plugin in Ihre jQuery-Seite ein. Probieren Sie die praktische Demo von Elfsight aus und \u00e4ndern Sie Ihr wundersch\u00f6nes Plugin mit nur wenigen Klicks","og_url":"https:\/\/elfsight.com\/de\/restaurant-menu-widget\/jquery\/","og_site_name":"Elfsight DE","article_modified_time":"2025-07-10T08:14:16+00:00","twitter_card":"summary_large_image","twitter_misc":{"Gesch\u00e4tzte Lesezeit":"3\u00a0Minuten"},"schema":{"@context":"https:\/\/schema.org","@graph":[{"@type":"WebPage","@id":"https:\/\/elfsight.com\/de\/restaurant-menu-widget\/jquery\/","url":"https:\/\/elfsight.com\/de\/restaurant-menu-widget\/jquery\/","name":"Restaurantmen\u00fc f\u00fcr Ihre jQuery-Website \u2013 schnell und kostenlos","isPartOf":{"@id":"https:\/\/elfsight.com\/de\/#website"},"datePublished":"1970-01-01T00:00:00+00:00","dateModified":"2025-07-10T08:14:16+00:00","description":"Betten Sie ein mobilfreundliches Restaurantmen\u00fc-Plugin in Ihre jQuery-Seite ein. Probieren Sie die praktische Demo von Elfsight aus und \u00e4ndern Sie Ihr wundersch\u00f6nes Plugin mit nur wenigen Klicks","breadcrumb":{"@id":"https:\/\/elfsight.com\/de\/restaurant-menu-widget\/jquery\/#breadcrumb"},"inLanguage":"de","potentialAction":[{"@type":"ReadAction","target":["https:\/\/elfsight.com\/de\/restaurant-menu-widget\/jquery\/"]}]},{"@type":"BreadcrumbList","@id":"https:\/\/elfsight.com\/de\/restaurant-menu-widget\/jquery\/#breadcrumb","itemListElement":[{"@type":"ListItem","position":1,"name":"Home","item":"https:\/\/elfsight.com\/de\/"},{"@type":"ListItem","position":2,"name":"Restaurant Menu","item":"https:\/\/elfsight.com\/de\/restaurant-menu-widget\/"},{"@type":"ListItem","position":3,"name":"Restaurant Menu &#8211; jQuery"}]},{"@type":"WebSite","@id":"https:\/\/elfsight.com\/de\/#website","url":"https:\/\/elfsight.com\/de\/","name":"Elfsight DE","description":"Just another Elfsight Sites site","potentialAction":[{"@type":"SearchAction","target":{"@type":"EntryPoint","urlTemplate":"https:\/\/elfsight.com\/de\/?s={search_term_string}"},"query-input":{"@type":"PropertyValueSpecification","valueRequired":true,"valueName":"search_term_string"}}],"inLanguage":"de"}]}},"meta_box":{"industry":"","seo_heading":"","heading":"","description":"","cta_heading":"","cta_description":"","application":"514","h1":"jQuery-Restaurantmen\u00fc-Plugin","h1_caption":"Pr\u00e4sentieren Sie die Speisekarte Ihres Restaurants in einem optisch ansprechenden Format, das einfach zu aktualisieren und benutzerfreundlich ist und m\u00fchelos in Ihre jQuery-Website integriert werden kann.","application_category":[],"applications_title":"","applications_request_title":"","applications_request_button_text":"","hero_text":"","hero_video":"","hero_video_schema_markup":"","selling_points_title":"","selling_points_caption":"","selling_points":[],"selling_points_cta_text":"","features_title":"","features":"","ed_cta_examples_text":"","ed_cta_examples_hidden":"","ed_cta_demo_text":"","ed_cta_demo_hidden":"","why_caption":"","why_editor_title":"","why_editor_text":"","why_team_title":"","why_team_text":"","why_service_title":"","why_service_text":"","template_catalog_visible":"","template_catalog_title":"","template_catalog_text":"","template_catalog_categories_visible":"","demo_title":"Erstellen Sie Ihr Restaurantmen\u00fc-Plugin","demo_caption":"Konfigurieren Sie Ihr Restaurantmen\u00fc und f\u00fcgen Sie es kostenlos zu Ihrer jQuery-Website hinzu!","default_faq_hidden":"","app_template_category":[],"platform":"258","template_public_id":"","codecanyon_url":"","codecanyon_item_id":"","codecanyon_price":"","pricing_caption":"","pricing_elfsight_apps_hide_column":"","pricing_elfsight_apps_url":"","pricing_codecanyon_price_caption":"","integration_category":[],"integration_request_title":"","integration_request_cta":"","integration_platform":"","integrations":[],"platform_category":[],"video_schema_markup":"","price":"ab 0 $ \/ Monat","trial":"","benefits":[{"text":"Kostenlose Installationshilfe"},{"text":"Effektiver Kundenservice"},{"text":"14-t\u00e4gige R\u00fcckerstattungsgarantie"},{"text":"Regelm\u00e4\u00dfige Updates"}],"button_url":"#demo","button_target_blank":"","button_nofollow":"","attributes":[{"name":"Installiert","content":"10,000 - 100,000"},{"name":"Reaktionsfreudig","content":"Ja"},{"name":"Kompatible Browser","content":"Firefox, Safari, Opera, Chrome, Edge"}],"tags":[],"tags_disable_links":"","hide_more_platforms":"","video_object":"","demo_hide_cta":"","demo_hide_cloud_options":"","pricing_title":"","pricing":[{"pricing_icon":"platform","pricing_title":"Elfsight Apps","pricing_title_caption":"Plattformunabh\u00e4ngige L\u00f6sung, die auf jeder Site funktioniert","pricing_price":"ab 0 $ \/ Monat","pricing_price_caption":"Beginnen Sie mit einem kostenlosen Plan","pricing_benefits":[{"text":"Unbegrenzte Domains"},{"text":"24\/7 und p\u00fcnktlicher Support und gut dokumentiert"},{"text":"Kostenloser Installationssupport"},{"text":"Flexibles Design"}],"pricing_button_text":"Zur Website hinzuf\u00fcgen","pricing_button_url":"#demo"}],"related_apps_title":"","related_apps_hidden":"","author":"","image":[],"title":"","job":"","social_networks":[]},"_links":{"self":[{"href":"https:\/\/elfsight.com\/de\/wp-json\/wp\/v2\/pages\/9995","targetHints":{"allow":["GET"]}}],"collection":[{"href":"https:\/\/elfsight.com\/de\/wp-json\/wp\/v2\/pages"}],"about":[{"href":"https:\/\/elfsight.com\/de\/wp-json\/wp\/v2\/types\/page"}],"author":[{"embeddable":true,"href":"https:\/\/elfsight.com\/de\/wp-json\/wp\/v2\/users\/9"}],"replies":[{"embeddable":true,"href":"https:\/\/elfsight.com\/de\/wp-json\/wp\/v2\/comments?post=9995"}],"version-history":[{"count":1,"href":"https:\/\/elfsight.com\/de\/wp-json\/wp\/v2\/pages\/9995\/revisions"}],"predecessor-version":[{"id":9999,"href":"https:\/\/elfsight.com\/de\/wp-json\/wp\/v2\/pages\/9995\/revisions\/9999"}],"up":[{"embeddable":true,"href":"https:\/\/elfsight.com\/de\/wp-json\/wp\/v2\/pages\/2702"}],"wp:attachment":[{"href":"https:\/\/elfsight.com\/de\/wp-json\/wp\/v2\/media?parent=9995"}],"curies":[{"name":"wp","href":"https:\/\/api.w.org\/{rel}","templated":true}]}}