{"id":9985,"date":"1970-01-01T00:00:00","date_gmt":"1970-01-01T00:00:00","guid":{"rendered":"https:\/\/elfsight.com\/de\/?page_id=9985"},"modified":"2025-07-10T08:14:34","modified_gmt":"2025-07-10T08:14:34","slug":"opencart","status":"publish","type":"page","link":"https:\/\/elfsight.com\/de\/restaurant-menu-widget\/opencart\/","title":{"rendered":"Restaurant Menu &#8211; OpenCart"},"content":{"rendered":"<div class=\"application-platform-content-item-description application-platform-content-item\" id=\"description\" data-nav-section=\"description\"> <h2>Beschreibung<\/h2><p>Das Restaurantmen\u00fc ist ein einfach zu verwaltendes Tool, mit dem Sie Ihre Auswahl an Artikeln direkt auf Ihrer Seite anzeigen k\u00f6nnen , ein originelles Konzept vermitteln und mehr G\u00e4ste anlocken. Die Erweiterung ist hochgradig anpassbar. Dadurch k\u00f6nnen Sie beliebig viele Men\u00fcseiten mit zahlreichen Abschnitten und Elementen erstellen. Legen Sie ein helles oder dunkles Schema fest oder \u00e4ndern Sie die gew\u00fcnschten Einstellungen und f\u00e4rben Sie alle Elemente neu. Die gr\u00f6\u00dfte Chance des Widgets besteht darin, immer aktuell zu bleiben: Sie k\u00f6nnen in wenigen Sekunden Preise und Artikellisten korrigieren, neue Getr\u00e4nke oder sogar Men\u00fcs hinzuf\u00fcgen! Keine druckfertigen Men\u00fcs mehr, die Sie von Anfang an neu schreiben m\u00fcssen. Beginnen Sie jetzt einfach mit der Erstellung Ihres wunderbaren Men\u00fcs! <\/p> <p><b>Versuchen Sie, Restaurant Menu anzuwenden, um Ihre Gesch\u00e4ftsziele mit weniger Aufwand zu erreichen! \u00dcber das Men\u00fc auf Ihrer Webseite k\u00f6nnen Sie weitere potenzielle Kunden einladen und eine solide Gesch\u00e4ftsentwicklung erzielen. Versuchen Sie es mit Restaurant Menu von Elfsight! <\/b><\/p> <\/div> <div class=\"application-platform-content-item-features application-platform-content-item\" id=\"features\" data-nav-section=\"features\"> <h2>Die grundlegenden Widget-Funktionen bieten:<\/h2> <ul><li>Ein einfach zu verwaltendes Tool, auch f\u00fcr Laien Benutzer <\/li><li>Unbegrenzte Anzahl von Men\u00fcs, Abschnitten oder Elementen, klassifiziert nach verschiedenen Layouts <\/li><li>Einfaches \u00c4ndern des Men\u00fcs und aller seiner Elemente, wo immer Sie es ben\u00f6tigen. F\u00fcgen Sie Rabatte, saisonale Speisen und Getr\u00e4nke usw. hinzu. <\/li><li> F\u00fcgen Sie umfangreiche zus\u00e4tzliche Informationen zu den Artikeln hinzu, einschlie\u00dflich Symbolen, N\u00e4hrwertangaben und Abzeichen. <\/li><li>Legen Sie k\u00f6stliche Fotos f\u00fcr die Artikel fest und zeigen Sie sie sogar an im Popup-Modus <\/li><li>Passen Sie die Farbe beliebiger Elemente an und \u00e4ndern Sie sie: Text, Farbschema und Symbole <\/li><\/ul><p><a href=\"#demo\">Sie k\u00f6nnen sehen, wie die Erweiterung funktioniert funktioniert mit der Demo<\/a><\/p> <\/div> <div class=\"application-platform-content-item-installation application-platform-content-item\" id=\"installation\" data-nav-section=\"installation\"> <h2>Wie kann ich das Restaurantmen\u00fc auf meiner OpenCart-Webseite einbetten? <\/h2> <p>Befolgen Sie einfach die nachstehenden Anweisungen, um die Erweiterung zu aktivieren: <\/p> <ol><li><b>Nutzen Sie unseren kostenlosen Editor und beginnen Sie mit der Erstellung Ihrer eigenen Erweiterung. <\/b><br> W\u00e4hlen Sie das bevorzugte Design und die Parameter der Erweiterung und nehmen Sie alle Korrekturen vor. <\/li> <li><b>Lassen Sie Ihren individuellen Code in der speziellen Form auf Elfsight Apps erscheinen. <\/b><br> Wenn die Generierung Ihrer Erweiterung abgeschlossen ist, kopieren Sie den exklusiven Code im angezeigten Fenster und speichern Sie ihn zur weiteren Verwendung. <\/li> <li><b>Beginnen Sie mit der Verwendung der Erweiterung auf Ihrer OpenCart-Website. <\/b><br> Implementieren Sie den k\u00fcrzlich gespeicherten Code in Ihre Webseite und speichern Sie die Korrekturen. <\/li> <li><b>Die Installation ist vollst\u00e4ndig abgeschlossen. <\/b><br> \u00d6ffnen Sie Ihre Website, um die Leistung der Erweiterung zu beobachten. <\/li><\/ol><p>Wenn Sie Fragen haben oder auf Hindernisse sto\u00dfen, k\u00f6nnen Sie sich gerne an unseren Kundendienst wenden. Unsere Berater helfen Ihnen gerne bei allen Schwierigkeiten, die Sie mit dem Produkt haben k\u00f6nnten. <\/p> <div class=\"faq\" data-component=\"FAQ\"><div class=\"faq-item\">\r\n\t\t\t\t\t<div class=\"faq-item-question\">\r\n\t\t\t\t\t\t<h3 class=\"faq-item-question-text\">Gibt es eine Methode, Restaurant-Men\u00fcs ohne Programmierkenntnisse in meine OpenCart-Homepage einzubetten?<\/h3>\r\n\r\n\t\t\t\t\t\t<div class=\"faq-item-question-icon\"><\/div>\r\n\t\t\t\t\t<\/div>\r\n\r\n\t\t\t\t\t<div class=\"faq-item-answer\">\r\n\t\t\t\t\t\t<div class=\"faq-item-answer-text\"> <p>Elfsight liefert eine SaaS-L\u00f6sung, mit der Sie selbst einen Restaurant-Men\u00fc-Bereich einrichten k\u00f6nnen. Entdecken Sie die Einfache Anleitung: Erstellen Sie in der Online-Demo ein Restaurantmen\u00fc-Plugin, das Sie in Ihren OpenCart integrieren m\u00f6chten. W\u00e4hlen Sie eine der vielen vorgefertigten Vorlagen aus und passen Sie die Restaurantmen\u00fc-Einstellungen an, \u00e4ndern Sie das Layout und die Farbe der Elemente und aktualisieren Sie Ihre Inhalte \u2013 ganz ohne Programmieraufwand. Klicken Sie hier, um die Einstellungen, die Sie im Restaurantmen\u00fc vorgenommen haben, zu speichern und den Installationscode zu erhalten, den Sie einfach und kostenlos auf der OpenCart-Homepage hinzuf\u00fcgen k\u00f6nnen. Mit unserem unkomplizierten Konfigurator kann jeder Webbenutzer ein Restaurantmen\u00fc-Widget erstellen und es problemlos in die OpenCart-Site einbetten. Sie m\u00fcssen keinen kostenpflichtigen Plan abschlie\u00dfen oder Ihre Kartendaten offenlegen, um auf unseren Editor zuzugreifen. Wenn Sie auf Probleme jeglicher Art sto\u00dfen, wenden Sie sich bitte an unseren Kundensupport.<\/p> <\/div>\r\n\t\t\t\t\t<\/div>\r\n\t\t\t\t<\/div> <\/div><\/div>","protected":false},"excerpt":{"rendered":"","protected":false},"author":9,"featured_media":0,"parent":2702,"menu_order":0,"comment_status":"closed","ping_status":"closed","template":"templates\/template-application-platform.php","meta":{"publish_to_discourse":"","publish_post_category":"","wpdc_auto_publish_overridden":"","wpdc_topic_tags":"","wpdc_pin_topic":"","wpdc_pin_until":"","discourse_post_id":"","discourse_permalink":"","wpdc_publishing_response":"","wpdc_publishing_error":"","footnotes":""},"class_list":["post-9985","page","type-page","status-publish","hentry"],"yoast_head":"<!-- This site is optimized with the Yoast SEO plugin v25.3.1 - https:\/\/yoast.com\/wordpress\/plugins\/seo\/ -->\n<title>Restaurantmen\u00fc f\u00fcr OpenCart-Websites \u2013 stilvoll und kostenlos<\/title>\n<meta name=\"description\" content=\"Betten Sie eine responsive Restaurantkarte in Ihre OpenCart-Website ein. Probieren Sie die praktische Demo von Elfsight aus und erstellen Sie Ihr stilvolles Men\u00fc in nur wenigen Minuten\" \/>\n<meta name=\"robots\" content=\"index, follow, max-snippet:-1, max-image-preview:large, max-video-preview:-1\" \/>\n<link rel=\"canonical\" href=\"https:\/\/elfsight.com\/de\/restaurant-menu-widget\/opencart\/\" \/>\n<meta property=\"og:locale\" content=\"de_DE\" \/>\n<meta property=\"og:type\" content=\"article\" \/>\n<meta property=\"og:title\" content=\"Restaurantmen\u00fc f\u00fcr OpenCart-Websites \u2013 stilvoll und kostenlos\" \/>\n<meta property=\"og:description\" content=\"Betten Sie eine responsive Restaurantkarte in Ihre OpenCart-Website ein. Probieren Sie die praktische Demo von Elfsight aus und erstellen Sie Ihr stilvolles Men\u00fc in nur wenigen Minuten\" \/>\n<meta property=\"og:url\" content=\"https:\/\/elfsight.com\/de\/restaurant-menu-widget\/opencart\/\" \/>\n<meta property=\"og:site_name\" content=\"Elfsight DE\" \/>\n<meta property=\"article:modified_time\" content=\"2025-07-10T08:14:34+00:00\" \/>\n<meta name=\"twitter:card\" content=\"summary_large_image\" \/>\n<meta name=\"twitter:label1\" content=\"Gesch\u00e4tzte Lesezeit\" \/>\n\t<meta name=\"twitter:data1\" content=\"3\u00a0Minuten\" \/>\n<!-- \/ Yoast SEO plugin. -->","yoast_head_json":{"title":"Restaurantmen\u00fc f\u00fcr OpenCart-Websites \u2013 stilvoll und kostenlos","description":"Betten Sie eine responsive Restaurantkarte in Ihre OpenCart-Website ein. Probieren Sie die praktische Demo von Elfsight aus und erstellen Sie Ihr stilvolles Men\u00fc in nur wenigen Minuten","robots":{"index":"index","follow":"follow","max-snippet":"max-snippet:-1","max-image-preview":"max-image-preview:large","max-video-preview":"max-video-preview:-1"},"canonical":"https:\/\/elfsight.com\/de\/restaurant-menu-widget\/opencart\/","og_locale":"de_DE","og_type":"article","og_title":"Restaurantmen\u00fc f\u00fcr OpenCart-Websites \u2013 stilvoll und kostenlos","og_description":"Betten Sie eine responsive Restaurantkarte in Ihre OpenCart-Website ein. Probieren Sie die praktische Demo von Elfsight aus und erstellen Sie Ihr stilvolles Men\u00fc in nur wenigen Minuten","og_url":"https:\/\/elfsight.com\/de\/restaurant-menu-widget\/opencart\/","og_site_name":"Elfsight DE","article_modified_time":"2025-07-10T08:14:34+00:00","twitter_card":"summary_large_image","twitter_misc":{"Gesch\u00e4tzte Lesezeit":"3\u00a0Minuten"},"schema":{"@context":"https:\/\/schema.org","@graph":[{"@type":"WebPage","@id":"https:\/\/elfsight.com\/de\/restaurant-menu-widget\/opencart\/","url":"https:\/\/elfsight.com\/de\/restaurant-menu-widget\/opencart\/","name":"Restaurantmen\u00fc f\u00fcr OpenCart-Websites \u2013 stilvoll und kostenlos","isPartOf":{"@id":"https:\/\/elfsight.com\/de\/#website"},"datePublished":"1970-01-01T00:00:00+00:00","dateModified":"2025-07-10T08:14:34+00:00","description":"Betten Sie eine responsive Restaurantkarte in Ihre OpenCart-Website ein. Probieren Sie die praktische Demo von Elfsight aus und erstellen Sie Ihr stilvolles Men\u00fc in nur wenigen Minuten","breadcrumb":{"@id":"https:\/\/elfsight.com\/de\/restaurant-menu-widget\/opencart\/#breadcrumb"},"inLanguage":"de","potentialAction":[{"@type":"ReadAction","target":["https:\/\/elfsight.com\/de\/restaurant-menu-widget\/opencart\/"]}]},{"@type":"BreadcrumbList","@id":"https:\/\/elfsight.com\/de\/restaurant-menu-widget\/opencart\/#breadcrumb","itemListElement":[{"@type":"ListItem","position":1,"name":"Home","item":"https:\/\/elfsight.com\/de\/"},{"@type":"ListItem","position":2,"name":"Restaurant Menu","item":"https:\/\/elfsight.com\/de\/restaurant-menu-widget\/"},{"@type":"ListItem","position":3,"name":"Restaurant Menu &#8211; OpenCart"}]},{"@type":"WebSite","@id":"https:\/\/elfsight.com\/de\/#website","url":"https:\/\/elfsight.com\/de\/","name":"Elfsight DE","description":"Just another Elfsight Sites site","potentialAction":[{"@type":"SearchAction","target":{"@type":"EntryPoint","urlTemplate":"https:\/\/elfsight.com\/de\/?s={search_term_string}"},"query-input":{"@type":"PropertyValueSpecification","valueRequired":true,"valueName":"search_term_string"}}],"inLanguage":"de"}]}},"meta_box":{"industry":"","seo_heading":"","heading":"","description":"","cta_heading":"","cta_description":"","application":"514","h1":"OpenCart-Restaurantmen\u00fc-Erweiterung","h1_caption":"Pr\u00e4sentieren Sie die Speisekarte Ihres Restaurants m\u00fchelos in einem optisch ansprechenden Format, das einfach zu aktualisieren und benutzerfreundlich ist und auf Ihrer Opencart-Website.","application_category":[],"applications_title":"","applications_request_title":"","applications_request_button_text":"","hero_text":"","hero_video":"","hero_video_schema_markup":"","selling_points_title":"","selling_points_caption":"","selling_points":[],"selling_points_cta_text":"","features_title":"","features":"","ed_cta_examples_text":"","ed_cta_examples_hidden":"","ed_cta_demo_text":"","ed_cta_demo_hidden":"","why_caption":"","why_editor_title":"","why_editor_text":"","why_team_title":"","why_team_text":"","why_service_title":"","why_service_text":"","template_catalog_visible":"","template_catalog_title":"","template_catalog_text":"","template_catalog_categories_visible":"","demo_title":"Erstellen Sie Ihre Restaurantmen\u00fc-Erweiterung","demo_caption":"Konfigurieren Sie Ihr Restaurantmen\u00fc und f\u00fcgen Sie es kostenlos zu Ihrer OpenCart-Website hinzu!","default_faq_hidden":"","app_template_category":[],"platform":"254","template_public_id":"","codecanyon_url":"","codecanyon_item_id":"","codecanyon_price":"","pricing_caption":"","pricing_elfsight_apps_hide_column":"","pricing_elfsight_apps_url":"","pricing_codecanyon_price_caption":"","integration_category":[],"integration_request_title":"","integration_request_cta":"","integration_platform":"","integrations":[],"platform_category":[],"video_schema_markup":"","price":"ab 0 $ \/ Monat","trial":"","benefits":[{"text":"Kostenloser Installationsservice"},{"text":"Premium-Support"},{"text":"14-t\u00e4gige Geld-zur\u00fcck-Garantie"},{"text":"Laufende kostenlose Verbesserungen"}],"button_url":"#demo","button_target_blank":"","button_nofollow":"","attributes":[{"name":"Installiert","content":"10,000 - 100,000"},{"name":"Reaktionsfreudig","content":"Ja"},{"name":"Kompatible Browser","content":"Safari, Opera, Firefox, Chrome, Edge"}],"tags":[],"tags_disable_links":"","hide_more_platforms":"","video_object":"","demo_hide_cta":"","demo_hide_cloud_options":"","pricing_title":"","pricing":[{"pricing_icon":"platform","pricing_title":"Elfsight Apps","pricing_title_caption":"Multiplattform-Version, die auf jeder Website funktioniert","pricing_price":"ab 0 $ \/ Monat","pricing_price_caption":"Beginnen Sie mit einem kostenlosen Plan","pricing_benefits":[{"text":"Unbegrenzte Websites"},{"text":"Kostenloser Unternehmenssupport"},{"text":"Kostenlose Installationsunterst\u00fctzung"},{"text":"Vollst\u00e4ndig anpassbar"}],"pricing_button_text":"Zur Website hinzuf\u00fcgen","pricing_button_url":"#demo"}],"related_apps_title":"","related_apps_hidden":"","author":"","image":[],"title":"","job":"","social_networks":[]},"_links":{"self":[{"href":"https:\/\/elfsight.com\/de\/wp-json\/wp\/v2\/pages\/9985","targetHints":{"allow":["GET"]}}],"collection":[{"href":"https:\/\/elfsight.com\/de\/wp-json\/wp\/v2\/pages"}],"about":[{"href":"https:\/\/elfsight.com\/de\/wp-json\/wp\/v2\/types\/page"}],"author":[{"embeddable":true,"href":"https:\/\/elfsight.com\/de\/wp-json\/wp\/v2\/users\/9"}],"replies":[{"embeddable":true,"href":"https:\/\/elfsight.com\/de\/wp-json\/wp\/v2\/comments?post=9985"}],"version-history":[{"count":2,"href":"https:\/\/elfsight.com\/de\/wp-json\/wp\/v2\/pages\/9985\/revisions"}],"predecessor-version":[{"id":21829,"href":"https:\/\/elfsight.com\/de\/wp-json\/wp\/v2\/pages\/9985\/revisions\/21829"}],"up":[{"embeddable":true,"href":"https:\/\/elfsight.com\/de\/wp-json\/wp\/v2\/pages\/2702"}],"wp:attachment":[{"href":"https:\/\/elfsight.com\/de\/wp-json\/wp\/v2\/media?parent=9985"}],"curies":[{"name":"wp","href":"https:\/\/api.w.org\/{rel}","templated":true}]}}