{"id":9979,"date":"1970-01-01T00:00:00","date_gmt":"1970-01-01T00:00:00","guid":{"rendered":"https:\/\/elfsight.com\/de\/?page_id=9979"},"modified":"2025-02-24T11:32:13","modified_gmt":"2025-02-24T11:32:13","slug":"squarespace","status":"publish","type":"page","link":"https:\/\/elfsight.com\/de\/restaurant-menu-widget\/squarespace\/","title":{"rendered":"Restaurant Menu &#8211; Squarespace"},"content":{"rendered":"\n<div class=\"application-platform-content-item-description application-platform-content-item\" id=\"description\" data-nav-section=\"description\"> <h2>Produkt mit dem Elfsight-Widget auf der Plattform einbetten<\/h2><p>Elfsight Restaurant Menu ist ein benutzerfreundliches Plugin zum Anzeigen Ihrer Angebot an Speisen und Getr\u00e4nken direkt auf Ihrer Website, um m\u00f6glichst viele G\u00e4ste anzulocken. Das Plugin ist \u00e4u\u00dferst benutzerfreundlich. Dar\u00fcber k\u00f6nnen Sie eine unbegrenzte Anzahl von Men\u00fcseiten mit einer gro\u00dfen Auswahl an Artikeln erstellen oder einfach nur eine kurze Liste der von Ihnen servierten Spezialit\u00e4ten pr\u00e4sentieren. Z\u00f6gern Sie nicht, ein helles oder dunkles Schema zu w\u00e4hlen oder die gew\u00fcnschten Einstellungen zu \u00e4ndern und alle Elemente neu einzuf\u00e4rben. Die gr\u00f6\u00dfte Chance des Plugins besteht darin, immer aktuell zu bleiben: Sie k\u00f6nnen in wenigen Sekunden Preise und Artikellisten aktualisieren, neue Mahlzeiten oder sogar Men\u00fcs hinzuf\u00fcgen! Keine PDF-Dateien mehr, die Sie gleich zu Beginn neu schreiben m\u00fcssen. Beginnen Sie gleich jetzt mit der Erstellung Ihres atemberaubenden Men\u00fcs. <\/p> <p><b>Starten Sie Restaurant Menu, um Ihre Gesch\u00e4ftsziele effizienter zu erreichen! Mithilfe des Men\u00fcs auf Ihrer Webseite kann Ihr Unternehmen mehr potenzielle Kunden gewinnen und ein solides Gesch\u00e4ftswachstum verzeichnen. Versuchen Sie es mit Restaurant Menu von Elfsight!<\/b><\/p><\/div> <div class=\"application-platform-content-item-features application-platform-content-item\" id=\"features\" data-nav-section=\"features\"> <h2>Dies sind nur einige der wertvollen Plugin-Funktionen: <\/h2> <ul><li> Benutzerfreundlich auch f\u00fcr technisch nicht versierte Benutzer <\/li><li>Unbegrenzte Anzahl von Men\u00fcs, Abschnitten oder Elementen, organisiert durch atemberaubende Layouts <\/li><li>Einfach zu aktualisierendes Men\u00fc und alle seine Elemente, wo immer Sie m\u00f6chten: Preise, saisonale Lebensmittel, Getr\u00e4nke usw. <\/li><li>Schreiben Sie eine detaillierte Beschreibung f\u00fcr die Artikel, einschlie\u00dflich Symbolen, N\u00e4hrwertangaben und Abzeichen. <\/li><li>Legen Sie k\u00f6stliche Bilder f\u00fcr die Artikel fest und zeigen Sie sie sogar im Popup-Modus an . <\/li><li>\u00c4ndern und f\u00e4rben Sie alle Elemente neu: Text, Farbschema und Symbole. <\/li><\/ul><p><a href=\"#demo\">Probieren Sie einfach diese Demo aus, um die Funktionalit\u00e4t des Widgets zu verstehen<\/a><\/p> <\/div> <div class=\"application-platform-content-item-installation  application-platform-content-item\" id=\"installation \" data-nav-section=\"installation \"> <h2>Wie bette ich das Restaurantmen\u00fc in meine Squarespace-Website ein? <\/h2><div class=\"video-container\"><iframe width=\"560\" height=\"315\" src=\"https:\/\/www.youtube.com\/embed\/NN_NHhewpvI?si=FlzwOqiC69iZx4qV\" frameborder=\"0\" allow=\"accelerometer; autoplay; clipboard-write; encrypted-media; gyroscope; picture-in-picture; web-share\" allowfullscreen><\/iframe><\/div><p>Befolgen Sie einfach die folgenden Anweisungen, um mit dem Plugin zu arbeiten: <\/p><ol><li><b>Starten Sie unsere kostenlose Demo und beginnen Sie mit der Entwicklung Ihres eigenen Plugins. <\/b><br> Finden Sie das bevorzugte Design und die Spezifikationen des Werkzeugs und nehmen Sie die \u00c4nderungen vor. <\/li> <li><b>Lassen Sie sich Ihren individuellen Code im Fenster von Elfsight Apps anzeigen. <\/b><br> Sobald die Konfiguration Ihres Widgets abgeschlossen ist, kopieren Sie den pers\u00f6nlichen Code im erscheinenden Fenster und bewahren Sie ihn f\u00fcr die zuk\u00fcnftige Verwendung auf. <\/li> <li><b>Beginnen Sie mit der Verwendung des Plugins auf Ihrer Squarespace-Homepage. <\/b><br> F\u00fcgen Sie den Code, den Sie k\u00fcrzlich gespeichert haben, auf Ihrer Seite ein und \u00fcbernehmen Sie die Anpassungen. <\/li> <li><b>Du bist fertig! Das Setup wurde erfolgreich durchgef\u00fchrt. <\/b><br> Besuchen Sie Ihre Seite, um einen Blick auf die Arbeit des Plugins zu werfen. <\/li><\/ol> <p>Wenn Sie auf Hindernisse sto\u00dfen, scheuen Sie sich nicht, sich an unser Support-Team zu wenden. Unsere Mitarbeiter helfen Ihnen gerne bei allen Fragen, die Sie zum Plugin haben. <\/p> <div class=\"faq\" data-component=\"FAQ\"><div class=\"faq-item\">\r\n\t\t\t\t\t<div class=\"faq-item-question\">\r\n\t\t\t\t\t\t<h3 class=\"faq-item-question-text\">Gibt es eine M\u00f6glichkeit, Restaurant Menu ohne Programmieraufwand zu meiner Squarespace-Homepage hinzuzuf\u00fcgen?<\/h3>\r\n\r\n\t\t\t\t\t\t<div class=\"faq-item-question-icon\"><\/div>\r\n\t\t\t\t\t<\/div>\r\n\r\n\t\t\t\t\t<div class=\"faq-item-answer\">\r\n\t\t\t\t\t\t<div class=\"faq-item-answer-text\"> <p>Elfsight stellt eine L\u00f6sung vor, die es Websitebesitzern erm\u00f6glicht, selbst eine Restaurant Menu-App zu erstellen, siehe Einfache Anleitung: Gehen Sie zur Live-Demo, um eine Restaurant-Men\u00fc-App zu erstellen, die Sie in Ihren Squarespace einbetten m\u00f6chten. Klicken Sie auf eine der vielen vorgefertigten Vorlagen und passen Sie die Restaurantmen\u00fceinstellungen an, f\u00fcgen Sie Ihre Inhalte hinzu, \u00e4ndern Sie das Layout und die Farben \u2013 ohne Programmierkenntnisse. Speichern Sie die Einstellungen, die Sie im Restaurant Menu vorgenommen haben, und kopieren Sie den Code f\u00fcr die Installation, der einfach und kostenlos in die Squarespace-Webseite eingef\u00fcgt werden kann. Mit Hilfe unseres benutzerfreundlichen Konfigurators kann jeder Internetnutzer online eine Restaurant-Men\u00fc-App erstellen und diese problemlos in seine Squarespace-Website einbetten. Sie m\u00fcssen keinen kostenpflichtigen Plan abschlie\u00dfen oder Ihre Kartendaten offenlegen, um auf unseren Editor zuzugreifen. Wenn Sie auf Probleme jeglicher Art sto\u00dfen, wenden Sie sich bitte an unsere Support-Mitarbeiter.<\/p> <\/div>\r\n\t\t\t\t\t<\/div>\r\n\t\t\t\t<\/div> <\/div><\/div>\n","protected":false},"excerpt":{"rendered":"","protected":false},"author":9,"featured_media":0,"parent":2702,"menu_order":0,"comment_status":"closed","ping_status":"closed","template":"templates\/template-application-platform.php","meta":{"publish_to_discourse":"","publish_post_category":"","wpdc_auto_publish_overridden":"","wpdc_topic_tags":"","wpdc_pin_topic":"","wpdc_pin_until":"","discourse_post_id":"","discourse_permalink":"","wpdc_publishing_response":"","wpdc_publishing_error":"","footnotes":""},"class_list":["post-9979","page","type-page","status-publish","hentry"],"yoast_head":"<!-- This site is optimized with the Yoast SEO plugin v25.3.1 - https:\/\/yoast.com\/wordpress\/plugins\/seo\/ -->\n<title>Restaurantmen\u00fc f\u00fcr Squarespace-Websites \u2013 schnell und kostenlos<\/title>\n<meta name=\"description\" content=\"Integrieren Sie eine mobilfreundliche Restaurant-Men\u00fc-App in Ihre Squarespace-Webseite. Probieren Sie die praktische Demo von Elfsight aus und \u00e4ndern Sie Ihr beeindruckendes Plugin in nur wenigen Sekunden\" \/>\n<meta name=\"robots\" content=\"index, follow, max-snippet:-1, max-image-preview:large, max-video-preview:-1\" \/>\n<link rel=\"canonical\" href=\"https:\/\/elfsight.com\/de\/restaurant-menu-widget\/squarespace\/\" \/>\n<meta property=\"og:locale\" content=\"de_DE\" \/>\n<meta property=\"og:type\" content=\"article\" \/>\n<meta property=\"og:title\" content=\"Restaurantmen\u00fc f\u00fcr Squarespace-Websites \u2013 schnell und kostenlos\" \/>\n<meta property=\"og:description\" content=\"Integrieren Sie eine mobilfreundliche Restaurant-Men\u00fc-App in Ihre Squarespace-Webseite. Probieren Sie die praktische Demo von Elfsight aus und \u00e4ndern Sie Ihr beeindruckendes Plugin in nur wenigen Sekunden\" \/>\n<meta property=\"og:url\" content=\"https:\/\/elfsight.com\/de\/restaurant-menu-widget\/squarespace\/\" \/>\n<meta property=\"og:site_name\" content=\"Elfsight DE\" \/>\n<meta property=\"article:modified_time\" content=\"2025-02-24T11:32:13+00:00\" \/>\n<meta name=\"twitter:card\" content=\"summary_large_image\" \/>\n<meta name=\"twitter:label1\" content=\"Gesch\u00e4tzte Lesezeit\" \/>\n\t<meta name=\"twitter:data1\" content=\"4\u00a0Minuten\" \/>\n<!-- \/ Yoast SEO plugin. -->","yoast_head_json":{"title":"Restaurantmen\u00fc f\u00fcr Squarespace-Websites \u2013 schnell und kostenlos","description":"Integrieren Sie eine mobilfreundliche Restaurant-Men\u00fc-App in Ihre Squarespace-Webseite. Probieren Sie die praktische Demo von Elfsight aus und \u00e4ndern Sie Ihr beeindruckendes Plugin in nur wenigen Sekunden","robots":{"index":"index","follow":"follow","max-snippet":"max-snippet:-1","max-image-preview":"max-image-preview:large","max-video-preview":"max-video-preview:-1"},"canonical":"https:\/\/elfsight.com\/de\/restaurant-menu-widget\/squarespace\/","og_locale":"de_DE","og_type":"article","og_title":"Restaurantmen\u00fc f\u00fcr Squarespace-Websites \u2013 schnell und kostenlos","og_description":"Integrieren Sie eine mobilfreundliche Restaurant-Men\u00fc-App in Ihre Squarespace-Webseite. Probieren Sie die praktische Demo von Elfsight aus und \u00e4ndern Sie Ihr beeindruckendes Plugin in nur wenigen Sekunden","og_url":"https:\/\/elfsight.com\/de\/restaurant-menu-widget\/squarespace\/","og_site_name":"Elfsight DE","article_modified_time":"2025-02-24T11:32:13+00:00","twitter_card":"summary_large_image","twitter_misc":{"Gesch\u00e4tzte Lesezeit":"4\u00a0Minuten"},"schema":{"@context":"https:\/\/schema.org","@graph":[{"@type":"WebPage","@id":"https:\/\/elfsight.com\/de\/restaurant-menu-widget\/squarespace\/","url":"https:\/\/elfsight.com\/de\/restaurant-menu-widget\/squarespace\/","name":"Restaurantmen\u00fc f\u00fcr Squarespace-Websites \u2013 schnell und kostenlos","isPartOf":{"@id":"https:\/\/elfsight.com\/de\/#website"},"datePublished":"1970-01-01T00:00:00+00:00","dateModified":"2025-02-24T11:32:13+00:00","description":"Integrieren Sie eine mobilfreundliche Restaurant-Men\u00fc-App in Ihre Squarespace-Webseite. Probieren Sie die praktische Demo von Elfsight aus und \u00e4ndern Sie Ihr beeindruckendes Plugin in nur wenigen Sekunden","breadcrumb":{"@id":"https:\/\/elfsight.com\/de\/restaurant-menu-widget\/squarespace\/#breadcrumb"},"inLanguage":"de","potentialAction":[{"@type":"ReadAction","target":["https:\/\/elfsight.com\/de\/restaurant-menu-widget\/squarespace\/"]}]},{"@type":"BreadcrumbList","@id":"https:\/\/elfsight.com\/de\/restaurant-menu-widget\/squarespace\/#breadcrumb","itemListElement":[{"@type":"ListItem","position":1,"name":"Home","item":"https:\/\/elfsight.com\/de\/"},{"@type":"ListItem","position":2,"name":"Restaurant Menu","item":"https:\/\/elfsight.com\/de\/restaurant-menu-widget\/"},{"@type":"ListItem","position":3,"name":"Restaurant Menu &#8211; Squarespace"}]},{"@type":"WebSite","@id":"https:\/\/elfsight.com\/de\/#website","url":"https:\/\/elfsight.com\/de\/","name":"Elfsight DE","description":"Just another Elfsight Sites site","potentialAction":[{"@type":"SearchAction","target":{"@type":"EntryPoint","urlTemplate":"https:\/\/elfsight.com\/de\/?s={search_term_string}"},"query-input":{"@type":"PropertyValueSpecification","valueRequired":true,"valueName":"search_term_string"}}],"inLanguage":"de"}]}},"meta_box":{"industry":"","seo_heading":"","heading":"","description":"","cta_heading":"","cta_description":"","application":"514","h1":"Squarespace Restaurant-Men\u00fc-Plugin","h1_caption":"Pr\u00e4sentieren Sie die Speisekarte Ihres Restaurants m\u00fchelos in einem optisch ansprechenden Format, das einfach zu aktualisieren und benutzerfreundlich ist und auf Ihrer Squarespace-Website.","application_category":[],"applications_title":"","applications_request_title":"","applications_request_button_text":"","hero_text":"","hero_video":"","hero_video_schema_markup":"","selling_points_title":"","selling_points_caption":"","selling_points":[],"selling_points_cta_text":"","features_title":"","features":"","ed_cta_examples_text":"","ed_cta_examples_hidden":"","ed_cta_demo_text":"","ed_cta_demo_hidden":"","why_caption":"","why_editor_title":"","why_editor_text":"","why_team_title":"","why_team_text":"","why_service_title":"","why_service_text":"","template_catalog_visible":"0","template_catalog_title":"","template_catalog_text":"","template_catalog_categories_visible":"","demo_title":"Erstellen Sie Ihr Restaurantmen\u00fc-Plugin","demo_caption":"Konfigurieren Sie Ihr Restaurantmen\u00fc und f\u00fcgen Sie es kostenlos zu Ihrer Squarespace-Website hinzu!","default_faq_hidden":"","app_template_category":[],"platform":"252","template_public_id":"","codecanyon_url":"","codecanyon_item_id":"","codecanyon_price":"","pricing_caption":"","pricing_elfsight_apps_hide_column":"","pricing_elfsight_apps_url":"","pricing_codecanyon_price_caption":"","integration_category":[],"integration_request_title":"","integration_request_cta":"","integration_platform":"","integrations":[],"platform_category":[],"video_schema_markup":"","price":"ab 0 $ \/ Monat","trial":"","benefits":[{"text":"Kostenlose Installationsunterst\u00fctzung"},{"text":"Effektiver Kundenservice"},{"text":"14-t\u00e4gige Geld-zur\u00fcck-Garantie"},{"text":"Lebenslange kostenlose Verbesserungen"}],"button_url":"#demo","button_target_blank":"0","button_nofollow":"0","attributes":[{"name":"Installiert","content":"10,000 - 100,000"},{"name":"Reaktionsfreudig","content":"Ja"},{"name":"Kompatible Browser","content":"Firefox, Safari, Opera, Chrome, Edge"}],"tags":[],"tags_disable_links":"0","hide_more_platforms":"0","video_object":"","demo_hide_cta":"0","demo_hide_cloud_options":"0","pricing_title":"","pricing":[{"pricing_icon":"platform","pricing_title":"Elfsight Apps","pricing_title_caption":"Plattformunabh\u00e4ngige digitale L\u00f6sung","pricing_price":"ab 0 $ \/ Monat","pricing_price_caption":"Beginnen Sie mit einem kostenlosen Plan","pricing_benefits":[{"text":"Unbegrenzte Websites"},{"text":"Schneller und p\u00fcnktlicher Support"},{"text":"Kostenloser Installationsservice"},{"text":"Flexibles Design"}],"pricing_button_text":"Zur Website hinzuf\u00fcgen","pricing_button_url":"#demo"}],"related_apps_title":"","related_apps_hidden":"0","author":"","image":[],"title":"","job":"","social_networks":[]},"_links":{"self":[{"href":"https:\/\/elfsight.com\/de\/wp-json\/wp\/v2\/pages\/9979","targetHints":{"allow":["GET"]}}],"collection":[{"href":"https:\/\/elfsight.com\/de\/wp-json\/wp\/v2\/pages"}],"about":[{"href":"https:\/\/elfsight.com\/de\/wp-json\/wp\/v2\/types\/page"}],"author":[{"embeddable":true,"href":"https:\/\/elfsight.com\/de\/wp-json\/wp\/v2\/users\/9"}],"replies":[{"embeddable":true,"href":"https:\/\/elfsight.com\/de\/wp-json\/wp\/v2\/comments?post=9979"}],"version-history":[{"count":3,"href":"https:\/\/elfsight.com\/de\/wp-json\/wp\/v2\/pages\/9979\/revisions"}],"predecessor-version":[{"id":24807,"href":"https:\/\/elfsight.com\/de\/wp-json\/wp\/v2\/pages\/9979\/revisions\/24807"}],"up":[{"embeddable":true,"href":"https:\/\/elfsight.com\/de\/wp-json\/wp\/v2\/pages\/2702"}],"wp:attachment":[{"href":"https:\/\/elfsight.com\/de\/wp-json\/wp\/v2\/media?parent=9979"}],"curies":[{"name":"wp","href":"https:\/\/api.w.org\/{rel}","templated":true}]}}