{"id":9978,"date":"1970-01-01T00:00:00","date_gmt":"1970-01-01T00:00:00","guid":{"rendered":"https:\/\/elfsight.com\/de\/?page_id=9978"},"modified":"2025-07-10T08:14:45","modified_gmt":"2025-07-10T08:14:45","slug":"webnode","status":"publish","type":"page","link":"https:\/\/elfsight.com\/de\/restaurant-menu-widget\/webnode\/","title":{"rendered":"Restaurant Menu &#8211; Webnode"},"content":{"rendered":"<div class=\"application-platform-content-item-description application-platform-content-item\" id=\"description\" data-nav-section=\"description\"> <h2>Beschreibung<\/h2><p>Das Restaurantmen\u00fc ist der schnellste Weg, die herausragende Qualit\u00e4t und den Geschmack Ihrer K\u00fcche darzustellen und die Aufmerksamkeit der Benutzer auf sich zu ziehen mit verf\u00fchrerischen Food-Bildern. Das Widget ist sehr benutzerspezifisch und Sie k\u00f6nnen so viele Men\u00fcseiten, Abschnitte und Elemente erstellen, wie Sie m\u00f6chten. Z\u00f6gern Sie nicht, ein helles oder dunkles Schema zu w\u00e4hlen oder die Einstellungen anzupassen und alle Akzentfarben neu zu streichen. Dar\u00fcber hinaus bleibt Ihre Speisekarte immer aktuell: Sie k\u00f6nnen in wenigen Sekunden Preise, eine Artikelliste aktualisieren, neue Mahlzeiten oder sogar Men\u00fcs hinzuf\u00fcgen! Keine druckfertigen Men\u00fcs mehr, die Sie selbst erstellen m\u00fcssen. Beginnen Sie gleich jetzt mit der Erstellung Ihres appetitlichen Men\u00fcs.<\/p> <p><b>Betten Sie das Restaurantmen\u00fc ein, um Ihren E-Commerce-H\u00f6hepunkt zu erreichen! \u00dcber das Men\u00fc auf Ihrer Webseite k\u00f6nnen Sie weitere potenzielle Kunden einladen und. Versuchen Sie es mit Restaurant Menu von Elfsight.<\/b><\/p><\/div><div class=\"application-platform-content-item-features application-platform-content-item\" id=\"features\" data-nav-section=\"features\"> <h2>Sehen Sie sich die Liste der n\u00fctzlichsten Funktionen an: <\/h2> <ul><li>Einfach Tool auch f\u00fcr nicht-professionelle Benutzer<\/li><li>Unendliche Menge an Men\u00fcs, Abschnitten oder Elementen, organisiert durch stilvolle Layouts<\/li><li>Einfach zu verwaltendes Men\u00fc und alle seine Elemente zu jedem beliebigen Zeitpunkt: Korrigieren Sie die Preise, f\u00fcgen Sie saisonale Gerichte und Getr\u00e4nke usw. hinzu. <\/li><li>Schreiben Sie detaillierte Zusatzinformationen f\u00fcr die Artikel, sogar Symbole, N\u00e4hrwertangaben und Abzeichen.<\/li><li>F\u00fcgen Sie appetitliche Bilder f\u00fcr die Artikel hinzu und zeigen Sie sie sogar im Popup-Modus <\/li><li>\u00c4ndern und f\u00e4rben Sie alle Elemente neu: Text, Farbschema und Symbole <\/li><\/ul><p><a href=\"#demo\">Probieren Sie alle Einstellungen mit vollem Funktionsumfang aus Demo<\/a><\/p> <\/div> <div class=\"application-platform-content-item-installation application-platform-content-item\" id=\"installation\" data-nav-section=\"installation\"> <h2>Wie f\u00fcge ich ein Restaurantmen\u00fc auf meiner Webnode-Site hinzu? <\/h2> <p>Befolgen Sie einfach die unten beschriebenen Schritte, um das Widget zu integrieren: <\/p> <ol><li><b>\u00d6ffnen Sie unsere kostenlose Demo und beginnen Sie mit der Erstellung Ihres personalisierten Instruments. <\/b><br> Geben Sie das gew\u00fcnschte Layout und die gew\u00fcnschten Eigenschaften des Tools an und wenden Sie die Korrekturen an. <\/li> <li><b>Erhalten Sie Ihren pers\u00f6nlichen Code, der im Feld auf Elfsight Apps angezeigt wird. <\/b><br> Sobald die Generierung Ihres Tools abgeschlossen ist, kopieren Sie den pers\u00f6nlichen Code im erscheinenden Fenster und speichern Sie ihn f\u00fcr einen sp\u00e4teren Anlass. <\/li> <li><b>Initiieren Sie die Nutzung des Tools auf der Webnode-Webseite. <\/b><br> F\u00fcgen Sie den zuvor gespeicherten Code in Ihre Seite ein und \u00fcbernehmen Sie die \u00c4nderungen. <\/li> <li><b>Du bist fertig! Das Setup wurde erfolgreich durchgef\u00fchrt. <\/b><br> Besuchen Sie Ihre Webseite, um zu sehen, wie das Widget funktioniert. <\/li><\/ol> <p>Wenn Sie Fragen haben oder auf Komplikationen sto\u00dfen, wenden Sie sich bitte an unseren Kundendienst. Die Spezialisten von Elfsight helfen Ihnen gerne bei allen Fragen, die Sie zum Widget haben k\u00f6nnten. <\/p> <div class=\"faq\" data-component=\"FAQ\"><div class=\"faq-item\">\r\n\t\t\t\t\t<div class=\"faq-item-question\">\r\n\t\t\t\t\t\t<h3 class=\"faq-item-question-text\">Wie ist es m\u00f6glich, Restaurant Menu ohne Codierung zu meiner Webnode-Website hinzuzuf\u00fcgen?<\/h3>\r\n\r\n\t\t\t\t\t\t<div class=\"faq-item-question-icon\"><\/div>\r\n\t\t\t\t\t<\/div>\r\n\r\n\t\t\t\t\t<div class=\"faq-item-answer\">\r\n\t\t\t\t\t\t<div class=\"faq-item-answer-text\"> <p>Das Unternehmen Elfsight stellt eine SaaS-L\u00f6sung vor, mit der Benutzer selbst ein Restaurant Menu-Plugin erstellen k\u00f6nnen Sehen Sie sich die einfachen Schritte an: Arbeiten Sie direkt in der Live-Demo, um eine Restaurant-Men\u00fc-App zu erstellen, die Sie auf Ihrer Webnode-Webseite einbetten m\u00f6chten. Entscheiden Sie sich f\u00fcr eine unserer vorgefertigten Vorlagen und optimieren Sie die Restaurantmen\u00fceinstellungen, f\u00fcgen Sie Ihre Inhalte ein, \u00e4ndern Sie das Layout und das Farbschema ohne Programmierkenntnisse. Speichern Sie die Einstellungen, die Sie im Restaurantmen\u00fc vorgenommen haben, und erhalten Sie den Plugin-Code f\u00fcr die Installation, den Sie m\u00fchelos zur Webnode-Webseite hinzuf\u00fcgen k\u00f6nnen, ohne ein kostenpflichtiges Abonnement zu kaufen. Mit dem benutzerfreundlichen Konfigurator kann jeder Internetnutzer ein Restaurant-Men\u00fc-Plugin erstellen und es einfach in jede Webnode-Website einbetten. Sie m\u00fcssen weder bezahlen noch Ihre Kartendaten angeben, um auf den Service zuzugreifen. Sollten bei irgendeinem Schritt Probleme auftreten, wenden Sie sich bitte an unsere Mitarbeiter des technischen Supports.<\/p> <\/div>\r\n\t\t\t\t\t<\/div>\r\n\t\t\t\t<\/div> <\/div><\/div>","protected":false},"excerpt":{"rendered":"","protected":false},"author":9,"featured_media":0,"parent":2702,"menu_order":0,"comment_status":"closed","ping_status":"closed","template":"templates\/template-application-platform.php","meta":{"publish_to_discourse":"","publish_post_category":"","wpdc_auto_publish_overridden":"","wpdc_topic_tags":"","wpdc_pin_topic":"","wpdc_pin_until":"","discourse_post_id":"","discourse_permalink":"","wpdc_publishing_response":"","wpdc_publishing_error":"","footnotes":""},"class_list":["post-9978","page","type-page","status-publish","hentry"],"yoast_head":"<!-- This site is optimized with the Yoast SEO plugin v25.3.1 - https:\/\/yoast.com\/wordpress\/plugins\/seo\/ -->\n<title>Restaurantmen\u00fc-Widget f\u00fcr Webnode-Websites \u2013 schnell und kostenlos<\/title>\n<meta name=\"description\" content=\"Implementieren Sie ein einfach zu verwaltendes Restaurantmen\u00fc-Widget auf Ihrer Webnode-Webseite. Nutzen Sie die praktische Elfsight-Demo und erstellen Sie mit nur wenigen Klicks Ihr fantastisches Men\u00fc\" \/>\n<meta name=\"robots\" content=\"index, follow, max-snippet:-1, max-image-preview:large, max-video-preview:-1\" \/>\n<link rel=\"canonical\" href=\"https:\/\/elfsight.com\/de\/restaurant-menu-widget\/webnode\/\" \/>\n<meta property=\"og:locale\" content=\"de_DE\" \/>\n<meta property=\"og:type\" content=\"article\" \/>\n<meta property=\"og:title\" content=\"Restaurantmen\u00fc-Widget f\u00fcr Webnode-Websites \u2013 schnell und kostenlos\" \/>\n<meta property=\"og:description\" content=\"Implementieren Sie ein einfach zu verwaltendes Restaurantmen\u00fc-Widget auf Ihrer Webnode-Webseite. Nutzen Sie die praktische Elfsight-Demo und erstellen Sie mit nur wenigen Klicks Ihr fantastisches Men\u00fc\" \/>\n<meta property=\"og:url\" content=\"https:\/\/elfsight.com\/de\/restaurant-menu-widget\/webnode\/\" \/>\n<meta property=\"og:site_name\" content=\"Elfsight DE\" \/>\n<meta property=\"article:modified_time\" content=\"2025-07-10T08:14:45+00:00\" \/>\n<meta name=\"twitter:card\" content=\"summary_large_image\" \/>\n<meta name=\"twitter:label1\" content=\"Gesch\u00e4tzte Lesezeit\" \/>\n\t<meta name=\"twitter:data1\" content=\"3\u00a0Minuten\" \/>\n<!-- \/ Yoast SEO plugin. -->","yoast_head_json":{"title":"Restaurantmen\u00fc-Widget f\u00fcr Webnode-Websites \u2013 schnell und kostenlos","description":"Implementieren Sie ein einfach zu verwaltendes Restaurantmen\u00fc-Widget auf Ihrer Webnode-Webseite. Nutzen Sie die praktische Elfsight-Demo und erstellen Sie mit nur wenigen Klicks Ihr fantastisches Men\u00fc","robots":{"index":"index","follow":"follow","max-snippet":"max-snippet:-1","max-image-preview":"max-image-preview:large","max-video-preview":"max-video-preview:-1"},"canonical":"https:\/\/elfsight.com\/de\/restaurant-menu-widget\/webnode\/","og_locale":"de_DE","og_type":"article","og_title":"Restaurantmen\u00fc-Widget f\u00fcr Webnode-Websites \u2013 schnell und kostenlos","og_description":"Implementieren Sie ein einfach zu verwaltendes Restaurantmen\u00fc-Widget auf Ihrer Webnode-Webseite. Nutzen Sie die praktische Elfsight-Demo und erstellen Sie mit nur wenigen Klicks Ihr fantastisches Men\u00fc","og_url":"https:\/\/elfsight.com\/de\/restaurant-menu-widget\/webnode\/","og_site_name":"Elfsight DE","article_modified_time":"2025-07-10T08:14:45+00:00","twitter_card":"summary_large_image","twitter_misc":{"Gesch\u00e4tzte Lesezeit":"3\u00a0Minuten"},"schema":{"@context":"https:\/\/schema.org","@graph":[{"@type":"WebPage","@id":"https:\/\/elfsight.com\/de\/restaurant-menu-widget\/webnode\/","url":"https:\/\/elfsight.com\/de\/restaurant-menu-widget\/webnode\/","name":"Restaurantmen\u00fc-Widget f\u00fcr Webnode-Websites \u2013 schnell und kostenlos","isPartOf":{"@id":"https:\/\/elfsight.com\/de\/#website"},"datePublished":"1970-01-01T00:00:00+00:00","dateModified":"2025-07-10T08:14:45+00:00","description":"Implementieren Sie ein einfach zu verwaltendes Restaurantmen\u00fc-Widget auf Ihrer Webnode-Webseite. Nutzen Sie die praktische Elfsight-Demo und erstellen Sie mit nur wenigen Klicks Ihr fantastisches Men\u00fc","breadcrumb":{"@id":"https:\/\/elfsight.com\/de\/restaurant-menu-widget\/webnode\/#breadcrumb"},"inLanguage":"de","potentialAction":[{"@type":"ReadAction","target":["https:\/\/elfsight.com\/de\/restaurant-menu-widget\/webnode\/"]}]},{"@type":"BreadcrumbList","@id":"https:\/\/elfsight.com\/de\/restaurant-menu-widget\/webnode\/#breadcrumb","itemListElement":[{"@type":"ListItem","position":1,"name":"Home","item":"https:\/\/elfsight.com\/de\/"},{"@type":"ListItem","position":2,"name":"Restaurant Menu","item":"https:\/\/elfsight.com\/de\/restaurant-menu-widget\/"},{"@type":"ListItem","position":3,"name":"Restaurant Menu &#8211; Webnode"}]},{"@type":"WebSite","@id":"https:\/\/elfsight.com\/de\/#website","url":"https:\/\/elfsight.com\/de\/","name":"Elfsight DE","description":"Just another Elfsight Sites site","potentialAction":[{"@type":"SearchAction","target":{"@type":"EntryPoint","urlTemplate":"https:\/\/elfsight.com\/de\/?s={search_term_string}"},"query-input":{"@type":"PropertyValueSpecification","valueRequired":true,"valueName":"search_term_string"}}],"inLanguage":"de"}]}},"meta_box":{"industry":"","seo_heading":"","heading":"","description":"","cta_heading":"","cta_description":"","application":"514","h1":"Webnode-Restaurantmen\u00fc-Widget","h1_caption":"Pr\u00e4sentieren Sie die Speisekarte Ihres Restaurants m\u00fchelos in einem optisch ansprechenden Format, das einfach zu aktualisieren und benutzerfreundlich ist und auf Ihrer Webnode-Website.","application_category":[],"applications_title":"","applications_request_title":"","applications_request_button_text":"","hero_text":"","hero_video":"","hero_video_schema_markup":"","selling_points_title":"","selling_points_caption":"","selling_points":[],"selling_points_cta_text":"","features_title":"","features":"","ed_cta_examples_text":"","ed_cta_examples_hidden":"","ed_cta_demo_text":"","ed_cta_demo_hidden":"","why_caption":"","why_editor_title":"","why_editor_text":"","why_team_title":"","why_team_text":"","why_service_title":"","why_service_text":"","template_catalog_visible":"","template_catalog_title":"","template_catalog_text":"","template_catalog_categories_visible":"","demo_title":"Erstellen Sie Ihr Restaurantmen\u00fc-Widget","demo_caption":"Konfigurieren Sie Ihr Restaurantmen\u00fc und f\u00fcgen Sie es kostenlos zu Ihrer Webnode-Website hinzu!","default_faq_hidden":"","app_template_category":[],"platform":"248","template_public_id":"","codecanyon_url":"","codecanyon_item_id":"","codecanyon_price":"","pricing_caption":"","pricing_elfsight_apps_hide_column":"","pricing_elfsight_apps_url":"","pricing_codecanyon_price_caption":"","integration_category":[],"integration_request_title":"","integration_request_cta":"","integration_platform":"","integrations":[],"platform_category":[],"video_schema_markup":"","price":"ab 0 $ \/ Monat","trial":"","benefits":[{"text":"Professioneller Kundenservice"},{"text":"Premium-Support"},{"text":"14-t\u00e4gige R\u00fcckerstattungsgarantie"},{"text":"Zuk\u00fcnftige kostenlose Updates"}],"button_url":"#demo","button_target_blank":"","button_nofollow":"","attributes":[{"name":"Installiert","content":"10,000 - 100,000"},{"name":"Reaktionsfreudig","content":"Ja"},{"name":"Kompatible Browser","content":"Firefox, Safari, Opera, Chrome, Edge"}],"tags":[],"tags_disable_links":"","hide_more_platforms":"","video_object":"","demo_hide_cta":"","demo_hide_cloud_options":"","pricing_title":"","pricing":[{"pricing_icon":"platform","pricing_title":"Elfsight Apps","pricing_title_caption":"Plattformunabh\u00e4ngige Software, die f\u00fcr jede Site geeignet ist","pricing_price":"ab 0 $ \/ Monat","pricing_price_caption":"Beginnen Sie mit einem kostenlosen Plan","pricing_benefits":[{"text":"Unbegrenzte Domains"},{"text":"24\/7 und p\u00fcnktlicher Support"},{"text":"Kostenloser Installationsservice"},{"text":"Sonderpreis f\u00fcr mehrere Apps"}],"pricing_button_text":"Zur Website hinzuf\u00fcgen","pricing_button_url":"#demo"}],"related_apps_title":"","related_apps_hidden":"","author":"","image":[],"title":"","job":"","social_networks":[]},"_links":{"self":[{"href":"https:\/\/elfsight.com\/de\/wp-json\/wp\/v2\/pages\/9978","targetHints":{"allow":["GET"]}}],"collection":[{"href":"https:\/\/elfsight.com\/de\/wp-json\/wp\/v2\/pages"}],"about":[{"href":"https:\/\/elfsight.com\/de\/wp-json\/wp\/v2\/types\/page"}],"author":[{"embeddable":true,"href":"https:\/\/elfsight.com\/de\/wp-json\/wp\/v2\/users\/9"}],"replies":[{"embeddable":true,"href":"https:\/\/elfsight.com\/de\/wp-json\/wp\/v2\/comments?post=9978"}],"version-history":[{"count":1,"href":"https:\/\/elfsight.com\/de\/wp-json\/wp\/v2\/pages\/9978\/revisions"}],"predecessor-version":[{"id":9982,"href":"https:\/\/elfsight.com\/de\/wp-json\/wp\/v2\/pages\/9978\/revisions\/9982"}],"up":[{"embeddable":true,"href":"https:\/\/elfsight.com\/de\/wp-json\/wp\/v2\/pages\/2702"}],"wp:attachment":[{"href":"https:\/\/elfsight.com\/de\/wp-json\/wp\/v2\/media?parent=9978"}],"curies":[{"name":"wp","href":"https:\/\/api.w.org\/{rel}","templated":true}]}}