{"id":9977,"date":"1970-01-01T00:00:00","date_gmt":"1970-01-01T00:00:00","guid":{"rendered":"https:\/\/elfsight.com\/de\/?page_id=9977"},"modified":"2025-02-24T11:39:14","modified_gmt":"2025-02-24T11:39:14","slug":"weebly","status":"publish","type":"page","link":"https:\/\/elfsight.com\/de\/restaurant-menu-widget\/weebly\/","title":{"rendered":"Restaurant Menu &#8211; Weebly"},"content":{"rendered":"\n<div class=\"application-platform-content-item-description application-platform-content-item\" id=\"description\" data-nav-section=\"description\"> <h2>Beschreibung<\/h2><p>Das Restaurantmen\u00fc ist eine gro\u00dfartige M\u00f6glichkeit, Ihre K\u00fcche zu pr\u00e4sentieren, ein originelles Konzept und verf\u00fchrt Ihr Publikum mit Appetitlichkeit Produktbilder. Die App ist \u00e4u\u00dferst praktisch und Sie k\u00f6nnen viele Men\u00fcs mit einer erstaunlichen Anzahl von Abschnitten und Elementen erstellen. W\u00e4hlen Sie ein helles oder dunkles Schema oder \u00e4ndern Sie die Einstellungen nach Ihren W\u00fcnschen und f\u00e4rben Sie alle Elemente neu. Au\u00dferdem erm\u00f6glicht das Widget, die Informationen relevant zu halten: Korrigieren Sie Preise, \u00e4ndern Sie die Artikelliste, f\u00fcgen Sie neue Gerichte oder sogar Meeresmen\u00fcs in nur wenigen Sekunden hinzu! Keine PDF-Dateien mehr, die Sie von Grund auf erstellen m\u00fcssen. Beginnen Sie gleich jetzt mit der Erstellung Ihres faszinierenden Men\u00fcs.<\/p> <p><b>F\u00fcgen Sie ein Restaurantmen\u00fc ein, um Ihre Gesch\u00e4ftsziele schneller zu erreichen! Mithilfe des Men\u00fcs auf Ihrer Website kann Ihr Restaurant mehr Besucher gewinnen und ein aktives Gesch\u00e4ftswachstum starten!<\/b><\/p> <\/div> <div class=\"application-platform-content-item-features application-platform-content-item\" id=\"features\" data-nav-section=\"features\"> <h2>Es gibt einige der wichtigsten Widget-Funktionen: <\/h2> <ul><li>Einfache Verwaltung auch f\u00fcr nicht-professionelle Benutzer <\/li><li>Unbegrenzte Anzahl von Men\u00fcs, Abschnitten oder Elementen, die einfach mit App-Layouts anzuordnen sind <\/li><li>Korrigieren Sie das Men\u00fc und alle seine Elemente mit wenigen Klicks an der gew\u00fcnschten Stelle<\/li><li>F\u00fcgen Sie f\u00fcr jedes Element detaillierte Informationen hinzu, z. B. Symbole, N\u00e4hrwertangaben und Abzeichen. <\/li><li>F\u00fcgen Sie verlockende Fotos f\u00fcr die Elemente hinzu und demonstrieren Sie sie sogar im Popup-Modus. <\/li><li>\u00c4ndern Sie alle Elemente und zeichnen Sie sie neu: Text, Farbschema und Symbole. <\/li><\/ul><p><a href=\"#demo\">Probieren Sie einfach diese Demo aus Holen Sie sich die vollst\u00e4ndige Vorstellung<\/a><\/p> <\/div> <div class=\"application-platform-content-item-installation application-platform-content-item\" id=\"installation\" data-nav-section=\"installation\"> <h2>Wie f\u00fcge ich ein Restaurantmen\u00fc auf meiner Weebly-Website hinzu? <\/h2><div class=\"video-container\"><iframe width=\"560\" height=\"315\" src=\"https:\/\/www.youtube.com\/embed\/EkHtqti-bY4?si=S6CXF-I6rlUy70CE\" frameborder=\"0\" allow=\"accelerometer; autoplay; clipboard-write; encrypted-media; gyroscope; picture-in-picture; web-share\" allowfullscreen><\/iframe><\/div><p>F\u00fchren Sie einfach die folgenden Schritte aus, um das Tool hinzuzuf\u00fcgen: <\/p> <ol><li><b>Starten Sie unseren kostenlosen Editor und beginnen Sie mit der Erstellung Ihres benutzerdefinierten Tools -gemachte App. <\/b><br> Bestimmen Sie das passende Aussehen und die funktionalen Merkmale der App und nehmen Sie alle Korrekturen vor. <\/li> <li><b>Holen Sie sich den einzigartigen Code, der im speziellen Formular auf Elfsight Apps angezeigt wird. <\/b><br> Sobald die Anpassung Ihrer App abgeschlossen ist, kopieren Sie den pers\u00f6nlichen Code im angezeigten Fenster und bewahren Sie ihn f\u00fcr die zuk\u00fcnftige Verwendung auf. <\/li> <li><b>Beginnen Sie mit der Nutzung der App auf Ihrer Weebly-Website. <\/b><br> Geben Sie den Code, den Sie k\u00fcrzlich kopiert haben, in Ihre Webseite ein und \u00fcbernehmen Sie die \u00c4nderungen. <\/li> <li><b>Das Setup wurde erfolgreich beendet. <\/b><br> \u00d6ffnen Sie Ihre Webseite, um die Funktion der App zu \u00fcberpr\u00fcfen. <\/li><\/ol><p>Wenn Sie auf Schwierigkeiten sto\u00dfen, scheuen Sie sich nicht, sich an unser Kundendienstpersonal zu wenden. Unser Elfsight-Team ist bestrebt, alle Schwierigkeiten zu l\u00f6sen, die Sie m\u00f6glicherweise mit der App haben. <\/p> <div class=\"faq\" data-component=\"FAQ\"><div class=\"faq-item\">\r\n\t\t\t\t\t<div class=\"faq-item-question\">\r\n\t\t\t\t\t\t<h3 class=\"faq-item-question-text\">Gibt es eine Methode, um Restaurant-Men\u00fcs ohne Programmiererfahrung zu meiner Weebly-Webseite hinzuzuf\u00fcgen?<\/h3>\r\n\r\n\t\t\t\t\t\t<div class=\"faq-item-question-icon\"><\/div>\r\n\t\t\t\t\t<\/div>\r\n\r\n\t\t\t\t\t<div class=\"faq-item-answer\">\r\n\t\t\t\t\t\t<div class=\"faq-item-answer-text\"> <p>Elfsight bietet eine SaaS-L\u00f6sung, mit der Sie selbst ein Restaurant-Men\u00fc-Widget erstellen k\u00f6nnen. Sehen Sie, wie unkompliziert es ist: Gehen Sie zum Live-Editor, um ein Restaurantmen\u00fc-Plugin zu erstellen, das Sie auf der Weebly-Website hinzuf\u00fcgen m\u00f6chten. W\u00e4hlen Sie eine der vorgefertigten Vorlagen aus und passen Sie die Restaurantmen\u00fc-Einstellungen an, \u00e4ndern Sie das Layout und die Farbe der Elemente und aktualisieren Sie Ihre Inhalte, ohne Programmiererfahrung zu haben. Klicken Sie, um das Restaurantmen\u00fc zu speichern und den Code f\u00fcr die Installation zu kopieren, den Sie im Rahmen eines kostenlosen Plans m\u00fchelos in die Weebly-Website einbetten k\u00f6nnen. Mit unserem benutzerfreundlichen Editor kann jeder Internetnutzer online ein Restaurantmen\u00fc-Widget erstellen und es m\u00fchelos in seine Weebly-Site einf\u00fcgen. Es ist nicht erforderlich, ein kostenpflichtiges Abonnement abzuschlie\u00dfen oder Ihre Kartendaten anzugeben, um den Dienst nutzen zu k\u00f6nnen. Wenn Sie auf Probleme jeglicher Art sto\u00dfen, wenden Sie sich bitte an unser technisches Support-Team.<\/p> <\/div>\r\n\t\t\t\t\t<\/div>\r\n\t\t\t\t<\/div> <\/div><\/div>\n","protected":false},"excerpt":{"rendered":"","protected":false},"author":9,"featured_media":0,"parent":2702,"menu_order":0,"comment_status":"closed","ping_status":"closed","template":"templates\/template-application-platform.php","meta":{"publish_to_discourse":"","publish_post_category":"","wpdc_auto_publish_overridden":"","wpdc_topic_tags":"","wpdc_pin_topic":"","wpdc_pin_until":"","discourse_post_id":"","discourse_permalink":"","wpdc_publishing_response":"","wpdc_publishing_error":"","footnotes":""},"class_list":["post-9977","page","type-page","status-publish","hentry"],"yoast_head":"<!-- This site is optimized with the Yoast SEO plugin v25.3.1 - https:\/\/yoast.com\/wordpress\/plugins\/seo\/ -->\n<title>Restaurantmen\u00fc f\u00fcr Ihre Weebly-Websites \u2013 kostenlos und stilvoll<\/title>\n<meta name=\"description\" content=\"Implementieren Sie eine responsive Restaurant-Men\u00fc-App auf Ihrer Weebly-Site. Probieren Sie die praktische Demo von Elfsight aus und erstellen Sie in wenigen Minuten Ihre wundersch\u00f6ne App.\" \/>\n<meta name=\"robots\" content=\"index, follow, max-snippet:-1, max-image-preview:large, max-video-preview:-1\" \/>\n<link rel=\"canonical\" href=\"https:\/\/elfsight.com\/de\/restaurant-menu-widget\/weebly\/\" \/>\n<meta property=\"og:locale\" content=\"de_DE\" \/>\n<meta property=\"og:type\" content=\"article\" \/>\n<meta property=\"og:title\" content=\"Restaurantmen\u00fc f\u00fcr Ihre Weebly-Websites \u2013 kostenlos und stilvoll\" \/>\n<meta property=\"og:description\" content=\"Implementieren Sie eine responsive Restaurant-Men\u00fc-App auf Ihrer Weebly-Site. Probieren Sie die praktische Demo von Elfsight aus und erstellen Sie in wenigen Minuten Ihre wundersch\u00f6ne App.\" \/>\n<meta property=\"og:url\" content=\"https:\/\/elfsight.com\/de\/restaurant-menu-widget\/weebly\/\" \/>\n<meta property=\"og:site_name\" content=\"Elfsight DE\" \/>\n<meta property=\"article:modified_time\" content=\"2025-02-24T11:39:14+00:00\" \/>\n<meta name=\"twitter:card\" content=\"summary_large_image\" \/>\n<meta name=\"twitter:label1\" content=\"Gesch\u00e4tzte Lesezeit\" \/>\n\t<meta name=\"twitter:data1\" content=\"4\u00a0Minuten\" \/>\n<!-- \/ Yoast SEO plugin. -->","yoast_head_json":{"title":"Restaurantmen\u00fc f\u00fcr Ihre Weebly-Websites \u2013 kostenlos und stilvoll","description":"Implementieren Sie eine responsive Restaurant-Men\u00fc-App auf Ihrer Weebly-Site. Probieren Sie die praktische Demo von Elfsight aus und erstellen Sie in wenigen Minuten Ihre wundersch\u00f6ne App.","robots":{"index":"index","follow":"follow","max-snippet":"max-snippet:-1","max-image-preview":"max-image-preview:large","max-video-preview":"max-video-preview:-1"},"canonical":"https:\/\/elfsight.com\/de\/restaurant-menu-widget\/weebly\/","og_locale":"de_DE","og_type":"article","og_title":"Restaurantmen\u00fc f\u00fcr Ihre Weebly-Websites \u2013 kostenlos und stilvoll","og_description":"Implementieren Sie eine responsive Restaurant-Men\u00fc-App auf Ihrer Weebly-Site. Probieren Sie die praktische Demo von Elfsight aus und erstellen Sie in wenigen Minuten Ihre wundersch\u00f6ne App.","og_url":"https:\/\/elfsight.com\/de\/restaurant-menu-widget\/weebly\/","og_site_name":"Elfsight DE","article_modified_time":"2025-02-24T11:39:14+00:00","twitter_card":"summary_large_image","twitter_misc":{"Gesch\u00e4tzte Lesezeit":"4\u00a0Minuten"},"schema":{"@context":"https:\/\/schema.org","@graph":[{"@type":"WebPage","@id":"https:\/\/elfsight.com\/de\/restaurant-menu-widget\/weebly\/","url":"https:\/\/elfsight.com\/de\/restaurant-menu-widget\/weebly\/","name":"Restaurantmen\u00fc f\u00fcr Ihre Weebly-Websites \u2013 kostenlos und stilvoll","isPartOf":{"@id":"https:\/\/elfsight.com\/de\/#website"},"datePublished":"1970-01-01T00:00:00+00:00","dateModified":"2025-02-24T11:39:14+00:00","description":"Implementieren Sie eine responsive Restaurant-Men\u00fc-App auf Ihrer Weebly-Site. Probieren Sie die praktische Demo von Elfsight aus und erstellen Sie in wenigen Minuten Ihre wundersch\u00f6ne App.","breadcrumb":{"@id":"https:\/\/elfsight.com\/de\/restaurant-menu-widget\/weebly\/#breadcrumb"},"inLanguage":"de","potentialAction":[{"@type":"ReadAction","target":["https:\/\/elfsight.com\/de\/restaurant-menu-widget\/weebly\/"]}]},{"@type":"BreadcrumbList","@id":"https:\/\/elfsight.com\/de\/restaurant-menu-widget\/weebly\/#breadcrumb","itemListElement":[{"@type":"ListItem","position":1,"name":"Home","item":"https:\/\/elfsight.com\/de\/"},{"@type":"ListItem","position":2,"name":"Restaurant Menu","item":"https:\/\/elfsight.com\/de\/restaurant-menu-widget\/"},{"@type":"ListItem","position":3,"name":"Restaurant Menu &#8211; Weebly"}]},{"@type":"WebSite","@id":"https:\/\/elfsight.com\/de\/#website","url":"https:\/\/elfsight.com\/de\/","name":"Elfsight DE","description":"Just another Elfsight Sites site","potentialAction":[{"@type":"SearchAction","target":{"@type":"EntryPoint","urlTemplate":"https:\/\/elfsight.com\/de\/?s={search_term_string}"},"query-input":{"@type":"PropertyValueSpecification","valueRequired":true,"valueName":"search_term_string"}}],"inLanguage":"de"}]}},"meta_box":{"industry":"","seo_heading":"","heading":"","description":"","cta_heading":"","cta_description":"","application":"514","h1":"Weebly Restaurant-Men\u00fc-App","h1_caption":"Pr\u00e4sentieren Sie die Speisekarte Ihres Restaurants m\u00fchelos in einem optisch ansprechenden Format, das einfach zu aktualisieren und benutzerfreundlich ist und auf Ihrer Weebly-Website.","application_category":[],"applications_title":"","applications_request_title":"","applications_request_button_text":"","hero_text":"","hero_video":"","hero_video_schema_markup":"","selling_points_title":"","selling_points_caption":"","selling_points":[],"selling_points_cta_text":"","features_title":"","features":"","ed_cta_examples_text":"","ed_cta_examples_hidden":"","ed_cta_demo_text":"","ed_cta_demo_hidden":"","why_caption":"","why_editor_title":"","why_editor_text":"","why_team_title":"","why_team_text":"","why_service_title":"","why_service_text":"","template_catalog_visible":"0","template_catalog_title":"","template_catalog_text":"","template_catalog_categories_visible":"","demo_title":"Erstellen Sie Ihre Restaurantmen\u00fc-App","demo_caption":"Konfigurieren Sie Ihr Restaurantmen\u00fc und f\u00fcgen Sie es kostenlos Ihrer Weebly-Website hinzu!","default_faq_hidden":"","app_template_category":[],"platform":"249","template_public_id":"","codecanyon_url":"","codecanyon_item_id":"","codecanyon_price":"","pricing_caption":"","pricing_elfsight_apps_hide_column":"","pricing_elfsight_apps_url":"","pricing_codecanyon_price_caption":"","integration_category":[],"integration_request_title":"","integration_request_cta":"","integration_platform":"","integrations":[],"platform_category":[],"video_schema_markup":"","price":"ab 0 $ \/ Monat","trial":"","benefits":[{"text":"Kostenloser Installationsservice"},{"text":"Premium-Support"},{"text":"14-t\u00e4gige R\u00fcckerstattungsgarantie"},{"text":"Fortlaufende Entwicklung"}],"button_url":"#demo","button_target_blank":"0","button_nofollow":"0","attributes":[{"name":"Installiert","content":"10,000 - 100,000"},{"name":"Reaktionsfreudig","content":"Ja"},{"name":"Kompatible Browser","content":"Firefox, Safari, Opera, Chrome, Edge"}],"tags":[],"tags_disable_links":"0","hide_more_platforms":"0","video_object":"","demo_hide_cta":"0","demo_hide_cloud_options":"0","pricing_title":"","pricing":[{"pricing_icon":"platform","pricing_title":"Elfsight Apps","pricing_title_caption":"Plattformunabh\u00e4ngige Version, die f\u00fcr jede Website geeignet ist","pricing_price":"ab 0 $ \/ Monat","pricing_price_caption":"Beginnen Sie mit einem kostenlosen Plan","pricing_benefits":[{"text":"Unbegrenzte Domains"},{"text":"Premium-Unternehmensunterst\u00fctzung"},{"text":"Kostenlose Installationsunterst\u00fctzung"},{"text":"Vollst\u00e4ndig anpassbar"}],"pricing_button_text":"Zur Website hinzuf\u00fcgen","pricing_button_url":"#demo"}],"related_apps_title":"","related_apps_hidden":"0","author":"","image":[],"title":"","job":"","social_networks":[]},"_links":{"self":[{"href":"https:\/\/elfsight.com\/de\/wp-json\/wp\/v2\/pages\/9977","targetHints":{"allow":["GET"]}}],"collection":[{"href":"https:\/\/elfsight.com\/de\/wp-json\/wp\/v2\/pages"}],"about":[{"href":"https:\/\/elfsight.com\/de\/wp-json\/wp\/v2\/types\/page"}],"author":[{"embeddable":true,"href":"https:\/\/elfsight.com\/de\/wp-json\/wp\/v2\/users\/9"}],"replies":[{"embeddable":true,"href":"https:\/\/elfsight.com\/de\/wp-json\/wp\/v2\/comments?post=9977"}],"version-history":[{"count":3,"href":"https:\/\/elfsight.com\/de\/wp-json\/wp\/v2\/pages\/9977\/revisions"}],"predecessor-version":[{"id":24811,"href":"https:\/\/elfsight.com\/de\/wp-json\/wp\/v2\/pages\/9977\/revisions\/24811"}],"up":[{"embeddable":true,"href":"https:\/\/elfsight.com\/de\/wp-json\/wp\/v2\/pages\/2702"}],"wp:attachment":[{"href":"https:\/\/elfsight.com\/de\/wp-json\/wp\/v2\/media?parent=9977"}],"curies":[{"name":"wp","href":"https:\/\/api.w.org\/{rel}","templated":true}]}}