{"id":9972,"date":"1970-01-01T00:00:00","date_gmt":"1970-01-01T00:00:00","guid":{"rendered":"https:\/\/elfsight.com\/de\/?page_id=9972"},"modified":"2025-02-24T11:46:54","modified_gmt":"2025-02-24T11:46:54","slug":"wix","status":"publish","type":"page","link":"https:\/\/elfsight.com\/de\/restaurant-menu-widget\/wix\/","title":{"rendered":"Restaurant Menu &#8211; Wix"},"content":{"rendered":"\n<div class=\"application-platform-content-item-description application-platform-content-item\" id=\"description\" data-nav-section=\"description\"> <h2>Beschreibung<\/h2><p>Das Restaurantmen\u00fc ist eine einfache M\u00f6glichkeit, Ihrem Publikum Ihre leckeren Speisen und Getr\u00e4nke zu pr\u00e4sentieren und ein herausragendes Erlebnis zu vermitteln Konzept und fesseln Sie ihre Aufmerksamkeit mit magnetischen Produktfotos. Das Plugin ist sehr praktisch. Sie k\u00f6nnen eine unbegrenzte Anzahl von Men\u00fcseiten mit zahlreichen Abschnitten und Elementen pr\u00e4sentieren. W\u00e4hlen Sie ein helles oder dunkles Schema oder passen Sie alle ben\u00f6tigten Elemente an, indem Sie alle Elemente neu einf\u00e4rben. Dar\u00fcber hinaus kann Ihre Speisekarte immer relevant sein: Sie k\u00f6nnen in wenigen Sekunden Preise oder eine Artikelliste aktualisieren, neue Gerichte oder sogar Men\u00fcs hinzuf\u00fcgen! Keine druckfertigen Men\u00fcs mehr, die Sie von Grund auf neu erstellen m\u00fcssen. Beginnen Sie gleich jetzt mit der Erstellung Ihres stilvollen Men\u00fcs. <\/p> <p><b>Holen Sie sich das Beste von Restaurant Menu, um Ihren Bekanntheitsgrad mit weniger Aufwand zu steigern! Mithilfe des Men\u00fcs auf Ihrer Webseite kann Ihr Betrieb mehr Besucher als je zuvor einladen. Beginnen Sie mit der Nutzung von Restaurant Menu von Elfsight<\/b><\/p> <\/div> <div class=\"application-platform-content-item-features application-platform-content-item\" id=\"features\" data-nav-section=\"features\"> <h2>Wir bieten n\u00fctzliche und unkomplizierte Funktionen, sehen Sie sich einige davon an: <\/h2> <ul><li>Benutzerfreundlicher Editor auch f\u00fcr technisch nicht versierte Benutzer<\/li><li>Unendliche Menge an Men\u00fcs, Abschnitten oder Elementen, einfach organisiert durch stilvolle Layouts<\/li><li>Immer aktuelle Informationen. Korrigieren Sie das Men\u00fc und alle seine Einstellungen jederzeit, wann immer Sie m\u00f6chten. <\/li><li> Zeigen Sie detaillierte Beschreibungen f\u00fcr die Artikel an: sogar Symbole, N\u00e4hrwertelemente und Abzeichen.<\/li><li> Legen Sie beeindruckende Fotos f\u00fcr die Artikel fest und pr\u00e4sentieren Sie sie sogar in einem Popup Ansicht <\/li><li> Passen Sie die Farben aller Elemente an: Text, Farbschema und Symbole <\/li><\/ul><p><a href=\"#demo\">Entdecken Sie alle Anpassungsoptionen in einer 100 % funktionsf\u00e4higen Demo <\/a><\/p> <\/div> <div class=\"application-platform-content-item-installation application-platform-content-item\" id=\"installation\" data-nav-section=\"installation\"> <h2>Wie f\u00fcge ich das Restaurantmen\u00fc zu meiner Wix-Webseite hinzu? <\/h2><div class=\"video-container\"><iframe width=\"560\" height=\"315\" src=\"https:\/\/www.youtube.com\/embed\/ZR6hmujo2dg?si=u2Jk2_e6jlU1SLVM\" frameborder=\"0\" allow=\"accelerometer; autoplay; clipboard-write; encrypted-media; gyroscope; picture-in-picture; web-share\" allowfullscreen><\/iframe><\/div><p>Befolgen Sie einfach die folgenden Richtlinien, um das Tool hinzuzuf\u00fcgen: <\/p> <ol><li><b>Starten Sie unseren kostenlosen Editor und beginnen Sie mit der Gestaltung Ihrer benutzerdefinierten App. <\/b><br> Geben Sie das bevorzugte Design und die Parameter der App an und speichern Sie die Korrekturen. <\/li> <li><b>Kopieren Sie Ihren eindeutigen Code, der im Fenster von Elfsight Apps angezeigt wird. <\/b><br> Sobald die Erstellung Ihrer pers\u00f6nlichen App abgeschlossen ist, kopieren Sie den exklusiven Code in das angezeigte Feld und speichern Sie ihn zur weiteren Verwendung. <\/li> <li><b>Erste Schritte mit der Verwendung des Widgets auf der Wix-Webseite. <\/b><br> Integrieren Sie den zuvor gespeicherten Code in Ihre Homepage und speichern Sie die \u00c4nderungen. <\/li> <li><b>Das Setup wurde erfolgreich durchgef\u00fchrt. <\/b><br> Besuchen Sie Ihre Webseite, um die Funktionsweise der App zu \u00fcberpr\u00fcfen. <\/li><\/ol> <p>Falls Sie irgendwelche Schwierigkeiten haben, z\u00f6gern Sie nicht, sich an unser Support-Team zu wenden. Unsere Spezialisten l\u00f6sen gerne alle Probleme, die Sie mit dem Tool haben k\u00f6nnten. <\/p> <div class=\"faq\" data-component=\"FAQ\"><div class=\"faq-item\">\r\n\t\t\t\t\t<div class=\"faq-item-question\">\r\n\t\t\t\t\t\t<h3 class=\"faq-item-question-text\">Wie kann ich ohne Programmierkenntnisse ein Restaurantmen\u00fc zu meiner Wix-Webseite hinzuf\u00fcgen?<\/h3>\r\n\r\n\t\t\t\t\t\t<div class=\"faq-item-question-icon\"><\/div>\r\n\t\t\t\t\t<\/div>\r\n\r\n\t\t\t\t\t<div class=\"faq-item-answer\">\r\n\t\t\t\t\t\t<div class=\"faq-item-answer-text\"> <p>Elfsight bietet eine SaaS-L\u00f6sung, die es einem breiten Publikum erm\u00f6glicht, selbst einen Restaurantmen\u00fcabschnitt zu erstellen. Lesen Sie die einfachen Anweisungen: Beginnen Sie mit der Arbeit im Live-Editor, um eine Restaurantmen\u00fc-App zu erstellen, die Sie Ihrer Wix-Webseite hinzuf\u00fcgen m\u00f6chten. W\u00e4hlen Sie eine der vorgefertigten Vorlagen aus und \u00e4ndern Sie die Restaurantmen\u00fceinstellungen, \u00e4ndern Sie das Layout und die Farben und aktualisieren Sie Ihre Inhalte, ohne Programmierkenntnisse. Klicken Sie hier, um die Einstellungen, die Sie im Restaurantmen\u00fc vorgenommen haben, zu speichern und einen Installationscode zu erhalten, der in Ihre Wix-Website eingebettet werden kann, ohne dass Sie eine kostenpflichtige Version kaufen m\u00fcssen. Mit dem intuitiven Konfigurator kann jeder Internetnutzer online ein Restaurantmen\u00fc-Widget erstellen und es einfach in jede Website von Wix einbinden. Sie m\u00fcssen keinen kostenpflichtigen Plan abschlie\u00dfen oder Ihre Kartendaten eingeben, um auf unseren Service zuzugreifen. Sollten bei irgendeinem Schritt Probleme auftreten, wenden Sie sich bitte an unsere Mitarbeiter des technischen Supports.<\/p> <\/div>\r\n\t\t\t\t\t<\/div>\r\n\t\t\t\t<\/div> <\/div><\/div>\n","protected":false},"excerpt":{"rendered":"","protected":false},"author":9,"featured_media":0,"parent":2702,"menu_order":0,"comment_status":"closed","ping_status":"closed","template":"templates\/template-application-platform.php","meta":{"publish_to_discourse":"","publish_post_category":"","wpdc_auto_publish_overridden":"","wpdc_topic_tags":"","wpdc_pin_topic":"","wpdc_pin_until":"","discourse_post_id":"","discourse_permalink":"","wpdc_publishing_response":"","wpdc_publishing_error":"","footnotes":""},"class_list":["post-9972","page","type-page","status-publish","hentry"],"yoast_head":"<!-- This site is optimized with the Yoast SEO plugin v25.3.1 - https:\/\/yoast.com\/wordpress\/plugins\/seo\/ -->\n<title>Restaurantmen\u00fc f\u00fcr Wix-Websites \u2013 einfach und kostenlos<\/title>\n<meta name=\"description\" content=\"Integrieren Sie eine benutzerfreundliche Restaurant-Men\u00fc-App auf Ihrer Website von Wix. Probieren Sie die praktische Demo von Elfsight aus und erstellen Sie in nur wenigen Minuten Ihre fantastische App\" \/>\n<meta name=\"robots\" content=\"index, follow, max-snippet:-1, max-image-preview:large, max-video-preview:-1\" \/>\n<link rel=\"canonical\" href=\"https:\/\/elfsight.com\/de\/restaurant-menu-widget\/wix\/\" \/>\n<meta property=\"og:locale\" content=\"de_DE\" \/>\n<meta property=\"og:type\" content=\"article\" \/>\n<meta property=\"og:title\" content=\"Restaurantmen\u00fc f\u00fcr Wix-Websites \u2013 einfach und kostenlos\" \/>\n<meta property=\"og:description\" content=\"Integrieren Sie eine benutzerfreundliche Restaurant-Men\u00fc-App auf Ihrer Website von Wix. Probieren Sie die praktische Demo von Elfsight aus und erstellen Sie in nur wenigen Minuten Ihre fantastische App\" \/>\n<meta property=\"og:url\" content=\"https:\/\/elfsight.com\/de\/restaurant-menu-widget\/wix\/\" \/>\n<meta property=\"og:site_name\" content=\"Elfsight DE\" \/>\n<meta property=\"article:modified_time\" content=\"2025-02-24T11:46:54+00:00\" \/>\n<meta name=\"twitter:card\" content=\"summary_large_image\" \/>\n<meta name=\"twitter:label1\" content=\"Gesch\u00e4tzte Lesezeit\" \/>\n\t<meta name=\"twitter:data1\" content=\"4\u00a0Minuten\" \/>\n<!-- \/ Yoast SEO plugin. -->","yoast_head_json":{"title":"Restaurantmen\u00fc f\u00fcr Wix-Websites \u2013 einfach und kostenlos","description":"Integrieren Sie eine benutzerfreundliche Restaurant-Men\u00fc-App auf Ihrer Website von Wix. Probieren Sie die praktische Demo von Elfsight aus und erstellen Sie in nur wenigen Minuten Ihre fantastische App","robots":{"index":"index","follow":"follow","max-snippet":"max-snippet:-1","max-image-preview":"max-image-preview:large","max-video-preview":"max-video-preview:-1"},"canonical":"https:\/\/elfsight.com\/de\/restaurant-menu-widget\/wix\/","og_locale":"de_DE","og_type":"article","og_title":"Restaurantmen\u00fc f\u00fcr Wix-Websites \u2013 einfach und kostenlos","og_description":"Integrieren Sie eine benutzerfreundliche Restaurant-Men\u00fc-App auf Ihrer Website von Wix. Probieren Sie die praktische Demo von Elfsight aus und erstellen Sie in nur wenigen Minuten Ihre fantastische App","og_url":"https:\/\/elfsight.com\/de\/restaurant-menu-widget\/wix\/","og_site_name":"Elfsight DE","article_modified_time":"2025-02-24T11:46:54+00:00","twitter_card":"summary_large_image","twitter_misc":{"Gesch\u00e4tzte Lesezeit":"4\u00a0Minuten"},"schema":{"@context":"https:\/\/schema.org","@graph":[{"@type":"WebPage","@id":"https:\/\/elfsight.com\/de\/restaurant-menu-widget\/wix\/","url":"https:\/\/elfsight.com\/de\/restaurant-menu-widget\/wix\/","name":"Restaurantmen\u00fc f\u00fcr Wix-Websites \u2013 einfach und kostenlos","isPartOf":{"@id":"https:\/\/elfsight.com\/de\/#website"},"datePublished":"1970-01-01T00:00:00+00:00","dateModified":"2025-02-24T11:46:54+00:00","description":"Integrieren Sie eine benutzerfreundliche Restaurant-Men\u00fc-App auf Ihrer Website von Wix. Probieren Sie die praktische Demo von Elfsight aus und erstellen Sie in nur wenigen Minuten Ihre fantastische App","breadcrumb":{"@id":"https:\/\/elfsight.com\/de\/restaurant-menu-widget\/wix\/#breadcrumb"},"inLanguage":"de","potentialAction":[{"@type":"ReadAction","target":["https:\/\/elfsight.com\/de\/restaurant-menu-widget\/wix\/"]}]},{"@type":"BreadcrumbList","@id":"https:\/\/elfsight.com\/de\/restaurant-menu-widget\/wix\/#breadcrumb","itemListElement":[{"@type":"ListItem","position":1,"name":"Home","item":"https:\/\/elfsight.com\/de\/"},{"@type":"ListItem","position":2,"name":"Restaurant Menu","item":"https:\/\/elfsight.com\/de\/restaurant-menu-widget\/"},{"@type":"ListItem","position":3,"name":"Restaurant Menu &#8211; Wix"}]},{"@type":"WebSite","@id":"https:\/\/elfsight.com\/de\/#website","url":"https:\/\/elfsight.com\/de\/","name":"Elfsight DE","description":"Just another Elfsight Sites site","potentialAction":[{"@type":"SearchAction","target":{"@type":"EntryPoint","urlTemplate":"https:\/\/elfsight.com\/de\/?s={search_term_string}"},"query-input":{"@type":"PropertyValueSpecification","valueRequired":true,"valueName":"search_term_string"}}],"inLanguage":"de"}]}},"meta_box":{"industry":"","seo_heading":"","heading":"","description":"","cta_heading":"","cta_description":"","application":"514","h1":"Wix Restaurant-Men\u00fc-App","h1_caption":"Pr\u00e4sentieren Sie die Speisekarte Ihres Restaurants in einem optisch ansprechenden Format, das einfach zu aktualisieren und benutzerfreundlich ist und m\u00fchelos auf Ihrer Wix-Website integriert werden kann.","application_category":[],"applications_title":"","applications_request_title":"","applications_request_button_text":"","hero_text":"","hero_video":"","hero_video_schema_markup":"","selling_points_title":"","selling_points_caption":"","selling_points":[],"selling_points_cta_text":"","features_title":"","features":"","ed_cta_examples_text":"","ed_cta_examples_hidden":"","ed_cta_demo_text":"","ed_cta_demo_hidden":"","why_caption":"","why_editor_title":"","why_editor_text":"","why_team_title":"","why_team_text":"","why_service_title":"","why_service_text":"","template_catalog_visible":"0","template_catalog_title":"","template_catalog_text":"","template_catalog_categories_visible":"","demo_title":"Erstellen Sie Ihre Restaurantmen\u00fc-App","demo_caption":"Konfigurieren Sie Ihr Restaurantmen\u00fc und f\u00fcgen Sie es kostenlos Ihrer Wix-Website hinzu!","default_faq_hidden":"","app_template_category":[],"platform":"265","template_public_id":"","codecanyon_url":"","codecanyon_item_id":"","codecanyon_price":"","pricing_caption":"","pricing_elfsight_apps_hide_column":"","pricing_elfsight_apps_url":"","pricing_codecanyon_price_caption":"","integration_category":[],"integration_request_title":"","integration_request_cta":"","integration_platform":"","integrations":[],"platform_category":[],"video_schema_markup":"","price":"ab 0 $ \/ Monat","trial":"","benefits":[{"text":"Kostenlose Installationshilfe"},{"text":"Effektiver Kundenservice"},{"text":"14-t\u00e4gige R\u00fcckerstattungsgarantie"},{"text":"Lebenslange kostenlose Verbesserungen"}],"button_url":"#demo","button_target_blank":"0","button_nofollow":"0","attributes":[{"name":"Installiert","content":"10,000 - 100,000"},{"name":"Reaktionsfreudig","content":"Ja"},{"name":"Kompatible Browser","content":"Chrome, Opera, Edge, Firefox, Safari"}],"tags":[],"tags_disable_links":"0","hide_more_platforms":"0","video_object":"","demo_hide_cta":"0","demo_hide_cloud_options":"0","pricing_title":"","pricing":[{"pricing_icon":"platform","pricing_title":"Elfsight Apps","pricing_title_caption":"Plattformunabh\u00e4ngige L\u00f6sung, die zu jeder Website passt","pricing_price":"ab 0 $ \/ Monat","pricing_price_caption":"Beginnen Sie mit einem kostenlosen Plan","pricing_benefits":[{"text":"Unbegrenzte Anzahl an Websites"},{"text":"Schneller und p\u00fcnktlicher Support"},{"text":"Kostenlose Installationsunterst\u00fctzung"},{"text":"Sonderpreis f\u00fcr mehrere Apps"}],"pricing_button_text":"Zur Website hinzuf\u00fcgen","pricing_button_url":"#demo"}],"related_apps_title":"","related_apps_hidden":"0","author":"","image":[],"title":"","job":"","social_networks":[]},"_links":{"self":[{"href":"https:\/\/elfsight.com\/de\/wp-json\/wp\/v2\/pages\/9972","targetHints":{"allow":["GET"]}}],"collection":[{"href":"https:\/\/elfsight.com\/de\/wp-json\/wp\/v2\/pages"}],"about":[{"href":"https:\/\/elfsight.com\/de\/wp-json\/wp\/v2\/types\/page"}],"author":[{"embeddable":true,"href":"https:\/\/elfsight.com\/de\/wp-json\/wp\/v2\/users\/9"}],"replies":[{"embeddable":true,"href":"https:\/\/elfsight.com\/de\/wp-json\/wp\/v2\/comments?post=9972"}],"version-history":[{"count":3,"href":"https:\/\/elfsight.com\/de\/wp-json\/wp\/v2\/pages\/9972\/revisions"}],"predecessor-version":[{"id":24812,"href":"https:\/\/elfsight.com\/de\/wp-json\/wp\/v2\/pages\/9972\/revisions\/24812"}],"up":[{"embeddable":true,"href":"https:\/\/elfsight.com\/de\/wp-json\/wp\/v2\/pages\/2702"}],"wp:attachment":[{"href":"https:\/\/elfsight.com\/de\/wp-json\/wp\/v2\/media?parent=9972"}],"curies":[{"name":"wp","href":"https:\/\/api.w.org\/{rel}","templated":true}]}}