{"id":9964,"date":"1970-01-01T00:00:00","date_gmt":"1970-01-01T00:00:00","guid":{"rendered":"https:\/\/elfsight.com\/de\/?page_id=9964"},"modified":"2025-02-24T11:34:15","modified_gmt":"2025-02-24T11:34:15","slug":"webflow","status":"publish","type":"page","link":"https:\/\/elfsight.com\/de\/restaurant-menu-widget\/webflow\/","title":{"rendered":"Restaurant Menu &#8211; Webflow"},"content":{"rendered":"\n<div class=\"application-platform-content-item-description application-platform-content-item\" id=\"description\" data-nav-section=\"description\"> <h2>Restaurantmen\u00fc mit dem Elfsight-Widget in Webflow einbetten<\/h2><p>Elfsight Restaurantmen\u00fc ist eine gro\u00dfartige M\u00f6glichkeit, Ihre k\u00f6stliche K\u00fcche zu pr\u00e4sentieren das Publikum, stellen Sie ein Konzept dar und locken Sie es zum Besuch des Restaurants. Das Instrument ist \u00e4u\u00dferst benutzerspezifisch und Sie k\u00f6nnen viele Men\u00fcs mit einer erstaunlichen Auswahl an Abschnitten und Elementen erstellen. W\u00e4hlen Sie ein helles oder dunkles Schema oder \u00e4ndern Sie beliebige Elemente, indem Sie alle Akzentfarben \u00e4ndern. Au\u00dferdem bleibt Ihre Speisekarte immer relevant: Korrigieren Sie Preise, die Gerichteliste, f\u00fcgen Sie neue Getr\u00e4nke oder sogar saisonale Men\u00fcs in nur wenigen Sekunden hinzu! Keine druckfertigen Men\u00fcs mehr, die Sie von Anfang an neu schreiben m\u00fcssen. Beginnen Sie einfach gleich mit der Erstellung Ihres stilvollen Men\u00fcs. <\/p> <p><b>Versuchen Sie, Restaurant Menu anzuwenden, um Ihre Gesch\u00e4ftsziele effizienter zu erreichen! Wenn Sie das Men\u00fc auf Ihrer Webseite haben, kann Ihr Betrieb mehr G\u00e4ste haben und ein aktives Gesch\u00e4ftswachstum und h\u00f6here Ums\u00e4tze verzeichnen.<\/b><\/p> <\/div> <div class=\"application-platform-content-item-features application-platform-content-item\" id=\"features\" data-nav-section=\"features\"> <h2>Nachfolgend finden Sie die grundlegenden Funktionen des Widgets: <\/h2> <ul><li>Einfach zu verwalten, auch f\u00fcr technisch nicht versierte Benutzer<\/li><li>Unbegrenzte Anzahl von Men\u00fcs, Abschnitten oder Elementen, organisiert mit Hilfe verschiedener faszinierender Layouts<\/li><li>Immer relevante Informationen. Korrigieren Sie die Preise, f\u00fcgen Sie jederzeit saisonale Sonderangebote oder Getr\u00e4nke hinzu.<\/li><li> Zeigen Sie zus\u00e4tzliche Eigenschaften f\u00fcr die Artikel an, zum Beispiel Symbole, N\u00e4hrwertangaben und Abzeichen.<\/li><li>Laden Sie atemberaubende Fotos f\u00fcr die Artikel hoch und zeigen Sie sie sogar sie im Popup<\/li><li>\u00c4ndern und \u00e4ndern Sie die Farbe aller Elemente: Text, Farbschema und Symbole<\/li><\/ul><p><a href=\"#demo\">Testen Sie alle Personalisierungsfunktionen in Voll funktionsf\u00e4hige Demo<\/a><\/p> <\/div> <div class=\"application-platform-content-item-installation application-platform-content-item\" id=\"installation\" data-nav-section=\"installation\"> <h2>Wie kann ich das Restaurantmen\u00fc in meine Webflow-Website einbetten? <\/h2><div class=\"video-container\"><iframe width=\"560\" height=\"315\" src=\"https:\/\/www.youtube.com\/embed\/xLXaB0tc_WU?si=kiLfWOcupAbsTj4L\" frameborder=\"0\" allow=\"accelerometer; autoplay; clipboard-write; encrypted-media; gyroscope; picture-in-picture; web-share\" allowfullscreen><\/iframe><\/div><p>F\u00fchren Sie einfach die unten beschriebenen Schritte aus, um mit der Arbeit mit dem Widget zu beginnen: <\/p> <ol><li><b>\u00d6ffnen Sie unsere kostenlose Demo und beginnen Sie mit der Erstellung Ihres individuellen Widgets . <\/b><br> Geben Sie das bevorzugte Aussehen und die Spezifikationen des Widgets an und speichern Sie die \u00c4nderungen. <\/li> <li><b>Erhalten Sie den eindeutigen Code, der im Fenster von Elfsight Apps angezeigt wird. <\/b><br> Nachdem die Einrichtung Ihres pers\u00f6nlichen Tools abgeschlossen ist, kopieren Sie den pers\u00f6nlichen Code im angezeigten Fenster und bewahren Sie ihn f\u00fcr die sp\u00e4tere Verwendung auf. <\/li> <li><b>Beginnen Sie mit der Verwendung des Widgets auf Ihrer Webflow-Site. <\/b><br> Integrieren Sie den Code, den Sie k\u00fcrzlich gespeichert haben, in Ihre Webseite und speichern Sie die \u00c4nderungen. <\/li> <li><b>Fertig! Die Einbettung wurde erfolgreich durchgef\u00fchrt. <\/b><br> Besuchen Sie Ihre Website, um die Funktion des Tools zu \u00fcberpr\u00fcfen. <\/li><\/ol> <p>Sollten Sie auf irgendwelche Hindernisse sto\u00dfen, wenden Sie sich bitte an unsere Kundendienstmitarbeiter. Unsere Berater helfen Ihnen gerne bei allen Fragen rund um das Widget weiter. <\/p> <div class=\"faq\" data-component=\"FAQ\"><div class=\"faq-item\">\r\n\t\t\t\t\t<div class=\"faq-item-question\">\r\n\t\t\t\t\t\t<h3 class=\"faq-item-question-text\">Gibt es eine M\u00f6glichkeit, Restaurant Menu ohne Programmierkenntnisse zu meiner Webflow-Webseite hinzuzuf\u00fcgen?<\/h3>\r\n\r\n\t\t\t\t\t\t<div class=\"faq-item-question-icon\"><\/div>\r\n\t\t\t\t\t<\/div>\r\n\r\n\t\t\t\t\t<div class=\"faq-item-answer\">\r\n\t\t\t\t\t\t<div class=\"faq-item-answer-text\"> <p>Das Unternehmen Elfsight stellt eine Cloud-L\u00f6sung vor, mit der Benutzer selbst eine Restaurant Menu-App erstellen k\u00f6nnen Sehen Sie, wie einfach der Prozess ist: Arbeiten Sie direkt in der Online-Demo, um einen Abschnitt mit der Speisekarte eines Restaurants zu erstellen, den Sie auf der Webflow-Site integrieren m\u00f6chten. Klicken Sie auf eine der vorgefertigten Vorlagen und passen Sie die Restaurantmen\u00fceinstellungen an, aktualisieren Sie Ihre Inhalte, \u00e4ndern Sie das Layout und das Farbschema, ohne dass Sie \u00fcber Programmiererfahrung verf\u00fcgen m\u00fcssen. Speichern Sie die Speisekarte des Restaurants und kopieren Sie den Code des Widgets zum Einbetten, der problemlos in jede Webflow-Webseite eingebunden werden kann, ohne dass ein kostenpflichtiges Abonnement erworben werden muss. Mit unserem benutzerfreundlichen Editor kann jeder Webbenutzer ein Restaurantmen\u00fc-Plugin erstellen und es m\u00fchelos zur Webflow-Website hinzuf\u00fcgen. Sie sollten keinen kostenpflichtigen Plan abschlie\u00dfen oder Ihre Kartendaten offenlegen, um auf unseren Service zuzugreifen. Sollten Sie bei irgendeinem Schritt auf Hindernisse sto\u00dfen, wenden Sie sich bitte an unsere Mitarbeiter des technischen Supports.<\/p> <\/div>\r\n\t\t\t\t\t<\/div>\r\n\t\t\t\t<\/div> <\/div><\/div>\n","protected":false},"excerpt":{"rendered":"","protected":false},"author":9,"featured_media":0,"parent":2702,"menu_order":0,"comment_status":"closed","ping_status":"closed","template":"templates\/template-application-platform.php","meta":{"publish_to_discourse":"","publish_post_category":"","wpdc_auto_publish_overridden":"","wpdc_topic_tags":"","wpdc_pin_topic":"","wpdc_pin_until":"","discourse_post_id":"","discourse_permalink":"","wpdc_publishing_response":"","wpdc_publishing_error":"","footnotes":""},"class_list":["post-9964","page","type-page","status-publish","hentry"],"yoast_head":"<!-- This site is optimized with the Yoast SEO plugin v25.3.1 - https:\/\/yoast.com\/wordpress\/plugins\/seo\/ -->\n<title>Restaurantmen\u00fc-Widget f\u00fcr Webflow-Websites \u2013 kostenlos und beeindruckend<\/title>\n<meta name=\"description\" content=\"F\u00fcgen Sie ein benutzerfreundliches Restaurantmen\u00fc-Widget auf Ihrer Webflow-Webseite ein. Probieren Sie die praktische Demo von Elfsight aus und erstellen Sie in wenigen Minuten Ihr einzigartiges Widget\" \/>\n<meta name=\"robots\" content=\"index, follow, max-snippet:-1, max-image-preview:large, max-video-preview:-1\" \/>\n<link rel=\"canonical\" href=\"https:\/\/elfsight.com\/de\/restaurant-menu-widget\/webflow\/\" \/>\n<meta property=\"og:locale\" content=\"de_DE\" \/>\n<meta property=\"og:type\" content=\"article\" \/>\n<meta property=\"og:title\" content=\"Restaurantmen\u00fc-Widget f\u00fcr Webflow-Websites \u2013 kostenlos und beeindruckend\" \/>\n<meta property=\"og:description\" content=\"F\u00fcgen Sie ein benutzerfreundliches Restaurantmen\u00fc-Widget auf Ihrer Webflow-Webseite ein. Probieren Sie die praktische Demo von Elfsight aus und erstellen Sie in wenigen Minuten Ihr einzigartiges Widget\" \/>\n<meta property=\"og:url\" content=\"https:\/\/elfsight.com\/de\/restaurant-menu-widget\/webflow\/\" \/>\n<meta property=\"og:site_name\" content=\"Elfsight DE\" \/>\n<meta property=\"article:modified_time\" content=\"2025-02-24T11:34:15+00:00\" \/>\n<meta name=\"twitter:card\" content=\"summary_large_image\" \/>\n<meta name=\"twitter:label1\" content=\"Gesch\u00e4tzte Lesezeit\" \/>\n\t<meta name=\"twitter:data1\" content=\"4\u00a0Minuten\" \/>\n<!-- \/ Yoast SEO plugin. -->","yoast_head_json":{"title":"Restaurantmen\u00fc-Widget f\u00fcr Webflow-Websites \u2013 kostenlos und beeindruckend","description":"F\u00fcgen Sie ein benutzerfreundliches Restaurantmen\u00fc-Widget auf Ihrer Webflow-Webseite ein. Probieren Sie die praktische Demo von Elfsight aus und erstellen Sie in wenigen Minuten Ihr einzigartiges Widget","robots":{"index":"index","follow":"follow","max-snippet":"max-snippet:-1","max-image-preview":"max-image-preview:large","max-video-preview":"max-video-preview:-1"},"canonical":"https:\/\/elfsight.com\/de\/restaurant-menu-widget\/webflow\/","og_locale":"de_DE","og_type":"article","og_title":"Restaurantmen\u00fc-Widget f\u00fcr Webflow-Websites \u2013 kostenlos und beeindruckend","og_description":"F\u00fcgen Sie ein benutzerfreundliches Restaurantmen\u00fc-Widget auf Ihrer Webflow-Webseite ein. Probieren Sie die praktische Demo von Elfsight aus und erstellen Sie in wenigen Minuten Ihr einzigartiges Widget","og_url":"https:\/\/elfsight.com\/de\/restaurant-menu-widget\/webflow\/","og_site_name":"Elfsight DE","article_modified_time":"2025-02-24T11:34:15+00:00","twitter_card":"summary_large_image","twitter_misc":{"Gesch\u00e4tzte Lesezeit":"4\u00a0Minuten"},"schema":{"@context":"https:\/\/schema.org","@graph":[{"@type":"WebPage","@id":"https:\/\/elfsight.com\/de\/restaurant-menu-widget\/webflow\/","url":"https:\/\/elfsight.com\/de\/restaurant-menu-widget\/webflow\/","name":"Restaurantmen\u00fc-Widget f\u00fcr Webflow-Websites \u2013 kostenlos und beeindruckend","isPartOf":{"@id":"https:\/\/elfsight.com\/de\/#website"},"datePublished":"1970-01-01T00:00:00+00:00","dateModified":"2025-02-24T11:34:15+00:00","description":"F\u00fcgen Sie ein benutzerfreundliches Restaurantmen\u00fc-Widget auf Ihrer Webflow-Webseite ein. Probieren Sie die praktische Demo von Elfsight aus und erstellen Sie in wenigen Minuten Ihr einzigartiges Widget","breadcrumb":{"@id":"https:\/\/elfsight.com\/de\/restaurant-menu-widget\/webflow\/#breadcrumb"},"inLanguage":"de","potentialAction":[{"@type":"ReadAction","target":["https:\/\/elfsight.com\/de\/restaurant-menu-widget\/webflow\/"]}]},{"@type":"BreadcrumbList","@id":"https:\/\/elfsight.com\/de\/restaurant-menu-widget\/webflow\/#breadcrumb","itemListElement":[{"@type":"ListItem","position":1,"name":"Home","item":"https:\/\/elfsight.com\/de\/"},{"@type":"ListItem","position":2,"name":"Restaurant Menu","item":"https:\/\/elfsight.com\/de\/restaurant-menu-widget\/"},{"@type":"ListItem","position":3,"name":"Restaurant Menu &#8211; Webflow"}]},{"@type":"WebSite","@id":"https:\/\/elfsight.com\/de\/#website","url":"https:\/\/elfsight.com\/de\/","name":"Elfsight DE","description":"Just another Elfsight Sites site","potentialAction":[{"@type":"SearchAction","target":{"@type":"EntryPoint","urlTemplate":"https:\/\/elfsight.com\/de\/?s={search_term_string}"},"query-input":{"@type":"PropertyValueSpecification","valueRequired":true,"valueName":"search_term_string"}}],"inLanguage":"de"}]}},"meta_box":{"industry":"","seo_heading":"","heading":"","description":"","cta_heading":"","cta_description":"","application":"514","h1":"Webflow-Restaurantmen\u00fc-Widget","h1_caption":"Pr\u00e4sentieren Sie die Speisekarte Ihres Restaurants in einem optisch ansprechenden Format, das einfach zu aktualisieren und benutzerfreundlich ist und m\u00fchelos in Ihre Webflow-Website integriert werden kann.","application_category":[],"applications_title":"","applications_request_title":"","applications_request_button_text":"","hero_text":"","hero_video":"","hero_video_schema_markup":"","selling_points_title":"","selling_points_caption":"","selling_points":[],"selling_points_cta_text":"","features_title":"","features":"","ed_cta_examples_text":"","ed_cta_examples_hidden":"","ed_cta_demo_text":"","ed_cta_demo_hidden":"","why_caption":"","why_editor_title":"","why_editor_text":"","why_team_title":"","why_team_text":"","why_service_title":"","why_service_text":"","template_catalog_visible":"0","template_catalog_title":"","template_catalog_text":"","template_catalog_categories_visible":"","demo_title":"Erstellen Sie Ihr Restaurantmen\u00fc-Widget","demo_caption":"Konfigurieren Sie Ihr Restaurantmen\u00fc und f\u00fcgen Sie es kostenlos zu Ihrer Webflow-Website hinzu!","default_faq_hidden":"","app_template_category":[],"platform":"250","template_public_id":"","codecanyon_url":"","codecanyon_item_id":"","codecanyon_price":"","pricing_caption":"","pricing_elfsight_apps_hide_column":"","pricing_elfsight_apps_url":"","pricing_codecanyon_price_caption":"","integration_category":[],"integration_request_title":"","integration_request_cta":"","integration_platform":"","integrations":[],"platform_category":[],"video_schema_markup":"","price":"ab 0 $ \/ Monat","trial":"","benefits":[{"text":"Kostenlose Installationsunterst\u00fctzung"},{"text":"Au\u00dfergew\u00f6hnliche Unterst\u00fctzung"},{"text":"14-t\u00e4gige R\u00fcckerstattungsgarantie"},{"text":"Fortlaufende Entwicklung"}],"button_url":"#demo","button_target_blank":"0","button_nofollow":"0","attributes":[{"name":"Installiert","content":"10,000 - 100,000"},{"name":"Reaktionsfreudig","content":"Ja"},{"name":"Kompatible Browser","content":"Firefox, Safari, Opera, Edge, Chrome"}],"tags":[],"tags_disable_links":"0","hide_more_platforms":"0","video_object":"","demo_hide_cta":"0","demo_hide_cloud_options":"0","pricing_title":"","pricing":[{"pricing_icon":"platform","pricing_title":"Elfsight Apps","pricing_title_caption":"Plattformunabh\u00e4ngige Version","pricing_price":"ab 0 $ \/ Monat","pricing_price_caption":"Beginnen Sie mit einem kostenlosen Plan","pricing_benefits":[{"text":"Unbegrenzte Websites"},{"text":"Engagierter und p\u00fcnktlicher Support"},{"text":"Kostenlose Installationsunterst\u00fctzung"},{"text":"Sonderangebot f\u00fcr mehrere Apps"}],"pricing_button_text":"Zur Website hinzuf\u00fcgen","pricing_button_url":"#demo"}],"related_apps_title":"","related_apps_hidden":"0","author":"","image":[],"title":"","job":"","social_networks":[]},"_links":{"self":[{"href":"https:\/\/elfsight.com\/de\/wp-json\/wp\/v2\/pages\/9964","targetHints":{"allow":["GET"]}}],"collection":[{"href":"https:\/\/elfsight.com\/de\/wp-json\/wp\/v2\/pages"}],"about":[{"href":"https:\/\/elfsight.com\/de\/wp-json\/wp\/v2\/types\/page"}],"author":[{"embeddable":true,"href":"https:\/\/elfsight.com\/de\/wp-json\/wp\/v2\/users\/9"}],"replies":[{"embeddable":true,"href":"https:\/\/elfsight.com\/de\/wp-json\/wp\/v2\/comments?post=9964"}],"version-history":[{"count":3,"href":"https:\/\/elfsight.com\/de\/wp-json\/wp\/v2\/pages\/9964\/revisions"}],"predecessor-version":[{"id":24809,"href":"https:\/\/elfsight.com\/de\/wp-json\/wp\/v2\/pages\/9964\/revisions\/24809"}],"up":[{"embeddable":true,"href":"https:\/\/elfsight.com\/de\/wp-json\/wp\/v2\/pages\/2702"}],"wp:attachment":[{"href":"https:\/\/elfsight.com\/de\/wp-json\/wp\/v2\/media?parent=9964"}],"curies":[{"name":"wp","href":"https:\/\/api.w.org\/{rel}","templated":true}]}}