{"id":9963,"date":"1970-01-01T00:00:00","date_gmt":"1970-01-01T00:00:00","guid":{"rendered":"https:\/\/elfsight.com\/de\/?page_id=9963"},"modified":"2025-02-24T11:48:04","modified_gmt":"2025-02-24T11:48:04","slug":"google-sites","status":"publish","type":"page","link":"https:\/\/elfsight.com\/de\/restaurant-menu-widget\/google-sites\/","title":{"rendered":"Restaurant Menu &#8211; Google Sites"},"content":{"rendered":"\n<div class=\"application-platform-content-item-description application-platform-content-item\" id=\"description\" data-nav-section=\"description\"> <h2>Restaurantmen\u00fc mit dem Elfsight-Widget in Google Sites einbetten<\/h2><p>Elfsight Restaurant Menu ist ein einfach zu verwaltendes Tool f\u00fcr Zeigen Sie Ihre Artikelvielfalt direkt auf Ihrer Seite an. Es ist eine einfache M\u00f6glichkeit, Ihre Besucher \u00fcber Ihre Speisen und Getr\u00e4nke zu informieren, von Besonderheiten zu erz\u00e4hlen und ihre Aufmerksamkeit mit fesselnden Speisenbildern zu fesseln. Das Plugin ist sehr benutzerorientiert. Dank dessen k\u00f6nnen Sie eine gro\u00dfe Auswahl an Men\u00fcseiten mit einer erstaunlichen Anzahl von Elementen pr\u00e4sentieren. Oder zeigen Sie einfach eine kurze Liste der von Ihnen angebotenen Produkte an. Legen Sie ein helles oder dunkles Schema fest oder passen Sie die Einstellungen Ihren W\u00fcnschen an und \u00e4ndern Sie dabei alle Akzentfarben. Auch das Widget sorgt daf\u00fcr, dass Sie immer auf dem Laufenden bleiben: Sie k\u00f6nnen Preise, eine Artikelliste, neue Getr\u00e4nke oder sogar Men\u00fcs in nur wenigen Sekunden \u00e4ndern! Keine PDF-Dateien mehr, die Sie von Anfang an erstellen sollten. Beginnen Sie einfach sofort mit der Erstellung Ihres wunderbaren Men\u00fcs. <\/p> <p>Versuchen Sie, Restaurant Menu anzuwenden, um Ihre Gesch\u00e4ftsziele effizienter zu erreichen! Mittels des Plugins. Versuchen Sie es mit Restaurant Menu von Elfsight. <\/p><\/div> <div class=\"application-platform-content-item-features application-platform-content-item\" id=\"features\" data-nav-section=\"features\"> <h2>Dies sind nur einige der umfangreichen Widget-Funktionen: <\/h2> <ul><li>Einfach zu verwalten, auch f\u00fcr nicht professionelle Benutzer. <\/li><li>Unendliche Menge an Men\u00fcs, Abschnitten oder Elementen, erstellt mit Tab-, Listen- oder Masonry-Layouts. <\/li><li>Sie k\u00f6nnen das Men\u00fc und alle seine Elemente ganz einfach verwalten, wann immer Sie m\u00f6chten: Rabatte, saisonale Speisen und Getr\u00e4nke usw. <\/li><li> F\u00fcgen Sie umfangreiche Eigenschaften f\u00fcr die Artikel hinzu, zum Beispiel Symbole, Ern\u00e4hrungselemente und Abzeichen . <\/li><li>F\u00fcgen Sie appetitliche Bilder zu den Artikeln hinzu und pr\u00e4sentieren Sie diese sogar im Popup-Modus. <\/li><li>\u00c4ndern und \u00e4ndern Sie die Farbe aller Elemente: Text, Farbschema und Symbole. <\/li><p><a href=\"#demo\">Sie k\u00f6nnen selbst erleben, wie das Widget funktioniert, indem Sie die Demo ausprobieren<\/a><\/p> <\/div> <div class=\"application-platform-content-item-installation application-platform-content-item\" id=\"installation\" data-nav-section=\"installation\"> <h2> Wie kann ich das Restaurantmen\u00fc in meine Google Sites-Webseite einbetten? <\/h2> <div class=\"video-container\"><iframe width=\"560\" height=\"315\" src=\"https:\/\/www.youtube.com\/embed\/OmbVgYaffjY?si=PeQgTZBnReEuudOu\" frameborder=\"0\" allow=\"accelerometer; autoplay; clipboard-write; encrypted-media; gyroscope; picture-in-picture; web-share\" allowfullscreen><\/iframe><\/div><p>Befolgen Sie einfach die unten beschriebenen Schritte, um mit der Arbeit mit dem Tool zu beginnen. <\/p> <ol><li><b>\u00d6ffnen Sie unseren kostenlosen Editor und beginnen Sie mit der Erstellung Ihres einzigartigen Plugins. <\/b><br> Geben Sie die bevorzugte Form und Aspekte des Plugins an und \u00fcbernehmen Sie die \u00c4nderungen. <\/li> <li><b>Kopieren Sie Ihren pers\u00f6nlichen Code, der im Feld auf Elfsight Apps angezeigt wird. <\/b><br> Nachdem Sie Ihr pers\u00f6nliches Widget eingerichtet haben, kopieren Sie den exklusiven Code in das angezeigte Feld und speichern Sie ihn f\u00fcr die zuk\u00fcnftige Verwendung. <\/li> <li><b>Erste Schritte mit der Verwendung des Tools auf Ihrer Google Sites-Startseite. <\/b><br> F\u00fcgen Sie den Code, den Sie zuvor kopiert haben, in Ihre Webseite ein und \u00fcbernehmen Sie die Korrekturen. <\/li> <li><b>Fertig! Die Einbettung ist vollst\u00e4ndig beendet. <\/b><br> Besuchen Sie Ihre Webseite, um zu sehen, wie das Tool funktioniert. <\/li><\/ol> <div class=\"tip-yellow tip\"><b>Aufgrund der Besonderheiten der Google Sites-Funktion sieht das Widget m\u00f6glicherweise anders aus als die Online-Demo. Wir entschuldigen uns f\u00fcr etwaige Unannehmlichkeiten.<\/b><\/div><p>Wenn Sie Fragen haben oder auf Probleme sto\u00dfen, wenden Sie sich bitte an unser Support-Team. Unsere Mitarbeiter helfen Ihnen gerne bei allen Schwierigkeiten, die Sie mit dem Plugin haben k\u00f6nnten. <\/p> <div class=\"faq\" data-component=\"FAQ\"><div class=\"faq-item\">\r\n\t\t\t\t\t<div class=\"faq-item-question\">\r\n\t\t\t\t\t\t<h3 class=\"faq-item-question-text\">Wie bette ich Restaurant Menu ohne Programmiererfahrung in meine Google Sites-Website ein?<\/h3>\r\n\r\n\t\t\t\t\t\t<div class=\"faq-item-question-icon\"><\/div>\r\n\t\t\t\t\t<\/div>\r\n\r\n\t\t\t\t\t<div class=\"faq-item-answer\">\r\n\t\t\t\t\t\t<div class=\"faq-item-answer-text\"> <p>Elfsight stellt eine SaaS-L\u00f6sung vor, die es Menschen erm\u00f6glicht, selbst ein Restaurant Menu-Plugin zu erstellen. Erfahren Sie, wie Es ist ganz einfach: Gehen Sie zur Online-Demo, um ein Restaurantmen\u00fc-Widget zu erstellen, das Sie in die Google Sites-Website integrieren m\u00f6chten. W\u00e4hlen Sie eine der vorgefertigten Vorlagen aus und passen Sie die Restaurantmen\u00fc-Einstellungen an, aktualisieren Sie Ihre Inhalte, \u00e4ndern Sie das Layout und die Farbe der Elemente ohne Programmierkenntnisse. Klicken Sie, um das Restaurantmen\u00fc zu speichern und den Installationscode des Plugins zu erhalten, den Sie im Rahmen eines kostenlosen Plans m\u00fchelos in die Google Sites-Website einbetten k\u00f6nnen. Mit dem benutzerfreundlichen Editor kann jeder Internetnutzer online eine Restaurant-Men\u00fc-App erstellen und diese in die Google Sites-Website einbinden. F\u00fcr den Zugriff auf den Service ist weder eine Zahlung noch die Eingabe Ihrer Kartendaten erforderlich. Sollten Sie auf Probleme jeglicher Art sto\u00dfen, z\u00f6gern Sie bitte nicht, sich an unsere Mitarbeiter des technischen Supports zu wenden.<\/p> <\/div>\r\n\t\t\t\t\t<\/div>\r\n\t\t\t\t<\/div> <\/div><\/div>\n","protected":false},"excerpt":{"rendered":"","protected":false},"author":9,"featured_media":0,"parent":2702,"menu_order":0,"comment_status":"closed","ping_status":"closed","template":"templates\/template-application-platform.php","meta":{"publish_to_discourse":"","publish_post_category":"","wpdc_auto_publish_overridden":"","wpdc_topic_tags":"","wpdc_pin_topic":"","wpdc_pin_until":"","discourse_post_id":"","discourse_permalink":"","wpdc_publishing_response":"","wpdc_publishing_error":"","footnotes":""},"class_list":["post-9963","page","type-page","status-publish","hentry"],"yoast_head":"<!-- This site is optimized with the Yoast SEO plugin v25.3.1 - https:\/\/yoast.com\/wordpress\/plugins\/seo\/ -->\n<title>Restaurantmen\u00fc \u2013 Men\u00fc-Widget zu Google Sites hinzuf\u00fcgen (2025)<\/title>\n<meta name=\"description\" content=\"F\u00fcgen Sie ein responsives Restaurantmen\u00fc-Widget auf Ihrer Google Sites-Seite ein. Probieren Sie die praktische Elfsight-Demo aus und erstellen Sie Ihr faszinierendes Plugin mit nur wenigen Klicks\" \/>\n<meta name=\"robots\" content=\"index, follow, max-snippet:-1, max-image-preview:large, max-video-preview:-1\" \/>\n<link rel=\"canonical\" href=\"https:\/\/elfsight.com\/de\/restaurant-menu-widget\/google-sites\/\" \/>\n<meta property=\"og:locale\" content=\"de_DE\" \/>\n<meta property=\"og:type\" content=\"article\" \/>\n<meta property=\"og:title\" content=\"Restaurantmen\u00fc \u2013 Men\u00fc-Widget zu Google Sites hinzuf\u00fcgen (2025)\" \/>\n<meta property=\"og:description\" content=\"F\u00fcgen Sie ein responsives Restaurantmen\u00fc-Widget auf Ihrer Google Sites-Seite ein. Probieren Sie die praktische Elfsight-Demo aus und erstellen Sie Ihr faszinierendes Plugin mit nur wenigen Klicks\" \/>\n<meta property=\"og:url\" content=\"https:\/\/elfsight.com\/de\/restaurant-menu-widget\/google-sites\/\" \/>\n<meta property=\"og:site_name\" content=\"Elfsight DE\" \/>\n<meta property=\"article:modified_time\" content=\"2025-02-24T11:48:04+00:00\" \/>\n<meta name=\"twitter:card\" content=\"summary_large_image\" \/>\n<meta name=\"twitter:label1\" content=\"Gesch\u00e4tzte Lesezeit\" \/>\n\t<meta name=\"twitter:data1\" content=\"4\u00a0Minuten\" \/>\n<!-- \/ Yoast SEO plugin. -->","yoast_head_json":{"title":"Restaurantmen\u00fc \u2013 Men\u00fc-Widget zu Google Sites hinzuf\u00fcgen (2025)","description":"F\u00fcgen Sie ein responsives Restaurantmen\u00fc-Widget auf Ihrer Google Sites-Seite ein. Probieren Sie die praktische Elfsight-Demo aus und erstellen Sie Ihr faszinierendes Plugin mit nur wenigen Klicks","robots":{"index":"index","follow":"follow","max-snippet":"max-snippet:-1","max-image-preview":"max-image-preview:large","max-video-preview":"max-video-preview:-1"},"canonical":"https:\/\/elfsight.com\/de\/restaurant-menu-widget\/google-sites\/","og_locale":"de_DE","og_type":"article","og_title":"Restaurantmen\u00fc \u2013 Men\u00fc-Widget zu Google Sites hinzuf\u00fcgen (2025)","og_description":"F\u00fcgen Sie ein responsives Restaurantmen\u00fc-Widget auf Ihrer Google Sites-Seite ein. Probieren Sie die praktische Elfsight-Demo aus und erstellen Sie Ihr faszinierendes Plugin mit nur wenigen Klicks","og_url":"https:\/\/elfsight.com\/de\/restaurant-menu-widget\/google-sites\/","og_site_name":"Elfsight DE","article_modified_time":"2025-02-24T11:48:04+00:00","twitter_card":"summary_large_image","twitter_misc":{"Gesch\u00e4tzte Lesezeit":"4\u00a0Minuten"},"schema":{"@context":"https:\/\/schema.org","@graph":[{"@type":"WebPage","@id":"https:\/\/elfsight.com\/de\/restaurant-menu-widget\/google-sites\/","url":"https:\/\/elfsight.com\/de\/restaurant-menu-widget\/google-sites\/","name":"Restaurantmen\u00fc \u2013 Men\u00fc-Widget zu Google Sites hinzuf\u00fcgen (2025)","isPartOf":{"@id":"https:\/\/elfsight.com\/de\/#website"},"datePublished":"1970-01-01T00:00:00+00:00","dateModified":"2025-02-24T11:48:04+00:00","description":"F\u00fcgen Sie ein responsives Restaurantmen\u00fc-Widget auf Ihrer Google Sites-Seite ein. Probieren Sie die praktische Elfsight-Demo aus und erstellen Sie Ihr faszinierendes Plugin mit nur wenigen Klicks","breadcrumb":{"@id":"https:\/\/elfsight.com\/de\/restaurant-menu-widget\/google-sites\/#breadcrumb"},"inLanguage":"de","potentialAction":[{"@type":"ReadAction","target":["https:\/\/elfsight.com\/de\/restaurant-menu-widget\/google-sites\/"]}]},{"@type":"BreadcrumbList","@id":"https:\/\/elfsight.com\/de\/restaurant-menu-widget\/google-sites\/#breadcrumb","itemListElement":[{"@type":"ListItem","position":1,"name":"Home","item":"https:\/\/elfsight.com\/de\/"},{"@type":"ListItem","position":2,"name":"Restaurant Menu","item":"https:\/\/elfsight.com\/de\/restaurant-menu-widget\/"},{"@type":"ListItem","position":3,"name":"Restaurant Menu &#8211; Google Sites"}]},{"@type":"WebSite","@id":"https:\/\/elfsight.com\/de\/#website","url":"https:\/\/elfsight.com\/de\/","name":"Elfsight DE","description":"Just another Elfsight Sites site","potentialAction":[{"@type":"SearchAction","target":{"@type":"EntryPoint","urlTemplate":"https:\/\/elfsight.com\/de\/?s={search_term_string}"},"query-input":{"@type":"PropertyValueSpecification","valueRequired":true,"valueName":"search_term_string"}}],"inLanguage":"de"}]}},"meta_box":{"industry":"","seo_heading":"","heading":"","description":"","cta_heading":"","cta_description":"","application":"514","h1":"Google Sites-Restaurantmen\u00fc-Widget","h1_caption":"Pr\u00e4sentieren Sie die Speisekarte Ihres Restaurants in einem optisch ansprechenden Format, das einfach zu aktualisieren und benutzerfreundlich ist und m\u00fchelos in Ihre Google Sites integriert werden kann.","application_category":[],"applications_title":"","applications_request_title":"","applications_request_button_text":"","hero_text":"","hero_video":"","hero_video_schema_markup":"","selling_points_title":"","selling_points_caption":"","selling_points":[],"selling_points_cta_text":"","features_title":"","features":"","ed_cta_examples_text":"","ed_cta_examples_hidden":"","ed_cta_demo_text":"","ed_cta_demo_hidden":"","why_caption":"","why_editor_title":"","why_editor_text":"","why_team_title":"","why_team_text":"","why_service_title":"","why_service_text":"","template_catalog_visible":"0","template_catalog_title":"","template_catalog_text":"","template_catalog_categories_visible":"","demo_title":"Erstellen Sie Ihr Restaurantmen\u00fc-Widget","demo_caption":"Konfigurieren Sie Ihr Restaurantmen\u00fc und f\u00fcgen Sie es kostenlos zu Ihrer Google Sites-Website hinzu!","default_faq_hidden":"","app_template_category":[],"platform":"3000","template_public_id":"","codecanyon_url":"","codecanyon_item_id":"","codecanyon_price":"","pricing_caption":"","pricing_elfsight_apps_hide_column":"","pricing_elfsight_apps_url":"","pricing_codecanyon_price_caption":"","integration_category":[],"integration_request_title":"","integration_request_cta":"","integration_platform":"","integrations":[],"platform_category":[],"video_schema_markup":"","price":"ab 0 $ \/ Monat","trial":"","benefits":[{"text":"Kostenlose Installationshilfe"},{"text":"Au\u00dfergew\u00f6hnliche Unterst\u00fctzung"},{"text":"14-t\u00e4gige R\u00fcckerstattungsgarantie"},{"text":"Fortlaufende Entwicklung"}],"button_url":"#demo","button_target_blank":"0","button_nofollow":"0","attributes":[{"name":"Installiert","content":"10,000 - 100,000"},{"name":"Reaktionsfreudig","content":"Optimiert f\u00fcr Mobilger\u00e4te"},{"name":"Kompatible Browser","content":"Chrome, Firefox, Edge, Safari, Opera"}],"tags":[],"tags_disable_links":"0","hide_more_platforms":"0","video_object":"","demo_hide_cta":"0","demo_hide_cloud_options":"0","pricing_title":"","pricing":[{"pricing_icon":"platform","pricing_title":"Elfsight Apps","pricing_title_caption":"Plattformunabh\u00e4ngige L\u00f6sung, die auf jeder Website funktioniert","pricing_price":"ab 0 $ \/ Monat","pricing_price_caption":"Beginnen Sie mit einem kostenlosen Plan","pricing_benefits":[{"text":"Unbegrenzte Websites"},{"text":"Premium-Kundensupport"},{"text":"Kostenloser Installationssupport"},{"text":"Sonderpreis f\u00fcr mehrere Apps"}],"pricing_button_text":"Zur Website hinzuf\u00fcgen","pricing_button_url":"#demo"}],"related_apps_title":"","related_apps_hidden":"0","author":"","image":[],"title":"","job":"","social_networks":[]},"_links":{"self":[{"href":"https:\/\/elfsight.com\/de\/wp-json\/wp\/v2\/pages\/9963","targetHints":{"allow":["GET"]}}],"collection":[{"href":"https:\/\/elfsight.com\/de\/wp-json\/wp\/v2\/pages"}],"about":[{"href":"https:\/\/elfsight.com\/de\/wp-json\/wp\/v2\/types\/page"}],"author":[{"embeddable":true,"href":"https:\/\/elfsight.com\/de\/wp-json\/wp\/v2\/users\/9"}],"replies":[{"embeddable":true,"href":"https:\/\/elfsight.com\/de\/wp-json\/wp\/v2\/comments?post=9963"}],"version-history":[{"count":4,"href":"https:\/\/elfsight.com\/de\/wp-json\/wp\/v2\/pages\/9963\/revisions"}],"predecessor-version":[{"id":24816,"href":"https:\/\/elfsight.com\/de\/wp-json\/wp\/v2\/pages\/9963\/revisions\/24816"}],"up":[{"embeddable":true,"href":"https:\/\/elfsight.com\/de\/wp-json\/wp\/v2\/pages\/2702"}],"wp:attachment":[{"href":"https:\/\/elfsight.com\/de\/wp-json\/wp\/v2\/media?parent=9963"}],"curies":[{"name":"wp","href":"https:\/\/api.w.org\/{rel}","templated":true}]}}