{"id":9962,"date":"1970-01-01T00:00:00","date_gmt":"1970-01-01T00:00:00","guid":{"rendered":"https:\/\/elfsight.com\/de\/?page_id=9962"},"modified":"2025-07-10T08:13:57","modified_gmt":"2025-07-10T08:13:57","slug":"godaddy","status":"publish","type":"page","link":"https:\/\/elfsight.com\/de\/restaurant-menu-widget\/godaddy\/","title":{"rendered":"Restaurant Menu &#8211; GoDaddy"},"content":{"rendered":"<div class=\"application-platform-content-item-description application-platform-content-item\" id=\"description\" data-nav-section=\"description\"> <h2>Restaurantmen\u00fc mit dem Elfsight-Widget in GoDaddy einbetten<\/h2><p>Elfsight Restaurant Menu ist ein einfach zu verwaltendes Plugin f\u00fcr GoDaddy f\u00fcr die Darstellung Ihrer Artikelvielfalt direkt auf Ihrer Website. Dies ist eine einfache M\u00f6glichkeit, Ihre Besucher \u00fcber Ihre K\u00fcche zu informieren, ein einzigartiges Konzept zu pr\u00e4sentieren und ihre Aufmerksamkeit mit verlockenden Essensfotos zu fesseln. Die App ist absolut praktisch. Sie k\u00f6nnen eine unbegrenzte Anzahl von Men\u00fcs mit einer erstaunlichen Menge an Artikeln zusammenstellen. Oder erstellen Sie einfach eine \u00fcbersichtliche Liste der Spezialit\u00e4ten, die Sie servieren. Sie k\u00f6nnen zwischen hellen und dunklen Schemata w\u00e4hlen oder die gew\u00fcnschten Einstellungen anpassen und alle Akzentfarben \u00e4ndern. Au\u00dferdem bleibt Ihre Speisekarte immer auf dem neuesten Stand: Sie k\u00f6nnen Preise, eine Artikelliste, neue Mahlzeiten oder sogar Men\u00fcs in wenigen Sekunden aktualisieren! Keine druckfertigen Men\u00fcs mehr, die Sie von Anfang an erstellen m\u00fcssen. Beginnen Sie einfach sofort mit der Erstellung Ihres appetitlichen Men\u00fcs.<\/p> <p><b>Probieren Sie Restaurant Menu aus, um Ihre E-Commerce-H\u00f6hepunkte schneller zu erreichen! Mit der Speisekarte auf Ihrer Website kann Ihr Unternehmen mehr potenzielle Kunden anziehen, ein starkes Gesch\u00e4ftswachstum erzielen und den Umsatz steigern. Versuchen Sie es mit Restaurant Menu von Elfsight. <\/b><\/p><\/div> <div class=\"application-platform-content-item-features application-platform-content-item\" id=\"features\" data-nav-section=\"features\"> <h2>Zu den grundlegenden Plugin-Funktionen geh\u00f6rt<\/h2> <ul><li>Benutzerfreundlich auch f\u00fcr nicht-professionelle Benutzer. <\/li><li>Unendlich viele Men\u00fcs, Abschnitte oder Elemente, angeordnet mit Tab-, Listen- oder Mauerwerkslayouts. <\/li><li>Korrigieren Sie einfach das Men\u00fc und alle seine Einstellungen an jedem beliebigen Punkt: Rabatte, saisonale Gerichte und Getr\u00e4nke usw. <\/li><li> Zeigen Sie ausf\u00fchrliche Beschreibungen f\u00fcr die Elemente an, z. B. Symbole, Ern\u00e4hrung Elemente und Abzeichen. <\/li><li>F\u00fcgen Sie appetitliche Bilder zu den Artikeln hinzu und zeigen Sie sie sogar im Popup-Modus an. <\/li><li>Passen Sie alle Elemente an und f\u00e4rben Sie sie neu: Text, Farbschema und Symbole. <\/li><\/ul><p><a href=\"#demo\">Probieren Sie einfach diese Demo aus, um einen vollst\u00e4ndigen \u00dcberblick zu bekommen<\/a><\/p> <\/div> <div class=\"application-platform-content-item-installation application-platform-content-item\" id=\"installation\" data-nav-section=\"installation\"> <h2>Wie kann ich ein Restaurantmen\u00fc zu meiner GoDaddy-Website hinzuf\u00fcgen? <\/h2> <p>Befolgen Sie einfach die folgenden Richtlinien, um das Tool hinzuzuf\u00fcgen. <\/p> <ol><li><b>Starten Sie unsere kostenlose Demo und beginnen Sie mit der Erstellung Ihres individuellen Plugins. <\/b><br> Geben Sie die gew\u00fcnschte Form und die gew\u00fcnschten Funktionen des Plugins an und speichern Sie die \u00c4nderungen. <\/li> <li><b>Holen Sie sich Ihren individuellen Code, der im speziellen Formular auf Elfsight Apps angezeigt wird. <\/b><br> Sobald die Erstellung Ihres Plugins abgeschlossen ist, kopieren Sie den pers\u00f6nlichen Code aus dem angezeigten Popup und speichern Sie ihn zur sp\u00e4teren Verwendung. <\/li> <li><b>Beginnen Sie mit der Verwendung des Plugins auf der GoDaddy-Webseite. <\/b><br> F\u00fcgen Sie den Code, den Sie zuvor gespeichert haben, auf Ihrer Webseite hinzu und \u00fcbernehmen Sie die Anpassungen. <\/li> <li><b>Die Installation ist vollst\u00e4ndig beendet. <\/b><br> Besuchen Sie Ihre Seite, um zu sehen, wie das Plugin funktioniert. <\/li><\/ol> <p>Sollten Sie auf Schwierigkeiten sto\u00dfen, k\u00f6nnen Sie sich gerne an unsere Kundendienstmitarbeiter wenden. Unsere Berater helfen Ihnen gerne bei allen Schwierigkeiten, die Sie mit dem Plugin haben k\u00f6nnten. <\/p> <div class=\"faq\" data-component=\"FAQ\"><div class=\"faq-item\">\r\n\t\t\t\t\t<div class=\"faq-item-question\">\r\n\t\t\t\t\t\t<h3 class=\"faq-item-question-text\">Wie f\u00fcge ich Restaurant Menu ohne Programmiererfahrung zu meiner GoDaddy-Website hinzu?<\/h3>\r\n\r\n\t\t\t\t\t\t<div class=\"faq-item-question-icon\"><\/div>\r\n\t\t\t\t\t<\/div>\r\n\r\n\t\t\t\t\t<div class=\"faq-item-answer\">\r\n\t\t\t\t\t\t<div class=\"faq-item-answer-text\"> <p>Elfsight bietet eine SaaS-L\u00f6sung, mit der ein breites Publikum selbst eine Restaurant Menu-App erstellen kann. Finden Sie heraus, wie einfach es ist Gehen Sie zur Live-Demo, um ein Restaurantmen\u00fc-Plugin zu erstellen, das Sie Ihrem GoDaddy hinzuf\u00fcgen m\u00f6chten. Entscheiden Sie sich f\u00fcr eine unserer vorgefertigten Vorlagen und passen Sie die Restaurantmen\u00fc-Einstellungen an, \u00e4ndern Sie das Layout und die Farbe der Elemente einschlie\u00dflich Ihres Inhalts, ohne dass Sie programmieren m\u00fcssen. Speichern Sie die Speisekarte des Restaurants und kopieren Sie den Installationscode, der problemlos in die GoDaddy-Website eingef\u00fcgt werden kann, ohne dass ein kostenpflichtiger Plan erworben werden muss. Mit dem unkomplizierten Editor kann jeder Internetnutzer ein Restaurantmen\u00fc-Widget erstellen und es auf der GoDaddy-Website einf\u00fcgen. Sie m\u00fcssen weder bezahlen noch Ihre Kartendaten angeben, um an dem Service teilzunehmen. Sollten bei irgendeinem Schritt Probleme auftreten, z\u00f6gern Sie nicht, sich an unseren technischen Kundensupport zu wenden.<\/p> <\/div>\r\n\t\t\t\t\t<\/div>\r\n\t\t\t\t<\/div> <\/div><\/div>","protected":false},"excerpt":{"rendered":"","protected":false},"author":9,"featured_media":0,"parent":2702,"menu_order":0,"comment_status":"closed","ping_status":"closed","template":"templates\/template-application-platform.php","meta":{"publish_to_discourse":"","publish_post_category":"","wpdc_auto_publish_overridden":"","wpdc_topic_tags":"","wpdc_pin_topic":"","wpdc_pin_until":"","discourse_post_id":"","discourse_permalink":"","wpdc_publishing_response":"","wpdc_publishing_error":"","footnotes":""},"class_list":["post-9962","page","type-page","status-publish","hentry"],"yoast_head":"<!-- This site is optimized with the Yoast SEO plugin v25.3.1 - https:\/\/yoast.com\/wordpress\/plugins\/seo\/ -->\n<title>Restaurantmen\u00fc \u2013 F\u00fcgen Sie das Restaurantmen\u00fc-Plugin zur GoDaddy-Website hinzu!<\/title>\n<meta name=\"description\" content=\"F\u00fcgen Sie ein responsives Restaurantmen\u00fc-Plugin auf Ihrer GoDaddy-Seite ein. Nutzen Sie die praktische Elfsight-Demo und generieren Sie Ihr einzigartiges Plugin\" \/>\n<meta name=\"robots\" content=\"index, follow, max-snippet:-1, max-image-preview:large, max-video-preview:-1\" \/>\n<link rel=\"canonical\" href=\"https:\/\/elfsight.com\/de\/restaurant-menu-widget\/godaddy\/\" \/>\n<meta property=\"og:locale\" content=\"de_DE\" \/>\n<meta property=\"og:type\" content=\"article\" \/>\n<meta property=\"og:title\" content=\"Restaurantmen\u00fc \u2013 F\u00fcgen Sie das Restaurantmen\u00fc-Plugin zur GoDaddy-Website hinzu!\" \/>\n<meta property=\"og:description\" content=\"F\u00fcgen Sie ein responsives Restaurantmen\u00fc-Plugin auf Ihrer GoDaddy-Seite ein. Nutzen Sie die praktische Elfsight-Demo und generieren Sie Ihr einzigartiges Plugin\" \/>\n<meta property=\"og:url\" content=\"https:\/\/elfsight.com\/de\/restaurant-menu-widget\/godaddy\/\" \/>\n<meta property=\"og:site_name\" content=\"Elfsight DE\" \/>\n<meta property=\"article:modified_time\" content=\"2025-07-10T08:13:57+00:00\" \/>\n<meta name=\"twitter:card\" content=\"summary_large_image\" \/>\n<meta name=\"twitter:label1\" content=\"Gesch\u00e4tzte Lesezeit\" \/>\n\t<meta name=\"twitter:data1\" content=\"3\u00a0Minuten\" \/>\n<!-- \/ Yoast SEO plugin. -->","yoast_head_json":{"title":"Restaurantmen\u00fc \u2013 F\u00fcgen Sie das Restaurantmen\u00fc-Plugin zur GoDaddy-Website hinzu!","description":"F\u00fcgen Sie ein responsives Restaurantmen\u00fc-Plugin auf Ihrer GoDaddy-Seite ein. Nutzen Sie die praktische Elfsight-Demo und generieren Sie Ihr einzigartiges Plugin","robots":{"index":"index","follow":"follow","max-snippet":"max-snippet:-1","max-image-preview":"max-image-preview:large","max-video-preview":"max-video-preview:-1"},"canonical":"https:\/\/elfsight.com\/de\/restaurant-menu-widget\/godaddy\/","og_locale":"de_DE","og_type":"article","og_title":"Restaurantmen\u00fc \u2013 F\u00fcgen Sie das Restaurantmen\u00fc-Plugin zur GoDaddy-Website hinzu!","og_description":"F\u00fcgen Sie ein responsives Restaurantmen\u00fc-Plugin auf Ihrer GoDaddy-Seite ein. Nutzen Sie die praktische Elfsight-Demo und generieren Sie Ihr einzigartiges Plugin","og_url":"https:\/\/elfsight.com\/de\/restaurant-menu-widget\/godaddy\/","og_site_name":"Elfsight DE","article_modified_time":"2025-07-10T08:13:57+00:00","twitter_card":"summary_large_image","twitter_misc":{"Gesch\u00e4tzte Lesezeit":"3\u00a0Minuten"},"schema":{"@context":"https:\/\/schema.org","@graph":[{"@type":"WebPage","@id":"https:\/\/elfsight.com\/de\/restaurant-menu-widget\/godaddy\/","url":"https:\/\/elfsight.com\/de\/restaurant-menu-widget\/godaddy\/","name":"Restaurantmen\u00fc \u2013 F\u00fcgen Sie das Restaurantmen\u00fc-Plugin zur GoDaddy-Website hinzu!","isPartOf":{"@id":"https:\/\/elfsight.com\/de\/#website"},"datePublished":"1970-01-01T00:00:00+00:00","dateModified":"2025-07-10T08:13:57+00:00","description":"F\u00fcgen Sie ein responsives Restaurantmen\u00fc-Plugin auf Ihrer GoDaddy-Seite ein. Nutzen Sie die praktische Elfsight-Demo und generieren Sie Ihr einzigartiges Plugin","breadcrumb":{"@id":"https:\/\/elfsight.com\/de\/restaurant-menu-widget\/godaddy\/#breadcrumb"},"inLanguage":"de","potentialAction":[{"@type":"ReadAction","target":["https:\/\/elfsight.com\/de\/restaurant-menu-widget\/godaddy\/"]}]},{"@type":"BreadcrumbList","@id":"https:\/\/elfsight.com\/de\/restaurant-menu-widget\/godaddy\/#breadcrumb","itemListElement":[{"@type":"ListItem","position":1,"name":"Home","item":"https:\/\/elfsight.com\/de\/"},{"@type":"ListItem","position":2,"name":"Restaurant Menu","item":"https:\/\/elfsight.com\/de\/restaurant-menu-widget\/"},{"@type":"ListItem","position":3,"name":"Restaurant Menu &#8211; GoDaddy"}]},{"@type":"WebSite","@id":"https:\/\/elfsight.com\/de\/#website","url":"https:\/\/elfsight.com\/de\/","name":"Elfsight DE","description":"Just another Elfsight Sites site","potentialAction":[{"@type":"SearchAction","target":{"@type":"EntryPoint","urlTemplate":"https:\/\/elfsight.com\/de\/?s={search_term_string}"},"query-input":{"@type":"PropertyValueSpecification","valueRequired":true,"valueName":"search_term_string"}}],"inLanguage":"de"}]}},"meta_box":{"industry":"","seo_heading":"","heading":"","description":"","cta_heading":"","cta_description":"","application":"514","h1":"GoDaddy Restaurantmen\u00fc-Plugin","h1_caption":"Pr\u00e4sentieren Sie die Speisekarte Ihres Restaurants in einem optisch ansprechenden Format, das einfach zu aktualisieren und benutzerfreundlich ist und m\u00fchelos auf Ihrer GoDaddy-Website integriert werden kann.","application_category":[],"applications_title":"","applications_request_title":"","applications_request_button_text":"","hero_text":"","hero_video":"","hero_video_schema_markup":"","selling_points_title":"","selling_points_caption":"","selling_points":[],"selling_points_cta_text":"","features_title":"","features":"","ed_cta_examples_text":"","ed_cta_examples_hidden":"","ed_cta_demo_text":"","ed_cta_demo_hidden":"","why_caption":"","why_editor_title":"","why_editor_text":"","why_team_title":"","why_team_text":"","why_service_title":"","why_service_text":"","template_catalog_visible":"","template_catalog_title":"","template_catalog_text":"","template_catalog_categories_visible":"","demo_title":"Erstellen Sie Ihr Restaurantmen\u00fc-Plugin","demo_caption":"Konfigurieren Sie Ihr Restaurantmen\u00fc und f\u00fcgen Sie es kostenlos Ihrer GoDaddy-Website hinzu!","default_faq_hidden":"","app_template_category":[],"platform":"241","template_public_id":"","codecanyon_url":"","codecanyon_item_id":"","codecanyon_price":"","pricing_caption":"","pricing_elfsight_apps_hide_column":"","pricing_elfsight_apps_url":"","pricing_codecanyon_price_caption":"","integration_category":[],"integration_request_title":"","integration_request_cta":"","integration_platform":"","integrations":[],"platform_category":[],"video_schema_markup":"","price":"ab 0 $ \/ Monat","trial":"","benefits":[{"text":"Kostenlose Installationsunterst\u00fctzung"},{"text":"Effektiver Kundenservice"},{"text":"14-t\u00e4gige R\u00fcckerstattungsgarantie"},{"text":"Fortlaufende Entwicklung"}],"button_url":"#demo","button_target_blank":"","button_nofollow":"","attributes":[{"name":"Installiert","content":"10,000 - 100,000"},{"name":"Reaktionsfreudig","content":"Ja"},{"name":"Kompatible Browser","content":"IE11, Firefox, Safari, Opera, Chrome, Edge"}],"tags":[],"tags_disable_links":"","hide_more_platforms":"","video_object":"","demo_hide_cta":"","demo_hide_cloud_options":"","pricing_title":"","pricing":[{"pricing_icon":"platform","pricing_title":"Elfsight Apps","pricing_title_caption":"Plattform\u00fcbergreifende digitale L\u00f6sung, die f\u00fcr jeden Standort geeignet ist","pricing_price":"ab 0 $ \/ Monat","pricing_price_caption":"Beginnen Sie mit einem kostenlosen Plan","pricing_benefits":[{"text":"Unbegrenzte Domains"},{"text":"Engagierter Kundensupport"},{"text":"Kostenlose Installationshilfe"},{"text":"100 % anpassbar"}],"pricing_button_text":"Zur Website hinzuf\u00fcgen","pricing_button_url":"#demo"}],"related_apps_title":"","related_apps_hidden":"","author":"","image":[],"title":"","job":"","social_networks":[]},"_links":{"self":[{"href":"https:\/\/elfsight.com\/de\/wp-json\/wp\/v2\/pages\/9962","targetHints":{"allow":["GET"]}}],"collection":[{"href":"https:\/\/elfsight.com\/de\/wp-json\/wp\/v2\/pages"}],"about":[{"href":"https:\/\/elfsight.com\/de\/wp-json\/wp\/v2\/types\/page"}],"author":[{"embeddable":true,"href":"https:\/\/elfsight.com\/de\/wp-json\/wp\/v2\/users\/9"}],"replies":[{"embeddable":true,"href":"https:\/\/elfsight.com\/de\/wp-json\/wp\/v2\/comments?post=9962"}],"version-history":[{"count":1,"href":"https:\/\/elfsight.com\/de\/wp-json\/wp\/v2\/pages\/9962\/revisions"}],"predecessor-version":[{"id":9966,"href":"https:\/\/elfsight.com\/de\/wp-json\/wp\/v2\/pages\/9962\/revisions\/9966"}],"up":[{"embeddable":true,"href":"https:\/\/elfsight.com\/de\/wp-json\/wp\/v2\/pages\/2702"}],"wp:attachment":[{"href":"https:\/\/elfsight.com\/de\/wp-json\/wp\/v2\/media?parent=9962"}],"curies":[{"name":"wp","href":"https:\/\/api.w.org\/{rel}","templated":true}]}}