{"id":9961,"date":"1970-01-01T00:00:00","date_gmt":"1970-01-01T00:00:00","guid":{"rendered":"https:\/\/elfsight.com\/de\/?page_id=9961"},"modified":"2025-07-10T08:14:39","modified_gmt":"2025-07-10T08:14:39","slug":"prestashop","status":"publish","type":"page","link":"https:\/\/elfsight.com\/de\/restaurant-menu-widget\/prestashop\/","title":{"rendered":"Restaurant Menu &#8211; PrestaShop"},"content":{"rendered":"<div class=\"application-platform-content-item-description application-platform-content-item\" id=\"description\" data-nav-section=\"description\"> <h2>Beschreibung<\/h2> <p>Elfsight Restaurant Menu ist ein einfach zu bedienendes Widget, mit dem Sie Ihr Sortiment direkt auf Ihrer Website anzeigen k\u00f6nnen. Es ist eine gro\u00dfartige M\u00f6glichkeit, Ihr Publikum \u00fcber Ihre Speisen und Getr\u00e4nke zu informieren, von einer einzigartigen Idee zu erz\u00e4hlen und es mit appetitlichen Essensbildern auf sich aufmerksam zu machen. Das Widget ist ziemlich praktisch. Sie k\u00f6nnen eine unbegrenzte Anzahl von Men\u00fcs mit einer riesigen Menge an Artikeln pr\u00e4sentieren. Oder erstellen Sie einfach eine kurze Liste der Spezialit\u00e4ten, die Sie servieren. W\u00e4hlen Sie ein helles oder dunkles Schema oder passen Sie alle ben\u00f6tigten Elemente an, indem Sie alle Elemente neu einf\u00e4rben. Mit dem Widget bleiben Sie au\u00dferdem immer auf dem Laufenden: Sie k\u00f6nnen Preise, eine Artikelliste, neue Getr\u00e4nke oder sogar Men\u00fcs in nur wenigen Sekunden korrigieren! Keine druckfertigen Men\u00fcs mehr, die Sie von Grund auf neu erstellen m\u00fcssen. Beginnen Sie gleich jetzt mit der Erstellung Ihres appetitlichen Men\u00fcs. <\/p> <p><b>Versuchen Sie, Restaurant Menu anzuwenden, um Ihre E-Commerce-Ziele schneller zu erreichen! <\/b><br>\u00dcber das Men\u00fc auf Ihrer Website kann Ihr Unternehmen mehr Besucher gewinnen, ein nachhaltiges Gesch\u00e4ftswachstum ansto\u00dfen und den Umsatz steigern. Beginnen Sie mit der Nutzung von Restaurant Menu von Elfsight. <\/p> <\/div> <div class=\"application-platform-content-item-features application-platform-content-item\" id=\"features\" data-nav-section=\"features\"> <h2>Zu den grundlegenden Widget-Funktionen geh\u00f6ren<\/h2> <ul><li>Unbegrenzte Anzahl von Elementen, Men\u00fcs oder Abschnitten<\/li><li>Immer Einfach zu \u00e4nderndes und aktuelles Men\u00fc<\/li><li>Fu\u00dfzeilentext, Titel und Bildunterschriften hinzuf\u00fcgen<\/li><li>Detaillierte Beschreibung f\u00fcr die Artikel anzeigen, einschlie\u00dflich Abzeichen und N\u00e4hrwertangaben<\/li><li>Hochladen Ihre eigenen Bilder f\u00fcr die Artikel<\/li><li>Aktualisieren Sie jederzeit alle Informationen: saisonale Sonderangebote, Preise usw. <\/li><li>Passen Sie den Popup-Modus an und w\u00e4hlen Sie die anzuzeigenden Funktionen aus<\/li><\/ul><p><a href=\"#demo\">Probieren Sie einfach diese Demo aus, um zu sehen, was das Widget wert ist<\/a><\/p> <\/div> <div class=\"application-platform-content-item-installation application-platform-content-item\" id=\"installation\" data-nav-section=\"installation\"> <h2>Wie kann ich Restaurantmen\u00fc zu meiner PrestaShop-Website hinzuf\u00fcgen? <\/h2> <p>Befolgen Sie einfach die nachstehenden Anweisungen, um das Werkzeug einzusetzen. <\/p> <ol><li><b>Verwalten Sie unseren kostenlosen Editor und beginnen Sie mit der Erstellung Ihres individuellen Widgets. <\/b><br> Geben Sie das benutzerdefinierte Layout und die Funktionen des Widgets an und speichern Sie die \u00c4nderungen. <\/li> <li><b>Holen Sie sich Ihren pers\u00f6nlichen Code, der in der speziellen Form auf Elfsight Apps angezeigt wird. <\/b><br> Sobald die Konfiguration Ihres pers\u00f6nlichen Tools abgeschlossen ist, kopieren Sie den pers\u00f6nlichen Code im angezeigten Fenster und bewahren Sie ihn f\u00fcr die sp\u00e4tere Verwendung auf. <\/li> <li><b>Beginnen Sie mit der Nutzung des Widgets auf der PrestaShop-Website. <\/b><br> Geben Sie den k\u00fcrzlich gespeicherten Code auf Ihrer Seite ein und wenden Sie die Verbesserungen an. <\/li> <li><b>Fertig! Die Einrichtung ist vollst\u00e4ndig abgeschlossen. <\/b><br> Besuchen Sie Ihre Website, um zu \u00fcberpr\u00fcfen, wie das Widget ausgef\u00fchrt wird. <\/li><\/ol> <p>Wenn Sie auf Hindernisse sto\u00dfen, z\u00f6gern Sie nicht, sich an unser Support-Team zu wenden. Unsere Mitarbeiter werden sich freuen, alle Probleme zu l\u00f6sen, die Sie mit dem Widget haben k\u00f6nnten. <\/p> <div class=\"faq\" data-component=\"FAQ\"><div class=\"faq-item\">\r\n\t\t\t\t\t<div class=\"faq-item-question\">\r\n\t\t\t\t\t\t<h3 class=\"faq-item-question-text\">Wie f\u00fcge ich Restaurant Menu ohne Codierung zu meiner PrestaShop-Website hinzu?<\/h3>\r\n\r\n\t\t\t\t\t\t<div class=\"faq-item-question-icon\"><\/div>\r\n\t\t\t\t\t<\/div>\r\n\r\n\t\t\t\t\t<div class=\"faq-item-answer\">\r\n\t\t\t\t\t\t<div class=\"faq-item-answer-text\"> <p>Das Unternehmen Elfsight liefert eine Cloud-L\u00f6sung, mit der Benutzer selbst ein Restaurant Menu-Plugin verwenden k\u00f6nnen. Sehen Sie sich die unkomplizierte Anleitung an : Arbeiten Sie im Live-Editor, um einen Restaurantmen\u00fc-Bereich zu erstellen, den Sie in Ihre PrestaShop-Homepage integrieren m\u00f6chten. W\u00e4hlen Sie eine unserer vorgefertigten Vorlagen aus und passen Sie die Restaurantmen\u00fc-Einstellungen an, \u00e4ndern Sie das Layout und die Farbe der Elemente und aktualisieren Sie Ihre Inhalte \u2013 ganz ohne Programmierkenntnisse. Klicken Sie, um das Restaurantmen\u00fc zu speichern und den Installationscode des Plugins zu kopieren, der einfach auf der PrestaShop-Homepage hinzugef\u00fcgt werden kann, ohne eine kostenpflichtige Version zu kaufen. Mit unserem benutzerfreundlichen Konfigurator kann jeder Webbenutzer eine Restaurantkarte erstellen und diese m\u00fchelos in jede PrestaShop-Website einbetten. Sie m\u00fcssen kein kostenpflichtiges Abonnement abschlie\u00dfen oder Ihre Kartendaten angeben, um an unserem Service teilzunehmen. Sollten Sie bei irgendeinem Schritt auf Hindernisse sto\u00dfen, wenden Sie sich bitte an unseren technischen Kundensupport.<\/p> <\/div>\r\n\t\t\t\t\t<\/div>\r\n\t\t\t\t<\/div> <\/div><\/div>","protected":false},"excerpt":{"rendered":"","protected":false},"author":9,"featured_media":0,"parent":2702,"menu_order":0,"comment_status":"closed","ping_status":"closed","template":"templates\/template-application-platform.php","meta":{"publish_to_discourse":"","publish_post_category":"","wpdc_auto_publish_overridden":"","wpdc_topic_tags":"","wpdc_pin_topic":"","wpdc_pin_until":"","discourse_post_id":"","discourse_permalink":"","wpdc_publishing_response":"","wpdc_publishing_error":"","footnotes":""},"class_list":["post-9961","page","type-page","status-publish","hentry"],"yoast_head":"<!-- This site is optimized with the Yoast SEO plugin v25.3.1 - https:\/\/yoast.com\/wordpress\/plugins\/seo\/ -->\n<title>Restaurantmen\u00fc f\u00fcr PrestaShop-Websites \u2013 schnell und kostenlos<\/title>\n<meta name=\"description\" content=\"Betten Sie ein mobilfreundliches Restaurantmen\u00fc-Add-on in Ihre PrestaShop-Webseite ein. Probieren Sie die Elfsight-Demo aus und \u00e4ndern Sie Ihr Add-on in wenigen Sekunden\" \/>\n<meta name=\"robots\" content=\"index, follow, max-snippet:-1, max-image-preview:large, max-video-preview:-1\" \/>\n<link rel=\"canonical\" href=\"https:\/\/elfsight.com\/de\/restaurant-menu-widget\/prestashop\/\" \/>\n<meta property=\"og:locale\" content=\"de_DE\" \/>\n<meta property=\"og:type\" content=\"article\" \/>\n<meta property=\"og:title\" content=\"Restaurantmen\u00fc f\u00fcr PrestaShop-Websites \u2013 schnell und kostenlos\" \/>\n<meta property=\"og:description\" content=\"Betten Sie ein mobilfreundliches Restaurantmen\u00fc-Add-on in Ihre PrestaShop-Webseite ein. Probieren Sie die Elfsight-Demo aus und \u00e4ndern Sie Ihr Add-on in wenigen Sekunden\" \/>\n<meta property=\"og:url\" content=\"https:\/\/elfsight.com\/de\/restaurant-menu-widget\/prestashop\/\" \/>\n<meta property=\"og:site_name\" content=\"Elfsight DE\" \/>\n<meta property=\"article:modified_time\" content=\"2025-07-10T08:14:39+00:00\" \/>\n<meta name=\"twitter:card\" content=\"summary_large_image\" \/>\n<meta name=\"twitter:label1\" content=\"Gesch\u00e4tzte Lesezeit\" \/>\n\t<meta name=\"twitter:data1\" content=\"3\u00a0Minuten\" \/>\n<!-- \/ Yoast SEO plugin. -->","yoast_head_json":{"title":"Restaurantmen\u00fc f\u00fcr PrestaShop-Websites \u2013 schnell und kostenlos","description":"Betten Sie ein mobilfreundliches Restaurantmen\u00fc-Add-on in Ihre PrestaShop-Webseite ein. Probieren Sie die Elfsight-Demo aus und \u00e4ndern Sie Ihr Add-on in wenigen Sekunden","robots":{"index":"index","follow":"follow","max-snippet":"max-snippet:-1","max-image-preview":"max-image-preview:large","max-video-preview":"max-video-preview:-1"},"canonical":"https:\/\/elfsight.com\/de\/restaurant-menu-widget\/prestashop\/","og_locale":"de_DE","og_type":"article","og_title":"Restaurantmen\u00fc f\u00fcr PrestaShop-Websites \u2013 schnell und kostenlos","og_description":"Betten Sie ein mobilfreundliches Restaurantmen\u00fc-Add-on in Ihre PrestaShop-Webseite ein. Probieren Sie die Elfsight-Demo aus und \u00e4ndern Sie Ihr Add-on in wenigen Sekunden","og_url":"https:\/\/elfsight.com\/de\/restaurant-menu-widget\/prestashop\/","og_site_name":"Elfsight DE","article_modified_time":"2025-07-10T08:14:39+00:00","twitter_card":"summary_large_image","twitter_misc":{"Gesch\u00e4tzte Lesezeit":"3\u00a0Minuten"},"schema":{"@context":"https:\/\/schema.org","@graph":[{"@type":"WebPage","@id":"https:\/\/elfsight.com\/de\/restaurant-menu-widget\/prestashop\/","url":"https:\/\/elfsight.com\/de\/restaurant-menu-widget\/prestashop\/","name":"Restaurantmen\u00fc f\u00fcr PrestaShop-Websites \u2013 schnell und kostenlos","isPartOf":{"@id":"https:\/\/elfsight.com\/de\/#website"},"datePublished":"1970-01-01T00:00:00+00:00","dateModified":"2025-07-10T08:14:39+00:00","description":"Betten Sie ein mobilfreundliches Restaurantmen\u00fc-Add-on in Ihre PrestaShop-Webseite ein. Probieren Sie die Elfsight-Demo aus und \u00e4ndern Sie Ihr Add-on in wenigen Sekunden","breadcrumb":{"@id":"https:\/\/elfsight.com\/de\/restaurant-menu-widget\/prestashop\/#breadcrumb"},"inLanguage":"de","potentialAction":[{"@type":"ReadAction","target":["https:\/\/elfsight.com\/de\/restaurant-menu-widget\/prestashop\/"]}]},{"@type":"BreadcrumbList","@id":"https:\/\/elfsight.com\/de\/restaurant-menu-widget\/prestashop\/#breadcrumb","itemListElement":[{"@type":"ListItem","position":1,"name":"Home","item":"https:\/\/elfsight.com\/de\/"},{"@type":"ListItem","position":2,"name":"Restaurant Menu","item":"https:\/\/elfsight.com\/de\/restaurant-menu-widget\/"},{"@type":"ListItem","position":3,"name":"Restaurant Menu &#8211; PrestaShop"}]},{"@type":"WebSite","@id":"https:\/\/elfsight.com\/de\/#website","url":"https:\/\/elfsight.com\/de\/","name":"Elfsight DE","description":"Just another Elfsight Sites site","potentialAction":[{"@type":"SearchAction","target":{"@type":"EntryPoint","urlTemplate":"https:\/\/elfsight.com\/de\/?s={search_term_string}"},"query-input":{"@type":"PropertyValueSpecification","valueRequired":true,"valueName":"search_term_string"}}],"inLanguage":"de"}]}},"meta_box":{"industry":"","seo_heading":"","heading":"","description":"","cta_heading":"","cta_description":"","application":"514","h1":"PrestaShop Restaurant-Men\u00fc-Add-on","h1_caption":"Pr\u00e4sentieren Sie die Speisekarte Ihres Restaurants in einem optisch ansprechenden Format, das einfach zu aktualisieren und benutzerfreundlich ist und m\u00fchelos in Ihre Prestashop-Website integriert werden kann.","application_category":[],"applications_title":"","applications_request_title":"","applications_request_button_text":"","hero_text":"","hero_video":"","hero_video_schema_markup":"","selling_points_title":"","selling_points_caption":"","selling_points":[],"selling_points_cta_text":"","features_title":"","features":"","ed_cta_examples_text":"","ed_cta_examples_hidden":"","ed_cta_demo_text":"","ed_cta_demo_hidden":"","why_caption":"","why_editor_title":"","why_editor_text":"","why_team_title":"","why_team_text":"","why_service_title":"","why_service_text":"","template_catalog_visible":"","template_catalog_title":"","template_catalog_text":"","template_catalog_categories_visible":"","demo_title":"Erstellen Sie Ihr Restaurantmen\u00fc-Addon","demo_caption":"Konfigurieren Sie Ihr Restaurantmen\u00fc und f\u00fcgen Sie es kostenlos Ihrer PrestaShop-Website hinzu!","default_faq_hidden":"","app_template_category":[],"platform":"3811","template_public_id":"","codecanyon_url":"","codecanyon_item_id":"","codecanyon_price":"","pricing_caption":"","pricing_elfsight_apps_hide_column":"","pricing_elfsight_apps_url":"","pricing_codecanyon_price_caption":"","integration_category":[],"integration_request_title":"","integration_request_cta":"","integration_platform":"","integrations":[],"platform_category":[],"video_schema_markup":"","price":"ab 0 $ \/ Monat","trial":"","benefits":[{"text":"Kostenlose Installationshilfe"},{"text":"Erfahrener Kundensupport"},{"text":"14-t\u00e4gige Geld-zur\u00fcck-Garantie"},{"text":"Fortlaufende Entwicklung"}],"button_url":"#demo","button_target_blank":"","button_nofollow":"","attributes":[{"name":"Installiert","content":"10,000 - 100,000"},{"name":"Reaktionsfreudig","content":"Ja"},{"name":"Kompatible Browser","content":"Firefox, Safari, Opera, Chrome, Edge"}],"tags":[],"tags_disable_links":"","hide_more_platforms":"","video_object":"","demo_hide_cta":"","demo_hide_cloud_options":"","pricing_title":"","pricing":[{"pricing_icon":"platform","pricing_title":"Elfsight Apps","pricing_title_caption":"Plattformunabh\u00e4ngige digitale L\u00f6sung","pricing_price":"ab 0 $ \/ Monat","pricing_price_caption":"Beginnen Sie mit einem kostenlosen Plan","pricing_benefits":[{"text":"Unbegrenzte Domains"},{"text":"Premium-Kundensupport"},{"text":"Kostenlose Installationsunterst\u00fctzung"},{"text":"Flexibles Design"}],"pricing_button_text":"Zur Website hinzuf\u00fcgen","pricing_button_url":"#demo"}],"related_apps_title":"","related_apps_hidden":"","author":"","image":[],"title":"","job":"","social_networks":[]},"_links":{"self":[{"href":"https:\/\/elfsight.com\/de\/wp-json\/wp\/v2\/pages\/9961","targetHints":{"allow":["GET"]}}],"collection":[{"href":"https:\/\/elfsight.com\/de\/wp-json\/wp\/v2\/pages"}],"about":[{"href":"https:\/\/elfsight.com\/de\/wp-json\/wp\/v2\/types\/page"}],"author":[{"embeddable":true,"href":"https:\/\/elfsight.com\/de\/wp-json\/wp\/v2\/users\/9"}],"replies":[{"embeddable":true,"href":"https:\/\/elfsight.com\/de\/wp-json\/wp\/v2\/comments?post=9961"}],"version-history":[{"count":2,"href":"https:\/\/elfsight.com\/de\/wp-json\/wp\/v2\/pages\/9961\/revisions"}],"predecessor-version":[{"id":21820,"href":"https:\/\/elfsight.com\/de\/wp-json\/wp\/v2\/pages\/9961\/revisions\/21820"}],"up":[{"embeddable":true,"href":"https:\/\/elfsight.com\/de\/wp-json\/wp\/v2\/pages\/2702"}],"wp:attachment":[{"href":"https:\/\/elfsight.com\/de\/wp-json\/wp\/v2\/media?parent=9961"}],"curies":[{"name":"wp","href":"https:\/\/api.w.org\/{rel}","templated":true}]}}