{"id":9956,"date":"1970-01-01T00:00:00","date_gmt":"1970-01-01T00:00:00","guid":{"rendered":"https:\/\/elfsight.com\/de\/?page_id=9956"},"modified":"2025-07-10T08:14:10","modified_gmt":"2025-07-10T08:14:10","slug":"jimdo","status":"publish","type":"page","link":"https:\/\/elfsight.com\/de\/restaurant-menu-widget\/jimdo\/","title":{"rendered":"Restaurant Menu &#8211; Jimdo"},"content":{"rendered":"<div class=\"application-platform-content-item-description application-platform-content-item\" id=\"description\" data-nav-section=\"description\"><h2>Beschreibung<\/h2> <p>Elfsight Restaurant Menu ist ein praktisches Instrument, um Ihr Sortiment direkt auf Ihrer Seite anzuzeigen. Dies ist eine gro\u00dfartige M\u00f6glichkeit, Ihren potenziellen Kunden von Ihren Angeboten zu erz\u00e4hlen, einzigartige Merkmale darzustellen und sie mit ansprechenden Essensbildern zu versehen. Die Speisekarte des Restaurants ist eher anpassbar. Mit ihm k\u00f6nnen Sie eine unbegrenzte Anzahl von Men\u00fcs mit einer gro\u00dfen Anzahl an Artikeln zusammenstellen. Oder pr\u00e4sentieren Sie einfach eine pr\u00e4gnante Liste der Gerichte, die Sie servieren. W\u00e4hlen Sie ein helles oder dunkles Schema oder passen Sie alle gew\u00fcnschten Elemente an und f\u00e4rben Sie alle Elemente neu. Au\u00dferdem bleibt Ihre Speisekarte immer aktuell: Sie k\u00f6nnen mit einem Klick Preise korrigieren, eine Artikelliste erstellen, neue Gerichte oder sogar Men\u00fcs hinzuf\u00fcgen! Keine statischen Men\u00fcs mehr, die Sie von Anfang an erstellen sollten. Beginnen Sie gleich jetzt mit der Erstellung Ihres faszinierenden Men\u00fcs. <\/p><p><b>Versuchen Sie, Restaurant Menu zu nutzen, um Ihre gesch\u00e4ftlichen Herausforderungen mit weniger Aufwand zu meistern! <\/b><br><\/div> <div class=\"application-platform-content-item-features application-platform-content-item\" id=\"features\" data-nav-section=\"features\"> <h2>Sehen Sie sich die Liste der n\u00fctzlichsten Funktionen an: <\/h2> <ul><li>Unbegrenzte Anzahl von Abschnitten, Elementen oder Men\u00fcs <\/li><li>Immer aktuelles und leicht zu \u00e4nderndes Men\u00fc<\/li><li>F\u00fcgen Sie Titel, Bildunterschriften und Fu\u00dfzeilentext hinzu<\/li><li>Zeigen Sie eine detaillierte Beschreibung der Artikel an, einschlie\u00dflich Abzeichen und N\u00e4hrwertangaben <\/li><li>Laden Sie Ihre eigenen Bilder f\u00fcr die Artikel hoch<\/li><li>Aktualisieren Sie alle Informationen jederzeit: Preise, saisonale Sonderangebote usw. <\/li><li>Passen Sie den Popup-Modus an und w\u00e4hlen Sie die gew\u00fcnschten Funktionen aus display<\/li><\/ul><p><a href=\"#demo\">Sie k\u00f6nnen jetzt die volle Funktionalit\u00e4t des Widgets in der Demo erkunden<\/a><\/p> <\/div> <div class=\"application-platform-content-item-installation application-platform-content-item\" id=\"installation\" data-nav-section=\"installation\"> <h2>Wie f\u00fcge ich das Restaurantmen\u00fc zu meiner Jimdo-Webseite hinzu? <\/h2> <p>Befolgen Sie einfach die nachstehenden Anweisungen, um das Tool zu integrieren. <\/p> <ol><li><b>Starten Sie unseren kostenlosen Editor und beginnen Sie mit der Gestaltung Ihres einzigartigen Instruments. <\/b><br> Bestimmen Sie die bevorzugte Benutzeroberfl\u00e4che und die Optionen des Widgets und wenden Sie die Korrekturen an. <\/li> <li><b>Kopieren Sie Ihren eindeutigen Code, der im Feld auf Elfsight Apps angezeigt wird. <\/b><br> Kopieren Sie unmittelbar nach Abschluss der Konfiguration Ihres pers\u00f6nlichen Widgets den pers\u00f6nlichen Code aus der Box und bewahren Sie ihn zur sp\u00e4teren Verwendung auf. <\/li> <li><b>Beginnen Sie mit der Nutzung des Tools auf Ihrer Jimdo-Website. <\/b><br> F\u00fcgen Sie den Code hinzu, den Sie k\u00fcrzlich auf Ihrer Website gespeichert haben, und speichern Sie die Korrekturen. <\/li> <li><b>Fertig! Die Einbettung ist vollst\u00e4ndig beendet. <\/b><br> Besuchen Sie Ihre Website, um die Funktionsweise des Widgets zu sehen. <\/li><\/ol> <p>Wenn Sie auf Schwierigkeiten sto\u00dfen, k\u00f6nnen Sie sich gerne an unsere Support-Mitarbeiter wenden. Unsere Spezialisten helfen Ihnen gerne bei allen Schwierigkeiten, die Sie mit dem Widget haben k\u00f6nnten. <\/p> <div class=\"faq\" data-component=\"FAQ\"><div class=\"faq-item\">\r\n\t\t\t\t\t<div class=\"faq-item-question\">\r\n\t\t\t\t\t\t<h3 class=\"faq-item-question-text\">Wie ist es m\u00f6glich, ein Restaurantmen\u00fc ohne Programmierkenntnisse zu meiner Jimdo-Website hinzuzuf\u00fcgen?<\/h3>\r\n\r\n\t\t\t\t\t\t<div class=\"faq-item-question-icon\"><\/div>\r\n\t\t\t\t\t<\/div>\r\n\r\n\t\t\t\t\t<div class=\"faq-item-answer\">\r\n\t\t\t\t\t\t<div class=\"faq-item-answer-text\"> <p>Elfsight bietet eine L\u00f6sung, die es Benutzern erm\u00f6glicht, selbst einen Restaurantmen\u00fcabschnitt zu erstellen Sehen Sie sich die einfache Anleitung an: Gehen Sie zur Live-Demo, um ein Restaurantmen\u00fc-Plugin zu erstellen, das Sie gerne auf Ihrer Jimdo-Website sehen w\u00fcrden. Entscheiden Sie sich f\u00fcr eine der vielen vorgefertigten Vorlagen und passen Sie die Restaurantmen\u00fc-Einstellungen an, aktualisieren Sie Ihre Inhalte, \u00e4ndern Sie das Layout und das Farbschema ohne Programmieraufwand. Klicken Sie hier, um die von Ihnen vorgenommenen Einstellungen im Restaurantmen\u00fc zu speichern und den Code des Plugins zum Einbetten zu kopieren, den Sie einfach kostenlos in die Jimdo-Website einbinden k\u00f6nnen. Mit dem unkomplizierten Editor kann jeder Webbenutzer online einen Restaurantmen\u00fc-Bereich erstellen und diesen problemlos in die Jimdo-Website einbinden. Um unseren Service nutzen zu k\u00f6nnen, ist es Ihnen nicht gestattet, zu bezahlen oder Ihre Kartendaten preiszugeben. Sollten bei irgendeinem Schritt Probleme auftreten, wenden Sie sich bitte an unser technisches Support-Team.<\/p> <\/div>\r\n\t\t\t\t\t<\/div>\r\n\t\t\t\t<\/div> <\/div><\/div>","protected":false},"excerpt":{"rendered":"","protected":false},"author":9,"featured_media":0,"parent":2702,"menu_order":0,"comment_status":"closed","ping_status":"closed","template":"templates\/template-application-platform.php","meta":{"publish_to_discourse":"","publish_post_category":"","wpdc_auto_publish_overridden":"","wpdc_topic_tags":"","wpdc_pin_topic":"","wpdc_pin_until":"","discourse_post_id":"","discourse_permalink":"","wpdc_publishing_response":"","wpdc_publishing_error":"","footnotes":""},"class_list":["post-9956","page","type-page","status-publish","hentry"],"yoast_head":"<!-- This site is optimized with the Yoast SEO plugin v25.3.1 - https:\/\/yoast.com\/wordpress\/plugins\/seo\/ -->\n<title>Restaurant-Men\u00fc f\u00fcr Jimdo-Websites \u2013 schnell und kostenlos<\/title>\n<meta name=\"description\" content=\"Integrieren Sie ein mobilfreundliches Restaurantmen\u00fc-Widget in Ihre Jimdo-Webseite. Probieren Sie die Elfsight-Demo aus und \u00e4ndern Sie Ihr Widget in nur wenigen Sekunden\" \/>\n<meta name=\"robots\" content=\"index, follow, max-snippet:-1, max-image-preview:large, max-video-preview:-1\" \/>\n<link rel=\"canonical\" href=\"https:\/\/elfsight.com\/de\/restaurant-menu-widget\/jimdo\/\" \/>\n<meta property=\"og:locale\" content=\"de_DE\" \/>\n<meta property=\"og:type\" content=\"article\" \/>\n<meta property=\"og:title\" content=\"Restaurant-Men\u00fc f\u00fcr Jimdo-Websites \u2013 schnell und kostenlos\" \/>\n<meta property=\"og:description\" content=\"Integrieren Sie ein mobilfreundliches Restaurantmen\u00fc-Widget in Ihre Jimdo-Webseite. Probieren Sie die Elfsight-Demo aus und \u00e4ndern Sie Ihr Widget in nur wenigen Sekunden\" \/>\n<meta property=\"og:url\" content=\"https:\/\/elfsight.com\/de\/restaurant-menu-widget\/jimdo\/\" \/>\n<meta property=\"og:site_name\" content=\"Elfsight DE\" \/>\n<meta property=\"article:modified_time\" content=\"2025-07-10T08:14:10+00:00\" \/>\n<meta name=\"twitter:card\" content=\"summary_large_image\" \/>\n<meta name=\"twitter:label1\" content=\"Gesch\u00e4tzte Lesezeit\" \/>\n\t<meta name=\"twitter:data1\" content=\"3\u00a0Minuten\" \/>\n<!-- \/ Yoast SEO plugin. -->","yoast_head_json":{"title":"Restaurant-Men\u00fc f\u00fcr Jimdo-Websites \u2013 schnell und kostenlos","description":"Integrieren Sie ein mobilfreundliches Restaurantmen\u00fc-Widget in Ihre Jimdo-Webseite. Probieren Sie die Elfsight-Demo aus und \u00e4ndern Sie Ihr Widget in nur wenigen Sekunden","robots":{"index":"index","follow":"follow","max-snippet":"max-snippet:-1","max-image-preview":"max-image-preview:large","max-video-preview":"max-video-preview:-1"},"canonical":"https:\/\/elfsight.com\/de\/restaurant-menu-widget\/jimdo\/","og_locale":"de_DE","og_type":"article","og_title":"Restaurant-Men\u00fc f\u00fcr Jimdo-Websites \u2013 schnell und kostenlos","og_description":"Integrieren Sie ein mobilfreundliches Restaurantmen\u00fc-Widget in Ihre Jimdo-Webseite. Probieren Sie die Elfsight-Demo aus und \u00e4ndern Sie Ihr Widget in nur wenigen Sekunden","og_url":"https:\/\/elfsight.com\/de\/restaurant-menu-widget\/jimdo\/","og_site_name":"Elfsight DE","article_modified_time":"2025-07-10T08:14:10+00:00","twitter_card":"summary_large_image","twitter_misc":{"Gesch\u00e4tzte Lesezeit":"3\u00a0Minuten"},"schema":{"@context":"https:\/\/schema.org","@graph":[{"@type":"WebPage","@id":"https:\/\/elfsight.com\/de\/restaurant-menu-widget\/jimdo\/","url":"https:\/\/elfsight.com\/de\/restaurant-menu-widget\/jimdo\/","name":"Restaurant-Men\u00fc f\u00fcr Jimdo-Websites \u2013 schnell und kostenlos","isPartOf":{"@id":"https:\/\/elfsight.com\/de\/#website"},"datePublished":"1970-01-01T00:00:00+00:00","dateModified":"2025-07-10T08:14:10+00:00","description":"Integrieren Sie ein mobilfreundliches Restaurantmen\u00fc-Widget in Ihre Jimdo-Webseite. Probieren Sie die Elfsight-Demo aus und \u00e4ndern Sie Ihr Widget in nur wenigen Sekunden","breadcrumb":{"@id":"https:\/\/elfsight.com\/de\/restaurant-menu-widget\/jimdo\/#breadcrumb"},"inLanguage":"de","potentialAction":[{"@type":"ReadAction","target":["https:\/\/elfsight.com\/de\/restaurant-menu-widget\/jimdo\/"]}]},{"@type":"BreadcrumbList","@id":"https:\/\/elfsight.com\/de\/restaurant-menu-widget\/jimdo\/#breadcrumb","itemListElement":[{"@type":"ListItem","position":1,"name":"Home","item":"https:\/\/elfsight.com\/de\/"},{"@type":"ListItem","position":2,"name":"Restaurant Menu","item":"https:\/\/elfsight.com\/de\/restaurant-menu-widget\/"},{"@type":"ListItem","position":3,"name":"Restaurant Menu &#8211; Jimdo"}]},{"@type":"WebSite","@id":"https:\/\/elfsight.com\/de\/#website","url":"https:\/\/elfsight.com\/de\/","name":"Elfsight DE","description":"Just another Elfsight Sites site","potentialAction":[{"@type":"SearchAction","target":{"@type":"EntryPoint","urlTemplate":"https:\/\/elfsight.com\/de\/?s={search_term_string}"},"query-input":{"@type":"PropertyValueSpecification","valueRequired":true,"valueName":"search_term_string"}}],"inLanguage":"de"}]}},"meta_box":{"industry":"","seo_heading":"","heading":"","description":"","cta_heading":"","cta_description":"","application":"514","h1":"Jimdo Restaurant-Men\u00fc-Widget","h1_caption":"Pr\u00e4sentieren Sie die Speisekarte Ihres Restaurants in einem optisch ansprechenden Format, das einfach zu aktualisieren und benutzerfreundlich ist und m\u00fchelos in Ihre Jimdo-Website integriert werden kann.","application_category":[],"applications_title":"","applications_request_title":"","applications_request_button_text":"","hero_text":"","hero_video":"","hero_video_schema_markup":"","selling_points_title":"","selling_points_caption":"","selling_points":[],"selling_points_cta_text":"","features_title":"","features":"","ed_cta_examples_text":"","ed_cta_examples_hidden":"","ed_cta_demo_text":"","ed_cta_demo_hidden":"","why_caption":"","why_editor_title":"","why_editor_text":"","why_team_title":"","why_team_text":"","why_service_title":"","why_service_text":"","template_catalog_visible":"","template_catalog_title":"","template_catalog_text":"","template_catalog_categories_visible":"","demo_title":"Erstellen Sie Ihr Restaurantmen\u00fc-Widget","demo_caption":"Konfigurieren Sie Ihr Restaurantmen\u00fc und f\u00fcgen Sie es kostenlos zu Ihrer Jimdo-Website hinzu!","default_faq_hidden":"","app_template_category":[],"platform":"239","template_public_id":"","codecanyon_url":"","codecanyon_item_id":"","codecanyon_price":"","pricing_caption":"","pricing_elfsight_apps_hide_column":"","pricing_elfsight_apps_url":"","pricing_codecanyon_price_caption":"","integration_category":[],"integration_request_title":"","integration_request_cta":"","integration_platform":"","integrations":[],"platform_category":[],"video_schema_markup":"","price":"ab 0 $ \/ Monat","trial":"","benefits":[{"text":"Kostenlose Installationshilfe"},{"text":"Effektiver Kundenservice"},{"text":"14-t\u00e4gige R\u00fcckerstattungsgarantie"},{"text":"St\u00e4ndige Aktualisierung"}],"button_url":"#demo","button_target_blank":"","button_nofollow":"","attributes":[{"name":"Installiert","content":"10,000 - 100,000"},{"name":"Reaktionsfreudig","content":"Ja"},{"name":"Kompatible Browser","content":"Firefox, Safari, Opera, Chrome, Edge"}],"tags":[],"tags_disable_links":"","hide_more_platforms":"","video_object":"","demo_hide_cta":"","demo_hide_cloud_options":"","pricing_title":"","pricing":[{"pricing_icon":"platform","pricing_title":"Elfsight Apps","pricing_title_caption":"Plattformunabh\u00e4ngige Software","pricing_price":"ab 0 $ \/ Monat","pricing_price_caption":"Beginnen Sie mit einem kostenlosen Plan","pricing_benefits":[{"text":"Unbegrenzte Domains"},{"text":"Premium-Support"},{"text":"Kostenlose Installationsunterst\u00fctzung"},{"text":"Vollst\u00e4ndig anpassbar"}],"pricing_button_text":"Zur Website hinzuf\u00fcgen","pricing_button_url":"#demo"}],"related_apps_title":"","related_apps_hidden":"","author":"","image":[],"title":"","job":"","social_networks":[]},"_links":{"self":[{"href":"https:\/\/elfsight.com\/de\/wp-json\/wp\/v2\/pages\/9956","targetHints":{"allow":["GET"]}}],"collection":[{"href":"https:\/\/elfsight.com\/de\/wp-json\/wp\/v2\/pages"}],"about":[{"href":"https:\/\/elfsight.com\/de\/wp-json\/wp\/v2\/types\/page"}],"author":[{"embeddable":true,"href":"https:\/\/elfsight.com\/de\/wp-json\/wp\/v2\/users\/9"}],"replies":[{"embeddable":true,"href":"https:\/\/elfsight.com\/de\/wp-json\/wp\/v2\/comments?post=9956"}],"version-history":[{"count":2,"href":"https:\/\/elfsight.com\/de\/wp-json\/wp\/v2\/pages\/9956\/revisions"}],"predecessor-version":[{"id":21819,"href":"https:\/\/elfsight.com\/de\/wp-json\/wp\/v2\/pages\/9956\/revisions\/21819"}],"up":[{"embeddable":true,"href":"https:\/\/elfsight.com\/de\/wp-json\/wp\/v2\/pages\/2702"}],"wp:attachment":[{"href":"https:\/\/elfsight.com\/de\/wp-json\/wp\/v2\/media?parent=9956"}],"curies":[{"name":"wp","href":"https:\/\/api.w.org\/{rel}","templated":true}]}}