{"id":9953,"date":"1970-01-01T00:00:00","date_gmt":"1970-01-01T00:00:00","guid":{"rendered":"https:\/\/elfsight.com\/de\/?page_id=9953"},"modified":"2025-02-14T13:08:12","modified_gmt":"2025-02-14T13:08:12","slug":"blogger","status":"publish","type":"page","link":"https:\/\/elfsight.com\/de\/radio-player-widget\/blogger\/","title":{"rendered":"Radio Player &#8211; Blogger"},"content":{"rendered":"\n<div class=\"application-platform-content-item-description application-platform-content-item\" id=\"description\" data-nav-section=\"description\"> <h2>Beschreibung<\/h2> <p>Elfsight Player ist ein einfaches Widget, mit dem Sie Radiosender direkt auf Ihrer Webseite streamen k\u00f6nnen. Das Tool ist \u00e4u\u00dferst ver\u00e4nderbar: Sie k\u00f6nnen seine Position \u00e4ndern, es an einer beliebigen Stelle auf der Seite platzieren, seine Gr\u00f6\u00dfe \u00e4ndern, den Hintergrund und alle anderen Teile neu zeichnen, um es mit dem Stil Ihrer Website zu kombinieren, ein dunkles Farbschema anwenden, Bilder demonstrieren und drei demonstrieren oder verbergen zus\u00e4tzliche Spielerkomponenten wie Titel, Status und andere. Sie k\u00f6nnen so viele Sender hochladen, wie Sie m\u00f6chten, um Ihre Benutzer zu begeistern, schalten Sie die automatische Wiedergabe ein und stellen Sie sicher, dass Ihr Publikum Ihre Website nicht in Eile verl\u00e4sst! <\/p> <p><b>Pr\u00e4sentieren Sie Ihren Benutzern eine weitere Quelle hilfreicher und interessanter Inhalte mit Elfsight Streaming Radio f\u00fcr Blogger<\/b><\/p> <\/div> <div class=\"application-platform-content-item-features application-platform-content-item\" id=\"features\" data-nav-section=\"features\"> <h2> Hier sind die wichtigsten Funktionen des Widgets:<\/h2> <ul><li>Zahlreiche Farbvariationen.<\/li><li>Dunkel-\/Hell-Farbthema.<\/li><li>Zwei Layouts anwendbar.<\/li> <li>M\u00f6glichkeit, ein Hintergrundbild hinzuzuf\u00fcgen.<\/li><li>F\u00fcgen Sie eine unendliche Anzahl von Stationen hinzu.<\/li><\/ul><p><a href=\"#demo\">Entdecken Sie alle Personalisierungsfunktionen zu 100 % Funktionsdemo<\/a><\/p> <\/div> <div class=\"application-platform-content-item-installation application-platform-content-item\" id=\"installation\" data-nav-section=\"installation\"> <h2>Wie kann ich Radio Player in meine Blogger-Webseite einbetten?<\/h2> <div class=\"video-container\"><iframe width=\"560\" height=\"315\" src=\"https:\/\/www.youtube.com\/embed\/TGUTfHUOukk?si=KLZkFON59iBVwBFP\" frameborder=\"0\" allow=\"accelerometer; autoplay; clipboard-write; encrypted-media; gyroscope; picture-in-picture; web-share\" allowfullscreen><\/iframe><\/div><p>Einfach nehmen F\u00fchren Sie die folgenden Schritte aus, um mit der Verwendung des Tools zu beginnen.<\/p> <ol><li><b>Verwalten Sie unseren kostenlosen Konfigurator und beginnen Sie mit der Erstellung Ihres benutzerdefinierten Widgets.<\/b><br> W\u00e4hlen Sie das bevorzugte Aussehen und die bevorzugten Aspekte des Plugins und \u00fcbernehmen Sie die \u00c4nderungen.<\/li> <li><b>Erhalten Sie Ihren individuellen Code, der in dem speziellen Formular auf Elfsight Apps angezeigt wird.<\/b><br> Sobald die Einrichtung Ihres Plugins abgeschlossen ist, kopieren Sie den pers\u00f6nlichen Code Klicken Sie im angezeigten Popup auf und speichern Sie es f\u00fcr sp\u00e4ter.<\/li> <li><b>Beginnen Sie mit der Anwendung des Streaming-Radios auf Ihrer Blogger-Seite.<\/b><br> Implementieren Sie den k\u00fcrzlich auf Ihrer Seite gespeicherten Code und f\u00fchren Sie ihn aus die Verbesserungen. <\/li> <li><b>Du bist fertig! Die Einbettung wurde erfolgreich abgeschlossen.<\/b><br> Besuchen Sie Ihre Website, um die Leistung des Plugins zu \u00fcberpr\u00fcfen.<\/li><\/ol> <p>Wenn Sie Fragen haben oder auf Hindernisse sto\u00dfen, wenden Sie sich bitte an unsere Support-Mitarbeiter. Unsere Berater helfen Ihnen gerne bei allen Problemen, die Sie mit dem Produkt haben.<\/p> <\/div>\n","protected":false},"excerpt":{"rendered":"","protected":false},"author":9,"featured_media":0,"parent":2242,"menu_order":0,"comment_status":"closed","ping_status":"closed","template":"templates\/template-application-platform.php","meta":{"publish_to_discourse":"","publish_post_category":"","wpdc_auto_publish_overridden":"","wpdc_topic_tags":"","wpdc_pin_topic":"","wpdc_pin_until":"","discourse_post_id":"","discourse_permalink":"","wpdc_publishing_response":"","wpdc_publishing_error":"","footnotes":""},"class_list":["post-9953","page","type-page","status-publish","hentry"],"yoast_head":"<!-- This site is optimized with the Yoast SEO plugin v25.3.1 - https:\/\/yoast.com\/wordpress\/plugins\/seo\/ -->\n<title>Streaming-Radio-Player-Widget f\u00fcr die Blogger-Website (kostenlos und einfach)<\/title>\n<meta name=\"description\" content=\"Betten Sie ein Streaming-Radio-Player-Widget in Ihre Blogger-Website ein. Nutzen Sie unsere praktische Demo und erstellen Sie m\u00fchelos Ihr Radio-Plugin!\" \/>\n<meta name=\"robots\" content=\"index, follow, max-snippet:-1, max-image-preview:large, max-video-preview:-1\" \/>\n<link rel=\"canonical\" href=\"https:\/\/elfsight.com\/de\/radio-player-widget\/blogger\/\" \/>\n<meta property=\"og:locale\" content=\"de_DE\" \/>\n<meta property=\"og:type\" content=\"article\" \/>\n<meta property=\"og:title\" content=\"Streaming-Radio-Player-Widget f\u00fcr die Blogger-Website (kostenlos und einfach)\" \/>\n<meta property=\"og:description\" content=\"Betten Sie ein Streaming-Radio-Player-Widget in Ihre Blogger-Website ein. Nutzen Sie unsere praktische Demo und erstellen Sie m\u00fchelos Ihr Radio-Plugin!\" \/>\n<meta property=\"og:url\" content=\"https:\/\/elfsight.com\/de\/radio-player-widget\/blogger\/\" \/>\n<meta property=\"og:site_name\" content=\"Elfsight DE\" \/>\n<meta property=\"article:modified_time\" content=\"2025-02-14T13:08:12+00:00\" \/>\n<meta name=\"twitter:card\" content=\"summary_large_image\" \/>\n<meta name=\"twitter:label1\" content=\"Gesch\u00e4tzte Lesezeit\" \/>\n\t<meta name=\"twitter:data1\" content=\"2\u00a0Minuten\" \/>\n<!-- \/ Yoast SEO plugin. -->","yoast_head_json":{"title":"Streaming-Radio-Player-Widget f\u00fcr die Blogger-Website (kostenlos und einfach)","description":"Betten Sie ein Streaming-Radio-Player-Widget in Ihre Blogger-Website ein. Nutzen Sie unsere praktische Demo und erstellen Sie m\u00fchelos Ihr Radio-Plugin!","robots":{"index":"index","follow":"follow","max-snippet":"max-snippet:-1","max-image-preview":"max-image-preview:large","max-video-preview":"max-video-preview:-1"},"canonical":"https:\/\/elfsight.com\/de\/radio-player-widget\/blogger\/","og_locale":"de_DE","og_type":"article","og_title":"Streaming-Radio-Player-Widget f\u00fcr die Blogger-Website (kostenlos und einfach)","og_description":"Betten Sie ein Streaming-Radio-Player-Widget in Ihre Blogger-Website ein. Nutzen Sie unsere praktische Demo und erstellen Sie m\u00fchelos Ihr Radio-Plugin!","og_url":"https:\/\/elfsight.com\/de\/radio-player-widget\/blogger\/","og_site_name":"Elfsight DE","article_modified_time":"2025-02-14T13:08:12+00:00","twitter_card":"summary_large_image","twitter_misc":{"Gesch\u00e4tzte Lesezeit":"2\u00a0Minuten"},"schema":{"@context":"https:\/\/schema.org","@graph":[{"@type":"WebPage","@id":"https:\/\/elfsight.com\/de\/radio-player-widget\/blogger\/","url":"https:\/\/elfsight.com\/de\/radio-player-widget\/blogger\/","name":"Streaming-Radio-Player-Widget f\u00fcr die Blogger-Website (kostenlos und einfach)","isPartOf":{"@id":"https:\/\/elfsight.com\/de\/#website"},"datePublished":"1970-01-01T00:00:00+00:00","dateModified":"2025-02-14T13:08:12+00:00","description":"Betten Sie ein Streaming-Radio-Player-Widget in Ihre Blogger-Website ein. Nutzen Sie unsere praktische Demo und erstellen Sie m\u00fchelos Ihr Radio-Plugin!","breadcrumb":{"@id":"https:\/\/elfsight.com\/de\/radio-player-widget\/blogger\/#breadcrumb"},"inLanguage":"de","potentialAction":[{"@type":"ReadAction","target":["https:\/\/elfsight.com\/de\/radio-player-widget\/blogger\/"]}]},{"@type":"BreadcrumbList","@id":"https:\/\/elfsight.com\/de\/radio-player-widget\/blogger\/#breadcrumb","itemListElement":[{"@type":"ListItem","position":1,"name":"Home","item":"https:\/\/elfsight.com\/de\/"},{"@type":"ListItem","position":2,"name":"Radio Player","item":"https:\/\/elfsight.com\/de\/radio-player-widget\/"},{"@type":"ListItem","position":3,"name":"Radio Player &#8211; Blogger"}]},{"@type":"WebSite","@id":"https:\/\/elfsight.com\/de\/#website","url":"https:\/\/elfsight.com\/de\/","name":"Elfsight DE","description":"Just another Elfsight Sites site","potentialAction":[{"@type":"SearchAction","target":{"@type":"EntryPoint","urlTemplate":"https:\/\/elfsight.com\/de\/?s={search_term_string}"},"query-input":{"@type":"PropertyValueSpecification","valueRequired":true,"valueName":"search_term_string"}}],"inLanguage":"de"}]}},"meta_box":{"industry":"","seo_heading":"","heading":"","description":"","cta_heading":"","cta_description":"","application":"2241","h1":"Blogger-Radio-Player-Widget","h1_caption":"F\u00fcgen Sie Ihrer Website einen Live-Radiostream mit einem anpassbaren Player hinzu, der Ihr Branding m\u00fchelos in Ihre Blogger-Website einf\u00fcgt.","application_category":[],"applications_title":"","applications_request_title":"","applications_request_button_text":"","hero_text":"","hero_video":"","hero_video_schema_markup":"","selling_points_title":"","selling_points_caption":"","selling_points":[],"selling_points_cta_text":"","features_title":"","features":"","ed_cta_examples_text":"","ed_cta_examples_hidden":"","ed_cta_demo_text":"","ed_cta_demo_hidden":"","why_caption":"","why_editor_title":"","why_editor_text":"","why_team_title":"","why_team_text":"","why_service_title":"","why_service_text":"","template_catalog_visible":"0","template_catalog_title":"","template_catalog_text":"","template_catalog_categories_visible":"","demo_title":"Erstellen Sie Ihr Radio-Player-Widget","demo_caption":"Konfigurieren Sie Ihren Radio-Player und f\u00fcgen Sie ihn kostenlos zu Ihrer Blogger-Website hinzu!","default_faq_hidden":"","app_template_category":[],"platform":"262","template_public_id":"","codecanyon_url":"","codecanyon_item_id":"","codecanyon_price":"","pricing_caption":"","pricing_elfsight_apps_hide_column":"","pricing_elfsight_apps_url":"","pricing_codecanyon_price_caption":"","integration_category":[],"integration_request_title":"","integration_request_cta":"","integration_platform":"","integrations":[],"platform_category":[],"video_schema_markup":"","price":"ab 0 $ \/ Monat","trial":"","benefits":[{"text":"Kostenlose Installationshilfe"},{"text":"Effektiver Kundenservice"},{"text":"14-t\u00e4gige R\u00fcckerstattungsgarantie"},{"text":"Lebenslange kostenlose Updates"}],"button_url":"#demo","button_target_blank":"0","button_nofollow":"0","attributes":[{"name":"Installiert","content":"10,000 - 100,000"},{"name":"Reaktionsfreudig","content":"Ja"},{"name":"Kompatible Browser","content":"Firefox, Safari, Opera, Chrome, Edge"}],"tags":[],"tags_disable_links":"0","hide_more_platforms":"0","video_object":"","demo_hide_cta":"0","demo_hide_cloud_options":"0","pricing_title":"","pricing":[{"pricing_icon":"platform","pricing_title":"Elfsight Apps","pricing_title_caption":"Multiplattform-Version, die auf jeder Site funktioniert","pricing_price":"ab 0 $ \/ Monat","pricing_price_caption":"Beginnen Sie mit einem kostenlosen Plan","pricing_benefits":[{"text":"Unbegrenzte Domains"},{"text":"Professionelle Unterst\u00fctzung und gut dokumentiert"},{"text":"Kostenloser Installationsservice"},{"text":"Vollst\u00e4ndig anpassbar"}],"pricing_button_text":"Zur Website hinzuf\u00fcgen","pricing_button_url":"#demo"}],"related_apps_title":"","related_apps_hidden":"0","author":"","image":[],"title":"","job":"","social_networks":[]},"_links":{"self":[{"href":"https:\/\/elfsight.com\/de\/wp-json\/wp\/v2\/pages\/9953","targetHints":{"allow":["GET"]}}],"collection":[{"href":"https:\/\/elfsight.com\/de\/wp-json\/wp\/v2\/pages"}],"about":[{"href":"https:\/\/elfsight.com\/de\/wp-json\/wp\/v2\/types\/page"}],"author":[{"embeddable":true,"href":"https:\/\/elfsight.com\/de\/wp-json\/wp\/v2\/users\/9"}],"replies":[{"embeddable":true,"href":"https:\/\/elfsight.com\/de\/wp-json\/wp\/v2\/comments?post=9953"}],"version-history":[{"count":3,"href":"https:\/\/elfsight.com\/de\/wp-json\/wp\/v2\/pages\/9953\/revisions"}],"predecessor-version":[{"id":24204,"href":"https:\/\/elfsight.com\/de\/wp-json\/wp\/v2\/pages\/9953\/revisions\/24204"}],"up":[{"embeddable":true,"href":"https:\/\/elfsight.com\/de\/wp-json\/wp\/v2\/pages\/2242"}],"wp:attachment":[{"href":"https:\/\/elfsight.com\/de\/wp-json\/wp\/v2\/media?parent=9953"}],"curies":[{"name":"wp","href":"https:\/\/api.w.org\/{rel}","templated":true}]}}