{"id":9946,"date":"1970-01-01T00:00:00","date_gmt":"1970-01-01T00:00:00","guid":{"rendered":"https:\/\/elfsight.com\/de\/?page_id=9946"},"modified":"2025-02-14T14:56:20","modified_gmt":"2025-02-14T14:56:20","slug":"elementor","status":"publish","type":"page","link":"https:\/\/elfsight.com\/de\/radio-player-widget\/elementor\/","title":{"rendered":"Radio Player &#8211; Elementor"},"content":{"rendered":"\n<div class=\"application-platform-content-item-description application-platform-content-item\" id=\"description\" data-nav-section=\"description\"> <h2>Radio Player mit dem Elfsight-Widget in Elementor einbetten<\/h2> <p>Elfsight Player ist ein unkompliziertes Widget, das Ihnen die M\u00f6glichkeit gibt, Radio abzuspielen Stationen direkt auf den Seiten Ihrer Website. Das Plugin ist hochgradig anpassbar: Sie k\u00f6nnen seine Position \u00e4ndern, es an einer beliebigen Stelle auf der Seite platzieren, seine Gr\u00f6\u00dfe \u00e4ndern, den Hintergrund und andere Teile \u00fcberarbeiten, um es mit dem Stil Ihrer Website zu vermischen, ein dunkles Farbschema verwenden, Bilder anzeigen und vieles mehr drei zus\u00e4tzliche Spielerelemente wie Titel, Status und mehr anzeigen oder verbergen. Laden Sie so viele Sender hoch, wie Sie ben\u00f6tigen, um Ihre Benutzer zu begeistern, schalten Sie die Autoplay-Option ein und haben Sie keinen Zweifel \u2013 Ihre Besucher werden Ihre Webseite nicht sofort verlassen! <\/p> <p><b>Stellen Sie Ihren Benutzern mit dem Elfsight Radio Player f\u00fcr Elementor eine neue Quelle hilfreicher und interessanter Inhalte zur Verf\u00fcgung<\/b><\/p> <\/div> <div class=\"application-platform-content-item-features application-platform-content-item\" id=\"features\" data-nav-section=\"features\"> <h2> Sehen Sie sich die Liste der n\u00fctzlichsten Funktionen an: <\/h2> <ul><li>Unbegrenzte Farbvariationen.<\/li><li>Dunkel-\/Hell-Farbschema.<\/li><li>2 gebrauchsfertige Layouts.<\/li><li>Eine Option zum Anh\u00e4ngen eines Hintergrundbilds.<\/li><li>F\u00fcgen Sie eine unbegrenzte Anzahl von Stationen hinzu.<\/li><\/ul><p><a href=\"#demo\">Sie k\u00f6nnen das entdecken Vollst\u00e4ndige Funktionen des Widgets in der Demo <\/a><\/p> <\/div> <div class=\"application-platform-content-item-installation application-platform-content-item\" id=\"installation\" data-nav-section=\"installation\"> <h2>Wie kann ich Radio Player zu meiner Elementor-Site hinzuf\u00fcgen?<\/h2><div class=\"\u201evideo-container\u201c\"><iframe width=\"560\" height=\"315\" src=\"https:\/\/www.youtube.com\/embed\/jqhwmGwQQZU?si=78SqVQEGo15pwgLg\" frameborder=\"0\" allow=\"accelerometer; autoplay; clipboard-write; encrypted-media; gyroscope; picture-in-picture; web-share\" allowfullscreen><\/iframe><\/div><p>F\u00fchren Sie einfach die unten aufgef\u00fchrten Schritte aus, um das Widget einzubetten.<\/p> <ol><li><b>Nutzen Sie unsere kostenlose Demo und beginnen Sie mit der Erstellung Ihres eigenen Widgets.<\/b><br> Bestimmen Sie die benutzerdefinierte Form und Aspekte des Plugins und \u00fcbernehmen Sie die \u00c4nderungen.<\/li> <li><b>Kopieren Sie den im Fenster von Elfsight Apps angezeigten pers\u00f6nlichen Code.<\/b><br> Bei der Einrichtung Ihres pers\u00f6nlichen Wenn das Plugin fertig ist, kopieren Sie den individuellen Code aus dem erscheinenden Fenster und speichern Sie ihn f\u00fcr einen sp\u00e4teren Bedarf.<\/li> <li><b>Beginnen Sie mit der Verwendung des Widgets auf der Elementor-Site.<\/b><br> Implementieren Sie den kopierten Plugin-Code vorher in Ihrer Seite und speichern Sie die Korrekturen.<\/li> <li><b>Fertig! Die Integration wurde erfolgreich durchgef\u00fchrt.<\/b><br> Besuchen Sie Ihre Website, um die Funktion des Plugins zu \u00fcberpr\u00fcfen.<\/li><\/ol> <p>Z\u00f6gern Sie nicht, auf Anfragen zu sto\u00dfen oder auf Schwierigkeiten zu sto\u00dfen um unser Support-Team zu kontaktieren. Unsere Berater helfen Ihnen gerne bei allen Fragen, die Sie zum Widget haben.<\/p> <div class=\"faq\" data-component=\"FAQ\"><div class=\"faq-item\">\r\n\t\t\t\t\t<div class=\"faq-item-question\">\r\n\t\t\t\t\t\t<h3 class=\"faq-item-question-text\">Wie kann ich ein Radio-Player-Widget auf meiner Elementor-Website einf\u00fcgen, ohne Programmierkenntnisse?<\/h3>\r\n\r\n\t\t\t\t\t\t<div class=\"faq-item-question-icon\"><\/div>\r\n\t\t\t\t\t<\/div>\r\n\r\n\t\t\t\t\t<div class=\"faq-item-answer\">\r\n\t\t\t\t\t\t<div class=\"faq-item-answer-text\"><p>Mit der cloudbasierten L\u00f6sung von Elfsight k\u00f6nnen Sie ganz einfach ein Radio-Player-Widget erstellen, ohne dass technische Kenntnisse erforderlich sind. So funktioniert es:<\/p>\n\n<li>\u00d6ffnen Sie den Online-Editor, um den Bereich f\u00fcr das Radio-Player-Widget zu gestalten, den Sie auf Ihrer Elementor-Website integrieren m\u00f6chten.<\/li>\n\n<li>W\u00e4hlen Sie aus unseren vorgefertigten Vorlagen und passen Sie die Widget-Einstellungen an \u2013 \u00e4ndern Sie Layout, Farben und f\u00fcgen Sie Ihre Inhalte ein, ganz ohne Codierung.<\/li>\n\n<li>Speichern Sie Ihre Anpassungen und holen Sie sich den Code, der problemlos und kostenlos in Ihre Elementor-Seite eingef\u00fcgt werden kann.<\/li>\n\n<p>Mit dem benutzerfreundlichen Editor k\u00f6nnen selbst Anf\u00e4nger ein Radio-Player-Widget erstellen und auf ihrer Website integrieren. Es sind keine Zahlungen oder die Eingabe von Kartendaten erforderlich. Bei Fragen oder Problemen steht Ihnen unser Kundenservice jederzeit zur Verf\u00fcgung.<\/p><\/div>\r\n\t\t\t\t\t<\/div>\r\n\t\t\t\t<\/div><\/div><\/div>\n","protected":false},"excerpt":{"rendered":"","protected":false},"author":9,"featured_media":0,"parent":2242,"menu_order":0,"comment_status":"closed","ping_status":"closed","template":"templates\/template-application-platform.php","meta":{"publish_to_discourse":"","publish_post_category":"","wpdc_auto_publish_overridden":"","wpdc_topic_tags":"","wpdc_pin_topic":"","wpdc_pin_until":"","discourse_post_id":"","discourse_permalink":"","wpdc_publishing_response":"","wpdc_publishing_error":"","footnotes":""},"class_list":["post-9946","page","type-page","status-publish","hentry"],"yoast_head":"<!-- This site is optimized with the Yoast SEO plugin v25.3.1 - https:\/\/yoast.com\/wordpress\/plugins\/seo\/ -->\n<title>Elfsight Radio Player f\u00fcr die Elementor-Website (kostenlos und schnell)<\/title>\n<meta name=\"description\" content=\"F\u00fcgen Sie Ihrer Website ein responsives Radio-Player-Widget hinzu. Nutzen Sie unsere praktische Demo und formen Sie Ihr Werkzeug m\u00fchelos!\" \/>\n<meta name=\"robots\" content=\"index, follow, max-snippet:-1, max-image-preview:large, max-video-preview:-1\" \/>\n<link rel=\"canonical\" href=\"https:\/\/elfsight.com\/de\/radio-player-widget\/elementor\/\" \/>\n<meta property=\"og:locale\" content=\"de_DE\" \/>\n<meta property=\"og:type\" content=\"article\" \/>\n<meta property=\"og:title\" content=\"Elfsight Radio Player f\u00fcr die Elementor-Website (kostenlos und schnell)\" \/>\n<meta property=\"og:description\" content=\"F\u00fcgen Sie Ihrer Website ein responsives Radio-Player-Widget hinzu. Nutzen Sie unsere praktische Demo und formen Sie Ihr Werkzeug m\u00fchelos!\" \/>\n<meta property=\"og:url\" content=\"https:\/\/elfsight.com\/de\/radio-player-widget\/elementor\/\" \/>\n<meta property=\"og:site_name\" content=\"Elfsight DE\" \/>\n<meta property=\"article:modified_time\" content=\"2025-02-14T14:56:20+00:00\" \/>\n<meta name=\"twitter:card\" content=\"summary_large_image\" \/>\n<meta name=\"twitter:label1\" content=\"Gesch\u00e4tzte Lesezeit\" \/>\n\t<meta name=\"twitter:data1\" content=\"3\u00a0Minuten\" \/>\n<!-- \/ Yoast SEO plugin. -->","yoast_head_json":{"title":"Elfsight Radio Player f\u00fcr die Elementor-Website (kostenlos und schnell)","description":"F\u00fcgen Sie Ihrer Website ein responsives Radio-Player-Widget hinzu. Nutzen Sie unsere praktische Demo und formen Sie Ihr Werkzeug m\u00fchelos!","robots":{"index":"index","follow":"follow","max-snippet":"max-snippet:-1","max-image-preview":"max-image-preview:large","max-video-preview":"max-video-preview:-1"},"canonical":"https:\/\/elfsight.com\/de\/radio-player-widget\/elementor\/","og_locale":"de_DE","og_type":"article","og_title":"Elfsight Radio Player f\u00fcr die Elementor-Website (kostenlos und schnell)","og_description":"F\u00fcgen Sie Ihrer Website ein responsives Radio-Player-Widget hinzu. Nutzen Sie unsere praktische Demo und formen Sie Ihr Werkzeug m\u00fchelos!","og_url":"https:\/\/elfsight.com\/de\/radio-player-widget\/elementor\/","og_site_name":"Elfsight DE","article_modified_time":"2025-02-14T14:56:20+00:00","twitter_card":"summary_large_image","twitter_misc":{"Gesch\u00e4tzte Lesezeit":"3\u00a0Minuten"},"schema":{"@context":"https:\/\/schema.org","@graph":[{"@type":"WebPage","@id":"https:\/\/elfsight.com\/de\/radio-player-widget\/elementor\/","url":"https:\/\/elfsight.com\/de\/radio-player-widget\/elementor\/","name":"Elfsight Radio Player f\u00fcr die Elementor-Website (kostenlos und schnell)","isPartOf":{"@id":"https:\/\/elfsight.com\/de\/#website"},"datePublished":"1970-01-01T00:00:00+00:00","dateModified":"2025-02-14T14:56:20+00:00","description":"F\u00fcgen Sie Ihrer Website ein responsives Radio-Player-Widget hinzu. Nutzen Sie unsere praktische Demo und formen Sie Ihr Werkzeug m\u00fchelos!","breadcrumb":{"@id":"https:\/\/elfsight.com\/de\/radio-player-widget\/elementor\/#breadcrumb"},"inLanguage":"de","potentialAction":[{"@type":"ReadAction","target":["https:\/\/elfsight.com\/de\/radio-player-widget\/elementor\/"]}]},{"@type":"BreadcrumbList","@id":"https:\/\/elfsight.com\/de\/radio-player-widget\/elementor\/#breadcrumb","itemListElement":[{"@type":"ListItem","position":1,"name":"Home","item":"https:\/\/elfsight.com\/de\/"},{"@type":"ListItem","position":2,"name":"Radio Player","item":"https:\/\/elfsight.com\/de\/radio-player-widget\/"},{"@type":"ListItem","position":3,"name":"Radio Player &#8211; Elementor"}]},{"@type":"WebSite","@id":"https:\/\/elfsight.com\/de\/#website","url":"https:\/\/elfsight.com\/de\/","name":"Elfsight DE","description":"Just another Elfsight Sites site","potentialAction":[{"@type":"SearchAction","target":{"@type":"EntryPoint","urlTemplate":"https:\/\/elfsight.com\/de\/?s={search_term_string}"},"query-input":{"@type":"PropertyValueSpecification","valueRequired":true,"valueName":"search_term_string"}}],"inLanguage":"de"}]}},"meta_box":{"industry":"","seo_heading":"","heading":"","description":"","cta_heading":"","cta_description":"","application":"2241","h1":"Elementor Radio Player-Widget","h1_caption":"F\u00fcgen Sie Ihrer Website einen Live-Radiostream mit einem anpassbaren Player hinzu, der Ihr Branding m\u00fchelos in Ihre Elementor-Website einf\u00fcgt.","application_category":[],"applications_title":"","applications_request_title":"","applications_request_button_text":"","hero_text":"","hero_video":"","hero_video_schema_markup":"","selling_points_title":"","selling_points_caption":"","selling_points":[],"selling_points_cta_text":"","features_title":"","features":"","ed_cta_examples_text":"","ed_cta_examples_hidden":"","ed_cta_demo_text":"","ed_cta_demo_hidden":"","why_caption":"","why_editor_title":"","why_editor_text":"","why_team_title":"","why_team_text":"","why_service_title":"","why_service_text":"","template_catalog_visible":"0","template_catalog_title":"","template_catalog_text":"","template_catalog_categories_visible":"","demo_title":"Erstellen Sie Ihr Radio-Player-Widget","demo_caption":"Konfigurieren Sie Ihren Radio-Player und f\u00fcgen Sie ihn kostenlos zu Ihrer Elementor-Website hinzu!","default_faq_hidden":"","app_template_category":[],"platform":"223","template_public_id":"","codecanyon_url":"","codecanyon_item_id":"","codecanyon_price":"","pricing_caption":"","pricing_elfsight_apps_hide_column":"","pricing_elfsight_apps_url":"","pricing_codecanyon_price_caption":"","integration_category":[],"integration_request_title":"","integration_request_cta":"","integration_platform":"","integrations":[],"platform_category":[],"video_schema_markup":"","price":"ab 0 $ \/ Monat","trial":"","benefits":[{"text":"Kostenlose Installationsunterst\u00fctzung"},{"text":"Au\u00dfergew\u00f6hnlicher Support"},{"text":"14-t\u00e4gige R\u00fcckerstattungsgarantie"},{"text":"Kontinuierliche Verbesserungen"}],"button_url":"#demo","button_target_blank":"0","button_nofollow":"0","attributes":[{"name":"Installiert","content":"10,000 - 100,000"},{"name":"Reaktionsfreudig","content":"Ja"},{"name":"Kompatible Browser","content":"Firefox, Safari, Opera, Chrome, Edge"}],"tags":[],"tags_disable_links":"0","hide_more_platforms":"0","video_object":"","demo_hide_cta":"0","demo_hide_cloud_options":"0","pricing_title":"","pricing":[{"pricing_icon":"platform","pricing_title":"Elfsight Apps","pricing_title_caption":"Plattformunabh\u00e4ngige Software, die auf jeder Website funktioniert","pricing_price":"ab 0 $ \/ Monat","pricing_price_caption":"Beginnen Sie mit einem kostenlosen Plan","pricing_benefits":[{"text":"Unbegrenzte Websites"},{"text":"Support rund um die Uhr"},{"text":"Kostenlose Installationsunterst\u00fctzung"},{"text":"Tolles Angebot f\u00fcr mehrere Apps"}],"pricing_button_text":"Zur Website hinzuf\u00fcgen","pricing_button_url":"#demo"}],"related_apps_title":"","related_apps_hidden":"0","author":"","image":[],"title":"","job":"","social_networks":[]},"_links":{"self":[{"href":"https:\/\/elfsight.com\/de\/wp-json\/wp\/v2\/pages\/9946","targetHints":{"allow":["GET"]}}],"collection":[{"href":"https:\/\/elfsight.com\/de\/wp-json\/wp\/v2\/pages"}],"about":[{"href":"https:\/\/elfsight.com\/de\/wp-json\/wp\/v2\/types\/page"}],"author":[{"embeddable":true,"href":"https:\/\/elfsight.com\/de\/wp-json\/wp\/v2\/users\/9"}],"replies":[{"embeddable":true,"href":"https:\/\/elfsight.com\/de\/wp-json\/wp\/v2\/comments?post=9946"}],"version-history":[{"count":3,"href":"https:\/\/elfsight.com\/de\/wp-json\/wp\/v2\/pages\/9946\/revisions"}],"predecessor-version":[{"id":24217,"href":"https:\/\/elfsight.com\/de\/wp-json\/wp\/v2\/pages\/9946\/revisions\/24217"}],"up":[{"embeddable":true,"href":"https:\/\/elfsight.com\/de\/wp-json\/wp\/v2\/pages\/2242"}],"wp:attachment":[{"href":"https:\/\/elfsight.com\/de\/wp-json\/wp\/v2\/media?parent=9946"}],"curies":[{"name":"wp","href":"https:\/\/api.w.org\/{rel}","templated":true}]}}