{"id":9940,"date":"1970-01-01T00:00:00","date_gmt":"1970-01-01T00:00:00","guid":{"rendered":"https:\/\/elfsight.com\/de\/?page_id=9940"},"modified":"2025-07-10T08:13:07","modified_gmt":"2025-07-10T08:13:07","slug":"jquery","status":"publish","type":"page","link":"https:\/\/elfsight.com\/de\/radio-player-widget\/jquery\/","title":{"rendered":"Radio Player &#8211; jQuery"},"content":{"rendered":"<div class=\"application-platform-content-item-description application-platform-content-item\" id=\"description\" data-nav-section=\"description\"> <h2>Beschreibung<\/h2> <p>Elfsight Radio ist ein einfaches Plugin, das Ihnen die M\u00f6glichkeit gibt, Radiosender direkt auf den Seiten Ihrer Website abzuspielen . Das Widget ist vollst\u00e4ndig ver\u00e4nderbar: Sie k\u00f6nnen seine Position \u00e4ndern, es an einer beliebigen Stelle auf der Seite platzieren, seine Gr\u00f6\u00dfe skalieren, den Hintergrund und alle anderen Elemente neu streichen, um es mit dem Design Ihrer Website zu verschmelzen, ein dunkles Farbschema verwenden, Cover zeigen und anzeigen usw Verstecke drei andere Spielerteile wie Titel, Status und andere. Binden Sie so viele Stationen ein, wie Sie m\u00f6chten, um Ihre Besucher zu begeistern, schalten Sie die Autoplay-Option ein und stellen Sie sicher, dass Ihre Besucher Ihre Website nicht so schnell verlassen! <\/p> <p><b>Versorgen Sie Ihr Publikum mit einer brandneuen Quelle hilfreicher und ansprechender Inhalte \u00fcber den Elfsight Radio Player<\/b><\/p> <\/div> <div class=\"application-platform-content-item-features application-platform-content-item\" id=\"features\" data-nav-section=\"features\"> <h2>Anzeigen die Liste der wichtigsten Features: <\/h2> <ul><li>Verschiedene Farbvarianten.<\/li><li>Dunkel\/Hell-Farbschema.<\/li><li>Zwei Layouts anwendbar.<\/li> <li>M\u00f6glichkeit, ein Hintergrundbild hinzuzuf\u00fcgen.<\/li><li>Unendlich viele Stationen.<\/li><\/ul><p><a href=\"#demo\">Sie k\u00f6nnen die volle Funktionalit\u00e4t des testen Plugin in der Demo auf dieser Seite<\/a><\/p> <\/div> <div class=\"application-platform-content-item-installation application-platform-content-item\" id=\"installation\" data-nav-section=\"installation\"> <h2>Wie bette ich den Radio Player in meine jQuery-Website ein?<\/h2> <p>F\u00fchren Sie einfach das aus Nachfolgend finden Sie die Richtlinien zum Einbetten des Plugins.<\/p> <ol><li><b>\u00d6ffnen Sie unseren kostenlosen Editor und beginnen Sie mit der Erstellung Ihres benutzerdefinierten Plugins.<\/b><br> Bestimmen Sie die bevorzugte Form und die Funktionsmerkmale des Plugins und speichern Sie es die Korrekturen.<\/li> <li><b>Sie erhalten den eindeutigen Code, der in der Box auf Elfsight Apps angezeigt wird.<\/b><br> Sobald die Anpassung Ihres pers\u00f6nlichen Widgets abgeschlossen ist, kopieren Sie den individuellen Code unter \u00d6ffnen Sie das angezeigte Fenster und bewahren Sie es f\u00fcr sp\u00e4ter auf.<\/li> <li><b>Beginnen Sie mit der Verwendung des Radio-Widgets auf der jQuery-Startseite.<\/b><br> Integrieren Sie den k\u00fcrzlich gespeicherten Code in Ihre Webseite und \u00fcbernehmen Sie die \u00c4nderungen .<\/li> <li><b>Fertig! Die Einbettung ist vollst\u00e4ndig abgeschlossen.<\/b><br> Gehen Sie auf Ihre Seite, um die Arbeit des Widgets zu \u00fcberpr\u00fcfen.<\/li><\/ol> <p>Falls Sie auf Schwierigkeiten sto\u00dfen, wenden Sie sich bitte an uns Support-Mitarbeiter. Unsere Mitarbeiter werden sich freuen, alle Probleme zu l\u00f6sen, die Sie mit dem Produkt haben k\u00f6nnten. <\/p> <\/div>","protected":false},"excerpt":{"rendered":"","protected":false},"author":9,"featured_media":0,"parent":2242,"menu_order":0,"comment_status":"closed","ping_status":"closed","template":"templates\/template-application-platform.php","meta":{"publish_to_discourse":"","publish_post_category":"","wpdc_auto_publish_overridden":"","wpdc_topic_tags":"","wpdc_pin_topic":"","wpdc_pin_until":"","discourse_post_id":"","discourse_permalink":"","wpdc_publishing_response":"","wpdc_publishing_error":"","footnotes":""},"class_list":["post-9940","page","type-page","status-publish","hentry"],"yoast_head":"<!-- This site is optimized with the Yoast SEO plugin v25.3.1 - https:\/\/yoast.com\/wordpress\/plugins\/seo\/ -->\n<title>Elfsight Radio Player f\u00fcr die jQuery-Website (schnell und kostenlos)<\/title>\n<meta name=\"description\" content=\"Implementieren Sie ein responsives Radio-Player-Plugin auf Ihrer Homepage. Nutzen Sie unsere \u00fcbersichtliche Demo und gestalten Sie ganz einfach Ihr Plugin!\" \/>\n<meta name=\"robots\" content=\"index, follow, max-snippet:-1, max-image-preview:large, max-video-preview:-1\" \/>\n<link rel=\"canonical\" href=\"https:\/\/elfsight.com\/de\/radio-player-widget\/jquery\/\" \/>\n<meta property=\"og:locale\" content=\"de_DE\" \/>\n<meta property=\"og:type\" content=\"article\" \/>\n<meta property=\"og:title\" content=\"Elfsight Radio Player f\u00fcr die jQuery-Website (schnell und kostenlos)\" \/>\n<meta property=\"og:description\" content=\"Implementieren Sie ein responsives Radio-Player-Plugin auf Ihrer Homepage. Nutzen Sie unsere \u00fcbersichtliche Demo und gestalten Sie ganz einfach Ihr Plugin!\" \/>\n<meta property=\"og:url\" content=\"https:\/\/elfsight.com\/de\/radio-player-widget\/jquery\/\" \/>\n<meta property=\"og:site_name\" content=\"Elfsight DE\" \/>\n<meta property=\"article:modified_time\" content=\"2025-07-10T08:13:07+00:00\" \/>\n<meta name=\"twitter:card\" content=\"summary_large_image\" \/>\n<meta name=\"twitter:label1\" content=\"Gesch\u00e4tzte Lesezeit\" \/>\n\t<meta name=\"twitter:data1\" content=\"2\u00a0Minuten\" \/>\n<!-- \/ Yoast SEO plugin. -->","yoast_head_json":{"title":"Elfsight Radio Player f\u00fcr die jQuery-Website (schnell und kostenlos)","description":"Implementieren Sie ein responsives Radio-Player-Plugin auf Ihrer Homepage. Nutzen Sie unsere \u00fcbersichtliche Demo und gestalten Sie ganz einfach Ihr Plugin!","robots":{"index":"index","follow":"follow","max-snippet":"max-snippet:-1","max-image-preview":"max-image-preview:large","max-video-preview":"max-video-preview:-1"},"canonical":"https:\/\/elfsight.com\/de\/radio-player-widget\/jquery\/","og_locale":"de_DE","og_type":"article","og_title":"Elfsight Radio Player f\u00fcr die jQuery-Website (schnell und kostenlos)","og_description":"Implementieren Sie ein responsives Radio-Player-Plugin auf Ihrer Homepage. Nutzen Sie unsere \u00fcbersichtliche Demo und gestalten Sie ganz einfach Ihr Plugin!","og_url":"https:\/\/elfsight.com\/de\/radio-player-widget\/jquery\/","og_site_name":"Elfsight DE","article_modified_time":"2025-07-10T08:13:07+00:00","twitter_card":"summary_large_image","twitter_misc":{"Gesch\u00e4tzte Lesezeit":"2\u00a0Minuten"},"schema":{"@context":"https:\/\/schema.org","@graph":[{"@type":"WebPage","@id":"https:\/\/elfsight.com\/de\/radio-player-widget\/jquery\/","url":"https:\/\/elfsight.com\/de\/radio-player-widget\/jquery\/","name":"Elfsight Radio Player f\u00fcr die jQuery-Website (schnell und kostenlos)","isPartOf":{"@id":"https:\/\/elfsight.com\/de\/#website"},"datePublished":"1970-01-01T00:00:00+00:00","dateModified":"2025-07-10T08:13:07+00:00","description":"Implementieren Sie ein responsives Radio-Player-Plugin auf Ihrer Homepage. Nutzen Sie unsere \u00fcbersichtliche Demo und gestalten Sie ganz einfach Ihr Plugin!","breadcrumb":{"@id":"https:\/\/elfsight.com\/de\/radio-player-widget\/jquery\/#breadcrumb"},"inLanguage":"de","potentialAction":[{"@type":"ReadAction","target":["https:\/\/elfsight.com\/de\/radio-player-widget\/jquery\/"]}]},{"@type":"BreadcrumbList","@id":"https:\/\/elfsight.com\/de\/radio-player-widget\/jquery\/#breadcrumb","itemListElement":[{"@type":"ListItem","position":1,"name":"Home","item":"https:\/\/elfsight.com\/de\/"},{"@type":"ListItem","position":2,"name":"Radio Player","item":"https:\/\/elfsight.com\/de\/radio-player-widget\/"},{"@type":"ListItem","position":3,"name":"Radio Player &#8211; jQuery"}]},{"@type":"WebSite","@id":"https:\/\/elfsight.com\/de\/#website","url":"https:\/\/elfsight.com\/de\/","name":"Elfsight DE","description":"Just another Elfsight Sites site","potentialAction":[{"@type":"SearchAction","target":{"@type":"EntryPoint","urlTemplate":"https:\/\/elfsight.com\/de\/?s={search_term_string}"},"query-input":{"@type":"PropertyValueSpecification","valueRequired":true,"valueName":"search_term_string"}}],"inLanguage":"de"}]}},"meta_box":{"industry":"","seo_heading":"","heading":"","description":"","cta_heading":"","cta_description":"","application":"2241","h1":"jQuery Radio Player-Plugin","h1_caption":"F\u00fcgen Sie Ihrer Website einen Live-Radiostream mit einem anpassbaren Player hinzu, der Ihr Branding m\u00fchelos in Ihre jQuery-Website einf\u00fcgt.","application_category":[],"applications_title":"","applications_request_title":"","applications_request_button_text":"","hero_text":"","hero_video":"","hero_video_schema_markup":"","selling_points_title":"","selling_points_caption":"","selling_points":[],"selling_points_cta_text":"","features_title":"","features":"","ed_cta_examples_text":"","ed_cta_examples_hidden":"","ed_cta_demo_text":"","ed_cta_demo_hidden":"","why_caption":"","why_editor_title":"","why_editor_text":"","why_team_title":"","why_team_text":"","why_service_title":"","why_service_text":"","template_catalog_visible":"","template_catalog_title":"","template_catalog_text":"","template_catalog_categories_visible":"","demo_title":"Erstellen Sie Ihr Radio Player-Plugin","demo_caption":"Konfigurieren Sie Ihren Radio-Player und f\u00fcgen Sie ihn kostenlos zu Ihrer jQuery-Website hinzu!","default_faq_hidden":"","app_template_category":[],"platform":"258","template_public_id":"","codecanyon_url":"","codecanyon_item_id":"","codecanyon_price":"","pricing_caption":"","pricing_elfsight_apps_hide_column":"","pricing_elfsight_apps_url":"","pricing_codecanyon_price_caption":"","integration_category":[],"integration_request_title":"","integration_request_cta":"","integration_platform":"","integrations":[],"platform_category":[],"video_schema_markup":"","price":"ab 0 $ \/ Monat","trial":"","benefits":[{"text":"Kostenlose Installationshilfe"},{"text":"Erfahrener Kundensupport"},{"text":"14-t\u00e4gige Geld-zur\u00fcck-Garantie"},{"text":"St\u00e4ndige Aktualisierung"}],"button_url":"#demo","button_target_blank":"","button_nofollow":"","attributes":[{"name":"Installiert","content":"10,000 - 100,000"},{"name":"Reaktionsfreudig","content":"Ja"},{"name":"Kompatible Browser","content":"Firefox, Safari, Opera, Chrome, Edge"}],"tags":[],"tags_disable_links":"","hide_more_platforms":"","video_object":"","demo_hide_cta":"","demo_hide_cloud_options":"","pricing_title":"","pricing":[{"pricing_icon":"platform","pricing_title":"Elfsight Apps","pricing_title_caption":"Multiplattform-L\u00f6sung","pricing_price":"ab 0 $ \/ Monat","pricing_price_caption":"Beginnen Sie mit einem kostenlosen Plan","pricing_benefits":[{"text":"Unbegrenzte Websites"},{"text":"Erstklassiger Kundensupport und gut dokumentiert"},{"text":"Kostenloser Installationssupport"},{"text":"100 % anpassbar"}],"pricing_button_text":"Zur Website hinzuf\u00fcgen","pricing_button_url":"#demo"}],"related_apps_title":"","related_apps_hidden":"","author":"","image":[],"title":"","job":"","social_networks":[]},"_links":{"self":[{"href":"https:\/\/elfsight.com\/de\/wp-json\/wp\/v2\/pages\/9940","targetHints":{"allow":["GET"]}}],"collection":[{"href":"https:\/\/elfsight.com\/de\/wp-json\/wp\/v2\/pages"}],"about":[{"href":"https:\/\/elfsight.com\/de\/wp-json\/wp\/v2\/types\/page"}],"author":[{"embeddable":true,"href":"https:\/\/elfsight.com\/de\/wp-json\/wp\/v2\/users\/9"}],"replies":[{"embeddable":true,"href":"https:\/\/elfsight.com\/de\/wp-json\/wp\/v2\/comments?post=9940"}],"version-history":[{"count":1,"href":"https:\/\/elfsight.com\/de\/wp-json\/wp\/v2\/pages\/9940\/revisions"}],"predecessor-version":[{"id":9944,"href":"https:\/\/elfsight.com\/de\/wp-json\/wp\/v2\/pages\/9940\/revisions\/9944"}],"up":[{"embeddable":true,"href":"https:\/\/elfsight.com\/de\/wp-json\/wp\/v2\/pages\/2242"}],"wp:attachment":[{"href":"https:\/\/elfsight.com\/de\/wp-json\/wp\/v2\/media?parent=9940"}],"curies":[{"name":"wp","href":"https:\/\/api.w.org\/{rel}","templated":true}]}}