{"id":9939,"date":"1970-01-01T00:00:00","date_gmt":"1970-01-01T00:00:00","guid":{"rendered":"https:\/\/elfsight.com\/de\/?page_id=9939"},"modified":"2025-02-14T14:51:11","modified_gmt":"2025-02-14T14:51:11","slug":"iframe","status":"publish","type":"page","link":"https:\/\/elfsight.com\/de\/radio-player-widget\/iframe\/","title":{"rendered":"Radio Player &#8211; iFrame"},"content":{"rendered":"\n<div class=\"application-platform-content-item-description application-platform-content-item\" id=\"description\" data-nav-section=\"description\"> <h2>Radio Player mit dem Elfsight-Widget in iFrame einbetten<\/h2> <p>Elfsight Radio ist ein unkompliziertes Widget, mit dem Sie Radiosender direkt wiedergeben k\u00f6nnen Auf deiner Webseite. Das Plugin ist bemerkenswert modifizierbar: Sie k\u00f6nnen seine Position \u00e4ndern, es an einer beliebigen Stelle auf der Seite platzieren, seine Gr\u00f6\u00dfe \u00e4ndern, den Hintergrund und andere Elemente \u00fcberarbeiten, um es mit dem Layout Ihrer Website zu mischen, ein dunkles Farbschema anwenden, Cover anzeigen usw Zeigen oder verbergen Sie drei zus\u00e4tzliche Spielerdetails, zum Beispiel Kopfzeile, Status und mehr. Binden Sie so viele Sender ein, wie Sie m\u00f6chten, um Ihre Besucher zu unterhalten, schalten Sie die automatische Wiedergabe ein und seien Sie sicher \u2013 Ihr Publikum wird Ihre Homepage nicht so schnell verlassen!<\/p> <p><b>Geben Sie Ihrem Publikum eine weitere n\u00fctzliche Quelle und ansprechende Inhalte mit Elfsight Radio Player.<\/b><\/p> <\/div> <div class=\"application-platform-content-item-features application-platform-content-item\" id=\"features\" data-nav-section=\"features\"> <h2>Das Widget enth\u00e4lt praktische und schnelle Funktionen, sehen Sie sich einige davon an:<\/h2> <ul><li>Verschiedene Farbvarianten.<\/li><li>Dunkles\/helles Farbthema.<\/li><li>Zwei Layouts anwendbar.<\/li><li>Eine Option zum Anh\u00e4ngen eines Hintergrundbilds.<\/li> <li>Unendlich viele Sender.<\/li><\/ul><p><a href=\"#demo\">Probieren Sie einfach diese Demo aus, um zu sehen, was das Plugin wert ist<\/a><\/p> <\/div> <div class=\"application-platform-content-item-installation application-platform-content-item\" id=\"installation\" data-nav-section=\"installation\"> <h2>Wie f\u00fcge ich das Radio Player-Plugin zu iFrame hinzu?<\/h2> <p>Befolgen Sie einfach die nachstehenden Anweisungen, um das Widget hinzuzuf\u00fcgen.<\/p> <ol><li> <b>F\u00fchren Sie unseren kostenlosen Konfigurator aus und beginnen Sie mit der Gestaltung Ihres personalisierten Instruments.<\/b><br> W\u00e4hlen Sie die passende Form und Parameter des Widgets und speichern Sie die \u00c4nderungen.<\/li> <li><b>Lassen Sie sich den individuellen Code anzeigen im Feld auf Elfsight Apps.<\/b><br> Wenn die Erstellung Ihres pers\u00f6nlichen Widgets abgeschlossen ist, kopieren Sie den individuellen Code aus dem angezeigten Fenster und speichern Sie ihn f\u00fcr die zuk\u00fcnftige Verwendung.<\/li> <li><b>Initiieren Nutzung des Radio-Plugins auf iFrame.<\/b><br> F\u00fcgen Sie den zuvor gespeicherten Code in Ihre Website ein und speichern Sie die Verbesserungen.<\/li> <li><b>Die Installation ist vollst\u00e4ndig durchgef\u00fchrt.<\/b><br> Besuchen Sie Ihre Seite, um zu sehen, wie das Widget funktioniert.<\/li><\/ol> <p>Wenn Sie Anfragen bearbeiten oder auf Schwierigkeiten sto\u00dfen, wenden Sie sich bitte an unser Kundendienstteam. Unsere Spezialisten l\u00f6sen gerne alle Schwierigkeiten, die Sie mit dem Plugin haben k\u00f6nnten.<\/p> <div class=\"faq\" data-component=\"FAQ\"><div class=\"faq-item\">\r\n\t\t\t\t\t<div class=\"faq-item-question\">\r\n\t\t\t\t\t\t<h3 class=\"faq-item-question-text\">Wie kann ich ein Radio-Player-Widget in meine iFrame-Website einf\u00fcgen, ohne Programmierkenntnisse?<\/h3>\r\n\r\n\t\t\t\t\t\t<div class=\"faq-item-question-icon\"><\/div>\r\n\t\t\t\t\t<\/div>\r\n\r\n\t\t\t\t\t<div class=\"faq-item-answer\">\r\n\t\t\t\t\t\t<div class=\"faq-item-answer-text\"><p> Elfsight bietet eine benutzerfreundliche, cloudbasierte L\u00f6sung, mit der Sie ein Radio-Player-Widget ganz einfach selbst erstellen k\u00f6nnen. So einfach ist der Prozess:<\/p>\n\n<li>\u00d6ffnen Sie den Online-Editor, um den Bereich f\u00fcr das Radio-Player-Widget zu gestalten, den Sie auf Ihrer iFrame-Website einbinden m\u00f6chten.<\/li>\n\n<li>W\u00e4hlen Sie eine unserer vorgefertigten Vorlagen und passen Sie die Einstellungen des Widgets nach Ihren W\u00fcnschen an \u2013 \u00e4ndern Sie das Layout, die Farben und f\u00fcgen Sie Ihre Inhalte hinzu, alles ohne eine einzige Codezeile.<\/li>\n\n<li>Speichern Sie Ihre \u00c4nderungen und holen Sie sich den Einbettungscode, den Sie m\u00fchelos und kostenlos in Ihre iFrame-Seite integrieren k\u00f6nnen.<\/li>\n\n<p>Dank des einfachen Editors kann jeder Nutzer schnell ein Radio-Player-Widget erstellen und es auf seiner Website einf\u00fcgen. F\u00fcr die Nutzung des Elfsight-Editors sind keine Zahlungen oder Kartendaten erforderlich. Wenn Sie Unterst\u00fctzung ben\u00f6tigen, steht Ihnen unser Kundenservice jederzeit zur Verf\u00fcgung.<\/p><\/div>\r\n\t\t\t\t\t<\/div>\r\n\t\t\t\t<\/div><\/div><\/div>\n","protected":false},"excerpt":{"rendered":"","protected":false},"author":9,"featured_media":0,"parent":2242,"menu_order":0,"comment_status":"closed","ping_status":"closed","template":"templates\/template-application-platform.php","meta":{"publish_to_discourse":"","publish_post_category":"","wpdc_auto_publish_overridden":"","wpdc_topic_tags":"","wpdc_pin_topic":"","wpdc_pin_until":"","discourse_post_id":"","discourse_permalink":"","wpdc_publishing_response":"","wpdc_publishing_error":"","footnotes":""},"class_list":["post-9939","page","type-page","status-publish","hentry"],"yoast_head":"<!-- This site is optimized with the Yoast SEO plugin v25.3.1 - https:\/\/yoast.com\/wordpress\/plugins\/seo\/ -->\n<title>Radio Player-Widget f\u00fcr die iFrame-Website (kostenlos und einfach)<\/title>\n<meta name=\"description\" content=\"Integrieren Sie einen responsiven Radio-Player-Button in Ihre iFrame-Webseite. Nutzen Sie unsere praktische Demo und generieren Sie ganz einfach Ihr Plugin!\" \/>\n<meta name=\"robots\" content=\"index, follow, max-snippet:-1, max-image-preview:large, max-video-preview:-1\" \/>\n<link rel=\"canonical\" href=\"https:\/\/elfsight.com\/de\/radio-player-widget\/iframe\/\" \/>\n<meta property=\"og:locale\" content=\"de_DE\" \/>\n<meta property=\"og:type\" content=\"article\" \/>\n<meta property=\"og:title\" content=\"Radio Player-Widget f\u00fcr die iFrame-Website (kostenlos und einfach)\" \/>\n<meta property=\"og:description\" content=\"Integrieren Sie einen responsiven Radio-Player-Button in Ihre iFrame-Webseite. Nutzen Sie unsere praktische Demo und generieren Sie ganz einfach Ihr Plugin!\" \/>\n<meta property=\"og:url\" content=\"https:\/\/elfsight.com\/de\/radio-player-widget\/iframe\/\" \/>\n<meta property=\"og:site_name\" content=\"Elfsight DE\" \/>\n<meta property=\"article:modified_time\" content=\"2025-02-14T14:51:11+00:00\" \/>\n<meta name=\"twitter:card\" content=\"summary_large_image\" \/>\n<meta name=\"twitter:label1\" content=\"Gesch\u00e4tzte Lesezeit\" \/>\n\t<meta name=\"twitter:data1\" content=\"3\u00a0Minuten\" \/>\n<!-- \/ Yoast SEO plugin. -->","yoast_head_json":{"title":"Radio Player-Widget f\u00fcr die iFrame-Website (kostenlos und einfach)","description":"Integrieren Sie einen responsiven Radio-Player-Button in Ihre iFrame-Webseite. Nutzen Sie unsere praktische Demo und generieren Sie ganz einfach Ihr Plugin!","robots":{"index":"index","follow":"follow","max-snippet":"max-snippet:-1","max-image-preview":"max-image-preview:large","max-video-preview":"max-video-preview:-1"},"canonical":"https:\/\/elfsight.com\/de\/radio-player-widget\/iframe\/","og_locale":"de_DE","og_type":"article","og_title":"Radio Player-Widget f\u00fcr die iFrame-Website (kostenlos und einfach)","og_description":"Integrieren Sie einen responsiven Radio-Player-Button in Ihre iFrame-Webseite. Nutzen Sie unsere praktische Demo und generieren Sie ganz einfach Ihr Plugin!","og_url":"https:\/\/elfsight.com\/de\/radio-player-widget\/iframe\/","og_site_name":"Elfsight DE","article_modified_time":"2025-02-14T14:51:11+00:00","twitter_card":"summary_large_image","twitter_misc":{"Gesch\u00e4tzte Lesezeit":"3\u00a0Minuten"},"schema":{"@context":"https:\/\/schema.org","@graph":[{"@type":"WebPage","@id":"https:\/\/elfsight.com\/de\/radio-player-widget\/iframe\/","url":"https:\/\/elfsight.com\/de\/radio-player-widget\/iframe\/","name":"Radio Player-Widget f\u00fcr die iFrame-Website (kostenlos und einfach)","isPartOf":{"@id":"https:\/\/elfsight.com\/de\/#website"},"datePublished":"1970-01-01T00:00:00+00:00","dateModified":"2025-02-14T14:51:11+00:00","description":"Integrieren Sie einen responsiven Radio-Player-Button in Ihre iFrame-Webseite. Nutzen Sie unsere praktische Demo und generieren Sie ganz einfach Ihr Plugin!","breadcrumb":{"@id":"https:\/\/elfsight.com\/de\/radio-player-widget\/iframe\/#breadcrumb"},"inLanguage":"de","potentialAction":[{"@type":"ReadAction","target":["https:\/\/elfsight.com\/de\/radio-player-widget\/iframe\/"]}]},{"@type":"BreadcrumbList","@id":"https:\/\/elfsight.com\/de\/radio-player-widget\/iframe\/#breadcrumb","itemListElement":[{"@type":"ListItem","position":1,"name":"Home","item":"https:\/\/elfsight.com\/de\/"},{"@type":"ListItem","position":2,"name":"Radio Player","item":"https:\/\/elfsight.com\/de\/radio-player-widget\/"},{"@type":"ListItem","position":3,"name":"Radio Player &#8211; iFrame"}]},{"@type":"WebSite","@id":"https:\/\/elfsight.com\/de\/#website","url":"https:\/\/elfsight.com\/de\/","name":"Elfsight DE","description":"Just another Elfsight Sites site","potentialAction":[{"@type":"SearchAction","target":{"@type":"EntryPoint","urlTemplate":"https:\/\/elfsight.com\/de\/?s={search_term_string}"},"query-input":{"@type":"PropertyValueSpecification","valueRequired":true,"valueName":"search_term_string"}}],"inLanguage":"de"}]}},"meta_box":{"industry":"","seo_heading":"","heading":"","description":"","cta_heading":"","cta_description":"","application":"2241","h1":"iFrame Radio Player-Widget","h1_caption":"F\u00fcgen Sie Ihrer Website einen Live-Radiostream mit einem anpassbaren Player hinzu, der Ihr Branding m\u00fchelos in Ihre iFrame-Website einf\u00fcgt.","application_category":[],"applications_title":"","applications_request_title":"","applications_request_button_text":"","hero_text":"","hero_video":"","hero_video_schema_markup":"","selling_points_title":"","selling_points_caption":"","selling_points":[],"selling_points_cta_text":"","features_title":"","features":"","ed_cta_examples_text":"","ed_cta_examples_hidden":"","ed_cta_demo_text":"","ed_cta_demo_hidden":"","why_caption":"","why_editor_title":"","why_editor_text":"","why_team_title":"","why_team_text":"","why_service_title":"","why_service_text":"","template_catalog_visible":"0","template_catalog_title":"","template_catalog_text":"","template_catalog_categories_visible":"","demo_title":"Erstellen Sie Ihr Radio-Player-Widget","demo_caption":"Konfigurieren Sie Ihren Radio-Player und f\u00fcgen Sie ihn kostenlos zu Ihrer iFrame-Website hinzu!","default_faq_hidden":"","app_template_category":[],"platform":"240","template_public_id":"","codecanyon_url":"","codecanyon_item_id":"","codecanyon_price":"","pricing_caption":"","pricing_elfsight_apps_hide_column":"","pricing_elfsight_apps_url":"","pricing_codecanyon_price_caption":"","integration_category":[],"integration_request_title":"","integration_request_cta":"","integration_platform":"","integrations":[],"platform_category":[],"video_schema_markup":"","price":"ab 0 $ \/ Monat","trial":"","benefits":[{"text":"Kostenlose Installationshilfe"},{"text":"Kompetenter Kundenservice"},{"text":"14-t\u00e4gige R\u00fcckerstattungsgarantie"},{"text":"Zuk\u00fcnftige kostenlose Updates"}],"button_url":"#demo","button_target_blank":"0","button_nofollow":"0","attributes":[{"name":"Installiert","content":"10,000 - 100,000"},{"name":"Reaktionsfreudig","content":"Ja"},{"name":"Kompatible Browser","content":"Firefox, Safari, Opera, Chrome, Edge"}],"tags":[],"tags_disable_links":"0","hide_more_platforms":"0","video_object":"","demo_hide_cta":"0","demo_hide_cloud_options":"0","pricing_title":"","pricing":[{"pricing_icon":"platform","pricing_title":"Elfsight Apps","pricing_title_caption":"Plattform\u00fcbergreifende Software, die zu jeder Website passt","pricing_price":"ab 0 $ \/ Monat","pricing_price_caption":"Beginnen Sie mit einem kostenlosen Plan","pricing_benefits":[{"text":"Unbegrenzte Websites"},{"text":"Premium-Support"},{"text":"Kostenloser Installationsservice"},{"text":"Sonderangebot f\u00fcr mehrere Apps"}],"pricing_button_text":"Zur Website hinzuf\u00fcgen","pricing_button_url":"#demo"}],"related_apps_title":"","related_apps_hidden":"0","author":"","image":[],"title":"","job":"","social_networks":[]},"_links":{"self":[{"href":"https:\/\/elfsight.com\/de\/wp-json\/wp\/v2\/pages\/9939","targetHints":{"allow":["GET"]}}],"collection":[{"href":"https:\/\/elfsight.com\/de\/wp-json\/wp\/v2\/pages"}],"about":[{"href":"https:\/\/elfsight.com\/de\/wp-json\/wp\/v2\/types\/page"}],"author":[{"embeddable":true,"href":"https:\/\/elfsight.com\/de\/wp-json\/wp\/v2\/users\/9"}],"replies":[{"embeddable":true,"href":"https:\/\/elfsight.com\/de\/wp-json\/wp\/v2\/comments?post=9939"}],"version-history":[{"count":2,"href":"https:\/\/elfsight.com\/de\/wp-json\/wp\/v2\/pages\/9939\/revisions"}],"predecessor-version":[{"id":24215,"href":"https:\/\/elfsight.com\/de\/wp-json\/wp\/v2\/pages\/9939\/revisions\/24215"}],"up":[{"embeddable":true,"href":"https:\/\/elfsight.com\/de\/wp-json\/wp\/v2\/pages\/2242"}],"wp:attachment":[{"href":"https:\/\/elfsight.com\/de\/wp-json\/wp\/v2\/media?parent=9939"}],"curies":[{"name":"wp","href":"https:\/\/api.w.org\/{rel}","templated":true}]}}