{"id":9937,"date":"1970-01-01T00:00:00","date_gmt":"1970-01-01T00:00:00","guid":{"rendered":"https:\/\/elfsight.com\/de\/?page_id=9937"},"modified":"2025-02-14T14:58:41","modified_gmt":"2025-02-14T14:58:41","slug":"html","status":"publish","type":"page","link":"https:\/\/elfsight.com\/de\/radio-player-widget\/html\/","title":{"rendered":"Radio Player &#8211; HTML"},"content":{"rendered":"\n<div class=\"application-platform-content-item-description application-platform-content-item\" id=\"description\" data-nav-section=\"description\"> <h2>Beschreibung<\/h2> <p>Elfsight Live Stream Player ist ein unkompliziertes Widget, mit dem Sie Radiosender direkt auf Ihrer Website wiedergeben k\u00f6nnen. Das Plugin ist in hohem Ma\u00dfe modifizierbar: Sie k\u00f6nnen seine Position \u00e4ndern, es an einer beliebigen Stelle auf der Seite platzieren, seine Gr\u00f6\u00dfe \u00e4ndern, den Hintergrund und andere Teile neu einf\u00e4rben, um es mit dem Layout Ihrer Website zu verschmelzen, ein dunkles Thema anwenden, Bilder zeigen und ein- oder ausblenden 3 andere Spielerkomponenten wie Titel, Status und mehr. Sie k\u00f6nnen so viele Sender hochladen, wie Sie m\u00f6chten, um Ihr Publikum anzusprechen, schalten Sie die automatische Wiedergabe ein und haben Sie keine Zweifel \u2013 Ihre Benutzer werden Ihre Homepage nicht sofort verlassen! <\/p> <p><b>Stellen Sie Ihrem Publikum mit dem Elfsight Live Radio Player f\u00fcr HTML eine brandneue Quelle hilfreicher und ansprechender Inhalte zur Verf\u00fcgung<\/b><\/p> <\/div> <div class=\"application-platform-content-item-features application-platform-content-item\" id=\"features\" data-nav-section=\"features\"> <h2>Das Widget bietet wertvolle und unkomplizierte Funktionen, sehen Sie sich einige davon an:<\/h2> <ul><li>Zahlreiche Farbvarianten.<\/li><li>Dunkel\/Hell-Farbschema.<\/li><li>Zwei Anwendbare Layouts.<\/li><li>Eine Option zum Anh\u00e4ngen eines Hintergrundbilds.<\/li><li>Unbegrenzte Anzahl von Stationen hinzuf\u00fcgen.<\/li><\/ul><p><a href=\"#demo\"> Schauen Sie sich einfach diese Demo an, um zu sehen, wie es funktioniert<\/a><\/p> <\/div> <div class=\"application-platform-content-item-installation application-platform-content-item\" id=\"installation\" data-nav-section=\"installation\"> <h2>Wie binde ich den Radio Player in eine HTML-Website ein?<\/h2> <div class=\" video-container\"><iframe width=\"560\" height=\"315\" src=\"https:\/\/www.youtube.com\/embed\/jB68F2g1d1I?si=0WyQsiecPfu4lVwY\" frameborder=\"0\" allow=\"accelerometer; autoplay; clipboard-write; encrypted-media; gyroscope; picture-in-picture; web-share\" allowfullscreen><\/iframe><\/div><p>F\u00fchren Sie einfach die unten aufgef\u00fchrten Schritte aus, um das Widget zu integrieren.<\/p> <ol><li><b>Mit unserem kostenlosen Editor beginnen Sie mit der Gestaltung Ihres Live-Stream-Players.<\/b><br> Bestimmen Sie das passende Erscheinungsbild und Funktionsmerkmale des Plugins und \u00fcbernehmen Sie die \u00c4nderungen.<\/li> <li><b>Kopieren Sie den eindeutigen Code, der im Feld auf Elfsight Apps angezeigt wird.<\/b><br> Sobald die Konfiguration Ihres Plugins abgeschlossen ist , kopieren Sie den pers\u00f6nlichen Code aus dem angezeigten Feld und speichern Sie ihn f\u00fcr einen sp\u00e4teren Anlass.<\/li> <li><b>Beginnen Sie mit der Verwendung des Radio-Widgets auf Ihrer HTML-Website.<\/b><br> Geben Sie den Code ein, den Sie ben\u00f6tigen. Sie haben k\u00fcrzlich auf Ihrer Seite gespeichert und \u00fcbernehmen die \u00c4nderungen.<\/li> <li><b>Die Installation ist vollst\u00e4ndig abgeschlossen.<\/b><br> Gehen Sie zu Ihrer Seite, um die Leistung des Plugins zu \u00fcberpr\u00fcfen.<\/li><\/ol> <p>Wenn Sie auf Schwierigkeiten sto\u00dfen, z\u00f6gern Sie nicht, unseren Kundendienstmitarbeitern zu schreiben. Unsere Mitarbeiter helfen Ihnen gerne bei allen Problemen mit dem Widget.<\/p> <\/div>\n","protected":false},"excerpt":{"rendered":"","protected":false},"author":9,"featured_media":0,"parent":2242,"menu_order":0,"comment_status":"closed","ping_status":"closed","template":"templates\/template-application-platform.php","meta":{"publish_to_discourse":"","publish_post_category":"","wpdc_auto_publish_overridden":"","wpdc_topic_tags":"","wpdc_pin_topic":"","wpdc_pin_until":"","discourse_post_id":"","discourse_permalink":"","wpdc_publishing_response":"","wpdc_publishing_error":"","footnotes":""},"class_list":["post-9937","page","type-page","status-publish","hentry"],"yoast_head":"<!-- This site is optimized with the Yoast SEO plugin v25.3.1 - https:\/\/yoast.com\/wordpress\/plugins\/seo\/ -->\n<title>HTML-Radio-Player-Widget-Code f\u00fcr die Website (kostenlos und einfach)<\/title>\n<meta name=\"description\" content=\"Integrieren Sie einen responsiven HTML-Radio-Player-Widget-Code in Ihre Website. Nutzen Sie unsere praktische Demo und erstellen Sie m\u00fchelos Ihren Radio Stream Player!\" \/>\n<meta name=\"robots\" content=\"index, follow, max-snippet:-1, max-image-preview:large, max-video-preview:-1\" \/>\n<link rel=\"canonical\" href=\"https:\/\/elfsight.com\/de\/radio-player-widget\/html\/\" \/>\n<meta property=\"og:locale\" content=\"de_DE\" \/>\n<meta property=\"og:type\" content=\"article\" \/>\n<meta property=\"og:title\" content=\"HTML-Radio-Player-Widget-Code f\u00fcr die Website (kostenlos und einfach)\" \/>\n<meta property=\"og:description\" content=\"Integrieren Sie einen responsiven HTML-Radio-Player-Widget-Code in Ihre Website. Nutzen Sie unsere praktische Demo und erstellen Sie m\u00fchelos Ihren Radio Stream Player!\" \/>\n<meta property=\"og:url\" content=\"https:\/\/elfsight.com\/de\/radio-player-widget\/html\/\" \/>\n<meta property=\"og:site_name\" content=\"Elfsight DE\" \/>\n<meta property=\"article:modified_time\" content=\"2025-02-14T14:58:41+00:00\" \/>\n<meta name=\"twitter:card\" content=\"summary_large_image\" \/>\n<meta name=\"twitter:label1\" content=\"Gesch\u00e4tzte Lesezeit\" \/>\n\t<meta name=\"twitter:data1\" content=\"2\u00a0Minuten\" \/>\n<!-- \/ Yoast SEO plugin. -->","yoast_head_json":{"title":"HTML-Radio-Player-Widget-Code f\u00fcr die Website (kostenlos und einfach)","description":"Integrieren Sie einen responsiven HTML-Radio-Player-Widget-Code in Ihre Website. Nutzen Sie unsere praktische Demo und erstellen Sie m\u00fchelos Ihren Radio Stream Player!","robots":{"index":"index","follow":"follow","max-snippet":"max-snippet:-1","max-image-preview":"max-image-preview:large","max-video-preview":"max-video-preview:-1"},"canonical":"https:\/\/elfsight.com\/de\/radio-player-widget\/html\/","og_locale":"de_DE","og_type":"article","og_title":"HTML-Radio-Player-Widget-Code f\u00fcr die Website (kostenlos und einfach)","og_description":"Integrieren Sie einen responsiven HTML-Radio-Player-Widget-Code in Ihre Website. Nutzen Sie unsere praktische Demo und erstellen Sie m\u00fchelos Ihren Radio Stream Player!","og_url":"https:\/\/elfsight.com\/de\/radio-player-widget\/html\/","og_site_name":"Elfsight DE","article_modified_time":"2025-02-14T14:58:41+00:00","twitter_card":"summary_large_image","twitter_misc":{"Gesch\u00e4tzte Lesezeit":"2\u00a0Minuten"},"schema":{"@context":"https:\/\/schema.org","@graph":[{"@type":"WebPage","@id":"https:\/\/elfsight.com\/de\/radio-player-widget\/html\/","url":"https:\/\/elfsight.com\/de\/radio-player-widget\/html\/","name":"HTML-Radio-Player-Widget-Code f\u00fcr die Website (kostenlos und einfach)","isPartOf":{"@id":"https:\/\/elfsight.com\/de\/#website"},"datePublished":"1970-01-01T00:00:00+00:00","dateModified":"2025-02-14T14:58:41+00:00","description":"Integrieren Sie einen responsiven HTML-Radio-Player-Widget-Code in Ihre Website. Nutzen Sie unsere praktische Demo und erstellen Sie m\u00fchelos Ihren Radio Stream Player!","breadcrumb":{"@id":"https:\/\/elfsight.com\/de\/radio-player-widget\/html\/#breadcrumb"},"inLanguage":"de","potentialAction":[{"@type":"ReadAction","target":["https:\/\/elfsight.com\/de\/radio-player-widget\/html\/"]}]},{"@type":"BreadcrumbList","@id":"https:\/\/elfsight.com\/de\/radio-player-widget\/html\/#breadcrumb","itemListElement":[{"@type":"ListItem","position":1,"name":"Home","item":"https:\/\/elfsight.com\/de\/"},{"@type":"ListItem","position":2,"name":"Radio Player","item":"https:\/\/elfsight.com\/de\/radio-player-widget\/"},{"@type":"ListItem","position":3,"name":"Radio Player &#8211; HTML"}]},{"@type":"WebSite","@id":"https:\/\/elfsight.com\/de\/#website","url":"https:\/\/elfsight.com\/de\/","name":"Elfsight DE","description":"Just another Elfsight Sites site","potentialAction":[{"@type":"SearchAction","target":{"@type":"EntryPoint","urlTemplate":"https:\/\/elfsight.com\/de\/?s={search_term_string}"},"query-input":{"@type":"PropertyValueSpecification","valueRequired":true,"valueName":"search_term_string"}}],"inLanguage":"de"}]}},"meta_box":{"industry":"","seo_heading":"","heading":"","description":"","cta_heading":"","cta_description":"","application":"2241","h1":"HTML-Radio-Player-Widget","h1_caption":"F\u00fcgen Sie Ihrer Website einen Live-Radiostream mit einem anpassbaren Player hinzu, der Ihr Branding m\u00fchelos in Ihre HTML-Website einf\u00fcgt.","application_category":[],"applications_title":"","applications_request_title":"","applications_request_button_text":"","hero_text":"","hero_video":"","hero_video_schema_markup":"","selling_points_title":"","selling_points_caption":"","selling_points":[],"selling_points_cta_text":"","features_title":"","features":"","ed_cta_examples_text":"","ed_cta_examples_hidden":"","ed_cta_demo_text":"","ed_cta_demo_hidden":"","why_caption":"","why_editor_title":"","why_editor_text":"","why_team_title":"","why_team_text":"","why_service_title":"","why_service_text":"","template_catalog_visible":"0","template_catalog_title":"","template_catalog_text":"","template_catalog_categories_visible":"","demo_title":"Erstellen Sie Ihr Radio-Player-Widget","demo_caption":"Konfigurieren Sie Ihren Radio-Player und f\u00fcgen Sie ihn kostenlos zu Ihrer HTML-Website hinzu!","default_faq_hidden":"","app_template_category":[],"platform":"260","template_public_id":"","codecanyon_url":"","codecanyon_item_id":"","codecanyon_price":"","pricing_caption":"","pricing_elfsight_apps_hide_column":"","pricing_elfsight_apps_url":"","pricing_codecanyon_price_caption":"","integration_category":[],"integration_request_title":"","integration_request_cta":"","integration_platform":"","integrations":[],"platform_category":[],"video_schema_markup":"","price":"ab 0 $ \/ Monat","trial":"","benefits":[{"text":"Kostenlose Installationshilfe"},{"text":"Au\u00dfergew\u00f6hnlicher Support"},{"text":"14-t\u00e4gige R\u00fcckerstattungsgarantie"},{"text":"Fortlaufende Entwicklung"}],"button_url":"#demo","button_target_blank":"0","button_nofollow":"0","attributes":[{"name":"Installiert","content":"10,000 - 100,000"},{"name":"Reaktionsfreudig","content":"Ja"},{"name":"Kompatible Browser","content":"Firefox, Safari, Opera, Chrome, Edge"}],"tags":[],"tags_disable_links":"0","hide_more_platforms":"0","video_object":"","demo_hide_cta":"0","demo_hide_cloud_options":"0","pricing_title":"","pricing":[{"pricing_icon":"platform","pricing_title":"Elfsight Apps","pricing_title_caption":"Multiplattform-Version","pricing_price":"ab 0 $ \/ Monat","pricing_price_caption":"Beginnen Sie mit einem kostenlosen Plan","pricing_benefits":[{"text":"Unbegrenzte Websites"},{"text":"Engagierter Kundensupport"},{"text":"Kostenlose Installationshilfe"},{"text":"Preis f\u00fcr mehrere Apps"}],"pricing_button_text":"Zur Website hinzuf\u00fcgen","pricing_button_url":"#demo"}],"related_apps_title":"","related_apps_hidden":"0","author":"","image":[],"title":"","job":"","social_networks":[]},"_links":{"self":[{"href":"https:\/\/elfsight.com\/de\/wp-json\/wp\/v2\/pages\/9937","targetHints":{"allow":["GET"]}}],"collection":[{"href":"https:\/\/elfsight.com\/de\/wp-json\/wp\/v2\/pages"}],"about":[{"href":"https:\/\/elfsight.com\/de\/wp-json\/wp\/v2\/types\/page"}],"author":[{"embeddable":true,"href":"https:\/\/elfsight.com\/de\/wp-json\/wp\/v2\/users\/9"}],"replies":[{"embeddable":true,"href":"https:\/\/elfsight.com\/de\/wp-json\/wp\/v2\/comments?post=9937"}],"version-history":[{"count":3,"href":"https:\/\/elfsight.com\/de\/wp-json\/wp\/v2\/pages\/9937\/revisions"}],"predecessor-version":[{"id":24218,"href":"https:\/\/elfsight.com\/de\/wp-json\/wp\/v2\/pages\/9937\/revisions\/24218"}],"up":[{"embeddable":true,"href":"https:\/\/elfsight.com\/de\/wp-json\/wp\/v2\/pages\/2242"}],"wp:attachment":[{"href":"https:\/\/elfsight.com\/de\/wp-json\/wp\/v2\/media?parent=9937"}],"curies":[{"name":"wp","href":"https:\/\/api.w.org\/{rel}","templated":true}]}}