{"id":9931,"date":"1970-01-01T00:00:00","date_gmt":"1970-01-01T00:00:00","guid":{"rendered":"https:\/\/elfsight.com\/de\/?page_id=9931"},"modified":"2025-07-10T08:13:30","modified_gmt":"2025-07-10T08:13:30","slug":"opencart","status":"publish","type":"page","link":"https:\/\/elfsight.com\/de\/radio-player-widget\/opencart\/","title":{"rendered":"Radio Player &#8211; OpenCart"},"content":{"rendered":"<div class=\"application-platform-content-item-description application-platform-content-item\" id=\"description\" data-nav-section=\"description\"> <h2>Beschreibung<\/h2> <p>Elfsight Radio ist eine einfache Erweiterung, mit der Sie Radiosender auf Ihrer Website wiedergeben k\u00f6nnen. Das Modul ist vollst\u00e4ndig anpassbar: Sie k\u00f6nnen seine Position \u00e4ndern, es an einer beliebigen Stelle auf der Seite einbetten, seine Gr\u00f6\u00dfe skalieren, den Hintergrund und alle anderen Teile neu streichen, um es mit dem Stil Ihrer Website zu vermischen, ein dunkles Farbschema verwenden, Cover anzeigen und andere anzeigen Verbergen Sie drei weitere Spielerkomponenten wie Titel, Status und andere. F\u00fcgen Sie so viele Sender hinzu, wie Sie ben\u00f6tigen, um Ihre Benutzer zu begeistern, schalten Sie die automatische Wiedergabe ein und stellen Sie sicher, dass Ihre Besucher Ihre Webseite nicht sofort verlassen!<\/p><p><b>Stellen Sie Ihrem Publikum eine weitere n\u00fctzliche Quelle zur Verf\u00fcgung und unterhaltsame Inhalte mit der Radio Player-Erweiterung.<\/b><\/p> <\/div> <div class=\"application-platform-content-item-features application-platform-content-item\" id=\"features\" data-nav-section=\"features\"> <h2>Hier sind grundlegende Funktionen der Erweiterung:<\/h2> <ul><li>Verschiedene Farbvariationen.<\/li><li>Dunkles\/helles Farbthema.<\/li><li>Zwei Layouts sofort einsatzbereit.<\/li><li>M\u00f6glichkeit zum Anh\u00e4ngen eines Hintergrundbilds.<\/li><li>Adjektiv Unendlich viele Stationen.<\/li><\/ul><p><a href=\"#demo\">Entdecken Sie alle Personalisierungsfunktionen in der voll ausgestatteten Demo<\/a><\/p> <\/div> <div class=\"application-platform-content-item-installation application-platform-content-item\" id=\"installation\" data-nav-section=\"installation\"> <h2>Wie f\u00fcge ich den Radio Player zu meiner OpenCart-Site hinzu?<\/h2> <p>Befolgen Sie einfach die unten beschriebenen Schritte, um das Modul zu aktivieren.<\/p> <ol><li><b>Starten Nutzen Sie unseren kostenlosen Editor und beginnen Sie mit der Erstellung Ihrer ma\u00dfgeschneiderten Erweiterung. <\/b><br> W\u00e4hlen Sie die gew\u00fcnschte Anordnung und Optionen der Erweiterung aus und wenden Sie alle \u00c4nderungen an. <\/li> <li><b>Sie erhalten Ihren individuellen Code, der im Fenster von Elfsight Apps angezeigt wird. <\/b><br> Direkt nachdem die Einrichtung Ihrer Erweiterung abgeschlossen ist, kopieren Sie Ihren Code im angezeigten Popup und bewahren Sie ihn f\u00fcr die sp\u00e4tere Verwendung auf. <\/li> <li><b>Initiieren Sie die Nutzung der Erweiterung auf der OpenCart-Website. <\/b><br> Integrieren Sie den zuvor kopierten Code in Ihre Seite und speichern Sie die Anpassungen. <\/li> <li><b>Du bist fertig! Die Einbettung ist vollst\u00e4ndig durchgef\u00fchrt. <\/b><br> Besuchen Sie Ihre Website, um zu pr\u00fcfen, wie die Erweiterung funktioniert. <\/li><\/ol><p>Scheuen Sie sich nicht, sich an unser Support-Team zu wenden, wenn Sie mit Fragen oder Hindernissen konfrontiert werden. Unsere Mitarbeiter sind bestrebt, alle Probleme zu l\u00f6sen, die Sie m\u00f6glicherweise mit dem Tool haben.<\/p> <\/div>","protected":false},"excerpt":{"rendered":"","protected":false},"author":9,"featured_media":0,"parent":2242,"menu_order":0,"comment_status":"closed","ping_status":"closed","template":"templates\/template-application-platform.php","meta":{"publish_to_discourse":"","publish_post_category":"","wpdc_auto_publish_overridden":"","wpdc_topic_tags":"","wpdc_pin_topic":"","wpdc_pin_until":"","discourse_post_id":"","discourse_permalink":"","wpdc_publishing_response":"","wpdc_publishing_error":"","footnotes":""},"class_list":["post-9931","page","type-page","status-publish","hentry"],"yoast_head":"<!-- This site is optimized with the Yoast SEO plugin v25.3.1 - https:\/\/yoast.com\/wordpress\/plugins\/seo\/ -->\n<title>Elfsight Radio Player f\u00fcr OpenCart-Websites (kostenlos und einfach)<\/title>\n<meta name=\"description\" content=\"F\u00fchren Sie eine responsive Radio Player-Erweiterung auf Ihrer Website ein. Nutzen Sie unsere praktische Demo und konstruieren Sie Ihr Werkzeug mit nur wenigen Klicks!\" \/>\n<meta name=\"robots\" content=\"index, follow, max-snippet:-1, max-image-preview:large, max-video-preview:-1\" \/>\n<link rel=\"canonical\" href=\"https:\/\/elfsight.com\/de\/radio-player-widget\/opencart\/\" \/>\n<meta property=\"og:locale\" content=\"de_DE\" \/>\n<meta property=\"og:type\" content=\"article\" \/>\n<meta property=\"og:title\" content=\"Elfsight Radio Player f\u00fcr OpenCart-Websites (kostenlos und einfach)\" \/>\n<meta property=\"og:description\" content=\"F\u00fchren Sie eine responsive Radio Player-Erweiterung auf Ihrer Website ein. Nutzen Sie unsere praktische Demo und konstruieren Sie Ihr Werkzeug mit nur wenigen Klicks!\" \/>\n<meta property=\"og:url\" content=\"https:\/\/elfsight.com\/de\/radio-player-widget\/opencart\/\" \/>\n<meta property=\"og:site_name\" content=\"Elfsight DE\" \/>\n<meta property=\"article:modified_time\" content=\"2025-07-10T08:13:30+00:00\" \/>\n<meta name=\"twitter:card\" content=\"summary_large_image\" \/>\n<meta name=\"twitter:label1\" content=\"Gesch\u00e4tzte Lesezeit\" \/>\n\t<meta name=\"twitter:data1\" content=\"2\u00a0Minuten\" \/>\n<!-- \/ Yoast SEO plugin. -->","yoast_head_json":{"title":"Elfsight Radio Player f\u00fcr OpenCart-Websites (kostenlos und einfach)","description":"F\u00fchren Sie eine responsive Radio Player-Erweiterung auf Ihrer Website ein. Nutzen Sie unsere praktische Demo und konstruieren Sie Ihr Werkzeug mit nur wenigen Klicks!","robots":{"index":"index","follow":"follow","max-snippet":"max-snippet:-1","max-image-preview":"max-image-preview:large","max-video-preview":"max-video-preview:-1"},"canonical":"https:\/\/elfsight.com\/de\/radio-player-widget\/opencart\/","og_locale":"de_DE","og_type":"article","og_title":"Elfsight Radio Player f\u00fcr OpenCart-Websites (kostenlos und einfach)","og_description":"F\u00fchren Sie eine responsive Radio Player-Erweiterung auf Ihrer Website ein. Nutzen Sie unsere praktische Demo und konstruieren Sie Ihr Werkzeug mit nur wenigen Klicks!","og_url":"https:\/\/elfsight.com\/de\/radio-player-widget\/opencart\/","og_site_name":"Elfsight DE","article_modified_time":"2025-07-10T08:13:30+00:00","twitter_card":"summary_large_image","twitter_misc":{"Gesch\u00e4tzte Lesezeit":"2\u00a0Minuten"},"schema":{"@context":"https:\/\/schema.org","@graph":[{"@type":"WebPage","@id":"https:\/\/elfsight.com\/de\/radio-player-widget\/opencart\/","url":"https:\/\/elfsight.com\/de\/radio-player-widget\/opencart\/","name":"Elfsight Radio Player f\u00fcr OpenCart-Websites (kostenlos und einfach)","isPartOf":{"@id":"https:\/\/elfsight.com\/de\/#website"},"datePublished":"1970-01-01T00:00:00+00:00","dateModified":"2025-07-10T08:13:30+00:00","description":"F\u00fchren Sie eine responsive Radio Player-Erweiterung auf Ihrer Website ein. Nutzen Sie unsere praktische Demo und konstruieren Sie Ihr Werkzeug mit nur wenigen Klicks!","breadcrumb":{"@id":"https:\/\/elfsight.com\/de\/radio-player-widget\/opencart\/#breadcrumb"},"inLanguage":"de","potentialAction":[{"@type":"ReadAction","target":["https:\/\/elfsight.com\/de\/radio-player-widget\/opencart\/"]}]},{"@type":"BreadcrumbList","@id":"https:\/\/elfsight.com\/de\/radio-player-widget\/opencart\/#breadcrumb","itemListElement":[{"@type":"ListItem","position":1,"name":"Home","item":"https:\/\/elfsight.com\/de\/"},{"@type":"ListItem","position":2,"name":"Radio Player","item":"https:\/\/elfsight.com\/de\/radio-player-widget\/"},{"@type":"ListItem","position":3,"name":"Radio Player &#8211; OpenCart"}]},{"@type":"WebSite","@id":"https:\/\/elfsight.com\/de\/#website","url":"https:\/\/elfsight.com\/de\/","name":"Elfsight DE","description":"Just another Elfsight Sites site","potentialAction":[{"@type":"SearchAction","target":{"@type":"EntryPoint","urlTemplate":"https:\/\/elfsight.com\/de\/?s={search_term_string}"},"query-input":{"@type":"PropertyValueSpecification","valueRequired":true,"valueName":"search_term_string"}}],"inLanguage":"de"}]}},"meta_box":{"industry":"","seo_heading":"","heading":"","description":"","cta_heading":"","cta_description":"","application":"2241","h1":"OpenCart Radio Player-Erweiterung","h1_caption":"F\u00fcgen Sie Ihrer Website einen Live-Radiostream mit einem anpassbaren Player hinzu, der Ihr Branding m\u00fchelos in Ihre Opencart-Website einf\u00fcgt.","application_category":[],"applications_title":"","applications_request_title":"","applications_request_button_text":"","hero_text":"","hero_video":"","hero_video_schema_markup":"","selling_points_title":"","selling_points_caption":"","selling_points":[],"selling_points_cta_text":"","features_title":"","features":"","ed_cta_examples_text":"","ed_cta_examples_hidden":"","ed_cta_demo_text":"","ed_cta_demo_hidden":"","why_caption":"","why_editor_title":"","why_editor_text":"","why_team_title":"","why_team_text":"","why_service_title":"","why_service_text":"","template_catalog_visible":"","template_catalog_title":"","template_catalog_text":"","template_catalog_categories_visible":"","demo_title":"Erstellen Sie Ihre Radio Player-Erweiterung","demo_caption":"Konfigurieren Sie Ihren Radio-Player und f\u00fcgen Sie ihn kostenlos zu Ihrer OpenCart-Website hinzu!","default_faq_hidden":"","app_template_category":[],"platform":"254","template_public_id":"","codecanyon_url":"","codecanyon_item_id":"","codecanyon_price":"","pricing_caption":"","pricing_elfsight_apps_hide_column":"","pricing_elfsight_apps_url":"","pricing_codecanyon_price_caption":"","integration_category":[],"integration_request_title":"","integration_request_cta":"","integration_platform":"","integrations":[],"platform_category":[],"video_schema_markup":"","price":"ab 0 $ \/ Monat","trial":"","benefits":[{"text":"Kostenlose Installationsunterst\u00fctzung"},{"text":"Effektiver Kundenservice"},{"text":"14-t\u00e4gige R\u00fcckerstattungsgarantie"},{"text":"Kontinuierliche Updates"}],"button_url":"#demo","button_target_blank":"","button_nofollow":"","attributes":[{"name":"Installiert","content":"10,000 - 100,000"},{"name":"Reaktionsfreudig","content":"Ja"},{"name":"Kompatible Browser","content":"Chrome, Firefox, Opera, Edge, Safari"}],"tags":[],"tags_disable_links":"","hide_more_platforms":"","video_object":"","demo_hide_cta":"","demo_hide_cloud_options":"","pricing_title":"","pricing":[{"pricing_icon":"platform","pricing_title":"Elfsight Apps","pricing_title_caption":"Plattform\u00fcbergreifende digitale L\u00f6sung","pricing_price":"ab 0 $ \/ Monat","pricing_price_caption":"Beginnen Sie mit einem kostenlosen Plan","pricing_benefits":[{"text":"Unbegrenzte Domains"},{"text":"Schneller und p\u00fcnktlicher Support"},{"text":"Kostenlose Installationsunterst\u00fctzung"},{"text":"Flexibles Design"}],"pricing_button_text":"Zur Website hinzuf\u00fcgen","pricing_button_url":"#demo"}],"related_apps_title":"","related_apps_hidden":"","author":"","image":[],"title":"","job":"","social_networks":[]},"_links":{"self":[{"href":"https:\/\/elfsight.com\/de\/wp-json\/wp\/v2\/pages\/9931","targetHints":{"allow":["GET"]}}],"collection":[{"href":"https:\/\/elfsight.com\/de\/wp-json\/wp\/v2\/pages"}],"about":[{"href":"https:\/\/elfsight.com\/de\/wp-json\/wp\/v2\/types\/page"}],"author":[{"embeddable":true,"href":"https:\/\/elfsight.com\/de\/wp-json\/wp\/v2\/users\/9"}],"replies":[{"embeddable":true,"href":"https:\/\/elfsight.com\/de\/wp-json\/wp\/v2\/comments?post=9931"}],"version-history":[{"count":1,"href":"https:\/\/elfsight.com\/de\/wp-json\/wp\/v2\/pages\/9931\/revisions"}],"predecessor-version":[{"id":9935,"href":"https:\/\/elfsight.com\/de\/wp-json\/wp\/v2\/pages\/9931\/revisions\/9935"}],"up":[{"embeddable":true,"href":"https:\/\/elfsight.com\/de\/wp-json\/wp\/v2\/pages\/2242"}],"wp:attachment":[{"href":"https:\/\/elfsight.com\/de\/wp-json\/wp\/v2\/media?parent=9931"}],"curies":[{"name":"wp","href":"https:\/\/api.w.org\/{rel}","templated":true}]}}