{"id":9930,"date":"1970-01-01T00:00:00","date_gmt":"1970-01-01T00:00:00","guid":{"rendered":"https:\/\/elfsight.com\/de\/?page_id=9930"},"modified":"2025-02-14T15:01:00","modified_gmt":"2025-02-14T15:01:00","slug":"shopify","status":"publish","type":"page","link":"https:\/\/elfsight.com\/de\/radio-player-widget\/shopify\/","title":{"rendered":"Radio Player &#8211; Shopify"},"content":{"rendered":"\n<div class=\"application-platform-content-item-description application-platform-content-item\" id=\"description\" data-nav-section=\"description\"> <h2>Radio Player auf Shopify mit dem Elfsight-Widget einbetten<\/h2> <p>Elfsight Radio ist eine einfache App, mit der Sie Radiosender direkt streamen k\u00f6nnen Auf deiner Webseite. Die App ist hochgradig anpassbar: Sie k\u00f6nnen ihre Platzierung \u00e4ndern, sie an einer beliebigen Stelle auf der Seite platzieren, ihre Gr\u00f6\u00dfe \u00e4ndern, den Hintergrund und andere Elemente neu einf\u00e4rben, um sie mit dem Layout Ihrer Website zu vermischen, ein dunkles Farbschema verwenden, Bilder anzeigen und ein- oder ausblenden drei weitere Spielerteile, zum Beispiel \u00dcberschrift, Status und mehr. Sie k\u00f6nnen so viele Sender hochladen, wie Sie ben\u00f6tigen, um Ihre Benutzer zu unterhalten, schalten Sie die automatische Wiedergabe ein und stellen Sie sicher, dass Ihre Besucher Ihre Website nicht sofort verlassen!<\/p> <p><b>Versorgen Sie Ihre Besucher mit einer weiteren Quelle f\u00fcr Hilfreiche und ansprechende Inhalte \u00fcber den Radio Player<\/b><\/p> <\/div> <div class=\"application-platform-content-item-features application-platform-content-item\" id=\"features\" data-nav-section=\"features\"> <h2>Dies sind nur einige der verschiedenen App-Funktionen:<\/h2> <ul><li>Zahlreiche Farbvariationen.<\/li><li>Dunkles\/helles Farbthema.<\/li><li>Zwei Layouts anwendbar.<\/li><li>Eine M\u00f6glichkeit, ein Hintergrundbild zu verwenden.<\/li><li>Unendlich viele Sender hinzuf\u00fcgen.<\/li><\/ul><p><a href=\"#demo\">Mit der Demo k\u00f6nnen Sie sehen, wann die App verf\u00fcgbar ist<\/a><\/p> <\/div> <div class=\"application-platform-content-item-installation application-platform-content-item\" id=\"installation\" data-nav-section=\"installation\"> <h2>Wie bette ich den Radio Player in meine Shopify-Website ein?<\/h2><div class=\"video-container\"><iframe width=\"560\" height=\"315\" src=\"https:\/\/www.youtube.com\/embed\/XBI3KIu9iHI?si=bMFC_MT-cltltu3m\" frameborder=\"0\" allow=\"accelerometer; autoplay; clipboard-write; encrypted-media; gyroscope; picture-in-picture; web-share\" allowfullscreen><\/iframe><\/div><p>Befolgen Sie einfach die folgenden Richtlinien, um die App einzuf\u00fcgen.<\/p> <ol><li><b>F\u00fchren Sie unseren kostenlosen Editor aus und beginnen Sie mit der Erstellung Ihrer ma\u00dfgeschneiderten App. <\/b><br> W\u00e4hlen Sie das bevorzugte Aussehen und die Parameter der App und speichern Sie alle Korrekturen. <\/li> <li><b>Lassen Sie sich Ihren einzigartigen Code im Fenster von Elfsight Apps anzeigen. <\/b><br> Kopieren Sie unmittelbar nach Abschluss der Generierung Ihrer App den pers\u00f6nlichen Code in das entstandene Feld und bewahren Sie ihn f\u00fcr einen sp\u00e4teren Bedarf auf. <\/li> <li><b>Initiieren Sie die Nutzung der App auf der Shopify-Website. <\/b><br> F\u00fcgen Sie den zuvor kopierten Code in Ihre Seite ein und speichern Sie die \u00c4nderungen. <\/li> <li><b>Du bist fertig! Die Einbettung ist erfolgreich abgeschlossen. <\/b><br> Besuchen Sie Ihre Webseite, um zu sehen, wie die App funktioniert. <\/li><\/ol><p>Wenn Sie mit Anfragen konfrontiert werden oder auf Schwierigkeiten sto\u00dfen, scheuen Sie sich nicht, sich an unsere Kundendienstmitarbeiter zu wenden. Unsere Spezialisten helfen Ihnen gerne bei allen Schwierigkeiten, die Sie mit dem Widget haben k\u00f6nnten. <\/p> <div class=\"faq\" data-component=\"FAQ\"><div class=\"faq-item\">\r\n\t\t\t\t\t<div class=\"faq-item-question\">\r\n\t\t\t\t\t\t<h3 class=\"faq-item-question-text\">Wie kann ich ohne Programmierkenntnisse einen Radio Player in Shopify einbetten?<\/h3>\r\n\r\n\t\t\t\t\t\t<div class=\"faq-item-question-icon\"><\/div>\r\n\t\t\t\t\t<\/div>\r\n\r\n\t\t\t\t\t<div class=\"faq-item-answer\">\r\n\t\t\t\t\t\t<div class=\"faq-item-answer-text\"><p>Elfsight bietet eine cloudbasierte L\u00f6sung, mit der Benutzer selbst einen Radio Player f\u00fcr Shopify erstellen k\u00f6nnen . Entdecken Sie, wie einfach der Prozess sein kann:<\/p><ul><li>Greifen Sie auf den Online-Editor zu, um einen Radio-Player-Bereich zu erstellen, den Sie in Ihren Shopify-Shop integrieren m\u00f6chten.<\/li><li>W\u00e4hlen Sie einen davon aus Nutzen Sie unsere vorgefertigten Vorlagen und passen Sie die Einstellungen des Radio Players an, passen Sie das Layout und das Farbschema an und f\u00fcgen Sie Ihre Inhalte ein, ohne dass eine Programmierung erforderlich ist.<\/li><li>Speichern Sie die Einstellungen, die Sie f\u00fcr den Radio Player konfiguriert haben, und laden Sie die herunter Code zum Einbetten, der m\u00fchelos und kostenlos zu Ihrem Shopify-Shop hinzugef\u00fcgt werden kann.<\/li><\/ul><p>Durch die Arbeit im benutzerfreundlichen Editor kann jeder Internetnutzer einen Radio-Player-Bereich erstellen und ihn darin einbetten ihr Shopify-Shop. F\u00fcr den Zugriff auf den Elfsight-Editor ist weder eine Zahlung noch die Offenlegung Ihrer Karteninformationen erforderlich. Sollten Sie zu irgendeinem Zeitpunkt auf Schwierigkeiten sto\u00dfen, wenden Sie sich bitte an unseren Kundensupport.<\/p><\/div>\r\n\t\t\t\t\t<\/div>\r\n\t\t\t\t<\/div><\/div><\/div>\n","protected":false},"excerpt":{"rendered":"","protected":false},"author":9,"featured_media":0,"parent":2242,"menu_order":0,"comment_status":"closed","ping_status":"closed","template":"templates\/template-application-platform.php","meta":{"publish_to_discourse":"","publish_post_category":"","wpdc_auto_publish_overridden":"","wpdc_topic_tags":"","wpdc_pin_topic":"","wpdc_pin_until":"","discourse_post_id":"","discourse_permalink":"","wpdc_publishing_response":"","wpdc_publishing_error":"","footnotes":""},"class_list":["post-9930","page","type-page","status-publish","hentry"],"yoast_head":"<!-- This site is optimized with the Yoast SEO plugin v25.3.1 - https:\/\/yoast.com\/wordpress\/plugins\/seo\/ -->\n<title>Elfsight Radio Player f\u00fcr Shopify-Websites (kostenlos und schnell)<\/title>\n<meta name=\"description\" content=\"F\u00fcgen Sie Ihrer Homepage eine responsive Radio Player-App hinzu. Nutzen Sie unsere praktische Demo und erstellen Sie Ihr Werkzeug mit nur wenigen Klicks!\" \/>\n<meta name=\"robots\" content=\"index, follow, max-snippet:-1, max-image-preview:large, max-video-preview:-1\" \/>\n<link rel=\"canonical\" href=\"https:\/\/elfsight.com\/de\/radio-player-widget\/shopify\/\" \/>\n<meta property=\"og:locale\" content=\"de_DE\" \/>\n<meta property=\"og:type\" content=\"article\" \/>\n<meta property=\"og:title\" content=\"Elfsight Radio Player f\u00fcr Shopify-Websites (kostenlos und schnell)\" \/>\n<meta property=\"og:description\" content=\"F\u00fcgen Sie Ihrer Homepage eine responsive Radio Player-App hinzu. Nutzen Sie unsere praktische Demo und erstellen Sie Ihr Werkzeug mit nur wenigen Klicks!\" \/>\n<meta property=\"og:url\" content=\"https:\/\/elfsight.com\/de\/radio-player-widget\/shopify\/\" \/>\n<meta property=\"og:site_name\" content=\"Elfsight DE\" \/>\n<meta property=\"article:modified_time\" content=\"2025-02-14T15:01:00+00:00\" \/>\n<meta name=\"twitter:card\" content=\"summary_large_image\" \/>\n<meta name=\"twitter:label1\" content=\"Gesch\u00e4tzte Lesezeit\" \/>\n\t<meta name=\"twitter:data1\" content=\"3\u00a0Minuten\" \/>\n<!-- \/ Yoast SEO plugin. -->","yoast_head_json":{"title":"Elfsight Radio Player f\u00fcr Shopify-Websites (kostenlos und schnell)","description":"F\u00fcgen Sie Ihrer Homepage eine responsive Radio Player-App hinzu. Nutzen Sie unsere praktische Demo und erstellen Sie Ihr Werkzeug mit nur wenigen Klicks!","robots":{"index":"index","follow":"follow","max-snippet":"max-snippet:-1","max-image-preview":"max-image-preview:large","max-video-preview":"max-video-preview:-1"},"canonical":"https:\/\/elfsight.com\/de\/radio-player-widget\/shopify\/","og_locale":"de_DE","og_type":"article","og_title":"Elfsight Radio Player f\u00fcr Shopify-Websites (kostenlos und schnell)","og_description":"F\u00fcgen Sie Ihrer Homepage eine responsive Radio Player-App hinzu. Nutzen Sie unsere praktische Demo und erstellen Sie Ihr Werkzeug mit nur wenigen Klicks!","og_url":"https:\/\/elfsight.com\/de\/radio-player-widget\/shopify\/","og_site_name":"Elfsight DE","article_modified_time":"2025-02-14T15:01:00+00:00","twitter_card":"summary_large_image","twitter_misc":{"Gesch\u00e4tzte Lesezeit":"3\u00a0Minuten"},"schema":{"@context":"https:\/\/schema.org","@graph":[{"@type":"WebPage","@id":"https:\/\/elfsight.com\/de\/radio-player-widget\/shopify\/","url":"https:\/\/elfsight.com\/de\/radio-player-widget\/shopify\/","name":"Elfsight Radio Player f\u00fcr Shopify-Websites (kostenlos und schnell)","isPartOf":{"@id":"https:\/\/elfsight.com\/de\/#website"},"datePublished":"1970-01-01T00:00:00+00:00","dateModified":"2025-02-14T15:01:00+00:00","description":"F\u00fcgen Sie Ihrer Homepage eine responsive Radio Player-App hinzu. Nutzen Sie unsere praktische Demo und erstellen Sie Ihr Werkzeug mit nur wenigen Klicks!","breadcrumb":{"@id":"https:\/\/elfsight.com\/de\/radio-player-widget\/shopify\/#breadcrumb"},"inLanguage":"de","potentialAction":[{"@type":"ReadAction","target":["https:\/\/elfsight.com\/de\/radio-player-widget\/shopify\/"]}]},{"@type":"BreadcrumbList","@id":"https:\/\/elfsight.com\/de\/radio-player-widget\/shopify\/#breadcrumb","itemListElement":[{"@type":"ListItem","position":1,"name":"Home","item":"https:\/\/elfsight.com\/de\/"},{"@type":"ListItem","position":2,"name":"Radio Player","item":"https:\/\/elfsight.com\/de\/radio-player-widget\/"},{"@type":"ListItem","position":3,"name":"Radio Player &#8211; Shopify"}]},{"@type":"WebSite","@id":"https:\/\/elfsight.com\/de\/#website","url":"https:\/\/elfsight.com\/de\/","name":"Elfsight DE","description":"Just another Elfsight Sites site","potentialAction":[{"@type":"SearchAction","target":{"@type":"EntryPoint","urlTemplate":"https:\/\/elfsight.com\/de\/?s={search_term_string}"},"query-input":{"@type":"PropertyValueSpecification","valueRequired":true,"valueName":"search_term_string"}}],"inLanguage":"de"}]}},"meta_box":{"industry":"","seo_heading":"","heading":"","description":"","cta_heading":"","cta_description":"","application":"2241","h1":"Shopify Radio Player-App","h1_caption":"F\u00fcgen Sie Ihrer Website einen Live-Radiostream mit einem anpassbaren Player hinzu, der Ihr Branding m\u00fchelos in Ihre Shopify-Website einf\u00fcgt.","application_category":[],"applications_title":"","applications_request_title":"","applications_request_button_text":"","hero_text":"","hero_video":"","hero_video_schema_markup":"","selling_points_title":"","selling_points_caption":"","selling_points":[],"selling_points_cta_text":"","features_title":"","features":"","ed_cta_examples_text":"","ed_cta_examples_hidden":"","ed_cta_demo_text":"","ed_cta_demo_hidden":"","why_caption":"","why_editor_title":"","why_editor_text":"","why_team_title":"","why_team_text":"","why_service_title":"","why_service_text":"","template_catalog_visible":"0","template_catalog_title":"","template_catalog_text":"","template_catalog_categories_visible":"","demo_title":"Erstellen Sie Ihre Radio-Player-App","demo_caption":"Konfigurieren Sie Ihren Radio-Player und f\u00fcgen Sie ihn kostenlos zu Ihrer Shopify-Website hinzu!","default_faq_hidden":"","app_template_category":[],"platform":"253","template_public_id":"","codecanyon_url":"","codecanyon_item_id":"","codecanyon_price":"","pricing_caption":"","pricing_elfsight_apps_hide_column":"","pricing_elfsight_apps_url":"","pricing_codecanyon_price_caption":"","integration_category":[],"integration_request_title":"","integration_request_cta":"","integration_platform":"","integrations":[],"platform_category":[],"video_schema_markup":"","price":"ab 0 $ \/ Monat","trial":"","benefits":[{"text":"Kostenloser Installationsservice"},{"text":"Premium-Support"},{"text":"14-t\u00e4gige Geld-zur\u00fcck-Garantie"},{"text":"Kontinuierliche kostenlose Updates"}],"button_url":"#demo","button_target_blank":"0","button_nofollow":"0","attributes":[{"name":"Installiert","content":"10,000 - 100,000"},{"name":"Reaktionsfreudig","content":"Ja"},{"name":"Kompatible Browser","content":"Firefox, Safari, Opera, Chrome, Edge"}],"tags":[],"tags_disable_links":"0","hide_more_platforms":"0","video_object":"","demo_hide_cta":"0","demo_hide_cloud_options":"0","pricing_title":"","pricing":[{"pricing_icon":"platform","pricing_title":"Elfsight Apps","pricing_title_caption":"Plattform\u00fcbergreifende Version, die auf jeder Website funktioniert","pricing_price":"ab 0 $ \/ Monat","pricing_price_caption":"Beginnen Sie mit einem kostenlosen Plan","pricing_benefits":[{"text":"Unbegrenzte Websites"},{"text":"Premium-Support"},{"text":"Kostenloser Installationsservice"},{"text":"Sonderangebot f\u00fcr mehrere Apps"}],"pricing_button_text":"Zur Website hinzuf\u00fcgen","pricing_button_url":"#demo"}],"related_apps_title":"","related_apps_hidden":"0","author":"","image":[],"title":"","job":"","social_networks":[]},"_links":{"self":[{"href":"https:\/\/elfsight.com\/de\/wp-json\/wp\/v2\/pages\/9930","targetHints":{"allow":["GET"]}}],"collection":[{"href":"https:\/\/elfsight.com\/de\/wp-json\/wp\/v2\/pages"}],"about":[{"href":"https:\/\/elfsight.com\/de\/wp-json\/wp\/v2\/types\/page"}],"author":[{"embeddable":true,"href":"https:\/\/elfsight.com\/de\/wp-json\/wp\/v2\/users\/9"}],"replies":[{"embeddable":true,"href":"https:\/\/elfsight.com\/de\/wp-json\/wp\/v2\/comments?post=9930"}],"version-history":[{"count":4,"href":"https:\/\/elfsight.com\/de\/wp-json\/wp\/v2\/pages\/9930\/revisions"}],"predecessor-version":[{"id":24220,"href":"https:\/\/elfsight.com\/de\/wp-json\/wp\/v2\/pages\/9930\/revisions\/24220"}],"up":[{"embeddable":true,"href":"https:\/\/elfsight.com\/de\/wp-json\/wp\/v2\/pages\/2242"}],"wp:attachment":[{"href":"https:\/\/elfsight.com\/de\/wp-json\/wp\/v2\/media?parent=9930"}],"curies":[{"name":"wp","href":"https:\/\/api.w.org\/{rel}","templated":true}]}}