{"id":9924,"date":"1970-01-01T00:00:00","date_gmt":"1970-01-01T00:00:00","guid":{"rendered":"https:\/\/elfsight.com\/de\/?page_id=9924"},"modified":"2025-02-14T15:03:48","modified_gmt":"2025-02-14T15:03:48","slug":"webflow","status":"publish","type":"page","link":"https:\/\/elfsight.com\/de\/radio-player-widget\/webflow\/","title":{"rendered":"Radio Player &#8211; Webflow"},"content":{"rendered":"\n<div class=\"application-platform-content-item-description application-platform-content-item\" id=\"description\" data-nav-section=\"description\"> <h2>Radio Player mit dem Elfsight-Widget in Webflow einbetten<\/h2> <p>Das Elfsight Radio-Widget ist ein einfaches Tool, mit dem Sie Radio streamen k\u00f6nnen Stationen auf den Seiten Ihrer Website. Das Plugin ist \u00e4u\u00dferst anpassbar: Sie k\u00f6nnen seine Position \u00e4ndern, es an einer beliebigen Stelle auf der Seite platzieren, seine Gr\u00f6\u00dfe \u00e4ndern, den Hintergrund und andere Teile \u00fcberarbeiten, um es mit dem Design Ihrer Website zu verschmelzen, ein dunkles Farbschema verwenden, Bilder einblenden und anzeigen oder ausblenden 3 zus\u00e4tzliche Spielerkomponenten wie \u00dcberschrift, Status und mehr. Sie k\u00f6nnen so viele Sender hochladen, wie Sie m\u00f6chten, um Ihr Publikum anzusprechen, schalten Sie die Autoplay-Option ein und stellen Sie sicher, dass Ihre Besucher Ihre Website nicht sofort verlassen!<\/p> <p><b>Stellen Sie Ihren Besuchern eine brandneue Quelle zur Verf\u00fcgung von n\u00fctzlichen und interessanten Inhalten mit Radio Player.<\/b><\/p> <\/div> <div class=\"application-platform-content-item-features application-platform-content-item\" id=\"features\" data-nav-section=\"features\"> <h2>Das Widget enth\u00e4lt n\u00fctzliche und schnelle Funktionen, sehen Sie sich einige davon an:<\/h2> <ul><li>Verschiedene Farbvarianten.<\/li><li>Dunkles\/helles Farbthema.<\/li><li>Zwei Layouts anwendbar.<\/li><li>Eine Option zum Hinzuf\u00fcgen eines Hintergrundbilds.<\/li><li>Eine unbegrenzte Anzahl von Stationen.<\/li><\/ul><p><a href=\"#demo\">Sie k\u00f6nnen erkunden, wie das Widget funktioniert, indem Sie die Demo ausprobieren<\/a><\/p> <\/div> <div class=\"application-platform-content-item-installation application-platform-content-item\" id=\"installation\" data-nav-section=\"installation\"> <h2>Wie kann ich Radio Player in meine Webflow-Site einbetten?<\/h2><div class=\"video-container\"><iframe width=\"560\" height=\"315\" src=\"https:\/\/www.youtube.com\/embed\/SN1x_pYrglc?si=9FFUc9MHUzuDAe8b\" frameborder=\"0\" allow=\"accelerometer; autoplay; clipboard-write; encrypted-media; gyroscope; picture-in-picture; web-share\" allowfullscreen><\/iframe><\/div><p>Befolgen Sie einfach die nachstehenden Anweisungen, um das Werkzeug einzusetzen.<\/p> <ol><li><b>Verwenden Sie unseren kostenlosen Konfigurator und beginnen Sie mit der Erstellung Ihres personalisierten Widgets.<\/b><br> Geben Sie das bevorzugte Layout und die Spezifikationen des Plugins an und speichern Sie die \u00c4nderungen.<\/li> <li><b>Lassen Sie Ihren einzigartigen Code im Fenster von Elfsight Apps offenlegen.<\/b><br> Sobald die Anpassung Ihres pers\u00f6nlichen Tools abgeschlossen ist, kopieren Sie den exklusiven Code aus dem angezeigten Popup und bewahren Sie ihn f\u00fcr die weitere Verwendung auf.<\/li> <li><b>Beginnen Sie mit der Anwendung des Widgets auf Ihrer Webflow-Site.<\/b><br> Platzieren Sie den Code, den Sie zuvor gespeichert haben, auf Ihrer Webseite und speichern Sie die Anpassungen. <\/li> <li><b>Die Installation ist vollst\u00e4ndig abgeschlossen.<\/b><br> Besuchen Sie Ihre Website, um einen Blick auf die Leistung des Plugins zu werfen.<\/li><\/ol> <p>Unter der Bedingung, dass Wenn Sie Fragen haben oder auf Probleme sto\u00dfen, k\u00f6nnen Sie sich jederzeit an unser Support-Team wenden. Unsere Berater sind bestrebt, alle Ihre Fragen zum Widget zu beantworten.<\/p> <div class=\"faq\" data-component=\"FAQ\"><div class=\"faq-item\">\r\n\t\t\t\t\t<div class=\"faq-item-question\">\r\n\t\t\t\t\t\t<h3 class=\"faq-item-question-text\">Wie kann ich ein Radio Player-Widget ohne Programmierkenntnisse in meine Webflow-Site einbetten?<\/h3>\r\n\r\n\t\t\t\t\t\t<div class=\"faq-item-question-icon\"><\/div>\r\n\t\t\t\t\t<\/div>\r\n\r\n\t\t\t\t\t<div class=\"faq-item-answer\">\r\n\t\t\t\t\t\t<div class=\"faq-item-answer-text\"><p>Elfsight bietet eine cloudbasierte L\u00f6sung, mit der Benutzer selbst ein Radio-Player-Widget erstellen k\u00f6nnen. Sehen Sie, wie unkompliziert der Vorgang ist:<\/p><ul><li>Greifen Sie auf den Online-Editor zu, um einen gew\u00fcnschten Radio-Player-Widget-Abschnitt zu erstellen m\u00f6chten Sie gerne in Ihre Webflow-Site integrieren.<\/li><li>W\u00e4hlen Sie eine unserer vorgefertigten Vorlagen und passen Sie die Einstellungen des Radio Player-Widgets an, \u00e4ndern Sie das Layout und das Farbschema und f\u00fcgen Sie Ihre Inhalte ein, ohne dass eine Codierung erforderlich ist.<\/li><li>Speichern Sie die Einstellungen, die Sie f\u00fcr das Radio Player-Widget konfiguriert haben, und erhalten Sie den Code zum Einbetten des Widgets, der m\u00fchelos und kostenlos zu Ihrer Webflow-Site hinzugef\u00fcgt werden kann.<\/li><\/ul><p>Von Mit dem benutzerfreundlichen Editor kann jeder Internetnutzer einen Radio Player-Widget-Bereich erstellen und ihn in seine Webflow-Website einbetten. F\u00fcr den Zugriff auf den Elfsight-Editor ist keine Zahlung oder Offenlegung Ihrer Karteninformationen erforderlich. Sollten Sie zu irgendeinem Zeitpunkt auf Schwierigkeiten sto\u00dfen, wenden Sie sich bitte an unseren Kundensupport.<\/p><\/div>\r\n\t\t\t\t\t<\/div>\r\n\t\t\t\t<\/div><\/div><\/div>\n","protected":false},"excerpt":{"rendered":"","protected":false},"author":9,"featured_media":0,"parent":2242,"menu_order":0,"comment_status":"closed","ping_status":"closed","template":"templates\/template-application-platform.php","meta":{"publish_to_discourse":"","publish_post_category":"","wpdc_auto_publish_overridden":"","wpdc_topic_tags":"","wpdc_pin_topic":"","wpdc_pin_until":"","discourse_post_id":"","discourse_permalink":"","wpdc_publishing_response":"","wpdc_publishing_error":"","footnotes":""},"class_list":["post-9924","page","type-page","status-publish","hentry"],"yoast_head":"<!-- This site is optimized with the Yoast SEO plugin v25.3.1 - https:\/\/yoast.com\/wordpress\/plugins\/seo\/ -->\n<title>Elfsight Radio Player f\u00fcr die Webflow-Website (kostenlos und einfach hinzuzuf\u00fcgen)<\/title>\n<meta name=\"description\" content=\"Implementieren Sie ein responsives Radio-Player-Widget auf Ihrer Homepage. Nutzen Sie unsere praktische Demo und erstellen Sie sie mit wenigen Klicks!\" \/>\n<meta name=\"robots\" content=\"index, follow, max-snippet:-1, max-image-preview:large, max-video-preview:-1\" \/>\n<link rel=\"canonical\" href=\"https:\/\/elfsight.com\/de\/radio-player-widget\/webflow\/\" \/>\n<meta property=\"og:locale\" content=\"de_DE\" \/>\n<meta property=\"og:type\" content=\"article\" \/>\n<meta property=\"og:title\" content=\"Elfsight Radio Player f\u00fcr die Webflow-Website (kostenlos und einfach hinzuzuf\u00fcgen)\" \/>\n<meta property=\"og:description\" content=\"Implementieren Sie ein responsives Radio-Player-Widget auf Ihrer Homepage. Nutzen Sie unsere praktische Demo und erstellen Sie sie mit wenigen Klicks!\" \/>\n<meta property=\"og:url\" content=\"https:\/\/elfsight.com\/de\/radio-player-widget\/webflow\/\" \/>\n<meta property=\"og:site_name\" content=\"Elfsight DE\" \/>\n<meta property=\"article:modified_time\" content=\"2025-02-14T15:03:48+00:00\" \/>\n<meta name=\"twitter:card\" content=\"summary_large_image\" \/>\n<meta name=\"twitter:label1\" content=\"Gesch\u00e4tzte Lesezeit\" \/>\n\t<meta name=\"twitter:data1\" content=\"3\u00a0Minuten\" \/>\n<!-- \/ Yoast SEO plugin. -->","yoast_head_json":{"title":"Elfsight Radio Player f\u00fcr die Webflow-Website (kostenlos und einfach hinzuzuf\u00fcgen)","description":"Implementieren Sie ein responsives Radio-Player-Widget auf Ihrer Homepage. Nutzen Sie unsere praktische Demo und erstellen Sie sie mit wenigen Klicks!","robots":{"index":"index","follow":"follow","max-snippet":"max-snippet:-1","max-image-preview":"max-image-preview:large","max-video-preview":"max-video-preview:-1"},"canonical":"https:\/\/elfsight.com\/de\/radio-player-widget\/webflow\/","og_locale":"de_DE","og_type":"article","og_title":"Elfsight Radio Player f\u00fcr die Webflow-Website (kostenlos und einfach hinzuzuf\u00fcgen)","og_description":"Implementieren Sie ein responsives Radio-Player-Widget auf Ihrer Homepage. Nutzen Sie unsere praktische Demo und erstellen Sie sie mit wenigen Klicks!","og_url":"https:\/\/elfsight.com\/de\/radio-player-widget\/webflow\/","og_site_name":"Elfsight DE","article_modified_time":"2025-02-14T15:03:48+00:00","twitter_card":"summary_large_image","twitter_misc":{"Gesch\u00e4tzte Lesezeit":"3\u00a0Minuten"},"schema":{"@context":"https:\/\/schema.org","@graph":[{"@type":"WebPage","@id":"https:\/\/elfsight.com\/de\/radio-player-widget\/webflow\/","url":"https:\/\/elfsight.com\/de\/radio-player-widget\/webflow\/","name":"Elfsight Radio Player f\u00fcr die Webflow-Website (kostenlos und einfach hinzuzuf\u00fcgen)","isPartOf":{"@id":"https:\/\/elfsight.com\/de\/#website"},"datePublished":"1970-01-01T00:00:00+00:00","dateModified":"2025-02-14T15:03:48+00:00","description":"Implementieren Sie ein responsives Radio-Player-Widget auf Ihrer Homepage. Nutzen Sie unsere praktische Demo und erstellen Sie sie mit wenigen Klicks!","breadcrumb":{"@id":"https:\/\/elfsight.com\/de\/radio-player-widget\/webflow\/#breadcrumb"},"inLanguage":"de","potentialAction":[{"@type":"ReadAction","target":["https:\/\/elfsight.com\/de\/radio-player-widget\/webflow\/"]}]},{"@type":"BreadcrumbList","@id":"https:\/\/elfsight.com\/de\/radio-player-widget\/webflow\/#breadcrumb","itemListElement":[{"@type":"ListItem","position":1,"name":"Home","item":"https:\/\/elfsight.com\/de\/"},{"@type":"ListItem","position":2,"name":"Radio Player","item":"https:\/\/elfsight.com\/de\/radio-player-widget\/"},{"@type":"ListItem","position":3,"name":"Radio Player &#8211; Webflow"}]},{"@type":"WebSite","@id":"https:\/\/elfsight.com\/de\/#website","url":"https:\/\/elfsight.com\/de\/","name":"Elfsight DE","description":"Just another Elfsight Sites site","potentialAction":[{"@type":"SearchAction","target":{"@type":"EntryPoint","urlTemplate":"https:\/\/elfsight.com\/de\/?s={search_term_string}"},"query-input":{"@type":"PropertyValueSpecification","valueRequired":true,"valueName":"search_term_string"}}],"inLanguage":"de"}]}},"meta_box":{"industry":"","seo_heading":"","heading":"","description":"","cta_heading":"","cta_description":"","application":"2241","h1":"Webflow Radio Player-Widget","h1_caption":"F\u00fcgen Sie Ihrer Website einen Live-Radiostream mit einem anpassbaren Player hinzu, der Ihr Branding m\u00fchelos in Ihre Webflow-Website einf\u00fcgt.","application_category":[],"applications_title":"","applications_request_title":"","applications_request_button_text":"","hero_text":"","hero_video":"","hero_video_schema_markup":"","selling_points_title":"","selling_points_caption":"","selling_points":[],"selling_points_cta_text":"","features_title":"","features":"","ed_cta_examples_text":"","ed_cta_examples_hidden":"","ed_cta_demo_text":"","ed_cta_demo_hidden":"","why_caption":"","why_editor_title":"","why_editor_text":"","why_team_title":"","why_team_text":"","why_service_title":"","why_service_text":"","template_catalog_visible":"0","template_catalog_title":"","template_catalog_text":"","template_catalog_categories_visible":"","demo_title":"Erstellen Sie Ihr Radio-Player-Widget","demo_caption":"Konfigurieren Sie Ihren Radio-Player und f\u00fcgen Sie ihn kostenlos zu Ihrer Webflow-Website hinzu!","default_faq_hidden":"","app_template_category":[],"platform":"250","template_public_id":"","codecanyon_url":"","codecanyon_item_id":"","codecanyon_price":"","pricing_caption":"","pricing_elfsight_apps_hide_column":"","pricing_elfsight_apps_url":"","pricing_codecanyon_price_caption":"","integration_category":[],"integration_request_title":"","integration_request_cta":"","integration_platform":"","integrations":[],"platform_category":[],"video_schema_markup":"","price":"ab 0 $ \/ Monat","trial":"","benefits":[{"text":"Kostenlose Installationsunterst\u00fctzung"},{"text":"Au\u00dfergew\u00f6hnliche Unterst\u00fctzung"},{"text":"14-t\u00e4gige Geld-zur\u00fcck-Garantie"},{"text":"Lebenslange kostenlose Updates"}],"button_url":"#demo","button_target_blank":"0","button_nofollow":"0","attributes":[{"name":"Installiert","content":"10,000 - 100,000"},{"name":"Reaktionsfreudig","content":"Ja"},{"name":"Kompatible Browser","content":"Chrome, Firefox, Safari, Opera, Edge"}],"tags":[],"tags_disable_links":"0","hide_more_platforms":"0","video_object":"","demo_hide_cta":"0","demo_hide_cloud_options":"0","pricing_title":"","pricing":[{"pricing_icon":"platform","pricing_title":"Elfsight Apps","pricing_title_caption":"Plattformunabh\u00e4ngige digitale L\u00f6sung, die zu jedem Standort passt","pricing_price":"ab 0 $ \/ Monat","pricing_price_caption":"Beginnen Sie mit einem kostenlosen Plan","pricing_benefits":[{"text":"Unbegrenzte Domains"},{"text":"Engagierter Kundensupport"},{"text":"Kostenloser Installationsservice"},{"text":"Sonderangebot f\u00fcr mehrere Apps"}],"pricing_button_text":"Zur Website hinzuf\u00fcgen","pricing_button_url":"#demo"}],"related_apps_title":"","related_apps_hidden":"0","author":"","image":[],"title":"","job":"","social_networks":[]},"_links":{"self":[{"href":"https:\/\/elfsight.com\/de\/wp-json\/wp\/v2\/pages\/9924","targetHints":{"allow":["GET"]}}],"collection":[{"href":"https:\/\/elfsight.com\/de\/wp-json\/wp\/v2\/pages"}],"about":[{"href":"https:\/\/elfsight.com\/de\/wp-json\/wp\/v2\/types\/page"}],"author":[{"embeddable":true,"href":"https:\/\/elfsight.com\/de\/wp-json\/wp\/v2\/users\/9"}],"replies":[{"embeddable":true,"href":"https:\/\/elfsight.com\/de\/wp-json\/wp\/v2\/comments?post=9924"}],"version-history":[{"count":3,"href":"https:\/\/elfsight.com\/de\/wp-json\/wp\/v2\/pages\/9924\/revisions"}],"predecessor-version":[{"id":24222,"href":"https:\/\/elfsight.com\/de\/wp-json\/wp\/v2\/pages\/9924\/revisions\/24222"}],"up":[{"embeddable":true,"href":"https:\/\/elfsight.com\/de\/wp-json\/wp\/v2\/pages\/2242"}],"wp:attachment":[{"href":"https:\/\/elfsight.com\/de\/wp-json\/wp\/v2\/media?parent=9924"}],"curies":[{"name":"wp","href":"https:\/\/api.w.org\/{rel}","templated":true}]}}