{"id":9923,"date":"1970-01-01T00:00:00","date_gmt":"1970-01-01T00:00:00","guid":{"rendered":"https:\/\/elfsight.com\/de\/?page_id=9923"},"modified":"2025-02-14T15:04:35","modified_gmt":"2025-02-14T15:04:35","slug":"webnode","status":"publish","type":"page","link":"https:\/\/elfsight.com\/de\/radio-player-widget\/webnode\/","title":{"rendered":"Radio Player &#8211; Webnode"},"content":{"rendered":"\n<div class=\"application-platform-content-item-description application-platform-content-item\" id=\"description\" data-nav-section=\"description\"> <h2>Beschreibung<\/h2> <p>Das Elfsight Radio-Widget ist ein unkompliziertes Widget, mit dem Sie Radiosender auf den Seiten Ihrer Website wiedergeben k\u00f6nnen. Das Widget ist \u00e4u\u00dferst ver\u00e4nderbar: Sie k\u00f6nnen seine Platzierung \u00e4ndern, es an einer beliebigen Stelle auf der Seite einf\u00fcgen, seine Gr\u00f6\u00dfe \u00e4ndern, den Hintergrund und alle anderen Teile neu einf\u00e4rben, um es mit dem Stil Ihrer Website zu kombinieren, ein dunkles Farbschema verwenden, Bilder anzeigen und demonstrieren oder Verbergen Sie drei zus\u00e4tzliche Spielerteile wie \u00dcberschrift, Status und andere. F\u00fcgen Sie so viele Sender hinzu, wie Sie m\u00f6chten, um Ihre Benutzer zu unterhalten, schalten Sie die automatische Wiedergabe ein und z\u00f6gern Sie nicht \u2013 Ihr Publikum wird Ihre Website nicht so schnell verlassen! <\/p> <p><b>Pr\u00e4sentieren Sie Ihren Benutzern eine neue Quelle n\u00fctzlicher und ansprechender Inhalte \u00fcber den Elfsight Radio Player<\/b><\/p> <\/div> <div class=\"application-platform-content-item-features application-platform-content-item\" id=\"features\" data-nav-section=\"features\"> <h2>Dies sind nur einige der vielen Widget-Funktionen: <\/h2> <ul><li>Verschiedene Farb\u00e4nderungen. <\/li><li>Dunkel\/Hell-Farbschema. <\/li><li>2 Layouts anwendbar. <\/li><li>M\u00f6glichkeit, ein Hintergrundbild anzuh\u00e4ngen. <\/li><li>Unendlich viele Sender<\/li><\/ul><p><a href=\"#demo\">Schauen Sie sich einfach diese Demo an, um einen vollst\u00e4ndigen \u00dcberblick zu erhalten<\/a><\/p> <\/div> <div class=\"application-platform-content-item-installation application-platform-content-item\" id=\"installation\" data-nav-section=\"installation\"> <h2>Wie kann ich den Radio Player in meine Webnode-Website einbetten? <\/h2> <p>Befolgen Sie einfach die unten aufgef\u00fchrten Schritte, um mit der Arbeit mit dem Widget zu beginnen. <\/p> <ol><li><b>Nutzen Sie unseren kostenlosen Editor und beginnen Sie mit der Erstellung Ihres ma\u00dfgeschneiderten Instruments. <\/b><br> Finden Sie das passende Layout und die passenden Funktionen des Plugins und speichern Sie die \u00c4nderungen. <\/li> <li><b>Erhalten Sie Ihren individuellen Code im speziellen Formular auf Elfsight Apps. <\/b><br> Nachdem die Einrichtung Ihres Plugins abgeschlossen ist, kopieren Sie den exklusiven Code aus dem angezeigten Popup und speichern Sie ihn f\u00fcr die zuk\u00fcnftige Verwendung. <\/li> <li><b>Initiieren Sie die Nutzung des Widgets auf der Webnode-Website. <\/b><br> Platzieren Sie den zuvor kopierten Code auf Ihrer Website und speichern Sie die Anpassungen. <\/li> <li><b>Das Setup ist vollst\u00e4ndig durchgef\u00fchrt. <\/b><br> Besuchen Sie Ihre Website, um die Leistung des Widgets zu beobachten. <\/li><\/ol> <p>Falls Sie Probleme haben, k\u00f6nnen Sie gerne an unser Support-Team schreiben. Unsere Berater sind bestrebt, alle Fragen zu beantworten, die Sie m\u00f6glicherweise mit dem Plugin haben. <\/p> <\/div>\n","protected":false},"excerpt":{"rendered":"","protected":false},"author":9,"featured_media":0,"parent":2242,"menu_order":0,"comment_status":"closed","ping_status":"closed","template":"templates\/template-application-platform.php","meta":{"publish_to_discourse":"","publish_post_category":"","wpdc_auto_publish_overridden":"","wpdc_topic_tags":"","wpdc_pin_topic":"","wpdc_pin_until":"","discourse_post_id":"","discourse_permalink":"","wpdc_publishing_response":"","wpdc_publishing_error":"","footnotes":""},"class_list":["post-9923","page","type-page","status-publish","hentry"],"yoast_head":"<!-- This site is optimized with the Yoast SEO plugin v25.3.1 - https:\/\/yoast.com\/wordpress\/plugins\/seo\/ -->\n<title>Elfsight Radio Player f\u00fcr Webnode-Websites (einfach einzubetten und kostenlos)<\/title>\n<meta name=\"description\" content=\"Implementieren Sie ein responsives Radio-Player-Widget auf Ihrer Webseite. Nutzen Sie unsere praktische Demo und konstruieren Sie Ihr Werkzeug m\u00fchelos!\" \/>\n<meta name=\"robots\" content=\"index, follow, max-snippet:-1, max-image-preview:large, max-video-preview:-1\" \/>\n<link rel=\"canonical\" href=\"https:\/\/elfsight.com\/de\/radio-player-widget\/webnode\/\" \/>\n<meta property=\"og:locale\" content=\"de_DE\" \/>\n<meta property=\"og:type\" content=\"article\" \/>\n<meta property=\"og:title\" content=\"Elfsight Radio Player f\u00fcr Webnode-Websites (einfach einzubetten und kostenlos)\" \/>\n<meta property=\"og:description\" content=\"Implementieren Sie ein responsives Radio-Player-Widget auf Ihrer Webseite. Nutzen Sie unsere praktische Demo und konstruieren Sie Ihr Werkzeug m\u00fchelos!\" \/>\n<meta property=\"og:url\" content=\"https:\/\/elfsight.com\/de\/radio-player-widget\/webnode\/\" \/>\n<meta property=\"og:site_name\" content=\"Elfsight DE\" \/>\n<meta property=\"article:modified_time\" content=\"2025-02-14T15:04:35+00:00\" \/>\n<meta name=\"twitter:card\" content=\"summary_large_image\" \/>\n<meta name=\"twitter:label1\" content=\"Gesch\u00e4tzte Lesezeit\" \/>\n\t<meta name=\"twitter:data1\" content=\"2\u00a0Minuten\" \/>\n<!-- \/ Yoast SEO plugin. -->","yoast_head_json":{"title":"Elfsight Radio Player f\u00fcr Webnode-Websites (einfach einzubetten und kostenlos)","description":"Implementieren Sie ein responsives Radio-Player-Widget auf Ihrer Webseite. Nutzen Sie unsere praktische Demo und konstruieren Sie Ihr Werkzeug m\u00fchelos!","robots":{"index":"index","follow":"follow","max-snippet":"max-snippet:-1","max-image-preview":"max-image-preview:large","max-video-preview":"max-video-preview:-1"},"canonical":"https:\/\/elfsight.com\/de\/radio-player-widget\/webnode\/","og_locale":"de_DE","og_type":"article","og_title":"Elfsight Radio Player f\u00fcr Webnode-Websites (einfach einzubetten und kostenlos)","og_description":"Implementieren Sie ein responsives Radio-Player-Widget auf Ihrer Webseite. Nutzen Sie unsere praktische Demo und konstruieren Sie Ihr Werkzeug m\u00fchelos!","og_url":"https:\/\/elfsight.com\/de\/radio-player-widget\/webnode\/","og_site_name":"Elfsight DE","article_modified_time":"2025-02-14T15:04:35+00:00","twitter_card":"summary_large_image","twitter_misc":{"Gesch\u00e4tzte Lesezeit":"2\u00a0Minuten"},"schema":{"@context":"https:\/\/schema.org","@graph":[{"@type":"WebPage","@id":"https:\/\/elfsight.com\/de\/radio-player-widget\/webnode\/","url":"https:\/\/elfsight.com\/de\/radio-player-widget\/webnode\/","name":"Elfsight Radio Player f\u00fcr Webnode-Websites (einfach einzubetten und kostenlos)","isPartOf":{"@id":"https:\/\/elfsight.com\/de\/#website"},"datePublished":"1970-01-01T00:00:00+00:00","dateModified":"2025-02-14T15:04:35+00:00","description":"Implementieren Sie ein responsives Radio-Player-Widget auf Ihrer Webseite. Nutzen Sie unsere praktische Demo und konstruieren Sie Ihr Werkzeug m\u00fchelos!","breadcrumb":{"@id":"https:\/\/elfsight.com\/de\/radio-player-widget\/webnode\/#breadcrumb"},"inLanguage":"de","potentialAction":[{"@type":"ReadAction","target":["https:\/\/elfsight.com\/de\/radio-player-widget\/webnode\/"]}]},{"@type":"BreadcrumbList","@id":"https:\/\/elfsight.com\/de\/radio-player-widget\/webnode\/#breadcrumb","itemListElement":[{"@type":"ListItem","position":1,"name":"Home","item":"https:\/\/elfsight.com\/de\/"},{"@type":"ListItem","position":2,"name":"Radio Player","item":"https:\/\/elfsight.com\/de\/radio-player-widget\/"},{"@type":"ListItem","position":3,"name":"Radio Player &#8211; Webnode"}]},{"@type":"WebSite","@id":"https:\/\/elfsight.com\/de\/#website","url":"https:\/\/elfsight.com\/de\/","name":"Elfsight DE","description":"Just another Elfsight Sites site","potentialAction":[{"@type":"SearchAction","target":{"@type":"EntryPoint","urlTemplate":"https:\/\/elfsight.com\/de\/?s={search_term_string}"},"query-input":{"@type":"PropertyValueSpecification","valueRequired":true,"valueName":"search_term_string"}}],"inLanguage":"de"}]}},"meta_box":{"industry":"","seo_heading":"","heading":"","description":"","cta_heading":"","cta_description":"","application":"2241","h1":"Webnode Radio Player-Widget","h1_caption":"F\u00fcgen Sie Ihrer Website einen Live-Radiostream mit einem anpassbaren Player hinzu, der Ihr Branding m\u00fchelos in Ihre Webnode-Website einf\u00fcgt.","application_category":[],"applications_title":"","applications_request_title":"","applications_request_button_text":"","hero_text":"","hero_video":"","hero_video_schema_markup":"","selling_points_title":"","selling_points_caption":"","selling_points":[],"selling_points_cta_text":"","features_title":"","features":"","ed_cta_examples_text":"","ed_cta_examples_hidden":"","ed_cta_demo_text":"","ed_cta_demo_hidden":"","why_caption":"","why_editor_title":"","why_editor_text":"","why_team_title":"","why_team_text":"","why_service_title":"","why_service_text":"","template_catalog_visible":"0","template_catalog_title":"","template_catalog_text":"","template_catalog_categories_visible":"","demo_title":"Erstellen Sie Ihr Radio-Player-Widget","demo_caption":"Konfigurieren Sie Ihren Radio-Player und f\u00fcgen Sie ihn kostenlos zu Ihrer Webnode-Website hinzu!","default_faq_hidden":"","app_template_category":[],"platform":"248","template_public_id":"","codecanyon_url":"","codecanyon_item_id":"","codecanyon_price":"","pricing_caption":"","pricing_elfsight_apps_hide_column":"","pricing_elfsight_apps_url":"","pricing_codecanyon_price_caption":"","integration_category":[],"integration_request_title":"","integration_request_cta":"","integration_platform":"","integrations":[],"platform_category":[],"video_schema_markup":"","price":"ab 0 $ \/ Monat","trial":"","benefits":[{"text":"Kostenloser Installationsservice"},{"text":"Professioneller Kundensupport"},{"text":"14-t\u00e4gige R\u00fcckerstattungsgarantie"},{"text":"Kontinuierliche Updates"}],"button_url":"#demo","button_target_blank":"0","button_nofollow":"0","attributes":[{"name":"Installiert","content":"10,000 - 100,000"},{"name":"Reaktionsfreudig","content":"Ja"},{"name":"Kompatible Browser","content":"Firefox, Safari, Opera, Chrome, Edge"}],"tags":[],"tags_disable_links":"0","hide_more_platforms":"0","video_object":"","demo_hide_cta":"0","demo_hide_cloud_options":"0","pricing_title":"","pricing":[{"pricing_icon":"platform","pricing_title":"Elfsight Apps","pricing_title_caption":"Plattform\u00fcbergreifende digitale L\u00f6sung","pricing_price":"ab 0 $ \/ Monat","pricing_price_caption":"Beginnen Sie mit einem kostenlosen Plan","pricing_benefits":[{"text":"Unbegrenzte Domains"},{"text":"Erstklassiger und p\u00fcnktlicher Support"},{"text":"Kostenlose Installationsunterst\u00fctzung"},{"text":"Zeitlich begrenztes Angebot f\u00fcr mehrere Apps"}],"pricing_button_text":"Zur Website hinzuf\u00fcgen","pricing_button_url":"#demo"}],"related_apps_title":"","related_apps_hidden":"0","author":"","image":[],"title":"","job":"","social_networks":[]},"_links":{"self":[{"href":"https:\/\/elfsight.com\/de\/wp-json\/wp\/v2\/pages\/9923","targetHints":{"allow":["GET"]}}],"collection":[{"href":"https:\/\/elfsight.com\/de\/wp-json\/wp\/v2\/pages"}],"about":[{"href":"https:\/\/elfsight.com\/de\/wp-json\/wp\/v2\/types\/page"}],"author":[{"embeddable":true,"href":"https:\/\/elfsight.com\/de\/wp-json\/wp\/v2\/users\/9"}],"replies":[{"embeddable":true,"href":"https:\/\/elfsight.com\/de\/wp-json\/wp\/v2\/comments?post=9923"}],"version-history":[{"count":2,"href":"https:\/\/elfsight.com\/de\/wp-json\/wp\/v2\/pages\/9923\/revisions"}],"predecessor-version":[{"id":24223,"href":"https:\/\/elfsight.com\/de\/wp-json\/wp\/v2\/pages\/9923\/revisions\/24223"}],"up":[{"embeddable":true,"href":"https:\/\/elfsight.com\/de\/wp-json\/wp\/v2\/pages\/2242"}],"wp:attachment":[{"href":"https:\/\/elfsight.com\/de\/wp-json\/wp\/v2\/media?parent=9923"}],"curies":[{"name":"wp","href":"https:\/\/api.w.org\/{rel}","templated":true}]}}