{"id":9922,"date":"1970-01-01T00:00:00","date_gmt":"1970-01-01T00:00:00","guid":{"rendered":"https:\/\/elfsight.com\/de\/?page_id=9922"},"modified":"2025-02-14T15:05:39","modified_gmt":"2025-02-14T15:05:39","slug":"weebly","status":"publish","type":"page","link":"https:\/\/elfsight.com\/de\/radio-player-widget\/weebly\/","title":{"rendered":"Radio Player &#8211; Weebly"},"content":{"rendered":"\n<div class=\"application-platform-content-item-description application-platform-content-item\" id=\"description\" data-nav-section=\"description\"> <h2>Beschreibung<\/h2> <p>Elfsight Radio ist eine einfache App, die Ihnen die M\u00f6glichkeit gibt, Radiosender direkt auf den Seiten Ihrer Website zu streamen . Das Tool ist \u00e4u\u00dferst anpassbar: Sie k\u00f6nnen seine Platzierung \u00e4ndern, es an einer beliebigen Stelle auf der Seite platzieren, seine Gr\u00f6\u00dfe \u00e4ndern, den Hintergrund und andere Elemente neu einf\u00e4rben, um es mit dem Stil Ihrer Website zu kombinieren, ein dunkles Thema anwenden, Cover anzeigen und drei zus\u00e4tzliche Player anzeigen oder verbergen Komponenten wie Titel, Status und andere. F\u00fcgen Sie so viele Sender hinzu, wie Sie m\u00f6chten, um Ihre Benutzer zu begeistern, schalten Sie die automatische Wiedergabe ein und haben Sie keine Zweifel \u2013 Ihre Benutzer werden Ihre Website nicht so schnell verlassen! <\/p> <p><b>Stellen Sie Ihr Publikum mithilfe des Elfsight Radio Player-Widgets mit einer brandneuen Quelle n\u00fctzlicher und ansprechender Inhalte aus<\/b><\/p> <\/div> <div class=\"application-platform-content-item-features application-platform-content-item\" id=\"features\" data-nav-section=\"features\"> <h2> Hier ist die Liste der wertvollsten Funktionen: <\/h2> <ul><li>Unbegrenzte Farb\u00e4nderungen. <\/li><li>Dunkles\/helles Farbthema. <\/li><li>2 gebrauchsfertige Layouts. <\/li><li>Eine M\u00f6glichkeit, ein Hintergrundbild zu verwenden. <\/li><li>F\u00fcgen Sie eine unendliche Anzahl von Stationen hinzu<\/li><\/ul><p><a href=\"#demo\">Sie k\u00f6nnen selbst erleben, wie die App funktioniert, indem Sie die Demo ausprobieren<\/a><\/p> <\/div> <div class=\"application-platform-content-item-installation application-platform-content-item\" id=\"installation\" data-nav-section=\"installation\"> <h2>Wie f\u00fcge ich den Radio Player zu meiner Weebly-Website hinzu? <\/h2><div class=\"video-container\"><iframe width=\"560\" height=\"315\" src=\"https:\/\/www.youtube.com\/embed\/cxyrYbFUOgQ?si=Qv6OUv-Dc-KwiSOb\" frameborder=\"0\" allow=\"accelerometer; autoplay; clipboard-write; encrypted-media; gyroscope; picture-in-picture; web-share\" allowfullscreen><\/iframe><\/div><p>Befolgen Sie einfach die nachstehenden Richtlinien, um die App einzuf\u00fcgen. <\/p> <ol><li><b>Nutzen Sie unsere kostenlose Demo und beginnen Sie mit der Gestaltung Ihrer ma\u00dfgeschneiderten App. <\/b><br> Bestimmen Sie die benutzerdefinierte Benutzeroberfl\u00e4che und die Funktionsmerkmale der App und speichern Sie alle \u00c4nderungen. <\/li> <li><b>Erwerben Sie den individuellen Code, der im speziellen Formular auf Elfsight Apps angezeigt wird. <\/b><br> Wenn die Erstellung Ihrer pers\u00f6nlichen App abgeschlossen ist, kopieren Sie Ihren Code in das angezeigte Fenster und speichern Sie ihn f\u00fcr die zuk\u00fcnftige Verwendung. <\/li> <li><b>Initiieren Sie die Nutzung der App auf Ihrer Weebly-Website. <\/b><br> F\u00fcgen Sie den k\u00fcrzlich kopierten Code auf Ihrer Seite hinzu und wenden Sie die Korrekturen an. <\/li> <li><b>Das Setup ist vollst\u00e4ndig durchgef\u00fchrt. <\/b><br> \u00d6ffnen Sie Ihre Webseite, um einen Blick auf die Funktionsweise der App zu werfen. <\/li><\/ol><p>Unter der Bedingung, dass Sie mit Anfragen konfrontiert werden oder auf Hindernisse sto\u00dfen, k\u00f6nnen Sie sich gerne an unser Kundendienstteam wenden. Unsere Spezialisten helfen Ihnen gerne bei allen Problemen, die Sie mit dem Widget haben. <\/p> <\/div>\n","protected":false},"excerpt":{"rendered":"","protected":false},"author":9,"featured_media":0,"parent":2242,"menu_order":0,"comment_status":"closed","ping_status":"closed","template":"templates\/template-application-platform.php","meta":{"publish_to_discourse":"","publish_post_category":"","wpdc_auto_publish_overridden":"","wpdc_topic_tags":"","wpdc_pin_topic":"","wpdc_pin_until":"","discourse_post_id":"","discourse_permalink":"","wpdc_publishing_response":"","wpdc_publishing_error":"","footnotes":""},"class_list":["post-9922","page","type-page","status-publish","hentry"],"yoast_head":"<!-- This site is optimized with the Yoast SEO plugin v25.3.1 - https:\/\/yoast.com\/wordpress\/plugins\/seo\/ -->\n<title>Elfsight Radio Player f\u00fcr Weebly-Websites (schnell und kostenlos)<\/title>\n<meta name=\"description\" content=\"F\u00fchren Sie eine responsive Radio Player-App auf Ihrer Website ein. Nutzen Sie unsere praktische Demo und erstellen Sie Ihr Tool mit nur wenigen Klicks!\" \/>\n<meta name=\"robots\" content=\"index, follow, max-snippet:-1, max-image-preview:large, max-video-preview:-1\" \/>\n<link rel=\"canonical\" href=\"https:\/\/elfsight.com\/de\/radio-player-widget\/weebly\/\" \/>\n<meta property=\"og:locale\" content=\"de_DE\" \/>\n<meta property=\"og:type\" content=\"article\" \/>\n<meta property=\"og:title\" content=\"Elfsight Radio Player f\u00fcr Weebly-Websites (schnell und kostenlos)\" \/>\n<meta property=\"og:description\" content=\"F\u00fchren Sie eine responsive Radio Player-App auf Ihrer Website ein. Nutzen Sie unsere praktische Demo und erstellen Sie Ihr Tool mit nur wenigen Klicks!\" \/>\n<meta property=\"og:url\" content=\"https:\/\/elfsight.com\/de\/radio-player-widget\/weebly\/\" \/>\n<meta property=\"og:site_name\" content=\"Elfsight DE\" \/>\n<meta property=\"article:modified_time\" content=\"2025-02-14T15:05:39+00:00\" \/>\n<meta name=\"twitter:card\" content=\"summary_large_image\" \/>\n<meta name=\"twitter:label1\" content=\"Gesch\u00e4tzte Lesezeit\" \/>\n\t<meta name=\"twitter:data1\" content=\"2\u00a0Minuten\" \/>\n<!-- \/ Yoast SEO plugin. -->","yoast_head_json":{"title":"Elfsight Radio Player f\u00fcr Weebly-Websites (schnell und kostenlos)","description":"F\u00fchren Sie eine responsive Radio Player-App auf Ihrer Website ein. Nutzen Sie unsere praktische Demo und erstellen Sie Ihr Tool mit nur wenigen Klicks!","robots":{"index":"index","follow":"follow","max-snippet":"max-snippet:-1","max-image-preview":"max-image-preview:large","max-video-preview":"max-video-preview:-1"},"canonical":"https:\/\/elfsight.com\/de\/radio-player-widget\/weebly\/","og_locale":"de_DE","og_type":"article","og_title":"Elfsight Radio Player f\u00fcr Weebly-Websites (schnell und kostenlos)","og_description":"F\u00fchren Sie eine responsive Radio Player-App auf Ihrer Website ein. Nutzen Sie unsere praktische Demo und erstellen Sie Ihr Tool mit nur wenigen Klicks!","og_url":"https:\/\/elfsight.com\/de\/radio-player-widget\/weebly\/","og_site_name":"Elfsight DE","article_modified_time":"2025-02-14T15:05:39+00:00","twitter_card":"summary_large_image","twitter_misc":{"Gesch\u00e4tzte Lesezeit":"2\u00a0Minuten"},"schema":{"@context":"https:\/\/schema.org","@graph":[{"@type":"WebPage","@id":"https:\/\/elfsight.com\/de\/radio-player-widget\/weebly\/","url":"https:\/\/elfsight.com\/de\/radio-player-widget\/weebly\/","name":"Elfsight Radio Player f\u00fcr Weebly-Websites (schnell und kostenlos)","isPartOf":{"@id":"https:\/\/elfsight.com\/de\/#website"},"datePublished":"1970-01-01T00:00:00+00:00","dateModified":"2025-02-14T15:05:39+00:00","description":"F\u00fchren Sie eine responsive Radio Player-App auf Ihrer Website ein. Nutzen Sie unsere praktische Demo und erstellen Sie Ihr Tool mit nur wenigen Klicks!","breadcrumb":{"@id":"https:\/\/elfsight.com\/de\/radio-player-widget\/weebly\/#breadcrumb"},"inLanguage":"de","potentialAction":[{"@type":"ReadAction","target":["https:\/\/elfsight.com\/de\/radio-player-widget\/weebly\/"]}]},{"@type":"BreadcrumbList","@id":"https:\/\/elfsight.com\/de\/radio-player-widget\/weebly\/#breadcrumb","itemListElement":[{"@type":"ListItem","position":1,"name":"Home","item":"https:\/\/elfsight.com\/de\/"},{"@type":"ListItem","position":2,"name":"Radio Player","item":"https:\/\/elfsight.com\/de\/radio-player-widget\/"},{"@type":"ListItem","position":3,"name":"Radio Player &#8211; Weebly"}]},{"@type":"WebSite","@id":"https:\/\/elfsight.com\/de\/#website","url":"https:\/\/elfsight.com\/de\/","name":"Elfsight DE","description":"Just another Elfsight Sites site","potentialAction":[{"@type":"SearchAction","target":{"@type":"EntryPoint","urlTemplate":"https:\/\/elfsight.com\/de\/?s={search_term_string}"},"query-input":{"@type":"PropertyValueSpecification","valueRequired":true,"valueName":"search_term_string"}}],"inLanguage":"de"}]}},"meta_box":{"industry":"","seo_heading":"","heading":"","description":"","cta_heading":"","cta_description":"","application":"2241","h1":"Weebly Radio Player-App","h1_caption":"F\u00fcgen Sie Ihrer Website einen Live-Radiostream mit einem anpassbaren Player hinzu, der Ihr Branding m\u00fchelos in Ihre Weebly-Website einf\u00fcgt.","application_category":[],"applications_title":"","applications_request_title":"","applications_request_button_text":"","hero_text":"","hero_video":"","hero_video_schema_markup":"","selling_points_title":"","selling_points_caption":"","selling_points":[],"selling_points_cta_text":"","features_title":"","features":"","ed_cta_examples_text":"","ed_cta_examples_hidden":"","ed_cta_demo_text":"","ed_cta_demo_hidden":"","why_caption":"","why_editor_title":"","why_editor_text":"","why_team_title":"","why_team_text":"","why_service_title":"","why_service_text":"","template_catalog_visible":"0","template_catalog_title":"","template_catalog_text":"","template_catalog_categories_visible":"","demo_title":"Erstellen Sie Ihre Radio-Player-App","demo_caption":"Konfigurieren Sie Ihren Radio-Player und f\u00fcgen Sie ihn kostenlos zu Ihrer Weebly-Website hinzu!","default_faq_hidden":"","app_template_category":[],"platform":"249","template_public_id":"","codecanyon_url":"","codecanyon_item_id":"","codecanyon_price":"","pricing_caption":"","pricing_elfsight_apps_hide_column":"","pricing_elfsight_apps_url":"","pricing_codecanyon_price_caption":"","integration_category":[],"integration_request_title":"","integration_request_cta":"","integration_platform":"","integrations":[],"platform_category":[],"video_schema_markup":"","price":"ab 0 $ \/ Monat","trial":"","benefits":[{"text":"Kostenlose Installationsunterst\u00fctzung"},{"text":"Kompetenter Kundenservice"},{"text":"14-t\u00e4gige R\u00fcckerstattungsgarantie"},{"text":"Kontinuierliche kostenlose Updates"}],"button_url":"#demo","button_target_blank":"0","button_nofollow":"0","attributes":[{"name":"Installiert","content":"10,000 - 100,000"},{"name":"Reaktionsfreudig","content":"Ja"},{"name":"Kompatible Browser","content":"Firefox, Safari, Opera, Chrome, Edge"}],"tags":[],"tags_disable_links":"0","hide_more_platforms":"0","video_object":"","demo_hide_cta":"0","demo_hide_cloud_options":"0","pricing_title":"","pricing":[{"pricing_icon":"platform","pricing_title":"Elfsight Apps","pricing_title_caption":"Plattform\u00fcbergreifende digitale L\u00f6sung, die auf jeder Website funktioniert","pricing_price":"ab 0 $ \/ Monat","pricing_price_caption":"Beginnen Sie mit einem kostenlosen Plan","pricing_benefits":[{"text":"Unbegrenzte Domains"},{"text":"Engagierter Kundensupport"},{"text":"Kostenlose Installationshilfe"},{"text":"Vollst\u00e4ndig anpassbar"}],"pricing_button_text":"Zur Website hinzuf\u00fcgen","pricing_button_url":"#demo"}],"related_apps_title":"","related_apps_hidden":"0","author":"","image":[],"title":"","job":"","social_networks":[]},"_links":{"self":[{"href":"https:\/\/elfsight.com\/de\/wp-json\/wp\/v2\/pages\/9922","targetHints":{"allow":["GET"]}}],"collection":[{"href":"https:\/\/elfsight.com\/de\/wp-json\/wp\/v2\/pages"}],"about":[{"href":"https:\/\/elfsight.com\/de\/wp-json\/wp\/v2\/types\/page"}],"author":[{"embeddable":true,"href":"https:\/\/elfsight.com\/de\/wp-json\/wp\/v2\/users\/9"}],"replies":[{"embeddable":true,"href":"https:\/\/elfsight.com\/de\/wp-json\/wp\/v2\/comments?post=9922"}],"version-history":[{"count":3,"href":"https:\/\/elfsight.com\/de\/wp-json\/wp\/v2\/pages\/9922\/revisions"}],"predecessor-version":[{"id":24224,"href":"https:\/\/elfsight.com\/de\/wp-json\/wp\/v2\/pages\/9922\/revisions\/24224"}],"up":[{"embeddable":true,"href":"https:\/\/elfsight.com\/de\/wp-json\/wp\/v2\/pages\/2242"}],"wp:attachment":[{"href":"https:\/\/elfsight.com\/de\/wp-json\/wp\/v2\/media?parent=9922"}],"curies":[{"name":"wp","href":"https:\/\/api.w.org\/{rel}","templated":true}]}}