{"id":9921,"date":"1970-01-01T00:00:00","date_gmt":"1970-01-01T00:00:00","guid":{"rendered":"https:\/\/elfsight.com\/de\/?page_id=9921"},"modified":"2025-02-14T15:07:04","modified_gmt":"2025-02-14T15:07:04","slug":"wix","status":"publish","type":"page","link":"https:\/\/elfsight.com\/de\/radio-player-widget\/wix\/","title":{"rendered":"Radio Player &#8211; Wix"},"content":{"rendered":"\n<div class=\"application-platform-content-item-description application-platform-content-item\" id=\"description\" data-nav-section=\"description\"> <h2>Beschreibung<\/h2> <p>Die Elfsight Radio App ist ein unkompliziertes Tool, mit dem Sie Radiosender direkt auf Ihrer Website wiedergeben k\u00f6nnen. Die App ist hochgradig anpassbar: Sie k\u00f6nnen ihre Platzierung \u00e4ndern, sie an einer beliebigen Stelle auf der Seite einbetten, ihre Gr\u00f6\u00dfe \u00e4ndern, den Hintergrund und andere Teile \u00fcberarbeiten, um sie mit dem Layout Ihrer Website zu verschmelzen, ein dunkles Design anwenden, Cover anzeigen und ein- oder ausblenden drei zus\u00e4tzliche Spielerkomponenten, zum Beispiel \u00dcberschrift, Status und mehr. Sie k\u00f6nnen so viele Sender hochladen, wie Sie ben\u00f6tigen, um Ihr Publikum zu begeistern, schalten die Autoplay-Option ein und haben keinen Zweifel \u2013 Ihr Publikum wird Ihre Homepage nicht so schnell verlassen!<\/p> <p><b>R\u00fcsten Sie Ihr Publikum damit aus Eine weitere Quelle n\u00fctzlicher und interessanter Inhalte mit der Elfsight Radio Player-App.<\/b><\/p> <\/div> <div class=\"application-platform-content-item-features application-platform-content-item\" id=\"features\" data-nav-section=\"features\"> <h2>Wir bieten leistungsstarke und unkomplizierte Funktionen, hier sind einige davon: <\/h2> <ul><li>Unbegrenzte Farb\u00e4nderungen. <\/li><li>Dunkles\/helles Farbthema. <\/li><li>2 Layouts verf\u00fcgbar. <\/li><li>Eine M\u00f6glichkeit, ein Hintergrundbild zu verwenden. <\/li><li>F\u00fcgen Sie eine unbegrenzte Anzahl von Stationen hinzu<\/li><\/ul><p><a href=\"#demo\">Probieren Sie einfach diese Demo aus, um einen vollst\u00e4ndigen \u00dcberblick zu erhalten<\/a><\/p> <\/div> <div class=\"application-platform-content-item-installation application-platform-content-item\" id=\"installation\" data-nav-section=\"installation\"> <h2>Wie kann ich den Radio Player in meine Wix-Website einbetten? <\/h2><div class=\"video-container\"><iframe width=\"560\" height=\"315\" src=\"https:\/\/www.youtube.com\/embed\/aTr6zjRt3q8?si=lsK6oQr5iMtAvuKi\" frameborder=\"0\" allow=\"accelerometer; autoplay; clipboard-write; encrypted-media; gyroscope; picture-in-picture; web-share\" allowfullscreen><\/iframe><\/div><p>Erf\u00fcllen Sie einfach die folgenden Richtlinien, um die App zu integrieren. <\/p> <ol><li><b>\u00d6ffnen Sie unseren kostenlosen Konfigurator und beginnen Sie mit der Gestaltung Ihres individuellen Instruments. <\/b><br> Finden Sie das bevorzugte Layout und die Funktionalit\u00e4t der App und \u00fcbernehmen Sie die \u00c4nderungen. <\/li> <li><b>Erhalten Sie Ihren pers\u00f6nlichen Code, der im Fenster von Elfsight Apps angezeigt wird. <\/b><br> Nachdem Sie Ihr Tool eingerichtet haben, kopieren Sie den einzelnen Code im angezeigten Fenster und bewahren Sie ihn zur weiteren Verwendung auf. <\/li> <li><b>Beginnen Sie mit der Nutzung des Tools auf der Website von Wix. <\/b><br> F\u00fcgen Sie den zuvor kopierten Code in Ihre Homepage ein und speichern Sie die Verbesserungen. <\/li> <li><b>Fertig! Die Einrichtung ist erfolgreich abgeschlossen. <\/b><br> Besuchen Sie Ihre Website, um zu \u00fcberpr\u00fcfen, wie das Tool funktioniert. <\/li><\/ol> <p>Z\u00f6gern Sie nicht, sich an unser Support-Team zu wenden, sofern Sie Anfragen bearbeiten oder auf Komplikationen sto\u00dfen. Unsere Spezialisten helfen Ihnen gerne bei allen Fragen rund um die App weiter. <\/p> <\/div>\n","protected":false},"excerpt":{"rendered":"","protected":false},"author":9,"featured_media":0,"parent":2242,"menu_order":0,"comment_status":"closed","ping_status":"closed","template":"templates\/template-application-platform.php","meta":{"publish_to_discourse":"","publish_post_category":"","wpdc_auto_publish_overridden":"","wpdc_topic_tags":"","wpdc_pin_topic":"","wpdc_pin_until":"","discourse_post_id":"","discourse_permalink":"","wpdc_publishing_response":"","wpdc_publishing_error":"","footnotes":""},"class_list":["post-9921","page","type-page","status-publish","hentry"],"yoast_head":"<!-- This site is optimized with the Yoast SEO plugin v25.3.1 - https:\/\/yoast.com\/wordpress\/plugins\/seo\/ -->\n<title>Radio Player \u2013 Schaltfl\u00e4che \u201eRadio Player\u201c zur Website von Wix hinzuf\u00fcgen [2026]<\/title>\n<meta name=\"description\" content=\"F\u00fchren Sie eine responsive Radio Player-App auf Ihrer Website von Wix ein. Nutzen Sie unsere \u00fcbersichtliche Demo und gestalten Sie Ihr Tool ganz einfach!\" \/>\n<meta name=\"robots\" content=\"index, follow, max-snippet:-1, max-image-preview:large, max-video-preview:-1\" \/>\n<link rel=\"canonical\" href=\"https:\/\/elfsight.com\/de\/radio-player-widget\/wix\/\" \/>\n<meta property=\"og:locale\" content=\"de_DE\" \/>\n<meta property=\"og:type\" content=\"article\" \/>\n<meta property=\"og:title\" content=\"Radio Player \u2013 Schaltfl\u00e4che \u201eRadio Player\u201c zur Website von Wix hinzuf\u00fcgen [2026]\" \/>\n<meta property=\"og:description\" content=\"F\u00fchren Sie eine responsive Radio Player-App auf Ihrer Website von Wix ein. Nutzen Sie unsere \u00fcbersichtliche Demo und gestalten Sie Ihr Tool ganz einfach!\" \/>\n<meta property=\"og:url\" content=\"https:\/\/elfsight.com\/de\/radio-player-widget\/wix\/\" \/>\n<meta property=\"og:site_name\" content=\"Elfsight DE\" \/>\n<meta property=\"article:modified_time\" content=\"2025-02-14T15:07:04+00:00\" \/>\n<meta name=\"twitter:card\" content=\"summary_large_image\" \/>\n<meta name=\"twitter:label1\" content=\"Gesch\u00e4tzte Lesezeit\" \/>\n\t<meta name=\"twitter:data1\" content=\"2\u00a0Minuten\" \/>\n<!-- \/ Yoast SEO plugin. -->","yoast_head_json":{"title":"Radio Player \u2013 Schaltfl\u00e4che \u201eRadio Player\u201c zur Website von Wix hinzuf\u00fcgen [2026]","description":"F\u00fchren Sie eine responsive Radio Player-App auf Ihrer Website von Wix ein. Nutzen Sie unsere \u00fcbersichtliche Demo und gestalten Sie Ihr Tool ganz einfach!","robots":{"index":"index","follow":"follow","max-snippet":"max-snippet:-1","max-image-preview":"max-image-preview:large","max-video-preview":"max-video-preview:-1"},"canonical":"https:\/\/elfsight.com\/de\/radio-player-widget\/wix\/","og_locale":"de_DE","og_type":"article","og_title":"Radio Player \u2013 Schaltfl\u00e4che \u201eRadio Player\u201c zur Website von Wix hinzuf\u00fcgen [2026]","og_description":"F\u00fchren Sie eine responsive Radio Player-App auf Ihrer Website von Wix ein. Nutzen Sie unsere \u00fcbersichtliche Demo und gestalten Sie Ihr Tool ganz einfach!","og_url":"https:\/\/elfsight.com\/de\/radio-player-widget\/wix\/","og_site_name":"Elfsight DE","article_modified_time":"2025-02-14T15:07:04+00:00","twitter_card":"summary_large_image","twitter_misc":{"Gesch\u00e4tzte Lesezeit":"2\u00a0Minuten"},"schema":{"@context":"https:\/\/schema.org","@graph":[{"@type":"WebPage","@id":"https:\/\/elfsight.com\/de\/radio-player-widget\/wix\/","url":"https:\/\/elfsight.com\/de\/radio-player-widget\/wix\/","name":"Radio Player \u2013 Schaltfl\u00e4che \u201eRadio Player\u201c zur Website von Wix hinzuf\u00fcgen [2026]","isPartOf":{"@id":"https:\/\/elfsight.com\/de\/#website"},"datePublished":"1970-01-01T00:00:00+00:00","dateModified":"2025-02-14T15:07:04+00:00","description":"F\u00fchren Sie eine responsive Radio Player-App auf Ihrer Website von Wix ein. Nutzen Sie unsere \u00fcbersichtliche Demo und gestalten Sie Ihr Tool ganz einfach!","breadcrumb":{"@id":"https:\/\/elfsight.com\/de\/radio-player-widget\/wix\/#breadcrumb"},"inLanguage":"de","potentialAction":[{"@type":"ReadAction","target":["https:\/\/elfsight.com\/de\/radio-player-widget\/wix\/"]}]},{"@type":"BreadcrumbList","@id":"https:\/\/elfsight.com\/de\/radio-player-widget\/wix\/#breadcrumb","itemListElement":[{"@type":"ListItem","position":1,"name":"Home","item":"https:\/\/elfsight.com\/de\/"},{"@type":"ListItem","position":2,"name":"Radio Player","item":"https:\/\/elfsight.com\/de\/radio-player-widget\/"},{"@type":"ListItem","position":3,"name":"Radio Player &#8211; Wix"}]},{"@type":"WebSite","@id":"https:\/\/elfsight.com\/de\/#website","url":"https:\/\/elfsight.com\/de\/","name":"Elfsight DE","description":"Just another Elfsight Sites site","potentialAction":[{"@type":"SearchAction","target":{"@type":"EntryPoint","urlTemplate":"https:\/\/elfsight.com\/de\/?s={search_term_string}"},"query-input":{"@type":"PropertyValueSpecification","valueRequired":true,"valueName":"search_term_string"}}],"inLanguage":"de"}]}},"meta_box":{"industry":"","seo_heading":"","heading":"","description":"","cta_heading":"","cta_description":"","application":"2241","h1":"Wix Radio Player-App","h1_caption":"F\u00fcgen Sie Ihrer Website einen Live-Radiostream mit einem anpassbaren Player hinzu, der Ihr Branding m\u00fchelos in Ihre Website von Wix einf\u00fcgt.","application_category":[],"applications_title":"","applications_request_title":"","applications_request_button_text":"","hero_text":"","hero_video":"","hero_video_schema_markup":"","selling_points_title":"","selling_points_caption":"","selling_points":[],"selling_points_cta_text":"","features_title":"","features":"","ed_cta_examples_text":"","ed_cta_examples_hidden":"","ed_cta_demo_text":"","ed_cta_demo_hidden":"","why_caption":"","why_editor_title":"","why_editor_text":"","why_team_title":"","why_team_text":"","why_service_title":"","why_service_text":"","template_catalog_visible":"0","template_catalog_title":"","template_catalog_text":"","template_catalog_categories_visible":"","demo_title":"Erstellen Sie Ihre Radio-Player-App","demo_caption":"Konfigurieren Sie Ihren Radio-Player und f\u00fcgen Sie ihn kostenlos zu Ihrer Wix-Website hinzu!","default_faq_hidden":"","app_template_category":[],"platform":"265","template_public_id":"","codecanyon_url":"","codecanyon_item_id":"","codecanyon_price":"","pricing_caption":"","pricing_elfsight_apps_hide_column":"","pricing_elfsight_apps_url":"","pricing_codecanyon_price_caption":"","integration_category":[],"integration_request_title":"","integration_request_cta":"","integration_platform":"","integrations":[],"platform_category":[],"video_schema_markup":"","price":"ab 0 $ \/ Monat","trial":"","benefits":[{"text":"Kostenlose Installationsunterst\u00fctzung"},{"text":"Premium-Support"},{"text":"14-t\u00e4gige Geld-zur\u00fcck-Garantie"},{"text":"St\u00e4ndige Aktualisierung"}],"button_url":"#demo","button_target_blank":"0","button_nofollow":"0","attributes":[{"name":"Installiert","content":"10,000 - 100,000"},{"name":"Reaktionsfreudig","content":"Ja"},{"name":"Kompatible Browser","content":"Opera, Safari, Chrome, Firefox, Edge"}],"tags":[],"tags_disable_links":"0","hide_more_platforms":"0","video_object":"","demo_hide_cta":"0","demo_hide_cloud_options":"0","pricing_title":"","pricing":[{"pricing_icon":"platform","pricing_title":"Elfsight Apps","pricing_title_caption":"Plattform\u00fcbergreifende digitale L\u00f6sung, die zu jeder Website passt","pricing_price":"ab 0 $ \/ Monat","pricing_price_caption":"Beginnen Sie mit einem kostenlosen Plan","pricing_benefits":[{"text":"Unbegrenzte Websites"},{"text":"Professioneller Kundensupport"},{"text":"Kostenloser Installationsservice"},{"text":"Sonderpreis f\u00fcr mehrere Apps"}],"pricing_button_text":"Zur Website hinzuf\u00fcgen","pricing_button_url":"#demo"}],"related_apps_title":"","related_apps_hidden":"0","author":"","image":[],"title":"","job":"","social_networks":[]},"_links":{"self":[{"href":"https:\/\/elfsight.com\/de\/wp-json\/wp\/v2\/pages\/9921","targetHints":{"allow":["GET"]}}],"collection":[{"href":"https:\/\/elfsight.com\/de\/wp-json\/wp\/v2\/pages"}],"about":[{"href":"https:\/\/elfsight.com\/de\/wp-json\/wp\/v2\/types\/page"}],"author":[{"embeddable":true,"href":"https:\/\/elfsight.com\/de\/wp-json\/wp\/v2\/users\/9"}],"replies":[{"embeddable":true,"href":"https:\/\/elfsight.com\/de\/wp-json\/wp\/v2\/comments?post=9921"}],"version-history":[{"count":3,"href":"https:\/\/elfsight.com\/de\/wp-json\/wp\/v2\/pages\/9921\/revisions"}],"predecessor-version":[{"id":24225,"href":"https:\/\/elfsight.com\/de\/wp-json\/wp\/v2\/pages\/9921\/revisions\/24225"}],"up":[{"embeddable":true,"href":"https:\/\/elfsight.com\/de\/wp-json\/wp\/v2\/pages\/2242"}],"wp:attachment":[{"href":"https:\/\/elfsight.com\/de\/wp-json\/wp\/v2\/media?parent=9921"}],"curies":[{"name":"wp","href":"https:\/\/api.w.org\/{rel}","templated":true}]}}