{"id":9916,"date":"1970-01-01T00:00:00","date_gmt":"1970-01-01T00:00:00","guid":{"rendered":"https:\/\/elfsight.com\/de\/?page_id=9916"},"modified":"2025-02-14T15:09:29","modified_gmt":"2025-02-14T15:09:29","slug":"woocommerce","status":"publish","type":"page","link":"https:\/\/elfsight.com\/de\/radio-player-widget\/woocommerce\/","title":{"rendered":"Radio Player &#8211; WooCommerce"},"content":{"rendered":"\n<div class=\"application-platform-content-item-description application-platform-content-item\" id=\"description\" data-nav-section=\"description\"> <h2>Beschreibung<\/h2> <p>Das Elfsight Radio-Plugin ist ein unkompliziertes Tool, mit dem Sie Radiosender direkt auf Ihrer Homepage streamen k\u00f6nnen. Das Tool ist umfassend anpassbar: Sie k\u00f6nnen seine Position \u00e4ndern, es an einer beliebigen Stelle auf der Seite einbetten, seine Gr\u00f6\u00dfe skalieren, den Hintergrund und alle anderen Teile neu streichen, um es mit dem Layout Ihrer Website zu verschmelzen, ein dunkles Farbschema anwenden, Cover demonstrieren und anzeigen usw Verbergen Sie drei weitere Spielerelemente wie Titel, Status und andere. F\u00fcgen Sie so viele Stationen hinzu, wie Sie ben\u00f6tigen, um Ihre Besucher anzusprechen, schalten Sie die Autoplay-Option ein und haben Sie keinen Zweifel \u2013 Ihre Benutzer werden Ihre Homepage nicht so schnell verlassen!<\/p> <p><b>Geben Sie Ihrem Publikum eine weitere Quelle von n\u00fctzlichen und unterhaltsamen Inhalten mit dem Radio Player.<\/b><\/p> <\/div> <div class=\"application-platform-content-item-features application-platform-content-item\" id=\"features\" data-nav-section=\"features\"> <h2>Dies sind nur einige der umfangreichen Plugin-Funktionen:<\/h2> <ul><li>Zahlreiche Farb\u00e4nderungen.<\/li><li>Dunkles\/helles Farbschema.<\/li><li>Zwei Layouts anwendbar.<\/li><li>M\u00f6glichkeit, ein Hintergrundbild anzuh\u00e4ngen.<\/li><li> Eine unbegrenzte Anzahl an Stationen.<\/li><\/ul><p><a href=\"#demo\">Die volle Funktionalit\u00e4t des Plugins k\u00f6nnen Sie in der Demo auf dieser Seite entdecken<\/a><\/p> <\/div> <div class=\"application-platform-content-item-installation application-platform-content-item\" id=\"installation\" data-nav-section=\"installation\"> <h2>Wie bette ich den Radio Player in meine WooCommerce-Webseite ein?<\/h2> <p>Befolgen Sie einfach die nachstehenden Anweisungen, um das Plugin zu aktivieren.<\/p> <ol> <li><b>Starten Sie unsere kostenlose Demo und beginnen Sie mit der Gestaltung Ihres personalisierten Instruments.<\/b><br> Geben Sie die bevorzugte Form und Funktionen des Werkzeugs an und speichern Sie die \u00c4nderungen.<\/li> <li><b>Holen Sie sich das Individueller Code, der im Fenster von Elfsight Apps angezeigt wird.<\/b><br> Wenn die Konfiguration Ihres Plugins abgeschlossen ist, kopieren Sie den exklusiven Code aus dem angezeigten Feld und bewahren Sie ihn f\u00fcr die zuk\u00fcnftige Verwendung auf.<\/li> <li><b>Initiieren Sie die Anwendung des Plugins auf der WooCommerce-Website.<\/b><br> F\u00fcgen Sie den k\u00fcrzlich kopierten Code in Ihre Webseite ein und speichern Sie die Anpassungen. <\/li> <li><b>Du bist fertig! Die Einbettung ist erfolgreich abgeschlossen.<\/b><br> Besuchen Sie Ihre Website, um einen Blick auf die Funktionsweise des Plugins zu werfen.<\/li><\/ol> <p>Wenn Sie auf Komplikationen sto\u00dfen, z\u00f6gern Sie nicht, einzusteigen Kontaktieren Sie unser Kundenservice-Team. Unsere Leute sind bestrebt, alle Schwierigkeiten zu l\u00f6sen, die Sie m\u00f6glicherweise mit dem Plugin haben.<\/p> <\/div>\n","protected":false},"excerpt":{"rendered":"","protected":false},"author":9,"featured_media":0,"parent":2242,"menu_order":0,"comment_status":"closed","ping_status":"closed","template":"templates\/template-application-platform.php","meta":{"publish_to_discourse":"","publish_post_category":"","wpdc_auto_publish_overridden":"","wpdc_topic_tags":"","wpdc_pin_topic":"","wpdc_pin_until":"","discourse_post_id":"","discourse_permalink":"","wpdc_publishing_response":"","wpdc_publishing_error":"","footnotes":""},"class_list":["post-9916","page","type-page","status-publish","hentry"],"yoast_head":"<!-- This site is optimized with the Yoast SEO plugin v25.3.1 - https:\/\/yoast.com\/wordpress\/plugins\/seo\/ -->\n<title>Radio-Player-Schaltfl\u00e4che f\u00fcr die WooCommerce-Website (kostenlos und einfach)<\/title>\n<meta name=\"description\" content=\"Betten Sie eine responsive Radio Player-App in Ihre WooCommerce-Website ein. Nutzen Sie unsere praktische Demo und erstellen Sie m\u00fchelos Ihr Radio-Button-Widget!\" \/>\n<meta name=\"robots\" content=\"index, follow, max-snippet:-1, max-image-preview:large, max-video-preview:-1\" \/>\n<link rel=\"canonical\" href=\"https:\/\/elfsight.com\/de\/radio-player-widget\/woocommerce\/\" \/>\n<meta property=\"og:locale\" content=\"de_DE\" \/>\n<meta property=\"og:type\" content=\"article\" \/>\n<meta property=\"og:title\" content=\"Radio-Player-Schaltfl\u00e4che f\u00fcr die WooCommerce-Website (kostenlos und einfach)\" \/>\n<meta property=\"og:description\" content=\"Betten Sie eine responsive Radio Player-App in Ihre WooCommerce-Website ein. Nutzen Sie unsere praktische Demo und erstellen Sie m\u00fchelos Ihr Radio-Button-Widget!\" \/>\n<meta property=\"og:url\" content=\"https:\/\/elfsight.com\/de\/radio-player-widget\/woocommerce\/\" \/>\n<meta property=\"og:site_name\" content=\"Elfsight DE\" \/>\n<meta property=\"article:modified_time\" content=\"2025-02-14T15:09:29+00:00\" \/>\n<meta name=\"twitter:card\" content=\"summary_large_image\" \/>\n<meta name=\"twitter:label1\" content=\"Gesch\u00e4tzte Lesezeit\" \/>\n\t<meta name=\"twitter:data1\" content=\"2\u00a0Minuten\" \/>\n<!-- \/ Yoast SEO plugin. -->","yoast_head_json":{"title":"Radio-Player-Schaltfl\u00e4che f\u00fcr die WooCommerce-Website (kostenlos und einfach)","description":"Betten Sie eine responsive Radio Player-App in Ihre WooCommerce-Website ein. Nutzen Sie unsere praktische Demo und erstellen Sie m\u00fchelos Ihr Radio-Button-Widget!","robots":{"index":"index","follow":"follow","max-snippet":"max-snippet:-1","max-image-preview":"max-image-preview:large","max-video-preview":"max-video-preview:-1"},"canonical":"https:\/\/elfsight.com\/de\/radio-player-widget\/woocommerce\/","og_locale":"de_DE","og_type":"article","og_title":"Radio-Player-Schaltfl\u00e4che f\u00fcr die WooCommerce-Website (kostenlos und einfach)","og_description":"Betten Sie eine responsive Radio Player-App in Ihre WooCommerce-Website ein. Nutzen Sie unsere praktische Demo und erstellen Sie m\u00fchelos Ihr Radio-Button-Widget!","og_url":"https:\/\/elfsight.com\/de\/radio-player-widget\/woocommerce\/","og_site_name":"Elfsight DE","article_modified_time":"2025-02-14T15:09:29+00:00","twitter_card":"summary_large_image","twitter_misc":{"Gesch\u00e4tzte Lesezeit":"2\u00a0Minuten"},"schema":{"@context":"https:\/\/schema.org","@graph":[{"@type":"WebPage","@id":"https:\/\/elfsight.com\/de\/radio-player-widget\/woocommerce\/","url":"https:\/\/elfsight.com\/de\/radio-player-widget\/woocommerce\/","name":"Radio-Player-Schaltfl\u00e4che f\u00fcr die WooCommerce-Website (kostenlos und einfach)","isPartOf":{"@id":"https:\/\/elfsight.com\/de\/#website"},"datePublished":"1970-01-01T00:00:00+00:00","dateModified":"2025-02-14T15:09:29+00:00","description":"Betten Sie eine responsive Radio Player-App in Ihre WooCommerce-Website ein. Nutzen Sie unsere praktische Demo und erstellen Sie m\u00fchelos Ihr Radio-Button-Widget!","breadcrumb":{"@id":"https:\/\/elfsight.com\/de\/radio-player-widget\/woocommerce\/#breadcrumb"},"inLanguage":"de","potentialAction":[{"@type":"ReadAction","target":["https:\/\/elfsight.com\/de\/radio-player-widget\/woocommerce\/"]}]},{"@type":"BreadcrumbList","@id":"https:\/\/elfsight.com\/de\/radio-player-widget\/woocommerce\/#breadcrumb","itemListElement":[{"@type":"ListItem","position":1,"name":"Home","item":"https:\/\/elfsight.com\/de\/"},{"@type":"ListItem","position":2,"name":"Radio Player","item":"https:\/\/elfsight.com\/de\/radio-player-widget\/"},{"@type":"ListItem","position":3,"name":"Radio Player &#8211; WooCommerce"}]},{"@type":"WebSite","@id":"https:\/\/elfsight.com\/de\/#website","url":"https:\/\/elfsight.com\/de\/","name":"Elfsight DE","description":"Just another Elfsight Sites site","potentialAction":[{"@type":"SearchAction","target":{"@type":"EntryPoint","urlTemplate":"https:\/\/elfsight.com\/de\/?s={search_term_string}"},"query-input":{"@type":"PropertyValueSpecification","valueRequired":true,"valueName":"search_term_string"}}],"inLanguage":"de"}]}},"meta_box":{"industry":"","seo_heading":"","heading":"","description":"","cta_heading":"","cta_description":"","application":"2241","h1":"WooCommerce Radio Player-Widget","h1_caption":"F\u00fcgen Sie Ihrer Website einen Live-Radiostream mit einem anpassbaren Player hinzu, der Ihr Branding m\u00fchelos in Ihre WooCommerce-Website einf\u00fcgt.","application_category":[],"applications_title":"","applications_request_title":"","applications_request_button_text":"","hero_text":"","hero_video":"","hero_video_schema_markup":"","selling_points_title":"","selling_points_caption":"","selling_points":[],"selling_points_cta_text":"","features_title":"","features":"","ed_cta_examples_text":"","ed_cta_examples_hidden":"","ed_cta_demo_text":"","ed_cta_demo_hidden":"","why_caption":"","why_editor_title":"","why_editor_text":"","why_team_title":"","why_team_text":"","why_service_title":"","why_service_text":"","template_catalog_visible":"0","template_catalog_title":"","template_catalog_text":"","template_catalog_categories_visible":"","demo_title":"Erstellen Sie Ihre Radio-Player-App","demo_caption":"Konfigurieren Sie Ihren Radio-Player und f\u00fcgen Sie ihn kostenlos zu Ihrer WooCommerce-Website hinzu!","default_faq_hidden":"","app_template_category":[],"platform":"200","template_public_id":"","codecanyon_url":"","codecanyon_item_id":"","codecanyon_price":"","pricing_caption":"","pricing_elfsight_apps_hide_column":"","pricing_elfsight_apps_url":"","pricing_codecanyon_price_caption":"","integration_category":[],"integration_request_title":"","integration_request_cta":"","integration_platform":"","integrations":[],"platform_category":[],"video_schema_markup":"","price":"ab 0 $ \/ Monat","trial":"","benefits":[{"text":"Kostenlose Installationsunterst\u00fctzung"},{"text":"Effektiver Kundenservice"},{"text":"14-t\u00e4gige Geld-zur\u00fcck-Garantie"},{"text":"Regelm\u00e4\u00dfige kostenlose Updates"}],"button_url":"#demo","button_target_blank":"0","button_nofollow":"0","attributes":[{"name":"Installiert","content":"10,000 - 100,000"},{"name":"Reaktionsfreudig","content":"Ja"},{"name":"Kompatible Browser","content":"Firefox, Safari, Opera, Chrome, Edge"}],"tags":[],"tags_disable_links":"0","hide_more_platforms":"0","video_object":"","demo_hide_cta":"0","demo_hide_cloud_options":"0","pricing_title":"","pricing":[{"pricing_icon":"platform","pricing_title":"Elfsight Apps","pricing_title_caption":"Plattformunabh\u00e4ngige Version","pricing_price":"ab 0 $ \/ Monat","pricing_price_caption":"Beginnen Sie mit einem kostenlosen Plan","pricing_benefits":[{"text":"Unbegrenzte Domains"},{"text":"Kundensupport rund um die Uhr und gut dokumentiert"},{"text":"Kostenloser Installationsservice"},{"text":"Vollst\u00e4ndig anpassbar"}],"pricing_button_text":"Zur Website hinzuf\u00fcgen","pricing_button_url":"#demo"}],"related_apps_title":"","related_apps_hidden":"0","author":"","image":[],"title":"","job":"","social_networks":[]},"_links":{"self":[{"href":"https:\/\/elfsight.com\/de\/wp-json\/wp\/v2\/pages\/9916","targetHints":{"allow":["GET"]}}],"collection":[{"href":"https:\/\/elfsight.com\/de\/wp-json\/wp\/v2\/pages"}],"about":[{"href":"https:\/\/elfsight.com\/de\/wp-json\/wp\/v2\/types\/page"}],"author":[{"embeddable":true,"href":"https:\/\/elfsight.com\/de\/wp-json\/wp\/v2\/users\/9"}],"replies":[{"embeddable":true,"href":"https:\/\/elfsight.com\/de\/wp-json\/wp\/v2\/comments?post=9916"}],"version-history":[{"count":2,"href":"https:\/\/elfsight.com\/de\/wp-json\/wp\/v2\/pages\/9916\/revisions"}],"predecessor-version":[{"id":24227,"href":"https:\/\/elfsight.com\/de\/wp-json\/wp\/v2\/pages\/9916\/revisions\/24227"}],"up":[{"embeddable":true,"href":"https:\/\/elfsight.com\/de\/wp-json\/wp\/v2\/pages\/2242"}],"wp:attachment":[{"href":"https:\/\/elfsight.com\/de\/wp-json\/wp\/v2\/media?parent=9916"}],"curies":[{"name":"wp","href":"https:\/\/api.w.org\/{rel}","templated":true}]}}