{"id":9913,"date":"1970-01-01T00:00:00","date_gmt":"1970-01-01T00:00:00","guid":{"rendered":"https:\/\/elfsight.com\/de\/?page_id=9913"},"modified":"2025-07-09T06:43:47","modified_gmt":"2025-07-09T06:43:47","slug":"google-sites","status":"publish","type":"page","link":"https:\/\/elfsight.com\/de\/radio-player-widget\/google-sites\/","title":{"rendered":"Radio Player &#8211; Google Sites"},"content":{"rendered":"\n<div class=\"application-platform-content-item-description application-platform-content-item\" id=\"description\" data-nav-section=\"description\"> <h2>Radio Player in Google Sites mit dem Elfsight-Widget einbetten<\/h2> <p>Elfsight Radio Player f\u00fcr Google Sites ist ein einfaches Widget, mit dem Sie um Radiosender direkt auf Ihrer Webseite abzuspielen. Das Tool ist \u00e4u\u00dferst ver\u00e4nderbar: Sie k\u00f6nnen seine Platzierung \u00e4ndern, es an einer beliebigen Stelle auf der Seite einf\u00fcgen, seine Gr\u00f6\u00dfe \u00e4ndern, den Hintergrund und alle anderen Elemente neu einf\u00e4rben, um es mit dem Stil Ihrer Website zu vermischen, ein dunkles Farbschema anwenden, Bilder sichtbar machen und anzeigen oder verbergen 3 andere Spielerelemente wie \u00dcberschrift, Status und mehr. F\u00fcgen Sie so viele Sender hinzu, wie Sie m\u00f6chten, um Ihr Publikum anzusprechen, schalten Sie die Autoplay-Option ein und stellen Sie sicher, dass Ihre Benutzer Ihre Website nicht so schnell verlassen! <\/p> <p><b>Gew\u00e4hren Sie Ihren Besuchern eine weitere Quelle hilfreicher und unterhaltsamer Inhalte mit Hilfe des Elfsight Radio Player<\/b><\/p> <\/div> <div class=\"application-platform-content-item-features application-platform-content-item\" id=\"features\" data-nav-section=\"features\"> <h2>Die wesentlichen Widget-Funktionen bieten<\/h2> <ul><li>Verschiedene Farbvarianten. <\/li><li>Dunkel\/Hell-Farbschema. <\/li><li>Zwei Layouts verf\u00fcgbar. <\/li><li>Eine Option zum Anh\u00e4ngen eines Hintergrundbilds. <\/li><li>F\u00fcgen Sie eine unbegrenzte Anzahl von Stationen hinzu<\/li><\/ul><p><a href=\"#demo\">Testen Sie alle Anpassungsoptionen in einer 100 % funktionsf\u00e4higen Demo<\/a><\/p> <\/div> <div class=\"application-platform-content-item-installation application-platform-content-item\" id=\"installation\" data-nav-section=\"installation\"> <h2>Wie f\u00fcge ich den Radio Player zu meiner Google Sites-Website hinzu? <\/h2> <div class=\"video-container\"><iframe width=\"560\" height=\"315\" src=\"https:\/\/www.youtube.com\/embed\/x1-g7oqnMDI?si=7NrvF0-rl2S5tgoq\" frameborder=\"0\" allow=\"accelerometer; autoplay; clipboard-write; encrypted-media; gyroscope; picture-in-picture; web-share\" allowfullscreen><\/iframe><\/div><p>Befolgen Sie einfach die unten aufgef\u00fchrten Schritte, um das Plugin einzuf\u00fcgen. <\/p> <ol><li><b>\u00d6ffnen Sie unsere kostenlose Demo und beginnen Sie mit der Gestaltung Ihres individuellen Instruments. <\/b><br> W\u00e4hlen Sie die bevorzugte Benutzeroberfl\u00e4che und Funktionalit\u00e4t des Widgets und wenden Sie die Korrekturen an. <\/li> <li><b>Holen Sie sich Ihren einzigartigen Code, der im Fenster von Elfsight Apps angezeigt wird. <\/b><br> Gleich nachdem die Einrichtung Ihres pers\u00f6nlichen Plugins abgeschlossen ist, kopieren Sie den exklusiven Code im erscheinenden Fenster und speichern Sie ihn zur weiteren Verwendung. <\/li> <li><b>Initiieren Sie die Nutzung des Widgets auf der Google Sites-Startseite. <\/b><br> F\u00fcgen Sie den Code, den Sie zuvor gespeichert haben, in Ihre Seite ein und \u00fcbernehmen Sie die \u00c4nderungen. <\/li> <li><b>Die Installation wurde erfolgreich durchgef\u00fchrt. <\/b><br> Besuchen Sie Ihre Seite, um einen Blick auf die Leistung des Tools zu werfen. <\/li><\/ol> <div class=\"tip-yellow tip\"><b>Aufgrund der Besonderheiten der Google Sites-Funktion sieht das Widget m\u00f6glicherweise anders aus als die Online-Demo. Wir entschuldigen uns f\u00fcr etwaige Unannehmlichkeiten.<\/b><\/div><p>Wenn Sie Fragen haben oder auf Schwierigkeiten sto\u00dfen, k\u00f6nnen Sie sich gerne an unser Support-Team wenden. Unsere Mitarbeiter sind bestrebt, alle Schwierigkeiten zu l\u00f6sen, die Sie mit dem Produkt haben k\u00f6nnten. <\/p> <div class=\"faq\" data-component=\"FAQ\"><div class=\"faq-item\">\r\n\t\t\t\t\t<div class=\"faq-item-question\">\r\n\t\t\t\t\t\t<h3 class=\"faq-item-question-text\">Wie kann ich ohne Programmierkenntnisse ein Radio Player-Widget in meine Google Sites-Seite einbetten?<\/h3>\r\n\r\n\t\t\t\t\t\t<div class=\"faq-item-question-icon\"><\/div>\r\n\t\t\t\t\t<\/div>\r\n\r\n\t\t\t\t\t<div class=\"faq-item-answer\">\r\n\t\t\t\t\t\t<div class=\"faq-item-answer-text\"><p>Elfsight bietet eine cloudbasierte L\u00f6sung, mit der Benutzer ein Radio Player-Widget integrieren k\u00f6nnen Sehen Sie sich auf ihrer Google Sites-Seite an, wie unkompliziert der Vorgang ist:<\/p><ul><li>Greifen Sie auf den Online-Editor zu, um einen Radio Player-Widget-Abschnitt zu erstellen, den Sie in Ihre Google Sites-Seite einbetten m\u00f6chten.<\/li> <li>W\u00e4hlen Sie eine unserer vorgefertigten Vorlagen und passen Sie die Einstellungen des Radio Player-Widgets an, \u00e4ndern Sie das Layout und das Farbschema und f\u00fcgen Sie Ihre Inhalte ein, ohne dass eine Codierung erforderlich ist.<\/li><li>Speichern Sie die Einstellungen, die Sie konfiguriert haben Laden Sie das Radio Player-Widget herunter und erhalten Sie den Code des Widgets zum Einbetten, der m\u00fchelos und kostenlos in Ihre Google Sites-Seite eingebunden werden kann.<\/li><\/ul><p>Durch die Arbeit im benutzerfreundlichen Editor kann jeder Internetnutzer dies tun Erstellen Sie einen Radio Player-Widget-Bereich und betten Sie ihn in ihre Google Sites-Seite ein. F\u00fcr den Zugriff auf den Elfsight-Editor ist keine Zahlung oder Offenlegung Ihrer Karteninformationen erforderlich. Sollten Sie zu irgendeinem Zeitpunkt auf Schwierigkeiten sto\u00dfen, wenden Sie sich bitte an unseren Kundensupport.<\/p><\/div>\r\n\t\t\t\t\t<\/div>\r\n\t\t\t\t<\/div><\/div><\/div>\n","protected":false},"excerpt":{"rendered":"","protected":false},"author":9,"featured_media":0,"parent":2242,"menu_order":0,"comment_status":"closed","ping_status":"closed","template":"templates\/template-application-platform.php","meta":{"publish_to_discourse":"","publish_post_category":"","wpdc_auto_publish_overridden":"","wpdc_topic_tags":"","wpdc_pin_topic":"","wpdc_pin_until":"","discourse_post_id":"","discourse_permalink":"","wpdc_publishing_response":"","wpdc_publishing_error":"","footnotes":""},"class_list":["post-9913","page","type-page","status-publish","hentry"],"yoast_head":"<!-- This site is optimized with the Yoast SEO plugin v25.3.1 - https:\/\/yoast.com\/wordpress\/plugins\/seo\/ -->\n<title>Radio Player \u2013 Radio Player-Widget zu Google Sites hinzuf\u00fcgen (2025)<\/title>\n<meta name=\"description\" content=\"Implementieren Sie ein responsives Radio-Player-Widget auf Ihrer Website. Nutzen Sie unsere praktische Demo und formen Sie Ihr Werkzeug m\u00fchelos in nur wenigen Minuten!\" \/>\n<meta name=\"robots\" content=\"index, follow, max-snippet:-1, max-image-preview:large, max-video-preview:-1\" \/>\n<link rel=\"canonical\" href=\"https:\/\/elfsight.com\/de\/radio-player-widget\/google-sites\/\" \/>\n<meta property=\"og:locale\" content=\"de_DE\" \/>\n<meta property=\"og:type\" content=\"article\" \/>\n<meta property=\"og:title\" content=\"Radio Player \u2013 Radio Player-Widget zu Google Sites hinzuf\u00fcgen (2025)\" \/>\n<meta property=\"og:description\" content=\"Implementieren Sie ein responsives Radio-Player-Widget auf Ihrer Website. Nutzen Sie unsere praktische Demo und formen Sie Ihr Werkzeug m\u00fchelos in nur wenigen Minuten!\" \/>\n<meta property=\"og:url\" content=\"https:\/\/elfsight.com\/de\/radio-player-widget\/google-sites\/\" \/>\n<meta property=\"og:site_name\" content=\"Elfsight DE\" \/>\n<meta property=\"article:modified_time\" content=\"2025-07-09T06:43:47+00:00\" \/>\n<meta name=\"twitter:card\" content=\"summary_large_image\" \/>\n<meta name=\"twitter:label1\" content=\"Gesch\u00e4tzte Lesezeit\" \/>\n\t<meta name=\"twitter:data1\" content=\"3\u00a0Minuten\" \/>\n<!-- \/ Yoast SEO plugin. -->","yoast_head_json":{"title":"Radio Player \u2013 Radio Player-Widget zu Google Sites hinzuf\u00fcgen (2025)","description":"Implementieren Sie ein responsives Radio-Player-Widget auf Ihrer Website. Nutzen Sie unsere praktische Demo und formen Sie Ihr Werkzeug m\u00fchelos in nur wenigen Minuten!","robots":{"index":"index","follow":"follow","max-snippet":"max-snippet:-1","max-image-preview":"max-image-preview:large","max-video-preview":"max-video-preview:-1"},"canonical":"https:\/\/elfsight.com\/de\/radio-player-widget\/google-sites\/","og_locale":"de_DE","og_type":"article","og_title":"Radio Player \u2013 Radio Player-Widget zu Google Sites hinzuf\u00fcgen (2025)","og_description":"Implementieren Sie ein responsives Radio-Player-Widget auf Ihrer Website. Nutzen Sie unsere praktische Demo und formen Sie Ihr Werkzeug m\u00fchelos in nur wenigen Minuten!","og_url":"https:\/\/elfsight.com\/de\/radio-player-widget\/google-sites\/","og_site_name":"Elfsight DE","article_modified_time":"2025-07-09T06:43:47+00:00","twitter_card":"summary_large_image","twitter_misc":{"Gesch\u00e4tzte Lesezeit":"3\u00a0Minuten"},"schema":{"@context":"https:\/\/schema.org","@graph":[{"@type":"WebPage","@id":"https:\/\/elfsight.com\/de\/radio-player-widget\/google-sites\/","url":"https:\/\/elfsight.com\/de\/radio-player-widget\/google-sites\/","name":"Radio Player \u2013 Radio Player-Widget zu Google Sites hinzuf\u00fcgen (2025)","isPartOf":{"@id":"https:\/\/elfsight.com\/de\/#website"},"datePublished":"1970-01-01T00:00:00+00:00","dateModified":"2025-07-09T06:43:47+00:00","description":"Implementieren Sie ein responsives Radio-Player-Widget auf Ihrer Website. Nutzen Sie unsere praktische Demo und formen Sie Ihr Werkzeug m\u00fchelos in nur wenigen Minuten!","breadcrumb":{"@id":"https:\/\/elfsight.com\/de\/radio-player-widget\/google-sites\/#breadcrumb"},"inLanguage":"de","potentialAction":[{"@type":"ReadAction","target":["https:\/\/elfsight.com\/de\/radio-player-widget\/google-sites\/"]}]},{"@type":"BreadcrumbList","@id":"https:\/\/elfsight.com\/de\/radio-player-widget\/google-sites\/#breadcrumb","itemListElement":[{"@type":"ListItem","position":1,"name":"Home","item":"https:\/\/elfsight.com\/de\/"},{"@type":"ListItem","position":2,"name":"Radio Player","item":"https:\/\/elfsight.com\/de\/radio-player-widget\/"},{"@type":"ListItem","position":3,"name":"Radio Player &#8211; Google Sites"}]},{"@type":"WebSite","@id":"https:\/\/elfsight.com\/de\/#website","url":"https:\/\/elfsight.com\/de\/","name":"Elfsight DE","description":"Just another Elfsight Sites site","potentialAction":[{"@type":"SearchAction","target":{"@type":"EntryPoint","urlTemplate":"https:\/\/elfsight.com\/de\/?s={search_term_string}"},"query-input":{"@type":"PropertyValueSpecification","valueRequired":true,"valueName":"search_term_string"}}],"inLanguage":"de"}]}},"meta_box":{"industry":"","seo_heading":"","heading":"","description":"","cta_heading":"","cta_description":"","application":"2241","h1":"Google Sites Radio Player-Widget","h1_caption":"F\u00fcgen Sie Ihrer Website einen Live-Radiostream mit einem anpassbaren Player hinzu, der Ihr Branding m\u00fchelos in Ihre Google Sites einf\u00fcgt.","application_category":[],"applications_title":"","applications_request_title":"","applications_request_button_text":"","hero_text":"","hero_video":"","hero_video_schema_markup":"","selling_points_title":"","selling_points_caption":"","selling_points":[],"selling_points_cta_text":"","features_title":"","features":"","ed_cta_examples_text":"","ed_cta_examples_hidden":"","ed_cta_demo_text":"","ed_cta_demo_hidden":"","why_caption":"","why_editor_title":"","why_editor_text":"","why_team_title":"","why_team_text":"","why_service_title":"","why_service_text":"","template_catalog_visible":"","template_catalog_title":"","template_catalog_text":"","template_catalog_categories_visible":"","demo_title":"Erstellen Sie Ihr Radio-Player-Widget","demo_caption":"Konfigurieren Sie Ihren Radio-Player und f\u00fcgen Sie ihn kostenlos zu Ihrer Google Sites-Website hinzu!","default_faq_hidden":"","app_template_category":[],"platform":"3000","template_public_id":"","codecanyon_url":"","codecanyon_item_id":"","codecanyon_price":"","pricing_caption":"","pricing_elfsight_apps_hide_column":"","pricing_elfsight_apps_url":"","pricing_codecanyon_price_caption":"","integration_category":[],"integration_request_title":"","integration_request_cta":"","integration_platform":"","integrations":[],"platform_category":[],"video_schema_markup":"","price":"ab 0 $ \/ Monat","trial":"","benefits":[{"text":"Kostenlose Installationsunterst\u00fctzung"},{"text":"Premium-Support"},{"text":"14-t\u00e4gige R\u00fcckerstattungsgarantie"},{"text":"Kontinuierliche Verbesserungen"}],"button_url":"#demo","button_target_blank":"","button_nofollow":"","attributes":[{"name":"Installiert","content":"10,000 - 100,000"},{"name":"Reaktionsfreudig","content":"F\u00fcr Mobilger\u00e4te optimiert"},{"name":"Kompatible Browser","content":" Firefox, Opera, Edge, Safari, Chrome"}],"tags":[],"tags_disable_links":"","hide_more_platforms":"","video_object":"","demo_hide_cta":"","demo_hide_cloud_options":"","pricing_title":"","pricing":[{"pricing_icon":"platform","pricing_title":"Elfsight Apps","pricing_title_caption":"Plattformunabh\u00e4ngige Software, die zu jeder Website passt","pricing_price":"ab 0 $ \/ Monat","pricing_price_caption":"Beginnen Sie mit einem kostenlosen Plan","pricing_benefits":[{"text":"Unbegrenzte Domains"},{"text":"Engagierte Unterst\u00fctzung"},{"text":"Kostenloser Installationsservice"},{"text":"Flexibles Design"}],"pricing_button_text":"Zur Website hinzuf\u00fcgen","pricing_button_url":"#demo"}],"related_apps_title":"","related_apps_hidden":"","author":"","image":[],"title":"","job":"","social_networks":[]},"_links":{"self":[{"href":"https:\/\/elfsight.com\/de\/wp-json\/wp\/v2\/pages\/9913","targetHints":{"allow":["GET"]}}],"collection":[{"href":"https:\/\/elfsight.com\/de\/wp-json\/wp\/v2\/pages"}],"about":[{"href":"https:\/\/elfsight.com\/de\/wp-json\/wp\/v2\/types\/page"}],"author":[{"embeddable":true,"href":"https:\/\/elfsight.com\/de\/wp-json\/wp\/v2\/users\/9"}],"replies":[{"embeddable":true,"href":"https:\/\/elfsight.com\/de\/wp-json\/wp\/v2\/comments?post=9913"}],"version-history":[{"count":3,"href":"https:\/\/elfsight.com\/de\/wp-json\/wp\/v2\/pages\/9913\/revisions"}],"predecessor-version":[{"id":25465,"href":"https:\/\/elfsight.com\/de\/wp-json\/wp\/v2\/pages\/9913\/revisions\/25465"}],"up":[{"embeddable":true,"href":"https:\/\/elfsight.com\/de\/wp-json\/wp\/v2\/pages\/2242"}],"wp:attachment":[{"href":"https:\/\/elfsight.com\/de\/wp-json\/wp\/v2\/media?parent=9913"}],"curies":[{"name":"wp","href":"https:\/\/api.w.org\/{rel}","templated":true}]}}