{"id":9908,"date":"1970-01-01T00:00:00","date_gmt":"1970-01-01T00:00:00","guid":{"rendered":"https:\/\/elfsight.com\/de\/?page_id=9908"},"modified":"2025-07-09T14:20:37","modified_gmt":"2025-07-09T14:20:37","slug":"godaddy","status":"publish","type":"page","link":"https:\/\/elfsight.com\/de\/radio-player-widget\/godaddy\/","title":{"rendered":"Radio Player  &#8211; GoDaddy"},"content":{"rendered":"<div class=\"application-platform-content-item-description application-platform-content-item\" id=\"description\" data-nav-section=\"description\"> <h2>Radio Player mit dem Elfsight-Widget in GoDaddy einbetten<\/h2> <p>Elfsight Radio Player ist ein einfaches Plugin f\u00fcr GoDaddy, das Ihnen eine M\u00f6glichkeit bietet um Radiosender direkt auf Ihrer Website zu streamen. Das Plugin ist enorm anpassbar: Sie k\u00f6nnen seine Position \u00e4ndern, es an einer beliebigen Stelle auf der Seite platzieren, seine Gr\u00f6\u00dfe skalieren, den Hintergrund und alle anderen Teile neu einf\u00e4rben, um es mit dem Stil Ihrer Website zu kombinieren, ein dunkles Thema anwenden, Bilder zeigen und demonstrieren oder 3 zus\u00e4tzliche Spielerelemente ausblenden, zum Beispiel Titel, Status und andere. Sie k\u00f6nnen so viele Sender hochladen, wie Sie m\u00f6chten, um Ihre Besucher zu unterhalten, schalten Sie die Autoplay-Option ein und z\u00f6gern Sie nicht \u2013 Ihre Benutzer werden Ihre Website nicht so schnell verlassen! <\/p> <p><b>Stellen Sie Ihr Publikum mithilfe des Radio-Players mit einer neuen Quelle hilfreicher und unterhaltsamer Inhalte aus<\/b><\/p> <\/div> <div class=\"application-platform-content-item-features application-platform-content-item\" id=\"features\" data-nav-section=\"features\"> <h2>Wir bieten leistungsstarke und unkomplizierte Funktionen, sehen Sie sich einige davon an: <\/h2> <ul><li>Verschiedene Farbvarianten. <\/li><li>Dunkles\/helles Farbthema. <\/li><li>2 gebrauchsfertige Layouts. <\/li><li>Eine Option zum Anh\u00e4ngen eines Hintergrundbilds. <\/li><li>Unbegrenzte Anzahl an Stationen hinzuf\u00fcgen<\/li><\/ul><p><a href=\"#demo\">Die volle Funktionalit\u00e4t des Plugins erfahren Sie in der Demo <\/a><\/p> <\/div> <div class=\"application-platform-content-item-installation application-platform-content-item\" id=\"installation\" data-nav-section=\"installation\"> <h2>Wie bette ich den Radio Player auf meiner GoDaddy-Website ein? <\/h2> <p>Befolgen Sie einfach die unten beschriebenen Schritte, um das Plugin hinzuzuf\u00fcgen. <\/p> <ol><li><b>Verwalten Sie unseren kostenlosen Editor und beginnen Sie mit der Entwicklung Ihres eigenen Plugins. <\/b><br> Bestimmen Sie die bevorzugte Form und Eigenschaften des Plugins und speichern Sie die \u00c4nderungen. <\/li> <li><b>Sie erhalten Ihren individuellen Code in der Box von Elfsight Apps. <\/b><br> Sobald die Einrichtung Ihres Plugins abgeschlossen ist, kopieren Sie den einzelnen Code aus dem erscheinenden Popup und speichern Sie ihn f\u00fcr die sp\u00e4tere Verwendung. <\/li> <li><b>Initiieren Sie die Nutzung des Plugins auf der GoDaddy-Homepage. <\/b><br> Integrieren Sie den zuvor kopierten Code in Ihre Homepage und \u00fcbernehmen Sie die Korrekturen. <\/li> <li><b>Fertig! Die Integration ist vollst\u00e4ndig durchgef\u00fchrt. <\/b><br> Besuchen Sie Ihre Website, um zu sehen, wie das Tool funktioniert. <\/li><\/ol> <p>Wenn Sie Fragen haben oder auf Komplikationen sto\u00dfen, wenden Sie sich bitte an unser Support-Personal. Unsere Berater helfen Ihnen gerne bei allen Schwierigkeiten, die Sie mit dem Plugin haben k\u00f6nnten. <\/p> <div class=\"faq\" data-component=\"FAQ\"><div class=\"faq-item\">\r\n\t\t\t\t\t<div class=\"faq-item-question\">\r\n\t\t\t\t\t\t<h3 class=\"faq-item-question-text\">Wie kann ich das GoDaddy Radio Player-Plugin ohne Programmierkenntnisse in meine Website einbetten?<\/h3>\r\n\r\n\t\t\t\t\t\t<div class=\"faq-item-question-icon\"><\/div>\r\n\t\t\t\t\t<\/div>\r\n\r\n\t\t\t\t\t<div class=\"faq-item-answer\">\r\n\t\t\t\t\t\t<div class=\"faq-item-answer-text\"><p>Elfsight bietet eine cloudbasierte L\u00f6sung, mit der Benutzer ein GoDaddy Radio Player-Plugin erstellen k\u00f6nnen alleine. Erleben Sie, wie einfach der Vorgang sein kann:<\/p><ul><li>Greifen Sie auf den Online-Editor zu, um einen GoDaddy Radio Player-Plugin-Bereich zu erstellen, den Sie in Ihre Website integrieren m\u00f6chten.<\/li><li>W\u00e4hlen Sie einen davon aus Nutzen Sie unsere vorgefertigten Vorlagen und passen Sie die Einstellungen des GoDaddy Radio Player-Plugins an, \u00e4ndern Sie das Layout und das Farbschema und f\u00fcgen Sie Ihre Inhalte ein, ohne dass eine Codierung erforderlich ist.<\/li><li>Behalten Sie die Einstellungen bei, die Sie f\u00fcr das GoDaddy Radio Player-Plugin konfiguriert haben und erhalten Sie den Code zum Einbetten, der m\u00fchelos und kostenlos in Ihre Website integriert werden kann.<\/li><\/ul><p>Durch die Arbeit im benutzerfreundlichen Editor kann jeder Internetnutzer einen GoDaddy Radio Player-Plugin-Bereich erstellen und betten es in ihre Website ein. F\u00fcr den Zugriff auf den Elfsight-Editor ist keine Zahlung oder Offenlegung Ihrer Karteninformationen erforderlich. Sollten Sie zu irgendeinem Zeitpunkt auf Schwierigkeiten sto\u00dfen, wenden Sie sich bitte an unseren Kundensupport.<\/p><\/div>\r\n\t\t\t\t\t<\/div>\r\n\t\t\t\t<\/div><\/div><\/div>","protected":false},"excerpt":{"rendered":"","protected":false},"author":9,"featured_media":0,"parent":2242,"menu_order":0,"comment_status":"closed","ping_status":"closed","template":"templates\/template-application-platform.php","meta":{"publish_to_discourse":"","publish_post_category":"","wpdc_auto_publish_overridden":"","wpdc_topic_tags":"","wpdc_pin_topic":"","wpdc_pin_until":"","discourse_post_id":"","discourse_permalink":"","wpdc_publishing_response":"","wpdc_publishing_error":"","footnotes":""},"class_list":["post-9908","page","type-page","status-publish","hentry"],"yoast_head":"<!-- This site is optimized with the Yoast SEO plugin v25.3.1 - https:\/\/yoast.com\/wordpress\/plugins\/seo\/ -->\n<title>Radio Player \u2013 F\u00fcgen Sie das Radio Player-Plugin zur GoDaddy-Website hinzu!<\/title>\n<meta name=\"description\" content=\"F\u00fcgen Sie Ihrer Homepage ein responsives Radio Player-Plugin hinzu. Nutzen Sie unsere praktische Demo und generieren Sie Ihr Plugin mit nur wenigen Klicks!\" \/>\n<meta name=\"robots\" content=\"index, follow, max-snippet:-1, max-image-preview:large, max-video-preview:-1\" \/>\n<link rel=\"canonical\" href=\"https:\/\/elfsight.com\/de\/radio-player-widget\/godaddy\/\" \/>\n<meta property=\"og:locale\" content=\"de_DE\" \/>\n<meta property=\"og:type\" content=\"article\" \/>\n<meta property=\"og:title\" content=\"Radio Player \u2013 F\u00fcgen Sie das Radio Player-Plugin zur GoDaddy-Website hinzu!\" \/>\n<meta property=\"og:description\" content=\"F\u00fcgen Sie Ihrer Homepage ein responsives Radio Player-Plugin hinzu. Nutzen Sie unsere praktische Demo und generieren Sie Ihr Plugin mit nur wenigen Klicks!\" \/>\n<meta property=\"og:url\" content=\"https:\/\/elfsight.com\/de\/radio-player-widget\/godaddy\/\" \/>\n<meta property=\"og:site_name\" content=\"Elfsight DE\" \/>\n<meta property=\"article:modified_time\" content=\"2025-07-09T14:20:37+00:00\" \/>\n<meta name=\"twitter:card\" content=\"summary_large_image\" \/>\n<meta name=\"twitter:label1\" content=\"Gesch\u00e4tzte Lesezeit\" \/>\n\t<meta name=\"twitter:data1\" content=\"3\u00a0Minuten\" \/>\n<!-- \/ Yoast SEO plugin. -->","yoast_head_json":{"title":"Radio Player \u2013 F\u00fcgen Sie das Radio Player-Plugin zur GoDaddy-Website hinzu!","description":"F\u00fcgen Sie Ihrer Homepage ein responsives Radio Player-Plugin hinzu. Nutzen Sie unsere praktische Demo und generieren Sie Ihr Plugin mit nur wenigen Klicks!","robots":{"index":"index","follow":"follow","max-snippet":"max-snippet:-1","max-image-preview":"max-image-preview:large","max-video-preview":"max-video-preview:-1"},"canonical":"https:\/\/elfsight.com\/de\/radio-player-widget\/godaddy\/","og_locale":"de_DE","og_type":"article","og_title":"Radio Player \u2013 F\u00fcgen Sie das Radio Player-Plugin zur GoDaddy-Website hinzu!","og_description":"F\u00fcgen Sie Ihrer Homepage ein responsives Radio Player-Plugin hinzu. Nutzen Sie unsere praktische Demo und generieren Sie Ihr Plugin mit nur wenigen Klicks!","og_url":"https:\/\/elfsight.com\/de\/radio-player-widget\/godaddy\/","og_site_name":"Elfsight DE","article_modified_time":"2025-07-09T14:20:37+00:00","twitter_card":"summary_large_image","twitter_misc":{"Gesch\u00e4tzte Lesezeit":"3\u00a0Minuten"},"schema":{"@context":"https:\/\/schema.org","@graph":[{"@type":"WebPage","@id":"https:\/\/elfsight.com\/de\/radio-player-widget\/godaddy\/","url":"https:\/\/elfsight.com\/de\/radio-player-widget\/godaddy\/","name":"Radio Player \u2013 F\u00fcgen Sie das Radio Player-Plugin zur GoDaddy-Website hinzu!","isPartOf":{"@id":"https:\/\/elfsight.com\/de\/#website"},"datePublished":"1970-01-01T00:00:00+00:00","dateModified":"2025-07-09T14:20:37+00:00","description":"F\u00fcgen Sie Ihrer Homepage ein responsives Radio Player-Plugin hinzu. Nutzen Sie unsere praktische Demo und generieren Sie Ihr Plugin mit nur wenigen Klicks!","breadcrumb":{"@id":"https:\/\/elfsight.com\/de\/radio-player-widget\/godaddy\/#breadcrumb"},"inLanguage":"de","potentialAction":[{"@type":"ReadAction","target":["https:\/\/elfsight.com\/de\/radio-player-widget\/godaddy\/"]}]},{"@type":"BreadcrumbList","@id":"https:\/\/elfsight.com\/de\/radio-player-widget\/godaddy\/#breadcrumb","itemListElement":[{"@type":"ListItem","position":1,"name":"Home","item":"https:\/\/elfsight.com\/de\/"},{"@type":"ListItem","position":2,"name":"Radio Player","item":"https:\/\/elfsight.com\/de\/radio-player-widget\/"},{"@type":"ListItem","position":3,"name":"Radio Player &#8211; GoDaddy"}]},{"@type":"WebSite","@id":"https:\/\/elfsight.com\/de\/#website","url":"https:\/\/elfsight.com\/de\/","name":"Elfsight DE","description":"Just another Elfsight Sites site","potentialAction":[{"@type":"SearchAction","target":{"@type":"EntryPoint","urlTemplate":"https:\/\/elfsight.com\/de\/?s={search_term_string}"},"query-input":{"@type":"PropertyValueSpecification","valueRequired":true,"valueName":"search_term_string"}}],"inLanguage":"de"}]}},"meta_box":{"industry":"","seo_heading":"","heading":"","description":"","cta_heading":"","cta_description":"","application":"2241","h1":"GoDaddy Radio Player-Plugin","h1_caption":"Variieren Sie Ihre Inhaltsvarianten und heben Sie sich von der Masse ab","application_category":[],"applications_title":"","applications_request_title":"","applications_request_button_text":"","hero_text":"","hero_video":"","hero_video_schema_markup":"","selling_points_title":"","selling_points_caption":"","selling_points":[],"selling_points_cta_text":"","features_title":"","features":"","ed_cta_examples_text":"","ed_cta_examples_hidden":"","ed_cta_demo_text":"","ed_cta_demo_hidden":"","why_caption":"","why_editor_title":"","why_editor_text":"","why_team_title":"","why_team_text":"","why_service_title":"","why_service_text":"","template_catalog_visible":"","template_catalog_title":"","template_catalog_text":"","template_catalog_categories_visible":"","demo_title":"Z\u00f6gern Sie nicht, einen eigenen Radio-Player zu entwerfen","demo_caption":"Passen Sie es an und integrieren Sie es aus der Live-Demo auf Ihrer Homepage.","default_faq_hidden":"","app_template_category":[],"platform":"241","template_public_id":"","codecanyon_url":"","codecanyon_item_id":"","codecanyon_price":"","pricing_caption":"","pricing_elfsight_apps_hide_column":"","pricing_elfsight_apps_url":"","pricing_codecanyon_price_caption":"","integration_category":[],"integration_request_title":"","integration_request_cta":"","integration_platform":"","integrations":[],"platform_category":[],"video_schema_markup":"","price":"ab 0 $ \/ Monat","trial":"","benefits":[{"text":"Kostenloser Installationsservice"},{"text":"Erfahrener Kundensupport"},{"text":"14-t\u00e4gige R\u00fcckerstattungsgarantie"},{"text":"Laufende kostenlose Updates"}],"button_url":"#demo","button_target_blank":"","button_nofollow":"","attributes":[{"name":"Installiert","content":"10,000 - 100,000"},{"name":"Reaktionsfreudig","content":"Ja"},{"name":"Kompatible Browser","content":"IE11, Firefox, Safari, Opera, Chrome, Edge"}],"tags":[],"tags_disable_links":"","hide_more_platforms":"","video_object":"","demo_hide_cta":"","demo_hide_cloud_options":"","pricing_title":"","pricing":[{"pricing_icon":"platform","pricing_title":"Elfsight Apps","pricing_title_caption":"Plattform\u00fcbergreifende digitale L\u00f6sung","pricing_price":"ab 0 $ \/ Monat","pricing_price_caption":"Beginnen Sie mit einem kostenlosen Plan","pricing_benefits":[{"text":"Unbegrenzte Domains"},{"text":"Professionelle Kundenbetreuung und gut dokumentiert"},{"text":"Kostenlose Installationshilfe"},{"text":"Vollst\u00e4ndig anpassbar"}],"pricing_button_text":"Zur Website hinzuf\u00fcgen","pricing_button_url":"#demo"}],"related_apps_title":"","related_apps_hidden":"","author":"","image":[],"title":"","job":"","social_networks":[]},"_links":{"self":[{"href":"https:\/\/elfsight.com\/de\/wp-json\/wp\/v2\/pages\/9908","targetHints":{"allow":["GET"]}}],"collection":[{"href":"https:\/\/elfsight.com\/de\/wp-json\/wp\/v2\/pages"}],"about":[{"href":"https:\/\/elfsight.com\/de\/wp-json\/wp\/v2\/types\/page"}],"author":[{"embeddable":true,"href":"https:\/\/elfsight.com\/de\/wp-json\/wp\/v2\/users\/9"}],"replies":[{"embeddable":true,"href":"https:\/\/elfsight.com\/de\/wp-json\/wp\/v2\/comments?post=9908"}],"version-history":[{"count":1,"href":"https:\/\/elfsight.com\/de\/wp-json\/wp\/v2\/pages\/9908\/revisions"}],"predecessor-version":[{"id":9912,"href":"https:\/\/elfsight.com\/de\/wp-json\/wp\/v2\/pages\/9908\/revisions\/9912"}],"up":[{"embeddable":true,"href":"https:\/\/elfsight.com\/de\/wp-json\/wp\/v2\/pages\/2242"}],"wp:attachment":[{"href":"https:\/\/elfsight.com\/de\/wp-json\/wp\/v2\/media?parent=9908"}],"curies":[{"name":"wp","href":"https:\/\/api.w.org\/{rel}","templated":true}]}}