{"id":9906,"date":"1970-01-01T00:00:00","date_gmt":"1970-01-01T00:00:00","guid":{"rendered":"https:\/\/elfsight.com\/de\/?page_id=9906"},"modified":"2025-07-09T06:43:55","modified_gmt":"2025-07-09T06:43:55","slug":"jimdo","status":"publish","type":"page","link":"https:\/\/elfsight.com\/de\/radio-player-widget\/jimdo\/","title":{"rendered":"Radio Player &#8211; Jimdo"},"content":{"rendered":"<div class=\"application-platform-content-item-description application-platform-content-item\" id=\"description\" data-nav-section=\"description\"><h2>Beschreibung<\/h2> <p>Elfsight Radio Player ist ein unkompliziertes Tool, mit dem Sie Audiotitel auf Ihrer Website wiedergeben k\u00f6nnen. Das Widget ist \u00e4u\u00dferst anpassbar: Sie k\u00f6nnen seine Position \u00e4ndern, es an einer beliebigen Stelle auf der Seite platzieren, seine Gr\u00f6\u00dfe \u00e4ndern, den Hintergrund und andere Elemente neu zeichnen, um es mit dem Design Ihrer Website zu kombinieren, ein dunkles Farbschema anwenden, Cover zeigen und drei weitere anzeigen oder verbergen Spielerelemente wie Fortschrittsbalken und vieles mehr. F\u00fcgen Sie so viele Titel hinzu, wie Sie ben\u00f6tigen, um Ihre Benutzer anzusprechen, schalten Sie die automatische Wiedergabe ein und z\u00f6gern Sie nicht \u2013 Ihre Besucher werden Ihre Website nicht so schnell verlassen! <\/p><p><b>Erzielen Sie mit Radio Player eine nachhaltige Gesch\u00e4ftsentwicklung und steigern Sie den Umsatz.<\/b><\/p> <\/div> <div class=\"application-platform-content-item-features application-platform-content-item\" id=\"features\" data-nav-section=\"features\"> <h2>\u00dcberpr\u00fcfen Sie die Liste der Gr\u00f6\u00dfte Features: <\/h2> <ul><li>2 Layouts verf\u00fcgbar<\/li><li>M\u00f6glichkeit, ein Hintergrundbild hinzuzuf\u00fcgen<\/li><li>Eine unbegrenzte Anzahl von Stationen hinzuf\u00fcgen<\/li><li>Eine Option dazu Erstellen Sie Ihr individuelles Farbschema<\/li><li>F\u00fcgen Sie eine unbegrenzte Anzahl von Stationen hinzu<\/li><li>Demonstrieren Sie den Stationsstatus<\/li><\/ul><p><a href=\"#demo\">Sie In der Demo unten k\u00f6nnen Sie sich die volle Funktionalit\u00e4t des Widgets ansehen<\/a><\/p> <\/div> <div class=\"application-platform-content-item-installation application-platform-content-item\" id=\"installation\" data-nav-section=\"installation\"> <h2>Wie bette ich einen Radio-Player auf meiner Jimdo-Website ein? <\/h2> <p>Befolgen Sie einfach die nachstehenden Anweisungen, um das Widget hinzuzuf\u00fcgen. <\/p> <ol><li><b>Nutzen Sie unseren kostenlosen Editor und beginnen Sie mit der Gestaltung Ihres ma\u00dfgeschneiderten Widgets. <\/b><br> Finden Sie das individuelle Design und die Funktionalit\u00e4t des Tools und speichern Sie die \u00c4nderungen. <\/li> <li><b>Lassen Sie Ihren einzigartigen Code in der Box von Elfsight Apps offenlegen. <\/b><br> Sobald die Konfiguration Ihres pers\u00f6nlichen Widgets abgeschlossen ist, kopieren Sie den exklusiven Code in der Box und speichern Sie ihn f\u00fcr den sp\u00e4teren Bedarf. <\/li> <li><b>Initiieren Sie die Nutzung des Widgets auf der Jimdo-Website. <\/b><br> Integrieren Sie den Code, den Sie k\u00fcrzlich kopiert haben, in Ihre Webseite und \u00fcbernehmen Sie die \u00c4nderungen. <\/li> <li><b>Das Setup ist vollst\u00e4ndig durchgef\u00fchrt. <\/b><br> Besuchen Sie Ihre Website, um die Arbeit des Widgets zu beobachten. <\/li><\/ol> <p>Falls Sie auf Hindernisse sto\u00dfen, scheuen Sie sich nicht, sich an unsere Support-Mitarbeiter zu wenden. Unsere Mitarbeiter helfen Ihnen gerne bei allen Fragen, die Sie zum Produkt haben. <\/p> <\/div>","protected":false},"excerpt":{"rendered":"","protected":false},"author":9,"featured_media":0,"parent":2242,"menu_order":0,"comment_status":"closed","ping_status":"closed","template":"templates\/template-application-platform.php","meta":{"publish_to_discourse":"","publish_post_category":"","wpdc_auto_publish_overridden":"","wpdc_topic_tags":"","wpdc_pin_topic":"","wpdc_pin_until":"","discourse_post_id":"","discourse_permalink":"","wpdc_publishing_response":"","wpdc_publishing_error":"","footnotes":""},"class_list":["post-9906","page","type-page","status-publish","hentry"],"yoast_head":"<!-- This site is optimized with the Yoast SEO plugin v25.3.1 - https:\/\/yoast.com\/wordpress\/plugins\/seo\/ -->\n<title>Elfsight Radio Player-Widget f\u00fcr Jimdo-Websites (kostenlos und schnell)<\/title>\n<meta name=\"description\" content=\"Implementieren Sie ein responsives Radio-Player-Widget auf Ihrer Website. Nutzen Sie unsere praktische Demo und erstellen Sie Ihr Widget ohne Aufwand!\" \/>\n<meta name=\"robots\" content=\"index, follow, max-snippet:-1, max-image-preview:large, max-video-preview:-1\" \/>\n<link rel=\"canonical\" href=\"https:\/\/elfsight.com\/de\/radio-player-widget\/jimdo\/\" \/>\n<meta property=\"og:locale\" content=\"de_DE\" \/>\n<meta property=\"og:type\" content=\"article\" \/>\n<meta property=\"og:title\" content=\"Elfsight Radio Player-Widget f\u00fcr Jimdo-Websites (kostenlos und schnell)\" \/>\n<meta property=\"og:description\" content=\"Implementieren Sie ein responsives Radio-Player-Widget auf Ihrer Website. Nutzen Sie unsere praktische Demo und erstellen Sie Ihr Widget ohne Aufwand!\" \/>\n<meta property=\"og:url\" content=\"https:\/\/elfsight.com\/de\/radio-player-widget\/jimdo\/\" \/>\n<meta property=\"og:site_name\" content=\"Elfsight DE\" \/>\n<meta property=\"article:modified_time\" content=\"2025-07-09T06:43:55+00:00\" \/>\n<meta name=\"twitter:card\" content=\"summary_large_image\" \/>\n<meta name=\"twitter:label1\" content=\"Gesch\u00e4tzte Lesezeit\" \/>\n\t<meta name=\"twitter:data1\" content=\"2\u00a0Minuten\" \/>\n<!-- \/ Yoast SEO plugin. -->","yoast_head_json":{"title":"Elfsight Radio Player-Widget f\u00fcr Jimdo-Websites (kostenlos und schnell)","description":"Implementieren Sie ein responsives Radio-Player-Widget auf Ihrer Website. Nutzen Sie unsere praktische Demo und erstellen Sie Ihr Widget ohne Aufwand!","robots":{"index":"index","follow":"follow","max-snippet":"max-snippet:-1","max-image-preview":"max-image-preview:large","max-video-preview":"max-video-preview:-1"},"canonical":"https:\/\/elfsight.com\/de\/radio-player-widget\/jimdo\/","og_locale":"de_DE","og_type":"article","og_title":"Elfsight Radio Player-Widget f\u00fcr Jimdo-Websites (kostenlos und schnell)","og_description":"Implementieren Sie ein responsives Radio-Player-Widget auf Ihrer Website. Nutzen Sie unsere praktische Demo und erstellen Sie Ihr Widget ohne Aufwand!","og_url":"https:\/\/elfsight.com\/de\/radio-player-widget\/jimdo\/","og_site_name":"Elfsight DE","article_modified_time":"2025-07-09T06:43:55+00:00","twitter_card":"summary_large_image","twitter_misc":{"Gesch\u00e4tzte Lesezeit":"2\u00a0Minuten"},"schema":{"@context":"https:\/\/schema.org","@graph":[{"@type":"WebPage","@id":"https:\/\/elfsight.com\/de\/radio-player-widget\/jimdo\/","url":"https:\/\/elfsight.com\/de\/radio-player-widget\/jimdo\/","name":"Elfsight Radio Player-Widget f\u00fcr Jimdo-Websites (kostenlos und schnell)","isPartOf":{"@id":"https:\/\/elfsight.com\/de\/#website"},"datePublished":"1970-01-01T00:00:00+00:00","dateModified":"2025-07-09T06:43:55+00:00","description":"Implementieren Sie ein responsives Radio-Player-Widget auf Ihrer Website. Nutzen Sie unsere praktische Demo und erstellen Sie Ihr Widget ohne Aufwand!","breadcrumb":{"@id":"https:\/\/elfsight.com\/de\/radio-player-widget\/jimdo\/#breadcrumb"},"inLanguage":"de","potentialAction":[{"@type":"ReadAction","target":["https:\/\/elfsight.com\/de\/radio-player-widget\/jimdo\/"]}]},{"@type":"BreadcrumbList","@id":"https:\/\/elfsight.com\/de\/radio-player-widget\/jimdo\/#breadcrumb","itemListElement":[{"@type":"ListItem","position":1,"name":"Home","item":"https:\/\/elfsight.com\/de\/"},{"@type":"ListItem","position":2,"name":"Radio Player","item":"https:\/\/elfsight.com\/de\/radio-player-widget\/"},{"@type":"ListItem","position":3,"name":"Radio Player &#8211; Jimdo"}]},{"@type":"WebSite","@id":"https:\/\/elfsight.com\/de\/#website","url":"https:\/\/elfsight.com\/de\/","name":"Elfsight DE","description":"Just another Elfsight Sites site","potentialAction":[{"@type":"SearchAction","target":{"@type":"EntryPoint","urlTemplate":"https:\/\/elfsight.com\/de\/?s={search_term_string}"},"query-input":{"@type":"PropertyValueSpecification","valueRequired":true,"valueName":"search_term_string"}}],"inLanguage":"de"}]}},"meta_box":{"industry":"","seo_heading":"","heading":"","description":"","cta_heading":"","cta_description":"","application":"2241","h1":"Jimdo Radio Player-Widget","h1_caption":"F\u00fcgen Sie Ihrer Website einen Live-Radiostream mit einem anpassbaren Player hinzu, der Ihr Branding m\u00fchelos in Ihre Jimdo-Website einf\u00fcgt.","application_category":[],"applications_title":"","applications_request_title":"","applications_request_button_text":"","hero_text":"","hero_video":"","hero_video_schema_markup":"","selling_points_title":"","selling_points_caption":"","selling_points":[],"selling_points_cta_text":"","features_title":"","features":"","ed_cta_examples_text":"","ed_cta_examples_hidden":"","ed_cta_demo_text":"","ed_cta_demo_hidden":"","why_caption":"","why_editor_title":"","why_editor_text":"","why_team_title":"","why_team_text":"","why_service_title":"","why_service_text":"","template_catalog_visible":"","template_catalog_title":"","template_catalog_text":"","template_catalog_categories_visible":"","demo_title":"Erstellen Sie Ihr Radio-Player-Widget","demo_caption":"Konfigurieren Sie Ihren Radio-Player und f\u00fcgen Sie ihn kostenlos zu Ihrer Jimdo-Website hinzu!","default_faq_hidden":"","app_template_category":[],"platform":"239","template_public_id":"","codecanyon_url":"","codecanyon_item_id":"","codecanyon_price":"","pricing_caption":"","pricing_elfsight_apps_hide_column":"","pricing_elfsight_apps_url":"","pricing_codecanyon_price_caption":"","integration_category":[],"integration_request_title":"","integration_request_cta":"","integration_platform":"","integrations":[],"platform_category":[],"video_schema_markup":"","price":"ab 0 $ \/ Monat","trial":"","benefits":[{"text":"Kostenloser Installationsservice"},{"text":"Professioneller Kundenservice"},{"text":"14-t\u00e4gige Geld-zur\u00fcck-Garantie"},{"text":"Laufende kostenlose Verbesserungen"}],"button_url":"#demo","button_target_blank":"","button_nofollow":"","attributes":[{"name":"Installiert","content":"10,000 - 100,000"},{"name":"Reaktionsfreudig","content":"Ja"},{"name":"Kompatible Browser","content":"Firefox, Safari, Opera, Chrome, Edge"}],"tags":[],"tags_disable_links":"","hide_more_platforms":"","video_object":"","demo_hide_cta":"","demo_hide_cloud_options":"","pricing_title":"","pricing":[{"pricing_icon":"platform","pricing_title":"Elfsight Apps","pricing_title_caption":"Plattform\u00fcbergreifende L\u00f6sung, die auf jeder Website funktioniert","pricing_price":"ab 0 $ \/ Monat","pricing_price_caption":"Beginnen Sie mit einem kostenlosen Plan","pricing_benefits":[{"text":"Unbegrenzte Domains"},{"text":"Kostenloser Kundensupport"},{"text":"Kostenloser Installationsservice"},{"text":"Flexibles Design"}],"pricing_button_text":"Zur Website hinzuf\u00fcgen","pricing_button_url":"#demo"}],"related_apps_title":"","related_apps_hidden":"","author":"","image":[],"title":"","job":"","social_networks":[]},"_links":{"self":[{"href":"https:\/\/elfsight.com\/de\/wp-json\/wp\/v2\/pages\/9906","targetHints":{"allow":["GET"]}}],"collection":[{"href":"https:\/\/elfsight.com\/de\/wp-json\/wp\/v2\/pages"}],"about":[{"href":"https:\/\/elfsight.com\/de\/wp-json\/wp\/v2\/types\/page"}],"author":[{"embeddable":true,"href":"https:\/\/elfsight.com\/de\/wp-json\/wp\/v2\/users\/9"}],"replies":[{"embeddable":true,"href":"https:\/\/elfsight.com\/de\/wp-json\/wp\/v2\/comments?post=9906"}],"version-history":[{"count":1,"href":"https:\/\/elfsight.com\/de\/wp-json\/wp\/v2\/pages\/9906\/revisions"}],"predecessor-version":[{"id":9910,"href":"https:\/\/elfsight.com\/de\/wp-json\/wp\/v2\/pages\/9906\/revisions\/9910"}],"up":[{"embeddable":true,"href":"https:\/\/elfsight.com\/de\/wp-json\/wp\/v2\/pages\/2242"}],"wp:attachment":[{"href":"https:\/\/elfsight.com\/de\/wp-json\/wp\/v2\/media?parent=9906"}],"curies":[{"name":"wp","href":"https:\/\/api.w.org\/{rel}","templated":true}]}}