{"id":9900,"date":"1970-01-01T00:00:00","date_gmt":"1970-01-01T00:00:00","guid":{"rendered":"https:\/\/elfsight.com\/de\/?page_id=9900"},"modified":"2025-07-09T14:18:27","modified_gmt":"2025-07-09T14:18:27","slug":"bigcommerce","status":"publish","type":"page","link":"https:\/\/elfsight.com\/de\/qr-code-widget\/bigcommerce\/","title":{"rendered":"QR Code &#8211; BigCommerce"},"content":{"rendered":"<div class=\"application-platform-content-item-description application-platform-content-item\" id=\"description\" data-nav-section=\"description\"> <h2>Beschreibung<\/h2> <p>Der Elfsight QR-Code-Generator ist eine bemerkenswerte Option f\u00fcr BigCommerce, mit der Sie Ihre Besucher sofort auf jede Website umleiten und teilen k\u00f6nnen ein Link, Ihr Standort, E-Mail, eine beliebige Datei und vieles mehr. Das Plugin ist bemerkenswert anpassbar: Sie k\u00f6nnen einen Titel und eine Beschriftung hinzuf\u00fcgen, das Symbol und das Logo ausw\u00e4hlen \u2013 aus unserer Bibliothek oder Ihr eigenes hochladen, den Text, den Hintergrund und den Rahmen neu zeichnen und die Gr\u00f6\u00dfe nach Bedarf \u00e4ndern. Sie m\u00fcssen lediglich mit der Erstellung der Funktion beginnen \u2013 die Installation ist unkompliziert und erfordert keine Programmierkenntnisse. <\/p> <p><b>F\u00fcgen Sie den Elfsight QR-Code-Generator in Ihre Website ein und bringen Sie Besucher direkt dorthin, wo Sie sie haben m\u00f6chten, und optimieren Sie die Inhaltsnutzung<\/b><\/p> <\/div> <div class=\"application-platform-content-item- Funktionen application-platform-content-item\" id=\" Funktionen\" data-nav-section=\" Funktionen\"> <h2>Zu den wichtigsten App-Funktionen geh\u00f6ren<\/h2> <ul><li>Sofortiger Zugriff auf von Ihnen hochgeladene Inhalte<\/li><li>Beliebigen Text hinzuf\u00fcgen<\/li><li>Acht austauschbare Logos <\/li><li>F\u00fcnfzehn austauschbare Symbole zur Auswahl<\/li><li>F\u00e4rben Sie alle Elemente neu<\/li><\/ul><p><a href=\"#demo\">Entdecken Sie alle Personalisierungsfunktionen in voll funktionsf\u00e4higer Demo<\/a><\/p> <\/div> <div class=\"application-platform-content-item-installation application-platform-content-item\" id=\"installation\" data-nav-section=\"installation\"> <h2>Wie bette ich QR-Code in meine BigCommerce-Webseite ein? <\/h2> <p>Befolgen Sie einfach die unten beschriebenen Schritte, um die App hinzuzuf\u00fcgen. <\/p> <ol><li><b>\u00d6ffnen Sie unsere kostenlose Demo und beginnen Sie mit der Erstellung Ihres ma\u00dfgeschneiderten Widgets. <\/b><br> Finden Sie das gew\u00fcnschte Layout und die gew\u00fcnschte Leistung des Widgets und \u00fcbernehmen Sie alle \u00c4nderungen. <\/li> <li><b>Erhalten Sie Ihren einzigartigen Code in einem speziellen Formular auf Elfsight Apps. <\/b><br> Gleich nachdem die Konfiguration Ihres Widgets abgeschlossen ist, kopieren Sie Ihren Code aus dem angezeigten Popup und bewahren Sie ihn f\u00fcr zuk\u00fcnftige Gelegenheiten auf. <\/li> <li><b>Beginnen Sie mit der Nutzung des Widgets auf Ihrer BigCommerce-Seite. <\/b><br> Integrieren Sie den Code, den Sie k\u00fcrzlich kopiert haben, in Ihre Webseite und wenden Sie die Korrekturen an. <\/li> <li><b>Die Installation ist vollst\u00e4ndig beendet. <\/b><br> \u00d6ffnen Sie Ihre Website, um die Leistung des Widgets zu beobachten. <\/li><\/ol> <p>Wenn Sie auf Schwierigkeiten sto\u00dfen, scheuen Sie sich nicht, sich an unser Kundendienstteam zu wenden. Unsere Spezialisten beantworten gerne alle Fragen, die Sie zum Produkt haben. <\/p> <div class=\"faq\" data-component=\"FAQ\"><div class=\"faq-item\">\r\n\t\t\t\t\t<div class=\"faq-item-question\">\r\n\t\t\t\t\t\t<h3 class=\"faq-item-question-text\">Gibt es eine Methode, ein Portfolio ohne Programmierkenntnisse in meine BigCommerce-Website einzubetten?<\/h3>\r\n\r\n\t\t\t\t\t\t<div class=\"faq-item-question-icon\"><\/div>\r\n\t\t\t\t\t<\/div>\r\n\r\n\t\t\t\t\t<div class=\"faq-item-answer\">\r\n\t\t\t\t\t\t<div class=\"faq-item-answer-text\"> <p>Das Unternehmen Elfsight liefert eine SaaS-L\u00f6sung, mit der Sie selbst ein Portfolio-Plugin erstellen k\u00f6nnen. Entdecken Sie die einfachen Anweisungen: Beginnen Sie direkt in der Live-Demo mit der Erstellung einer Portfolio-App, die Sie gerne auf BigCommerce sehen w\u00fcrden. Entscheiden Sie sich f\u00fcr eine unserer vorgefertigten Vorlagen und \u00e4ndern Sie die Portfolio-Einstellungen, f\u00fcgen Sie Ihre Inhalte hinzu, \u00e4ndern Sie das Layout und das Farbschema ohne Programmierkenntnisse. Speichern Sie das Portfolio und erhalten Sie den Installationscode des Widgets, den Sie im Rahmen eines kostenlosen Plans in Ihre BigCommerce-Homepage einbetten k\u00f6nnen. Mit dem intuitiven Konfigurator kann jeder Internetnutzer ein Portfolio-Widget online erstellen und problemlos zu jeder BigCommerce-Homepage hinzuf\u00fcgen. Sie m\u00fcssen weder bezahlen noch Ihre Kartendaten eingeben, um auf unseren Editor zuzugreifen. Sollten bei irgendeinem Schritt Probleme auftreten, z\u00f6gern Sie bitte nicht, sich an unsere Mitarbeiter des technischen Supports zu wenden.<\/p> <\/div>\r\n\t\t\t\t\t<\/div>\r\n\t\t\t\t<\/div> <\/div><\/div>","protected":false},"excerpt":{"rendered":"","protected":false},"author":9,"featured_media":0,"parent":2499,"menu_order":0,"comment_status":"closed","ping_status":"closed","template":"templates\/template-application-platform.php","meta":{"publish_to_discourse":"","publish_post_category":"","wpdc_auto_publish_overridden":"","wpdc_topic_tags":"","wpdc_pin_topic":"","wpdc_pin_until":"","discourse_post_id":"","discourse_permalink":"","wpdc_publishing_response":"","wpdc_publishing_error":"","footnotes":""},"class_list":["post-9900","page","type-page","status-publish","hentry"],"yoast_head":"<!-- This site is optimized with the Yoast SEO plugin v25.3.1 - https:\/\/yoast.com\/wordpress\/plugins\/seo\/ -->\n<title>QR-Code-Generator \u2013 QR-Code-Widget zu BigCommerce hinzuf\u00fcgen [2025]<\/title>\n<meta name=\"description\" content=\"Erstellen Sie schnell Ihren einzigartigen QR-Code f\u00fcr die BigCommerce-Website. Nutzen Sie einfach unsere Demo und Ihre App ist in weniger als einer Minute fertig.\" \/>\n<meta name=\"robots\" content=\"index, follow, max-snippet:-1, max-image-preview:large, max-video-preview:-1\" \/>\n<link rel=\"canonical\" href=\"https:\/\/elfsight.com\/de\/qr-code-widget\/bigcommerce\/\" \/>\n<meta property=\"og:locale\" content=\"de_DE\" \/>\n<meta property=\"og:type\" content=\"article\" \/>\n<meta property=\"og:title\" content=\"QR-Code-Generator \u2013 QR-Code-Widget zu BigCommerce hinzuf\u00fcgen [2025]\" \/>\n<meta property=\"og:description\" content=\"Erstellen Sie schnell Ihren einzigartigen QR-Code f\u00fcr die BigCommerce-Website. Nutzen Sie einfach unsere Demo und Ihre App ist in weniger als einer Minute fertig.\" \/>\n<meta property=\"og:url\" content=\"https:\/\/elfsight.com\/de\/qr-code-widget\/bigcommerce\/\" \/>\n<meta property=\"og:site_name\" content=\"Elfsight DE\" \/>\n<meta property=\"article:modified_time\" content=\"2025-07-09T14:18:27+00:00\" \/>\n<meta name=\"twitter:card\" content=\"summary_large_image\" \/>\n<meta name=\"twitter:label1\" content=\"Gesch\u00e4tzte Lesezeit\" \/>\n\t<meta name=\"twitter:data1\" content=\"3\u00a0Minuten\" \/>\n<!-- \/ Yoast SEO plugin. -->","yoast_head_json":{"title":"QR-Code-Generator \u2013 QR-Code-Widget zu BigCommerce hinzuf\u00fcgen [2025]","description":"Erstellen Sie schnell Ihren einzigartigen QR-Code f\u00fcr die BigCommerce-Website. Nutzen Sie einfach unsere Demo und Ihre App ist in weniger als einer Minute fertig.","robots":{"index":"index","follow":"follow","max-snippet":"max-snippet:-1","max-image-preview":"max-image-preview:large","max-video-preview":"max-video-preview:-1"},"canonical":"https:\/\/elfsight.com\/de\/qr-code-widget\/bigcommerce\/","og_locale":"de_DE","og_type":"article","og_title":"QR-Code-Generator \u2013 QR-Code-Widget zu BigCommerce hinzuf\u00fcgen [2025]","og_description":"Erstellen Sie schnell Ihren einzigartigen QR-Code f\u00fcr die BigCommerce-Website. Nutzen Sie einfach unsere Demo und Ihre App ist in weniger als einer Minute fertig.","og_url":"https:\/\/elfsight.com\/de\/qr-code-widget\/bigcommerce\/","og_site_name":"Elfsight DE","article_modified_time":"2025-07-09T14:18:27+00:00","twitter_card":"summary_large_image","twitter_misc":{"Gesch\u00e4tzte Lesezeit":"3\u00a0Minuten"},"schema":{"@context":"https:\/\/schema.org","@graph":[{"@type":"WebPage","@id":"https:\/\/elfsight.com\/de\/qr-code-widget\/bigcommerce\/","url":"https:\/\/elfsight.com\/de\/qr-code-widget\/bigcommerce\/","name":"QR-Code-Generator \u2013 QR-Code-Widget zu BigCommerce hinzuf\u00fcgen [2025]","isPartOf":{"@id":"https:\/\/elfsight.com\/de\/#website"},"datePublished":"1970-01-01T00:00:00+00:00","dateModified":"2025-07-09T14:18:27+00:00","description":"Erstellen Sie schnell Ihren einzigartigen QR-Code f\u00fcr die BigCommerce-Website. Nutzen Sie einfach unsere Demo und Ihre App ist in weniger als einer Minute fertig.","breadcrumb":{"@id":"https:\/\/elfsight.com\/de\/qr-code-widget\/bigcommerce\/#breadcrumb"},"inLanguage":"de","potentialAction":[{"@type":"ReadAction","target":["https:\/\/elfsight.com\/de\/qr-code-widget\/bigcommerce\/"]}]},{"@type":"BreadcrumbList","@id":"https:\/\/elfsight.com\/de\/qr-code-widget\/bigcommerce\/#breadcrumb","itemListElement":[{"@type":"ListItem","position":1,"name":"Home","item":"https:\/\/elfsight.com\/de\/"},{"@type":"ListItem","position":2,"name":"QR Code","item":"https:\/\/elfsight.com\/de\/qr-code-widget\/"},{"@type":"ListItem","position":3,"name":"QR Code &#8211; BigCommerce"}]},{"@type":"WebSite","@id":"https:\/\/elfsight.com\/de\/#website","url":"https:\/\/elfsight.com\/de\/","name":"Elfsight DE","description":"Just another Elfsight Sites site","potentialAction":[{"@type":"SearchAction","target":{"@type":"EntryPoint","urlTemplate":"https:\/\/elfsight.com\/de\/?s={search_term_string}"},"query-input":{"@type":"PropertyValueSpecification","valueRequired":true,"valueName":"search_term_string"}}],"inLanguage":"de"}]}},"meta_box":{"industry":"","seo_heading":"","heading":"","description":"","cta_heading":"","cta_description":"","application":"512","h1":"BigCommerce QR-Code-App","h1_caption":"Generieren und zeigen Sie m\u00fchelos einen QR-Code f\u00fcr den einfachen Zugriff auf URLs, WLAN, Visitenkarten und mehr auf Ihrer BigCommerce-Website an.","application_category":[],"applications_title":"","applications_request_title":"","applications_request_button_text":"","hero_text":"","hero_video":"","hero_video_schema_markup":"","selling_points_title":"","selling_points_caption":"","selling_points":[],"selling_points_cta_text":"","features_title":"","features":"","ed_cta_examples_text":"","ed_cta_examples_hidden":"","ed_cta_demo_text":"","ed_cta_demo_hidden":"","why_caption":"","why_editor_title":"","why_editor_text":"","why_team_title":"","why_team_text":"","why_service_title":"","why_service_text":"","template_catalog_visible":"","template_catalog_title":"","template_catalog_text":"","template_catalog_categories_visible":"","demo_title":"Erstellen Sie Ihre QR-Code-App","demo_caption":"Konfigurieren Sie Ihren QR-Code und f\u00fcgen Sie ihn kostenlos zu Ihrer BigCommerce-Website hinzu!","default_faq_hidden":"","app_template_category":[],"platform":"268","template_public_id":"","codecanyon_url":"","codecanyon_item_id":"","codecanyon_price":"","pricing_caption":"","pricing_elfsight_apps_hide_column":"","pricing_elfsight_apps_url":"","pricing_codecanyon_price_caption":"","integration_category":[],"integration_request_title":"","integration_request_cta":"","integration_platform":"","integrations":[],"platform_category":[],"video_schema_markup":"","price":"ab 0 $ \/ Monat","trial":"","benefits":[{"text":"Kostenloser Installationsservice"},{"text":"Erfahrener Kundensupport"},{"text":"14-t\u00e4gige R\u00fcckerstattungsgarantie"},{"text":"Fortlaufende Entwicklung"}],"button_url":"#demo","button_target_blank":"","button_nofollow":"","attributes":[{"name":"Installiert","content":"10,000 - 100,000"},{"name":"Reaktionsfreudig","content":"Ja"},{"name":"Kompatible Browser","content":"Firefox, Safari, Opera, Chrome, Edge"}],"tags":[],"tags_disable_links":"","hide_more_platforms":"","video_object":"","demo_hide_cta":"","demo_hide_cloud_options":"","pricing_title":"","pricing":[{"pricing_icon":"platform","pricing_title":"Elfsight Apps","pricing_title_caption":"Multiplattform-Version, die f\u00fcr jede Website geeignet ist","pricing_price":"ab 0 $ \/ Monat","pricing_price_caption":"Beginnen Sie mit einem kostenlosen Plan","pricing_benefits":[{"text":"Unbegrenzte Domains"},{"text":"Schneller Kundensupport und gut dokumentiert"},{"text":"Kostenloser Installationssupport"},{"text":"100 % anpassbar"}],"pricing_button_text":"Zur Website hinzuf\u00fcgen","pricing_button_url":"#demo"}],"related_apps_title":"","related_apps_hidden":"","author":"","image":[],"title":"","job":"","social_networks":[]},"_links":{"self":[{"href":"https:\/\/elfsight.com\/de\/wp-json\/wp\/v2\/pages\/9900","targetHints":{"allow":["GET"]}}],"collection":[{"href":"https:\/\/elfsight.com\/de\/wp-json\/wp\/v2\/pages"}],"about":[{"href":"https:\/\/elfsight.com\/de\/wp-json\/wp\/v2\/types\/page"}],"author":[{"embeddable":true,"href":"https:\/\/elfsight.com\/de\/wp-json\/wp\/v2\/users\/9"}],"replies":[{"embeddable":true,"href":"https:\/\/elfsight.com\/de\/wp-json\/wp\/v2\/comments?post=9900"}],"version-history":[{"count":2,"href":"https:\/\/elfsight.com\/de\/wp-json\/wp\/v2\/pages\/9900\/revisions"}],"predecessor-version":[{"id":21804,"href":"https:\/\/elfsight.com\/de\/wp-json\/wp\/v2\/pages\/9900\/revisions\/21804"}],"up":[{"embeddable":true,"href":"https:\/\/elfsight.com\/de\/wp-json\/wp\/v2\/pages\/2499"}],"wp:attachment":[{"href":"https:\/\/elfsight.com\/de\/wp-json\/wp\/v2\/media?parent=9900"}],"curies":[{"name":"wp","href":"https:\/\/api.w.org\/{rel}","templated":true}]}}