{"id":9899,"date":"1970-01-01T00:00:00","date_gmt":"1970-01-01T00:00:00","guid":{"rendered":"https:\/\/elfsight.com\/de\/?page_id=9899"},"modified":"2025-07-09T14:18:34","modified_gmt":"2025-07-09T14:18:34","slug":"blogger","status":"publish","type":"page","link":"https:\/\/elfsight.com\/de\/qr-code-widget\/blogger\/","title":{"rendered":"QR Code &#8211; Blogger"},"content":{"rendered":"<div class=\"application-platform-content-item-description application-platform-content-item\" id=\"description\" data-nav-section=\"description\"> <h2>Beschreibung<\/h2> <p>Der QR-Code-Generator ist eine leistungsstarke Option f\u00fcr Blogger-Websites, mit der Sie Benutzer sofort auf jede beliebige Webseite umleiten k\u00f6nnen. Teilen Sie eine URL, Ihren Standort, Ihre E-Mail-Adresse, eine Datei und vieles mehr. Das Plugin ist hochgradig anpassbar: Sie k\u00f6nnen einen Titel und eine Bildunterschrift hinzuf\u00fcgen, das Symbol und das Logo ausw\u00e4hlen \u2013 aus unserer Bibliothek oder ein eigenes verwenden, den Text, den Hintergrund und den Rahmen neu zeichnen und die Gr\u00f6\u00dfe des Widgets so anpassen, wie es zu Ihrer Website passt. Sie m\u00fcssen lediglich mit der Erstellung der Funktion beginnen \u2013 die Installation ist ein Kinderspiel und erfordert keine Programmierkenntnisse. <\/p> <p><b>Betten Sie den Blogger-QR-Code-Generator in Ihre Webseite ein und leiten Sie Besucher direkt dorthin weiter, wo Sie sie ben\u00f6tigen, und vereinfachen Sie die Nutzung von Inhalten<\/b><\/p> <\/div> <div class=\"application-platform-content-item-features application-platform-content-item\" id=\"features\" data-nav-section=\"features\"> <h2>Zu den wertvollsten Widget-Funktionen geh\u00f6ren<\/h2> <ul><li>Sofortiger Zugriff auf von Ihnen hochgeladene Inhalte<\/li><li>Beliebigen Text hinzuf\u00fcgen<\/li><li>Acht Austauschbare Logos<\/li><li>15 austauschbare Symbole verf\u00fcgbar<\/li><li>Alle Elemente des Widgets neu lackieren<\/li><\/ul><p><a href=\"#demo\">Schauen Sie sich einfach diese Demo an Sehen Sie, wie es funktioniert<\/a><\/p> <\/div> <div class=\"application-platform-content-item-installation application-platform-content-item\" id=\"installation\" data-nav-section=\"installation\"> <h2>Wie kann ich QR-Code in meine Blogger-Site einbetten?<\/h2> <p>Wenden Sie einfach die folgenden Anweisungen an um das Widget zu integrieren. <\/p> <ol><li><b>F\u00fchren Sie unsere kostenlose Demo durch und beginnen Sie mit der Entwicklung Ihres eigenen Plugins. <\/b><br> Finden Sie das benutzerdefinierte Design und die Parameter des Plugins und \u00fcbernehmen Sie die \u00c4nderungen. <\/li> <li><b>Erhalten Sie Ihren pers\u00f6nlichen Code, der im speziellen Formular auf Elfsight Apps erscheint. <\/b><br> Nachdem Sie Ihr pers\u00f6nliches Widget erstellt haben, kopieren Sie den pers\u00f6nlichen Code aus dem angezeigten Fenster und speichern Sie ihn zur sp\u00e4teren Verwendung. <\/li> <li><b>Beginnen Sie mit der Nutzung des Widgets auf der Blogger-Startseite. <\/b><br> F\u00fcgen Sie den Code, den Sie zuvor kopiert haben, in Ihre Seite ein und wenden Sie die Verbesserungen an. <\/li> <li><b>Du bist fertig! Das Setup wurde erfolgreich beendet. <\/b><br> Besuchen Sie Ihre Webseite, um zu sehen, wie das Tool funktioniert. <\/li><\/ol> <p>Wenn Sie Fragen haben oder auf Hindernisse sto\u00dfen, wenden Sie sich bitte an unser Kundendienstteam. Unsere Spezialisten sind bestrebt, alle Schwierigkeiten zu l\u00f6sen, die Sie mit dem Produkt haben k\u00f6nnten. <\/p> <div class=\"faq\" data-component=\"FAQ\"><div class=\"faq-item\">\r\n\t\t\t\t\t<div class=\"faq-item-question\">\r\n\t\t\t\t\t\t<h3 class=\"faq-item-question-text\">Wie kann ich Portfolio ohne Programmierkenntnisse zu meiner Blogger-Site hinzuf\u00fcgen?<\/h3>\r\n\r\n\t\t\t\t\t\t<div class=\"faq-item-question-icon\"><\/div>\r\n\t\t\t\t\t<\/div>\r\n\r\n\t\t\t\t\t<div class=\"faq-item-answer\">\r\n\t\t\t\t\t\t<div class=\"faq-item-answer-text\"> <p>Das Unternehmen Elfsight bietet eine L\u00f6sung, mit der Sie selbst ein Portfolio-Plugin erstellen k\u00f6nnen. Entdecken Sie, wie unkompliziert es ist ist: Gehen Sie zum Live-Editor, um ein Portfolio-Plugin zu erstellen, das Sie gerne auf Blogger sehen w\u00fcrden. W\u00e4hlen Sie eine der vorgefertigten Vorlagen aus und \u00e4ndern Sie die Portfolio-Einstellungen, aktualisieren Sie Ihre Inhalte, \u00e4ndern Sie das Layout und die Farben ohne Programmieraufwand. Speichern Sie die von Ihnen vorgenommenen Einstellungen in Portfolio und erhalten Sie einen Installationscode, den Sie mit einem kostenlosen Plan einfach in jede Blogger-Homepage einf\u00fcgen k\u00f6nnen. Mit dem intuitiven Editor kann jeder Webbenutzer online ein Portfolio erstellen und es problemlos in jede Blogger-Homepage einbetten. F\u00fcr den Zugriff auf den Elfsight-Dienst ist es nicht erforderlich, ein kostenpflichtiges Abonnement abzuschlie\u00dfen oder Ihre Kartendaten offenzulegen. Sollten Sie bei irgendeinem Schritt auf Probleme sto\u00dfen, z\u00f6gern Sie nicht, mit unserem Support-Personal zu sprechen.<\/p> <\/div>\r\n\t\t\t\t\t<\/div>\r\n\t\t\t\t<\/div> <\/div><\/div>","protected":false},"excerpt":{"rendered":"","protected":false},"author":9,"featured_media":0,"parent":2499,"menu_order":0,"comment_status":"closed","ping_status":"closed","template":"templates\/template-application-platform.php","meta":{"publish_to_discourse":"","publish_post_category":"","wpdc_auto_publish_overridden":"","wpdc_topic_tags":"","wpdc_pin_topic":"","wpdc_pin_until":"","discourse_post_id":"","discourse_permalink":"","wpdc_publishing_response":"","wpdc_publishing_error":"","footnotes":""},"class_list":["post-9899","page","type-page","status-publish","hentry"],"yoast_head":"<!-- This site is optimized with the Yoast SEO plugin v25.3.1 - https:\/\/yoast.com\/wordpress\/plugins\/seo\/ -->\n<title>QR-Code-Generator \u2013 QR-Code-Widget zu Blogger hinzuf\u00fcgen (kostenlos und schnell)<\/title>\n<meta name=\"description\" content=\"Erstellen Sie schnell Ihren benutzerdefinierten QR-Code-Generator f\u00fcr die Blogger-Webseite. Nutzen Sie einfach unsere aktive Demo und Ihr Widget wird in weniger als zwei Minuten erstellt.\" \/>\n<meta name=\"robots\" content=\"index, follow, max-snippet:-1, max-image-preview:large, max-video-preview:-1\" \/>\n<link rel=\"canonical\" href=\"https:\/\/elfsight.com\/de\/qr-code-widget\/blogger\/\" \/>\n<meta property=\"og:locale\" content=\"de_DE\" \/>\n<meta property=\"og:type\" content=\"article\" \/>\n<meta property=\"og:title\" content=\"QR-Code-Generator \u2013 QR-Code-Widget zu Blogger hinzuf\u00fcgen (kostenlos und schnell)\" \/>\n<meta property=\"og:description\" content=\"Erstellen Sie schnell Ihren benutzerdefinierten QR-Code-Generator f\u00fcr die Blogger-Webseite. Nutzen Sie einfach unsere aktive Demo und Ihr Widget wird in weniger als zwei Minuten erstellt.\" \/>\n<meta property=\"og:url\" content=\"https:\/\/elfsight.com\/de\/qr-code-widget\/blogger\/\" \/>\n<meta property=\"og:site_name\" content=\"Elfsight DE\" \/>\n<meta property=\"article:modified_time\" content=\"2025-07-09T14:18:34+00:00\" \/>\n<meta name=\"twitter:card\" content=\"summary_large_image\" \/>\n<meta name=\"twitter:label1\" content=\"Gesch\u00e4tzte Lesezeit\" \/>\n\t<meta name=\"twitter:data1\" content=\"3\u00a0Minuten\" \/>\n<!-- \/ Yoast SEO plugin. -->","yoast_head_json":{"title":"QR-Code-Generator \u2013 QR-Code-Widget zu Blogger hinzuf\u00fcgen (kostenlos und schnell)","description":"Erstellen Sie schnell Ihren benutzerdefinierten QR-Code-Generator f\u00fcr die Blogger-Webseite. Nutzen Sie einfach unsere aktive Demo und Ihr Widget wird in weniger als zwei Minuten erstellt.","robots":{"index":"index","follow":"follow","max-snippet":"max-snippet:-1","max-image-preview":"max-image-preview:large","max-video-preview":"max-video-preview:-1"},"canonical":"https:\/\/elfsight.com\/de\/qr-code-widget\/blogger\/","og_locale":"de_DE","og_type":"article","og_title":"QR-Code-Generator \u2013 QR-Code-Widget zu Blogger hinzuf\u00fcgen (kostenlos und schnell)","og_description":"Erstellen Sie schnell Ihren benutzerdefinierten QR-Code-Generator f\u00fcr die Blogger-Webseite. Nutzen Sie einfach unsere aktive Demo und Ihr Widget wird in weniger als zwei Minuten erstellt.","og_url":"https:\/\/elfsight.com\/de\/qr-code-widget\/blogger\/","og_site_name":"Elfsight DE","article_modified_time":"2025-07-09T14:18:34+00:00","twitter_card":"summary_large_image","twitter_misc":{"Gesch\u00e4tzte Lesezeit":"3\u00a0Minuten"},"schema":{"@context":"https:\/\/schema.org","@graph":[{"@type":"WebPage","@id":"https:\/\/elfsight.com\/de\/qr-code-widget\/blogger\/","url":"https:\/\/elfsight.com\/de\/qr-code-widget\/blogger\/","name":"QR-Code-Generator \u2013 QR-Code-Widget zu Blogger hinzuf\u00fcgen (kostenlos und schnell)","isPartOf":{"@id":"https:\/\/elfsight.com\/de\/#website"},"datePublished":"1970-01-01T00:00:00+00:00","dateModified":"2025-07-09T14:18:34+00:00","description":"Erstellen Sie schnell Ihren benutzerdefinierten QR-Code-Generator f\u00fcr die Blogger-Webseite. Nutzen Sie einfach unsere aktive Demo und Ihr Widget wird in weniger als zwei Minuten erstellt.","breadcrumb":{"@id":"https:\/\/elfsight.com\/de\/qr-code-widget\/blogger\/#breadcrumb"},"inLanguage":"de","potentialAction":[{"@type":"ReadAction","target":["https:\/\/elfsight.com\/de\/qr-code-widget\/blogger\/"]}]},{"@type":"BreadcrumbList","@id":"https:\/\/elfsight.com\/de\/qr-code-widget\/blogger\/#breadcrumb","itemListElement":[{"@type":"ListItem","position":1,"name":"Home","item":"https:\/\/elfsight.com\/de\/"},{"@type":"ListItem","position":2,"name":"QR Code","item":"https:\/\/elfsight.com\/de\/qr-code-widget\/"},{"@type":"ListItem","position":3,"name":"QR Code &#8211; Blogger"}]},{"@type":"WebSite","@id":"https:\/\/elfsight.com\/de\/#website","url":"https:\/\/elfsight.com\/de\/","name":"Elfsight DE","description":"Just another Elfsight Sites site","potentialAction":[{"@type":"SearchAction","target":{"@type":"EntryPoint","urlTemplate":"https:\/\/elfsight.com\/de\/?s={search_term_string}"},"query-input":{"@type":"PropertyValueSpecification","valueRequired":true,"valueName":"search_term_string"}}],"inLanguage":"de"}]}},"meta_box":{"industry":"","seo_heading":"","heading":"","description":"","cta_heading":"","cta_description":"","application":"512","h1":"Blogger-QR-Code-Widget","h1_caption":"Generieren Sie einen QR-Code und zeigen Sie ihn an, um m\u00fchelos auf URLs, WLAN, Visitenkarten und mehr auf Ihrer Blogger-Website zuzugreifen.","application_category":[],"applications_title":"","applications_request_title":"","applications_request_button_text":"","hero_text":"","hero_video":"","hero_video_schema_markup":"","selling_points_title":"","selling_points_caption":"","selling_points":[],"selling_points_cta_text":"","features_title":"","features":"","ed_cta_examples_text":"","ed_cta_examples_hidden":"","ed_cta_demo_text":"","ed_cta_demo_hidden":"","why_caption":"","why_editor_title":"","why_editor_text":"","why_team_title":"","why_team_text":"","why_service_title":"","why_service_text":"","template_catalog_visible":"","template_catalog_title":"","template_catalog_text":"","template_catalog_categories_visible":"","demo_title":"Erstellen Sie Ihr QR-Code-Widget","demo_caption":"Konfigurieren Sie Ihren QR-Code und f\u00fcgen Sie ihn kostenlos zu Ihrer Blogger-Website hinzu!","default_faq_hidden":"","app_template_category":[],"platform":"262","template_public_id":"","codecanyon_url":"","codecanyon_item_id":"","codecanyon_price":"","pricing_caption":"","pricing_elfsight_apps_hide_column":"","pricing_elfsight_apps_url":"","pricing_codecanyon_price_caption":"","integration_category":[],"integration_request_title":"","integration_request_cta":"","integration_platform":"","integrations":[],"platform_category":[],"video_schema_markup":"","price":"ab 0 $ \/ Monat","trial":"","benefits":[{"text":"Kostenlose Installationshilfe"},{"text":"Erfahrener Kundensupport"},{"text":"14-t\u00e4gige Geld-zur\u00fcck-Garantie"},{"text":"Laufende Updates"}],"button_url":"#demo","button_target_blank":"","button_nofollow":"","attributes":[{"name":"Installiert","content":"10,000 - 100,000"},{"name":"Reaktionsfreudig","content":"Ja"},{"name":"Kompatible Browser","content":"Firefox, Safari, Opera, Chrome, Edge"}],"tags":[],"tags_disable_links":"","hide_more_platforms":"","video_object":"","demo_hide_cta":"","demo_hide_cloud_options":"","pricing_title":"","pricing":[{"pricing_icon":"platform","pricing_title":"Elfsight Apps","pricing_title_caption":"Plattform\u00fcbergreifende Software, die f\u00fcr jede Website geeignet ist","pricing_price":"ab 0 $ \/ Monat","pricing_price_caption":"Beginnen Sie mit einem kostenlosen Plan","pricing_benefits":[{"text":"Plattform\u00fcbergreifende Software, die f\u00fcr jede Website geeignet ist"},{"text":"Schnelle Unternehmensunterst\u00fctzung"},{"text":"Kostenlose Installationsunterst\u00fctzung"},{"text":"100 % anpassbar"}],"pricing_button_text":"Zur Website hinzuf\u00fcgen","pricing_button_url":"#demo"}],"related_apps_title":"","related_apps_hidden":"","author":"","image":[],"title":"","job":"","social_networks":[]},"_links":{"self":[{"href":"https:\/\/elfsight.com\/de\/wp-json\/wp\/v2\/pages\/9899","targetHints":{"allow":["GET"]}}],"collection":[{"href":"https:\/\/elfsight.com\/de\/wp-json\/wp\/v2\/pages"}],"about":[{"href":"https:\/\/elfsight.com\/de\/wp-json\/wp\/v2\/types\/page"}],"author":[{"embeddable":true,"href":"https:\/\/elfsight.com\/de\/wp-json\/wp\/v2\/users\/9"}],"replies":[{"embeddable":true,"href":"https:\/\/elfsight.com\/de\/wp-json\/wp\/v2\/comments?post=9899"}],"version-history":[{"count":2,"href":"https:\/\/elfsight.com\/de\/wp-json\/wp\/v2\/pages\/9899\/revisions"}],"predecessor-version":[{"id":21803,"href":"https:\/\/elfsight.com\/de\/wp-json\/wp\/v2\/pages\/9899\/revisions\/21803"}],"up":[{"embeddable":true,"href":"https:\/\/elfsight.com\/de\/wp-json\/wp\/v2\/pages\/2499"}],"wp:attachment":[{"href":"https:\/\/elfsight.com\/de\/wp-json\/wp\/v2\/media?parent=9899"}],"curies":[{"name":"wp","href":"https:\/\/api.w.org\/{rel}","templated":true}]}}