{"id":9898,"date":"1970-01-01T00:00:00","date_gmt":"1970-01-01T00:00:00","guid":{"rendered":"https:\/\/elfsight.com\/de\/?page_id=9898"},"modified":"2025-07-09T14:18:41","modified_gmt":"2025-07-09T14:18:41","slug":"drupal","status":"publish","type":"page","link":"https:\/\/elfsight.com\/de\/qr-code-widget\/drupal\/","title":{"rendered":"QR Code &#8211; Drupal"},"content":{"rendered":"<div class=\"application-platform-content-item-description application-platform-content-item\" id=\"description\" data-nav-section=\"description\"> <h2>Beschreibung<\/h2> <p>Elfsight QR Code Generator ist ein beeindruckendes Modul f\u00fcr Drupal, mit dem Sie Benutzer schnell auf jede Website umleiten, eine teilen k\u00f6nnen Link, Standort, E-Mail, Datei und vieles mehr. Das Tool ist hochgradig anpassbar: Sie k\u00f6nnen einen Titel und eine erl\u00e4uternde Bildunterschrift hinzuf\u00fcgen, mithilfe unserer Bibliothek das am besten geeignete Symbol und den Logotyp ausw\u00e4hlen oder Ihren eigenen hochladen, den Text, den Hintergrund und den Rahmen neu zeichnen und die Gr\u00f6\u00dfe nach Bedarf \u00e4ndern. Sie m\u00fcssen nur noch mit der Erstellung des Widgets beginnen \u2013 die Installation ist ein Kinderspiel und erfordert keine Programmierkenntnisse. <\/p> <p><b>Betten Sie den Drupal-QR-Code-Generator in Ihre Webseite ein und bringen Sie Benutzer direkt dorthin, wo Sie sie ben\u00f6tigen, und vereinfachen Sie den Inhaltskonsum<\/b><\/p> <\/div> <div class=\"application-platform-content-item-features application-platform-content-item\" id=\"features\" data-nav-section=\"features\"> <h2>Wir bieten n\u00fctzliche und unkomplizierte Funktionen, hier sind einige davon: <\/h2> <ul><li>Sofortiger Zugriff auf von Ihnen hochgeladene Inhalte<\/li><li>Beliebigen Text anh\u00e4ngen<\/li><li>Acht austauschbare Logos<\/li><li>15 austauschbare Symbole verf\u00fcgbar<\/li><li>Alle Teile des Widgets neu einf\u00e4rben<\/li><\/ul><p><a href=\"#demo \">Probieren Sie einfach diese Demo aus, um die Funktionalit\u00e4t des Moduls zu verstehen<\/a><\/p> <\/div> <div class=\"application-platform-content-item-installation application-platform-content-item\" id=\"installation\" data-nav-section=\"installation\"> <h2>Wie bette ich QR-Code in meine Drupal-Website ein? <\/h2> <p>Befolgen Sie einfach die folgenden Richtlinien, um mit der Arbeit mit dem Plugin zu beginnen. <\/p> <ol><li><b>\u00d6ffnen Sie unsere kostenlose Demo und beginnen Sie mit der Erstellung Ihres ma\u00dfgeschneiderten Moduls. <\/b><br> Finden Sie das gew\u00fcnschte Layout und die gew\u00fcnschten Eigenschaften des Moduls und speichern Sie alle \u00c4nderungen. <\/li> <li><b>Erhalten Sie den individuellen Code, der im Fenster von Elfsight Apps angezeigt wird. <\/b><br> Wenn die Generierung Ihres Moduls abgeschlossen ist, kopieren Sie Ihren Code in das angezeigte Feld und bewahren Sie ihn zur sp\u00e4teren Verwendung auf. <\/li> <li><b>Geben Sie an, das Modul auf Ihrer Drupal-Webseite zu verwenden. <\/b><br> Platzieren Sie den Code, den Sie zuvor kopiert haben, auf Ihrer Website und \u00fcbernehmen Sie die \u00c4nderungen. <\/li> <li><b>Die Installation wurde erfolgreich beendet. <\/b><br> \u00d6ffnen Sie Ihre Website, um die Arbeit des Moduls zu sehen. <\/li><\/ol><p>Falls Sie auf Schwierigkeiten sto\u00dfen, scheuen Sie sich nicht, die Hilfe unseres Kundendienstpersonals in Anspruch zu nehmen. Unsere Berater helfen Ihnen gerne bei allen Fragen rund um das Widget weiter. <\/p> <div class=\"faq\" data-component=\"FAQ\"><div class=\"faq-item\">\r\n\t\t\t\t\t<div class=\"faq-item-question\">\r\n\t\t\t\t\t\t<h3 class=\"faq-item-question-text\">Gibt es eine Option zum Einbetten von QR-Code in meine Drupal-Site ohne Programmiererfahrung?<\/h3>\r\n\r\n\t\t\t\t\t\t<div class=\"faq-item-question-icon\"><\/div>\r\n\t\t\t\t\t<\/div>\r\n\r\n\t\t\t\t\t<div class=\"faq-item-answer\">\r\n\t\t\t\t\t\t<div class=\"faq-item-answer-text\"> <p>Das Unternehmen Elfsight bietet eine L\u00f6sung, mit der Websitebesitzer selbst einen QR-Code-Bereich erstellen k\u00f6nnen. Schauen Sie sich das an Wie einfach es ist: Erstellen Sie direkt in der Live-Demo eine QR-Code-App, die Sie gerne zu Ihrem Drupal hinzuf\u00fcgen m\u00f6chten. W\u00e4hlen Sie eine der vorgefertigten Vorlagen und passen Sie die QR-Code-Einstellungen an, \u00e4ndern Sie das Layout und die Farbschemata einschlie\u00dflich Ihrer Inhalte, ohne Programmierkenntnisse. Klicken Sie, um den QR-Code zu speichern und den Installationscode zu erhalten, den Sie ganz einfach in Ihre Drupal-Homepage einf\u00fcgen k\u00f6nnen, ohne ein kostenpflichtiges Abonnement kaufen zu m\u00fcssen. Mit unserem unkomplizierten Editor kann jeder Webbenutzer online ein QR-Code-Widget erstellen und es einfach in jede Drupal-Site einbetten. Sie m\u00fcssen kein kostenpflichtiges Abonnement abschlie\u00dfen oder Ihre Kartendaten eingeben, um den Dienst nutzen zu k\u00f6nnen. Sollten bei irgendeinem Schritt Probleme auftreten, z\u00f6gern Sie bitte nicht, sich an unser Support-Team zu wenden.<\/p> <\/div>\r\n\t\t\t\t\t<\/div>\r\n\t\t\t\t<\/div> <\/div><\/div>","protected":false},"excerpt":{"rendered":"","protected":false},"author":9,"featured_media":0,"parent":2499,"menu_order":0,"comment_status":"closed","ping_status":"closed","template":"templates\/template-application-platform.php","meta":{"publish_to_discourse":"","publish_post_category":"","wpdc_auto_publish_overridden":"","wpdc_topic_tags":"","wpdc_pin_topic":"","wpdc_pin_until":"","discourse_post_id":"","discourse_permalink":"","wpdc_publishing_response":"","wpdc_publishing_error":"","footnotes":""},"class_list":["post-9898","page","type-page","status-publish","hentry"],"yoast_head":"<!-- This site is optimized with the Yoast SEO plugin v25.3.1 - https:\/\/yoast.com\/wordpress\/plugins\/seo\/ -->\n<title>QR-Code \u2013 QR-Code-Generator zur Drupal-Website hinzuf\u00fcgen [2025]<\/title>\n<meta name=\"description\" content=\"Erstellen Sie ganz einfach Ihren einzigartigen QR-Code-Generator f\u00fcr die Drupal-Website. Nutzen Sie einfach unsere praktische Demo und Ihr Modul ist in weniger als zwei Minuten erstellt.\" \/>\n<meta name=\"robots\" content=\"index, follow, max-snippet:-1, max-image-preview:large, max-video-preview:-1\" \/>\n<link rel=\"canonical\" href=\"https:\/\/elfsight.com\/de\/qr-code-widget\/drupal\/\" \/>\n<meta property=\"og:locale\" content=\"de_DE\" \/>\n<meta property=\"og:type\" content=\"article\" \/>\n<meta property=\"og:title\" content=\"QR-Code \u2013 QR-Code-Generator zur Drupal-Website hinzuf\u00fcgen [2025]\" \/>\n<meta property=\"og:description\" content=\"Erstellen Sie ganz einfach Ihren einzigartigen QR-Code-Generator f\u00fcr die Drupal-Website. Nutzen Sie einfach unsere praktische Demo und Ihr Modul ist in weniger als zwei Minuten erstellt.\" \/>\n<meta property=\"og:url\" content=\"https:\/\/elfsight.com\/de\/qr-code-widget\/drupal\/\" \/>\n<meta property=\"og:site_name\" content=\"Elfsight DE\" \/>\n<meta property=\"article:modified_time\" content=\"2025-07-09T14:18:41+00:00\" \/>\n<meta name=\"twitter:card\" content=\"summary_large_image\" \/>\n<meta name=\"twitter:label1\" content=\"Gesch\u00e4tzte Lesezeit\" \/>\n\t<meta name=\"twitter:data1\" content=\"3\u00a0Minuten\" \/>\n<!-- \/ Yoast SEO plugin. -->","yoast_head_json":{"title":"QR-Code \u2013 QR-Code-Generator zur Drupal-Website hinzuf\u00fcgen [2025]","description":"Erstellen Sie ganz einfach Ihren einzigartigen QR-Code-Generator f\u00fcr die Drupal-Website. Nutzen Sie einfach unsere praktische Demo und Ihr Modul ist in weniger als zwei Minuten erstellt.","robots":{"index":"index","follow":"follow","max-snippet":"max-snippet:-1","max-image-preview":"max-image-preview:large","max-video-preview":"max-video-preview:-1"},"canonical":"https:\/\/elfsight.com\/de\/qr-code-widget\/drupal\/","og_locale":"de_DE","og_type":"article","og_title":"QR-Code \u2013 QR-Code-Generator zur Drupal-Website hinzuf\u00fcgen [2025]","og_description":"Erstellen Sie ganz einfach Ihren einzigartigen QR-Code-Generator f\u00fcr die Drupal-Website. Nutzen Sie einfach unsere praktische Demo und Ihr Modul ist in weniger als zwei Minuten erstellt.","og_url":"https:\/\/elfsight.com\/de\/qr-code-widget\/drupal\/","og_site_name":"Elfsight DE","article_modified_time":"2025-07-09T14:18:41+00:00","twitter_card":"summary_large_image","twitter_misc":{"Gesch\u00e4tzte Lesezeit":"3\u00a0Minuten"},"schema":{"@context":"https:\/\/schema.org","@graph":[{"@type":"WebPage","@id":"https:\/\/elfsight.com\/de\/qr-code-widget\/drupal\/","url":"https:\/\/elfsight.com\/de\/qr-code-widget\/drupal\/","name":"QR-Code \u2013 QR-Code-Generator zur Drupal-Website hinzuf\u00fcgen [2025]","isPartOf":{"@id":"https:\/\/elfsight.com\/de\/#website"},"datePublished":"1970-01-01T00:00:00+00:00","dateModified":"2025-07-09T14:18:41+00:00","description":"Erstellen Sie ganz einfach Ihren einzigartigen QR-Code-Generator f\u00fcr die Drupal-Website. Nutzen Sie einfach unsere praktische Demo und Ihr Modul ist in weniger als zwei Minuten erstellt.","breadcrumb":{"@id":"https:\/\/elfsight.com\/de\/qr-code-widget\/drupal\/#breadcrumb"},"inLanguage":"de","potentialAction":[{"@type":"ReadAction","target":["https:\/\/elfsight.com\/de\/qr-code-widget\/drupal\/"]}]},{"@type":"BreadcrumbList","@id":"https:\/\/elfsight.com\/de\/qr-code-widget\/drupal\/#breadcrumb","itemListElement":[{"@type":"ListItem","position":1,"name":"Home","item":"https:\/\/elfsight.com\/de\/"},{"@type":"ListItem","position":2,"name":"QR Code","item":"https:\/\/elfsight.com\/de\/qr-code-widget\/"},{"@type":"ListItem","position":3,"name":"QR Code &#8211; Drupal"}]},{"@type":"WebSite","@id":"https:\/\/elfsight.com\/de\/#website","url":"https:\/\/elfsight.com\/de\/","name":"Elfsight DE","description":"Just another Elfsight Sites site","potentialAction":[{"@type":"SearchAction","target":{"@type":"EntryPoint","urlTemplate":"https:\/\/elfsight.com\/de\/?s={search_term_string}"},"query-input":{"@type":"PropertyValueSpecification","valueRequired":true,"valueName":"search_term_string"}}],"inLanguage":"de"}]}},"meta_box":{"industry":"","seo_heading":"","heading":"","description":"","cta_heading":"","cta_description":"","application":"512","h1":"Drupal QR-Code-Modul","h1_caption":"Generieren und zeigen Sie m\u00fchelos einen QR-Code f\u00fcr den einfachen Zugriff auf URLs, WLAN, Visitenkarten und mehr auf Ihrer Drupal-Website an.","application_category":[],"applications_title":"","applications_request_title":"","applications_request_button_text":"","hero_text":"","hero_video":"","hero_video_schema_markup":"","selling_points_title":"","selling_points_caption":"","selling_points":[],"selling_points_cta_text":"","features_title":"","features":"","ed_cta_examples_text":"","ed_cta_examples_hidden":"","ed_cta_demo_text":"","ed_cta_demo_hidden":"","why_caption":"","why_editor_title":"","why_editor_text":"","why_team_title":"","why_team_text":"","why_service_title":"","why_service_text":"","template_catalog_visible":"","template_catalog_title":"","template_catalog_text":"","template_catalog_categories_visible":"","demo_title":"Erstellen Sie Ihr QR-Code-Modul","demo_caption":"Konfigurieren Sie Ihren QR-Code und f\u00fcgen Sie ihn kostenlos zu Ihrer Drupal-Website hinzu!","default_faq_hidden":"","app_template_category":[],"platform":"261","template_public_id":"","codecanyon_url":"","codecanyon_item_id":"","codecanyon_price":"","pricing_caption":"","pricing_elfsight_apps_hide_column":"","pricing_elfsight_apps_url":"","pricing_codecanyon_price_caption":"","integration_category":[],"integration_request_title":"","integration_request_cta":"","integration_platform":"","integrations":[],"platform_category":[],"video_schema_markup":"","price":"ab 0 $ \/ Monat","trial":"","benefits":[{"text":"Kostenlose Installationsunterst\u00fctzung"},{"text":"Erfahrener Kundensupport"},{"text":"14-t\u00e4gige Geld-zur\u00fcck-Garantie"},{"text":"Laufende Updates"}],"button_url":"#demo","button_target_blank":"","button_nofollow":"","attributes":[{"name":"Installiert","content":"10,000 - 100,000"},{"name":"Reaktionsfreudig","content":"Ja"},{"name":"Kompatible Browser","content":"IE11, Firefox, Safari, Opera, Chrome, Edge"}],"tags":[],"tags_disable_links":"","hide_more_platforms":"","video_object":"","demo_hide_cta":"","demo_hide_cloud_options":"","pricing_title":"","pricing":[{"pricing_icon":"platform","pricing_title":"Elfsight Apps","pricing_title_caption":"Plattform\u00fcbergreifende digitale L\u00f6sung, die auf jedem Standort funktioniert","pricing_price":"ab 0 $ \/ Monat","pricing_price_caption":"Beginnen Sie mit einem kostenlosen Plan","pricing_benefits":[{"text":"Unbegrenzte Domains"},{"text":"Professionelle Kundenbetreuung und gut dokumentiert"},{"text":"Kostenlose Installationsunterst\u00fctzung"},{"text":"Zeitlich begrenztes Angebot f\u00fcr mehrere Apps"}],"pricing_button_text":"Zur Website hinzuf\u00fcgen","pricing_button_url":"#demo"}],"related_apps_title":"","related_apps_hidden":"","author":"","image":[],"title":"","job":"","social_networks":[]},"_links":{"self":[{"href":"https:\/\/elfsight.com\/de\/wp-json\/wp\/v2\/pages\/9898","targetHints":{"allow":["GET"]}}],"collection":[{"href":"https:\/\/elfsight.com\/de\/wp-json\/wp\/v2\/pages"}],"about":[{"href":"https:\/\/elfsight.com\/de\/wp-json\/wp\/v2\/types\/page"}],"author":[{"embeddable":true,"href":"https:\/\/elfsight.com\/de\/wp-json\/wp\/v2\/users\/9"}],"replies":[{"embeddable":true,"href":"https:\/\/elfsight.com\/de\/wp-json\/wp\/v2\/comments?post=9898"}],"version-history":[{"count":2,"href":"https:\/\/elfsight.com\/de\/wp-json\/wp\/v2\/pages\/9898\/revisions"}],"predecessor-version":[{"id":21802,"href":"https:\/\/elfsight.com\/de\/wp-json\/wp\/v2\/pages\/9898\/revisions\/21802"}],"up":[{"embeddable":true,"href":"https:\/\/elfsight.com\/de\/wp-json\/wp\/v2\/pages\/2499"}],"wp:attachment":[{"href":"https:\/\/elfsight.com\/de\/wp-json\/wp\/v2\/media?parent=9898"}],"curies":[{"name":"wp","href":"https:\/\/api.w.org\/{rel}","templated":true}]}}