{"id":9897,"date":"1970-01-01T00:00:00","date_gmt":"1970-01-01T00:00:00","guid":{"rendered":"https:\/\/elfsight.com\/de\/?page_id=9897"},"modified":"2025-07-09T14:18:51","modified_gmt":"2025-07-09T14:18:51","slug":"facebook","status":"publish","type":"page","link":"https:\/\/elfsight.com\/de\/qr-code-widget\/facebook\/","title":{"rendered":"QR Code &#8211; Facebook"},"content":{"rendered":"<div class=\"application-platform-content-item-description application-platform-content-item\" id=\"description\" data-nav-section=\"description\"> <h2>Beschreibung<\/h2> <p>Der QR-Code ist ein leistungsstarkes Tool f\u00fcr Facebook-Seiten, mit dem Sie Ihre Besucher schnell auf jede Website umleiten und teilen k\u00f6nnen eine URL, Ihr Standort, E-Mail, eine beliebige Datei und vieles mehr. Das Tool ist \u00e4u\u00dferst anpassbar: Sie k\u00f6nnen einen Titel oder eine erkl\u00e4rende Bildunterschrift hinzuf\u00fcgen, das Symbol und das Logo aus unserer Bibliothek ausw\u00e4hlen oder Ihr eigenes hochladen, den Text, den Hintergrund und den Rahmen neu zeichnen und die Gr\u00f6\u00dfe des Widgets nach Bedarf \u00e4ndern. Jetzt m\u00fcssen Sie nur noch mit der Erstellung Ihres personalisierten Widgets beginnen \u2013 die Installation ist ein Kinderspiel und erfordert keine Programmierkenntnisse von Ihnen. <\/p> <p><b>Erstellen Sie den Elfsight QR-Code-Generator f\u00fcr Ihre Facebook-Unternehmensseite und bringen Sie Benutzer direkt dorthin, wo Sie sie haben m\u00f6chten, und vereinfachen Sie den Inhaltskonsum<\/b><\/p> <\/div> <div class=\"application-platform-content-item-features application-platform-content-item\" id=\"features\" data-nav-section=\"features\"> <h2>Die wertvollsten Widget-Funktionen bieten<\/h2> <ul><li>Sofortiger Zugriff auf Ihre Inhalte<\/li><li>Beliebigen Text anbinden<\/li><li>Acht umschaltbare Logos<\/li><li>15 austauschbare Symbole verf\u00fcgbar<\/li><li>Alle Teile des Widgets neu lackieren<\/li><\/ul><p><a href=\"#demo\">Sie k\u00f6nnen \u00fcberpr\u00fcfen, wie das Widget funktioniert die Demo<\/a><\/p> <\/div> <div class=\"application-platform-content-item-installation application-platform-content-item\" id=\"installation\" data-nav-section=\"installation\"> <h2>Wie f\u00fcge ich QR-Code auf meiner Facebook-Seite hinzu?<\/h2> <p>F\u00fchren Sie zum Einf\u00fcgen einfach die folgenden Richtlinien aus das Widget.<\/p> <ol><li><b>Mit unserem kostenlosen Editor beginnen Sie mit der Erstellung Ihres individuellen Widgets.<\/b><br> Bestimmen Sie das passende Design und die Optionen des Tools und nehmen Sie die \u00c4nderungen vor.<\/li> <li><b>Holen Sie sich den pers\u00f6nlichen Code, der im Fenster von Elfsight Apps angezeigt wird.<\/b><br> Sobald die Erstellung Ihres pers\u00f6nlichen Widgets abgeschlossen ist, kopieren Sie den individuellen Code aus dem angezeigten Popup und bewahren Sie ihn auf weiterer Anlass.<\/li> <li><b>F\u00fcgen Sie das Widget zur Facebook-Seite hinzu<\/b><br> Erstellen Sie Ihren benutzerdefinierten Facebook-Tab. F\u00fcgen Sie den Code, den Sie bei elfsight apps erhalten haben, in die Registerkarte ein. Wenn Sie Probleme haben, lesen Sie einfach unseren Leitfaden unter <a href=\"https:\/\/elfsight.com\/blog\/how-to-add-custom-tab-to-facebook-page\/\" target=\"_blank\" rel=\"noopener noreferrer\">Benutzerdefinierten Facebook-Tab erstellen<\/a><\/li> <li><b>Fertig! Die Integration wurde erfolgreich abgeschlossen.<\/b><br> Besuchen Sie Ihre Website, um zu sehen, wie das Plugin funktioniert.<\/li><\/ol> <p>Z\u00f6gern Sie nicht, Fragen zu stellen oder auf Schwierigkeiten zu sto\u00dfen Bewerben Sie sich f\u00fcr unser Kundenservice-Team. Unsere Berater sind bestrebt, alle Schwierigkeiten zu l\u00f6sen, die Sie m\u00f6glicherweise mit dem Widget haben.<\/p> <\/div><div class=\"faq\" data-component=\"FAQ\"><div class=\"faq-item\">\r\n\t\t\t\t\t<div class=\"faq-item-question\">\r\n\t\t\t\t\t\t<h3 class=\"faq-item-question-text\">Wie kann ich einen QR-Code einbetten? Meine Facebook-Website? <\/h3>\r\n\r\n\t\t\t\t\t\t<div class=\"faq-item-question-icon\"><\/div>\r\n\t\t\t\t\t<\/div>\r\n\r\n\t\t\t\t\t<div class=\"faq-item-answer\">\r\n\t\t\t\t\t\t<div class=\"faq-item-answer-text\"><p>Die Grundlage des Widgets wird auf der Elfsight-Website erstellt und es ist kein Code erforderlich. Nutzen Sie die Online-Demo, um Ihre App zu erstellen, den Code zu erhalten und ihn in Ihre Website zu implementieren. <\/p><\/div>\r\n\t\t\t\t\t<\/div>\r\n\t\t\t\t<\/div><div class=\"faq-item\">\r\n\t\t\t\t\t<div class=\"faq-item-question\">\r\n\t\t\t\t\t\t<h3 class=\"faq-item-question-text\">Die besten Anwendungsbeispiele der QR-Code-Generator-Integration<\/h3>\r\n\r\n\t\t\t\t\t\t<div class=\"faq-item-question-icon\"><\/div>\r\n\t\t\t\t\t<\/div>\r\n\r\n\t\t\t\t\t<div class=\"faq-item-answer\">\r\n\t\t\t\t\t\t<div class=\"faq-item-answer-text\"><p>Wir bieten eine F\u00fclle von Anpassungsm\u00f6glichkeiten: Widgets in voller Gr\u00f6\u00dfe zum Einbetten in die Inhaltszone , schwebende Widgets mit Scrollfunktion, Layouts f\u00fcr Fu\u00dfzeile, Kopfzeile und alle m\u00f6glichen vertikalen M\u00f6glichkeiten f\u00fcr Seitenleisten und Men\u00fcs. <\/p><\/div>\r\n\t\t\t\t\t<\/div>\r\n\t\t\t\t<\/div><div class=\"faq-item\">\r\n\t\t\t\t\t<div class=\"faq-item-question\">\r\n\t\t\t\t\t\t<h3 class=\"faq-item-question-text\">Darf ich \u00fcber die Agentur Ihres Redakteurs einen Scan-and-Pay-QR-Code erstellen? <\/h3>\r\n\r\n\t\t\t\t\t\t<div class=\"faq-item-question-icon\"><\/div>\r\n\t\t\t\t\t<\/div>\r\n\r\n\t\t\t\t\t<div class=\"faq-item-answer\">\r\n\t\t\t\t\t\t<div class=\"faq-item-answer-text\"><p>Sie k\u00f6nnen gerne beliebige Widget-Varianten erstellen. Im Editor stehen unz\u00e4hlige Layouts zur Verf\u00fcgung, die alle ganz einfach an Ihre Bed\u00fcrfnisse angepasst werden k\u00f6nnen. <\/p><\/div>\r\n\t\t\t\t\t<\/div>\r\n\t\t\t\t<\/div><\/div>","protected":false},"excerpt":{"rendered":"","protected":false},"author":9,"featured_media":0,"parent":2499,"menu_order":0,"comment_status":"closed","ping_status":"closed","template":"templates\/template-application-platform.php","meta":{"publish_to_discourse":"","publish_post_category":"","wpdc_auto_publish_overridden":"","wpdc_topic_tags":"","wpdc_pin_topic":"","wpdc_pin_until":"","discourse_post_id":"","discourse_permalink":"","wpdc_publishing_response":"","wpdc_publishing_error":"","footnotes":""},"class_list":["post-9897","page","type-page","status-publish","hentry"],"yoast_head":"<!-- This site is optimized with the Yoast SEO plugin v25.3.1 - https:\/\/yoast.com\/wordpress\/plugins\/seo\/ -->\n<title>Facebook-QR-Code-Generator | QR-Code zu Facebook hinzuf\u00fcgen (kostenlos und schnell)<\/title>\n<meta name=\"description\" content=\"Erstellen Sie schnell einen QR-Code f\u00fcr eine Facebook-Seite. Wenden Sie einfach unsere aktive Demo an und Ihr Tool wird in weniger als einer Minute erstellt.\" \/>\n<meta name=\"robots\" content=\"index, follow, max-snippet:-1, max-image-preview:large, max-video-preview:-1\" \/>\n<link rel=\"canonical\" href=\"https:\/\/elfsight.com\/de\/qr-code-widget\/facebook\/\" \/>\n<meta property=\"og:locale\" content=\"de_DE\" \/>\n<meta property=\"og:type\" content=\"article\" \/>\n<meta property=\"og:title\" content=\"Facebook-QR-Code-Generator | QR-Code zu Facebook hinzuf\u00fcgen (kostenlos und schnell)\" \/>\n<meta property=\"og:description\" content=\"Erstellen Sie schnell einen QR-Code f\u00fcr eine Facebook-Seite. Wenden Sie einfach unsere aktive Demo an und Ihr Tool wird in weniger als einer Minute erstellt.\" \/>\n<meta property=\"og:url\" content=\"https:\/\/elfsight.com\/de\/qr-code-widget\/facebook\/\" \/>\n<meta property=\"og:site_name\" content=\"Elfsight DE\" \/>\n<meta property=\"article:modified_time\" content=\"2025-07-09T14:18:51+00:00\" \/>\n<meta name=\"twitter:card\" content=\"summary_large_image\" \/>\n<meta name=\"twitter:label1\" content=\"Gesch\u00e4tzte Lesezeit\" \/>\n\t<meta name=\"twitter:data1\" content=\"3\u00a0Minuten\" \/>\n<!-- \/ Yoast SEO plugin. -->","yoast_head_json":{"title":"Facebook-QR-Code-Generator | QR-Code zu Facebook hinzuf\u00fcgen (kostenlos und schnell)","description":"Erstellen Sie schnell einen QR-Code f\u00fcr eine Facebook-Seite. Wenden Sie einfach unsere aktive Demo an und Ihr Tool wird in weniger als einer Minute erstellt.","robots":{"index":"index","follow":"follow","max-snippet":"max-snippet:-1","max-image-preview":"max-image-preview:large","max-video-preview":"max-video-preview:-1"},"canonical":"https:\/\/elfsight.com\/de\/qr-code-widget\/facebook\/","og_locale":"de_DE","og_type":"article","og_title":"Facebook-QR-Code-Generator | QR-Code zu Facebook hinzuf\u00fcgen (kostenlos und schnell)","og_description":"Erstellen Sie schnell einen QR-Code f\u00fcr eine Facebook-Seite. Wenden Sie einfach unsere aktive Demo an und Ihr Tool wird in weniger als einer Minute erstellt.","og_url":"https:\/\/elfsight.com\/de\/qr-code-widget\/facebook\/","og_site_name":"Elfsight DE","article_modified_time":"2025-07-09T14:18:51+00:00","twitter_card":"summary_large_image","twitter_misc":{"Gesch\u00e4tzte Lesezeit":"3\u00a0Minuten"},"schema":{"@context":"https:\/\/schema.org","@graph":[{"@type":"WebPage","@id":"https:\/\/elfsight.com\/de\/qr-code-widget\/facebook\/","url":"https:\/\/elfsight.com\/de\/qr-code-widget\/facebook\/","name":"Facebook-QR-Code-Generator | QR-Code zu Facebook hinzuf\u00fcgen (kostenlos und schnell)","isPartOf":{"@id":"https:\/\/elfsight.com\/de\/#website"},"datePublished":"1970-01-01T00:00:00+00:00","dateModified":"2025-07-09T14:18:51+00:00","description":"Erstellen Sie schnell einen QR-Code f\u00fcr eine Facebook-Seite. Wenden Sie einfach unsere aktive Demo an und Ihr Tool wird in weniger als einer Minute erstellt.","breadcrumb":{"@id":"https:\/\/elfsight.com\/de\/qr-code-widget\/facebook\/#breadcrumb"},"inLanguage":"de","potentialAction":[{"@type":"ReadAction","target":["https:\/\/elfsight.com\/de\/qr-code-widget\/facebook\/"]}]},{"@type":"BreadcrumbList","@id":"https:\/\/elfsight.com\/de\/qr-code-widget\/facebook\/#breadcrumb","itemListElement":[{"@type":"ListItem","position":1,"name":"Home","item":"https:\/\/elfsight.com\/de\/"},{"@type":"ListItem","position":2,"name":"QR Code","item":"https:\/\/elfsight.com\/de\/qr-code-widget\/"},{"@type":"ListItem","position":3,"name":"QR Code &#8211; Facebook"}]},{"@type":"WebSite","@id":"https:\/\/elfsight.com\/de\/#website","url":"https:\/\/elfsight.com\/de\/","name":"Elfsight DE","description":"Just another Elfsight Sites site","potentialAction":[{"@type":"SearchAction","target":{"@type":"EntryPoint","urlTemplate":"https:\/\/elfsight.com\/de\/?s={search_term_string}"},"query-input":{"@type":"PropertyValueSpecification","valueRequired":true,"valueName":"search_term_string"}}],"inLanguage":"de"}]}},"meta_box":{"industry":"","seo_heading":"","heading":"","description":"","cta_heading":"","cta_description":"","application":"512","h1":"Facebook-QR-Code-Generator","h1_caption":"Leiten Sie Benutzer auf beliebige Websites weiter, geben Sie Dateien sofort frei und steigern Sie die UX","application_category":[],"applications_title":"","applications_request_title":"","applications_request_button_text":"","hero_text":"","hero_video":"","hero_video_schema_markup":"","selling_points_title":"","selling_points_caption":"","selling_points":[],"selling_points_cta_text":"","features_title":"","features":"","ed_cta_examples_text":"","ed_cta_examples_hidden":"","ed_cta_demo_text":"","ed_cta_demo_hidden":"","why_caption":"","why_editor_title":"","why_editor_text":"","why_team_title":"","why_team_text":"","why_service_title":"","why_service_text":"","template_catalog_visible":"","template_catalog_title":"","template_catalog_text":"","template_catalog_categories_visible":"","demo_title":"Beeilen Sie sich und erstellen Sie einen benutzerdefinierten QR-Code f\u00fcr die Facebook-Seite!","demo_caption":"Passen Sie es an und integrieren Sie das Widget mithilfe einer Live-Demo auf Ihrer Seite","default_faq_hidden":"","app_template_category":[],"platform":"216","template_public_id":"","codecanyon_url":"","codecanyon_item_id":"","codecanyon_price":"","pricing_caption":"","pricing_elfsight_apps_hide_column":"","pricing_elfsight_apps_url":"","pricing_codecanyon_price_caption":"","integration_category":[],"integration_request_title":"","integration_request_cta":"","integration_platform":"","integrations":[],"platform_category":[],"video_schema_markup":"","price":"ab 0 $ \/ Monat","trial":"","benefits":[{"text":"Kostenlose Installationsunterst\u00fctzung"},{"text":"Erfahrener Kundensupport"},{"text":"14-t\u00e4gige R\u00fcckerstattungsgarantie"},{"text":"F\u00fcr Mobilger\u00e4te optimiert"}],"button_url":"#demo","button_target_blank":"","button_nofollow":"","attributes":[{"name":"Installiert","content":"10,000 - 100,000"},{"name":"Empf\u00e4nglichkeit","content":"Safari, Edge, Chrome, Firefox, Opera"},{"name":"Kompatible Browser","content":"Safari, Edge, Chrome, Firefox, Opera"}],"tags":[],"tags_disable_links":"","hide_more_platforms":"","video_object":"","demo_hide_cta":"","demo_hide_cloud_options":"","pricing_title":"","pricing":[{"pricing_icon":"platform","pricing_title":"Elfsight Apps","pricing_title_caption":"Plattform\u00fcbergreifende digitale L\u00f6sung","pricing_price":"ab 0 $ \/ Monat","pricing_price_caption":"Beginnen Sie mit einem kostenlosen Plan","pricing_benefits":[{"text":"Unbegrenzte Domains"},{"text":"Professioneller Kundensupport"},{"text":"Kostenloser Installationsservice"},{"text":"Vollst\u00e4ndig anpassbar"}],"pricing_button_text":"Zur Website hinzuf\u00fcgen","pricing_button_url":"#demo"}],"related_apps_title":"","related_apps_hidden":"","author":"","image":[],"title":"","job":"","social_networks":[]},"_links":{"self":[{"href":"https:\/\/elfsight.com\/de\/wp-json\/wp\/v2\/pages\/9897","targetHints":{"allow":["GET"]}}],"collection":[{"href":"https:\/\/elfsight.com\/de\/wp-json\/wp\/v2\/pages"}],"about":[{"href":"https:\/\/elfsight.com\/de\/wp-json\/wp\/v2\/types\/page"}],"author":[{"embeddable":true,"href":"https:\/\/elfsight.com\/de\/wp-json\/wp\/v2\/users\/9"}],"replies":[{"embeddable":true,"href":"https:\/\/elfsight.com\/de\/wp-json\/wp\/v2\/comments?post=9897"}],"version-history":[{"count":2,"href":"https:\/\/elfsight.com\/de\/wp-json\/wp\/v2\/pages\/9897\/revisions"}],"predecessor-version":[{"id":21801,"href":"https:\/\/elfsight.com\/de\/wp-json\/wp\/v2\/pages\/9897\/revisions\/21801"}],"up":[{"embeddable":true,"href":"https:\/\/elfsight.com\/de\/wp-json\/wp\/v2\/pages\/2499"}],"wp:attachment":[{"href":"https:\/\/elfsight.com\/de\/wp-json\/wp\/v2\/media?parent=9897"}],"curies":[{"name":"wp","href":"https:\/\/api.w.org\/{rel}","templated":true}]}}