{"id":9892,"date":"1970-01-01T00:00:00","date_gmt":"1970-01-01T00:00:00","guid":{"rendered":"https:\/\/elfsight.com\/de\/?page_id=9892"},"modified":"2025-07-09T14:18:45","modified_gmt":"2025-07-09T14:18:45","slug":"elementor","status":"publish","type":"page","link":"https:\/\/elfsight.com\/de\/qr-code-widget\/elementor\/","title":{"rendered":"QR Code &#8211; Elementor"},"content":{"rendered":"<div class=\"application-platform-content-item-description application-platform-content-item\" id=\"description\" data-nav-section=\"description\"> <h2>Einbetten von QR-Code in Elementor mit dem Elfsight-Widget<\/h2> <p>Der QR-Code-Generator ist ein beeindruckendes Tool f\u00fcr Elementor-Websites, mit dem Sie Leiten Sie Ihre Besucher sofort auf eine beliebige Webseite um, teilen Sie eine URL, Ihren Standort, Ihre E-Mail-Adresse, eine beliebige Datei und mehr. Das Widget ist \u00e4u\u00dferst anpassbar: Sie k\u00f6nnen einen Titel und eine aussagekr\u00e4ftige Beschriftung hinzuf\u00fcgen, das am besten passende Symbol und Logo aus unserer Bibliothek ausw\u00e4hlen oder ein eigenes erstellen, den Text, den Hintergrund und den Rahmen neu zeichnen und die Gr\u00f6\u00dfe des Widgets so \u00e4ndern, wie es zu Ihrer Website passt . Sie m\u00fcssen lediglich mit der Erstellung des Widgets beginnen \u2013 die Installation ist ein Kinderspiel und erfordert keine Programmierkenntnisse. <\/p> <p><b>Betten Sie den QR-Code-Generator in Ihre Webseite ein und bringen Sie Besucher direkt dorthin, wo Sie sie haben m\u00f6chten, und optimieren Sie den Inhaltskonsum<\/b><\/p> <\/div> <div class=\"application-platform-content-item-features application-platform-content-item\" id=\"features\" data-nav-section=\"features\"> <h2>Hier sind zentrale Features des Widgets: <\/h2> <ul><li>Sofortiger Zugriff auf Ihre Inhalte<\/li><li>Beliebigen Text hinzuf\u00fcgen<\/li><li>8 umschaltbare Logos <\/li><li>F\u00fcnfzehn austauschbare Symbole zur Auswahl<\/li><li>F\u00e4rben Sie alle Elemente neu<\/li><\/ul><p><a href=\"#demo\">Probieren Sie einfach diese Demo aus Sehen Sie, was das Widget wert ist<\/a><\/p> <\/div> <div class=\"application-platform-content-item-installation application-platform-content-item\" id=\"installation\" data-nav-section=\"installation\"> <h2>Wie kann ich meiner Elementor-Site QR-Code hinzuf\u00fcgen? <\/h2> <p>Befolgen Sie einfach die folgenden Richtlinien, um das Tool hinzuzuf\u00fcgen. <\/p> <ol><li><b>Starten Sie unseren kostenlosen Konfigurator und beginnen Sie mit der Erstellung Ihres ma\u00dfgeschneiderten Plugins. <\/b><br> W\u00e4hlen Sie die gew\u00fcnschte Schnittstelle und Aspekte des Plugins aus und \u00fcbernehmen Sie die \u00c4nderungen. <\/li> <li><b>Kopieren Sie den eindeutigen Code, der im speziellen Formular auf Elfsight Apps erscheint. <\/b><br> Wenn die Einrichtung Ihres pers\u00f6nlichen Plugins abgeschlossen ist, kopieren Sie den pers\u00f6nlichen Code im angezeigten Fenster und speichern Sie ihn zur sp\u00e4teren Verwendung. <\/li> <li><b>Beginnen Sie mit der Verwendung des Widgets auf Ihrer Elementor-Seite. <\/b><br> Platzieren Sie den zuvor kopierten Code auf Ihrer Homepage und speichern Sie die Anpassungen. <\/li> <li><b>Die Installation ist vollst\u00e4ndig beendet. <\/b><br> Besuchen Sie Ihre Website, um die Funktionsweise des Plugins zu sehen. <\/li><\/ol> <p>Wenn Sie Fragen oder Probleme haben, wenden Sie sich bitte an unseren Kundendienst. Unsere Spezialisten beantworten gerne alle Fragen, die Sie zum Produkt haben. <\/p> <div class=\"faq\" data-component=\"FAQ\"><div class=\"faq-item\">\r\n\t\t\t\t\t<div class=\"faq-item-question\">\r\n\t\t\t\t\t\t<h3 class=\"faq-item-question-text\">Gibt es eine Methode zum Einbetten von QR-Code in meine Elementor-Homepage ohne Codierung?<\/h3>\r\n\r\n\t\t\t\t\t\t<div class=\"faq-item-question-icon\"><\/div>\r\n\t\t\t\t\t<\/div>\r\n\r\n\t\t\t\t\t<div class=\"faq-item-answer\">\r\n\t\t\t\t\t\t<div class=\"faq-item-answer-text\"> <p>Das Unternehmen Elfsight bietet eine Cloud-L\u00f6sung an, mit der Benutzer selbst ein QR-Code-Plugin erstellen k\u00f6nnen. Erfahren Sie die einfache Anleitung: Gehen Sie zur Live-Demo, um ein QR-Code-Widget zu erstellen, das Sie auf Ihrer Elementor-Homepage hinzuf\u00fcgen m\u00f6chten. W\u00e4hlen Sie eine der vorgefertigten Vorlagen und \u00e4ndern Sie die QR-Code-Einstellungen, \u00e4ndern Sie das Layout und die Farben und f\u00fcgen Sie Ihre Inhalte hinzu \u2013 ohne Programmierkenntnisse. Speichern Sie den QR-Code und erhalten Sie einen Installationscode, den Sie einfach und kostenlos in die Elementor-Site einbetten k\u00f6nnen. Mit Hilfe unseres benutzerfreundlichen Konfigurators kann jeder Internetnutzer online einen QR-Code-Bereich erstellen und ihn problemlos in jede Elementor-Site einbetten. Sie sollten keinen kostenpflichtigen Plan abschlie\u00dfen oder Ihre Kartendaten eingeben, um auf den Elfsight-Dienst zuzugreifen. Wenn Sie bei irgendeinem Schritt auf Hindernisse sto\u00dfen, wenden Sie sich bitte an unseren Kundensupport.<\/p> <\/div>\r\n\t\t\t\t\t<\/div>\r\n\t\t\t\t<\/div> <\/div><\/div>","protected":false},"excerpt":{"rendered":"","protected":false},"author":9,"featured_media":0,"parent":2499,"menu_order":0,"comment_status":"closed","ping_status":"closed","template":"templates\/template-application-platform.php","meta":{"publish_to_discourse":"","publish_post_category":"","wpdc_auto_publish_overridden":"","wpdc_topic_tags":"","wpdc_pin_topic":"","wpdc_pin_until":"","discourse_post_id":"","discourse_permalink":"","wpdc_publishing_response":"","wpdc_publishing_error":"","footnotes":""},"class_list":["post-9892","page","type-page","status-publish","hentry"],"yoast_head":"<!-- This site is optimized with the Yoast SEO plugin v25.3.1 - https:\/\/yoast.com\/wordpress\/plugins\/seo\/ -->\n<title>QR-Code-Generator \u2013 QR-Code-Widget zu Elementor hinzuf\u00fcgen [2025]<\/title>\n<meta name=\"description\" content=\"Erstellen Sie schnell Ihren einzigartigen QR-Code f\u00fcr die Elementor-Website. Nutzen Sie einfach unsere Demo und Ihr Widget wird in weniger als einer Minute erstellt.\" \/>\n<meta name=\"robots\" content=\"index, follow, max-snippet:-1, max-image-preview:large, max-video-preview:-1\" \/>\n<link rel=\"canonical\" href=\"https:\/\/elfsight.com\/de\/qr-code-widget\/elementor\/\" \/>\n<meta property=\"og:locale\" content=\"de_DE\" \/>\n<meta property=\"og:type\" content=\"article\" \/>\n<meta property=\"og:title\" content=\"QR-Code-Generator \u2013 QR-Code-Widget zu Elementor hinzuf\u00fcgen [2025]\" \/>\n<meta property=\"og:description\" content=\"Erstellen Sie schnell Ihren einzigartigen QR-Code f\u00fcr die Elementor-Website. Nutzen Sie einfach unsere Demo und Ihr Widget wird in weniger als einer Minute erstellt.\" \/>\n<meta property=\"og:url\" content=\"https:\/\/elfsight.com\/de\/qr-code-widget\/elementor\/\" \/>\n<meta property=\"og:site_name\" content=\"Elfsight DE\" \/>\n<meta property=\"article:modified_time\" content=\"2025-07-09T14:18:45+00:00\" \/>\n<meta name=\"twitter:card\" content=\"summary_large_image\" \/>\n<meta name=\"twitter:label1\" content=\"Gesch\u00e4tzte Lesezeit\" \/>\n\t<meta name=\"twitter:data1\" content=\"3\u00a0Minuten\" \/>\n<!-- \/ Yoast SEO plugin. -->","yoast_head_json":{"title":"QR-Code-Generator \u2013 QR-Code-Widget zu Elementor hinzuf\u00fcgen [2025]","description":"Erstellen Sie schnell Ihren einzigartigen QR-Code f\u00fcr die Elementor-Website. Nutzen Sie einfach unsere Demo und Ihr Widget wird in weniger als einer Minute erstellt.","robots":{"index":"index","follow":"follow","max-snippet":"max-snippet:-1","max-image-preview":"max-image-preview:large","max-video-preview":"max-video-preview:-1"},"canonical":"https:\/\/elfsight.com\/de\/qr-code-widget\/elementor\/","og_locale":"de_DE","og_type":"article","og_title":"QR-Code-Generator \u2013 QR-Code-Widget zu Elementor hinzuf\u00fcgen [2025]","og_description":"Erstellen Sie schnell Ihren einzigartigen QR-Code f\u00fcr die Elementor-Website. Nutzen Sie einfach unsere Demo und Ihr Widget wird in weniger als einer Minute erstellt.","og_url":"https:\/\/elfsight.com\/de\/qr-code-widget\/elementor\/","og_site_name":"Elfsight DE","article_modified_time":"2025-07-09T14:18:45+00:00","twitter_card":"summary_large_image","twitter_misc":{"Gesch\u00e4tzte Lesezeit":"3\u00a0Minuten"},"schema":{"@context":"https:\/\/schema.org","@graph":[{"@type":"WebPage","@id":"https:\/\/elfsight.com\/de\/qr-code-widget\/elementor\/","url":"https:\/\/elfsight.com\/de\/qr-code-widget\/elementor\/","name":"QR-Code-Generator \u2013 QR-Code-Widget zu Elementor hinzuf\u00fcgen [2025]","isPartOf":{"@id":"https:\/\/elfsight.com\/de\/#website"},"datePublished":"1970-01-01T00:00:00+00:00","dateModified":"2025-07-09T14:18:45+00:00","description":"Erstellen Sie schnell Ihren einzigartigen QR-Code f\u00fcr die Elementor-Website. Nutzen Sie einfach unsere Demo und Ihr Widget wird in weniger als einer Minute erstellt.","breadcrumb":{"@id":"https:\/\/elfsight.com\/de\/qr-code-widget\/elementor\/#breadcrumb"},"inLanguage":"de","potentialAction":[{"@type":"ReadAction","target":["https:\/\/elfsight.com\/de\/qr-code-widget\/elementor\/"]}]},{"@type":"BreadcrumbList","@id":"https:\/\/elfsight.com\/de\/qr-code-widget\/elementor\/#breadcrumb","itemListElement":[{"@type":"ListItem","position":1,"name":"Home","item":"https:\/\/elfsight.com\/de\/"},{"@type":"ListItem","position":2,"name":"QR Code","item":"https:\/\/elfsight.com\/de\/qr-code-widget\/"},{"@type":"ListItem","position":3,"name":"QR Code &#8211; Elementor"}]},{"@type":"WebSite","@id":"https:\/\/elfsight.com\/de\/#website","url":"https:\/\/elfsight.com\/de\/","name":"Elfsight DE","description":"Just another Elfsight Sites site","potentialAction":[{"@type":"SearchAction","target":{"@type":"EntryPoint","urlTemplate":"https:\/\/elfsight.com\/de\/?s={search_term_string}"},"query-input":{"@type":"PropertyValueSpecification","valueRequired":true,"valueName":"search_term_string"}}],"inLanguage":"de"}]}},"meta_box":{"industry":"","seo_heading":"","heading":"","description":"","cta_heading":"","cta_description":"","application":"512","h1":"Elementor QR-Code-Widget","h1_caption":"Generieren und zeigen Sie m\u00fchelos einen QR-Code f\u00fcr den einfachen Zugriff auf URLs, WLAN, Visitenkarten und mehr auf Ihrer Elementor-Website an.","application_category":[],"applications_title":"","applications_request_title":"","applications_request_button_text":"","hero_text":"","hero_video":"","hero_video_schema_markup":"","selling_points_title":"","selling_points_caption":"","selling_points":[],"selling_points_cta_text":"","features_title":"","features":"","ed_cta_examples_text":"","ed_cta_examples_hidden":"","ed_cta_demo_text":"","ed_cta_demo_hidden":"","why_caption":"","why_editor_title":"","why_editor_text":"","why_team_title":"","why_team_text":"","why_service_title":"","why_service_text":"","template_catalog_visible":"","template_catalog_title":"","template_catalog_text":"","template_catalog_categories_visible":"","demo_title":"Erstellen Sie Ihr QR-Code-Widget","demo_caption":"Konfigurieren Sie Ihren QR-Code und f\u00fcgen Sie ihn kostenlos zu Ihrer Elementor-Website hinzu!","default_faq_hidden":"","app_template_category":[],"platform":"223","template_public_id":"","codecanyon_url":"","codecanyon_item_id":"","codecanyon_price":"","pricing_caption":"","pricing_elfsight_apps_hide_column":"","pricing_elfsight_apps_url":"","pricing_codecanyon_price_caption":"","integration_category":[],"integration_request_title":"","integration_request_cta":"","integration_platform":"","integrations":[],"platform_category":[],"video_schema_markup":"","price":"ab 0 $ \/ Monat","trial":"","benefits":[{"text":"Kostenlose Installationsunterst\u00fctzung"},{"text":"Kompetenter Kundenservice"},{"text":"14-t\u00e4gige R\u00fcckerstattungsgarantie"},{"text":"St\u00e4ndige Aktualisierung"}],"button_url":"#demo","button_target_blank":"","button_nofollow":"","attributes":[{"name":"Installiert","content":"10,000 - 100,000"},{"name":"Reaktionsfreudig","content":"Ja"},{"name":"Kompatible Browser","content":"IE11, Firefox, Safari, Opera, Chrome, Edge"}],"tags":[],"tags_disable_links":"","hide_more_platforms":"","video_object":"","demo_hide_cta":"","demo_hide_cloud_options":"","pricing_title":"","pricing":[{"pricing_icon":"platform","pricing_title":"Elfsight Apps","pricing_title_caption":"Multiplattform-Version, die auf jeder Website funktioniert","pricing_price":"ab 0 $ \/ Monat","pricing_price_caption":"Beginnen Sie mit einem kostenlosen Plan","pricing_benefits":[{"text":"Unbegrenzte Domains"},{"text":"Premium-Kundensupport"},{"text":"Kostenloser Installationssupport"},{"text":"Sonderpreis f\u00fcr mehrere Apps"}],"pricing_button_text":"Zur Website hinzuf\u00fcgen","pricing_button_url":"#demo"}],"related_apps_title":"","related_apps_hidden":"","author":"","image":[],"title":"","job":"","social_networks":[]},"_links":{"self":[{"href":"https:\/\/elfsight.com\/de\/wp-json\/wp\/v2\/pages\/9892","targetHints":{"allow":["GET"]}}],"collection":[{"href":"https:\/\/elfsight.com\/de\/wp-json\/wp\/v2\/pages"}],"about":[{"href":"https:\/\/elfsight.com\/de\/wp-json\/wp\/v2\/types\/page"}],"author":[{"embeddable":true,"href":"https:\/\/elfsight.com\/de\/wp-json\/wp\/v2\/users\/9"}],"replies":[{"embeddable":true,"href":"https:\/\/elfsight.com\/de\/wp-json\/wp\/v2\/comments?post=9892"}],"version-history":[{"count":1,"href":"https:\/\/elfsight.com\/de\/wp-json\/wp\/v2\/pages\/9892\/revisions"}],"predecessor-version":[{"id":9896,"href":"https:\/\/elfsight.com\/de\/wp-json\/wp\/v2\/pages\/9892\/revisions\/9896"}],"up":[{"embeddable":true,"href":"https:\/\/elfsight.com\/de\/wp-json\/wp\/v2\/pages\/2499"}],"wp:attachment":[{"href":"https:\/\/elfsight.com\/de\/wp-json\/wp\/v2\/media?parent=9892"}],"curies":[{"name":"wp","href":"https:\/\/api.w.org\/{rel}","templated":true}]}}