{"id":9891,"date":"1970-01-01T00:00:00","date_gmt":"1970-01-01T00:00:00","guid":{"rendered":"https:\/\/elfsight.com\/de\/?page_id=9891"},"modified":"2025-07-09T14:19:26","modified_gmt":"2025-07-09T14:19:26","slug":"joomla","status":"publish","type":"page","link":"https:\/\/elfsight.com\/de\/qr-code-widget\/joomla\/","title":{"rendered":"QR Code &#8211; Joomla"},"content":{"rendered":"<div class=\"application-platform-content-item-description application-platform-content-item\" id=\"description\" data-nav-section=\"description\"> <h2>Beschreibung<\/h2> <p>Der QR-Code-Generator ist eine beeindruckende Option f\u00fcr Joomla-Websites, mit der Sie Ihre Besucher schnell auf jede Website umleiten k\u00f6nnen. Teilen Sie einen Link, Ihren Standort, Ihre E-Mail-Adresse, eine Datei und vieles mehr. Das Plugin ist \u00e4u\u00dferst anpassbar: Sie k\u00f6nnen einen Titel und eine Beschriftung hinzuf\u00fcgen, mithilfe unserer Bibliothek das am besten geeignete Symbol und den Logotyp ausw\u00e4hlen oder ein eigenes erstellen, den Text, den Hintergrund und den Rahmen neu einf\u00e4rben und die Gr\u00f6\u00dfe nach Bedarf \u00e4ndern. Jetzt m\u00fcssen Sie nur noch mit der Erstellung der Funktion beginnen \u2013 die Installation ist ein Kinderspiel und erfordert keine Programmierkenntnisse von Ihnen. <\/p> <p><b>F\u00fcgen Sie die Joomla-Erweiterung mit QR-Code auf Ihrer Website ein und bringen Sie Besucher direkt dorthin, wo Sie sie ben\u00f6tigen, und optimieren Sie die Inhaltsnutzung.<\/b><\/p> <\/div> <div class=\"application-platform-content-item-features  application-platform-content-item\" id=\"features \" data-nav-section=\"features \"> <h2>Die Erweiterung bietet praktische und unkomplizierte Funktionen, sehen Sie sich einige davon an: <\/h2> <ul><li>Sofortiger Zugriff auf Ihre Inhalte<\/li><li>Beliebigen Text anh\u00e4ngen<\/li><li> Acht umschaltbare Logos<\/li><li>F\u00fcnfzehn umschaltbare Symbole zur Auswahl<\/li><li>Alle Teile des Widgets neu einf\u00e4rben<\/li><\/ul><p><a href=\"#demo\">Erkunden Alle Personalisierungsfunktionen in der Demo mit vollem Funktionsumfang<\/a><\/p> <\/div> <div class=\"application-platform-content-item-installation application-platform-content-item\" id=\"installation\" data-nav-section=\"installation\"> <h2>Wie f\u00fcge ich eine QR-Code-Erweiterung zu meinem Joomla hinzu?<\/h2> <p> F\u00fchren Sie einfach die folgenden Schritte aus, um die Erweiterung einzuf\u00fcgen. <\/p> <ol><li><b>Nutzen Sie unseren kostenlosen Editor und beginnen Sie mit der Gestaltung Ihrer benutzerdefinierten Erweiterung. <\/b><br> Bestimmen Sie die bevorzugte Form und Parameter des Widgets und speichern Sie alle \u00c4nderungen.<\/li> <li><b>Erhalten Sie den pers\u00f6nlichen Code, der in der speziellen Form auf Elfsight Apps angezeigt wird.<\/b><br> Kopieren Sie unmittelbar nach Abschluss der Konfiguration Ihres Widgets den exklusiven Code in das angezeigte Feld und speichern Sie ihn f\u00fcr den sp\u00e4teren Bedarf.<\/li> <li><b>Beginnen Sie mit der Verwendung der Erweiterung auf der Joomla-Webseite.<\/b><br> F\u00fcgen Sie den Code, den Sie k\u00fcrzlich kopiert haben, auf Ihrer Seite hinzu und wenden Sie die Verbesserungen an.<\/li> <li><b>Fertig! Die Einbettung ist vollst\u00e4ndig abgeschlossen.<\/b><br> Besuchen Sie Ihre Website, um die Funktion der Erweiterung zu \u00fcberpr\u00fcfen.<\/li><\/ol><p>Wenn Sie Fragen haben oder auf Probleme sto\u00dfen, z\u00f6gern Sie nicht um unser Kundendienstteam zu kontaktieren. Unsere Mitarbeiter sind bestrebt, alle Schwierigkeiten zu l\u00f6sen, die Sie mit dem Tool haben k\u00f6nnten. <\/p> <div class=\"faq\" data-component=\"FAQ\"><div class=\"faq-item\">\r\n\t\t\t\t\t<div class=\"faq-item-question\">\r\n\t\t\t\t\t\t<h3 class=\"faq-item-question-text\">Gibt es eine M\u00f6glichkeit, QR-Code ohne Programmierkenntnisse in meine Joomla-Website einzubetten?<\/h3>\r\n\r\n\t\t\t\t\t\t<div class=\"faq-item-question-icon\"><\/div>\r\n\t\t\t\t\t<\/div>\r\n\r\n\t\t\t\t\t<div class=\"faq-item-answer\">\r\n\t\t\t\t\t\t<div class=\"faq-item-answer-text\"> <p>Elfsight stellt eine SaaS-L\u00f6sung vor, die es Benutzern erm\u00f6glicht, selbst einen QR-Code-Abschnitt zu generieren, siehe Die unkomplizierten Anweisungen: Gehen Sie zum Live-Editor, um ein QR-Code-Widget zu generieren, das Sie auf der Joomla-Website einbinden m\u00f6chten. Entscheiden Sie sich f\u00fcr eine der vielen vorgefertigten Vorlagen und passen Sie die QR-Code-Einstellungen an, integrieren Sie Ihre Inhalte, ver\u00e4ndern Sie das Layout und die Farbe der Elemente ohne Programmiererfahrung. Klicken Sie, um den QR-Code zu speichern und den Code zum Einbetten zu erhalten, den Sie mit einem kostenlosen Plan problemlos in jede Joomla-Website einbinden k\u00f6nnen. Mit Hilfe unseres benutzerfreundlichen Editors kann jeder Internetnutzer online eine QR-Code-App erstellen und diese einfach in die Joomla-Webseite einf\u00fcgen. Es ist nicht erforderlich, einen kostenpflichtigen Plan abzuschlie\u00dfen oder Ihre Kartendaten einzugeben, um auf den Elfsight Editor zuzugreifen. Wenn Sie bei irgendeinem Schritt auf Hindernisse sto\u00dfen, wenden Sie sich bitte an unser Support-Team.<\/p> <\/div>\r\n\t\t\t\t\t<\/div>\r\n\t\t\t\t<\/div> <\/div><\/div>","protected":false},"excerpt":{"rendered":"","protected":false},"author":9,"featured_media":0,"parent":2499,"menu_order":0,"comment_status":"closed","ping_status":"closed","template":"templates\/template-application-platform.php","meta":{"publish_to_discourse":"","publish_post_category":"","wpdc_auto_publish_overridden":"","wpdc_topic_tags":"","wpdc_pin_topic":"","wpdc_pin_until":"","discourse_post_id":"","discourse_permalink":"","wpdc_publishing_response":"","wpdc_publishing_error":"","footnotes":""},"class_list":["post-9891","page","type-page","status-publish","hentry"],"yoast_head":"<!-- This site is optimized with the Yoast SEO plugin v25.3.1 - https:\/\/yoast.com\/wordpress\/plugins\/seo\/ -->\n<title>QR-Code-Generator \u2013 QR-Code-Erweiterung zu Joomla hinzuf\u00fcgen [2025]<\/title>\n<meta name=\"description\" content=\"Erstellen Sie schnell Ihren einzigartigen QR-Code-Generator f\u00fcr die Joomla-Website. Nutzen Sie einfach unsere aktive Demo und Ihre Erweiterung ist in weniger als zwei Minuten fertig.\" \/>\n<meta name=\"robots\" content=\"index, follow, max-snippet:-1, max-image-preview:large, max-video-preview:-1\" \/>\n<link rel=\"canonical\" href=\"https:\/\/elfsight.com\/de\/qr-code-widget\/joomla\/\" \/>\n<meta property=\"og:locale\" content=\"de_DE\" \/>\n<meta property=\"og:type\" content=\"article\" \/>\n<meta property=\"og:title\" content=\"QR-Code-Generator \u2013 QR-Code-Erweiterung zu Joomla hinzuf\u00fcgen [2025]\" \/>\n<meta property=\"og:description\" content=\"Erstellen Sie schnell Ihren einzigartigen QR-Code-Generator f\u00fcr die Joomla-Website. Nutzen Sie einfach unsere aktive Demo und Ihre Erweiterung ist in weniger als zwei Minuten fertig.\" \/>\n<meta property=\"og:url\" content=\"https:\/\/elfsight.com\/de\/qr-code-widget\/joomla\/\" \/>\n<meta property=\"og:site_name\" content=\"Elfsight DE\" \/>\n<meta property=\"article:modified_time\" content=\"2025-07-09T14:19:26+00:00\" \/>\n<meta name=\"twitter:card\" content=\"summary_large_image\" \/>\n<meta name=\"twitter:label1\" content=\"Gesch\u00e4tzte Lesezeit\" \/>\n\t<meta name=\"twitter:data1\" content=\"3\u00a0Minuten\" \/>\n<!-- \/ Yoast SEO plugin. -->","yoast_head_json":{"title":"QR-Code-Generator \u2013 QR-Code-Erweiterung zu Joomla hinzuf\u00fcgen [2025]","description":"Erstellen Sie schnell Ihren einzigartigen QR-Code-Generator f\u00fcr die Joomla-Website. Nutzen Sie einfach unsere aktive Demo und Ihre Erweiterung ist in weniger als zwei Minuten fertig.","robots":{"index":"index","follow":"follow","max-snippet":"max-snippet:-1","max-image-preview":"max-image-preview:large","max-video-preview":"max-video-preview:-1"},"canonical":"https:\/\/elfsight.com\/de\/qr-code-widget\/joomla\/","og_locale":"de_DE","og_type":"article","og_title":"QR-Code-Generator \u2013 QR-Code-Erweiterung zu Joomla hinzuf\u00fcgen [2025]","og_description":"Erstellen Sie schnell Ihren einzigartigen QR-Code-Generator f\u00fcr die Joomla-Website. Nutzen Sie einfach unsere aktive Demo und Ihre Erweiterung ist in weniger als zwei Minuten fertig.","og_url":"https:\/\/elfsight.com\/de\/qr-code-widget\/joomla\/","og_site_name":"Elfsight DE","article_modified_time":"2025-07-09T14:19:26+00:00","twitter_card":"summary_large_image","twitter_misc":{"Gesch\u00e4tzte Lesezeit":"3\u00a0Minuten"},"schema":{"@context":"https:\/\/schema.org","@graph":[{"@type":"WebPage","@id":"https:\/\/elfsight.com\/de\/qr-code-widget\/joomla\/","url":"https:\/\/elfsight.com\/de\/qr-code-widget\/joomla\/","name":"QR-Code-Generator \u2013 QR-Code-Erweiterung zu Joomla hinzuf\u00fcgen [2025]","isPartOf":{"@id":"https:\/\/elfsight.com\/de\/#website"},"datePublished":"1970-01-01T00:00:00+00:00","dateModified":"2025-07-09T14:19:26+00:00","description":"Erstellen Sie schnell Ihren einzigartigen QR-Code-Generator f\u00fcr die Joomla-Website. Nutzen Sie einfach unsere aktive Demo und Ihre Erweiterung ist in weniger als zwei Minuten fertig.","breadcrumb":{"@id":"https:\/\/elfsight.com\/de\/qr-code-widget\/joomla\/#breadcrumb"},"inLanguage":"de","potentialAction":[{"@type":"ReadAction","target":["https:\/\/elfsight.com\/de\/qr-code-widget\/joomla\/"]}]},{"@type":"BreadcrumbList","@id":"https:\/\/elfsight.com\/de\/qr-code-widget\/joomla\/#breadcrumb","itemListElement":[{"@type":"ListItem","position":1,"name":"Home","item":"https:\/\/elfsight.com\/de\/"},{"@type":"ListItem","position":2,"name":"QR Code","item":"https:\/\/elfsight.com\/de\/qr-code-widget\/"},{"@type":"ListItem","position":3,"name":"QR Code &#8211; Joomla"}]},{"@type":"WebSite","@id":"https:\/\/elfsight.com\/de\/#website","url":"https:\/\/elfsight.com\/de\/","name":"Elfsight DE","description":"Just another Elfsight Sites site","potentialAction":[{"@type":"SearchAction","target":{"@type":"EntryPoint","urlTemplate":"https:\/\/elfsight.com\/de\/?s={search_term_string}"},"query-input":{"@type":"PropertyValueSpecification","valueRequired":true,"valueName":"search_term_string"}}],"inLanguage":"de"}]}},"meta_box":{"industry":"","seo_heading":"","heading":"","description":"","cta_heading":"","cta_description":"","application":"512","h1":"Joomla QR Code-Erweiterung","h1_caption":"Generieren und zeigen Sie m\u00fchelos einen QR-Code f\u00fcr den einfachen Zugriff auf URLs, WLAN, Visitenkarten und mehr auf Ihrer Joomla-Website an.","application_category":[],"applications_title":"","applications_request_title":"","applications_request_button_text":"","hero_text":"","hero_video":"","hero_video_schema_markup":"","selling_points_title":"","selling_points_caption":"","selling_points":[],"selling_points_cta_text":"","features_title":"","features":"","ed_cta_examples_text":"","ed_cta_examples_hidden":"","ed_cta_demo_text":"","ed_cta_demo_hidden":"","why_caption":"","why_editor_title":"","why_editor_text":"","why_team_title":"","why_team_text":"","why_service_title":"","why_service_text":"","template_catalog_visible":"","template_catalog_title":"","template_catalog_text":"","template_catalog_categories_visible":"","demo_title":"Erstellen Sie Ihr QR-Code-Plugin","demo_caption":"Konfigurieren Sie Ihren QR-Code und f\u00fcgen Sie ihn kostenlos zu Ihrer Joomla-Website hinzu!","default_faq_hidden":"","app_template_category":[],"platform":"259","template_public_id":"","codecanyon_url":"","codecanyon_item_id":"","codecanyon_price":"","pricing_caption":"","pricing_elfsight_apps_hide_column":"","pricing_elfsight_apps_url":"","pricing_codecanyon_price_caption":"","integration_category":[],"integration_request_title":"","integration_request_cta":"","integration_platform":"","integrations":[],"platform_category":[],"video_schema_markup":"","price":"ab 0 $ \/ Monat","trial":"","benefits":[{"text":"Kostenlose Installationsunterst\u00fctzung"},{"text":"Professioneller Kundenservice"},{"text":"14-t\u00e4gige Geld-zur\u00fcck-Garantie"},{"text":"Kontinuierliche kostenlose Verbesserungen"}],"button_url":"#demo","button_target_blank":"","button_nofollow":"","attributes":[{"name":"Installiert","content":"10,000 - 100,000"},{"name":"Reaktionsfreudig","content":"Ja"},{"name":"Kompatible Browser","content":"IE11, Firefox, Safari, Opera, Chrome, Edge"}],"tags":[],"tags_disable_links":"","hide_more_platforms":"","video_object":"","demo_hide_cta":"","demo_hide_cloud_options":"","pricing_title":"","pricing":[{"pricing_icon":"platform","pricing_title":"Elfsight Apps","pricing_title_caption":"Plattform\u00fcbergreifende L\u00f6sung, die f\u00fcr jede Website geeignet ist","pricing_price":"ab 0 $ \/ Monat","pricing_price_caption":"Beginnen Sie mit einem kostenlosen Plan","pricing_benefits":[{"text":"Unbegrenzte Websites"},{"text":"Premium-Kundensupport"},{"text":"Kostenloser Installationsservice"},{"text":"Zeitlich begrenztes Angebot f\u00fcr mehrere Apps"}],"pricing_button_text":"Zur Website hinzuf\u00fcgen","pricing_button_url":"#demo"}],"related_apps_title":"","related_apps_hidden":"","author":"","image":[],"title":"","job":"","social_networks":[]},"_links":{"self":[{"href":"https:\/\/elfsight.com\/de\/wp-json\/wp\/v2\/pages\/9891","targetHints":{"allow":["GET"]}}],"collection":[{"href":"https:\/\/elfsight.com\/de\/wp-json\/wp\/v2\/pages"}],"about":[{"href":"https:\/\/elfsight.com\/de\/wp-json\/wp\/v2\/types\/page"}],"author":[{"embeddable":true,"href":"https:\/\/elfsight.com\/de\/wp-json\/wp\/v2\/users\/9"}],"replies":[{"embeddable":true,"href":"https:\/\/elfsight.com\/de\/wp-json\/wp\/v2\/comments?post=9891"}],"version-history":[{"count":2,"href":"https:\/\/elfsight.com\/de\/wp-json\/wp\/v2\/pages\/9891\/revisions"}],"predecessor-version":[{"id":21800,"href":"https:\/\/elfsight.com\/de\/wp-json\/wp\/v2\/pages\/9891\/revisions\/21800"}],"up":[{"embeddable":true,"href":"https:\/\/elfsight.com\/de\/wp-json\/wp\/v2\/pages\/2499"}],"wp:attachment":[{"href":"https:\/\/elfsight.com\/de\/wp-json\/wp\/v2\/media?parent=9891"}],"curies":[{"name":"wp","href":"https:\/\/api.w.org\/{rel}","templated":true}]}}