{"id":9890,"date":"1970-01-01T00:00:00","date_gmt":"1970-01-01T00:00:00","guid":{"rendered":"https:\/\/elfsight.com\/de\/?page_id=9890"},"modified":"2025-02-24T10:13:29","modified_gmt":"2025-02-24T10:13:29","slug":"jquery","status":"publish","type":"page","link":"https:\/\/elfsight.com\/de\/qr-code-widget\/jquery\/","title":{"rendered":"QR Code &#8211; jQuery"},"content":{"rendered":"\n<div class=\"application-platform-content-item-description application-platform-content-item\" id=\"description\" data-nav-section=\"description\"> <h2>Beschreibung<\/h2> <p>Der QR-Code-Generator ist eine beeindruckende Option f\u00fcr jQuery-Websites, mit der Sie Benutzer schnell auf jede beliebige Webseite umleiten k\u00f6nnen. Teilen Sie eine URL, Ihren Standort, Ihre E-Mail-Adresse, eine beliebige Datei und vieles mehr. Das Tool ist bemerkenswert anpassbar: Sie k\u00f6nnen einen Titel und eine aussagekr\u00e4ftige Bildunterschrift hinzuf\u00fcgen, das am besten passende Symbol und Logo aus unserer Bibliothek ausw\u00e4hlen oder Ihr eigenes hochladen, den Text, den Hintergrund und den Rahmen neu einf\u00e4rben und die Gr\u00f6\u00dfe nach Ihren W\u00fcnschen anpassen brauchen. Alles, was Sie tun m\u00fcssen, ist einfach mit der Erstellung Ihres personalisierten Widgets zu beginnen \u2013 die Installation ist unkompliziert und erfordert keine Programmierkenntnisse.<\/p> <p><b>Betten Sie den QR-Code-Generator in Ihre jQuery-Website ein und leiten Sie Benutzer direkt dorthin weiter, wo Sie sind Sie m\u00fcssen vorhanden sein und die Nutzung von Inhalten vereinfachen<\/b><\/p> <\/div> <div class=\"application-platform-content-item-features application-platform-content-item\" id=\"features\" data-nav-section=\"features\"> <h2>Hier sind grundlegende Funktionen des Plugins:<\/h2> <ul><li> Sofortiger Zugriff auf Ihre Inhalte<\/li><li>An beliebigen Text anh\u00e4ngen<\/li><li>8 umschaltbare Logos<\/li><li>15 austauschbare Symbole verf\u00fcgbar<\/li><li>Alle Elemente des Widgets neu lackieren<\/li><\/ul><p><a href=\"#demo\">Sie k\u00f6nnen die volle Funktionalit\u00e4t des QR-Code-Plugins in der Demo testen <\/a><\/p> <\/div> <div class=\"application-platform-content-item-installation  application-platform-content-item\" id=\"installation \" data-nav-section=\"installation \"> <h2>Wie f\u00fcge ich einen QR-Code auf meiner jQuery-Website hinzu?<\/h2> <p>Befolgen Sie einfach die unten beschriebenen Schritte, um das Plugin zu integrieren.<\/p> <ol><li><b>Wir starten unser Laden Sie den kostenlosen Editor herunter und beginnen Sie mit der Erstellung Ihres einzigartigen Widgets. <\/b><br> W\u00e4hlen Sie das gew\u00fcnschte Design und die gew\u00fcnschten Parameter des Werkzeugs und speichern Sie die \u00c4nderungen. <\/li> <li><b>Erhalten Sie Ihren pers\u00f6nlichen Code, der im speziellen Formular auf Elfsight Apps angezeigt wird. <\/b><br> Wenn die Einrichtung Ihres pers\u00f6nlichen Plugins abgeschlossen ist, kopieren Sie den exklusiven Code im erscheinenden Popup und speichern Sie ihn zur sp\u00e4teren Verwendung. <\/li> <li><b>Beginnen Sie mit der Verwendung des Plugins auf der jQuery-Webseite. <\/b><br> Integrieren Sie den Code, den Sie k\u00fcrzlich gespeichert haben, in Ihre Seite und speichern Sie die \u00c4nderungen. <\/li> <li><b>Fertig! Die Einbettung ist vollst\u00e4ndig durchgef\u00fchrt. <\/b><br> Besuchen Sie Ihre Website, um einen Blick auf die Funktionsweise des Widgets zu werfen. <\/li><\/ol> <p>Wenn Sie irgendwelche Komplikationen feststellen, z\u00f6gern Sie nicht, die Hilfe unseres Support-Teams in Anspruch zu nehmen. Unsere Mitarbeiter helfen Ihnen gerne bei allen Problemen, die Sie mit dem Tool haben k\u00f6nnten. <\/p> <div class=\"faq\" data-component=\"FAQ\"><div class=\"faq-item\">\r\n\t\t\t\t\t<div class=\"faq-item-question\">\r\n\t\t\t\t\t\t<h3 class=\"faq-item-question-text\">Gibt es eine M\u00f6glichkeit, QR-Code ohne Programmierkenntnisse in meine jQuery-Site einzubetten?<\/h3>\r\n\r\n\t\t\t\t\t\t<div class=\"faq-item-question-icon\"><\/div>\r\n\t\t\t\t\t<\/div>\r\n\r\n\t\t\t\t\t<div class=\"faq-item-answer\">\r\n\t\t\t\t\t\t<div class=\"faq-item-answer-text\"> <p>Elfsight bietet eine L\u00f6sung, mit der Benutzer selbst ein QR-Code-Plugin einrichten k\u00f6nnen Sehen Sie sich die einfache Anleitung an: Beginnen Sie direkt in der Online-Demo mit der Erstellung eines QR-Code-Abschnitts, den Sie auf der jQuery-Webseite einf\u00fcgen m\u00f6chten. W\u00e4hlen Sie eine der vielen vorgefertigten Vorlagen aus und passen Sie die QR-Code-Einstellungen an, f\u00fcgen Sie Ihre Inhalte ein, \u00e4ndern Sie das Layout und das Farbschema ohne Codierung. Speichern Sie die von Ihnen vorgenommenen Einstellungen im QR-Code und erhalten Sie einen Installationscode, der kostenlos auf der jQuery-Homepage hinzugef\u00fcgt werden kann. Mit Hilfe des benutzerfreundlichen Editors kann jeder Webnutzer online ein QR-Code-Plugin erstellen und dieses problemlos in die jQuery-Homepage einbetten. Sie m\u00fcssen weder bezahlen noch Ihre Kartendaten angeben, um auf unseren Service zuzugreifen. Wenn Sie auf Probleme jeglicher Art sto\u00dfen, wenden Sie sich bitte an unsere Support-Mitarbeiter.<\/p> <\/div>\r\n\t\t\t\t\t<\/div>\r\n\t\t\t\t<\/div> <\/div><\/div>\n","protected":false},"excerpt":{"rendered":"","protected":false},"author":9,"featured_media":0,"parent":2499,"menu_order":0,"comment_status":"closed","ping_status":"closed","template":"templates\/template-application-platform.php","meta":{"publish_to_discourse":"","publish_post_category":"","wpdc_auto_publish_overridden":"","wpdc_topic_tags":"","wpdc_pin_topic":"","wpdc_pin_until":"","discourse_post_id":"","discourse_permalink":"","wpdc_publishing_response":"","wpdc_publishing_error":"","footnotes":""},"class_list":["post-9890","page","type-page","status-publish","hentry"],"yoast_head":"<!-- This site is optimized with the Yoast SEO plugin v25.3.1 - https:\/\/yoast.com\/wordpress\/plugins\/seo\/ -->\n<title>QR-Code-Generator \u2013 QR-Code-Plugin zu jQuery hinzuf\u00fcgen [2025]<\/title>\n<meta name=\"description\" content=\"Erstellen Sie schnell Ihre einzigartigen jQuery-QR-Code-Plugins. Wenden Sie einfach unsere praktische Demo an und Ihr Plugin wird in weniger als zwei Minuten erstellt.\" \/>\n<meta name=\"robots\" content=\"index, follow, max-snippet:-1, max-image-preview:large, max-video-preview:-1\" \/>\n<link rel=\"canonical\" href=\"https:\/\/elfsight.com\/de\/qr-code-widget\/jquery\/\" \/>\n<meta property=\"og:locale\" content=\"de_DE\" \/>\n<meta property=\"og:type\" content=\"article\" \/>\n<meta property=\"og:title\" content=\"QR-Code-Generator \u2013 QR-Code-Plugin zu jQuery hinzuf\u00fcgen [2025]\" \/>\n<meta property=\"og:description\" content=\"Erstellen Sie schnell Ihre einzigartigen jQuery-QR-Code-Plugins. Wenden Sie einfach unsere praktische Demo an und Ihr Plugin wird in weniger als zwei Minuten erstellt.\" \/>\n<meta property=\"og:url\" content=\"https:\/\/elfsight.com\/de\/qr-code-widget\/jquery\/\" \/>\n<meta property=\"og:site_name\" content=\"Elfsight DE\" \/>\n<meta property=\"article:modified_time\" content=\"2025-02-24T10:13:29+00:00\" \/>\n<meta name=\"twitter:card\" content=\"summary_large_image\" \/>\n<meta name=\"twitter:label1\" content=\"Gesch\u00e4tzte Lesezeit\" \/>\n\t<meta name=\"twitter:data1\" content=\"3\u00a0Minuten\" \/>\n<!-- \/ Yoast SEO plugin. -->","yoast_head_json":{"title":"QR-Code-Generator \u2013 QR-Code-Plugin zu jQuery hinzuf\u00fcgen [2025]","description":"Erstellen Sie schnell Ihre einzigartigen jQuery-QR-Code-Plugins. Wenden Sie einfach unsere praktische Demo an und Ihr Plugin wird in weniger als zwei Minuten erstellt.","robots":{"index":"index","follow":"follow","max-snippet":"max-snippet:-1","max-image-preview":"max-image-preview:large","max-video-preview":"max-video-preview:-1"},"canonical":"https:\/\/elfsight.com\/de\/qr-code-widget\/jquery\/","og_locale":"de_DE","og_type":"article","og_title":"QR-Code-Generator \u2013 QR-Code-Plugin zu jQuery hinzuf\u00fcgen [2025]","og_description":"Erstellen Sie schnell Ihre einzigartigen jQuery-QR-Code-Plugins. Wenden Sie einfach unsere praktische Demo an und Ihr Plugin wird in weniger als zwei Minuten erstellt.","og_url":"https:\/\/elfsight.com\/de\/qr-code-widget\/jquery\/","og_site_name":"Elfsight DE","article_modified_time":"2025-02-24T10:13:29+00:00","twitter_card":"summary_large_image","twitter_misc":{"Gesch\u00e4tzte Lesezeit":"3\u00a0Minuten"},"schema":{"@context":"https:\/\/schema.org","@graph":[{"@type":"WebPage","@id":"https:\/\/elfsight.com\/de\/qr-code-widget\/jquery\/","url":"https:\/\/elfsight.com\/de\/qr-code-widget\/jquery\/","name":"QR-Code-Generator \u2013 QR-Code-Plugin zu jQuery hinzuf\u00fcgen [2025]","isPartOf":{"@id":"https:\/\/elfsight.com\/de\/#website"},"datePublished":"1970-01-01T00:00:00+00:00","dateModified":"2025-02-24T10:13:29+00:00","description":"Erstellen Sie schnell Ihre einzigartigen jQuery-QR-Code-Plugins. Wenden Sie einfach unsere praktische Demo an und Ihr Plugin wird in weniger als zwei Minuten erstellt.","breadcrumb":{"@id":"https:\/\/elfsight.com\/de\/qr-code-widget\/jquery\/#breadcrumb"},"inLanguage":"de","potentialAction":[{"@type":"ReadAction","target":["https:\/\/elfsight.com\/de\/qr-code-widget\/jquery\/"]}]},{"@type":"BreadcrumbList","@id":"https:\/\/elfsight.com\/de\/qr-code-widget\/jquery\/#breadcrumb","itemListElement":[{"@type":"ListItem","position":1,"name":"Home","item":"https:\/\/elfsight.com\/de\/"},{"@type":"ListItem","position":2,"name":"QR Code","item":"https:\/\/elfsight.com\/de\/qr-code-widget\/"},{"@type":"ListItem","position":3,"name":"QR Code &#8211; jQuery"}]},{"@type":"WebSite","@id":"https:\/\/elfsight.com\/de\/#website","url":"https:\/\/elfsight.com\/de\/","name":"Elfsight DE","description":"Just another Elfsight Sites site","potentialAction":[{"@type":"SearchAction","target":{"@type":"EntryPoint","urlTemplate":"https:\/\/elfsight.com\/de\/?s={search_term_string}"},"query-input":{"@type":"PropertyValueSpecification","valueRequired":true,"valueName":"search_term_string"}}],"inLanguage":"de"}]}},"meta_box":{"industry":"","seo_heading":"","heading":"","description":"","cta_heading":"","cta_description":"","application":"512","h1":"jQuery-QR-Code-Plugin","h1_caption":"Generieren und zeigen Sie m\u00fchelos einen QR-Code f\u00fcr den einfachen Zugriff auf URLs, WLAN, Visitenkarten und mehr auf Ihrer jQuery-Website an.","application_category":[],"applications_title":"","applications_request_title":"","applications_request_button_text":"","hero_text":"","hero_video":"","hero_video_schema_markup":"","selling_points_title":"","selling_points_caption":"","selling_points":[],"selling_points_cta_text":"","features_title":"","features":"","ed_cta_examples_text":"","ed_cta_examples_hidden":"","ed_cta_demo_text":"","ed_cta_demo_hidden":"","why_caption":"","why_editor_title":"","why_editor_text":"","why_team_title":"","why_team_text":"","why_service_title":"","why_service_text":"","template_catalog_visible":"0","template_catalog_title":"","template_catalog_text":"","template_catalog_categories_visible":"","demo_title":"Erstellen Sie Ihr QR-Code-Plugin","demo_caption":"Konfigurieren Sie Ihren QR-Code und f\u00fcgen Sie ihn kostenlos zu Ihrer jQuery-Website hinzu!","default_faq_hidden":"","app_template_category":[],"platform":"258","template_public_id":"","codecanyon_url":"","codecanyon_item_id":"","codecanyon_price":"","pricing_caption":"","pricing_elfsight_apps_hide_column":"","pricing_elfsight_apps_url":"","pricing_codecanyon_price_caption":"","integration_category":[],"integration_request_title":"","integration_request_cta":"","integration_platform":"","integrations":[],"platform_category":[],"video_schema_markup":"","price":"ab 0 $ \/ Monat","trial":"","benefits":[{"text":"Kostenlose Installationshilfe"},{"text":"Erfahrener Kundensupport"},{"text":"14-t\u00e4gige Geld-zur\u00fcck-Garantie"},{"text":"Lebenslange kostenlose Updates"}],"button_url":"#demo","button_target_blank":"0","button_nofollow":"0","attributes":[{"name":"Installiert","content":"10,000 - 100,000"},{"name":"Reaktionsfreudig","content":"Ja"},{"name":"Kompatible Browser","content":"Firefox, Safari, Opera, Chrome, Edge"}],"tags":[],"tags_disable_links":"0","hide_more_platforms":"0","video_object":"","demo_hide_cta":"0","demo_hide_cloud_options":"0","pricing_title":"","pricing":[{"pricing_icon":"platform","pricing_title":"Elfsight Apps","pricing_title_caption":"Plattformunabh\u00e4ngige Version, die auf jeder Site funktioniert","pricing_price":"ab 0 $ \/ Monat","pricing_price_caption":"Beginnen Sie mit einem kostenlosen Plan","pricing_benefits":[{"text":"Unbegrenzte Websites"},{"text":"Erstklassiger und p\u00fcnktlicher Support und gut dokumentiert"},{"text":"Kostenlose Installationsunterst\u00fctzung"},{"text":"Vollst\u00e4ndig anpassbar"}],"pricing_button_text":"Zur Website hinzuf\u00fcgen","pricing_button_url":"#demo"}],"related_apps_title":"","related_apps_hidden":"0","author":"","image":[],"title":"","job":"","social_networks":[]},"_links":{"self":[{"href":"https:\/\/elfsight.com\/de\/wp-json\/wp\/v2\/pages\/9890","targetHints":{"allow":["GET"]}}],"collection":[{"href":"https:\/\/elfsight.com\/de\/wp-json\/wp\/v2\/pages"}],"about":[{"href":"https:\/\/elfsight.com\/de\/wp-json\/wp\/v2\/types\/page"}],"author":[{"embeddable":true,"href":"https:\/\/elfsight.com\/de\/wp-json\/wp\/v2\/users\/9"}],"replies":[{"embeddable":true,"href":"https:\/\/elfsight.com\/de\/wp-json\/wp\/v2\/comments?post=9890"}],"version-history":[{"count":2,"href":"https:\/\/elfsight.com\/de\/wp-json\/wp\/v2\/pages\/9890\/revisions"}],"predecessor-version":[{"id":24791,"href":"https:\/\/elfsight.com\/de\/wp-json\/wp\/v2\/pages\/9890\/revisions\/24791"}],"up":[{"embeddable":true,"href":"https:\/\/elfsight.com\/de\/wp-json\/wp\/v2\/pages\/2499"}],"wp:attachment":[{"href":"https:\/\/elfsight.com\/de\/wp-json\/wp\/v2\/media?parent=9890"}],"curies":[{"name":"wp","href":"https:\/\/api.w.org\/{rel}","templated":true}]}}