{"id":9883,"date":"1970-01-01T00:00:00","date_gmt":"1970-01-01T00:00:00","guid":{"rendered":"https:\/\/elfsight.com\/de\/?page_id=9883"},"modified":"2025-07-09T14:19:38","modified_gmt":"2025-07-09T14:19:38","slug":"magento","status":"publish","type":"page","link":"https:\/\/elfsight.com\/de\/qr-code-widget\/magento\/","title":{"rendered":"QR Code &#8211; Magento"},"content":{"rendered":"<div class=\"application-platform-content-item-description application-platform-content-item\" id=\"description\" data-nav-section=\"description\"> <h2>Beschreibung<\/h2> <p>Der Elfsight QR Code Generator ist ein beeindruckendes Tool f\u00fcr Magento, mit dem Sie Benutzer schnell auf jede beliebige Webseite umleiten und teilen k\u00f6nnen eine URL, Ihren Standort, Ihre E-Mail-Adresse, eine Datei und mehr. Die Erweiterung ist bemerkenswert anpassbar: Sie k\u00f6nnen einen Titel und eine Bildunterschrift hinzuf\u00fcgen, das Symbol und den Logotyp ausw\u00e4hlen \u2013 aus unserer Bibliothek oder Ihr eigenes hochladen, den Text, den Hintergrund und den Rahmen neu einf\u00e4rben und die Gr\u00f6\u00dfe nach Bedarf \u00e4ndern. Jetzt m\u00fcssen Sie nur noch mit der Konfiguration des Werkzeugs beginnen \u2013 die Installation ist ein Kinderspiel und erfordert keine Programmierkenntnisse. <\/p> <p><b>F\u00fcgen Sie den Elfsight QR-Code-Generator in Ihre Webseite ein und leiten Sie Benutzer direkt dorthin weiter, wo Sie sie haben m\u00f6chten, und vereinfachen Sie die Inhaltsnutzung<\/b><\/p> <\/div> <div class=\"application-platform-content-item-features application-platform-content-item\" id=\"features\" data-nav-section=\"features\"> <h2>Im Folgenden sind grundlegende Funktionen der Erweiterung aufgef\u00fchrt: <\/h2> <ul><li>Sofortiger Zugriff auf Ihre Inhalte<\/li><li>Beliebigen Text hinzuf\u00fcgen<\/li><li>Acht umschaltbare Logos <\/li><li>F\u00fcnfzehn umschaltbare Symbole zur Auswahl<\/li><li>Alle Teile neu lackieren<\/li><\/ul><p><a href=\"#demo\">Probieren Sie alle Personalisierungsfunktionen aus in voll funktionsf\u00e4higer Demo<\/a><\/p> <\/div> <div class=\"application-platform-content-item-installation application-platform-content-item\" id=\"installation\" data-nav-section=\"installation\"> <h2>Wie kann ich die QR-Code-Erweiterung in meine Magento-Website einbetten? <\/h2> <p>Befolgen Sie einfach die folgenden Schritte, um das Plugin hinzuzuf\u00fcgen. <\/p> <ol><li><b>Nutzen Sie unseren kostenlosen Editor und beginnen Sie mit der Arbeit mit Ihrer personalisierten Erweiterung.<\/b><br> W\u00e4hlen Sie das bevorzugte Aussehen und die Funktionalit\u00e4t des Plugins und wenden Sie alle Korrekturen an.<\/li> <li><b>Erhalten Sie den individuellen Code, der im Popup-Fenster von Elfsight Apps angezeigt wird.<\/b><br> Kopieren Sie unmittelbar nach Abschluss der Erstellung Ihres pers\u00f6nlichen Plugins den pers\u00f6nlichen Code im angezeigten Popup-Fenster und bewahren Sie ihn auf zuk\u00fcnftige Verwendung.<\/li> <li><b>Initiieren Sie die Verwendung der Erweiterung auf Ihrer Magento-Site.<\/b><br> F\u00fcgen Sie den zuvor kopierten Code in Ihre Site ein und speichern Sie die \u00c4nderungen.<\/li> <li> <b>Die Einrichtung wurde erfolgreich durchgef\u00fchrt.<\/b><br> Besuchen Sie Ihre Website, um die Leistung der Erweiterung zu sehen.<\/li><\/ol><p>Falls Sie auf Schwierigkeiten sto\u00dfen, wenden Sie sich bitte an unsere Support-Mitarbeiter. Unsere Mitarbeiter m\u00f6chten Ihnen gerne bei allen Problemen helfen, die Sie im Zusammenhang mit der Verl\u00e4ngerung haben k\u00f6nnten. <\/p> <div class=\"faq\" data-component=\"FAQ\"><div class=\"faq-item\">\r\n\t\t\t\t\t<div class=\"faq-item-question\">\r\n\t\t\t\t\t\t<h3 class=\"faq-item-question-text\">Gibt es eine Option zum Hinzuf\u00fcgen von QR-Code zu meiner Magento-Site ohne Codierung?<\/h3>\r\n\r\n\t\t\t\t\t\t<div class=\"faq-item-question-icon\"><\/div>\r\n\t\t\t\t\t<\/div>\r\n\r\n\t\t\t\t\t<div class=\"faq-item-answer\">\r\n\t\t\t\t\t\t<div class=\"faq-item-answer-text\"> <p>Das Unternehmen Elfsight bietet eine L\u00f6sung, mit der Websitebesitzer selbst ein QR-Code-Plugin erstellen k\u00f6nnen. Entdecken Sie es Die einfachen Anweisungen: Gehen Sie zum Online-Editor, um ein QR-Code-Widget zu erstellen, das Sie in Ihr Magento einbetten m\u00f6chten. W\u00e4hlen Sie eine der vielen vorgefertigten Vorlagen aus und \u00e4ndern Sie die QR-Code-Einstellungen, \u00e4ndern Sie das Layout und die Farben einschlie\u00dflich Ihrer Inhalte, ohne Programmierkenntnisse. Klicken Sie hier, um die Einstellungen, die Sie am QR-Code vorgenommen haben, zu speichern und einen Installationscode zu erhalten, der auf der Magento-Homepage hinzugef\u00fcgt werden kann, ohne dass Sie eine kostenpflichtige Version kaufen m\u00fcssen. Mit Hilfe des unkomplizierten Editors kann jeder Internetnutzer eine QR-Code-App erstellen und diese einfach in die Magento-Homepage einbinden. Sie m\u00fcssen weder bezahlen noch Ihre Kartendaten \u00fcbermitteln, um auf den Elfsight Editor zuzugreifen. Wenn Sie auf Hindernisse jeglicher Art sto\u00dfen, wenden Sie sich bitte an unseren technischen Kundensupport.<\/p> <\/div>\r\n\t\t\t\t\t<\/div>\r\n\t\t\t\t<\/div> <\/div><\/div>","protected":false},"excerpt":{"rendered":"","protected":false},"author":9,"featured_media":0,"parent":2499,"menu_order":0,"comment_status":"closed","ping_status":"closed","template":"templates\/template-application-platform.php","meta":{"publish_to_discourse":"","publish_post_category":"","wpdc_auto_publish_overridden":"","wpdc_topic_tags":"","wpdc_pin_topic":"","wpdc_pin_until":"","discourse_post_id":"","discourse_permalink":"","wpdc_publishing_response":"","wpdc_publishing_error":"","footnotes":""},"class_list":["post-9883","page","type-page","status-publish","hentry"],"yoast_head":"<!-- This site is optimized with the Yoast SEO plugin v25.3.1 - https:\/\/yoast.com\/wordpress\/plugins\/seo\/ -->\n<title>QR-Code-Generator \u2013 QR-Code-Erweiterung zu Magento hinzuf\u00fcgen [2025]<\/title>\n<meta name=\"description\" content=\"Gestalten Sie schnell Ihre individuelle QR-Code-Erweiterung f\u00fcr Magento. Wenden Sie einfach unsere aktive Demo an und Ihr Plugin ist in weniger als einer Minute fertig.\" \/>\n<meta name=\"robots\" content=\"index, follow, max-snippet:-1, max-image-preview:large, max-video-preview:-1\" \/>\n<link rel=\"canonical\" href=\"https:\/\/elfsight.com\/de\/qr-code-widget\/magento\/\" \/>\n<meta property=\"og:locale\" content=\"de_DE\" \/>\n<meta property=\"og:type\" content=\"article\" \/>\n<meta property=\"og:title\" content=\"QR-Code-Generator \u2013 QR-Code-Erweiterung zu Magento hinzuf\u00fcgen [2025]\" \/>\n<meta property=\"og:description\" content=\"Gestalten Sie schnell Ihre individuelle QR-Code-Erweiterung f\u00fcr Magento. Wenden Sie einfach unsere aktive Demo an und Ihr Plugin ist in weniger als einer Minute fertig.\" \/>\n<meta property=\"og:url\" content=\"https:\/\/elfsight.com\/de\/qr-code-widget\/magento\/\" \/>\n<meta property=\"og:site_name\" content=\"Elfsight DE\" \/>\n<meta property=\"article:modified_time\" content=\"2025-07-09T14:19:38+00:00\" \/>\n<meta name=\"twitter:card\" content=\"summary_large_image\" \/>\n<meta name=\"twitter:label1\" content=\"Gesch\u00e4tzte Lesezeit\" \/>\n\t<meta name=\"twitter:data1\" content=\"3\u00a0Minuten\" \/>\n<!-- \/ Yoast SEO plugin. -->","yoast_head_json":{"title":"QR-Code-Generator \u2013 QR-Code-Erweiterung zu Magento hinzuf\u00fcgen [2025]","description":"Gestalten Sie schnell Ihre individuelle QR-Code-Erweiterung f\u00fcr Magento. Wenden Sie einfach unsere aktive Demo an und Ihr Plugin ist in weniger als einer Minute fertig.","robots":{"index":"index","follow":"follow","max-snippet":"max-snippet:-1","max-image-preview":"max-image-preview:large","max-video-preview":"max-video-preview:-1"},"canonical":"https:\/\/elfsight.com\/de\/qr-code-widget\/magento\/","og_locale":"de_DE","og_type":"article","og_title":"QR-Code-Generator \u2013 QR-Code-Erweiterung zu Magento hinzuf\u00fcgen [2025]","og_description":"Gestalten Sie schnell Ihre individuelle QR-Code-Erweiterung f\u00fcr Magento. Wenden Sie einfach unsere aktive Demo an und Ihr Plugin ist in weniger als einer Minute fertig.","og_url":"https:\/\/elfsight.com\/de\/qr-code-widget\/magento\/","og_site_name":"Elfsight DE","article_modified_time":"2025-07-09T14:19:38+00:00","twitter_card":"summary_large_image","twitter_misc":{"Gesch\u00e4tzte Lesezeit":"3\u00a0Minuten"},"schema":{"@context":"https:\/\/schema.org","@graph":[{"@type":"WebPage","@id":"https:\/\/elfsight.com\/de\/qr-code-widget\/magento\/","url":"https:\/\/elfsight.com\/de\/qr-code-widget\/magento\/","name":"QR-Code-Generator \u2013 QR-Code-Erweiterung zu Magento hinzuf\u00fcgen [2025]","isPartOf":{"@id":"https:\/\/elfsight.com\/de\/#website"},"datePublished":"1970-01-01T00:00:00+00:00","dateModified":"2025-07-09T14:19:38+00:00","description":"Gestalten Sie schnell Ihre individuelle QR-Code-Erweiterung f\u00fcr Magento. Wenden Sie einfach unsere aktive Demo an und Ihr Plugin ist in weniger als einer Minute fertig.","breadcrumb":{"@id":"https:\/\/elfsight.com\/de\/qr-code-widget\/magento\/#breadcrumb"},"inLanguage":"de","potentialAction":[{"@type":"ReadAction","target":["https:\/\/elfsight.com\/de\/qr-code-widget\/magento\/"]}]},{"@type":"BreadcrumbList","@id":"https:\/\/elfsight.com\/de\/qr-code-widget\/magento\/#breadcrumb","itemListElement":[{"@type":"ListItem","position":1,"name":"Home","item":"https:\/\/elfsight.com\/de\/"},{"@type":"ListItem","position":2,"name":"QR Code","item":"https:\/\/elfsight.com\/de\/qr-code-widget\/"},{"@type":"ListItem","position":3,"name":"QR Code &#8211; Magento"}]},{"@type":"WebSite","@id":"https:\/\/elfsight.com\/de\/#website","url":"https:\/\/elfsight.com\/de\/","name":"Elfsight DE","description":"Just another Elfsight Sites site","potentialAction":[{"@type":"SearchAction","target":{"@type":"EntryPoint","urlTemplate":"https:\/\/elfsight.com\/de\/?s={search_term_string}"},"query-input":{"@type":"PropertyValueSpecification","valueRequired":true,"valueName":"search_term_string"}}],"inLanguage":"de"}]}},"meta_box":{"industry":"","seo_heading":"","heading":"","description":"","cta_heading":"","cta_description":"","application":"512","h1":"Magento QR Code-Erweiterung","h1_caption":"Generieren und zeigen Sie m\u00fchelos einen QR-Code f\u00fcr den einfachen Zugriff auf URLs, WLAN, Visitenkarten und mehr auf Ihrer Magento-Website an.","application_category":[],"applications_title":"","applications_request_title":"","applications_request_button_text":"","hero_text":"","hero_video":"","hero_video_schema_markup":"","selling_points_title":"","selling_points_caption":"","selling_points":[],"selling_points_cta_text":"","features_title":"","features":"","ed_cta_examples_text":"","ed_cta_examples_hidden":"","ed_cta_demo_text":"","ed_cta_demo_hidden":"","why_caption":"","why_editor_title":"","why_editor_text":"","why_team_title":"","why_team_text":"","why_service_title":"","why_service_text":"","template_catalog_visible":"","template_catalog_title":"","template_catalog_text":"","template_catalog_categories_visible":"","demo_title":"Erstellen Sie Ihre QR-Code-Erweiterung","demo_caption":"Konfigurieren Sie Ihren QR-Code und f\u00fcgen Sie ihn kostenlos zu Ihrer Magento-Website hinzu!","default_faq_hidden":"","app_template_category":[],"platform":"256","template_public_id":"","codecanyon_url":"","codecanyon_item_id":"","codecanyon_price":"","pricing_caption":"","pricing_elfsight_apps_hide_column":"","pricing_elfsight_apps_url":"","pricing_codecanyon_price_caption":"","integration_category":[],"integration_request_title":"","integration_request_cta":"","integration_platform":"","integrations":[],"platform_category":[],"video_schema_markup":"","price":"ab 0 $ \/ Monat","trial":"","benefits":[{"text":"Kostenloser Installationsservice"},{"text":"Effektiver Kundenservice"},{"text":"14-t\u00e4gige R\u00fcckerstattungsgarantie"},{"text":"Laufende Updates"}],"button_url":"#demo","button_target_blank":"","button_nofollow":"","attributes":[{"name":"Installiert","content":"10,000 - 100,000"},{"name":"Reaktionsfreudig","content":"Ja"},{"name":"Kompatible Browser","content":"Firefox, Safari, Opera, Chrome, Edge"}],"tags":[],"tags_disable_links":"","hide_more_platforms":"","video_object":"","demo_hide_cta":"","demo_hide_cloud_options":"","pricing_title":"","pricing":[{"pricing_icon":"platform","pricing_title":"Elfsight Apps","pricing_title_caption":"Plattform\u00fcbergreifende L\u00f6sung, die auf jeder Website funktioniert","pricing_price":"ab 0 $ \/ Monat","pricing_price_caption":"Beginnen Sie mit einem kostenlosen Plan","pricing_benefits":[{"text":"Unbegrenzte Domains"},{"text":"Unternehmenssupport rund um die Uhr und gut dokumentiert"},{"text":"Kostenloser Installationsservice"},{"text":"100 % anpassbar"}],"pricing_button_text":"Zur Website hinzuf\u00fcgen","pricing_button_url":"#demo"}],"related_apps_title":"","related_apps_hidden":"","author":"","image":[],"title":"","job":"","social_networks":[]},"_links":{"self":[{"href":"https:\/\/elfsight.com\/de\/wp-json\/wp\/v2\/pages\/9883","targetHints":{"allow":["GET"]}}],"collection":[{"href":"https:\/\/elfsight.com\/de\/wp-json\/wp\/v2\/pages"}],"about":[{"href":"https:\/\/elfsight.com\/de\/wp-json\/wp\/v2\/types\/page"}],"author":[{"embeddable":true,"href":"https:\/\/elfsight.com\/de\/wp-json\/wp\/v2\/users\/9"}],"replies":[{"embeddable":true,"href":"https:\/\/elfsight.com\/de\/wp-json\/wp\/v2\/comments?post=9883"}],"version-history":[{"count":1,"href":"https:\/\/elfsight.com\/de\/wp-json\/wp\/v2\/pages\/9883\/revisions"}],"predecessor-version":[{"id":9887,"href":"https:\/\/elfsight.com\/de\/wp-json\/wp\/v2\/pages\/9883\/revisions\/9887"}],"up":[{"embeddable":true,"href":"https:\/\/elfsight.com\/de\/wp-json\/wp\/v2\/pages\/2499"}],"wp:attachment":[{"href":"https:\/\/elfsight.com\/de\/wp-json\/wp\/v2\/media?parent=9883"}],"curies":[{"name":"wp","href":"https:\/\/api.w.org\/{rel}","templated":true}]}}