{"id":9876,"date":"1970-01-01T00:00:00","date_gmt":"1970-01-01T00:00:00","guid":{"rendered":"https:\/\/elfsight.com\/de\/?page_id=9876"},"modified":"2025-02-24T10:17:36","modified_gmt":"2025-02-24T10:17:36","slug":"opencart","status":"publish","type":"page","link":"https:\/\/elfsight.com\/de\/qr-code-widget\/opencart\/","title":{"rendered":"QR Code &#8211; OpenCart"},"content":{"rendered":"\n<div class=\"application-platform-content-item-description application-platform-content-item\" id=\"description\" data-nav-section=\"description\"> <h2>Beschreibung<\/h2> <p>Der Elfsight QR-Code-Generator ist ein bemerkenswertes Tool f\u00fcr OpenCart, mit dem Sie Benutzer sofort auf jede beliebige Webseite umleiten und teilen k\u00f6nnen ein Link, ein Standort, eine E-Mail, eine Datei und mehr. Das Tool ist bemerkenswert anpassbar: Sie k\u00f6nnen einen Titel und eine Beschriftung hinzuf\u00fcgen, das Symbol und das Logo ausw\u00e4hlen \u2013 aus unserer Bibliothek oder ein eigenes verwenden, den Text, den Hintergrund und den Rahmen neu zeichnen und die Gr\u00f6\u00dfe nach Bedarf anpassen. Jetzt m\u00fcssen Sie nur noch mit der Erstellung Ihres personalisierten Widgets beginnen \u2013 die Installation ist unkompliziert und erfordert keine Programmierkenntnisse von Ihnen.<\/p> <p><b>Integrieren Sie den QR-Code-Generator in Ihre Webseite und locken Sie Besucher direkt an wo Sie sie brauchen, und vereinfachen Sie den Inhaltskonsum<\/b><\/p> <\/div> <div class=\"application-platform-content-item-features application-platform-content-item\" id=\"features\" data-nav-section=\"features\"> <h2>Die Erweiterung verf\u00fcgt \u00fcber n\u00fctzliche und unkomplizierte Funktionen, sehen Sie sich einige davon an: <\/h2> <ul><li>Sofortiger Zugriff auf von Ihnen hochgeladene Inhalte<\/li><li>F\u00fcgen Sie einen beliebigen Text hinzu<\/li><li>8 austauschbare Logos<\/li><li>F\u00fcnfzehn austauschbare Symbole zur Auswahl<\/li><li>Alle Elemente neu einf\u00e4rben<\/li><\/ul><p><a href=\"#demo\">Probieren Sie einfach diese Demo aus, um zu sehen, was die Erweiterung wert ist<\/a><\/p> <\/div> <div class=\"application-platform-content-item-installation application-platform-content-item\" id=\"installation\" data-nav-section=\"installation\"> <h2>Wie f\u00fcge ich einen QR-Code-Generator zu meiner OpenCart-Website hinzu? <\/h2> <p>Erf\u00fcllen Sie einfach die folgenden Richtlinien, um mit der Verwendung des Tools zu beginnen. <\/p> <ol><li><b>\u00d6ffnen Sie unsere kostenlose Demo und beginnen Sie mit der Erstellung Ihrer eigenen Erweiterung. <\/b><br> W\u00e4hlen Sie die ausgew\u00e4hlte Benutzeroberfl\u00e4che und die Funktionen der Erweiterung aus und speichern Sie alle \u00c4nderungen. <\/li> <li><b>Kopieren Sie den eindeutigen Code, der im Fenster von Elfsight Apps angezeigt wird. <\/b><br> Wenn die Anpassung Ihrer Erweiterung abgeschlossen ist, kopieren Sie den exklusiven Code aus dem angezeigten Feld und bewahren Sie ihn f\u00fcr eine sp\u00e4tere Gelegenheit auf. <\/li> <li><b>Geben Sie die Verwendung der Erweiterung auf der OpenCart-Site ein. <\/b><br> F\u00fcgen Sie den k\u00fcrzlich in Ihrer Website gespeicherten Code ein und wenden Sie die Korrekturen an. <\/li> <li><b>Die Installation ist vollst\u00e4ndig durchgef\u00fchrt. <\/b><br> Besuchen Sie Ihre Website, um einen Blick auf die Funktionsweise der Erweiterung zu werfen. <\/li><\/ol><p>Wenn Sie auf Schwierigkeiten sto\u00dfen, z\u00f6gern Sie nicht, sich an unser Support-Team zu wenden. Unsere Spezialisten l\u00f6sen gerne alle Probleme, die Sie mit dem Produkt haben k\u00f6nnten. <\/p> <div class=\"faq\" data-component=\"FAQ\"><div class=\"faq-item\">\r\n\t\t\t\t\t<div class=\"faq-item-question\">\r\n\t\t\t\t\t\t<h3 class=\"faq-item-question-text\">Wie ist es m\u00f6glich, QR-Code ohne Programmierkenntnisse in meine OpenCart-Webseite einzubetten?<\/h3>\r\n\r\n\t\t\t\t\t\t<div class=\"faq-item-question-icon\"><\/div>\r\n\t\t\t\t\t<\/div>\r\n\r\n\t\t\t\t\t<div class=\"faq-item-answer\">\r\n\t\t\t\t\t\t<div class=\"faq-item-answer-text\"> <p>Elfsight bietet eine SaaS-L\u00f6sung, mit der ein breites Publikum einen QR-Code erstellen kann Erstellen Sie selbst einen Abschnitt und lernen Sie die einfachen Schritte kennen: Beginnen Sie direkt im Online-Editor mit der Arbeit, um ein QR-Code-Widget zu erstellen, das Sie auf OpenCart hinzuf\u00fcgen m\u00f6chten. Klicken Sie auf eine unserer vorgefertigten Vorlagen und passen Sie die QR-Code-Einstellungen an, \u00e4ndern Sie das Layout und die Farben und f\u00fcgen Sie Ihre Inhalte hinzu \u2013 ohne Programmierkenntnisse. Speichern Sie den QR-Code und erhalten Sie den Installationscode des Plugins, der einfach in die OpenCart-Webseite eingebettet werden kann, ohne dass ein kostenpflichtiges Abonnement erworben werden muss. Mit dem intuitiven Editor kann jeder Webbenutzer online QR-Codes generieren und diese einfach in die OpenCart-Homepage einbetten. Sie m\u00fcssen kein kostenpflichtiges Abonnement abschlie\u00dfen oder Ihre Kartendaten eingeben, um den Dienst nutzen zu k\u00f6nnen. Wenn Sie auf Probleme jeglicher Art sto\u00dfen, wenden Sie sich bitte an unsere Support-Mitarbeiter.<\/p> <\/div>\r\n\t\t\t\t\t<\/div>\r\n\t\t\t\t<\/div> <\/div><\/div>\n","protected":false},"excerpt":{"rendered":"","protected":false},"author":9,"featured_media":0,"parent":2499,"menu_order":0,"comment_status":"closed","ping_status":"closed","template":"templates\/template-application-platform.php","meta":{"publish_to_discourse":"","publish_post_category":"","wpdc_auto_publish_overridden":"","wpdc_topic_tags":"","wpdc_pin_topic":"","wpdc_pin_until":"","discourse_post_id":"","discourse_permalink":"","wpdc_publishing_response":"","wpdc_publishing_error":"","footnotes":""},"class_list":["post-9876","page","type-page","status-publish","hentry"],"yoast_head":"<!-- This site is optimized with the Yoast SEO plugin v25.3.1 - https:\/\/yoast.com\/wordpress\/plugins\/seo\/ -->\n<title>QR-Code \u2013 QR-Code-Generator zu OpenCart hinzuf\u00fcgen (kostenlos und schnell)<\/title>\n<meta name=\"description\" content=\"Gestalten Sie ganz einfach Ihre einzigartige QR-Code-Erweiterung f\u00fcr die OpenCart-Webseite. Nutzen Sie einfach unsere praktische Demo und Ihre Erweiterung ist in weniger als zwei Minuten fertig.\" \/>\n<meta name=\"robots\" content=\"index, follow, max-snippet:-1, max-image-preview:large, max-video-preview:-1\" \/>\n<link rel=\"canonical\" href=\"https:\/\/elfsight.com\/de\/qr-code-widget\/opencart\/\" \/>\n<meta property=\"og:locale\" content=\"de_DE\" \/>\n<meta property=\"og:type\" content=\"article\" \/>\n<meta property=\"og:title\" content=\"QR-Code \u2013 QR-Code-Generator zu OpenCart hinzuf\u00fcgen (kostenlos und schnell)\" \/>\n<meta property=\"og:description\" content=\"Gestalten Sie ganz einfach Ihre einzigartige QR-Code-Erweiterung f\u00fcr die OpenCart-Webseite. Nutzen Sie einfach unsere praktische Demo und Ihre Erweiterung ist in weniger als zwei Minuten fertig.\" \/>\n<meta property=\"og:url\" content=\"https:\/\/elfsight.com\/de\/qr-code-widget\/opencart\/\" \/>\n<meta property=\"og:site_name\" content=\"Elfsight DE\" \/>\n<meta property=\"article:modified_time\" content=\"2025-02-24T10:17:36+00:00\" \/>\n<meta name=\"twitter:card\" content=\"summary_large_image\" \/>\n<meta name=\"twitter:label1\" content=\"Gesch\u00e4tzte Lesezeit\" \/>\n\t<meta name=\"twitter:data1\" content=\"3\u00a0Minuten\" \/>\n<!-- \/ Yoast SEO plugin. -->","yoast_head_json":{"title":"QR-Code \u2013 QR-Code-Generator zu OpenCart hinzuf\u00fcgen (kostenlos und schnell)","description":"Gestalten Sie ganz einfach Ihre einzigartige QR-Code-Erweiterung f\u00fcr die OpenCart-Webseite. Nutzen Sie einfach unsere praktische Demo und Ihre Erweiterung ist in weniger als zwei Minuten fertig.","robots":{"index":"index","follow":"follow","max-snippet":"max-snippet:-1","max-image-preview":"max-image-preview:large","max-video-preview":"max-video-preview:-1"},"canonical":"https:\/\/elfsight.com\/de\/qr-code-widget\/opencart\/","og_locale":"de_DE","og_type":"article","og_title":"QR-Code \u2013 QR-Code-Generator zu OpenCart hinzuf\u00fcgen (kostenlos und schnell)","og_description":"Gestalten Sie ganz einfach Ihre einzigartige QR-Code-Erweiterung f\u00fcr die OpenCart-Webseite. Nutzen Sie einfach unsere praktische Demo und Ihre Erweiterung ist in weniger als zwei Minuten fertig.","og_url":"https:\/\/elfsight.com\/de\/qr-code-widget\/opencart\/","og_site_name":"Elfsight DE","article_modified_time":"2025-02-24T10:17:36+00:00","twitter_card":"summary_large_image","twitter_misc":{"Gesch\u00e4tzte Lesezeit":"3\u00a0Minuten"},"schema":{"@context":"https:\/\/schema.org","@graph":[{"@type":"WebPage","@id":"https:\/\/elfsight.com\/de\/qr-code-widget\/opencart\/","url":"https:\/\/elfsight.com\/de\/qr-code-widget\/opencart\/","name":"QR-Code \u2013 QR-Code-Generator zu OpenCart hinzuf\u00fcgen (kostenlos und schnell)","isPartOf":{"@id":"https:\/\/elfsight.com\/de\/#website"},"datePublished":"1970-01-01T00:00:00+00:00","dateModified":"2025-02-24T10:17:36+00:00","description":"Gestalten Sie ganz einfach Ihre einzigartige QR-Code-Erweiterung f\u00fcr die OpenCart-Webseite. Nutzen Sie einfach unsere praktische Demo und Ihre Erweiterung ist in weniger als zwei Minuten fertig.","breadcrumb":{"@id":"https:\/\/elfsight.com\/de\/qr-code-widget\/opencart\/#breadcrumb"},"inLanguage":"de","potentialAction":[{"@type":"ReadAction","target":["https:\/\/elfsight.com\/de\/qr-code-widget\/opencart\/"]}]},{"@type":"BreadcrumbList","@id":"https:\/\/elfsight.com\/de\/qr-code-widget\/opencart\/#breadcrumb","itemListElement":[{"@type":"ListItem","position":1,"name":"Home","item":"https:\/\/elfsight.com\/de\/"},{"@type":"ListItem","position":2,"name":"QR Code","item":"https:\/\/elfsight.com\/de\/qr-code-widget\/"},{"@type":"ListItem","position":3,"name":"QR Code &#8211; OpenCart"}]},{"@type":"WebSite","@id":"https:\/\/elfsight.com\/de\/#website","url":"https:\/\/elfsight.com\/de\/","name":"Elfsight DE","description":"Just another Elfsight Sites site","potentialAction":[{"@type":"SearchAction","target":{"@type":"EntryPoint","urlTemplate":"https:\/\/elfsight.com\/de\/?s={search_term_string}"},"query-input":{"@type":"PropertyValueSpecification","valueRequired":true,"valueName":"search_term_string"}}],"inLanguage":"de"}]}},"meta_box":{"industry":"","seo_heading":"","heading":"","description":"","cta_heading":"","cta_description":"","application":"512","h1":"OpenCart QR-Code-Erweiterung","h1_caption":"Generieren und zeigen Sie m\u00fchelos einen QR-Code f\u00fcr den einfachen Zugriff auf URLs, WLAN, Visitenkarten und mehr auf Ihrer Opencart-Website an.","application_category":[],"applications_title":"","applications_request_title":"","applications_request_button_text":"","hero_text":"","hero_video":"","hero_video_schema_markup":"","selling_points_title":"","selling_points_caption":"","selling_points":[],"selling_points_cta_text":"","features_title":"","features":"","ed_cta_examples_text":"","ed_cta_examples_hidden":"","ed_cta_demo_text":"","ed_cta_demo_hidden":"","why_caption":"","why_editor_title":"","why_editor_text":"","why_team_title":"","why_team_text":"","why_service_title":"","why_service_text":"","template_catalog_visible":"0","template_catalog_title":"","template_catalog_text":"","template_catalog_categories_visible":"","demo_title":"Erstellen Sie Ihre QR-Code-Erweiterung","demo_caption":"Konfigurieren Sie Ihren QR-Code und f\u00fcgen Sie ihn kostenlos zu Ihrer OpenCart-Website hinzu!","default_faq_hidden":"","app_template_category":[],"platform":"254","template_public_id":"","codecanyon_url":"","codecanyon_item_id":"","codecanyon_price":"","pricing_caption":"","pricing_elfsight_apps_hide_column":"","pricing_elfsight_apps_url":"","pricing_codecanyon_price_caption":"","integration_category":[],"integration_request_title":"","integration_request_cta":"","integration_platform":"","integrations":[],"platform_category":[],"video_schema_markup":"","price":"ab 0 $ \/ Monat","trial":"","benefits":[{"text":"Kostenloser Installationsservice"},{"text":"Au\u00dfergew\u00f6hnlicher Support"},{"text":"14-t\u00e4gige Geld-zur\u00fcck-Garantie"},{"text":"Lebenslange Verbesserungen"}],"button_url":"#demo","button_target_blank":"0","button_nofollow":"0","attributes":[{"name":"Installiert","content":"10,000 - 100,000"},{"name":"Reaktionsfreudig","content":"Ja"},{"name":"Kompatible Browser","content":"Chrome, Edge, Firefox, Safari, Opera"}],"tags":[],"tags_disable_links":"0","hide_more_platforms":"0","video_object":"","demo_hide_cta":"0","demo_hide_cloud_options":"0","pricing_title":"","pricing":[{"pricing_icon":"platform","pricing_title":"Elfsight Apps","pricing_title_caption":"Plattform\u00fcbergreifende digitale L\u00f6sung","pricing_price":"ab 0 $ \/ Monat","pricing_price_caption":"Beginnen Sie mit einem kostenlosen Plan","pricing_benefits":[{"text":"Unbegrenzte Websites"},{"text":"Schneller und p\u00fcnktlicher Support"},{"text":"Kostenloser Installationsservice"},{"text":"100 % anpassbar"}],"pricing_button_text":"Zur Website hinzuf\u00fcgen","pricing_button_url":"#demo"}],"related_apps_title":"","related_apps_hidden":"0","author":"","image":[],"title":"","job":"","social_networks":[]},"_links":{"self":[{"href":"https:\/\/elfsight.com\/de\/wp-json\/wp\/v2\/pages\/9876","targetHints":{"allow":["GET"]}}],"collection":[{"href":"https:\/\/elfsight.com\/de\/wp-json\/wp\/v2\/pages"}],"about":[{"href":"https:\/\/elfsight.com\/de\/wp-json\/wp\/v2\/types\/page"}],"author":[{"embeddable":true,"href":"https:\/\/elfsight.com\/de\/wp-json\/wp\/v2\/users\/9"}],"replies":[{"embeddable":true,"href":"https:\/\/elfsight.com\/de\/wp-json\/wp\/v2\/comments?post=9876"}],"version-history":[{"count":2,"href":"https:\/\/elfsight.com\/de\/wp-json\/wp\/v2\/pages\/9876\/revisions"}],"predecessor-version":[{"id":24793,"href":"https:\/\/elfsight.com\/de\/wp-json\/wp\/v2\/pages\/9876\/revisions\/24793"}],"up":[{"embeddable":true,"href":"https:\/\/elfsight.com\/de\/wp-json\/wp\/v2\/pages\/2499"}],"wp:attachment":[{"href":"https:\/\/elfsight.com\/de\/wp-json\/wp\/v2\/media?parent=9876"}],"curies":[{"name":"wp","href":"https:\/\/api.w.org\/{rel}","templated":true}]}}