{"id":9875,"date":"1970-01-01T00:00:00","date_gmt":"1970-01-01T00:00:00","guid":{"rendered":"https:\/\/elfsight.com\/de\/?page_id=9875"},"modified":"2025-07-09T14:19:53","modified_gmt":"2025-07-09T14:19:53","slug":"shopify","status":"publish","type":"page","link":"https:\/\/elfsight.com\/de\/qr-code-widget\/shopify\/","title":{"rendered":"QR Code &#8211; Shopify"},"content":{"rendered":"<div class=\"application-platform-content-item-description application-platform-content-item\" id=\"description\" data-nav-section=\"description\"> <h2>QR-Code auf Shopify mit dem Elfsight-Widget einbetten<\/h2> <p>Die Elfsight QR-Code-App ist eine bemerkenswerte Option f\u00fcr Shopify, die Sie sofort nutzen k\u00f6nnen Leiten Sie Ihre Besucher auf eine beliebige Website um, teilen Sie einen Link, einen Standort, eine E-Mail, eine Datei und mehr. Das Widget ist \u00e4u\u00dferst anpassbar: Sie k\u00f6nnen einen Titel und eine aussagekr\u00e4ftige Beschriftung hinzuf\u00fcgen, das Symbol und das Logo ausw\u00e4hlen \u2013 aus unserer Bibliothek oder ein eigenes verwenden, den Text, den Hintergrund und den Rahmen neu zeichnen und die Gr\u00f6\u00dfe des Widgets nach Bedarf \u00e4ndern. Alles, was Sie tun m\u00fcssen, ist mit der Erstellung Ihrer personalisierten Funktion zu beginnen \u2013 die Installation ist ein Kinderspiel und erfordert keine Programmierkenntnisse.<\/p> <p><b>F\u00fcgen Sie den Elfsight QR-Code-Generator in Ihre Shopify-Website ein und bringen Sie Benutzer direkt dorthin, wo Sie sind m\u00f6chten, dass dies der Fall ist, und optimieren Sie die Inhaltsnutzung<\/b><\/p> <\/div> <div class=\"application-platform-content-item-features application-platform-content-item\" id=\"features\" data-nav-section=\"features\"> <h2>Das Widget bietet leistungsstarke und schnelle Funktionen, sehen Sie sich einige davon an:<\/h2> <ul><li>Sofortiger Zugriff auf von Ihnen hochgeladene Inhalte<\/li><li>F\u00fcgen Sie beliebigen Text hinzu<\/li><li>8 umschaltbare Logos<\/li><li>F\u00fcnfzehn austauschbare Symbole verf\u00fcgbar<\/li><li>Alle Teile neu lackieren<\/li><\/ul><p><a href=\"#demo\">Sie k\u00f6nnen die volle Funktionalit\u00e4t des Widgets in der Demo unten testen<\/a><\/p> <\/div> <div class=\"application-platform-content-item-installation application-platform-content-item\" id=\"installation\" data-nav-section=\"installation\"> <h2>Wie f\u00fcge ich einen QR-Code auf meiner Shopify-Website hinzu?<\/h2> <p>Befolgen Sie einfach die unten aufgef\u00fchrten Schritte, um die App zu aktivieren.<\/p> <ol><li><b>\u00d6ffnen Sie unseren kostenlosen Editor und beginnen Sie mit der Erstellung Ihrer ma\u00dfgeschneiderten App.<\/b><br> Geben Sie die bevorzugte Form und Spezifikationen des Widgets an und speichern Sie alle \u00c4nderungen.<\/li> <li><b> Erhalten Sie den pers\u00f6nlichen Code, der im speziellen Formular auf Elfsight Apps angezeigt wird.<\/b><br> Wenn die Konfiguration Ihres pers\u00f6nlichen Widgets abgeschlossen ist, kopieren Sie Ihren Code im erscheinenden Popup und speichern Sie ihn f\u00fcr zuk\u00fcnftige Gelegenheiten.<\/li> <li><b>Geben Sie an, die App auf Ihrer Shopify-Website zu verwenden.<\/b><br> F\u00fcgen Sie den k\u00fcrzlich kopierten Code in Ihre Website ein und \u00fcbernehmen Sie die \u00c4nderungen. <\/li> <li><b>Fertig! Die Einbettung ist vollst\u00e4ndig abgeschlossen.<\/b><br> \u00d6ffnen Sie Ihre Website, um einen Blick auf die Funktionsweise der App zu werfen.<\/li><\/ol><p>Unter der Bedingung, dass Sie mit Anfragen konfrontiert werden oder auf Schwierigkeiten sto\u00dfen, tun Sie dies nicht Scheuen Sie sich nicht, unserem Kundenservice zu schreiben. Unsere Berater l\u00f6sen gerne alle Probleme, die Sie m\u00f6glicherweise mit dem Widget haben.<\/p> <div class=\"faq\" data-component=\"FAQ\"><div class=\"faq-item\">\r\n\t\t\t\t\t<div class=\"faq-item-question\">\r\n\t\t\t\t\t\t<h3 class=\"faq-item-question-text\">Wie kann ich QR-Code in mein Shopify einbetten, ohne Programmiererfahrung zu haben?<\/h3>\r\n\r\n\t\t\t\t\t\t<div class=\"faq-item-question-icon\"><\/div>\r\n\t\t\t\t\t<\/div>\r\n\r\n\t\t\t\t\t<div class=\"faq-item-answer\">\r\n\t\t\t\t\t\t<div class=\"faq-item-answer-text\"> <p>Das Unternehmen Elfsight liefert Entdecken Sie, wie unkompliziert der Prozess ist: Gehen Sie zur Online-Demo, um einen QR-Code-Bereich zu generieren, der in Ihrem Shopify angezeigt werden soll. W\u00e4hlen Sie eine der vielen vorgefertigten Vorlagen aus und passen Sie die QR-Code-Einstellungen an, f\u00fcgen Sie Ihre Inhalte hinzu, \u00e4ndern Sie das Layout und die Farbe der Elemente, ohne Programmierkenntnisse zu haben. Speichern Sie die Einstellungen, die Sie f\u00fcr den QR-Code vorgenommen haben, und erhalten Sie den Code zur Installation, der problemlos auf jeder Shopify-Webseite hinzugef\u00fcgt werden kann, ohne dass Sie eine kostenpflichtige Version kaufen m\u00fcssen. Mit unserem intuitiven Konfigurator kann jeder Webbenutzer einen QR-Code erstellen und ihn auf der Shopify-Website einf\u00fcgen. F\u00fcr den Zugang zum Elfsight Editor ist es nicht erforderlich, zu bezahlen oder Ihre Kartendaten preiszugeben. Sollten bei irgendeinem Schritt Probleme auftreten, wenden Sie sich bitte an unseren technischen Kundensupport.<\/p> <\/div>\r\n\t\t\t\t\t<\/div>\r\n\t\t\t\t<\/div> <\/div><\/div>","protected":false},"excerpt":{"rendered":"","protected":false},"author":9,"featured_media":0,"parent":2499,"menu_order":0,"comment_status":"closed","ping_status":"closed","template":"templates\/template-application-platform.php","meta":{"publish_to_discourse":"","publish_post_category":"","wpdc_auto_publish_overridden":"","wpdc_topic_tags":"","wpdc_pin_topic":"","wpdc_pin_until":"","discourse_post_id":"","discourse_permalink":"","wpdc_publishing_response":"","wpdc_publishing_error":"","footnotes":""},"class_list":["post-9875","page","type-page","status-publish","hentry"],"yoast_head":"<!-- This site is optimized with the Yoast SEO plugin v25.3.1 - https:\/\/yoast.com\/wordpress\/plugins\/seo\/ -->\n<title>QR-Code \u2013 QR-Code-Generator zu Shopify hinzuf\u00fcgen (kostenlos und schnell)<\/title>\n<meta name=\"description\" content=\"Erstellen Sie ganz einfach Ihren einzigartigen QR-Code-Generator f\u00fcr die Shopify-Webseite. Nutzen Sie einfach unsere Demo und Ihr Tool ist in weniger als einer Minute erstellt.\" \/>\n<meta name=\"robots\" content=\"index, follow, max-snippet:-1, max-image-preview:large, max-video-preview:-1\" \/>\n<link rel=\"canonical\" href=\"https:\/\/elfsight.com\/de\/qr-code-widget\/shopify\/\" \/>\n<meta property=\"og:locale\" content=\"de_DE\" \/>\n<meta property=\"og:type\" content=\"article\" \/>\n<meta property=\"og:title\" content=\"QR-Code \u2013 QR-Code-Generator zu Shopify hinzuf\u00fcgen (kostenlos und schnell)\" \/>\n<meta property=\"og:description\" content=\"Erstellen Sie ganz einfach Ihren einzigartigen QR-Code-Generator f\u00fcr die Shopify-Webseite. Nutzen Sie einfach unsere Demo und Ihr Tool ist in weniger als einer Minute erstellt.\" \/>\n<meta property=\"og:url\" content=\"https:\/\/elfsight.com\/de\/qr-code-widget\/shopify\/\" \/>\n<meta property=\"og:site_name\" content=\"Elfsight DE\" \/>\n<meta property=\"article:modified_time\" content=\"2025-07-09T14:19:53+00:00\" \/>\n<meta name=\"twitter:card\" content=\"summary_large_image\" \/>\n<meta name=\"twitter:label1\" content=\"Gesch\u00e4tzte Lesezeit\" \/>\n\t<meta name=\"twitter:data1\" content=\"3\u00a0Minuten\" \/>\n<!-- \/ Yoast SEO plugin. -->","yoast_head_json":{"title":"QR-Code \u2013 QR-Code-Generator zu Shopify hinzuf\u00fcgen (kostenlos und schnell)","description":"Erstellen Sie ganz einfach Ihren einzigartigen QR-Code-Generator f\u00fcr die Shopify-Webseite. Nutzen Sie einfach unsere Demo und Ihr Tool ist in weniger als einer Minute erstellt.","robots":{"index":"index","follow":"follow","max-snippet":"max-snippet:-1","max-image-preview":"max-image-preview:large","max-video-preview":"max-video-preview:-1"},"canonical":"https:\/\/elfsight.com\/de\/qr-code-widget\/shopify\/","og_locale":"de_DE","og_type":"article","og_title":"QR-Code \u2013 QR-Code-Generator zu Shopify hinzuf\u00fcgen (kostenlos und schnell)","og_description":"Erstellen Sie ganz einfach Ihren einzigartigen QR-Code-Generator f\u00fcr die Shopify-Webseite. Nutzen Sie einfach unsere Demo und Ihr Tool ist in weniger als einer Minute erstellt.","og_url":"https:\/\/elfsight.com\/de\/qr-code-widget\/shopify\/","og_site_name":"Elfsight DE","article_modified_time":"2025-07-09T14:19:53+00:00","twitter_card":"summary_large_image","twitter_misc":{"Gesch\u00e4tzte Lesezeit":"3\u00a0Minuten"},"schema":{"@context":"https:\/\/schema.org","@graph":[{"@type":"WebPage","@id":"https:\/\/elfsight.com\/de\/qr-code-widget\/shopify\/","url":"https:\/\/elfsight.com\/de\/qr-code-widget\/shopify\/","name":"QR-Code \u2013 QR-Code-Generator zu Shopify hinzuf\u00fcgen (kostenlos und schnell)","isPartOf":{"@id":"https:\/\/elfsight.com\/de\/#website"},"datePublished":"1970-01-01T00:00:00+00:00","dateModified":"2025-07-09T14:19:53+00:00","description":"Erstellen Sie ganz einfach Ihren einzigartigen QR-Code-Generator f\u00fcr die Shopify-Webseite. Nutzen Sie einfach unsere Demo und Ihr Tool ist in weniger als einer Minute erstellt.","breadcrumb":{"@id":"https:\/\/elfsight.com\/de\/qr-code-widget\/shopify\/#breadcrumb"},"inLanguage":"de","potentialAction":[{"@type":"ReadAction","target":["https:\/\/elfsight.com\/de\/qr-code-widget\/shopify\/"]}]},{"@type":"BreadcrumbList","@id":"https:\/\/elfsight.com\/de\/qr-code-widget\/shopify\/#breadcrumb","itemListElement":[{"@type":"ListItem","position":1,"name":"Home","item":"https:\/\/elfsight.com\/de\/"},{"@type":"ListItem","position":2,"name":"QR Code","item":"https:\/\/elfsight.com\/de\/qr-code-widget\/"},{"@type":"ListItem","position":3,"name":"QR Code &#8211; Shopify"}]},{"@type":"WebSite","@id":"https:\/\/elfsight.com\/de\/#website","url":"https:\/\/elfsight.com\/de\/","name":"Elfsight DE","description":"Just another Elfsight Sites site","potentialAction":[{"@type":"SearchAction","target":{"@type":"EntryPoint","urlTemplate":"https:\/\/elfsight.com\/de\/?s={search_term_string}"},"query-input":{"@type":"PropertyValueSpecification","valueRequired":true,"valueName":"search_term_string"}}],"inLanguage":"de"}]}},"meta_box":{"industry":"","seo_heading":"","heading":"","description":"","cta_heading":"","cta_description":"","application":"512","h1":"Shopify QR-Code-Generator","h1_caption":"Generieren und zeigen Sie m\u00fchelos einen QR-Code f\u00fcr den einfachen Zugriff auf URLs, WLAN, Visitenkarten und mehr auf Ihrer Shopify-Website an.","application_category":[],"applications_title":"","applications_request_title":"","applications_request_button_text":"","hero_text":"","hero_video":"","hero_video_schema_markup":"","selling_points_title":"","selling_points_caption":"","selling_points":[],"selling_points_cta_text":"","features_title":"","features":"","ed_cta_examples_text":"","ed_cta_examples_hidden":"","ed_cta_demo_text":"","ed_cta_demo_hidden":"","why_caption":"","why_editor_title":"","why_editor_text":"","why_team_title":"","why_team_text":"","why_service_title":"","why_service_text":"","template_catalog_visible":"","template_catalog_title":"","template_catalog_text":"","template_catalog_categories_visible":"","demo_title":"Erstellen Sie Ihre QR-Code-App","demo_caption":"Konfigurieren Sie Ihren QR-Code und f\u00fcgen Sie ihn kostenlos zu Ihrer Shopify-Website hinzu!","default_faq_hidden":"","app_template_category":[],"platform":"253","template_public_id":"","codecanyon_url":"","codecanyon_item_id":"","codecanyon_price":"","pricing_caption":"","pricing_elfsight_apps_hide_column":"","pricing_elfsight_apps_url":"","pricing_codecanyon_price_caption":"","integration_category":[],"integration_request_title":"","integration_request_cta":"","integration_platform":"","integrations":[],"platform_category":[],"video_schema_markup":"","price":"ab 0 $ \/ Monat","trial":"","benefits":[{"text":"Kostenloser Installationsservice"},{"text":"Premium-Support"},{"text":"14-t\u00e4gige Geld-zur\u00fcck-Garantie"},{"text":"Kontinuierliche kostenlose Updates"}],"button_url":"#demo","button_target_blank":"","button_nofollow":"","attributes":[{"name":"Installiert","content":"10,000 - 100,000"},{"name":"Reaktionsfreudig","content":"Ja"},{"name":"Kompatible Browser","content":"Firefox, Safari, Opera, Chrome, Edge"}],"tags":[],"tags_disable_links":"","hide_more_platforms":"","video_object":"","demo_hide_cta":"","demo_hide_cloud_options":"","pricing_title":"","pricing":[{"pricing_icon":"platform","pricing_title":"Elfsight Apps","pricing_title_caption":"Plattform\u00fcbergreifende Version, die auf jeder Website funktioniert","pricing_price":"ab 0 $ \/ Monat","pricing_price_caption":"Beginnen Sie mit einem kostenlosen Plan","pricing_benefits":[{"text":"Unbegrenzte Websites"},{"text":"Premium-Support"},{"text":"Kostenloser Installationsservice"},{"text":"Sonderangebot f\u00fcr mehrere Apps"}],"pricing_button_text":"Zur Website hinzuf\u00fcgen","pricing_button_url":"#demo"}],"related_apps_title":"","related_apps_hidden":"","author":"","image":[],"title":"","job":"","social_networks":[]},"_links":{"self":[{"href":"https:\/\/elfsight.com\/de\/wp-json\/wp\/v2\/pages\/9875","targetHints":{"allow":["GET"]}}],"collection":[{"href":"https:\/\/elfsight.com\/de\/wp-json\/wp\/v2\/pages"}],"about":[{"href":"https:\/\/elfsight.com\/de\/wp-json\/wp\/v2\/types\/page"}],"author":[{"embeddable":true,"href":"https:\/\/elfsight.com\/de\/wp-json\/wp\/v2\/users\/9"}],"replies":[{"embeddable":true,"href":"https:\/\/elfsight.com\/de\/wp-json\/wp\/v2\/comments?post=9875"}],"version-history":[{"count":1,"href":"https:\/\/elfsight.com\/de\/wp-json\/wp\/v2\/pages\/9875\/revisions"}],"predecessor-version":[{"id":9879,"href":"https:\/\/elfsight.com\/de\/wp-json\/wp\/v2\/pages\/9875\/revisions\/9879"}],"up":[{"embeddable":true,"href":"https:\/\/elfsight.com\/de\/wp-json\/wp\/v2\/pages\/2499"}],"wp:attachment":[{"href":"https:\/\/elfsight.com\/de\/wp-json\/wp\/v2\/media?parent=9875"}],"curies":[{"name":"wp","href":"https:\/\/api.w.org\/{rel}","templated":true}]}}