{"id":9874,"date":"1970-01-01T00:00:00","date_gmt":"1970-01-01T00:00:00","guid":{"rendered":"https:\/\/elfsight.com\/de\/?page_id=9874"},"modified":"2025-07-09T14:19:58","modified_gmt":"2025-07-09T14:19:58","slug":"squarespace","status":"publish","type":"page","link":"https:\/\/elfsight.com\/de\/qr-code-widget\/squarespace\/","title":{"rendered":"QR Code &#8211; Squarespace"},"content":{"rendered":"<div class=\"application-platform-content-item-description application-platform-content-item\" id=\"description\" data-nav-section=\"description\"> <h2>QR-Code in Squarespace mit dem Elfsight-Widget einbetten<\/h2> <p>Elfsight QR Code ist ein leistungsstarkes Plugin f\u00fcr Squarespace, mit dem Sie sofort weiterleiten k\u00f6nnen Benutzer auf eine beliebige Website verweisen, einen Link, Ihren Standort, Ihre E-Mail-Adresse, eine Datei und vieles mehr teilen. Das Plugin ist \u00e4u\u00dferst anpassbar: Sie k\u00f6nnen einen Titel und eine Bildunterschrift anh\u00e4ngen, das Symbol und den Logotyp ausw\u00e4hlen \u2013 aus unserer Bibliothek oder Ihr eigenes hochladen, den Text, den Hintergrund und den Rahmen neu zeichnen und die Gr\u00f6\u00dfe des Widgets so \u00e4ndern, wie es zu Ihrer Website passt. Alles, was Sie tun m\u00fcssen, ist mit der Gestaltung Ihres personalisierten Tools zu beginnen \u2013 die Installation ist unkompliziert und erfordert keine Programmierkenntnisse von Ihnen. <\/p> <p><b>Integrieren Sie den QR-Code-Generator in Ihre Squarespace-Website und bringen Sie Besucher direkt dorthin, wo Sie sie haben m\u00f6chten, und optimieren Sie den Inhaltskonsum<\/b><\/p> <\/div> <div class=\"application-platform-content-item-features application-platform-content-item\" id=\"features\" data-nav-section=\"features\"> <h2>Sehen Sie sich die Liste der besten Funktionen an: <\/h2> <ul><li>Sofortiger Zugriff auf Ihre Inhalte<\/li><li>F\u00fcgen Sie beliebigen Text hinzu<\/li><li>8 umschaltbare Logos <\/li><li>15 umschaltbare Symbole verf\u00fcgbar<\/li><li>Alle Teile des Widgets neu einf\u00e4rben<\/li><\/ul><p><a href=\"#demo\">Probieren Sie alle Personalisierungsfunktionen vollst\u00e4ndig aus -demo mit Funktionen<\/a><\/p> <\/div> <div class=\"application-platform-content-item-installation application-platform-content-item\" id=\"installation\" data-nav-section=\"installation\"> <h2>Wie f\u00fcge ich QR-Code zu meiner Squarespace-Website hinzu?<\/h2> <p>Wenden Sie zur Integration einfach die folgenden Anweisungen an das Plugin.<\/p> <ol><li><b>\u00d6ffnen Sie unsere kostenlose Demo und beginnen Sie mit der Gestaltung Ihres benutzerdefinierten Plugins.<\/b><br> Geben Sie das bevorzugte Design und die Funktionen des Widgets an und speichern Sie die Korrekturen.<\/li> <li><b>Erhalten Sie den individuellen Code, der in der Box auf Elfsight Apps angezeigt wird. <\/b><br> Nachdem die Konfiguration Ihres Widgets abgeschlossen ist, kopieren Sie den pers\u00f6nlichen Code in das angezeigte Feld und bewahren Sie ihn f\u00fcr die zuk\u00fcnftige Verwendung auf.<\/li> <li><b>Initiieren Sie die Anwendung des Plugins auf der Squarespace-Website. <\/b><br> Geben Sie den Code, den Sie zuvor gespeichert haben, in Ihre Homepage ein und \u00fcbernehmen Sie die Korrekturen.<\/li> <li><b>Fertig! Die Integration ist vollst\u00e4ndig abgeschlossen.<\/b><br> Besuchen Sie Ihre Website, um die Leistung des Plugins zu \u00fcberpr\u00fcfen.<\/li><\/ol> <p>Wenn Sie Anfragen bearbeiten oder auf Schwierigkeiten sto\u00dfen, bewerben Sie sich bitte unser Kundenservice-Team. Unsere Berater l\u00f6sen gerne alle Probleme, die Sie m\u00f6glicherweise mit dem Plugin haben.<\/p> <div class=\"faq\" data-component=\"FAQ\"><div class=\"faq-item\">\r\n\t\t\t\t\t<div class=\"faq-item-question\">\r\n\t\t\t\t\t\t<h3 class=\"faq-item-question-text\">Gibt es eine M\u00f6glichkeit, QR-Code ohne Programmierkenntnisse in meine Squarespace-Website einzubetten?<\/h3>\r\n\r\n\t\t\t\t\t\t<div class=\"faq-item-question-icon\"><\/div>\r\n\t\t\t\t\t<\/div>\r\n\r\n\t\t\t\t\t<div class=\"faq-item-answer\">\r\n\t\t\t\t\t\t<div class=\"faq-item-answer-text\"> <p> Elfsight stellt eine L\u00f6sung vor, mit der Benutzer selbst eine QR-Code-App erstellen k\u00f6nnen. Finden Sie heraus, wie einfach der Vorgang ist: Gehen Sie zum Live-Editor, um einen QR-Code-Abschnitt zu erstellen, den Sie auf Ihrer Squarespace-Webseite einbetten m\u00f6chten. W\u00e4hlen Sie eine der vorgefertigten Vorlagen aus und \u00e4ndern Sie die QR-Code-Einstellungen, \u00e4ndern Sie das Layout und die Farbe der Elemente und f\u00fcgen Sie Ihre Inhalte hinzu \u2013 ganz ohne Codierung. Speichern Sie den QR-Code und erhalten Sie den Installationscode, der im Rahmen eines kostenlosen Plans problemlos in die Squarespace-Website eingebettet werden kann. Mit unserem unkomplizierten Editor kann jeder Internetnutzer einen QR-Code erstellen und ihn ganz einfach in jede Squarespace-Site einbetten. Sie m\u00fcssen kein kostenpflichtiges Abonnement abschlie\u00dfen oder Ihre Kartendaten angeben, um auf den Elfsight-Dienst zuzugreifen. Wenn Sie auf Probleme jeglicher Art sto\u00dfen, z\u00f6gern Sie nicht, sich an unser technisches Support-Team zu wenden.<\/p> <\/div>\r\n\t\t\t\t\t<\/div>\r\n\t\t\t\t<\/div> <\/div><\/div>","protected":false},"excerpt":{"rendered":"","protected":false},"author":9,"featured_media":0,"parent":2499,"menu_order":0,"comment_status":"closed","ping_status":"closed","template":"templates\/template-application-platform.php","meta":{"publish_to_discourse":"","publish_post_category":"","wpdc_auto_publish_overridden":"","wpdc_topic_tags":"","wpdc_pin_topic":"","wpdc_pin_until":"","discourse_post_id":"","discourse_permalink":"","wpdc_publishing_response":"","wpdc_publishing_error":"","footnotes":""},"class_list":["post-9874","page","type-page","status-publish","hentry"],"yoast_head":"<!-- This site is optimized with the Yoast SEO plugin v25.3.1 - https:\/\/yoast.com\/wordpress\/plugins\/seo\/ -->\n<title>QR-Code-Generator \u2013 QR-Code-Plugin zu Squarespace hinzuf\u00fcgen [2026]<\/title>\n<meta name=\"description\" content=\"Erstellen Sie schnell Ihren benutzerdefinierten QR-Code-Generator f\u00fcr die Squarespace-Website. Wenden Sie einfach unsere Demo an und Ihr Plugin wird in weniger als zwei Minuten erstellt.\" \/>\n<meta name=\"robots\" content=\"index, follow, max-snippet:-1, max-image-preview:large, max-video-preview:-1\" \/>\n<link rel=\"canonical\" href=\"https:\/\/elfsight.com\/de\/qr-code-widget\/squarespace\/\" \/>\n<meta property=\"og:locale\" content=\"de_DE\" \/>\n<meta property=\"og:type\" content=\"article\" \/>\n<meta property=\"og:title\" content=\"QR-Code-Generator \u2013 QR-Code-Plugin zu Squarespace hinzuf\u00fcgen [2026]\" \/>\n<meta property=\"og:description\" content=\"Erstellen Sie schnell Ihren benutzerdefinierten QR-Code-Generator f\u00fcr die Squarespace-Website. Wenden Sie einfach unsere Demo an und Ihr Plugin wird in weniger als zwei Minuten erstellt.\" \/>\n<meta property=\"og:url\" content=\"https:\/\/elfsight.com\/de\/qr-code-widget\/squarespace\/\" \/>\n<meta property=\"og:site_name\" content=\"Elfsight DE\" \/>\n<meta property=\"article:modified_time\" content=\"2025-07-09T14:19:58+00:00\" \/>\n<meta name=\"twitter:card\" content=\"summary_large_image\" \/>\n<meta name=\"twitter:label1\" content=\"Gesch\u00e4tzte Lesezeit\" \/>\n\t<meta name=\"twitter:data1\" content=\"3\u00a0Minuten\" \/>\n<!-- \/ Yoast SEO plugin. -->","yoast_head_json":{"title":"QR-Code-Generator \u2013 QR-Code-Plugin zu Squarespace hinzuf\u00fcgen [2026]","description":"Erstellen Sie schnell Ihren benutzerdefinierten QR-Code-Generator f\u00fcr die Squarespace-Website. Wenden Sie einfach unsere Demo an und Ihr Plugin wird in weniger als zwei Minuten erstellt.","robots":{"index":"index","follow":"follow","max-snippet":"max-snippet:-1","max-image-preview":"max-image-preview:large","max-video-preview":"max-video-preview:-1"},"canonical":"https:\/\/elfsight.com\/de\/qr-code-widget\/squarespace\/","og_locale":"de_DE","og_type":"article","og_title":"QR-Code-Generator \u2013 QR-Code-Plugin zu Squarespace hinzuf\u00fcgen [2026]","og_description":"Erstellen Sie schnell Ihren benutzerdefinierten QR-Code-Generator f\u00fcr die Squarespace-Website. Wenden Sie einfach unsere Demo an und Ihr Plugin wird in weniger als zwei Minuten erstellt.","og_url":"https:\/\/elfsight.com\/de\/qr-code-widget\/squarespace\/","og_site_name":"Elfsight DE","article_modified_time":"2025-07-09T14:19:58+00:00","twitter_card":"summary_large_image","twitter_misc":{"Gesch\u00e4tzte Lesezeit":"3\u00a0Minuten"},"schema":{"@context":"https:\/\/schema.org","@graph":[{"@type":"WebPage","@id":"https:\/\/elfsight.com\/de\/qr-code-widget\/squarespace\/","url":"https:\/\/elfsight.com\/de\/qr-code-widget\/squarespace\/","name":"QR-Code-Generator \u2013 QR-Code-Plugin zu Squarespace hinzuf\u00fcgen [2026]","isPartOf":{"@id":"https:\/\/elfsight.com\/de\/#website"},"datePublished":"1970-01-01T00:00:00+00:00","dateModified":"2025-07-09T14:19:58+00:00","description":"Erstellen Sie schnell Ihren benutzerdefinierten QR-Code-Generator f\u00fcr die Squarespace-Website. Wenden Sie einfach unsere Demo an und Ihr Plugin wird in weniger als zwei Minuten erstellt.","breadcrumb":{"@id":"https:\/\/elfsight.com\/de\/qr-code-widget\/squarespace\/#breadcrumb"},"inLanguage":"de","potentialAction":[{"@type":"ReadAction","target":["https:\/\/elfsight.com\/de\/qr-code-widget\/squarespace\/"]}]},{"@type":"BreadcrumbList","@id":"https:\/\/elfsight.com\/de\/qr-code-widget\/squarespace\/#breadcrumb","itemListElement":[{"@type":"ListItem","position":1,"name":"Home","item":"https:\/\/elfsight.com\/de\/"},{"@type":"ListItem","position":2,"name":"QR Code","item":"https:\/\/elfsight.com\/de\/qr-code-widget\/"},{"@type":"ListItem","position":3,"name":"QR Code &#8211; Squarespace"}]},{"@type":"WebSite","@id":"https:\/\/elfsight.com\/de\/#website","url":"https:\/\/elfsight.com\/de\/","name":"Elfsight DE","description":"Just another Elfsight Sites site","potentialAction":[{"@type":"SearchAction","target":{"@type":"EntryPoint","urlTemplate":"https:\/\/elfsight.com\/de\/?s={search_term_string}"},"query-input":{"@type":"PropertyValueSpecification","valueRequired":true,"valueName":"search_term_string"}}],"inLanguage":"de"}]}},"meta_box":{"industry":"","seo_heading":"","heading":"","description":"","cta_heading":"","cta_description":"","application":"512","h1":"Squarespace QR-Code-Generator","h1_caption":"Generieren und zeigen Sie m\u00fchelos einen QR-Code f\u00fcr den einfachen Zugriff auf URLs, WLAN, Visitenkarten und mehr auf Ihrer Squarespace-Website an.","application_category":[],"applications_title":"","applications_request_title":"","applications_request_button_text":"","hero_text":"","hero_video":"","hero_video_schema_markup":"","selling_points_title":"","selling_points_caption":"","selling_points":[],"selling_points_cta_text":"","features_title":"","features":"","ed_cta_examples_text":"","ed_cta_examples_hidden":"","ed_cta_demo_text":"","ed_cta_demo_hidden":"","why_caption":"","why_editor_title":"","why_editor_text":"","why_team_title":"","why_team_text":"","why_service_title":"","why_service_text":"","template_catalog_visible":"","template_catalog_title":"","template_catalog_text":"","template_catalog_categories_visible":"","demo_title":"Erstellen Sie Ihr QR-Code-Plugin","demo_caption":"Konfigurieren Sie Ihren QR-Code und f\u00fcgen Sie ihn kostenlos zu Ihrer Squarespace-Website hinzu!","default_faq_hidden":"","app_template_category":[],"platform":"252","template_public_id":"","codecanyon_url":"","codecanyon_item_id":"","codecanyon_price":"","pricing_caption":"","pricing_elfsight_apps_hide_column":"","pricing_elfsight_apps_url":"","pricing_codecanyon_price_caption":"","integration_category":[],"integration_request_title":"","integration_request_cta":"","integration_platform":"","integrations":[],"platform_category":[],"video_schema_markup":"","price":"ab 0 $ \/ Monat","trial":"","benefits":[{"text":"Kostenlose Installationshilfe"},{"text":"Premium-Support"},{"text":"14-t\u00e4gige R\u00fcckerstattungsgarantie"},{"text":"Zuk\u00fcnftige kostenlose Updates"}],"button_url":"#demo","button_target_blank":"","button_nofollow":"","attributes":[{"name":"Installiert","content":"10,000 - 100,000"},{"name":"Reaktionsfreudig","content":"Ja"},{"name":"Kompatible Browser","content":"Firefox, Safari, Opera, Chrome, Edge"}],"tags":[],"tags_disable_links":"","hide_more_platforms":"","video_object":"","demo_hide_cta":"","demo_hide_cloud_options":"","pricing_title":"","pricing":[{"pricing_icon":"platform","pricing_title":"Elfsight Apps","pricing_title_caption":"Plattform\u00fcbergreifende Version, die auf jeder Site funktioniert","pricing_price":"ab 0 $ \/ Monat","pricing_price_caption":"Beginnen Sie mit einem kostenlosen Plan","pricing_benefits":[{"text":"Unbegrenzte Domains"},{"text":"Kostenloser Unternehmenssupport"},{"text":"Kostenloser Installationssupport"},{"text":"Flexibles Design"}],"pricing_button_text":"Zur Website hinzuf\u00fcgen","pricing_button_url":"#demo"}],"related_apps_title":"","related_apps_hidden":"","author":"","image":[],"title":"","job":"","social_networks":[]},"_links":{"self":[{"href":"https:\/\/elfsight.com\/de\/wp-json\/wp\/v2\/pages\/9874","targetHints":{"allow":["GET"]}}],"collection":[{"href":"https:\/\/elfsight.com\/de\/wp-json\/wp\/v2\/pages"}],"about":[{"href":"https:\/\/elfsight.com\/de\/wp-json\/wp\/v2\/types\/page"}],"author":[{"embeddable":true,"href":"https:\/\/elfsight.com\/de\/wp-json\/wp\/v2\/users\/9"}],"replies":[{"embeddable":true,"href":"https:\/\/elfsight.com\/de\/wp-json\/wp\/v2\/comments?post=9874"}],"version-history":[{"count":1,"href":"https:\/\/elfsight.com\/de\/wp-json\/wp\/v2\/pages\/9874\/revisions"}],"predecessor-version":[{"id":9878,"href":"https:\/\/elfsight.com\/de\/wp-json\/wp\/v2\/pages\/9874\/revisions\/9878"}],"up":[{"embeddable":true,"href":"https:\/\/elfsight.com\/de\/wp-json\/wp\/v2\/pages\/2499"}],"wp:attachment":[{"href":"https:\/\/elfsight.com\/de\/wp-json\/wp\/v2\/media?parent=9874"}],"curies":[{"name":"wp","href":"https:\/\/api.w.org\/{rel}","templated":true}]}}