{"id":9873,"date":"1970-01-01T00:00:00","date_gmt":"1970-01-01T00:00:00","guid":{"rendered":"https:\/\/elfsight.com\/de\/?page_id=9873"},"modified":"2025-07-09T14:20:04","modified_gmt":"2025-07-09T14:20:04","slug":"webflow","status":"publish","type":"page","link":"https:\/\/elfsight.com\/de\/qr-code-widget\/webflow\/","title":{"rendered":"QR Code &#8211; Webflow"},"content":{"rendered":"<div class=\"application-platform-content-item-description application-platform-content-item\" id=\"description\" data-nav-section=\"description\"> <h2>QR-Code mit dem Elfsight-Widget in Webflow einbetten<\/h2> <p>Der QR-Code ist ein leistungsstarkes Tool f\u00fcr Webflow, mit dem Sie sofort weiterleiten k\u00f6nnen Benutzer auf jede beliebige Webseite verweisen, eine URL, einen Standort, eine E-Mail, eine beliebige Datei und mehr teilen. Das Widget ist bemerkenswert anpassbar: Sie k\u00f6nnen einen Titel und eine Beschriftung hinzuf\u00fcgen, das am besten passende Symbol und Logo aus unserer Bibliothek ausw\u00e4hlen oder Ihr eigenes hochladen, den Text, den Hintergrund und den Rahmen neu zeichnen und die Gr\u00f6\u00dfe so anpassen, wie es zu Ihrer Website passt. Jetzt m\u00fcssen Sie nur noch mit der Erstellung des Tools beginnen \u2013 die Installation ist unkompliziert und erfordert keine Programmierkenntnisse von Ihnen. <\/p> <p><b>F\u00fcgen Sie den Elfsight QR-Code-Generator in Ihre Website ein und bringen Sie Benutzer direkt dorthin, wo Sie sie haben m\u00f6chten, und vereinfachen Sie die Nutzung von Inhalten<\/b><\/p> <\/div> <div class=\"application-platform-content-item- Funktionen application-platform-content-item\" id=\" Funktionen\" data-nav-section=\" Funktionen\"> <h2>Wir bieten leistungsstarke und schnelle Funktionen, sehen Sie sich einige davon an: <\/h2> <ul><li>Sofortiger Zugriff auf die von Ihnen hochgeladenen Inhalte<\/li><li>Beliebigen Text anh\u00e4ngen<\/li> <li>8 umschaltbare Logos<\/li><li>15 umschaltbare Symbole verf\u00fcgbar<\/li><li>Alle Teile des Widgets neu einf\u00e4rben<\/li><\/ul><p><a href=\"#demo\">Sie Mithilfe der Demo k\u00f6nnen Sie pr\u00fcfen, welche Funktionen das Widget bietet.<\/a><\/p> <\/div> <div class=\"application-platform-content-item-installation application-platform-content-item\" id=\"installation\" data-nav-section=\"installation\"> <h2>Wie bette ich QR-Code auf meiner Webflow-Site ein? <\/h2> <p>Befolgen Sie einfach die nachstehenden Anweisungen, um das Widget zu aktivieren.<\/p> <ol><li><b>Nutzen Sie unseren kostenlosen Konfigurator und beginnen Sie mit der Erstellung Ihres einzigartigen Widgets. <\/b><br> Finden Sie das benutzerdefinierte Erscheinungsbild und die Funktionen des Widgets und speichern Sie die \u00c4nderungen. <\/li> <li><b>Lassen Sie Ihren individuellen Code im Fenster von Elfsight Apps offenlegen. <\/b><br> Sobald die Einrichtung Ihres Plugins abgeschlossen ist, kopieren Sie den einzelnen Code im erscheinenden Fenster und speichern Sie ihn f\u00fcr die zuk\u00fcnftige Verwendung. <\/li> <li><b>Erste Schritte mit der Verwendung des Tools auf der Webflow-Site. <\/b><br> Implementieren Sie den k\u00fcrzlich gespeicherten Code auf Ihrer Website und speichern Sie die \u00c4nderungen. <\/li> <li><b>Fertig! Das Setup ist vollst\u00e4ndig beendet. <\/b><br> Gehen Sie auf Ihre Seite, um in Aktion zu sehen, wie das Widget funktioniert. <\/li><\/ol> <p>Wenn Sie auf Anfragen sto\u00dfen oder auf Hindernisse sto\u00dfen, wenden Sie sich bitte an unsere Kundendienstmitarbeiter. Unsere Berater sind bestrebt, alle Fragen zu beantworten, die Sie m\u00f6glicherweise mit dem Tool haben. <\/p> <div class=\"faq\" data-component=\"FAQ\"><div class=\"faq-item\">\r\n\t\t\t\t\t<div class=\"faq-item-question\">\r\n\t\t\t\t\t\t<h3 class=\"faq-item-question-text\">Wie kann ich QR-Code zu meinem Webflow hinzuf\u00fcgen, ohne zu programmieren?<\/h3>\r\n\r\n\t\t\t\t\t\t<div class=\"faq-item-question-icon\"><\/div>\r\n\t\t\t\t\t<\/div>\r\n\r\n\t\t\t\t\t<div class=\"faq-item-answer\">\r\n\t\t\t\t\t\t<div class=\"faq-item-answer-text\"> <p>Das Unternehmen Elfsight bietet eine Cloud-L\u00f6sung an, die es Websitebesitzern erm\u00f6glicht, selbst ein QR-Code-Plugin zu erstellen. Entdecken Sie es Die einfachen Schritte: Beginnen Sie direkt im Live-Editor mit der Erstellung eines QR-Code-Widgets, das Sie auf der Webflow-Webseite hinzuf\u00fcgen m\u00f6chten. W\u00e4hlen Sie eine der vorgefertigten Vorlagen und \u00e4ndern Sie die QR-Code-Einstellungen, f\u00fcgen Sie Ihre Inhalte hinzu, \u00e4ndern Sie das Layout und das Farbschema \u2013 ganz ohne Programmierkenntnisse. Speichern Sie die Einstellungen, die Sie im QR-Code vorgenommen haben, und erhalten Sie den Code zur Installation, den Sie ganz einfach und kostenlos in jede Webflow-Site einf\u00fcgen k\u00f6nnen. Mit unserem benutzerfreundlichen Editor kann jeder Internetnutzer einen QR-Code erstellen und ihn einfach in jede Webflow-Homepage einf\u00fcgen. Sie m\u00fcssen weder bezahlen noch Ihre Kartendaten offenlegen, um den Elfsight-Service in Anspruch zu nehmen. Wenn Sie auf Probleme jeglicher Art sto\u00dfen, wenden Sie sich bitte an unsere Mitarbeiter des technischen Supports.<\/p> <\/div>\r\n\t\t\t\t\t<\/div>\r\n\t\t\t\t<\/div> <\/div><\/div>","protected":false},"excerpt":{"rendered":"","protected":false},"author":9,"featured_media":0,"parent":2499,"menu_order":0,"comment_status":"closed","ping_status":"closed","template":"templates\/template-application-platform.php","meta":{"publish_to_discourse":"","publish_post_category":"","wpdc_auto_publish_overridden":"","wpdc_topic_tags":"","wpdc_pin_topic":"","wpdc_pin_until":"","discourse_post_id":"","discourse_permalink":"","wpdc_publishing_response":"","wpdc_publishing_error":"","footnotes":""},"class_list":["post-9873","page","type-page","status-publish","hentry"],"yoast_head":"<!-- This site is optimized with the Yoast SEO plugin v25.3.1 - https:\/\/yoast.com\/wordpress\/plugins\/seo\/ -->\n<title>QR-Code-Generator \u2013 QR-Code-Widget zu Webflow hinzuf\u00fcgen [2025]<\/title>\n<meta name=\"description\" content=\"Erstellen Sie ganz einfach Ihren benutzerdefinierten QR-Code-Generator f\u00fcr die Webflow-Site. Wenden Sie einfach unsere aktive Demo an und Ihr Widget wird in weniger als zwei Minuten erstellt.\" \/>\n<meta name=\"robots\" content=\"index, follow, max-snippet:-1, max-image-preview:large, max-video-preview:-1\" \/>\n<link rel=\"canonical\" href=\"https:\/\/elfsight.com\/de\/qr-code-widget\/webflow\/\" \/>\n<meta property=\"og:locale\" content=\"de_DE\" \/>\n<meta property=\"og:type\" content=\"article\" \/>\n<meta property=\"og:title\" content=\"QR-Code-Generator \u2013 QR-Code-Widget zu Webflow hinzuf\u00fcgen [2025]\" \/>\n<meta property=\"og:description\" content=\"Erstellen Sie ganz einfach Ihren benutzerdefinierten QR-Code-Generator f\u00fcr die Webflow-Site. Wenden Sie einfach unsere aktive Demo an und Ihr Widget wird in weniger als zwei Minuten erstellt.\" \/>\n<meta property=\"og:url\" content=\"https:\/\/elfsight.com\/de\/qr-code-widget\/webflow\/\" \/>\n<meta property=\"og:site_name\" content=\"Elfsight DE\" \/>\n<meta property=\"article:modified_time\" content=\"2025-07-09T14:20:04+00:00\" \/>\n<meta name=\"twitter:card\" content=\"summary_large_image\" \/>\n<meta name=\"twitter:label1\" content=\"Gesch\u00e4tzte Lesezeit\" \/>\n\t<meta name=\"twitter:data1\" content=\"3\u00a0Minuten\" \/>\n<!-- \/ Yoast SEO plugin. -->","yoast_head_json":{"title":"QR-Code-Generator \u2013 QR-Code-Widget zu Webflow hinzuf\u00fcgen [2025]","description":"Erstellen Sie ganz einfach Ihren benutzerdefinierten QR-Code-Generator f\u00fcr die Webflow-Site. Wenden Sie einfach unsere aktive Demo an und Ihr Widget wird in weniger als zwei Minuten erstellt.","robots":{"index":"index","follow":"follow","max-snippet":"max-snippet:-1","max-image-preview":"max-image-preview:large","max-video-preview":"max-video-preview:-1"},"canonical":"https:\/\/elfsight.com\/de\/qr-code-widget\/webflow\/","og_locale":"de_DE","og_type":"article","og_title":"QR-Code-Generator \u2013 QR-Code-Widget zu Webflow hinzuf\u00fcgen [2025]","og_description":"Erstellen Sie ganz einfach Ihren benutzerdefinierten QR-Code-Generator f\u00fcr die Webflow-Site. Wenden Sie einfach unsere aktive Demo an und Ihr Widget wird in weniger als zwei Minuten erstellt.","og_url":"https:\/\/elfsight.com\/de\/qr-code-widget\/webflow\/","og_site_name":"Elfsight DE","article_modified_time":"2025-07-09T14:20:04+00:00","twitter_card":"summary_large_image","twitter_misc":{"Gesch\u00e4tzte Lesezeit":"3\u00a0Minuten"},"schema":{"@context":"https:\/\/schema.org","@graph":[{"@type":"WebPage","@id":"https:\/\/elfsight.com\/de\/qr-code-widget\/webflow\/","url":"https:\/\/elfsight.com\/de\/qr-code-widget\/webflow\/","name":"QR-Code-Generator \u2013 QR-Code-Widget zu Webflow hinzuf\u00fcgen [2025]","isPartOf":{"@id":"https:\/\/elfsight.com\/de\/#website"},"datePublished":"1970-01-01T00:00:00+00:00","dateModified":"2025-07-09T14:20:04+00:00","description":"Erstellen Sie ganz einfach Ihren benutzerdefinierten QR-Code-Generator f\u00fcr die Webflow-Site. Wenden Sie einfach unsere aktive Demo an und Ihr Widget wird in weniger als zwei Minuten erstellt.","breadcrumb":{"@id":"https:\/\/elfsight.com\/de\/qr-code-widget\/webflow\/#breadcrumb"},"inLanguage":"de","potentialAction":[{"@type":"ReadAction","target":["https:\/\/elfsight.com\/de\/qr-code-widget\/webflow\/"]}]},{"@type":"BreadcrumbList","@id":"https:\/\/elfsight.com\/de\/qr-code-widget\/webflow\/#breadcrumb","itemListElement":[{"@type":"ListItem","position":1,"name":"Home","item":"https:\/\/elfsight.com\/de\/"},{"@type":"ListItem","position":2,"name":"QR Code","item":"https:\/\/elfsight.com\/de\/qr-code-widget\/"},{"@type":"ListItem","position":3,"name":"QR Code &#8211; Webflow"}]},{"@type":"WebSite","@id":"https:\/\/elfsight.com\/de\/#website","url":"https:\/\/elfsight.com\/de\/","name":"Elfsight DE","description":"Just another Elfsight Sites site","potentialAction":[{"@type":"SearchAction","target":{"@type":"EntryPoint","urlTemplate":"https:\/\/elfsight.com\/de\/?s={search_term_string}"},"query-input":{"@type":"PropertyValueSpecification","valueRequired":true,"valueName":"search_term_string"}}],"inLanguage":"de"}]}},"meta_box":{"industry":"","seo_heading":"","heading":"","description":"","cta_heading":"","cta_description":"","application":"512","h1":"Webflow-QR-Code-Generator","h1_caption":"Generieren und zeigen Sie m\u00fchelos einen QR-Code f\u00fcr den einfachen Zugriff auf URLs, WLAN, Visitenkarten und mehr auf Ihrer Webflow-Website an.","application_category":[],"applications_title":"","applications_request_title":"","applications_request_button_text":"","hero_text":"","hero_video":"","hero_video_schema_markup":"","selling_points_title":"","selling_points_caption":"","selling_points":[],"selling_points_cta_text":"","features_title":"","features":"","ed_cta_examples_text":"","ed_cta_examples_hidden":"","ed_cta_demo_text":"","ed_cta_demo_hidden":"","why_caption":"","why_editor_title":"","why_editor_text":"","why_team_title":"","why_team_text":"","why_service_title":"","why_service_text":"","template_catalog_visible":"","template_catalog_title":"","template_catalog_text":"","template_catalog_categories_visible":"","demo_title":"Erstellen Sie Ihr QR-Code-Widget","demo_caption":"Konfigurieren Sie Ihren QR-Code und f\u00fcgen Sie ihn kostenlos zu Ihrer Webflow-Website hinzu!","default_faq_hidden":"","app_template_category":[],"platform":"250","template_public_id":"","codecanyon_url":"","codecanyon_item_id":"","codecanyon_price":"","pricing_caption":"","pricing_elfsight_apps_hide_column":"","pricing_elfsight_apps_url":"","pricing_codecanyon_price_caption":"","integration_category":[],"integration_request_title":"","integration_request_cta":"","integration_platform":"","integrations":[],"platform_category":[],"video_schema_markup":"","price":"ab 0 $ \/ Monat","trial":"","benefits":[{"text":"Kostenloser Installationsservice"},{"text":"Au\u00dfergew\u00f6hnliche Unterst\u00fctzung"},{"text":"14-t\u00e4gige Geld-zur\u00fcck-Garantie"},{"text":"Fortlaufende Entwicklung"}],"button_url":"#demo","button_target_blank":"","button_nofollow":"","attributes":[{"name":"Installiert","content":"10,000 - 100,000"},{"name":"Reaktionsfreudig","content":"Ja"},{"name":"Kompatible Browser","content":"Safari, Firefox, Chrome, Edge, Opera"}],"tags":[],"tags_disable_links":"","hide_more_platforms":"","video_object":"","demo_hide_cta":"","demo_hide_cloud_options":"","pricing_title":"","pricing":[{"pricing_icon":"platform","pricing_title":"Elfsight Apps","pricing_title_caption":"Plattform\u00fcbergreifende L\u00f6sung, die f\u00fcr jede Website geeignet ist","pricing_price":"ab 0 $ \/ Monat","pricing_price_caption":"Beginnen Sie mit einem kostenlosen Plan","pricing_benefits":[{"text":"Unbegrenzte Anzahl an Domains"},{"text":"Kostenloser und p\u00fcnktlicher Support"},{"text":"Kostenlose Installationshilfe"},{"text":"Sonderangebot f\u00fcr mehrere Apps"}],"pricing_button_text":"Zur Website hinzuf\u00fcgen","pricing_button_url":"#demo"}],"related_apps_title":"","related_apps_hidden":"","author":"","image":[],"title":"","job":"","social_networks":[]},"_links":{"self":[{"href":"https:\/\/elfsight.com\/de\/wp-json\/wp\/v2\/pages\/9873","targetHints":{"allow":["GET"]}}],"collection":[{"href":"https:\/\/elfsight.com\/de\/wp-json\/wp\/v2\/pages"}],"about":[{"href":"https:\/\/elfsight.com\/de\/wp-json\/wp\/v2\/types\/page"}],"author":[{"embeddable":true,"href":"https:\/\/elfsight.com\/de\/wp-json\/wp\/v2\/users\/9"}],"replies":[{"embeddable":true,"href":"https:\/\/elfsight.com\/de\/wp-json\/wp\/v2\/comments?post=9873"}],"version-history":[{"count":1,"href":"https:\/\/elfsight.com\/de\/wp-json\/wp\/v2\/pages\/9873\/revisions"}],"predecessor-version":[{"id":9877,"href":"https:\/\/elfsight.com\/de\/wp-json\/wp\/v2\/pages\/9873\/revisions\/9877"}],"up":[{"embeddable":true,"href":"https:\/\/elfsight.com\/de\/wp-json\/wp\/v2\/pages\/2499"}],"wp:attachment":[{"href":"https:\/\/elfsight.com\/de\/wp-json\/wp\/v2\/media?parent=9873"}],"curies":[{"name":"wp","href":"https:\/\/api.w.org\/{rel}","templated":true}]}}