{"id":9866,"date":"1970-01-01T00:00:00","date_gmt":"1970-01-01T00:00:00","guid":{"rendered":"https:\/\/elfsight.com\/de\/?page_id=9866"},"modified":"2025-07-09T14:20:22","modified_gmt":"2025-07-09T14:20:22","slug":"wix","status":"publish","type":"page","link":"https:\/\/elfsight.com\/de\/qr-code-widget\/wix\/","title":{"rendered":"QR Code &#8211; Wix"},"content":{"rendered":"<div class=\"application-platform-content-item-description application-platform-content-item\" id=\"description\" data-nav-section=\"description\"> <h2>Beschreibung<\/h2> <p>Der QR-Code-Generator ist ein leistungsstarkes Tool f\u00fcr Wix, mit dem Sie Ihre Besucher schnell auf jede Website umleiten und teilen k\u00f6nnen eine URL, einen Standort, eine E-Mail, eine Datei und mehr. Das Plugin ist hochgradig anpassbar: Sie k\u00f6nnen einen Titel oder eine erl\u00e4uternde Bildunterschrift hinzuf\u00fcgen, das Symbol und das Logo aus unserer Bibliothek ausw\u00e4hlen oder ein eigenes verwenden, den Text, den Hintergrund und den Rahmen neu einf\u00e4rben und die Gr\u00f6\u00dfe nach Bedarf \u00e4ndern. Sie m\u00fcssen lediglich mit der Erstellung Ihrer personalisierten Funktion beginnen \u2013 die Installation ist unkompliziert und erfordert keine Programmierkenntnisse. <\/p> <p><b>Betten Sie den Elfsight-QR-Code in Ihre Webseite ein und leiten Sie Benutzer direkt dorthin weiter, wo Sie sie ben\u00f6tigen, und optimieren Sie den Inhaltskonsum<\/b><\/p> <\/div> <div class=\"application-platform-content-item- Funktionen application-platform-content-item\" id=\" Funktionen\" data-nav-section=\" Funktionen\"> <h2>Dies sind nur einige der umfangreichen App-Funktionen: <\/h2> <ul><li>Sofortiger Zugriff auf von Ihnen hochgeladene Inhalte<\/li><li>F\u00fcgen Sie beliebigen Text hinzu<\/li><li>Acht umschaltbare Logos<\/li><li>15 umschaltbare Symbole verf\u00fcgbar<\/li><li>Alle Teile des Widgets neu einf\u00e4rben<\/li><\/ul><p><a href=\"#demo\">Alles erkunden Anpassungsoptionen in voll funktionsf\u00e4higer Demo<\/a><\/p> <\/div> <div class=\"application-platform-content-item-installation application-platform-content-item\" id=\"installation\" data-nav-section=\"installation\"> <h2>Wie f\u00fcge ich QR-Code zur Website von Wix hinzu?<\/h2> <p>Nehmen Sie einfach ein paar davon F\u00fchren Sie die unten beschriebenen Schritte aus, um die App zu integrieren. <\/p> <ol><li><b>Verwalten Sie unsere kostenlose Demo und beginnen Sie mit der Gestaltung Ihres pers\u00f6nlichen Instruments.<\/b><br> Finden Sie das bevorzugte Layout und die Funktionsmerkmale der App und speichern Sie die \u00c4nderungen.<\/li> <li><b>Holen Sie sich Ihren individuellen Code, der im Fenster von Elfsight Apps angezeigt wird.<\/b><br> Nachdem die Generierung Ihres pers\u00f6nlichen Werkzeugs abgeschlossen ist, kopieren Sie den pers\u00f6nlichen Code aus dem erscheinenden Feld und speichern Sie ihn zur weiteren Verwendung .<\/li> <li><b>Initiieren Sie die Verwendung des Tools auf der Website von Wix.<\/b><br> F\u00fcgen Sie den zuvor gespeicherten Code auf Ihrer Website ein und speichern Sie die \u00c4nderungen.<\/li> <li><b>Die Installation ist vollst\u00e4ndig abgeschlossen.<\/b><br> Besuchen Sie Ihre Seite, um einen Blick auf die Funktionsweise des Widgets zu werfen.<\/li><\/ol> <p>Vorausgesetzt, dass Sie Fragen haben oder auf Komplikationen sto\u00dfen, Bitte kontaktieren Sie unser Support-Team. Unsere Mitarbeiter helfen Ihnen gerne bei allen Problemen, die Sie mit dem Plugin haben k\u00f6nnten. <\/p> <div class=\"faq\" data-component=\"FAQ\"><div class=\"faq-item\">\r\n\t\t\t\t\t<div class=\"faq-item-question\">\r\n\t\t\t\t\t\t<h3 class=\"faq-item-question-text\">Wie ist es m\u00f6glich, ohne Programmierkenntnisse einen QR-Code zu meiner Wix-Webseite hinzuzuf\u00fcgen?<\/h3>\r\n\r\n\t\t\t\t\t\t<div class=\"faq-item-question-icon\"><\/div>\r\n\t\t\t\t\t<\/div>\r\n\r\n\t\t\t\t\t<div class=\"faq-item-answer\">\r\n\t\t\t\t\t\t<div class=\"faq-item-answer-text\"> <p>Elfsight bietet eine L\u00f6sung, mit der Sie selbst einen QR-Code-Abschnitt erstellen k\u00f6nnen , sehen Sie sich die einfachen Anweisungen an: Beginnen Sie direkt im Online-Editor mit der Erstellung einer QR-Code-App, die Sie auf der Wix-Homepage einbinden m\u00f6chten. W\u00e4hlen Sie eine unserer vorgefertigten Vorlagen aus und passen Sie die QR-Code-Einstellungen an, \u00e4ndern Sie das Layout und die Farben einschlie\u00dflich Ihrer Inhalte, ohne Programmierkenntnisse. Speichern Sie die von Ihnen vorgenommenen Einstellungen im QR-Code und erhalten Sie den Installationscode, der einfach und kostenlos in die Wix-Webseite eingebettet werden kann. Mit unserem unkomplizierten Konfigurator kann jeder Internetnutzer online eine QR-Code-App erstellen und diese einfach auf der Wix-Website einf\u00fcgen. Sie m\u00fcssen weder bezahlen noch Ihre Kartendaten \u00fcbermitteln, um auf unseren Editor zuzugreifen. Sollten bei irgendeinem Schritt Probleme auftreten, sprechen Sie bitte mit unserem Support-Personal.<\/p> <\/div>\r\n\t\t\t\t\t<\/div>\r\n\t\t\t\t<\/div> <\/div><\/div>","protected":false},"excerpt":{"rendered":"","protected":false},"author":9,"featured_media":0,"parent":2499,"menu_order":0,"comment_status":"closed","ping_status":"closed","template":"templates\/template-application-platform.php","meta":{"publish_to_discourse":"","publish_post_category":"","wpdc_auto_publish_overridden":"","wpdc_topic_tags":"","wpdc_pin_topic":"","wpdc_pin_until":"","discourse_post_id":"","discourse_permalink":"","wpdc_publishing_response":"","wpdc_publishing_error":"","footnotes":""},"class_list":["post-9866","page","type-page","status-publish","hentry"],"yoast_head":"<!-- This site is optimized with the Yoast SEO plugin v25.3.1 - https:\/\/yoast.com\/wordpress\/plugins\/seo\/ -->\n<title>QR-Code-Generator \u2013 QR-Code zur Website von Wix hinzuf\u00fcgen [2025]<\/title>\n<meta name=\"description\" content=\"Erstellen Sie ganz einfach Ihren einzigartigen QR-Code-Generator f\u00fcr die Wix-Webseite. Nutzen Sie einfach unsere praktische Demo und Ihre App ist in weniger als einer Minute fertig.\" \/>\n<meta name=\"robots\" content=\"index, follow, max-snippet:-1, max-image-preview:large, max-video-preview:-1\" \/>\n<link rel=\"canonical\" href=\"https:\/\/elfsight.com\/de\/qr-code-widget\/wix\/\" \/>\n<meta property=\"og:locale\" content=\"de_DE\" \/>\n<meta property=\"og:type\" content=\"article\" \/>\n<meta property=\"og:title\" content=\"QR-Code-Generator \u2013 QR-Code zur Website von Wix hinzuf\u00fcgen [2025]\" \/>\n<meta property=\"og:description\" content=\"Erstellen Sie ganz einfach Ihren einzigartigen QR-Code-Generator f\u00fcr die Wix-Webseite. Nutzen Sie einfach unsere praktische Demo und Ihre App ist in weniger als einer Minute fertig.\" \/>\n<meta property=\"og:url\" content=\"https:\/\/elfsight.com\/de\/qr-code-widget\/wix\/\" \/>\n<meta property=\"og:site_name\" content=\"Elfsight DE\" \/>\n<meta property=\"article:modified_time\" content=\"2025-07-09T14:20:22+00:00\" \/>\n<meta name=\"twitter:card\" content=\"summary_large_image\" \/>\n<meta name=\"twitter:label1\" content=\"Gesch\u00e4tzte Lesezeit\" \/>\n\t<meta name=\"twitter:data1\" content=\"3\u00a0Minuten\" \/>\n<!-- \/ Yoast SEO plugin. -->","yoast_head_json":{"title":"QR-Code-Generator \u2013 QR-Code zur Website von Wix hinzuf\u00fcgen [2025]","description":"Erstellen Sie ganz einfach Ihren einzigartigen QR-Code-Generator f\u00fcr die Wix-Webseite. Nutzen Sie einfach unsere praktische Demo und Ihre App ist in weniger als einer Minute fertig.","robots":{"index":"index","follow":"follow","max-snippet":"max-snippet:-1","max-image-preview":"max-image-preview:large","max-video-preview":"max-video-preview:-1"},"canonical":"https:\/\/elfsight.com\/de\/qr-code-widget\/wix\/","og_locale":"de_DE","og_type":"article","og_title":"QR-Code-Generator \u2013 QR-Code zur Website von Wix hinzuf\u00fcgen [2025]","og_description":"Erstellen Sie ganz einfach Ihren einzigartigen QR-Code-Generator f\u00fcr die Wix-Webseite. Nutzen Sie einfach unsere praktische Demo und Ihre App ist in weniger als einer Minute fertig.","og_url":"https:\/\/elfsight.com\/de\/qr-code-widget\/wix\/","og_site_name":"Elfsight DE","article_modified_time":"2025-07-09T14:20:22+00:00","twitter_card":"summary_large_image","twitter_misc":{"Gesch\u00e4tzte Lesezeit":"3\u00a0Minuten"},"schema":{"@context":"https:\/\/schema.org","@graph":[{"@type":"WebPage","@id":"https:\/\/elfsight.com\/de\/qr-code-widget\/wix\/","url":"https:\/\/elfsight.com\/de\/qr-code-widget\/wix\/","name":"QR-Code-Generator \u2013 QR-Code zur Website von Wix hinzuf\u00fcgen [2025]","isPartOf":{"@id":"https:\/\/elfsight.com\/de\/#website"},"datePublished":"1970-01-01T00:00:00+00:00","dateModified":"2025-07-09T14:20:22+00:00","description":"Erstellen Sie ganz einfach Ihren einzigartigen QR-Code-Generator f\u00fcr die Wix-Webseite. Nutzen Sie einfach unsere praktische Demo und Ihre App ist in weniger als einer Minute fertig.","breadcrumb":{"@id":"https:\/\/elfsight.com\/de\/qr-code-widget\/wix\/#breadcrumb"},"inLanguage":"de","potentialAction":[{"@type":"ReadAction","target":["https:\/\/elfsight.com\/de\/qr-code-widget\/wix\/"]}]},{"@type":"BreadcrumbList","@id":"https:\/\/elfsight.com\/de\/qr-code-widget\/wix\/#breadcrumb","itemListElement":[{"@type":"ListItem","position":1,"name":"Home","item":"https:\/\/elfsight.com\/de\/"},{"@type":"ListItem","position":2,"name":"QR Code","item":"https:\/\/elfsight.com\/de\/qr-code-widget\/"},{"@type":"ListItem","position":3,"name":"QR Code &#8211; Wix"}]},{"@type":"WebSite","@id":"https:\/\/elfsight.com\/de\/#website","url":"https:\/\/elfsight.com\/de\/","name":"Elfsight DE","description":"Just another Elfsight Sites site","potentialAction":[{"@type":"SearchAction","target":{"@type":"EntryPoint","urlTemplate":"https:\/\/elfsight.com\/de\/?s={search_term_string}"},"query-input":{"@type":"PropertyValueSpecification","valueRequired":true,"valueName":"search_term_string"}}],"inLanguage":"de"}]}},"meta_box":{"industry":"","seo_heading":"","heading":"","description":"","cta_heading":"","cta_description":"","application":"512","h1":"Wix QR-Code-App","h1_caption":"Generieren und zeigen Sie m\u00fchelos einen QR-Code f\u00fcr den einfachen Zugriff auf URLs, WLAN, Visitenkarten und mehr auf Ihrer Wix-Website an.","application_category":[],"applications_title":"","applications_request_title":"","applications_request_button_text":"","hero_text":"","hero_video":"","hero_video_schema_markup":"","selling_points_title":"","selling_points_caption":"","selling_points":[],"selling_points_cta_text":"","features_title":"","features":"","ed_cta_examples_text":"","ed_cta_examples_hidden":"","ed_cta_demo_text":"","ed_cta_demo_hidden":"","why_caption":"","why_editor_title":"","why_editor_text":"","why_team_title":"","why_team_text":"","why_service_title":"","why_service_text":"","template_catalog_visible":"","template_catalog_title":"","template_catalog_text":"","template_catalog_categories_visible":"","demo_title":"Erstellen Sie Ihre QR-Code-App","demo_caption":"Konfigurieren Sie Ihren QR-Code und f\u00fcgen Sie ihn kostenlos zu Ihrer Wix-Website hinzu!","default_faq_hidden":"","app_template_category":[],"platform":"265","template_public_id":"","codecanyon_url":"","codecanyon_item_id":"","codecanyon_price":"","pricing_caption":"","pricing_elfsight_apps_hide_column":"","pricing_elfsight_apps_url":"","pricing_codecanyon_price_caption":"","integration_category":[],"integration_request_title":"","integration_request_cta":"","integration_platform":"","integrations":[],"platform_category":[],"video_schema_markup":"","price":"ab 0 $ \/ Monat","trial":"","benefits":[{"text":"Kostenloser Installationsservice"},{"text":"Premium-Support"},{"text":"14-t\u00e4gige Geld-zur\u00fcck-Garantie"},{"text":"Laufende Updates"}],"button_url":"#demo","button_target_blank":"","button_nofollow":"","attributes":[{"name":"Installiert","content":"10,000 - 100,000"},{"name":"Reaktionsfreudig","content":"Ja"},{"name":"Kompatible Browser","content":"Opera, Firefox, Safari, Chrome, Edge"}],"tags":[],"tags_disable_links":"","hide_more_platforms":"","video_object":"","demo_hide_cta":"","demo_hide_cloud_options":"","pricing_title":"","pricing":[{"pricing_icon":"platform","pricing_title":"Elfsight Apps","pricing_title_caption":"Plattform\u00fcbergreifende Software, die auf jeder Website funktioniert","pricing_price":"ab 0 $ \/ Monat","pricing_price_caption":"Beginnen Sie mit einem kostenlosen Plan","pricing_benefits":[{"text":"Unbegrenzte Anzahl an Domains"},{"text":"Engagierte Unterst\u00fctzung"},{"text":"Kostenloser Installationssupport"},{"text":"Vollst\u00e4ndig anpassbar"}],"pricing_button_text":"Zur Website hinzuf\u00fcgen","pricing_button_url":"#demo"}],"related_apps_title":"","related_apps_hidden":"","author":"","image":[],"title":"","job":"","social_networks":[]},"_links":{"self":[{"href":"https:\/\/elfsight.com\/de\/wp-json\/wp\/v2\/pages\/9866","targetHints":{"allow":["GET"]}}],"collection":[{"href":"https:\/\/elfsight.com\/de\/wp-json\/wp\/v2\/pages"}],"about":[{"href":"https:\/\/elfsight.com\/de\/wp-json\/wp\/v2\/types\/page"}],"author":[{"embeddable":true,"href":"https:\/\/elfsight.com\/de\/wp-json\/wp\/v2\/users\/9"}],"replies":[{"embeddable":true,"href":"https:\/\/elfsight.com\/de\/wp-json\/wp\/v2\/comments?post=9866"}],"version-history":[{"count":2,"href":"https:\/\/elfsight.com\/de\/wp-json\/wp\/v2\/pages\/9866\/revisions"}],"predecessor-version":[{"id":21798,"href":"https:\/\/elfsight.com\/de\/wp-json\/wp\/v2\/pages\/9866\/revisions\/21798"}],"up":[{"embeddable":true,"href":"https:\/\/elfsight.com\/de\/wp-json\/wp\/v2\/pages\/2499"}],"wp:attachment":[{"href":"https:\/\/elfsight.com\/de\/wp-json\/wp\/v2\/media?parent=9866"}],"curies":[{"name":"wp","href":"https:\/\/api.w.org\/{rel}","templated":true}]}}